{"id":4332,"date":"2022-02-20T08:26:42","date_gmt":"2022-02-20T08:26:42","guid":{"rendered":"https:\/\/medicinasinc.com\/sl\/?post_type=product&#038;p=4332"},"modified":"2022-03-19T01:08:59","modified_gmt":"2022-03-19T01:08:59","slug":"kupi-1000mg-thc-tinkture-keey-z-okusom","status":"publish","type":"product","link":"https:\/\/medicinasinc.com\/sl\/product\/kupi-1000mg-thc-tinkture-keey-z-okusom\/","title":{"rendered":"Kupite 1000 mg tinkture z okusom THC \u2013 Keey"},"content":{"rendered":"<h1>Kupite 1000 mg tinkture z okusom THC \u2013 Keey<\/h1>\n<p>Meta, borovnica, \u010de\u0161nja, zeleno jabolko, mango, pomaran\u010da, jagoda, lubenica<\/p>\n","protected":false},"excerpt":{"rendered":"<p>Kupite 1000 mg tinkture z okusom THC &#8211; Keey za prodajo v spletu v Evropi, Zdru\u017eeno kraljestvo iz najve\u010dje spletne ambulante, Buy My Weed Online.<\/p>\n<ul>\n<li>Po\u0161iljanje po vsem svetu<\/li>\n<li>Najmanj\u0161a koli\u010dina naro\u010dila je 5 steklenic.<\/li>\n<li> Za ve\u010dja naro\u010dila nas kontaktirajte<\/li>\n<\/ul>\n","protected":false},"featured_media":4362,"comment_status":"open","ping_status":"closed","template":"","meta":[],"product_brand":[],"product_cat":[440],"product_tag":[],"class_list":{"0":"post-4332","1":"product","2":"type-product","3":"status-publish","4":"has-post-thumbnail","6":"product_cat-kupi-konopljino-cbd-olje","8":"first","9":"instock","10":"shipping-taxable","11":"purchasable","12":"product-type-simple"},"yoast_head":"<!-- This site is optimized with the Yoast SEO plugin v27.3 - https:\/\/yoast.com\/product\/yoast-seo-wordpress\/ -->\n<title>Kupite 1000 mg tinkture z okusom THC \u2013 Keey \u2013 najbolj\u0161a zdravila na svetu<\/title>\n<meta name=\"description\" content=\"Kupite 1000 mg tinkture z okusom THC - Keey za prodajo na spletu Evropa, Zdru\u017eeno kraljestvo v najve\u010dji spletni ambulanti, Buy My Weed Online.\" \/>\n<meta name=\"robots\" content=\"index, follow, max-snippet:-1, max-image-preview:large, max-video-preview:-1\" \/>\n<link rel=\"canonical\" href=\"https:\/\/medicinasinc.com\/sl\/product\/kupi-1000mg-thc-tinkture-keey-z-okusom\/\" \/>\n<meta property=\"og:locale\" content=\"en_US\" \/>\n<meta property=\"og:type\" content=\"article\" \/>\n<meta property=\"og:title\" content=\"Kupite 1000 mg tinkture z okusom THC \u2013 Keey \u2013 najbolj\u0161a zdravila na svetu\" \/>\n<meta property=\"og:description\" content=\"Kupite 1000 mg tinkture z okusom THC - Keey za prodajo na spletu Evropa, Zdru\u017eeno kraljestvo v najve\u010dji spletni ambulanti, Buy My Weed Online.\" \/>\n<meta property=\"og:url\" content=\"https:\/\/medicinasinc.com\/sl\/product\/kupi-1000mg-thc-tinkture-keey-z-okusom\/\" \/>\n<meta property=\"og:site_name\" content=\"Medicinas Inc\" \/>\n<meta property=\"article:modified_time\" content=\"2022-03-19T01:08:59+00:00\" \/>\n<meta property=\"og:image\" content=\"https:\/\/medicinasinc.com\/sl\/wp-content\/uploads\/sites\/7\/2022\/02\/Buy-1000mg-THC-Flavoured-Tincture.jpg\" \/>\n\t<meta property=\"og:image:width\" content=\"600\" \/>\n\t<meta property=\"og:image:height\" content=\"600\" \/>\n\t<meta property=\"og:image:type\" content=\"image\/jpeg\" \/>\n<meta name=\"twitter:card\" content=\"summary_large_image\" \/>\n<meta name=\"twitter:label1\" content=\"Est. reading time\" \/>\n\t<meta name=\"twitter:data1\" content=\"1 minute\" \/>\n<script type=\"application\/ld+json\" class=\"yoast-schema-graph\">{\"@context\":\"https:\\\/\\\/schema.org\",\"@graph\":[{\"@type\":\"WebPage\",\"@id\":\"https:\\\/\\\/medicinasinc.com\\\/sl\\\/product\\\/kupi-1000mg-thc-tinkture-keey-z-okusom\\\/\",\"url\":\"https:\\\/\\\/medicinasinc.com\\\/sl\\\/product\\\/kupi-1000mg-thc-tinkture-keey-z-okusom\\\/\",\"name\":\"Kupite 1000 mg tinkture z okusom THC \u2013 Keey \u2013 najbolj\u0161a zdravila na svetu\",\"isPartOf\":{\"@id\":\"https:\\\/\\\/medicinasinc.com\\\/sl\\\/#website\"},\"primaryImageOfPage\":{\"@id\":\"https:\\\/\\\/medicinasinc.com\\\/sl\\\/product\\\/kupi-1000mg-thc-tinkture-keey-z-okusom\\\/#primaryimage\"},\"image\":{\"@id\":\"https:\\\/\\\/medicinasinc.com\\\/sl\\\/product\\\/kupi-1000mg-thc-tinkture-keey-z-okusom\\\/#primaryimage\"},\"thumbnailUrl\":\"https:\\\/\\\/medicinasinc.com\\\/sl\\\/wp-content\\\/uploads\\\/sites\\\/7\\\/2022\\\/02\\\/Buy-1000mg-THC-Flavoured-Tincture.jpg\",\"datePublished\":\"2022-02-20T08:26:42+00:00\",\"dateModified\":\"2022-03-19T01:08:59+00:00\",\"description\":\"Kupite 1000 mg tinkture z okusom THC - Keey za prodajo na spletu Evropa, Zdru\u017eeno kraljestvo v najve\u010dji spletni ambulanti, Buy My Weed Online.\",\"breadcrumb\":{\"@id\":\"https:\\\/\\\/medicinasinc.com\\\/sl\\\/product\\\/kupi-1000mg-thc-tinkture-keey-z-okusom\\\/#breadcrumb\"},\"inLanguage\":\"en-US\",\"potentialAction\":[{\"@type\":\"ReadAction\",\"target\":[\"https:\\\/\\\/medicinasinc.com\\\/sl\\\/product\\\/kupi-1000mg-thc-tinkture-keey-z-okusom\\\/\"]}]},{\"@type\":\"ImageObject\",\"inLanguage\":\"en-US\",\"@id\":\"https:\\\/\\\/medicinasinc.com\\\/sl\\\/product\\\/kupi-1000mg-thc-tinkture-keey-z-okusom\\\/#primaryimage\",\"url\":\"https:\\\/\\\/medicinasinc.com\\\/sl\\\/wp-content\\\/uploads\\\/sites\\\/7\\\/2022\\\/02\\\/Buy-1000mg-THC-Flavoured-Tincture.jpg\",\"contentUrl\":\"https:\\\/\\\/medicinasinc.com\\\/sl\\\/wp-content\\\/uploads\\\/sites\\\/7\\\/2022\\\/02\\\/Buy-1000mg-THC-Flavoured-Tincture.jpg\",\"width\":600,\"height\":600},{\"@type\":\"BreadcrumbList\",\"@id\":\"https:\\\/\\\/medicinasinc.com\\\/sl\\\/product\\\/kupi-1000mg-thc-tinkture-keey-z-okusom\\\/#breadcrumb\",\"itemListElement\":[{\"@type\":\"ListItem\",\"position\":1,\"name\":\"Nakupujte\",\"item\":\"https:\\\/\\\/medicinasinc.com\\\/sl\\\/nakupujte\\\/\"},{\"@type\":\"ListItem\",\"position\":2,\"name\":\"Kupite 1000 mg tinkture z okusom THC \u2013 Keey\"}]},{\"@type\":\"WebSite\",\"@id\":\"https:\\\/\\\/medicinasinc.com\\\/sl\\\/#website\",\"url\":\"https:\\\/\\\/medicinasinc.com\\\/sl\\\/\",\"name\":\"Medicinas Inc\",\"description\":\"Health Medical Clinic\",\"potentialAction\":[{\"@type\":\"SearchAction\",\"target\":{\"@type\":\"EntryPoint\",\"urlTemplate\":\"https:\\\/\\\/medicinasinc.com\\\/sl\\\/?s={search_term_string}\"},\"query-input\":{\"@type\":\"PropertyValueSpecification\",\"valueRequired\":true,\"valueName\":\"search_term_string\"}}],\"inLanguage\":\"en-US\"}]}<\/script>\n<!-- \/ Yoast SEO plugin. -->","yoast_head_json":{"title":"Kupite 1000 mg tinkture z okusom THC \u2013 Keey \u2013 najbolj\u0161a zdravila na svetu","description":"Kupite 1000 mg tinkture z okusom THC - Keey za prodajo na spletu Evropa, Zdru\u017eeno kraljestvo v najve\u010dji spletni ambulanti, Buy My Weed Online.","robots":{"index":"index","follow":"follow","max-snippet":"max-snippet:-1","max-image-preview":"max-image-preview:large","max-video-preview":"max-video-preview:-1"},"canonical":"https:\/\/medicinasinc.com\/sl\/product\/kupi-1000mg-thc-tinkture-keey-z-okusom\/","og_locale":"en_US","og_type":"article","og_title":"Kupite 1000 mg tinkture z okusom THC \u2013 Keey \u2013 najbolj\u0161a zdravila na svetu","og_description":"Kupite 1000 mg tinkture z okusom THC - Keey za prodajo na spletu Evropa, Zdru\u017eeno kraljestvo v najve\u010dji spletni ambulanti, Buy My Weed Online.","og_url":"https:\/\/medicinasinc.com\/sl\/product\/kupi-1000mg-thc-tinkture-keey-z-okusom\/","og_site_name":"Medicinas Inc","article_modified_time":"2022-03-19T01:08:59+00:00","og_image":[{"width":600,"height":600,"url":"https:\/\/medicinasinc.com\/sl\/wp-content\/uploads\/sites\/7\/2022\/02\/Buy-1000mg-THC-Flavoured-Tincture.jpg","type":"image\/jpeg"}],"twitter_card":"summary_large_image","twitter_misc":{"Est. reading time":"1 minute"},"schema":{"@context":"https:\/\/schema.org","@graph":[{"@type":"WebPage","@id":"https:\/\/medicinasinc.com\/sl\/product\/kupi-1000mg-thc-tinkture-keey-z-okusom\/","url":"https:\/\/medicinasinc.com\/sl\/product\/kupi-1000mg-thc-tinkture-keey-z-okusom\/","name":"Kupite 1000 mg tinkture z okusom THC \u2013 Keey \u2013 najbolj\u0161a zdravila na svetu","isPartOf":{"@id":"https:\/\/medicinasinc.com\/sl\/#website"},"primaryImageOfPage":{"@id":"https:\/\/medicinasinc.com\/sl\/product\/kupi-1000mg-thc-tinkture-keey-z-okusom\/#primaryimage"},"image":{"@id":"https:\/\/medicinasinc.com\/sl\/product\/kupi-1000mg-thc-tinkture-keey-z-okusom\/#primaryimage"},"thumbnailUrl":"https:\/\/medicinasinc.com\/sl\/wp-content\/uploads\/sites\/7\/2022\/02\/Buy-1000mg-THC-Flavoured-Tincture.jpg","datePublished":"2022-02-20T08:26:42+00:00","dateModified":"2022-03-19T01:08:59+00:00","description":"Kupite 1000 mg tinkture z okusom THC - Keey za prodajo na spletu Evropa, Zdru\u017eeno kraljestvo v najve\u010dji spletni ambulanti, Buy My Weed Online.","breadcrumb":{"@id":"https:\/\/medicinasinc.com\/sl\/product\/kupi-1000mg-thc-tinkture-keey-z-okusom\/#breadcrumb"},"inLanguage":"en-US","potentialAction":[{"@type":"ReadAction","target":["https:\/\/medicinasinc.com\/sl\/product\/kupi-1000mg-thc-tinkture-keey-z-okusom\/"]}]},{"@type":"ImageObject","inLanguage":"en-US","@id":"https:\/\/medicinasinc.com\/sl\/product\/kupi-1000mg-thc-tinkture-keey-z-okusom\/#primaryimage","url":"https:\/\/medicinasinc.com\/sl\/wp-content\/uploads\/sites\/7\/2022\/02\/Buy-1000mg-THC-Flavoured-Tincture.jpg","contentUrl":"https:\/\/medicinasinc.com\/sl\/wp-content\/uploads\/sites\/7\/2022\/02\/Buy-1000mg-THC-Flavoured-Tincture.jpg","width":600,"height":600},{"@type":"BreadcrumbList","@id":"https:\/\/medicinasinc.com\/sl\/product\/kupi-1000mg-thc-tinkture-keey-z-okusom\/#breadcrumb","itemListElement":[{"@type":"ListItem","position":1,"name":"Nakupujte","item":"https:\/\/medicinasinc.com\/sl\/nakupujte\/"},{"@type":"ListItem","position":2,"name":"Kupite 1000 mg tinkture z okusom THC \u2013 Keey"}]},{"@type":"WebSite","@id":"https:\/\/medicinasinc.com\/sl\/#website","url":"https:\/\/medicinasinc.com\/sl\/","name":"Medicinas Inc","description":"Health Medical Clinic","potentialAction":[{"@type":"SearchAction","target":{"@type":"EntryPoint","urlTemplate":"https:\/\/medicinasinc.com\/sl\/?s={search_term_string}"},"query-input":{"@type":"PropertyValueSpecification","valueRequired":true,"valueName":"search_term_string"}}],"inLanguage":"en-US"}]}},"_links":{"self":[{"href":"https:\/\/medicinasinc.com\/sl\/wp-json\/wp\/v2\/product\/4332","targetHints":{"allow":["GET"]}}],"collection":[{"href":"https:\/\/medicinasinc.com\/sl\/wp-json\/wp\/v2\/product"}],"about":[{"href":"https:\/\/medicinasinc.com\/sl\/wp-json\/wp\/v2\/types\/product"}],"replies":[{"embeddable":true,"href":"https:\/\/medicinasinc.com\/sl\/wp-json\/wp\/v2\/comments?post=4332"}],"wp:featuredmedia":[{"embeddable":true,"href":"https:\/\/medicinasinc.com\/sl\/wp-json\/wp\/v2\/media\/4362"}],"wp:attachment":[{"href":"https:\/\/medicinasinc.com\/sl\/wp-json\/wp\/v2\/media?parent=4332"}],"wp:term":[{"taxonomy":"product_brand","embeddable":true,"href":"https:\/\/medicinasinc.com\/sl\/wp-json\/wp\/v2\/product_brand?post=4332"},{"taxonomy":"product_cat","embeddable":true,"href":"https:\/\/medicinasinc.com\/sl\/wp-json\/wp\/v2\/product_cat?post=4332"},{"taxonomy":"product_tag","embeddable":true,"href":"https:\/\/medicinasinc.com\/sl\/wp-json\/wp\/v2\/product_tag?post=4332"}],"curies":[{"name":"wp","href":"https:\/\/api.w.org\/{rel}","templated":true}]}}