{"id":3,"date":"2022-02-19T02:31:18","date_gmt":"2022-02-19T02:31:18","guid":{"rendered":"https:\/\/medicinasinc.com\/sl\/?page_id=3"},"modified":"2022-03-16T00:51:54","modified_gmt":"2022-03-16T00:51:54","slug":"pravila","status":"publish","type":"page","link":"https:\/\/medicinasinc.com\/sl\/pravila\/","title":{"rendered":"Zasebnost in pogoji"},"content":{"rendered":"<p>[vc_section][vc_row][vc_column][vc_row_inner][vc_column_inner][vc_custom_heading text=&#8221;Na\u0161e politike&#8221; font_container=&#8221;tag:h1|text_align:left&#8221; use_theme_fonts=&#8221;yes&#8221;][vc_separator align=&#8221;align_left&#8221; border_width=&#8221;2&#8243; el_width=&#8221;10&#8243;][\/vc_column_inner][\/vc_row_inner][\/vc_column][\/vc_row][vc_row][vc_column][vc_row_inner][vc_column_inner][vc_empty_space][vc_custom_heading text=&#8221;Imate vpra\u0161anje?&#8221; use_theme_fonts=&#8221;yes&#8221;][\/vc_column_inner][\/vc_row_inner][vc_row_inner][vc_column_inner][vc_column_text]Spodaj si oglejte najpogostej\u0161a vpra\u0161anja o zdravilih.<\/p>\n<p>\u010ce i\u0161\u010dete vpra\u0161anje, a ga ne najdete, nas <strong>stopite v stik<\/strong>.[\/vc_column_text][\/vc_column_inner][\/vc_row_inner][vc_row_inner][vc_column_inner][vc_btn title=&#8221;Stopite v stik&#8221; link=&#8221;url:%2Fsl%2Fkontakt%2F&#8221;][\/vc_column_inner][\/vc_row_inner][\/vc_column][\/vc_row][\/vc_section][vc_section][vc_row][vc_column][vc_row_inner][vc_column_inner][vc_empty_space height=&#8221;75px&#8221;][\/vc_column_inner][\/vc_row_inner][vc_row_inner][vc_column_inner][vc_column_text]<\/p>\n<ul>\n<li><a href=\"#shipping\">Politika po\u0161iljanja<\/a><\/li>\n<li><a href=\"#cancellation\">Pravilnik o preklicu naro\u010dila<\/a><\/li>\n<li><a href=\"#refund\">Pravilnik o vra\u010dilu kupnine<\/a><\/li>\n<li><a href=\"#privacy\">Pravilnik o zasebnosti<\/a><\/li>\n<li><a href=\"#disclaimer\">Zavrnitev odgovornosti<\/a><\/li>\n<\/ul>\n<p>[\/vc_column_text][\/vc_column_inner][\/vc_row_inner][\/vc_column][\/vc_row][\/vc_section][vc_section el_id=&#8221;shipping&#8221;][vc_row][vc_column][vc_row_inner][vc_column_inner][vc_empty_space height=&#8221;75px&#8221;][vc_custom_heading text=&#8221;Politika po\u0161iljanja&#8221; use_theme_fonts=&#8221;yes&#8221;][\/vc_column_inner][\/vc_row_inner][vc_row_inner][vc_column_inner][vc_column_text]Zdravila, ki jih ponujamo, so izdelana in poslana iz Indije. Pot je dolga, zato dostava zahteva \u010das. Po\u0161iljke so obi\u010dajno dostavljene v 10-17 dneh, v nekaterih primerih pa lahko pride do zamude \u0161e 5 dni.<\/p>\n<p>V primeru nedobave po izteku roka nas kontaktirajte, da obvestimo o zadevi. Potrudili se bomo, da vam ponudimo re\u0161itev, ki bo v celoti ustrezala va\u0161im interesom. Kliknite <a href=\"\/faq#shipping\" rel=\"nofollow\">tukaj<\/a>, \u010de \u017eelite izvedeti ve\u010d o po\u0161iljanju.[\/vc_column_text][\/vc_column_inner][\/vc_row_inner][\/vc_column][\/vc_row][\/vc_section][vc_section el_id=&#8221;cancellation&#8221;][vc_row][vc_column][vc_row_inner][vc_column_inner][vc_empty_space height=&#8221;75px&#8221;][vc_custom_heading text=&#8221;Politika preklica naro\u010dila&#8221; use_theme_fonts=&#8221;yes&#8221;][\/vc_column_inner][\/vc_row_inner][vc_row_inner][vc_column_inner][vc_column_text]Obve\u0161\u010damo vas, da preklic naro\u010dila sprejemamo SAMO v 24 urah po oddaji naro\u010dila. \u010ce \u017eelite preklicati naro\u010dilo, se obrnite na na\u0161o skupino za podporo po telefonu ali e-po\u0161ti ( <a href=\"\/contact\/\" rel=\"nofollow\">Pi\u0161ite nam<\/a>) in jim sporo\u010dite svojo odlo\u010ditev . V primeru, da nas kontaktirate po 24 urah, preklic naro\u010dila ne bo obdelan.<\/p>\n<p>Prepri\u010dajte se, da ste v naro\u010dilnico vnesli veljaven naslov za dostavo, priporo\u010damo, da pred oddajo naro\u010dila \u0161e enkrat preverite opombe. Vsaka napaka lahko povzro\u010di nedostavo naro\u010denih izdelkov. \u010ce ste opazili, da so bile opombe naslova napa\u010dno navedene, nas \u010dim prej obvestite, da obvestite o zadevi ( <a href=\"\/contact\/\" rel=\"nofollow\">Pi\u0161ite nam<\/a>).[\/vc_column_text][\/vc_column_inner][\/vc_row_inner][\/vc_column][\/vc_row][\/vc_section][vc_section el_id=&#8221;refund&#8221;][vc_row][vc_column][vc_row_inner][vc_column_inner][vc_empty_space height=&#8221;75px&#8221;][vc_custom_heading text=&#8221;Politika vra\u010dila&#8221; use_theme_fonts=&#8221;yes&#8221;][\/vc_column_inner][\/vc_row_inner][vc_row_inner][vc_column_inner][vc_column_text]Zdravila, ki jih ponujamo, so generi\u010dno enaka svojim podobnim blagovnim znamkam. Zagotavljamo, da so enaki kemi\u010dno in imajo enak medicinski u\u010dinek.<\/p>\n<p>V primeru, da niste zadovoljni z u\u010dinkom na\u0161ih zdravil, prosimo <a href=\"\/contact\/\" rel=\"nofollow\">nas pi\u0161ite<\/a>, da vas obvestimo o te\u017eavi. Posredovali vam bomo naslov za vra\u010dilo in takoj, ko bo izdelek prejel na\u0161 oddelek za vra\u010dila, bomo za\u010deli postopek vra\u010dila.<\/p>\n<p>Preden nas kontaktirate, se prepri\u010dajte, da ste vzeli pravi odmerek izdelkov in upo\u0161tevajte navodila za uporabo. Upo\u0161tevajte, da lahko u\u010dinke upo\u010dasnite z mastno hrano in alkoholom, ki ju zau\u017eijete pred zau\u017eitjem.<\/p>\n<p>V primeru <strong>nedostave izdelka<\/strong> do roka (dostava traja 10-17 dni, lahko pride do dodatne zamude za 5 dni zaradi carinskega pregleda) se lahko obrnete na na\u0161o ekipo za podporo ( &lt; a href=&#8221;\/contact\/&#8221; rel=&#8221;nofollow&#8221;&gt;Obrnite se na ZDA ), da boste upravi\u010deni do vra\u010dila kupnine. Va\u0161e pla\u010dilo bo v celoti povrnjeno na va\u0161o kreditno kartico. Postopek vra\u010dila obi\u010dajno traja 5-7 delovnih dni, po tem obdobju bo vra\u010dilo prikazano na izpisku va\u0161e kreditne kartice.<\/p>\n<p>Zaradi posebne narave izdelkov, ki jih ponujamo, vra\u010dil ne sprejemamo. Nih\u010de ne more jam\u010diti, da so pogoji skladi\u0161\u010denja med transportom naro\u010dila izpolnjeni, zato jih ne moremo sprejeti, tudi \u010de paket ostane neodprt.[\/vc_column_text][\/vc_column_inner][\/vc_row_inner][\/vc_column][\/vc_row][\/vc_section][vc_section el_id=&#8221;privacy&#8221;][vc_row][vc_column][vc_row_inner][vc_column_inner][vc_empty_space height=&#8221;75px&#8221;][vc_custom_heading text=&#8221;Politika zasebnosti&#8221; use_theme_fonts=&#8221;yes&#8221;][\/vc_column_inner][\/vc_row_inner][vc_row_inner][vc_column_inner][vc_column_text]Zavedamo se, da je zasebnost vseh podatkov, ki jih posredujete, primarnega pomena. Zato naredimo vse, kar je v na\u0161i mo\u010di, da ga uporabljamo previdno in razumno. Te informacije se nikoli ne delijo z drugimi podjetji ali tretjimi ponudniki storitev.<\/p>\n<p>Vse transakcije na na\u0161i blagajni so 100% varne. Varnost va\u0161ih podatkov \u0161\u010ditimo z uporabo 256-bitne programske opreme Secure Sockets Layer (SSL), ki \u0161ifrira vse podatke, ki jih vnesete. Poleg tega so na\u0161i stre\u017eniki za obra\u010dunavanje certificirani s strani neodvisnih in uglednih agencij, ki zagotavljajo, da so va\u0161i podatki varni in zasebni.<\/p>\n<p>V na\u0161i bazi so prikazane samo zadnje 4 \u0161tevke va\u0161e kreditne kartice, zato tudi na\u0161i operaterji za podporo strankam nimajo dostopa do podatkov o kreditni kartici.[\/vc_column_text][\/vc_column_inner][\/vc_row_inner][\/vc_column][\/vc_row][\/vc_section][vc_section el_id=&#8221;disclaimer&#8221;][vc_row][vc_column][vc_row_inner][vc_column_inner][vc_empty_space height=&#8221;75px&#8221;][vc_custom_heading text=&#8221;Izjava o omejitvi odgovornosti&#8221; use_theme_fonts=&#8221;yes&#8221;][\/vc_column_inner][\/vc_row_inner][vc_row_inner][vc_column_inner][vc_column_text]Na\u0161e podjetje ne odgovarja in izrecno zavra\u010da vso odgovornost za kakr\u0161no koli zamudo pri dostavi, ki ne presega 10 dni po dolo\u010denem predvidenem datumu dostave. Za rok se \u0161teje 10 (deset) dni po dolo\u010denem predvidenem roku dobave oziroma naslednji delovni dan, v primeru krajevnih praznikov.<\/p>\n<p>Na\u0161e podjetje ne odgovarja za neuspe\u0161no dostavo v primeru, \u010de je naro\u010dnik navedel neustrezen naslov, napa\u010den naslov ali naslov, ki na drug na\u010din ne vodi do uspe\u0161ne dostave.<br \/>\nNa\u0161e podjetje ne odgovarja za neuspe\u0161no dostavo v primeru, \u010de kupec paketa ni prevzel, ga zavrnil ali na kakr\u0161en koli drug na\u010din prepre\u010dil uspe\u0161no dostavo. Vsa ponovna po\u0161iljanja v takih primerih se izvajajo samo prek mednarodne redne po\u0161te.<\/p>\n<p>Na\u0161e podjetje ni odgovorno in se izrecno zavra\u010da vsakr\u0161no odgovornost za dostavo katerega koli generi\u010dnega izdelka, ki ne izpolnjuje kup\u010devih pri\u010dakovanj glede meril, kot so \u2013 barva, oblika in velikost tablete, prisotnost kakr\u0161ne koli oznake, natisnjene ali ozna\u010dene na tableti, ki nosi tr\u017eno ime ali ga je izdelal proizvajalec, ki se razlikuje od tistega, ki ga je pri\u010dakovala stranka.<br \/>\nZa kateri koli generi\u010dni izdelek so vse informacije o izdelku, predstavljene na spletnem mestu, kot so, vendar ne omejeno na \u2013 sli\u010dice, slike izdelkov, imena proizvajalcev in tr\u017ena imena, zgolj informativne narave.<\/p>\n<p>Na\u0161e podjetje ne odgovarja in izrecno zavra\u010da vso odgovornost za neu\u010dinkovitost prejetega izdelka v primeru, da je bil izdelek kupljen za uporabo zunaj etikete.<\/p>\n<p>Z oddajo naro\u010dila pri na\u0161em podjetju potrjujete, da ste prebrali, razumeli in se strinjate s to izjavo o omejitvi odgovornosti. Vsako dejanje, sprejeto za vra\u010dilo va\u0161ega pla\u010dila iz katerega koli od zgoraj navedenih razlogov, se bo \u0161telo za goljufivo dejanje in lahko privede do pravnega postopka in izklju\u010ditve iz na\u0161ega sistema.[\/vc_column_text][\/vc_column_inner][\/vc_row_inner][\/vc_column][\/vc_row][\/vc_section]<\/p>\n","protected":false},"excerpt":{"rendered":"<p>[vc_section][vc_row][vc_column][vc_row_inner][vc_column_inner][vc_custom_heading text=&#8221;Na\u0161e politike&#8221; font_container=&#8221;tag:h1|text_align:left&#8221; use_theme_fonts=&#8221;yes&#8221;][vc_separator align=&#8221;align_left&#8221; border_width=&#8221;2&#8243; el_width=&#8221;10&#8243;][\/vc_column_inner][\/vc_row_inner][\/vc_column][\/vc_row][vc_row][vc_column][vc_row_inner][vc_column_inner][vc_empty_space][vc_custom_heading text=&#8221;Imate vpra\u0161anje?&#8221; use_theme_fonts=&#8221;yes&#8221;][\/vc_column_inner][\/vc_row_inner][vc_row_inner][vc_column_inner][vc_column_text]Spodaj si oglejte najpogostej\u0161a vpra\u0161anja o zdravilih. \u010ce i\u0161\u010dete vpra\u0161anje, a ga ne najdete, nas stopite v stik.[\/vc_column_text][\/vc_column_inner][\/vc_row_inner][vc_row_inner][vc_column_inner][vc_btn title=&#8221;Stopite v stik&#8221; link=&#8221;url:%2Fsl%2Fkontakt%2F&#8221;][\/vc_column_inner][\/vc_row_inner][\/vc_column][\/vc_row][\/vc_section][vc_section][vc_row][vc_column][vc_row_inner][vc_column_inner][vc_empty_space height=&#8221;75px&#8221;][\/vc_column_inner][\/vc_row_inner][vc_row_inner][vc_column_inner][vc_column_text] Politika po\u0161iljanja Pravilnik o preklicu naro\u010dila Pravilnik o vra\u010dilu kupnine Pravilnik o zasebnosti Zavrnitev odgovornosti [\/vc_column_text][\/vc_column_inner][\/vc_row_inner][\/vc_column][\/vc_row][\/vc_section][vc_section el_id=&#8221;shipping&#8221;][vc_row][vc_column][vc_row_inner][vc_column_inner][vc_empty_space height=&#8221;75px&#8221;][vc_custom_heading text=&#8221;Politika po\u0161iljanja&#8221; use_theme_fonts=&#8221;yes&#8221;][\/vc_column_inner][\/vc_row_inner][vc_row_inner][vc_column_inner][vc_column_text]Zdravila, ki<\/p>\n","protected":false},"author":1,"featured_media":6019,"parent":0,"menu_order":0,"comment_status":"closed","ping_status":"closed","template":"","meta":{"footnotes":""},"class_list":["post-3","page","type-page","status-publish","has-post-thumbnail","hentry"],"yoast_head":"<!-- This site is optimized with the Yoast SEO plugin v27.3 - https:\/\/yoast.com\/product\/yoast-seo-wordpress\/ -->\n<title>Zasebnost in pogoji - Medicinas Inc<\/title>\n<meta name=\"robots\" content=\"index, follow, max-snippet:-1, max-image-preview:large, max-video-preview:-1\" \/>\n<link rel=\"canonical\" href=\"https:\/\/medicinasinc.com\/sl\/pravila\/\" \/>\n<meta property=\"og:locale\" content=\"en_US\" \/>\n<meta property=\"og:type\" content=\"article\" \/>\n<meta property=\"og:title\" content=\"Zasebnost in pogoji - Medicinas Inc\" \/>\n<meta property=\"og:description\" content=\"[vc_section][vc_row][vc_column][vc_row_inner][vc_column_inner][vc_custom_heading text=&#8221;Na\u0161e politike&#8221; font_container=&#8221;tag:h1|text_align:left&#8221; use_theme_fonts=&#8221;yes&#8221;][vc_separator align=&#8221;align_left&#8221; border_width=&#8221;2&#8243; el_width=&#8221;10&#8243;][\/vc_column_inner][\/vc_row_inner][\/vc_column][\/vc_row][vc_row][vc_column][vc_row_inner][vc_column_inner][vc_empty_space][vc_custom_heading text=&#8221;Imate vpra\u0161anje?&#8221; use_theme_fonts=&#8221;yes&#8221;][\/vc_column_inner][\/vc_row_inner][vc_row_inner][vc_column_inner][vc_column_text]Spodaj si oglejte najpogostej\u0161a vpra\u0161anja o zdravilih. \u010ce i\u0161\u010dete vpra\u0161anje, a ga ne najdete, nas stopite v stik.[\/vc_column_text][\/vc_column_inner][\/vc_row_inner][vc_row_inner][vc_column_inner][vc_btn title=&#8221;Stopite v stik&#8221; link=&#8221;url:%2Fsl%2Fkontakt%2F&#8221;][\/vc_column_inner][\/vc_row_inner][\/vc_column][\/vc_row][\/vc_section][vc_section][vc_row][vc_column][vc_row_inner][vc_column_inner][vc_empty_space height=&#8221;75px&#8221;][\/vc_column_inner][\/vc_row_inner][vc_row_inner][vc_column_inner][vc_column_text] Politika po\u0161iljanja Pravilnik o preklicu naro\u010dila Pravilnik o vra\u010dilu kupnine Pravilnik o zasebnosti Zavrnitev odgovornosti [\/vc_column_text][\/vc_column_inner][\/vc_row_inner][\/vc_column][\/vc_row][\/vc_section][vc_section el_id=&#8221;shipping&#8221;][vc_row][vc_column][vc_row_inner][vc_column_inner][vc_empty_space height=&#8221;75px&#8221;][vc_custom_heading text=&#8221;Politika po\u0161iljanja&#8221; use_theme_fonts=&#8221;yes&#8221;][\/vc_column_inner][\/vc_row_inner][vc_row_inner][vc_column_inner][vc_column_text]Zdravila, ki\" \/>\n<meta property=\"og:url\" content=\"https:\/\/medicinasinc.com\/sl\/pravila\/\" \/>\n<meta property=\"og:site_name\" content=\"Medicinas Inc\" \/>\n<meta property=\"article:modified_time\" content=\"2022-03-16T00:51:54+00:00\" \/>\n<meta name=\"twitter:card\" content=\"summary_large_image\" \/>\n<meta name=\"twitter:label1\" content=\"Est. reading time\" \/>\n\t<meta name=\"twitter:data1\" content=\"4 minutes\" \/>\n<script type=\"application\/ld+json\" class=\"yoast-schema-graph\">{\"@context\":\"https:\\\/\\\/schema.org\",\"@graph\":[{\"@type\":\"WebPage\",\"@id\":\"https:\\\/\\\/medicinasinc.com\\\/sl\\\/pravila\\\/\",\"url\":\"https:\\\/\\\/medicinasinc.com\\\/sl\\\/pravila\\\/\",\"name\":\"Zasebnost in pogoji - Medicinas Inc\",\"isPartOf\":{\"@id\":\"https:\\\/\\\/medicinasinc.com\\\/sl\\\/#website\"},\"primaryImageOfPage\":{\"@id\":\"https:\\\/\\\/medicinasinc.com\\\/sl\\\/pravila\\\/#primaryimage\"},\"image\":{\"@id\":\"https:\\\/\\\/medicinasinc.com\\\/sl\\\/pravila\\\/#primaryimage\"},\"thumbnailUrl\":\"https:\\\/\\\/medicinasinc.com\\\/sl\\\/wp-content\\\/uploads\\\/sites\\\/7\\\/2022\\\/03\\\/woocommerce-placeholder.png\",\"datePublished\":\"2022-02-19T02:31:18+00:00\",\"dateModified\":\"2022-03-16T00:51:54+00:00\",\"inLanguage\":\"en-US\",\"potentialAction\":[{\"@type\":\"ReadAction\",\"target\":[\"https:\\\/\\\/medicinasinc.com\\\/sl\\\/pravila\\\/\"]}]},{\"@type\":\"ImageObject\",\"inLanguage\":\"en-US\",\"@id\":\"https:\\\/\\\/medicinasinc.com\\\/sl\\\/pravila\\\/#primaryimage\",\"url\":\"https:\\\/\\\/medicinasinc.com\\\/sl\\\/wp-content\\\/uploads\\\/sites\\\/7\\\/2022\\\/03\\\/woocommerce-placeholder.png\",\"contentUrl\":\"https:\\\/\\\/medicinasinc.com\\\/sl\\\/wp-content\\\/uploads\\\/sites\\\/7\\\/2022\\\/03\\\/woocommerce-placeholder.png\",\"width\":860,\"height\":824},{\"@type\":\"WebSite\",\"@id\":\"https:\\\/\\\/medicinasinc.com\\\/sl\\\/#website\",\"url\":\"https:\\\/\\\/medicinasinc.com\\\/sl\\\/\",\"name\":\"Medicinas Inc\",\"description\":\"Health Medical Clinic\",\"potentialAction\":[{\"@type\":\"SearchAction\",\"target\":{\"@type\":\"EntryPoint\",\"urlTemplate\":\"https:\\\/\\\/medicinasinc.com\\\/sl\\\/?s={search_term_string}\"},\"query-input\":{\"@type\":\"PropertyValueSpecification\",\"valueRequired\":true,\"valueName\":\"search_term_string\"}}],\"inLanguage\":\"en-US\"}]}<\/script>\n<!-- \/ Yoast SEO plugin. -->","yoast_head_json":{"title":"Zasebnost in pogoji - Medicinas Inc","robots":{"index":"index","follow":"follow","max-snippet":"max-snippet:-1","max-image-preview":"max-image-preview:large","max-video-preview":"max-video-preview:-1"},"canonical":"https:\/\/medicinasinc.com\/sl\/pravila\/","og_locale":"en_US","og_type":"article","og_title":"Zasebnost in pogoji - Medicinas Inc","og_description":"[vc_section][vc_row][vc_column][vc_row_inner][vc_column_inner][vc_custom_heading text=&#8221;Na\u0161e politike&#8221; font_container=&#8221;tag:h1|text_align:left&#8221; use_theme_fonts=&#8221;yes&#8221;][vc_separator align=&#8221;align_left&#8221; border_width=&#8221;2&#8243; el_width=&#8221;10&#8243;][\/vc_column_inner][\/vc_row_inner][\/vc_column][\/vc_row][vc_row][vc_column][vc_row_inner][vc_column_inner][vc_empty_space][vc_custom_heading text=&#8221;Imate vpra\u0161anje?&#8221; use_theme_fonts=&#8221;yes&#8221;][\/vc_column_inner][\/vc_row_inner][vc_row_inner][vc_column_inner][vc_column_text]Spodaj si oglejte najpogostej\u0161a vpra\u0161anja o zdravilih. \u010ce i\u0161\u010dete vpra\u0161anje, a ga ne najdete, nas stopite v stik.[\/vc_column_text][\/vc_column_inner][\/vc_row_inner][vc_row_inner][vc_column_inner][vc_btn title=&#8221;Stopite v stik&#8221; link=&#8221;url:%2Fsl%2Fkontakt%2F&#8221;][\/vc_column_inner][\/vc_row_inner][\/vc_column][\/vc_row][\/vc_section][vc_section][vc_row][vc_column][vc_row_inner][vc_column_inner][vc_empty_space height=&#8221;75px&#8221;][\/vc_column_inner][\/vc_row_inner][vc_row_inner][vc_column_inner][vc_column_text] Politika po\u0161iljanja Pravilnik o preklicu naro\u010dila Pravilnik o vra\u010dilu kupnine Pravilnik o zasebnosti Zavrnitev odgovornosti [\/vc_column_text][\/vc_column_inner][\/vc_row_inner][\/vc_column][\/vc_row][\/vc_section][vc_section el_id=&#8221;shipping&#8221;][vc_row][vc_column][vc_row_inner][vc_column_inner][vc_empty_space height=&#8221;75px&#8221;][vc_custom_heading text=&#8221;Politika po\u0161iljanja&#8221; use_theme_fonts=&#8221;yes&#8221;][\/vc_column_inner][\/vc_row_inner][vc_row_inner][vc_column_inner][vc_column_text]Zdravila, ki","og_url":"https:\/\/medicinasinc.com\/sl\/pravila\/","og_site_name":"Medicinas Inc","article_modified_time":"2022-03-16T00:51:54+00:00","twitter_card":"summary_large_image","twitter_misc":{"Est. reading time":"4 minutes"},"schema":{"@context":"https:\/\/schema.org","@graph":[{"@type":"WebPage","@id":"https:\/\/medicinasinc.com\/sl\/pravila\/","url":"https:\/\/medicinasinc.com\/sl\/pravila\/","name":"Zasebnost in pogoji - Medicinas Inc","isPartOf":{"@id":"https:\/\/medicinasinc.com\/sl\/#website"},"primaryImageOfPage":{"@id":"https:\/\/medicinasinc.com\/sl\/pravila\/#primaryimage"},"image":{"@id":"https:\/\/medicinasinc.com\/sl\/pravila\/#primaryimage"},"thumbnailUrl":"https:\/\/medicinasinc.com\/sl\/wp-content\/uploads\/sites\/7\/2022\/03\/woocommerce-placeholder.png","datePublished":"2022-02-19T02:31:18+00:00","dateModified":"2022-03-16T00:51:54+00:00","inLanguage":"en-US","potentialAction":[{"@type":"ReadAction","target":["https:\/\/medicinasinc.com\/sl\/pravila\/"]}]},{"@type":"ImageObject","inLanguage":"en-US","@id":"https:\/\/medicinasinc.com\/sl\/pravila\/#primaryimage","url":"https:\/\/medicinasinc.com\/sl\/wp-content\/uploads\/sites\/7\/2022\/03\/woocommerce-placeholder.png","contentUrl":"https:\/\/medicinasinc.com\/sl\/wp-content\/uploads\/sites\/7\/2022\/03\/woocommerce-placeholder.png","width":860,"height":824},{"@type":"WebSite","@id":"https:\/\/medicinasinc.com\/sl\/#website","url":"https:\/\/medicinasinc.com\/sl\/","name":"Medicinas Inc","description":"Health Medical Clinic","potentialAction":[{"@type":"SearchAction","target":{"@type":"EntryPoint","urlTemplate":"https:\/\/medicinasinc.com\/sl\/?s={search_term_string}"},"query-input":{"@type":"PropertyValueSpecification","valueRequired":true,"valueName":"search_term_string"}}],"inLanguage":"en-US"}]}},"_links":{"self":[{"href":"https:\/\/medicinasinc.com\/sl\/wp-json\/wp\/v2\/pages\/3","targetHints":{"allow":["GET"]}}],"collection":[{"href":"https:\/\/medicinasinc.com\/sl\/wp-json\/wp\/v2\/pages"}],"about":[{"href":"https:\/\/medicinasinc.com\/sl\/wp-json\/wp\/v2\/types\/page"}],"author":[{"embeddable":true,"href":"https:\/\/medicinasinc.com\/sl\/wp-json\/wp\/v2\/users\/1"}],"replies":[{"embeddable":true,"href":"https:\/\/medicinasinc.com\/sl\/wp-json\/wp\/v2\/comments?post=3"}],"version-history":[{"count":0,"href":"https:\/\/medicinasinc.com\/sl\/wp-json\/wp\/v2\/pages\/3\/revisions"}],"wp:featuredmedia":[{"embeddable":true,"href":"https:\/\/medicinasinc.com\/sl\/wp-json\/wp\/v2\/media\/6019"}],"wp:attachment":[{"href":"https:\/\/medicinasinc.com\/sl\/wp-json\/wp\/v2\/media?parent=3"}],"curies":[{"name":"wp","href":"https:\/\/api.w.org\/{rel}","templated":true}]}}