{"id":5921,"date":"2022-02-22T08:23:15","date_gmt":"2022-02-22T08:23:15","guid":{"rendered":"https:\/\/medicinasinc.com\/sk\/?post_type=product&#038;p=5921"},"modified":"2022-03-22T00:45:33","modified_gmt":"2022-03-22T00:45:33","slug":"buy-sdb-005","status":"publish","type":"product","link":"https:\/\/medicinasinc.com\/sk\/product\/buy-sdb-005\/","title":{"rendered":"K\u00fapim SDB-005"},"content":{"rendered":"<p>SDB-005 je syntetick\u00fd kanabis zalo\u017een\u00fd na indazoloch, ktor\u00fd bol pon\u00fakan\u00fd ako dizajnov\u00e1 droga online. Predpoklad\u00e1 sa, \u017ee ide o agonistu kanabinoidn\u00e9ho receptora pre CB1 a CB2. SDB-005 je anal\u00f3g indazolov\u00e9ho jadra PB-22, ktor\u00fd m\u00e1 naftal\u00e9nov\u00fa skupinu namiesto 8-hydroxychinol\u00ednu.<\/p>\n<p>SDB-005 bol predt\u00fdm priraden\u00fd inej chemik\u00e1lii, N-fenylov\u00e9mu anal\u00f3gu SDB- 006, sk\u00f4r ako N-benzylov\u00fd n\u00e1protivok SDB-006. T\u00e1to chemik\u00e1lia je siln\u00fdm agonistom receptorov CB1 (Ki = 21 nM) a CB2 (Ki = 140 nM).<\/p>\n<p>SDB-005 je syntetick\u00fd kanabis zalo\u017een\u00fd na indazoloch, ktor\u00fd bol pon\u00fakan\u00fd ako dizajnov\u00e1 droga online. Predpoklad\u00e1 sa, \u017ee ide o agonistu kanabinoidn\u00e9ho receptora pre CB1 a CB2. SDB-005 je anal\u00f3g indazolov\u00e9ho jadra PB-22, ktor\u00fd m\u00e1 namiesto 8-hydroxychinol\u00ednu naftal\u00e9nov\u00fa skupinu.<\/p>\n","protected":false},"excerpt":{"rendered":"<p>K\u00fapi\u0165 SDB-005 na predaj v Eur\u00f3pe, Spojen\u00e9 kr\u00e1\u013eovstvo\u00a0je\u00a0syntetick\u00fd kanabinoid na b\u00e1ze indazolu\u00a0, ktor\u00fd sa pred\u00e1va online ako\u00a0n\u00e1vrhov\u00fd liek<\/p>\n","protected":false},"featured_media":5939,"comment_status":"open","ping_status":"closed","template":"","meta":[],"product_brand":[],"product_cat":[2596],"product_tag":[4097,4102,4099,4096,4101,4098,4100],"class_list":{"0":"post-5921","1":"product","2":"type-product","3":"status-publish","4":"has-post-thumbnail","6":"product_cat-kanabinoidy-na-predaj","7":"product_tag-ako-na-kpi-sdb005-online","8":"product_tag-kde-kpi-sdb005-online","9":"product_tag-nkup-sdb005-online","10":"product_tag-buy-sdb005-online","11":"product_tag-najlepie-miesto-na-nkup-sdb005-online","12":"product_tag-objednvka-sdb005-online","13":"product_tag-sdb005-for-sale","15":"first","16":"instock","17":"shipping-taxable","18":"purchasable","19":"product-type-variable"},"yoast_head":"<!-- This site is optimized with the Yoast SEO plugin v27.3 - https:\/\/yoast.com\/product\/yoast-seo-wordpress\/ -->\n<title>K\u00fapi\u0165 SDB-005 - SDB005 - Najlep\u0161ie glob\u00e1lne lieky<\/title>\n<meta name=\"description\" content=\"K\u00fapi\u0165 SDB-005 na predaj Eur\u00f3pa, Spojen\u00e9 kr\u00e1\u013eovstvo je syntetick\u00fd kanabinoid na b\u00e1ze indazolu, ktor\u00fd sa pred\u00e1va online ako zna\u010dkov\u00fd liek.\" \/>\n<meta name=\"robots\" content=\"index, follow, max-snippet:-1, max-image-preview:large, max-video-preview:-1\" \/>\n<link rel=\"canonical\" href=\"https:\/\/medicinasinc.com\/sk\/product\/buy-sdb-005\/\" \/>\n<meta property=\"og:locale\" content=\"en_US\" \/>\n<meta property=\"og:type\" content=\"article\" \/>\n<meta property=\"og:title\" content=\"K\u00fapi\u0165 SDB-005 - SDB005 - Najlep\u0161ie glob\u00e1lne lieky\" \/>\n<meta property=\"og:description\" content=\"K\u00fapi\u0165 SDB-005 na predaj Eur\u00f3pa, Spojen\u00e9 kr\u00e1\u013eovstvo je syntetick\u00fd kanabinoid na b\u00e1ze indazolu, ktor\u00fd sa pred\u00e1va online ako zna\u010dkov\u00fd liek.\" \/>\n<meta property=\"og:url\" content=\"https:\/\/medicinasinc.com\/sk\/product\/buy-sdb-005\/\" \/>\n<meta property=\"og:site_name\" content=\"Medicinas Inc\" \/>\n<meta property=\"article:modified_time\" content=\"2022-03-22T00:45:33+00:00\" \/>\n<meta property=\"og:image\" content=\"https:\/\/medicinasinc.com\/sk\/wp-content\/uploads\/sites\/10\/2022\/02\/Buy-SDB-005.jpeg\" \/>\n\t<meta property=\"og:image:width\" content=\"600\" \/>\n\t<meta property=\"og:image:height\" content=\"451\" \/>\n\t<meta property=\"og:image:type\" content=\"image\/jpeg\" \/>\n<meta name=\"twitter:card\" content=\"summary_large_image\" \/>\n<meta name=\"twitter:label1\" content=\"Est. reading time\" \/>\n\t<meta name=\"twitter:data1\" content=\"1 minute\" \/>\n<script type=\"application\/ld+json\" class=\"yoast-schema-graph\">{\"@context\":\"https:\\\/\\\/schema.org\",\"@graph\":[{\"@type\":\"WebPage\",\"@id\":\"https:\\\/\\\/medicinasinc.com\\\/sk\\\/product\\\/buy-sdb-005\\\/\",\"url\":\"https:\\\/\\\/medicinasinc.com\\\/sk\\\/product\\\/buy-sdb-005\\\/\",\"name\":\"K\u00fapi\u0165 SDB-005 - SDB005 - Najlep\u0161ie glob\u00e1lne lieky\",\"isPartOf\":{\"@id\":\"https:\\\/\\\/medicinasinc.com\\\/sk\\\/#website\"},\"primaryImageOfPage\":{\"@id\":\"https:\\\/\\\/medicinasinc.com\\\/sk\\\/product\\\/buy-sdb-005\\\/#primaryimage\"},\"image\":{\"@id\":\"https:\\\/\\\/medicinasinc.com\\\/sk\\\/product\\\/buy-sdb-005\\\/#primaryimage\"},\"thumbnailUrl\":\"https:\\\/\\\/medicinasinc.com\\\/sk\\\/wp-content\\\/uploads\\\/sites\\\/10\\\/2022\\\/02\\\/Buy-SDB-005.jpeg\",\"datePublished\":\"2022-02-22T08:23:15+00:00\",\"dateModified\":\"2022-03-22T00:45:33+00:00\",\"description\":\"K\u00fapi\u0165 SDB-005 na predaj Eur\u00f3pa, Spojen\u00e9 kr\u00e1\u013eovstvo je syntetick\u00fd kanabinoid na b\u00e1ze indazolu, ktor\u00fd sa pred\u00e1va online ako zna\u010dkov\u00fd liek.\",\"breadcrumb\":{\"@id\":\"https:\\\/\\\/medicinasinc.com\\\/sk\\\/product\\\/buy-sdb-005\\\/#breadcrumb\"},\"inLanguage\":\"en-US\",\"potentialAction\":[{\"@type\":\"ReadAction\",\"target\":[\"https:\\\/\\\/medicinasinc.com\\\/sk\\\/product\\\/buy-sdb-005\\\/\"]}]},{\"@type\":\"ImageObject\",\"inLanguage\":\"en-US\",\"@id\":\"https:\\\/\\\/medicinasinc.com\\\/sk\\\/product\\\/buy-sdb-005\\\/#primaryimage\",\"url\":\"https:\\\/\\\/medicinasinc.com\\\/sk\\\/wp-content\\\/uploads\\\/sites\\\/10\\\/2022\\\/02\\\/Buy-SDB-005.jpeg\",\"contentUrl\":\"https:\\\/\\\/medicinasinc.com\\\/sk\\\/wp-content\\\/uploads\\\/sites\\\/10\\\/2022\\\/02\\\/Buy-SDB-005.jpeg\",\"width\":600,\"height\":451},{\"@type\":\"BreadcrumbList\",\"@id\":\"https:\\\/\\\/medicinasinc.com\\\/sk\\\/product\\\/buy-sdb-005\\\/#breadcrumb\",\"itemListElement\":[{\"@type\":\"ListItem\",\"position\":1,\"name\":\"Obchod\",\"item\":\"https:\\\/\\\/medicinasinc.com\\\/sk\\\/obchod\\\/\"},{\"@type\":\"ListItem\",\"position\":2,\"name\":\"K\u00fapim SDB-005\"}]},{\"@type\":\"WebSite\",\"@id\":\"https:\\\/\\\/medicinasinc.com\\\/sk\\\/#website\",\"url\":\"https:\\\/\\\/medicinasinc.com\\\/sk\\\/\",\"name\":\"Medicinas Inc\",\"description\":\"Health Medical Clinic\",\"potentialAction\":[{\"@type\":\"SearchAction\",\"target\":{\"@type\":\"EntryPoint\",\"urlTemplate\":\"https:\\\/\\\/medicinasinc.com\\\/sk\\\/?s={search_term_string}\"},\"query-input\":{\"@type\":\"PropertyValueSpecification\",\"valueRequired\":true,\"valueName\":\"search_term_string\"}}],\"inLanguage\":\"en-US\"}]}<\/script>\n<!-- \/ Yoast SEO plugin. -->","yoast_head_json":{"title":"K\u00fapi\u0165 SDB-005 - SDB005 - Najlep\u0161ie glob\u00e1lne lieky","description":"K\u00fapi\u0165 SDB-005 na predaj Eur\u00f3pa, Spojen\u00e9 kr\u00e1\u013eovstvo je syntetick\u00fd kanabinoid na b\u00e1ze indazolu, ktor\u00fd sa pred\u00e1va online ako zna\u010dkov\u00fd liek.","robots":{"index":"index","follow":"follow","max-snippet":"max-snippet:-1","max-image-preview":"max-image-preview:large","max-video-preview":"max-video-preview:-1"},"canonical":"https:\/\/medicinasinc.com\/sk\/product\/buy-sdb-005\/","og_locale":"en_US","og_type":"article","og_title":"K\u00fapi\u0165 SDB-005 - SDB005 - Najlep\u0161ie glob\u00e1lne lieky","og_description":"K\u00fapi\u0165 SDB-005 na predaj Eur\u00f3pa, Spojen\u00e9 kr\u00e1\u013eovstvo je syntetick\u00fd kanabinoid na b\u00e1ze indazolu, ktor\u00fd sa pred\u00e1va online ako zna\u010dkov\u00fd liek.","og_url":"https:\/\/medicinasinc.com\/sk\/product\/buy-sdb-005\/","og_site_name":"Medicinas Inc","article_modified_time":"2022-03-22T00:45:33+00:00","og_image":[{"width":600,"height":451,"url":"https:\/\/medicinasinc.com\/sk\/wp-content\/uploads\/sites\/10\/2022\/02\/Buy-SDB-005.jpeg","type":"image\/jpeg"}],"twitter_card":"summary_large_image","twitter_misc":{"Est. reading time":"1 minute"},"schema":{"@context":"https:\/\/schema.org","@graph":[{"@type":"WebPage","@id":"https:\/\/medicinasinc.com\/sk\/product\/buy-sdb-005\/","url":"https:\/\/medicinasinc.com\/sk\/product\/buy-sdb-005\/","name":"K\u00fapi\u0165 SDB-005 - SDB005 - Najlep\u0161ie glob\u00e1lne lieky","isPartOf":{"@id":"https:\/\/medicinasinc.com\/sk\/#website"},"primaryImageOfPage":{"@id":"https:\/\/medicinasinc.com\/sk\/product\/buy-sdb-005\/#primaryimage"},"image":{"@id":"https:\/\/medicinasinc.com\/sk\/product\/buy-sdb-005\/#primaryimage"},"thumbnailUrl":"https:\/\/medicinasinc.com\/sk\/wp-content\/uploads\/sites\/10\/2022\/02\/Buy-SDB-005.jpeg","datePublished":"2022-02-22T08:23:15+00:00","dateModified":"2022-03-22T00:45:33+00:00","description":"K\u00fapi\u0165 SDB-005 na predaj Eur\u00f3pa, Spojen\u00e9 kr\u00e1\u013eovstvo je syntetick\u00fd kanabinoid na b\u00e1ze indazolu, ktor\u00fd sa pred\u00e1va online ako zna\u010dkov\u00fd liek.","breadcrumb":{"@id":"https:\/\/medicinasinc.com\/sk\/product\/buy-sdb-005\/#breadcrumb"},"inLanguage":"en-US","potentialAction":[{"@type":"ReadAction","target":["https:\/\/medicinasinc.com\/sk\/product\/buy-sdb-005\/"]}]},{"@type":"ImageObject","inLanguage":"en-US","@id":"https:\/\/medicinasinc.com\/sk\/product\/buy-sdb-005\/#primaryimage","url":"https:\/\/medicinasinc.com\/sk\/wp-content\/uploads\/sites\/10\/2022\/02\/Buy-SDB-005.jpeg","contentUrl":"https:\/\/medicinasinc.com\/sk\/wp-content\/uploads\/sites\/10\/2022\/02\/Buy-SDB-005.jpeg","width":600,"height":451},{"@type":"BreadcrumbList","@id":"https:\/\/medicinasinc.com\/sk\/product\/buy-sdb-005\/#breadcrumb","itemListElement":[{"@type":"ListItem","position":1,"name":"Obchod","item":"https:\/\/medicinasinc.com\/sk\/obchod\/"},{"@type":"ListItem","position":2,"name":"K\u00fapim SDB-005"}]},{"@type":"WebSite","@id":"https:\/\/medicinasinc.com\/sk\/#website","url":"https:\/\/medicinasinc.com\/sk\/","name":"Medicinas Inc","description":"Health Medical Clinic","potentialAction":[{"@type":"SearchAction","target":{"@type":"EntryPoint","urlTemplate":"https:\/\/medicinasinc.com\/sk\/?s={search_term_string}"},"query-input":{"@type":"PropertyValueSpecification","valueRequired":true,"valueName":"search_term_string"}}],"inLanguage":"en-US"}]}},"_links":{"self":[{"href":"https:\/\/medicinasinc.com\/sk\/wp-json\/wp\/v2\/product\/5921","targetHints":{"allow":["GET"]}}],"collection":[{"href":"https:\/\/medicinasinc.com\/sk\/wp-json\/wp\/v2\/product"}],"about":[{"href":"https:\/\/medicinasinc.com\/sk\/wp-json\/wp\/v2\/types\/product"}],"replies":[{"embeddable":true,"href":"https:\/\/medicinasinc.com\/sk\/wp-json\/wp\/v2\/comments?post=5921"}],"wp:featuredmedia":[{"embeddable":true,"href":"https:\/\/medicinasinc.com\/sk\/wp-json\/wp\/v2\/media\/5939"}],"wp:attachment":[{"href":"https:\/\/medicinasinc.com\/sk\/wp-json\/wp\/v2\/media?parent=5921"}],"wp:term":[{"taxonomy":"product_brand","embeddable":true,"href":"https:\/\/medicinasinc.com\/sk\/wp-json\/wp\/v2\/product_brand?post=5921"},{"taxonomy":"product_cat","embeddable":true,"href":"https:\/\/medicinasinc.com\/sk\/wp-json\/wp\/v2\/product_cat?post=5921"},{"taxonomy":"product_tag","embeddable":true,"href":"https:\/\/medicinasinc.com\/sk\/wp-json\/wp\/v2\/product_tag?post=5921"}],"curies":[{"name":"wp","href":"https:\/\/api.w.org\/{rel}","templated":true}]}}