{"id":5917,"date":"2022-02-22T08:19:52","date_gmt":"2022-02-22T08:19:52","guid":{"rendered":"https:\/\/medicinasinc.com\/sk\/?post_type=product&#038;p=5917"},"modified":"2022-03-22T00:45:42","modified_gmt":"2022-03-22T00:45:42","slug":"buy-nm-2201","status":"publish","type":"product","link":"https:\/\/medicinasinc.com\/sk\/product\/buy-nm-2201\/","title":{"rendered":"K\u00fapim NM-2201"},"content":{"rendered":"<p>Je to syntetick\u00fd kanabinoid na b\u00e1ze indolu s n\u00e1zvom CBL-2201. Pravdepodobne m\u00e1 rovnak\u00e9 vlastnosti ako 5F-PB-22 a NNE1, ktor\u00e9 s\u00fa obe \u00fapln\u00fdmi agonistami a via\u017eu sa na receptory CB1 a CB2 s n\u00edzkou nanomol\u00e1rnou afinitou.<\/p>\n<p>K\u00fapi\u0165 NM-2201 Online je dobr\u00e9 miesto na k\u00fapi\u0165 Research Chemicals. NM-2201 si m\u00f4\u017eete k\u00fapi\u0165 online od d\u00f4veryhodn\u00e9ho dod\u00e1vate\u013ea za zn\u00ed\u017een\u00fa cenu. Globalhomed.com je miesto, kde si ho m\u00f4\u017eete k\u00fapi\u0165. Je bezpe\u010dn\u00e9 posla\u0165 NM-2201 z Eur\u00f3py do Spojen\u00fdch \u0161t\u00e1tov a in\u00fdch miest.<\/p>\n<p>Toto je syntetick\u00fd kanabinoid s n\u00e1zvom NM-2201. M\u00e1 ve\u013ea rovnak\u00fdch vlastnost\u00ed ako jeho bl\u00edzki pr\u00edbuzn\u00ed, 5F-PB-22 a NNE1, ktor\u00e9 s\u00fa obe \u00fapln\u00fdmi agonistami a via\u017eu sa na receptory CB1 aj CB2 s n\u00edzkou nanomol\u00e1rnou afinitou.<\/p>\n<p>Len na v\u00fdskum. Nemo\u017eno ho pou\u017ei\u0165 na ni\u010d in\u00e9, napr\u00edklad na diagnostiku in vivo, potraviny, lieky, zdravotn\u00edcke pom\u00f4cky a kozmetiku pre \u013eud\u00ed a\/alebo zvierat\u00e1, a nemo\u017eno ho pou\u017ei\u0165 na \u013eu\u010foch ani zvierat\u00e1ch.<\/p>\n<p>5F -PB-22 a NNE1 s\u00fa syntetick\u00e9 kanabinoidy na b\u00e1ze indolu. Obaja s\u00fa \u00fapln\u00fdmi agonistami a via\u017eu sa na receptory CB1 aj CB2 s n\u00edzkou nanomol\u00e1rnou afinitou.<\/p>\n<p>1. N-naftal\u00e9n-1-ylester 1-(5-flu\u00f3rpentyl)-1H,3-karboxylovej kyseliny N-naftal\u00e9n-1-ylester N-naftal\u00e9n-1-ylester N-naftal\u00e9n-1-1-ylester NM-2201 m\u00e1 chemick\u00fd vzorec C24H22FNO2 a v\u00e1\u017ei 375,16 gramov. V procese \u0161t\u00fadia NM-2201 je e\u0161te ve\u013emi skoro. Zatia\u013e nie je dostatok \u00fadajov, ktor\u00e9 by uk\u00e1zali, \u010do dok\u00e1\u017ee. Je v\u0161ak rovnak\u00fd ako AM-2201. To znamen\u00e1, \u017ee vlastnosti s\u00fa rovnak\u00e9.<\/p>\n<p>Ide o syntetick\u00fd kanabinoid s n\u00e1zvom NM-2201. M\u00e1 ve\u013ea rovnak\u00fdch vlastnost\u00ed ako jeho bl\u00edzki pr\u00edbuzn\u00ed, 5F-PB-22 a NNE1, ktor\u00e9 s\u00fa obe \u00fapln\u00fdmi agonistami a via\u017eu sa na receptory CB1 aj CB2 s n\u00edzkou nanomol\u00e1rnou afinitou.<\/p>\n<p>Len na v\u00fdskum. Nemo\u017eno ho pou\u017ei\u0165 na ni\u010d in\u00e9, napr\u00edklad na diagnostiku in vivo, potraviny, lieky, zdravotn\u00edcke pom\u00f4cky a kozmetiku pre \u013eud\u00ed a\/alebo zvierat\u00e1, a nemo\u017eno ho pou\u017ei\u0165 na \u013eu\u010foch ani zvierat\u00e1ch.<\/p>\n<p>5F -PB-22 a NNE1 s\u00fa syntetick\u00e9 kanabinoidy na b\u00e1ze indolu. Obaja s\u00fa \u00fapln\u00fdmi agonistami a via\u017eu sa na receptory CB1 aj CB2 s n\u00edzkou nanomol\u00e1rnou afinitou.<\/p>\n<p>1. N-naftal\u00e9n-1-ylester 1-(5-flu\u00f3rpentyl)-1H,3-karboxylovej kyseliny N-naftal\u00e9n-1-ylester N-naftal\u00e9n-1-ylester N-naftal\u00e9n-1-1-ylester NM-2201 m\u00e1 chemick\u00fd vzorec C24H22FNO2 a v\u00e1\u017ei 375,16 gramov. V procese \u0161t\u00fadia NM-2201 je e\u0161te ve\u013emi skoro. Zatia\u013e nie je dostatok \u00fadajov, ktor\u00e9 by uk\u00e1zali, \u010do dok\u00e1\u017ee. Je v\u0161ak rovnak\u00fd ako AM-2201. To znamen\u00e1, \u017ee charakteristiky s\u00fa rovnak\u00e9.<\/p>\n","protected":false},"excerpt":{"rendered":"<p><b>K\u00fapi\u0165 NM-2201 <\/b>na predaj Eur\u00f3pa, Spojen\u00e9 kr\u00e1\u013eovstvo (tie\u017e zn\u00e1my ako\u00a0<b>CBL-2201<\/b>) je\u00a0<a class=\"mw-redirect\" title=\"na\" href=\"https:\/\/en.wikipedia.org\/wiki\/Synthetic_cannabinoid\">syntetick\u00fd kanabinoid<\/a>\u00a0, ktor\u00fd m\u00e1 pravdepodobne podobn\u00e9 vlastnosti ako bl\u00edzko pr\u00edbuzn\u00e9\u00a05F-PB-22\u00a0a\u00a0NNE1, ktor\u00e9 s\u00fa oba \u00fapln\u00fdmi agonistami a\u00a0neselekt\u00edvne sa\u00a0via\u017eu na\u00a0CB<sub>1<\/sub>\u00a0a\u00a0CB<sub>2<\/sub> receptory s\u00a0n\u00edzkou nanomol\u00e1rnou afinitou, dostupn\u00e9 vo ve\u013ekoobchode<\/p>\n","protected":false},"featured_media":5938,"comment_status":"open","ping_status":"closed","template":"","meta":[],"product_brand":[],"product_cat":[2596],"product_tag":[4090,4095,4093,4094,4092,4091],"class_list":{"0":"post-5917","1":"product","2":"type-product","3":"status-publish","4":"has-post-thumbnail","6":"product_cat-kanabinoidy-na-predaj","7":"product_tag-buy-nm2201-online","8":"product_tag-kde-kpi-nm2201-online","9":"product_tag-nkup-nm2201-online","10":"product_tag-najlepie-miesto-na-nkup-nm2201-online","11":"product_tag-objednvka-nm2201-online","12":"product_tag-nm2201-na-predaj","14":"first","15":"instock","16":"featured","17":"shipping-taxable","18":"purchasable","19":"product-type-variable"},"yoast_head":"<!-- This site is optimized with the Yoast SEO plugin v27.2 - https:\/\/yoast.com\/product\/yoast-seo-wordpress\/ -->\n<title>K\u00fapte si NM-2201\u00a0\u2013 CBL-2201 \u2013 Najlep\u0161ie najlep\u0161ie glob\u00e1lne lieky<\/title>\n<meta name=\"description\" content=\"K\u00fapi\u0165 NM-2201 na predaj Eur\u00f3pa, Spojen\u00e9 kr\u00e1\u013eovstvo (tie\u017e zn\u00e1my ako\u00a0CBL-2201) je syntetick\u00fd kanabinoid na b\u00e1ze indolu, ktor\u00fd m\u00e1 pravdepodobne podobn\u00e9 vlastnosti ako \u00fazko s\u00favisiace 5F-PB-22 a\u00a0NNE1, ktor\u00e9 s\u00fa obe\u00a0pln\u00fdmi agonistami a\u00a0neselekt\u00edvne sa via\u017eu na Receptory CB1\u00a0a\u00a0CB2 s\u00a0n\u00edzkou nanomol\u00e1rnou afinitou, dostupn\u00e9 vo ve\u013ekoobchode\" \/>\n<meta name=\"robots\" content=\"index, follow, max-snippet:-1, max-image-preview:large, max-video-preview:-1\" \/>\n<link rel=\"canonical\" href=\"https:\/\/medicinasinc.com\/sk\/product\/buy-nm-2201\/\" \/>\n<meta property=\"og:locale\" content=\"en_US\" \/>\n<meta property=\"og:type\" content=\"article\" \/>\n<meta property=\"og:title\" content=\"K\u00fapte si NM-2201\u00a0\u2013 CBL-2201 \u2013 Najlep\u0161ie najlep\u0161ie glob\u00e1lne lieky\" \/>\n<meta property=\"og:description\" content=\"K\u00fapi\u0165 NM-2201 na predaj Eur\u00f3pa, Spojen\u00e9 kr\u00e1\u013eovstvo (tie\u017e zn\u00e1my ako\u00a0CBL-2201) je syntetick\u00fd kanabinoid na b\u00e1ze indolu, ktor\u00fd m\u00e1 pravdepodobne podobn\u00e9 vlastnosti ako \u00fazko s\u00favisiace 5F-PB-22 a\u00a0NNE1, ktor\u00e9 s\u00fa obe\u00a0pln\u00fdmi agonistami a\u00a0neselekt\u00edvne sa via\u017eu na Receptory CB1\u00a0a\u00a0CB2 s\u00a0n\u00edzkou nanomol\u00e1rnou afinitou, dostupn\u00e9 vo ve\u013ekoobchode\" \/>\n<meta property=\"og:url\" content=\"https:\/\/medicinasinc.com\/sk\/product\/buy-nm-2201\/\" \/>\n<meta property=\"og:site_name\" content=\"Medicinas Inc\" \/>\n<meta property=\"article:modified_time\" content=\"2022-03-22T00:45:42+00:00\" \/>\n<meta property=\"og:image\" content=\"https:\/\/medicinasinc.com\/sk\/wp-content\/uploads\/sites\/10\/2022\/02\/Buy-NM-2201.jpg\" \/>\n\t<meta property=\"og:image:width\" content=\"458\" \/>\n\t<meta property=\"og:image:height\" content=\"458\" \/>\n\t<meta property=\"og:image:type\" content=\"image\/jpeg\" \/>\n<meta name=\"twitter:card\" content=\"summary_large_image\" \/>\n<meta name=\"twitter:label1\" content=\"Est. reading time\" \/>\n\t<meta name=\"twitter:data1\" content=\"2 minutes\" \/>\n<script type=\"application\/ld+json\" class=\"yoast-schema-graph\">{\"@context\":\"https:\/\/schema.org\",\"@graph\":[{\"@type\":\"WebPage\",\"@id\":\"https:\/\/medicinasinc.com\/sk\/product\/buy-nm-2201\/\",\"url\":\"https:\/\/medicinasinc.com\/sk\/product\/buy-nm-2201\/\",\"name\":\"K\u00fapte si NM-2201\u00a0\u2013 CBL-2201 \u2013 Najlep\u0161ie najlep\u0161ie glob\u00e1lne lieky\",\"isPartOf\":{\"@id\":\"https:\/\/medicinasinc.com\/sk\/#website\"},\"primaryImageOfPage\":{\"@id\":\"https:\/\/medicinasinc.com\/sk\/product\/buy-nm-2201\/#primaryimage\"},\"image\":{\"@id\":\"https:\/\/medicinasinc.com\/sk\/product\/buy-nm-2201\/#primaryimage\"},\"thumbnailUrl\":\"https:\/\/medicinasinc.com\/sk\/wp-content\/uploads\/sites\/10\/2022\/02\/Buy-NM-2201.jpg\",\"datePublished\":\"2022-02-22T08:19:52+00:00\",\"dateModified\":\"2022-03-22T00:45:42+00:00\",\"description\":\"K\u00fapi\u0165 NM-2201 na predaj Eur\u00f3pa, Spojen\u00e9 kr\u00e1\u013eovstvo (tie\u017e zn\u00e1my ako\u00a0CBL-2201) je syntetick\u00fd kanabinoid na b\u00e1ze indolu, ktor\u00fd m\u00e1 pravdepodobne podobn\u00e9 vlastnosti ako \u00fazko s\u00favisiace 5F-PB-22 a\u00a0NNE1, ktor\u00e9 s\u00fa obe\u00a0pln\u00fdmi agonistami a\u00a0neselekt\u00edvne sa via\u017eu na Receptory CB1\u00a0a\u00a0CB2 s\u00a0n\u00edzkou nanomol\u00e1rnou afinitou, dostupn\u00e9 vo ve\u013ekoobchode\",\"breadcrumb\":{\"@id\":\"https:\/\/medicinasinc.com\/sk\/product\/buy-nm-2201\/#breadcrumb\"},\"inLanguage\":\"en-US\",\"potentialAction\":[{\"@type\":\"ReadAction\",\"target\":[\"https:\/\/medicinasinc.com\/sk\/product\/buy-nm-2201\/\"]}]},{\"@type\":\"ImageObject\",\"inLanguage\":\"en-US\",\"@id\":\"https:\/\/medicinasinc.com\/sk\/product\/buy-nm-2201\/#primaryimage\",\"url\":\"https:\/\/medicinasinc.com\/sk\/wp-content\/uploads\/sites\/10\/2022\/02\/Buy-NM-2201.jpg\",\"contentUrl\":\"https:\/\/medicinasinc.com\/sk\/wp-content\/uploads\/sites\/10\/2022\/02\/Buy-NM-2201.jpg\",\"width\":458,\"height\":458},{\"@type\":\"BreadcrumbList\",\"@id\":\"https:\/\/medicinasinc.com\/sk\/product\/buy-nm-2201\/#breadcrumb\",\"itemListElement\":[{\"@type\":\"ListItem\",\"position\":1,\"name\":\"Obchod\",\"item\":\"https:\/\/medicinasinc.com\/sk\/obchod\/\"},{\"@type\":\"ListItem\",\"position\":2,\"name\":\"K\u00fapim NM-2201\"}]},{\"@type\":\"WebSite\",\"@id\":\"https:\/\/medicinasinc.com\/sk\/#website\",\"url\":\"https:\/\/medicinasinc.com\/sk\/\",\"name\":\"Medicinas Inc\",\"description\":\"Health Medical Clinic\",\"potentialAction\":[{\"@type\":\"SearchAction\",\"target\":{\"@type\":\"EntryPoint\",\"urlTemplate\":\"https:\/\/medicinasinc.com\/sk\/?s={search_term_string}\"},\"query-input\":{\"@type\":\"PropertyValueSpecification\",\"valueRequired\":true,\"valueName\":\"search_term_string\"}}],\"inLanguage\":\"en-US\"}]}<\/script>\n<!-- \/ Yoast SEO plugin. -->","yoast_head_json":{"title":"K\u00fapte si NM-2201\u00a0\u2013 CBL-2201 \u2013 Najlep\u0161ie najlep\u0161ie glob\u00e1lne lieky","description":"K\u00fapi\u0165 NM-2201 na predaj Eur\u00f3pa, Spojen\u00e9 kr\u00e1\u013eovstvo (tie\u017e zn\u00e1my ako\u00a0CBL-2201) je syntetick\u00fd kanabinoid na b\u00e1ze indolu, ktor\u00fd m\u00e1 pravdepodobne podobn\u00e9 vlastnosti ako \u00fazko s\u00favisiace 5F-PB-22 a\u00a0NNE1, ktor\u00e9 s\u00fa obe\u00a0pln\u00fdmi agonistami a\u00a0neselekt\u00edvne sa via\u017eu na Receptory CB1\u00a0a\u00a0CB2 s\u00a0n\u00edzkou nanomol\u00e1rnou afinitou, dostupn\u00e9 vo ve\u013ekoobchode","robots":{"index":"index","follow":"follow","max-snippet":"max-snippet:-1","max-image-preview":"max-image-preview:large","max-video-preview":"max-video-preview:-1"},"canonical":"https:\/\/medicinasinc.com\/sk\/product\/buy-nm-2201\/","og_locale":"en_US","og_type":"article","og_title":"K\u00fapte si NM-2201\u00a0\u2013 CBL-2201 \u2013 Najlep\u0161ie najlep\u0161ie glob\u00e1lne lieky","og_description":"K\u00fapi\u0165 NM-2201 na predaj Eur\u00f3pa, Spojen\u00e9 kr\u00e1\u013eovstvo (tie\u017e zn\u00e1my ako\u00a0CBL-2201) je syntetick\u00fd kanabinoid na b\u00e1ze indolu, ktor\u00fd m\u00e1 pravdepodobne podobn\u00e9 vlastnosti ako \u00fazko s\u00favisiace 5F-PB-22 a\u00a0NNE1, ktor\u00e9 s\u00fa obe\u00a0pln\u00fdmi agonistami a\u00a0neselekt\u00edvne sa via\u017eu na Receptory CB1\u00a0a\u00a0CB2 s\u00a0n\u00edzkou nanomol\u00e1rnou afinitou, dostupn\u00e9 vo ve\u013ekoobchode","og_url":"https:\/\/medicinasinc.com\/sk\/product\/buy-nm-2201\/","og_site_name":"Medicinas Inc","article_modified_time":"2022-03-22T00:45:42+00:00","og_image":[{"width":458,"height":458,"url":"https:\/\/medicinasinc.com\/sk\/wp-content\/uploads\/sites\/10\/2022\/02\/Buy-NM-2201.jpg","type":"image\/jpeg"}],"twitter_card":"summary_large_image","twitter_misc":{"Est. reading time":"2 minutes"},"schema":{"@context":"https:\/\/schema.org","@graph":[{"@type":"WebPage","@id":"https:\/\/medicinasinc.com\/sk\/product\/buy-nm-2201\/","url":"https:\/\/medicinasinc.com\/sk\/product\/buy-nm-2201\/","name":"K\u00fapte si NM-2201\u00a0\u2013 CBL-2201 \u2013 Najlep\u0161ie najlep\u0161ie glob\u00e1lne lieky","isPartOf":{"@id":"https:\/\/medicinasinc.com\/sk\/#website"},"primaryImageOfPage":{"@id":"https:\/\/medicinasinc.com\/sk\/product\/buy-nm-2201\/#primaryimage"},"image":{"@id":"https:\/\/medicinasinc.com\/sk\/product\/buy-nm-2201\/#primaryimage"},"thumbnailUrl":"https:\/\/medicinasinc.com\/sk\/wp-content\/uploads\/sites\/10\/2022\/02\/Buy-NM-2201.jpg","datePublished":"2022-02-22T08:19:52+00:00","dateModified":"2022-03-22T00:45:42+00:00","description":"K\u00fapi\u0165 NM-2201 na predaj Eur\u00f3pa, Spojen\u00e9 kr\u00e1\u013eovstvo (tie\u017e zn\u00e1my ako\u00a0CBL-2201) je syntetick\u00fd kanabinoid na b\u00e1ze indolu, ktor\u00fd m\u00e1 pravdepodobne podobn\u00e9 vlastnosti ako \u00fazko s\u00favisiace 5F-PB-22 a\u00a0NNE1, ktor\u00e9 s\u00fa obe\u00a0pln\u00fdmi agonistami a\u00a0neselekt\u00edvne sa via\u017eu na Receptory CB1\u00a0a\u00a0CB2 s\u00a0n\u00edzkou nanomol\u00e1rnou afinitou, dostupn\u00e9 vo ve\u013ekoobchode","breadcrumb":{"@id":"https:\/\/medicinasinc.com\/sk\/product\/buy-nm-2201\/#breadcrumb"},"inLanguage":"en-US","potentialAction":[{"@type":"ReadAction","target":["https:\/\/medicinasinc.com\/sk\/product\/buy-nm-2201\/"]}]},{"@type":"ImageObject","inLanguage":"en-US","@id":"https:\/\/medicinasinc.com\/sk\/product\/buy-nm-2201\/#primaryimage","url":"https:\/\/medicinasinc.com\/sk\/wp-content\/uploads\/sites\/10\/2022\/02\/Buy-NM-2201.jpg","contentUrl":"https:\/\/medicinasinc.com\/sk\/wp-content\/uploads\/sites\/10\/2022\/02\/Buy-NM-2201.jpg","width":458,"height":458},{"@type":"BreadcrumbList","@id":"https:\/\/medicinasinc.com\/sk\/product\/buy-nm-2201\/#breadcrumb","itemListElement":[{"@type":"ListItem","position":1,"name":"Obchod","item":"https:\/\/medicinasinc.com\/sk\/obchod\/"},{"@type":"ListItem","position":2,"name":"K\u00fapim NM-2201"}]},{"@type":"WebSite","@id":"https:\/\/medicinasinc.com\/sk\/#website","url":"https:\/\/medicinasinc.com\/sk\/","name":"Medicinas Inc","description":"Health Medical Clinic","potentialAction":[{"@type":"SearchAction","target":{"@type":"EntryPoint","urlTemplate":"https:\/\/medicinasinc.com\/sk\/?s={search_term_string}"},"query-input":{"@type":"PropertyValueSpecification","valueRequired":true,"valueName":"search_term_string"}}],"inLanguage":"en-US"}]}},"_links":{"self":[{"href":"https:\/\/medicinasinc.com\/sk\/wp-json\/wp\/v2\/product\/5917","targetHints":{"allow":["GET"]}}],"collection":[{"href":"https:\/\/medicinasinc.com\/sk\/wp-json\/wp\/v2\/product"}],"about":[{"href":"https:\/\/medicinasinc.com\/sk\/wp-json\/wp\/v2\/types\/product"}],"replies":[{"embeddable":true,"href":"https:\/\/medicinasinc.com\/sk\/wp-json\/wp\/v2\/comments?post=5917"}],"wp:featuredmedia":[{"embeddable":true,"href":"https:\/\/medicinasinc.com\/sk\/wp-json\/wp\/v2\/media\/5938"}],"wp:attachment":[{"href":"https:\/\/medicinasinc.com\/sk\/wp-json\/wp\/v2\/media?parent=5917"}],"wp:term":[{"taxonomy":"product_brand","embeddable":true,"href":"https:\/\/medicinasinc.com\/sk\/wp-json\/wp\/v2\/product_brand?post=5917"},{"taxonomy":"product_cat","embeddable":true,"href":"https:\/\/medicinasinc.com\/sk\/wp-json\/wp\/v2\/product_cat?post=5917"},{"taxonomy":"product_tag","embeddable":true,"href":"https:\/\/medicinasinc.com\/sk\/wp-json\/wp\/v2\/product_tag?post=5917"}],"curies":[{"name":"wp","href":"https:\/\/api.w.org\/{rel}","templated":true}]}}