{"id":5912,"date":"2022-02-22T08:15:30","date_gmt":"2022-02-22T08:15:30","guid":{"rendered":"https:\/\/medicinasinc.com\/sk\/?post_type=product&#038;p=5912"},"modified":"2022-03-22T00:45:52","modified_gmt":"2022-03-22T00:45:52","slug":"buy-mdmb-chmica","status":"publish","type":"product","link":"https:\/\/medicinasinc.com\/sk\/product\/buy-mdmb-chmica\/","title":{"rendered":"K\u00fapte si MDMB-CHMICA"},"content":{"rendered":"<p>MDMB-CHMICA (alebo MMB-CHMINACA) je syntetick\u00fd kanabis na b\u00e1ze indolu, ktor\u00fd sa pon\u00faka online ako dizajnov\u00e1 droga. Zatia\u013e \u010do MDMB-CHMICA bol p\u00f4vodne pred\u00e1van\u00fd ako &#8220;MMB-CHMINACA&#8221;, izopropylov\u00fd anal\u00f3g MDMB-CHMINACA (AMB-CHMINACA) bol objaven\u00fd na trhu s dizajn\u00e9rskymi drogami v roku 2015.<\/p>\n<p>MMB-CHMINACA<\/p>\n<p>MDMB-CHMINACA<\/p>\n<p>MMB-CHMINACA (MDMB-CHMINACA) je syntetick\u00fd kanabis na b\u00e1ze indolu, ktor\u00fd bol pon\u00fakan\u00fd online ako dizajnov\u00e1 droga.<\/p>\n<p>MMB-CHMINACA<\/p>\n<p> p&gt; <\/p>\n<p>MDMB-CHMINACA<\/p>\n<p>N\u00e1zov IUPAC: (2S)<\/p>\n<p>2,3-dimetylbutano\u00e1t<br \/> CAS: N\/A<br \/> N\/A ChemSpider <br \/> C23H32N2O3<br \/> 384,5 g\/mol MMB<br \/> MDMB-CHMINACA<\/p>\n<p>(2S)-metyl<\/p>\n<p>1H-indol-3-ylkarbonylamino-2 ,3-dimetylbutano\u00e1t<\/p>\n<p>MMB-CHMINACA (MDMB-CHMINACA) je kanabinoid na b\u00e1ze indolu s dimetylbutano\u00e1tovou skupinou. Zd\u00e1 sa, \u017ee t\u00e1to chemik\u00e1lia m\u00e1 vy\u0161\u0161iu v\u00e4zbov\u00fa afinitu in vitro ako mnoh\u00e9 s\u00fa\u010dasn\u00e9 kanabinoidy a v\u00fdskumn\u00edci by to mali ma\u0165 na pam\u00e4ti pri navrhovan\u00ed \u0161t\u00fadi\u00ed a nasadzovan\u00ed materi\u00e1lu na bunkov\u00e9 substr\u00e1ty.<\/p>\n<p>Syntetick\u00e9 kanabinoidy s\u00fa ve\u013ekou zbierkou zl\u00fa\u010den\u00edn, ktor\u00e9 sa neust\u00e1le pou\u017e\u00edvaj\u00fa vyv\u00edja a predstav\u00ed sa verejnosti. Uvedenie MMB-CHMINACA v\u0161ak vyvolalo pozoruhodn\u00fd z\u00e1ujem v\u010faka svojim jedine\u010dn\u00fdm vlastnostiam. Jeho predpokladan\u00fd vplyv na receptory CB1 a CB2 je podstatne v\u00e4\u010d\u0161\u00ed na jednotku ako AB-CHMINACA, \u010do si vy\u017eaduje men\u0161ie mno\u017estvo akt\u00edvneho materi\u00e1lu na splnenie cie\u013ea experimentu.<\/p>\n<p>MMB-CHMINACA je biely pr\u00e1\u0161ok, ktor\u00fd mo\u017eno bezpe\u010dne skladova\u0165 a manipuluje sa s nimi v laborat\u00f3riu. Tento syntetick\u00fd kanabinoid m\u00e1 komplikovan\u00fd chemick\u00fd vzorec (2S)-metyl-2-(1-(cyklohexylmetyl)-1H-indol-3-ylkarbonylamino)-3,3-dimetylbutano\u00e1t. Jej molekulov\u00e1 hmotnos\u0165 je 384,5 g\/mol a jej vzorec je C23H32N2O3.<\/p>\n<p>MMB-CHMINACA je nov\u00e1 chemik\u00e1lia, s ktorou by sa malo nar\u00e1ba\u0165 s maxim\u00e1lnou pozornos\u0165ou a mala by sa presne mera\u0165 kv\u00f4li jej v\u00fdnimo\u010dnej \u010distote. Vyz\u00fdvame ka\u017ed\u00e9ho, aby pred z\u00edskan\u00edm syntetick\u00e9ho kanabisu a in\u00fdch l\u00e1tok z n\u00e1\u0161ho online obchodu presk\u00famal stav miestnych obmedzen\u00ed.<\/p>\n","protected":false},"excerpt":{"rendered":"<p>K\u00fapi\u0165 MDMB-CHMICA, MMB2101\u00a0na predaj Eur\u00f3pa, Spojen\u00e9 kr\u00e1\u013eovstvo (nespr\u00e1vne zn\u00e1my aj ako MMB-CHMINACA) je syntetick\u00fd kanabinoid na b\u00e1ze indolu, ktor\u00fd je siln\u00fdm agonistom receptora CB1 a pred\u00e1va sa online ako zna\u010dkov\u00fd liek, Ve\u013ekoobchod Objedn\u00e1vka je k dispoz\u00edcii<\/p>\n","protected":false},"featured_media":5937,"comment_status":"open","ping_status":"closed","template":"","meta":[],"product_brand":[],"product_cat":[2596],"product_tag":[4084,4083,4089,4085,4086,4088,4087],"class_list":{"0":"post-5912","1":"product","2":"type-product","3":"status-publish","4":"has-post-thumbnail","6":"product_cat-kanabinoidy-na-predaj","7":"product_tag-ako-kpi-mmb-chminaca-online","8":"product_tag-buy-mmb-chminaca-online","9":"product_tag-kde-kpi-mmb-chminaca-online","10":"product_tag-mmb-chminaca","11":"product_tag-mmb-chminaca-na-predaj","12":"product_tag-najlepie-miesto-na-kpi-mmb-chminaca-online","13":"product_tag-objedna-mmb-chminaca-online","15":"first","16":"instock","17":"shipping-taxable","18":"purchasable","19":"product-type-variable"},"yoast_head":"<!-- This site is optimized with the Yoast SEO plugin v27.3 - https:\/\/yoast.com\/product\/yoast-seo-wordpress\/ -->\n<title>K\u00fapi\u0165 MMB-Chminaca - MMB-CHMINACA - Najlep\u0161ie glob\u00e1lne lieky<\/title>\n<meta name=\"description\" content=\"K\u00fapi\u0165 MDMB-CHMICA, MMB2101\u00a0na predaj Eur\u00f3pa, Spojen\u00e9 kr\u00e1\u013eovstvo (nespr\u00e1vne zn\u00e1my aj ako MMB-CHMINACA) je syntetick\u00fd kanabinoid na b\u00e1ze indolu, ktor\u00fd je \u00fa\u010dinn\u00fdm agonistom receptora\u00a0CB1 a\u00a0pred\u00e1va sa online ako dizajnov\u00fd liek, k\u00a0dispoz\u00edcii je ve\u013ekoobchodn\u00e1 objedn\u00e1vka\" \/>\n<meta name=\"robots\" content=\"index, follow, max-snippet:-1, max-image-preview:large, max-video-preview:-1\" \/>\n<link rel=\"canonical\" href=\"https:\/\/medicinasinc.com\/sk\/product\/buy-mdmb-chmica\/\" \/>\n<meta property=\"og:locale\" content=\"en_US\" \/>\n<meta property=\"og:type\" content=\"article\" \/>\n<meta property=\"og:title\" content=\"K\u00fapi\u0165 MMB-Chminaca - MMB-CHMINACA - Najlep\u0161ie glob\u00e1lne lieky\" \/>\n<meta property=\"og:description\" content=\"K\u00fapi\u0165 MDMB-CHMICA, MMB2101\u00a0na predaj Eur\u00f3pa, Spojen\u00e9 kr\u00e1\u013eovstvo (nespr\u00e1vne zn\u00e1my aj ako MMB-CHMINACA) je syntetick\u00fd kanabinoid na b\u00e1ze indolu, ktor\u00fd je \u00fa\u010dinn\u00fdm agonistom receptora\u00a0CB1 a\u00a0pred\u00e1va sa online ako dizajnov\u00fd liek, k\u00a0dispoz\u00edcii je ve\u013ekoobchodn\u00e1 objedn\u00e1vka\" \/>\n<meta property=\"og:url\" content=\"https:\/\/medicinasinc.com\/sk\/product\/buy-mdmb-chmica\/\" \/>\n<meta property=\"og:site_name\" content=\"Medicinas Inc\" \/>\n<meta property=\"article:modified_time\" content=\"2022-03-22T00:45:52+00:00\" \/>\n<meta property=\"og:image\" content=\"https:\/\/medicinasinc.com\/sk\/wp-content\/uploads\/sites\/10\/2022\/02\/Buy-MDMB-CHMICA.jpg\" \/>\n\t<meta property=\"og:image:width\" content=\"459\" \/>\n\t<meta property=\"og:image:height\" content=\"443\" \/>\n\t<meta property=\"og:image:type\" content=\"image\/jpeg\" \/>\n<meta name=\"twitter:card\" content=\"summary_large_image\" \/>\n<meta name=\"twitter:label1\" content=\"Est. reading time\" \/>\n\t<meta name=\"twitter:data1\" content=\"2 minutes\" \/>\n<script type=\"application\/ld+json\" class=\"yoast-schema-graph\">{\"@context\":\"https:\\\/\\\/schema.org\",\"@graph\":[{\"@type\":\"WebPage\",\"@id\":\"https:\\\/\\\/medicinasinc.com\\\/sk\\\/product\\\/buy-mdmb-chmica\\\/\",\"url\":\"https:\\\/\\\/medicinasinc.com\\\/sk\\\/product\\\/buy-mdmb-chmica\\\/\",\"name\":\"K\u00fapi\u0165 MMB-Chminaca - MMB-CHMINACA - Najlep\u0161ie glob\u00e1lne lieky\",\"isPartOf\":{\"@id\":\"https:\\\/\\\/medicinasinc.com\\\/sk\\\/#website\"},\"primaryImageOfPage\":{\"@id\":\"https:\\\/\\\/medicinasinc.com\\\/sk\\\/product\\\/buy-mdmb-chmica\\\/#primaryimage\"},\"image\":{\"@id\":\"https:\\\/\\\/medicinasinc.com\\\/sk\\\/product\\\/buy-mdmb-chmica\\\/#primaryimage\"},\"thumbnailUrl\":\"https:\\\/\\\/medicinasinc.com\\\/sk\\\/wp-content\\\/uploads\\\/sites\\\/10\\\/2022\\\/02\\\/Buy-MDMB-CHMICA.jpg\",\"datePublished\":\"2022-02-22T08:15:30+00:00\",\"dateModified\":\"2022-03-22T00:45:52+00:00\",\"description\":\"K\u00fapi\u0165 MDMB-CHMICA, MMB2101\u00a0na predaj Eur\u00f3pa, Spojen\u00e9 kr\u00e1\u013eovstvo (nespr\u00e1vne zn\u00e1my aj ako MMB-CHMINACA) je syntetick\u00fd kanabinoid na b\u00e1ze indolu, ktor\u00fd je \u00fa\u010dinn\u00fdm agonistom receptora\u00a0CB1 a\u00a0pred\u00e1va sa online ako dizajnov\u00fd liek, k\u00a0dispoz\u00edcii je ve\u013ekoobchodn\u00e1 objedn\u00e1vka\",\"breadcrumb\":{\"@id\":\"https:\\\/\\\/medicinasinc.com\\\/sk\\\/product\\\/buy-mdmb-chmica\\\/#breadcrumb\"},\"inLanguage\":\"en-US\",\"potentialAction\":[{\"@type\":\"ReadAction\",\"target\":[\"https:\\\/\\\/medicinasinc.com\\\/sk\\\/product\\\/buy-mdmb-chmica\\\/\"]}]},{\"@type\":\"ImageObject\",\"inLanguage\":\"en-US\",\"@id\":\"https:\\\/\\\/medicinasinc.com\\\/sk\\\/product\\\/buy-mdmb-chmica\\\/#primaryimage\",\"url\":\"https:\\\/\\\/medicinasinc.com\\\/sk\\\/wp-content\\\/uploads\\\/sites\\\/10\\\/2022\\\/02\\\/Buy-MDMB-CHMICA.jpg\",\"contentUrl\":\"https:\\\/\\\/medicinasinc.com\\\/sk\\\/wp-content\\\/uploads\\\/sites\\\/10\\\/2022\\\/02\\\/Buy-MDMB-CHMICA.jpg\",\"width\":459,\"height\":443},{\"@type\":\"BreadcrumbList\",\"@id\":\"https:\\\/\\\/medicinasinc.com\\\/sk\\\/product\\\/buy-mdmb-chmica\\\/#breadcrumb\",\"itemListElement\":[{\"@type\":\"ListItem\",\"position\":1,\"name\":\"Obchod\",\"item\":\"https:\\\/\\\/medicinasinc.com\\\/sk\\\/obchod\\\/\"},{\"@type\":\"ListItem\",\"position\":2,\"name\":\"K\u00fapte si MDMB-CHMICA\"}]},{\"@type\":\"WebSite\",\"@id\":\"https:\\\/\\\/medicinasinc.com\\\/sk\\\/#website\",\"url\":\"https:\\\/\\\/medicinasinc.com\\\/sk\\\/\",\"name\":\"Medicinas Inc\",\"description\":\"Health Medical Clinic\",\"potentialAction\":[{\"@type\":\"SearchAction\",\"target\":{\"@type\":\"EntryPoint\",\"urlTemplate\":\"https:\\\/\\\/medicinasinc.com\\\/sk\\\/?s={search_term_string}\"},\"query-input\":{\"@type\":\"PropertyValueSpecification\",\"valueRequired\":true,\"valueName\":\"search_term_string\"}}],\"inLanguage\":\"en-US\"}]}<\/script>\n<!-- \/ Yoast SEO plugin. -->","yoast_head_json":{"title":"K\u00fapi\u0165 MMB-Chminaca - MMB-CHMINACA - Najlep\u0161ie glob\u00e1lne lieky","description":"K\u00fapi\u0165 MDMB-CHMICA, MMB2101\u00a0na predaj Eur\u00f3pa, Spojen\u00e9 kr\u00e1\u013eovstvo (nespr\u00e1vne zn\u00e1my aj ako MMB-CHMINACA) je syntetick\u00fd kanabinoid na b\u00e1ze indolu, ktor\u00fd je \u00fa\u010dinn\u00fdm agonistom receptora\u00a0CB1 a\u00a0pred\u00e1va sa online ako dizajnov\u00fd liek, k\u00a0dispoz\u00edcii je ve\u013ekoobchodn\u00e1 objedn\u00e1vka","robots":{"index":"index","follow":"follow","max-snippet":"max-snippet:-1","max-image-preview":"max-image-preview:large","max-video-preview":"max-video-preview:-1"},"canonical":"https:\/\/medicinasinc.com\/sk\/product\/buy-mdmb-chmica\/","og_locale":"en_US","og_type":"article","og_title":"K\u00fapi\u0165 MMB-Chminaca - MMB-CHMINACA - Najlep\u0161ie glob\u00e1lne lieky","og_description":"K\u00fapi\u0165 MDMB-CHMICA, MMB2101\u00a0na predaj Eur\u00f3pa, Spojen\u00e9 kr\u00e1\u013eovstvo (nespr\u00e1vne zn\u00e1my aj ako MMB-CHMINACA) je syntetick\u00fd kanabinoid na b\u00e1ze indolu, ktor\u00fd je \u00fa\u010dinn\u00fdm agonistom receptora\u00a0CB1 a\u00a0pred\u00e1va sa online ako dizajnov\u00fd liek, k\u00a0dispoz\u00edcii je ve\u013ekoobchodn\u00e1 objedn\u00e1vka","og_url":"https:\/\/medicinasinc.com\/sk\/product\/buy-mdmb-chmica\/","og_site_name":"Medicinas Inc","article_modified_time":"2022-03-22T00:45:52+00:00","og_image":[{"width":459,"height":443,"url":"https:\/\/medicinasinc.com\/sk\/wp-content\/uploads\/sites\/10\/2022\/02\/Buy-MDMB-CHMICA.jpg","type":"image\/jpeg"}],"twitter_card":"summary_large_image","twitter_misc":{"Est. reading time":"2 minutes"},"schema":{"@context":"https:\/\/schema.org","@graph":[{"@type":"WebPage","@id":"https:\/\/medicinasinc.com\/sk\/product\/buy-mdmb-chmica\/","url":"https:\/\/medicinasinc.com\/sk\/product\/buy-mdmb-chmica\/","name":"K\u00fapi\u0165 MMB-Chminaca - MMB-CHMINACA - Najlep\u0161ie glob\u00e1lne lieky","isPartOf":{"@id":"https:\/\/medicinasinc.com\/sk\/#website"},"primaryImageOfPage":{"@id":"https:\/\/medicinasinc.com\/sk\/product\/buy-mdmb-chmica\/#primaryimage"},"image":{"@id":"https:\/\/medicinasinc.com\/sk\/product\/buy-mdmb-chmica\/#primaryimage"},"thumbnailUrl":"https:\/\/medicinasinc.com\/sk\/wp-content\/uploads\/sites\/10\/2022\/02\/Buy-MDMB-CHMICA.jpg","datePublished":"2022-02-22T08:15:30+00:00","dateModified":"2022-03-22T00:45:52+00:00","description":"K\u00fapi\u0165 MDMB-CHMICA, MMB2101\u00a0na predaj Eur\u00f3pa, Spojen\u00e9 kr\u00e1\u013eovstvo (nespr\u00e1vne zn\u00e1my aj ako MMB-CHMINACA) je syntetick\u00fd kanabinoid na b\u00e1ze indolu, ktor\u00fd je \u00fa\u010dinn\u00fdm agonistom receptora\u00a0CB1 a\u00a0pred\u00e1va sa online ako dizajnov\u00fd liek, k\u00a0dispoz\u00edcii je ve\u013ekoobchodn\u00e1 objedn\u00e1vka","breadcrumb":{"@id":"https:\/\/medicinasinc.com\/sk\/product\/buy-mdmb-chmica\/#breadcrumb"},"inLanguage":"en-US","potentialAction":[{"@type":"ReadAction","target":["https:\/\/medicinasinc.com\/sk\/product\/buy-mdmb-chmica\/"]}]},{"@type":"ImageObject","inLanguage":"en-US","@id":"https:\/\/medicinasinc.com\/sk\/product\/buy-mdmb-chmica\/#primaryimage","url":"https:\/\/medicinasinc.com\/sk\/wp-content\/uploads\/sites\/10\/2022\/02\/Buy-MDMB-CHMICA.jpg","contentUrl":"https:\/\/medicinasinc.com\/sk\/wp-content\/uploads\/sites\/10\/2022\/02\/Buy-MDMB-CHMICA.jpg","width":459,"height":443},{"@type":"BreadcrumbList","@id":"https:\/\/medicinasinc.com\/sk\/product\/buy-mdmb-chmica\/#breadcrumb","itemListElement":[{"@type":"ListItem","position":1,"name":"Obchod","item":"https:\/\/medicinasinc.com\/sk\/obchod\/"},{"@type":"ListItem","position":2,"name":"K\u00fapte si MDMB-CHMICA"}]},{"@type":"WebSite","@id":"https:\/\/medicinasinc.com\/sk\/#website","url":"https:\/\/medicinasinc.com\/sk\/","name":"Medicinas Inc","description":"Health Medical Clinic","potentialAction":[{"@type":"SearchAction","target":{"@type":"EntryPoint","urlTemplate":"https:\/\/medicinasinc.com\/sk\/?s={search_term_string}"},"query-input":{"@type":"PropertyValueSpecification","valueRequired":true,"valueName":"search_term_string"}}],"inLanguage":"en-US"}]}},"_links":{"self":[{"href":"https:\/\/medicinasinc.com\/sk\/wp-json\/wp\/v2\/product\/5912","targetHints":{"allow":["GET"]}}],"collection":[{"href":"https:\/\/medicinasinc.com\/sk\/wp-json\/wp\/v2\/product"}],"about":[{"href":"https:\/\/medicinasinc.com\/sk\/wp-json\/wp\/v2\/types\/product"}],"replies":[{"embeddable":true,"href":"https:\/\/medicinasinc.com\/sk\/wp-json\/wp\/v2\/comments?post=5912"}],"wp:featuredmedia":[{"embeddable":true,"href":"https:\/\/medicinasinc.com\/sk\/wp-json\/wp\/v2\/media\/5937"}],"wp:attachment":[{"href":"https:\/\/medicinasinc.com\/sk\/wp-json\/wp\/v2\/media?parent=5912"}],"wp:term":[{"taxonomy":"product_brand","embeddable":true,"href":"https:\/\/medicinasinc.com\/sk\/wp-json\/wp\/v2\/product_brand?post=5912"},{"taxonomy":"product_cat","embeddable":true,"href":"https:\/\/medicinasinc.com\/sk\/wp-json\/wp\/v2\/product_cat?post=5912"},{"taxonomy":"product_tag","embeddable":true,"href":"https:\/\/medicinasinc.com\/sk\/wp-json\/wp\/v2\/product_tag?post=5912"}],"curies":[{"name":"wp","href":"https:\/\/api.w.org\/{rel}","templated":true}]}}