{"id":5906,"date":"2022-02-22T08:12:00","date_gmt":"2022-02-22T08:12:00","guid":{"rendered":"https:\/\/medicinasinc.com\/sk\/?post_type=product&#038;p=5906"},"modified":"2022-03-22T00:46:07","modified_gmt":"2022-03-22T00:46:07","slug":"buy-with-fubinaca","status":"publish","type":"product","link":"https:\/\/medicinasinc.com\/sk\/product\/buy-with-fubinaca\/","title":{"rendered":"K\u00fapi\u0165 AMB-FUBINACA"},"content":{"rendered":"<p>Syntetick\u00fd kanabinoid AMB-FUBINACA na b\u00e1ze indazolu, tie\u017e zn\u00e1my ako FUB-AMB a MMB-FUBINACA, je siln\u00fd kanabinoidn\u00fd agonista. M\u00e1 hodnoty Ki 10,04 nM pri CB1 a 0,786 nM pri CB2 a hodnoty EC50 0,5433 nM pri CB1 a 0,1278 nM pri CB2. Pred\u00e1val sa online ako dizajn\u00e9rska droga. Prv\u00fdkr\u00e1t ho vyrobila spolo\u010dnos\u0165 Pfizer, ktor\u00e1 podala patent na zl\u00fa\u010deninu v roku 2009. Zl\u00fa\u010denina nebola nikdy testovan\u00e1 na \u013eu\u010foch. V roku 2017 a v prvej polovici roku 2018 DEA zabavila ve\u013ea drog. Najbe\u017enej\u0161\u00edm syntetick\u00fdm kanabinoidom bol AMB-FUBINACA.<\/p>\n<p>Ide o syntetick\u00fd kanabinoid na b\u00e1ze indazolu s n\u00e1zvom AMB-FUBINACA, a je to siln\u00fd agonista pre kanabinoidn\u00e9 receptory. M\u00e1 hodnoty Ki 10,04 nM na CB1 a 0,786 nM na CB2 a hodnoty EC50 0,5433 nM na CB1 a 0,1278 nM na CB2. Pred\u00e1val sa online ako dizajn\u00e9rska droga.<\/p>\n","protected":false},"excerpt":{"rendered":"<p><b>K\u00fapte si AMB-FUBINACA<\/b> kv\u00f4li Ve\u013ekej Brit\u00e1nii, Eur\u00f3pe (tie\u017e zn\u00e1my ako <b>FUB-AMB<\/b>\u00a0a\u00a0<b>MMB-FUBINACA<\/b>) je zalo\u017een\u00fd na indazole <a class=\"mw-redirect\" title=\"Syntetick\u00fd kanabinoid\" href=\"https:\/\/en.wikipedia.org\/wiki\/Synthetic_cannabinoid\">syntetick\u00fd kanabinoid<\/a>\u00a0\u010do je siln\u00fd\u00a0<a title=\"Agonista\" href=\"https:\/\/en.wikipedia.org\/wiki\/Agonist\">agonista<\/a>\u00a0pre\u00a0kanabinoidn\u00e9 receptory s\u00a0<i>K<\/i><sub>i<\/sub>\u00a0hodnotami 10,04\u00a0nM pri CB<sub>1<\/sub>\u00a0a 0,786\u00a0nM pri\u00a0CB<sub>2<\/sub>\u00a0a\u00a0EC<sub>50<\/sub>\u00a0hodnoty 0,5433\u00a0nM pri CB<sub>1<\/sub>\u00a0a 0,1278\u00a0nM pri CB<sub>2<\/sub>, <sup id=\"cite_ref-1\" class=\"reference\"><\/sup>a bol pred\u00e1van\u00fd online ako\u00a0n\u00e1vrhov\u00fd liek<\/p>\n","protected":false},"featured_media":5936,"comment_status":"open","ping_status":"closed","template":"","meta":[],"product_brand":[],"product_cat":[2596],"product_tag":[4079,4077,4078,4082,4081,4080],"class_list":{"0":"post-5906","1":"product","2":"type-product","3":"status-publish","4":"has-post-thumbnail","6":"product_cat-kanabinoidy-na-predaj","7":"product_tag-ako-kpi-fub-amb-online","8":"product_tag-buy-fub-amb-online","9":"product_tag-fub-amb-for-sale","10":"product_tag-kde-kpi-fub-amb-online","11":"product_tag-nkup-fub-s-online","12":"product_tag-order-fub-with-online","14":"first","15":"instock","16":"shipping-taxable","17":"purchasable","18":"product-type-variable"},"yoast_head":"<!-- This site is optimized with the Yoast SEO plugin v27.3 - https:\/\/yoast.com\/product\/yoast-seo-wordpress\/ -->\n<title>K\u00fapi\u0165 AMB-FUBINACA - FUB-AMB - MMB-FUBINACA - Najlep\u0161ie glob\u00e1lne lieky<\/title>\n<meta name=\"description\" content=\"K\u00fapte si AMB-FUBINACA kv\u00f4li Spojen\u00e9mu kr\u00e1\u013eovstvu, Eur\u00f3pe (tie\u017e zn\u00e1my ako FUB-AMB\u00a0a\u00a0MMB-FUBINACA) je syntetick\u00fd kanabinoid na b\u00e1ze indazolu, ktor\u00fd je \u00fa\u010dinn\u00fdm agonistom pre kanabinoidn\u00e9 receptory s\u00a0hodnotami Ki 10,04\u00a0nM pri 0,M76\u00a0n\u00a0CB1 CB2\u00a0a\u00a0EC50\u00a0hodnoty 0,5433\u00a0nM na CB1\u00a0a\u00a00,1278\u00a0nM na CB2 a\u00a0pred\u00e1va sa online ako dizajnov\u00fd liek\" \/>\n<meta name=\"robots\" content=\"index, follow, max-snippet:-1, max-image-preview:large, max-video-preview:-1\" \/>\n<link rel=\"canonical\" href=\"https:\/\/medicinasinc.com\/sk\/product\/buy-with-fubinaca\/\" \/>\n<meta property=\"og:locale\" content=\"en_US\" \/>\n<meta property=\"og:type\" content=\"article\" \/>\n<meta property=\"og:title\" content=\"K\u00fapi\u0165 AMB-FUBINACA - FUB-AMB - MMB-FUBINACA - Najlep\u0161ie glob\u00e1lne lieky\" \/>\n<meta property=\"og:description\" content=\"K\u00fapte si AMB-FUBINACA kv\u00f4li Spojen\u00e9mu kr\u00e1\u013eovstvu, Eur\u00f3pe (tie\u017e zn\u00e1my ako FUB-AMB\u00a0a\u00a0MMB-FUBINACA) je syntetick\u00fd kanabinoid na b\u00e1ze indazolu, ktor\u00fd je \u00fa\u010dinn\u00fdm agonistom pre kanabinoidn\u00e9 receptory s\u00a0hodnotami Ki 10,04\u00a0nM pri 0,M76\u00a0n\u00a0CB1 CB2\u00a0a\u00a0EC50\u00a0hodnoty 0,5433\u00a0nM na CB1\u00a0a\u00a00,1278\u00a0nM na CB2 a\u00a0pred\u00e1va sa online ako dizajnov\u00fd liek\" \/>\n<meta property=\"og:url\" content=\"https:\/\/medicinasinc.com\/sk\/product\/buy-with-fubinaca\/\" \/>\n<meta property=\"og:site_name\" content=\"Medicinas Inc\" \/>\n<meta property=\"article:modified_time\" content=\"2022-03-22T00:46:07+00:00\" \/>\n<meta property=\"og:image\" content=\"https:\/\/medicinasinc.com\/sk\/wp-content\/uploads\/sites\/10\/2022\/02\/Buy-AMB-FUBINACA.jpg\" \/>\n\t<meta property=\"og:image:width\" content=\"400\" \/>\n\t<meta property=\"og:image:height\" content=\"400\" \/>\n\t<meta property=\"og:image:type\" content=\"image\/jpeg\" \/>\n<meta name=\"twitter:card\" content=\"summary_large_image\" \/>\n<meta name=\"twitter:label1\" content=\"Est. reading time\" \/>\n\t<meta name=\"twitter:data1\" content=\"1 minute\" \/>\n<script type=\"application\/ld+json\" class=\"yoast-schema-graph\">{\"@context\":\"https:\\\/\\\/schema.org\",\"@graph\":[{\"@type\":\"WebPage\",\"@id\":\"https:\\\/\\\/medicinasinc.com\\\/sk\\\/product\\\/buy-with-fubinaca\\\/\",\"url\":\"https:\\\/\\\/medicinasinc.com\\\/sk\\\/product\\\/buy-with-fubinaca\\\/\",\"name\":\"K\u00fapi\u0165 AMB-FUBINACA - FUB-AMB - MMB-FUBINACA - Najlep\u0161ie glob\u00e1lne lieky\",\"isPartOf\":{\"@id\":\"https:\\\/\\\/medicinasinc.com\\\/sk\\\/#website\"},\"primaryImageOfPage\":{\"@id\":\"https:\\\/\\\/medicinasinc.com\\\/sk\\\/product\\\/buy-with-fubinaca\\\/#primaryimage\"},\"image\":{\"@id\":\"https:\\\/\\\/medicinasinc.com\\\/sk\\\/product\\\/buy-with-fubinaca\\\/#primaryimage\"},\"thumbnailUrl\":\"https:\\\/\\\/medicinasinc.com\\\/sk\\\/wp-content\\\/uploads\\\/sites\\\/10\\\/2022\\\/02\\\/Buy-AMB-FUBINACA.jpg\",\"datePublished\":\"2022-02-22T08:12:00+00:00\",\"dateModified\":\"2022-03-22T00:46:07+00:00\",\"description\":\"K\u00fapte si AMB-FUBINACA kv\u00f4li Spojen\u00e9mu kr\u00e1\u013eovstvu, Eur\u00f3pe (tie\u017e zn\u00e1my ako FUB-AMB\u00a0a\u00a0MMB-FUBINACA) je syntetick\u00fd kanabinoid na b\u00e1ze indazolu, ktor\u00fd je \u00fa\u010dinn\u00fdm agonistom pre kanabinoidn\u00e9 receptory s\u00a0hodnotami Ki 10,04\u00a0nM pri 0,M76\u00a0n\u00a0CB1 CB2\u00a0a\u00a0EC50\u00a0hodnoty 0,5433\u00a0nM na CB1\u00a0a\u00a00,1278\u00a0nM na CB2 a\u00a0pred\u00e1va sa online ako dizajnov\u00fd liek\",\"breadcrumb\":{\"@id\":\"https:\\\/\\\/medicinasinc.com\\\/sk\\\/product\\\/buy-with-fubinaca\\\/#breadcrumb\"},\"inLanguage\":\"en-US\",\"potentialAction\":[{\"@type\":\"ReadAction\",\"target\":[\"https:\\\/\\\/medicinasinc.com\\\/sk\\\/product\\\/buy-with-fubinaca\\\/\"]}]},{\"@type\":\"ImageObject\",\"inLanguage\":\"en-US\",\"@id\":\"https:\\\/\\\/medicinasinc.com\\\/sk\\\/product\\\/buy-with-fubinaca\\\/#primaryimage\",\"url\":\"https:\\\/\\\/medicinasinc.com\\\/sk\\\/wp-content\\\/uploads\\\/sites\\\/10\\\/2022\\\/02\\\/Buy-AMB-FUBINACA.jpg\",\"contentUrl\":\"https:\\\/\\\/medicinasinc.com\\\/sk\\\/wp-content\\\/uploads\\\/sites\\\/10\\\/2022\\\/02\\\/Buy-AMB-FUBINACA.jpg\",\"width\":400,\"height\":400},{\"@type\":\"BreadcrumbList\",\"@id\":\"https:\\\/\\\/medicinasinc.com\\\/sk\\\/product\\\/buy-with-fubinaca\\\/#breadcrumb\",\"itemListElement\":[{\"@type\":\"ListItem\",\"position\":1,\"name\":\"Obchod\",\"item\":\"https:\\\/\\\/medicinasinc.com\\\/sk\\\/obchod\\\/\"},{\"@type\":\"ListItem\",\"position\":2,\"name\":\"K\u00fapi\u0165 AMB-FUBINACA\"}]},{\"@type\":\"WebSite\",\"@id\":\"https:\\\/\\\/medicinasinc.com\\\/sk\\\/#website\",\"url\":\"https:\\\/\\\/medicinasinc.com\\\/sk\\\/\",\"name\":\"Medicinas Inc\",\"description\":\"Health Medical Clinic\",\"potentialAction\":[{\"@type\":\"SearchAction\",\"target\":{\"@type\":\"EntryPoint\",\"urlTemplate\":\"https:\\\/\\\/medicinasinc.com\\\/sk\\\/?s={search_term_string}\"},\"query-input\":{\"@type\":\"PropertyValueSpecification\",\"valueRequired\":true,\"valueName\":\"search_term_string\"}}],\"inLanguage\":\"en-US\"}]}<\/script>\n<!-- \/ Yoast SEO plugin. -->","yoast_head_json":{"title":"K\u00fapi\u0165 AMB-FUBINACA - FUB-AMB - MMB-FUBINACA - Najlep\u0161ie glob\u00e1lne lieky","description":"K\u00fapte si AMB-FUBINACA kv\u00f4li Spojen\u00e9mu kr\u00e1\u013eovstvu, Eur\u00f3pe (tie\u017e zn\u00e1my ako FUB-AMB\u00a0a\u00a0MMB-FUBINACA) je syntetick\u00fd kanabinoid na b\u00e1ze indazolu, ktor\u00fd je \u00fa\u010dinn\u00fdm agonistom pre kanabinoidn\u00e9 receptory s\u00a0hodnotami Ki 10,04\u00a0nM pri 0,M76\u00a0n\u00a0CB1 CB2\u00a0a\u00a0EC50\u00a0hodnoty 0,5433\u00a0nM na CB1\u00a0a\u00a00,1278\u00a0nM na CB2 a\u00a0pred\u00e1va sa online ako dizajnov\u00fd liek","robots":{"index":"index","follow":"follow","max-snippet":"max-snippet:-1","max-image-preview":"max-image-preview:large","max-video-preview":"max-video-preview:-1"},"canonical":"https:\/\/medicinasinc.com\/sk\/product\/buy-with-fubinaca\/","og_locale":"en_US","og_type":"article","og_title":"K\u00fapi\u0165 AMB-FUBINACA - FUB-AMB - MMB-FUBINACA - Najlep\u0161ie glob\u00e1lne lieky","og_description":"K\u00fapte si AMB-FUBINACA kv\u00f4li Spojen\u00e9mu kr\u00e1\u013eovstvu, Eur\u00f3pe (tie\u017e zn\u00e1my ako FUB-AMB\u00a0a\u00a0MMB-FUBINACA) je syntetick\u00fd kanabinoid na b\u00e1ze indazolu, ktor\u00fd je \u00fa\u010dinn\u00fdm agonistom pre kanabinoidn\u00e9 receptory s\u00a0hodnotami Ki 10,04\u00a0nM pri 0,M76\u00a0n\u00a0CB1 CB2\u00a0a\u00a0EC50\u00a0hodnoty 0,5433\u00a0nM na CB1\u00a0a\u00a00,1278\u00a0nM na CB2 a\u00a0pred\u00e1va sa online ako dizajnov\u00fd liek","og_url":"https:\/\/medicinasinc.com\/sk\/product\/buy-with-fubinaca\/","og_site_name":"Medicinas Inc","article_modified_time":"2022-03-22T00:46:07+00:00","og_image":[{"width":400,"height":400,"url":"https:\/\/medicinasinc.com\/sk\/wp-content\/uploads\/sites\/10\/2022\/02\/Buy-AMB-FUBINACA.jpg","type":"image\/jpeg"}],"twitter_card":"summary_large_image","twitter_misc":{"Est. reading time":"1 minute"},"schema":{"@context":"https:\/\/schema.org","@graph":[{"@type":"WebPage","@id":"https:\/\/medicinasinc.com\/sk\/product\/buy-with-fubinaca\/","url":"https:\/\/medicinasinc.com\/sk\/product\/buy-with-fubinaca\/","name":"K\u00fapi\u0165 AMB-FUBINACA - FUB-AMB - MMB-FUBINACA - Najlep\u0161ie glob\u00e1lne lieky","isPartOf":{"@id":"https:\/\/medicinasinc.com\/sk\/#website"},"primaryImageOfPage":{"@id":"https:\/\/medicinasinc.com\/sk\/product\/buy-with-fubinaca\/#primaryimage"},"image":{"@id":"https:\/\/medicinasinc.com\/sk\/product\/buy-with-fubinaca\/#primaryimage"},"thumbnailUrl":"https:\/\/medicinasinc.com\/sk\/wp-content\/uploads\/sites\/10\/2022\/02\/Buy-AMB-FUBINACA.jpg","datePublished":"2022-02-22T08:12:00+00:00","dateModified":"2022-03-22T00:46:07+00:00","description":"K\u00fapte si AMB-FUBINACA kv\u00f4li Spojen\u00e9mu kr\u00e1\u013eovstvu, Eur\u00f3pe (tie\u017e zn\u00e1my ako FUB-AMB\u00a0a\u00a0MMB-FUBINACA) je syntetick\u00fd kanabinoid na b\u00e1ze indazolu, ktor\u00fd je \u00fa\u010dinn\u00fdm agonistom pre kanabinoidn\u00e9 receptory s\u00a0hodnotami Ki 10,04\u00a0nM pri 0,M76\u00a0n\u00a0CB1 CB2\u00a0a\u00a0EC50\u00a0hodnoty 0,5433\u00a0nM na CB1\u00a0a\u00a00,1278\u00a0nM na CB2 a\u00a0pred\u00e1va sa online ako dizajnov\u00fd liek","breadcrumb":{"@id":"https:\/\/medicinasinc.com\/sk\/product\/buy-with-fubinaca\/#breadcrumb"},"inLanguage":"en-US","potentialAction":[{"@type":"ReadAction","target":["https:\/\/medicinasinc.com\/sk\/product\/buy-with-fubinaca\/"]}]},{"@type":"ImageObject","inLanguage":"en-US","@id":"https:\/\/medicinasinc.com\/sk\/product\/buy-with-fubinaca\/#primaryimage","url":"https:\/\/medicinasinc.com\/sk\/wp-content\/uploads\/sites\/10\/2022\/02\/Buy-AMB-FUBINACA.jpg","contentUrl":"https:\/\/medicinasinc.com\/sk\/wp-content\/uploads\/sites\/10\/2022\/02\/Buy-AMB-FUBINACA.jpg","width":400,"height":400},{"@type":"BreadcrumbList","@id":"https:\/\/medicinasinc.com\/sk\/product\/buy-with-fubinaca\/#breadcrumb","itemListElement":[{"@type":"ListItem","position":1,"name":"Obchod","item":"https:\/\/medicinasinc.com\/sk\/obchod\/"},{"@type":"ListItem","position":2,"name":"K\u00fapi\u0165 AMB-FUBINACA"}]},{"@type":"WebSite","@id":"https:\/\/medicinasinc.com\/sk\/#website","url":"https:\/\/medicinasinc.com\/sk\/","name":"Medicinas Inc","description":"Health Medical Clinic","potentialAction":[{"@type":"SearchAction","target":{"@type":"EntryPoint","urlTemplate":"https:\/\/medicinasinc.com\/sk\/?s={search_term_string}"},"query-input":{"@type":"PropertyValueSpecification","valueRequired":true,"valueName":"search_term_string"}}],"inLanguage":"en-US"}]}},"_links":{"self":[{"href":"https:\/\/medicinasinc.com\/sk\/wp-json\/wp\/v2\/product\/5906","targetHints":{"allow":["GET"]}}],"collection":[{"href":"https:\/\/medicinasinc.com\/sk\/wp-json\/wp\/v2\/product"}],"about":[{"href":"https:\/\/medicinasinc.com\/sk\/wp-json\/wp\/v2\/types\/product"}],"replies":[{"embeddable":true,"href":"https:\/\/medicinasinc.com\/sk\/wp-json\/wp\/v2\/comments?post=5906"}],"wp:featuredmedia":[{"embeddable":true,"href":"https:\/\/medicinasinc.com\/sk\/wp-json\/wp\/v2\/media\/5936"}],"wp:attachment":[{"href":"https:\/\/medicinasinc.com\/sk\/wp-json\/wp\/v2\/media?parent=5906"}],"wp:term":[{"taxonomy":"product_brand","embeddable":true,"href":"https:\/\/medicinasinc.com\/sk\/wp-json\/wp\/v2\/product_brand?post=5906"},{"taxonomy":"product_cat","embeddable":true,"href":"https:\/\/medicinasinc.com\/sk\/wp-json\/wp\/v2\/product_cat?post=5906"},{"taxonomy":"product_tag","embeddable":true,"href":"https:\/\/medicinasinc.com\/sk\/wp-json\/wp\/v2\/product_tag?post=5906"}],"curies":[{"name":"wp","href":"https:\/\/api.w.org\/{rel}","templated":true}]}}