{"id":5902,"date":"2022-02-22T08:09:55","date_gmt":"2022-02-22T08:09:55","guid":{"rendered":"https:\/\/medicinasinc.com\/sk\/?post_type=product&#038;p=5902"},"modified":"2022-03-22T00:46:16","modified_gmt":"2022-03-22T00:46:16","slug":"buy-5f-adb","status":"publish","type":"product","link":"https:\/\/medicinasinc.com\/sk\/product\/buy-5f-adb\/","title":{"rendered":"K\u00fapte si 5F-ADB"},"content":{"rendered":"<p>5F-ADB (alternat\u00edvne hl\u00e1skovan\u00e9 5F-MDMB-PINACA) je syntetick\u00fd kanabinoid odvoden\u00fd z indazolu, ktor\u00fd sa pou\u017e\u00edva ako akt\u00edvna zlo\u017eka v syntetick\u00fdch kanabisov\u00fdch produktoch a pred\u00e1va sa online ako dizajnov\u00e1 droga.<\/p>\n<p>5F -ADB je siln\u00fd agonista receptora CB1, aj ke\u010f jeho selektivita pre tento receptor nie je zn\u00e1ma. 5F-ADB bol prv\u00fdkr\u00e1t n\u00e1jden\u00fd v novembri 2014 pomocou posmrtn\u00fdch vzoriek z\u00edskan\u00fdch od osoby, ktor\u00e1 zomrela po u\u017eit\u00ed produktu obsahuj\u00faceho t\u00fato drogu. N\u00e1sledn\u00e9 testovanie odhalilo, \u017ee 5F-ADB bol zisten\u00fd celkovo u desiatich \u013eud\u00ed, ktor\u00ed zomreli v Japonsku medzi septembrom a decembrom 2014 na nevysvetlite\u013en\u00e9 pred\u00e1vkovanie drogami. Na z\u00e1klade relat\u00edvne n\u00edzkych hlad\u00edn objaven\u00fdch v tkanivov\u00fdch testoch sa predpoklad\u00e1, \u017ee 5F-ADB je mimoriadne siln\u00fd a zd\u00e1 sa, \u017ee je podstatne nebezpe\u010dnej\u0161\u00ed ako predt\u00fdm pred\u00e1van\u00e9 syntetick\u00e9 kanabisov\u00e9 lieky.<\/p>\n<p>N-[[1-(5- flu\u00f3rpentyl)-1H-indazol-3-yl]karbonyl]<\/p>\n<p>-3-metyl-D-val\u00edn metylester (5F-ADB) je vysoko siln\u00e9 syntetick\u00e9 kanabis, ktor\u00fd u \u013eud\u00ed ob\u010das sp\u00f4sobuje v\u00e1\u017ene psychotick\u00e9 sympt\u00f3my fat\u00e1lne.<\/p>\n<p>Aby sme objasnili neur\u00f3nov\u00e9 mechanizmy za 5F-toxicitou, ADB sme \u0161tudovali jeho \u00fa\u010dinky na dopaminergn\u00e9 a serotonergn\u00e9 okruhy stredn\u00e9ho mozgu, ktor\u00e9 reguluj\u00fa r\u00f4zne z\u00e1kladn\u00e9 funkcie mozgu, vr\u00e1tane t\u00fdch, ktor\u00e9 s\u00fa spojen\u00e9 so spr\u00e1van\u00edm s\u00favisiacim s odme\u0148ovan\u00edm. Elektrofyziologick\u00e9 techniky ex vivo sa pou\u017eili na zaznamenanie zmien v spont\u00e1nnej aktiva\u010dnej aktivite dopaminergn\u00fdch a serotonergn\u00fdch neur\u00f3nov produkovan\u00fdch 5F-ADB.<\/p>\n<p>5F-ADB (1 M) dramaticky zv\u00fd\u0161ilo r\u00fdchlos\u0165 spont\u00e1nneho odp\u00e1lenia dopam\u00ednergn\u00fdch neur\u00f3nov, ale nedok\u00e1zali ich aktivova\u0165 v pr\u00edtomnosti antagonistu CB1 AM251 (1 M). Rovnak\u00e1 koncentr\u00e1cia 5F-ADB na druhej strane nemala \u017eiadny vplyv na aktivitu serotonergn\u00fdch neur\u00f3nov. Tieto zistenia ukazuj\u00fa, \u017ee 5F-ADB aktivuje lok\u00e1lne receptory CB1 a posil\u0148uje dopaminergn\u00e9 syst\u00e9my v strednom mozgu, pri\u010dom nem\u00e1 \u017eiadny vplyv na serotonergn\u00e9 syst\u00e9my v strednom mozgu.<\/p>\n","protected":false},"excerpt":{"rendered":"<p>K\u00fapi\u0165 5F-ADB na predaj Ve\u013ek\u00e1 Brit\u00e1nia, Eur\u00f3pa, \u010c\u00edna (tie\u017e zn\u00e1my ako 5F-MDMB-PINACA) je syntetick\u00fd kanabinoid na b\u00e1ze indazolu z rodiny indazol-3-karboxamidov, k dispoz\u00edcii je ve\u013ekoobchodn\u00e1 objedn\u00e1vka<\/p>\n","protected":false},"featured_media":5933,"comment_status":"open","ping_status":"closed","template":"","meta":[],"product_brand":[],"product_cat":[2596],"product_tag":[4066,4068,4069,4072,4070,4071,4076,4074,4073,4067,4075],"class_list":{"0":"post-5902","1":"product","2":"type-product","3":"status-publish","4":"has-post-thumbnail","6":"product_cat-kanabinoidy-na-predaj","7":"product_tag-5f-adb","8":"product_tag-5f-adb-prok","9":"product_tag-5f-mdmb-pinaca","10":"product_tag-ako-na-kpi-5f-adb-online","11":"product_tag-buy-5f-adb-online","12":"product_tag-c20h28fn3o3","13":"product_tag-kde-kpi-5f-adb-online","14":"product_tag-najlepie-miesto-na-nkup-5f-adb-online","15":"product_tag-objednvka-5f-adb-online","16":"product_tag-5f-adb-na-predaj","17":"product_tag-v1715016-75-3","19":"first","20":"instock","21":"featured","22":"shipping-taxable","23":"purchasable","24":"product-type-variable"},"yoast_head":"<!-- This site is optimized with the Yoast SEO plugin v27.2 - https:\/\/yoast.com\/product\/yoast-seo-wordpress\/ -->\n<title>K\u00fapi\u0165 5F-ADB - 5F-MDMB-PINACA - Najlep\u0161ie najlep\u0161ie glob\u00e1lne lieky<\/title>\n<meta name=\"description\" content=\"K\u00fapi\u0165 5F-ADB na predaj Spojen\u00e9 kr\u00e1\u013eovstvo, Eur\u00f3pa\u00a0(tie\u017e zn\u00e1my ako\u00a05F-MDMB-PINACA) je syntetick\u00fd kanabinoid na b\u00e1ze indazolu\u00a0zo skupiny indazol-3-karboxamidov, k dispoz\u00edcii je ve\u013ekoobchodn\u00e1 objedn\u00e1vka\" \/>\n<meta name=\"robots\" content=\"index, follow, max-snippet:-1, max-image-preview:large, max-video-preview:-1\" \/>\n<link rel=\"canonical\" href=\"https:\/\/medicinasinc.com\/sk\/product\/buy-5f-adb\/\" \/>\n<meta property=\"og:locale\" content=\"en_US\" \/>\n<meta property=\"og:type\" content=\"article\" \/>\n<meta property=\"og:title\" content=\"K\u00fapi\u0165 5F-ADB - 5F-MDMB-PINACA - Najlep\u0161ie najlep\u0161ie glob\u00e1lne lieky\" \/>\n<meta property=\"og:description\" content=\"K\u00fapi\u0165 5F-ADB na predaj Spojen\u00e9 kr\u00e1\u013eovstvo, Eur\u00f3pa\u00a0(tie\u017e zn\u00e1my ako\u00a05F-MDMB-PINACA) je syntetick\u00fd kanabinoid na b\u00e1ze indazolu\u00a0zo skupiny indazol-3-karboxamidov, k dispoz\u00edcii je ve\u013ekoobchodn\u00e1 objedn\u00e1vka\" \/>\n<meta property=\"og:url\" content=\"https:\/\/medicinasinc.com\/sk\/product\/buy-5f-adb\/\" \/>\n<meta property=\"og:site_name\" content=\"Medicinas Inc\" \/>\n<meta property=\"article:modified_time\" content=\"2022-03-22T00:46:16+00:00\" \/>\n<meta property=\"og:image\" content=\"https:\/\/medicinasinc.com\/sk\/wp-content\/uploads\/sites\/10\/2022\/02\/Buy-5F-ADB.jpeg\" \/>\n\t<meta property=\"og:image:width\" content=\"800\" \/>\n\t<meta property=\"og:image:height\" content=\"450\" \/>\n\t<meta property=\"og:image:type\" content=\"image\/jpeg\" \/>\n<meta name=\"twitter:card\" content=\"summary_large_image\" \/>\n<meta name=\"twitter:label1\" content=\"Est. reading time\" \/>\n\t<meta name=\"twitter:data1\" content=\"2 minutes\" \/>\n<script type=\"application\/ld+json\" class=\"yoast-schema-graph\">{\"@context\":\"https:\/\/schema.org\",\"@graph\":[{\"@type\":\"WebPage\",\"@id\":\"https:\/\/medicinasinc.com\/sk\/product\/buy-5f-adb\/\",\"url\":\"https:\/\/medicinasinc.com\/sk\/product\/buy-5f-adb\/\",\"name\":\"K\u00fapi\u0165 5F-ADB - 5F-MDMB-PINACA - Najlep\u0161ie najlep\u0161ie glob\u00e1lne lieky\",\"isPartOf\":{\"@id\":\"https:\/\/medicinasinc.com\/sk\/#website\"},\"primaryImageOfPage\":{\"@id\":\"https:\/\/medicinasinc.com\/sk\/product\/buy-5f-adb\/#primaryimage\"},\"image\":{\"@id\":\"https:\/\/medicinasinc.com\/sk\/product\/buy-5f-adb\/#primaryimage\"},\"thumbnailUrl\":\"https:\/\/medicinasinc.com\/sk\/wp-content\/uploads\/sites\/10\/2022\/02\/Buy-5F-ADB.jpeg\",\"datePublished\":\"2022-02-22T08:09:55+00:00\",\"dateModified\":\"2022-03-22T00:46:16+00:00\",\"description\":\"K\u00fapi\u0165 5F-ADB na predaj Spojen\u00e9 kr\u00e1\u013eovstvo, Eur\u00f3pa\u00a0(tie\u017e zn\u00e1my ako\u00a05F-MDMB-PINACA) je syntetick\u00fd kanabinoid na b\u00e1ze indazolu\u00a0zo skupiny indazol-3-karboxamidov, k dispoz\u00edcii je ve\u013ekoobchodn\u00e1 objedn\u00e1vka\",\"breadcrumb\":{\"@id\":\"https:\/\/medicinasinc.com\/sk\/product\/buy-5f-adb\/#breadcrumb\"},\"inLanguage\":\"en-US\",\"potentialAction\":[{\"@type\":\"ReadAction\",\"target\":[\"https:\/\/medicinasinc.com\/sk\/product\/buy-5f-adb\/\"]}]},{\"@type\":\"ImageObject\",\"inLanguage\":\"en-US\",\"@id\":\"https:\/\/medicinasinc.com\/sk\/product\/buy-5f-adb\/#primaryimage\",\"url\":\"https:\/\/medicinasinc.com\/sk\/wp-content\/uploads\/sites\/10\/2022\/02\/Buy-5F-ADB.jpeg\",\"contentUrl\":\"https:\/\/medicinasinc.com\/sk\/wp-content\/uploads\/sites\/10\/2022\/02\/Buy-5F-ADB.jpeg\",\"width\":800,\"height\":450},{\"@type\":\"BreadcrumbList\",\"@id\":\"https:\/\/medicinasinc.com\/sk\/product\/buy-5f-adb\/#breadcrumb\",\"itemListElement\":[{\"@type\":\"ListItem\",\"position\":1,\"name\":\"Obchod\",\"item\":\"https:\/\/medicinasinc.com\/sk\/obchod\/\"},{\"@type\":\"ListItem\",\"position\":2,\"name\":\"K\u00fapte si 5F-ADB\"}]},{\"@type\":\"WebSite\",\"@id\":\"https:\/\/medicinasinc.com\/sk\/#website\",\"url\":\"https:\/\/medicinasinc.com\/sk\/\",\"name\":\"Medicinas Inc\",\"description\":\"Health Medical Clinic\",\"potentialAction\":[{\"@type\":\"SearchAction\",\"target\":{\"@type\":\"EntryPoint\",\"urlTemplate\":\"https:\/\/medicinasinc.com\/sk\/?s={search_term_string}\"},\"query-input\":{\"@type\":\"PropertyValueSpecification\",\"valueRequired\":true,\"valueName\":\"search_term_string\"}}],\"inLanguage\":\"en-US\"}]}<\/script>\n<!-- \/ Yoast SEO plugin. -->","yoast_head_json":{"title":"K\u00fapi\u0165 5F-ADB - 5F-MDMB-PINACA - Najlep\u0161ie najlep\u0161ie glob\u00e1lne lieky","description":"K\u00fapi\u0165 5F-ADB na predaj Spojen\u00e9 kr\u00e1\u013eovstvo, Eur\u00f3pa\u00a0(tie\u017e zn\u00e1my ako\u00a05F-MDMB-PINACA) je syntetick\u00fd kanabinoid na b\u00e1ze indazolu\u00a0zo skupiny indazol-3-karboxamidov, k dispoz\u00edcii je ve\u013ekoobchodn\u00e1 objedn\u00e1vka","robots":{"index":"index","follow":"follow","max-snippet":"max-snippet:-1","max-image-preview":"max-image-preview:large","max-video-preview":"max-video-preview:-1"},"canonical":"https:\/\/medicinasinc.com\/sk\/product\/buy-5f-adb\/","og_locale":"en_US","og_type":"article","og_title":"K\u00fapi\u0165 5F-ADB - 5F-MDMB-PINACA - Najlep\u0161ie najlep\u0161ie glob\u00e1lne lieky","og_description":"K\u00fapi\u0165 5F-ADB na predaj Spojen\u00e9 kr\u00e1\u013eovstvo, Eur\u00f3pa\u00a0(tie\u017e zn\u00e1my ako\u00a05F-MDMB-PINACA) je syntetick\u00fd kanabinoid na b\u00e1ze indazolu\u00a0zo skupiny indazol-3-karboxamidov, k dispoz\u00edcii je ve\u013ekoobchodn\u00e1 objedn\u00e1vka","og_url":"https:\/\/medicinasinc.com\/sk\/product\/buy-5f-adb\/","og_site_name":"Medicinas Inc","article_modified_time":"2022-03-22T00:46:16+00:00","og_image":[{"width":800,"height":450,"url":"https:\/\/medicinasinc.com\/sk\/wp-content\/uploads\/sites\/10\/2022\/02\/Buy-5F-ADB.jpeg","type":"image\/jpeg"}],"twitter_card":"summary_large_image","twitter_misc":{"Est. reading time":"2 minutes"},"schema":{"@context":"https:\/\/schema.org","@graph":[{"@type":"WebPage","@id":"https:\/\/medicinasinc.com\/sk\/product\/buy-5f-adb\/","url":"https:\/\/medicinasinc.com\/sk\/product\/buy-5f-adb\/","name":"K\u00fapi\u0165 5F-ADB - 5F-MDMB-PINACA - Najlep\u0161ie najlep\u0161ie glob\u00e1lne lieky","isPartOf":{"@id":"https:\/\/medicinasinc.com\/sk\/#website"},"primaryImageOfPage":{"@id":"https:\/\/medicinasinc.com\/sk\/product\/buy-5f-adb\/#primaryimage"},"image":{"@id":"https:\/\/medicinasinc.com\/sk\/product\/buy-5f-adb\/#primaryimage"},"thumbnailUrl":"https:\/\/medicinasinc.com\/sk\/wp-content\/uploads\/sites\/10\/2022\/02\/Buy-5F-ADB.jpeg","datePublished":"2022-02-22T08:09:55+00:00","dateModified":"2022-03-22T00:46:16+00:00","description":"K\u00fapi\u0165 5F-ADB na predaj Spojen\u00e9 kr\u00e1\u013eovstvo, Eur\u00f3pa\u00a0(tie\u017e zn\u00e1my ako\u00a05F-MDMB-PINACA) je syntetick\u00fd kanabinoid na b\u00e1ze indazolu\u00a0zo skupiny indazol-3-karboxamidov, k dispoz\u00edcii je ve\u013ekoobchodn\u00e1 objedn\u00e1vka","breadcrumb":{"@id":"https:\/\/medicinasinc.com\/sk\/product\/buy-5f-adb\/#breadcrumb"},"inLanguage":"en-US","potentialAction":[{"@type":"ReadAction","target":["https:\/\/medicinasinc.com\/sk\/product\/buy-5f-adb\/"]}]},{"@type":"ImageObject","inLanguage":"en-US","@id":"https:\/\/medicinasinc.com\/sk\/product\/buy-5f-adb\/#primaryimage","url":"https:\/\/medicinasinc.com\/sk\/wp-content\/uploads\/sites\/10\/2022\/02\/Buy-5F-ADB.jpeg","contentUrl":"https:\/\/medicinasinc.com\/sk\/wp-content\/uploads\/sites\/10\/2022\/02\/Buy-5F-ADB.jpeg","width":800,"height":450},{"@type":"BreadcrumbList","@id":"https:\/\/medicinasinc.com\/sk\/product\/buy-5f-adb\/#breadcrumb","itemListElement":[{"@type":"ListItem","position":1,"name":"Obchod","item":"https:\/\/medicinasinc.com\/sk\/obchod\/"},{"@type":"ListItem","position":2,"name":"K\u00fapte si 5F-ADB"}]},{"@type":"WebSite","@id":"https:\/\/medicinasinc.com\/sk\/#website","url":"https:\/\/medicinasinc.com\/sk\/","name":"Medicinas Inc","description":"Health Medical Clinic","potentialAction":[{"@type":"SearchAction","target":{"@type":"EntryPoint","urlTemplate":"https:\/\/medicinasinc.com\/sk\/?s={search_term_string}"},"query-input":{"@type":"PropertyValueSpecification","valueRequired":true,"valueName":"search_term_string"}}],"inLanguage":"en-US"}]}},"_links":{"self":[{"href":"https:\/\/medicinasinc.com\/sk\/wp-json\/wp\/v2\/product\/5902","targetHints":{"allow":["GET"]}}],"collection":[{"href":"https:\/\/medicinasinc.com\/sk\/wp-json\/wp\/v2\/product"}],"about":[{"href":"https:\/\/medicinasinc.com\/sk\/wp-json\/wp\/v2\/types\/product"}],"replies":[{"embeddable":true,"href":"https:\/\/medicinasinc.com\/sk\/wp-json\/wp\/v2\/comments?post=5902"}],"wp:featuredmedia":[{"embeddable":true,"href":"https:\/\/medicinasinc.com\/sk\/wp-json\/wp\/v2\/media\/5933"}],"wp:attachment":[{"href":"https:\/\/medicinasinc.com\/sk\/wp-json\/wp\/v2\/media?parent=5902"}],"wp:term":[{"taxonomy":"product_brand","embeddable":true,"href":"https:\/\/medicinasinc.com\/sk\/wp-json\/wp\/v2\/product_brand?post=5902"},{"taxonomy":"product_cat","embeddable":true,"href":"https:\/\/medicinasinc.com\/sk\/wp-json\/wp\/v2\/product_cat?post=5902"},{"taxonomy":"product_tag","embeddable":true,"href":"https:\/\/medicinasinc.com\/sk\/wp-json\/wp\/v2\/product_tag?post=5902"}],"curies":[{"name":"wp","href":"https:\/\/api.w.org\/{rel}","templated":true}]}}