{"id":5897,"date":"2022-02-22T08:07:13","date_gmt":"2022-02-22T08:07:13","guid":{"rendered":"https:\/\/medicinasinc.com\/sk\/?post_type=product&#038;p=5897"},"modified":"2022-03-22T00:46:25","modified_gmt":"2022-03-22T00:46:25","slug":"buy-5c-akb48","status":"publish","type":"product","link":"https:\/\/medicinasinc.com\/sk\/product\/buy-5c-akb48\/","title":{"rendered":"K\u00fapi\u0165 5C-AKB48"},"content":{"rendered":"<p>\u010co je k\u00f3d 5C-AKB48?<\/p>\n<p>5C-AKB48 je syntetick\u00fd kanabinoid patriaci do triedy indazolkarboxamidov. Je to 5-chl\u00f3rov\u00fd anal\u00f3g 5F-AKB48 (\u010dasto ozna\u010dovan\u00fd ako AKB48, 5F-APINACA alebo 5F-AKB48), zn\u00e1mej\u0161ieho syntetick\u00e9ho kanabinoidu objaven\u00e9ho v Ju\u017enej K\u00f3rei.<\/p>\n<p>Najv\u00e4\u010d\u0161\u00ed maloobchodn\u00fd predajca v Eur\u00f3pe. pr\u00e1\u0161ku 5C-AKB48.<\/p>\n<p>5C-AKB48 je mo\u017en\u00e9 zak\u00fapi\u0165 online pomocou bitco\u00ednov. 5C-AKB48 je silnej\u0161ia verzia AKB-48, ktor\u00e1 p\u00f4sob\u00ed na kanabinoidn\u00e9 receptory.<\/p>\n<p>5C-AKB48 m\u00e1 \u00fadajne podobn\u00e9, ale silnej\u0161ie \u00fa\u010dinky ako 5F-AKB48 a ako v\u0161etky syntetick\u00e9 kanabinoidy, m\u00e1 vysok\u00fa afinitu k receptorom CB1 a CB2.<\/p>\n<p>Chemick\u00e9 vlastnosti 5C-AKB48<\/p>\n<p>C23H30CIN3O<\/p>\n<p>N- (adamantan-1-yl)<\/p>\n<p>-1-(5-chl\u00f3rpentyl)-1H-indazol<\/p>\n<p>-3-karboxamid<\/p>\n<p>Molekulov\u00e1 hmotnos\u0165: 400,00 g\/mol<\/p>\n<p>\u010cistota : viac ako 98 percent<\/p>\n<p>5C-AKB48 je syntetick\u00fd kanabinoid patriaci do rodiny indazol-3-karboxamidov. M\u00e1 podobn\u00e9 molekul\u00e1rne vlastnosti ako 5F-ABD. Ako je to v pr\u00edpade mnoh\u00fdch kanabinoidov, m\u00e1 vysok\u00fa afinitu k receptorom CB1 a CB2, \u010do prispieva k jeho euforick\u00fdm vlastnostiam. Ako je to v pr\u00edpade v\u00e4\u010d\u0161iny kanabinoidov, je nerozpustn\u00fd vo vode a stabiln\u00fd pri izbovej teplote. Ako je to v pr\u00edpade v\u00e4\u010d\u0161iny kanabinoidov, 5C-AKB48 m\u00e1 v\u00fdznamn\u00fd potenci\u00e1l na pou\u017eitie ako prostriedok proti bolesti a stimulant chuti do jedla. Hoci sa neuskuto\u010dnili \u017eiadne \u0161t\u00fadie na \u013eu\u010foch, je rozumn\u00e9 predpoklada\u0165, \u017ee 5C-AKB48 m\u00e1 rovnak\u00e9 syntetick\u00e9 kanabinoidn\u00e9 \u00fa\u010dinky ako in\u00e9 chemik\u00e1lie v rovnakej triede. Je potrebn\u00e9 spomen\u00fa\u0165, \u017ee bezpe\u010dnostn\u00fd profil tohto lieku nebol d\u00f4kladne vyhodnoten\u00fd a \u017ee nie je ur\u010den\u00fd na \u013eudsk\u00fa spotrebu.<\/p>\n<p>Ak\u00e9 s\u00fa pravdepodobn\u00e9 ved\u013eaj\u0161ie \u00fa\u010dinky a prevent\u00edvne opatrenia s\u00favisiace s 5C-AKB48?<\/p>\n<p>\u00da\u010dinky 5C-psychoakt\u00edvneho AKB48 s\u00fa porovnate\u013en\u00e9 s \u00fa\u010dinkami in\u00fdch pr\u00edrodn\u00fdch a syntetick\u00fdch kanabinoidov, najm\u00e4 5F-ABD.<\/p>\n<p>Sed\u00e1cia: Asi najzn\u00e1mej\u0161\u00ed \u00fa\u010dinok kanabinoidov, spotrebitelia uv\u00e1dzaj\u00fa hlbok\u00fd pocit pokoja a zn\u00ed\u017een\u00e1 hladina energie po konzum\u00e1cii 5C-AKB48.<\/p>\n<p>Zn\u00ed\u017eenie z\u00e1palu: Po tis\u00edcro\u010dia sa prirodzene sa vyskytuj\u00face kanabinoidy pou\u017e\u00edvali pre svoje protiz\u00e1palov\u00e9 vlastnosti. CBD (nepsychoakt\u00edvny kanabinoid) si ned\u00e1vno z\u00edskal popularitu ako prostriedok na zmiernenie bolesti a z\u00e1palu. Hoci sa neuskuto\u010dnili \u017eiadne ofici\u00e1lne \u0161t\u00fadie, je rozumn\u00e9 predpoklada\u0165, \u017ee 5C-AKB48 m\u00e1 protiz\u00e1palov\u00e9 vlastnosti spojen\u00e9 s kanabinoidmi.<\/p>\n<p>Proti nevo\u013enosti a emetick\u00e9 vlastnosti: Kanabinoidy maj\u00fa vlastnosti proti nevo\u013enosti a zvracaniu, ktor\u00e9 boli klinicky pozorovan\u00e9 u\u017e mnoho rokov [1] s be\u017ene predpisovan\u00fdmi liekmi, ako je Marinol, syndros a Nabilone, ktor\u00e9 obsahuj\u00fa syntetick\u00e9 kanabinoidy.<\/p>\n<p>Kanabinoidy s\u00fa u\u017e dlho uzn\u00e1van\u00e9 pre svoju schopnos\u0165 v\u00fdrazne zn\u00ed\u017ei\u0165 z\u00e1va\u017enos\u0165 migr\u00e9ny a chronick\u00e9 bolesti hlavy u \u013eud\u00ed [2]. \u017dia\u013e, neuskuto\u010dnili sa \u017eiadne kontrolovan\u00e9 \u0161t\u00fadie o u\u017eito\u010dnosti 5C-AKB48 pri lie\u010dbe bolest\u00ed hlavy a existuje len nieko\u013eko neofici\u00e1lnych spr\u00e1v.<\/p>\n<p>Ako u\u017e bolo uveden\u00e9, na 5C-AKB48 sa neuskuto\u010dnil \u017eiadny form\u00e1lny v\u00fdskum , a preto je jeho bezpe\u010dnostn\u00fd profil v s\u00fa\u010dasnosti nejasn\u00fd. Napriek absencii testovania m\u00f4\u017eeme o\u010dak\u00e1va\u0165, \u017ee bude vykazova\u0165 typick\u00e9 nepriazniv\u00e9 \u00fa\u010dinky kanabisu. V d\u00f4sledku toho je d\u00f4le\u017eit\u00e9 ma\u0165 na pam\u00e4ti, \u017ee 5C-AKB48 je ur\u010den\u00fd len na v\u00fdskumn\u00e9 pou\u017eitie a nie je ur\u010den\u00fd na \u013eudsk\u00fa spotrebu. Nemalo by sa s n\u00edm manipulova\u0165 bez pou\u017eitia vhodn\u00e9ho laborat\u00f3rneho vybavenia vr\u00e1tane ochrany o\u010d\u00ed a rukav\u00edc.<\/p>\n<p>Kde m\u00f4\u017eem k\u00fapi\u0165?<\/p>\n<p>Chemical Planet je hrd\u00fd na to, \u017ee m\u00f4\u017ee pon\u00faknu\u0165 5C- najvy\u0161\u0161ej kvality. AKB48 na trhu. Chemical Planet je tie\u017e d\u00f4veryhodn\u00fdm poskytovate\u013eom \u010d\u00edslo 1, ktor\u00fd poskytuje r\u00fdchlu a diskr\u00e9tnu prepravu na mno\u017estvo miest po celom svete.<\/p>\n<p>Ak si chcete k\u00fapi\u0165 5C-AKB48, mus\u00edte ma\u0165 aspo\u0148 18 rokov a v\u0161etky hlavn\u00e9 kreditn\u00e9 karty rovnako ako bitcoiny s\u00fa akceptovan\u00e9. V\u0161etky produkty, vr\u00e1tane 5C-AKB48, s\u00fa ur\u010den\u00e9 v\u00fdhradne na v\u00fdskumn\u00e9 pou\u017eitie a nie s\u00fa ur\u010den\u00e9 na \u013eudsk\u00fa spotrebu.<\/p>\n","protected":false},"excerpt":{"rendered":"<p>K\u00fapi\u0165 5c-akb48 na predaj, ve\u013ekoobchodn\u00fd predaj 5c-akb48 UK, objedna\u0165 dod\u00e1vate\u013ea 5cakb48 pre Eur\u00f3pu. 5c-akb48 je syntetick\u00fd kanabinoid na b\u00e1ze indazolu, ktor\u00fd sa pred\u00e1va online ako zna\u010dkov\u00e1 droga.<\/p>\n","protected":false},"featured_media":5928,"comment_status":"open","ping_status":"closed","template":"","meta":[],"product_brand":[],"product_cat":[2596],"product_tag":[4052,4054,4055,4056,2600,4058,4057,4059,2616,2615,4061,4062,4065,4063,4064,4053,4060],"class_list":{"0":"post-5897","1":"product","2":"type-product","3":"status-publish","4":"has-post-thumbnail","6":"product_cat-kanabinoidy-na-predaj","7":"product_tag-5c-akb48","8":"product_tag-5cakb48","9":"product_tag-5f-mdmb-2201-5f-mdmb-2201-cannabinoid","10":"product_tag-5f-mdmb-2201-psychonaut","11":"product_tag-5f-mdmb-2201","12":"product_tag-5f-mdmb-2201-dvkovanie","13":"product_tag-5f-mdmb-2201-cayman","14":"product_tag-5f-mdmb-2201-opinie","15":"product_tag-5f-mdmb-2201-recenzia","16":"product_tag-5f-mdmb-2201-reddit","17":"product_tag-5fmdmb2201-5f-mdmb-2201-kannabinoid","18":"product_tag-buy-5c-akb48-online","19":"product_tag-kde-kpi-5c-akb48-online","20":"product_tag-nkup-5c-akb48-online","21":"product_tag-najlepie-miesto-na-nkup-5c-akb48-online","22":"product_tag-5c-akb48-na-predaj","23":"product_tag-5f-mdmb-2201-wiki","25":"first","26":"instock","27":"shipping-taxable","28":"purchasable","29":"product-type-variable"},"yoast_head":"<!-- This site is optimized with the Yoast SEO plugin v27.3 - https:\/\/yoast.com\/product\/yoast-seo-wordpress\/ -->\n<title>K\u00fapte si 5c-akb48 od spo\u013eahliv\u00e9ho predajcu \u2013 kanabinoidy \u2013 najlep\u0161ie glob\u00e1lne lieky<\/title>\n<meta name=\"description\" content=\"Pred\u00e1m 5c-akb48 na predaj, ve\u013ekoobchod 5c-akb48 UK, objednajte si dod\u00e1vate\u013ea 5cakb48 pre Eur\u00f3pu. 5c-akb48 je syntetick\u00fd kanabinoid na b\u00e1ze indazolu, ktor\u00fd sa pred\u00e1va online ako dizajnov\u00fd liek.\" \/>\n<meta name=\"robots\" content=\"index, follow, max-snippet:-1, max-image-preview:large, max-video-preview:-1\" \/>\n<link rel=\"canonical\" href=\"https:\/\/medicinasinc.com\/sk\/product\/buy-5c-akb48\/\" \/>\n<meta property=\"og:locale\" content=\"en_US\" \/>\n<meta property=\"og:type\" content=\"article\" \/>\n<meta property=\"og:title\" content=\"K\u00fapte si 5c-akb48 od spo\u013eahliv\u00e9ho predajcu \u2013 kanabinoidy \u2013 najlep\u0161ie glob\u00e1lne lieky\" \/>\n<meta property=\"og:description\" content=\"Pred\u00e1m 5c-akb48 na predaj, ve\u013ekoobchod 5c-akb48 UK, objednajte si dod\u00e1vate\u013ea 5cakb48 pre Eur\u00f3pu. 5c-akb48 je syntetick\u00fd kanabinoid na b\u00e1ze indazolu, ktor\u00fd sa pred\u00e1va online ako dizajnov\u00fd liek.\" \/>\n<meta property=\"og:url\" content=\"https:\/\/medicinasinc.com\/sk\/product\/buy-5c-akb48\/\" \/>\n<meta property=\"og:site_name\" content=\"Medicinas Inc\" \/>\n<meta property=\"article:modified_time\" content=\"2022-03-22T00:46:25+00:00\" \/>\n<meta property=\"og:image\" content=\"https:\/\/medicinasinc.com\/sk\/wp-content\/uploads\/sites\/10\/2022\/02\/Buy-5C-AKB48.png\" \/>\n\t<meta property=\"og:image:width\" content=\"500\" \/>\n\t<meta property=\"og:image:height\" content=\"500\" \/>\n\t<meta property=\"og:image:type\" content=\"image\/png\" \/>\n<meta name=\"twitter:card\" content=\"summary_large_image\" \/>\n<meta name=\"twitter:label1\" content=\"Est. reading time\" \/>\n\t<meta name=\"twitter:data1\" content=\"3 minutes\" \/>\n<script type=\"application\/ld+json\" class=\"yoast-schema-graph\">{\"@context\":\"https:\\\/\\\/schema.org\",\"@graph\":[{\"@type\":\"WebPage\",\"@id\":\"https:\\\/\\\/medicinasinc.com\\\/sk\\\/product\\\/buy-5c-akb48\\\/\",\"url\":\"https:\\\/\\\/medicinasinc.com\\\/sk\\\/product\\\/buy-5c-akb48\\\/\",\"name\":\"K\u00fapte si 5c-akb48 od spo\u013eahliv\u00e9ho predajcu \u2013 kanabinoidy \u2013 najlep\u0161ie glob\u00e1lne lieky\",\"isPartOf\":{\"@id\":\"https:\\\/\\\/medicinasinc.com\\\/sk\\\/#website\"},\"primaryImageOfPage\":{\"@id\":\"https:\\\/\\\/medicinasinc.com\\\/sk\\\/product\\\/buy-5c-akb48\\\/#primaryimage\"},\"image\":{\"@id\":\"https:\\\/\\\/medicinasinc.com\\\/sk\\\/product\\\/buy-5c-akb48\\\/#primaryimage\"},\"thumbnailUrl\":\"https:\\\/\\\/medicinasinc.com\\\/sk\\\/wp-content\\\/uploads\\\/sites\\\/10\\\/2022\\\/02\\\/Buy-5C-AKB48.png\",\"datePublished\":\"2022-02-22T08:07:13+00:00\",\"dateModified\":\"2022-03-22T00:46:25+00:00\",\"description\":\"Pred\u00e1m 5c-akb48 na predaj, ve\u013ekoobchod 5c-akb48 UK, objednajte si dod\u00e1vate\u013ea 5cakb48 pre Eur\u00f3pu. 5c-akb48 je syntetick\u00fd kanabinoid na b\u00e1ze indazolu, ktor\u00fd sa pred\u00e1va online ako dizajnov\u00fd liek.\",\"breadcrumb\":{\"@id\":\"https:\\\/\\\/medicinasinc.com\\\/sk\\\/product\\\/buy-5c-akb48\\\/#breadcrumb\"},\"inLanguage\":\"en-US\",\"potentialAction\":[{\"@type\":\"ReadAction\",\"target\":[\"https:\\\/\\\/medicinasinc.com\\\/sk\\\/product\\\/buy-5c-akb48\\\/\"]}]},{\"@type\":\"ImageObject\",\"inLanguage\":\"en-US\",\"@id\":\"https:\\\/\\\/medicinasinc.com\\\/sk\\\/product\\\/buy-5c-akb48\\\/#primaryimage\",\"url\":\"https:\\\/\\\/medicinasinc.com\\\/sk\\\/wp-content\\\/uploads\\\/sites\\\/10\\\/2022\\\/02\\\/Buy-5C-AKB48.png\",\"contentUrl\":\"https:\\\/\\\/medicinasinc.com\\\/sk\\\/wp-content\\\/uploads\\\/sites\\\/10\\\/2022\\\/02\\\/Buy-5C-AKB48.png\",\"width\":500,\"height\":500},{\"@type\":\"BreadcrumbList\",\"@id\":\"https:\\\/\\\/medicinasinc.com\\\/sk\\\/product\\\/buy-5c-akb48\\\/#breadcrumb\",\"itemListElement\":[{\"@type\":\"ListItem\",\"position\":1,\"name\":\"Obchod\",\"item\":\"https:\\\/\\\/medicinasinc.com\\\/sk\\\/obchod\\\/\"},{\"@type\":\"ListItem\",\"position\":2,\"name\":\"K\u00fapi\u0165 5C-AKB48\"}]},{\"@type\":\"WebSite\",\"@id\":\"https:\\\/\\\/medicinasinc.com\\\/sk\\\/#website\",\"url\":\"https:\\\/\\\/medicinasinc.com\\\/sk\\\/\",\"name\":\"Medicinas Inc\",\"description\":\"Health Medical Clinic\",\"potentialAction\":[{\"@type\":\"SearchAction\",\"target\":{\"@type\":\"EntryPoint\",\"urlTemplate\":\"https:\\\/\\\/medicinasinc.com\\\/sk\\\/?s={search_term_string}\"},\"query-input\":{\"@type\":\"PropertyValueSpecification\",\"valueRequired\":true,\"valueName\":\"search_term_string\"}}],\"inLanguage\":\"en-US\"}]}<\/script>\n<!-- \/ Yoast SEO plugin. -->","yoast_head_json":{"title":"K\u00fapte si 5c-akb48 od spo\u013eahliv\u00e9ho predajcu \u2013 kanabinoidy \u2013 najlep\u0161ie glob\u00e1lne lieky","description":"Pred\u00e1m 5c-akb48 na predaj, ve\u013ekoobchod 5c-akb48 UK, objednajte si dod\u00e1vate\u013ea 5cakb48 pre Eur\u00f3pu. 5c-akb48 je syntetick\u00fd kanabinoid na b\u00e1ze indazolu, ktor\u00fd sa pred\u00e1va online ako dizajnov\u00fd liek.","robots":{"index":"index","follow":"follow","max-snippet":"max-snippet:-1","max-image-preview":"max-image-preview:large","max-video-preview":"max-video-preview:-1"},"canonical":"https:\/\/medicinasinc.com\/sk\/product\/buy-5c-akb48\/","og_locale":"en_US","og_type":"article","og_title":"K\u00fapte si 5c-akb48 od spo\u013eahliv\u00e9ho predajcu \u2013 kanabinoidy \u2013 najlep\u0161ie glob\u00e1lne lieky","og_description":"Pred\u00e1m 5c-akb48 na predaj, ve\u013ekoobchod 5c-akb48 UK, objednajte si dod\u00e1vate\u013ea 5cakb48 pre Eur\u00f3pu. 5c-akb48 je syntetick\u00fd kanabinoid na b\u00e1ze indazolu, ktor\u00fd sa pred\u00e1va online ako dizajnov\u00fd liek.","og_url":"https:\/\/medicinasinc.com\/sk\/product\/buy-5c-akb48\/","og_site_name":"Medicinas Inc","article_modified_time":"2022-03-22T00:46:25+00:00","og_image":[{"width":500,"height":500,"url":"https:\/\/medicinasinc.com\/sk\/wp-content\/uploads\/sites\/10\/2022\/02\/Buy-5C-AKB48.png","type":"image\/png"}],"twitter_card":"summary_large_image","twitter_misc":{"Est. reading time":"3 minutes"},"schema":{"@context":"https:\/\/schema.org","@graph":[{"@type":"WebPage","@id":"https:\/\/medicinasinc.com\/sk\/product\/buy-5c-akb48\/","url":"https:\/\/medicinasinc.com\/sk\/product\/buy-5c-akb48\/","name":"K\u00fapte si 5c-akb48 od spo\u013eahliv\u00e9ho predajcu \u2013 kanabinoidy \u2013 najlep\u0161ie glob\u00e1lne lieky","isPartOf":{"@id":"https:\/\/medicinasinc.com\/sk\/#website"},"primaryImageOfPage":{"@id":"https:\/\/medicinasinc.com\/sk\/product\/buy-5c-akb48\/#primaryimage"},"image":{"@id":"https:\/\/medicinasinc.com\/sk\/product\/buy-5c-akb48\/#primaryimage"},"thumbnailUrl":"https:\/\/medicinasinc.com\/sk\/wp-content\/uploads\/sites\/10\/2022\/02\/Buy-5C-AKB48.png","datePublished":"2022-02-22T08:07:13+00:00","dateModified":"2022-03-22T00:46:25+00:00","description":"Pred\u00e1m 5c-akb48 na predaj, ve\u013ekoobchod 5c-akb48 UK, objednajte si dod\u00e1vate\u013ea 5cakb48 pre Eur\u00f3pu. 5c-akb48 je syntetick\u00fd kanabinoid na b\u00e1ze indazolu, ktor\u00fd sa pred\u00e1va online ako dizajnov\u00fd liek.","breadcrumb":{"@id":"https:\/\/medicinasinc.com\/sk\/product\/buy-5c-akb48\/#breadcrumb"},"inLanguage":"en-US","potentialAction":[{"@type":"ReadAction","target":["https:\/\/medicinasinc.com\/sk\/product\/buy-5c-akb48\/"]}]},{"@type":"ImageObject","inLanguage":"en-US","@id":"https:\/\/medicinasinc.com\/sk\/product\/buy-5c-akb48\/#primaryimage","url":"https:\/\/medicinasinc.com\/sk\/wp-content\/uploads\/sites\/10\/2022\/02\/Buy-5C-AKB48.png","contentUrl":"https:\/\/medicinasinc.com\/sk\/wp-content\/uploads\/sites\/10\/2022\/02\/Buy-5C-AKB48.png","width":500,"height":500},{"@type":"BreadcrumbList","@id":"https:\/\/medicinasinc.com\/sk\/product\/buy-5c-akb48\/#breadcrumb","itemListElement":[{"@type":"ListItem","position":1,"name":"Obchod","item":"https:\/\/medicinasinc.com\/sk\/obchod\/"},{"@type":"ListItem","position":2,"name":"K\u00fapi\u0165 5C-AKB48"}]},{"@type":"WebSite","@id":"https:\/\/medicinasinc.com\/sk\/#website","url":"https:\/\/medicinasinc.com\/sk\/","name":"Medicinas Inc","description":"Health Medical Clinic","potentialAction":[{"@type":"SearchAction","target":{"@type":"EntryPoint","urlTemplate":"https:\/\/medicinasinc.com\/sk\/?s={search_term_string}"},"query-input":{"@type":"PropertyValueSpecification","valueRequired":true,"valueName":"search_term_string"}}],"inLanguage":"en-US"}]}},"_links":{"self":[{"href":"https:\/\/medicinasinc.com\/sk\/wp-json\/wp\/v2\/product\/5897","targetHints":{"allow":["GET"]}}],"collection":[{"href":"https:\/\/medicinasinc.com\/sk\/wp-json\/wp\/v2\/product"}],"about":[{"href":"https:\/\/medicinasinc.com\/sk\/wp-json\/wp\/v2\/types\/product"}],"replies":[{"embeddable":true,"href":"https:\/\/medicinasinc.com\/sk\/wp-json\/wp\/v2\/comments?post=5897"}],"wp:featuredmedia":[{"embeddable":true,"href":"https:\/\/medicinasinc.com\/sk\/wp-json\/wp\/v2\/media\/5928"}],"wp:attachment":[{"href":"https:\/\/medicinasinc.com\/sk\/wp-json\/wp\/v2\/media?parent=5897"}],"wp:term":[{"taxonomy":"product_brand","embeddable":true,"href":"https:\/\/medicinasinc.com\/sk\/wp-json\/wp\/v2\/product_brand?post=5897"},{"taxonomy":"product_cat","embeddable":true,"href":"https:\/\/medicinasinc.com\/sk\/wp-json\/wp\/v2\/product_cat?post=5897"},{"taxonomy":"product_tag","embeddable":true,"href":"https:\/\/medicinasinc.com\/sk\/wp-json\/wp\/v2\/product_tag?post=5897"}],"curies":[{"name":"wp","href":"https:\/\/api.w.org\/{rel}","templated":true}]}}