{"id":5893,"date":"2022-02-22T08:05:19","date_gmt":"2022-02-22T08:05:19","guid":{"rendered":"https:\/\/medicinasinc.com\/sk\/?post_type=product&#038;p=5893"},"modified":"2022-03-22T00:46:35","modified_gmt":"2022-03-22T00:46:35","slug":"kupit-benzyl-metyl-keton-bmk-prasok-online","status":"publish","type":"product","link":"https:\/\/medicinasinc.com\/sk\/product\/kupit-benzyl-metyl-keton-bmk-prasok-online\/","title":{"rendered":"K\u00fapte si benzylmetylket\u00f3nov\u00fd (BMK) pr\u00e1\u0161ok online"},"content":{"rendered":"<p>Online n\u00e1kup pr\u00e1\u0161ku BMK<\/p>\n<p>BMK pr\u00e1\u0161ok je mo\u017en\u00e9 zak\u00fapi\u0165 online. Chemick\u00fd vzorec fenylacet\u00f3nu je C6H5CH2COCH3. Je to olej, ktor\u00fd je bezfarebn\u00fd a rozpustn\u00fd v organick\u00fdch rozp\u00fa\u0161\u0165adl\u00e1ch. T\u00e1to chemik\u00e1lia sa vo v\u0161eobecnosti ozna\u010duje ako P2P, preto\u017ee sa pou\u017e\u00edva pri v\u00fdrobe metamfetam\u00ednu a amfetam\u00ednu. Fenylacet\u00f3n je produkovan\u00fd u \u013eud\u00ed ako metabolit amfetam\u00ednu a metamfetam\u00ednu prostredn\u00edctvom oxida\u010dnej deamin\u00e1cie sprostredkovanej FMO3.<\/p>\n<p>Fenylacet\u00f3n, tie\u017e zn\u00e1my ako benzylmetylket\u00f3n (BMK) alebo P2P, bol prekurzorom v\u00fdroby amfetam\u00ednu. Je regulovan\u00fd Eur\u00f3pskou \u00faniou (E\u00da) pod\u013ea nariadenia (ES) 273\/2004 o drogov\u00fdch prekurzoroch a nariadenia Rady (ES) 111\/2005 o v\u00fdmene drogov\u00fdch prekurzorov. V d\u00f4sledku toho musia spr\u00e1vcovia z\u00edska\u0165 povolenie od sk\u00fasen\u00fdch \u0161pecialistov, aby ho mohli vlastni\u0165, dov\u00e1\u017ea\u0165 alebo prepravova\u0165. V poslednom obdob\u00ed sa v r\u00e1mci E\u00da neuskuto\u010d\u0148uj\u00fa \u017eiadne ve\u013ek\u00e9 odchyty BMK. M\u00e1me naozaj dobr\u00e9 hodnotenie spokojnosti z\u00e1kazn\u00edkov a sme pripraven\u00ed sta\u0165 sa popredn\u00fdmi online dod\u00e1vate\u013emi fenylacet\u00f3nov\u00e9ho oleja.<\/p>\n<p>Fenylacet\u00f3n mo\u017eno syntetizova\u0165 aj z prekurzorov, ako je APAAN (alfa-fenylacetoacetonitril). Dovoz APAAN bol v poslednom \u010dase na historickom maxime a v d\u00f4sledku toho sa koncom roka 2013 v E\u00da vyrovnal. V marci 2014 Komisia OSN pre narkotick\u00e9 drogy jednomyse\u013ene odhlasovala jeho glob\u00e1lnu regul\u00e1ciu. <\/p>\n<p>Na\u0161e sp\u00f4soby dopravy a doru\u010denia s\u00fa \u00faplne bezpe\u010dn\u00e9 a jednoduch\u00e9 na n\u00e1kup fenylacet\u00f3nov\u00e9ho oleja online. Sme pripraven\u00ed pred\u00e1va\u0165 mal\u00e9 mno\u017estv\u00e1, ako aj ve\u013ek\u00e9 mno\u017estv\u00e1 n\u00e1\u0161ho fenylacet\u00f3nov\u00e9ho oleja online. Na\u0161a online kvalita fenylacet\u00f3nov\u00e9ho oleja je bezkonkuren\u010dn\u00e1 a pred\u00e1vame v mal\u00fdch\/ve\u013ek\u00fdch mno\u017estv\u00e1ch so z\u00e1rukou diskr\u00e9tnej dod\u00e1vky v\u010das po zak\u00fapen\u00ed fenylacet\u00f3nov\u00e9ho oleja online. Doru\u010denie okrem in\u00e9ho prostredn\u00edctvom DHL, TNT alebo FedEx. Okrem toho z\u00e1vis\u00ed od sp\u00f4sobu dopravy z\u00e1kazn\u00edka pri zad\u00e1van\u00ed objedn\u00e1vky fenylacet\u00f3nov\u00e9ho oleja online. Nev\u00e1hajte n\u00e1s kontaktova\u0165, ke\u010f budete pripraven\u00fd k\u00fapi\u0165 fenylacet\u00f3n, preto\u017ee pon\u00fakame najni\u017e\u0161iu cenu.<\/p>\n<p>Na\u0161\u00edm cie\u013eom je zjednodu\u0161i\u0165 n\u00e1kup \u0161irokej \u0161k\u00e1ly na\u0161ich produktov. Ke\u010f si u n\u00e1s online objedn\u00e1te fenylacet\u00f3nov\u00fd olej, porad\u00edme v\u00e1m s n\u00e1kupom. Zabezpe\u010dujeme, aby na\u0161i klienti dostali svoj bal\u00edk a vysokokvalitn\u00fd fenylacet\u00f3nov\u00fd olej, ako aj to, \u017ee dosiahnu svoje ciele t\u00fdm, \u017ee zabezpe\u010dia, aby boli na\u0161e polo\u017eky spr\u00e1vne o\u0161etren\u00e9.<\/p>\n","protected":false},"excerpt":{"rendered":"<p>K\u00fapte si benzylmetylket\u00f3nov\u00fd (BMK) pr\u00e1\u0161ok online. N\u00e1\u0161 BMK Powder je 100% laborat\u00f3rne testovan\u00fd. N\u00e1\u0161 BMK Powder posielame ako diskr\u00e9tnu a expresn\u00fa z\u00e1sielku<\/p>\n","protected":false},"featured_media":5922,"comment_status":"open","ping_status":"closed","template":"","meta":[],"product_brand":[],"product_cat":[2014],"product_tag":[],"class_list":{"0":"post-5893","1":"product","2":"type-product","3":"status-publish","4":"has-post-thumbnail","6":"product_cat-k-c3-bapi-c5-a5-v-c3-bdskumn-c3-a9-chemik-c3-a1lie","8":"first","9":"instock","10":"shipping-taxable","11":"purchasable","12":"product-type-variable"},"yoast_head":"<!-- This site is optimized with the Yoast SEO plugin v27.3 - https:\/\/yoast.com\/product\/yoast-seo-wordpress\/ -->\n<title>K\u00fapte si benzylmetylket\u00f3nov\u00fd (BMK) pr\u00e1\u0161ok online \u2013 najlep\u0161ie glob\u00e1lne lieky<\/title>\n<meta name=\"description\" content=\"K\u00fapte si benzylmetylket\u00f3nov\u00fd (BMK) pr\u00e1\u0161ok online. N\u00e1\u0161 BMK Powder je 100% laborat\u00f3rne testovan\u00fd. N\u00e1\u0161 BMK Powder zasielame ako diskr\u00e9tne a expresn\u00e9 z\u00e1sielky\" \/>\n<meta name=\"robots\" content=\"index, follow, max-snippet:-1, max-image-preview:large, max-video-preview:-1\" \/>\n<link rel=\"canonical\" href=\"https:\/\/medicinasinc.com\/sk\/product\/kupit-benzyl-metyl-keton-bmk-prasok-online\/\" \/>\n<meta property=\"og:locale\" content=\"en_US\" \/>\n<meta property=\"og:type\" content=\"article\" \/>\n<meta property=\"og:title\" content=\"K\u00fapte si benzylmetylket\u00f3nov\u00fd (BMK) pr\u00e1\u0161ok online \u2013 najlep\u0161ie glob\u00e1lne lieky\" \/>\n<meta property=\"og:description\" content=\"K\u00fapte si benzylmetylket\u00f3nov\u00fd (BMK) pr\u00e1\u0161ok online. N\u00e1\u0161 BMK Powder je 100% laborat\u00f3rne testovan\u00fd. N\u00e1\u0161 BMK Powder zasielame ako diskr\u00e9tne a expresn\u00e9 z\u00e1sielky\" \/>\n<meta property=\"og:url\" content=\"https:\/\/medicinasinc.com\/sk\/product\/kupit-benzyl-metyl-keton-bmk-prasok-online\/\" \/>\n<meta property=\"og:site_name\" content=\"Medicinas Inc\" \/>\n<meta property=\"article:modified_time\" content=\"2022-03-22T00:46:35+00:00\" \/>\n<meta property=\"og:image\" content=\"https:\/\/medicinasinc.com\/sk\/wp-content\/uploads\/sites\/10\/2022\/02\/buy-bmk-powder.jpg\" \/>\n\t<meta property=\"og:image:width\" content=\"447\" \/>\n\t<meta property=\"og:image:height\" content=\"389\" \/>\n\t<meta property=\"og:image:type\" content=\"image\/jpeg\" \/>\n<meta name=\"twitter:card\" content=\"summary_large_image\" \/>\n<meta name=\"twitter:label1\" content=\"Est. reading time\" \/>\n\t<meta name=\"twitter:data1\" content=\"2 minutes\" \/>\n<script type=\"application\/ld+json\" class=\"yoast-schema-graph\">{\"@context\":\"https:\\\/\\\/schema.org\",\"@graph\":[{\"@type\":\"WebPage\",\"@id\":\"https:\\\/\\\/medicinasinc.com\\\/sk\\\/product\\\/kupit-benzyl-metyl-keton-bmk-prasok-online\\\/\",\"url\":\"https:\\\/\\\/medicinasinc.com\\\/sk\\\/product\\\/kupit-benzyl-metyl-keton-bmk-prasok-online\\\/\",\"name\":\"K\u00fapte si benzylmetylket\u00f3nov\u00fd (BMK) pr\u00e1\u0161ok online \u2013 najlep\u0161ie glob\u00e1lne lieky\",\"isPartOf\":{\"@id\":\"https:\\\/\\\/medicinasinc.com\\\/sk\\\/#website\"},\"primaryImageOfPage\":{\"@id\":\"https:\\\/\\\/medicinasinc.com\\\/sk\\\/product\\\/kupit-benzyl-metyl-keton-bmk-prasok-online\\\/#primaryimage\"},\"image\":{\"@id\":\"https:\\\/\\\/medicinasinc.com\\\/sk\\\/product\\\/kupit-benzyl-metyl-keton-bmk-prasok-online\\\/#primaryimage\"},\"thumbnailUrl\":\"https:\\\/\\\/medicinasinc.com\\\/sk\\\/wp-content\\\/uploads\\\/sites\\\/10\\\/2022\\\/02\\\/buy-bmk-powder.jpg\",\"datePublished\":\"2022-02-22T08:05:19+00:00\",\"dateModified\":\"2022-03-22T00:46:35+00:00\",\"description\":\"K\u00fapte si benzylmetylket\u00f3nov\u00fd (BMK) pr\u00e1\u0161ok online. N\u00e1\u0161 BMK Powder je 100% laborat\u00f3rne testovan\u00fd. N\u00e1\u0161 BMK Powder zasielame ako diskr\u00e9tne a expresn\u00e9 z\u00e1sielky\",\"breadcrumb\":{\"@id\":\"https:\\\/\\\/medicinasinc.com\\\/sk\\\/product\\\/kupit-benzyl-metyl-keton-bmk-prasok-online\\\/#breadcrumb\"},\"inLanguage\":\"en-US\",\"potentialAction\":[{\"@type\":\"ReadAction\",\"target\":[\"https:\\\/\\\/medicinasinc.com\\\/sk\\\/product\\\/kupit-benzyl-metyl-keton-bmk-prasok-online\\\/\"]}]},{\"@type\":\"ImageObject\",\"inLanguage\":\"en-US\",\"@id\":\"https:\\\/\\\/medicinasinc.com\\\/sk\\\/product\\\/kupit-benzyl-metyl-keton-bmk-prasok-online\\\/#primaryimage\",\"url\":\"https:\\\/\\\/medicinasinc.com\\\/sk\\\/wp-content\\\/uploads\\\/sites\\\/10\\\/2022\\\/02\\\/buy-bmk-powder.jpg\",\"contentUrl\":\"https:\\\/\\\/medicinasinc.com\\\/sk\\\/wp-content\\\/uploads\\\/sites\\\/10\\\/2022\\\/02\\\/buy-bmk-powder.jpg\",\"width\":447,\"height\":389},{\"@type\":\"BreadcrumbList\",\"@id\":\"https:\\\/\\\/medicinasinc.com\\\/sk\\\/product\\\/kupit-benzyl-metyl-keton-bmk-prasok-online\\\/#breadcrumb\",\"itemListElement\":[{\"@type\":\"ListItem\",\"position\":1,\"name\":\"Obchod\",\"item\":\"https:\\\/\\\/medicinasinc.com\\\/sk\\\/obchod\\\/\"},{\"@type\":\"ListItem\",\"position\":2,\"name\":\"K\u00fapte si benzylmetylket\u00f3nov\u00fd (BMK) pr\u00e1\u0161ok online\"}]},{\"@type\":\"WebSite\",\"@id\":\"https:\\\/\\\/medicinasinc.com\\\/sk\\\/#website\",\"url\":\"https:\\\/\\\/medicinasinc.com\\\/sk\\\/\",\"name\":\"Medicinas Inc\",\"description\":\"Health Medical Clinic\",\"potentialAction\":[{\"@type\":\"SearchAction\",\"target\":{\"@type\":\"EntryPoint\",\"urlTemplate\":\"https:\\\/\\\/medicinasinc.com\\\/sk\\\/?s={search_term_string}\"},\"query-input\":{\"@type\":\"PropertyValueSpecification\",\"valueRequired\":true,\"valueName\":\"search_term_string\"}}],\"inLanguage\":\"en-US\"}]}<\/script>\n<!-- \/ Yoast SEO plugin. -->","yoast_head_json":{"title":"K\u00fapte si benzylmetylket\u00f3nov\u00fd (BMK) pr\u00e1\u0161ok online \u2013 najlep\u0161ie glob\u00e1lne lieky","description":"K\u00fapte si benzylmetylket\u00f3nov\u00fd (BMK) pr\u00e1\u0161ok online. N\u00e1\u0161 BMK Powder je 100% laborat\u00f3rne testovan\u00fd. N\u00e1\u0161 BMK Powder zasielame ako diskr\u00e9tne a expresn\u00e9 z\u00e1sielky","robots":{"index":"index","follow":"follow","max-snippet":"max-snippet:-1","max-image-preview":"max-image-preview:large","max-video-preview":"max-video-preview:-1"},"canonical":"https:\/\/medicinasinc.com\/sk\/product\/kupit-benzyl-metyl-keton-bmk-prasok-online\/","og_locale":"en_US","og_type":"article","og_title":"K\u00fapte si benzylmetylket\u00f3nov\u00fd (BMK) pr\u00e1\u0161ok online \u2013 najlep\u0161ie glob\u00e1lne lieky","og_description":"K\u00fapte si benzylmetylket\u00f3nov\u00fd (BMK) pr\u00e1\u0161ok online. N\u00e1\u0161 BMK Powder je 100% laborat\u00f3rne testovan\u00fd. N\u00e1\u0161 BMK Powder zasielame ako diskr\u00e9tne a expresn\u00e9 z\u00e1sielky","og_url":"https:\/\/medicinasinc.com\/sk\/product\/kupit-benzyl-metyl-keton-bmk-prasok-online\/","og_site_name":"Medicinas Inc","article_modified_time":"2022-03-22T00:46:35+00:00","og_image":[{"width":447,"height":389,"url":"https:\/\/medicinasinc.com\/sk\/wp-content\/uploads\/sites\/10\/2022\/02\/buy-bmk-powder.jpg","type":"image\/jpeg"}],"twitter_card":"summary_large_image","twitter_misc":{"Est. reading time":"2 minutes"},"schema":{"@context":"https:\/\/schema.org","@graph":[{"@type":"WebPage","@id":"https:\/\/medicinasinc.com\/sk\/product\/kupit-benzyl-metyl-keton-bmk-prasok-online\/","url":"https:\/\/medicinasinc.com\/sk\/product\/kupit-benzyl-metyl-keton-bmk-prasok-online\/","name":"K\u00fapte si benzylmetylket\u00f3nov\u00fd (BMK) pr\u00e1\u0161ok online \u2013 najlep\u0161ie glob\u00e1lne lieky","isPartOf":{"@id":"https:\/\/medicinasinc.com\/sk\/#website"},"primaryImageOfPage":{"@id":"https:\/\/medicinasinc.com\/sk\/product\/kupit-benzyl-metyl-keton-bmk-prasok-online\/#primaryimage"},"image":{"@id":"https:\/\/medicinasinc.com\/sk\/product\/kupit-benzyl-metyl-keton-bmk-prasok-online\/#primaryimage"},"thumbnailUrl":"https:\/\/medicinasinc.com\/sk\/wp-content\/uploads\/sites\/10\/2022\/02\/buy-bmk-powder.jpg","datePublished":"2022-02-22T08:05:19+00:00","dateModified":"2022-03-22T00:46:35+00:00","description":"K\u00fapte si benzylmetylket\u00f3nov\u00fd (BMK) pr\u00e1\u0161ok online. N\u00e1\u0161 BMK Powder je 100% laborat\u00f3rne testovan\u00fd. N\u00e1\u0161 BMK Powder zasielame ako diskr\u00e9tne a expresn\u00e9 z\u00e1sielky","breadcrumb":{"@id":"https:\/\/medicinasinc.com\/sk\/product\/kupit-benzyl-metyl-keton-bmk-prasok-online\/#breadcrumb"},"inLanguage":"en-US","potentialAction":[{"@type":"ReadAction","target":["https:\/\/medicinasinc.com\/sk\/product\/kupit-benzyl-metyl-keton-bmk-prasok-online\/"]}]},{"@type":"ImageObject","inLanguage":"en-US","@id":"https:\/\/medicinasinc.com\/sk\/product\/kupit-benzyl-metyl-keton-bmk-prasok-online\/#primaryimage","url":"https:\/\/medicinasinc.com\/sk\/wp-content\/uploads\/sites\/10\/2022\/02\/buy-bmk-powder.jpg","contentUrl":"https:\/\/medicinasinc.com\/sk\/wp-content\/uploads\/sites\/10\/2022\/02\/buy-bmk-powder.jpg","width":447,"height":389},{"@type":"BreadcrumbList","@id":"https:\/\/medicinasinc.com\/sk\/product\/kupit-benzyl-metyl-keton-bmk-prasok-online\/#breadcrumb","itemListElement":[{"@type":"ListItem","position":1,"name":"Obchod","item":"https:\/\/medicinasinc.com\/sk\/obchod\/"},{"@type":"ListItem","position":2,"name":"K\u00fapte si benzylmetylket\u00f3nov\u00fd (BMK) pr\u00e1\u0161ok online"}]},{"@type":"WebSite","@id":"https:\/\/medicinasinc.com\/sk\/#website","url":"https:\/\/medicinasinc.com\/sk\/","name":"Medicinas Inc","description":"Health Medical Clinic","potentialAction":[{"@type":"SearchAction","target":{"@type":"EntryPoint","urlTemplate":"https:\/\/medicinasinc.com\/sk\/?s={search_term_string}"},"query-input":{"@type":"PropertyValueSpecification","valueRequired":true,"valueName":"search_term_string"}}],"inLanguage":"en-US"}]}},"_links":{"self":[{"href":"https:\/\/medicinasinc.com\/sk\/wp-json\/wp\/v2\/product\/5893","targetHints":{"allow":["GET"]}}],"collection":[{"href":"https:\/\/medicinasinc.com\/sk\/wp-json\/wp\/v2\/product"}],"about":[{"href":"https:\/\/medicinasinc.com\/sk\/wp-json\/wp\/v2\/types\/product"}],"replies":[{"embeddable":true,"href":"https:\/\/medicinasinc.com\/sk\/wp-json\/wp\/v2\/comments?post=5893"}],"wp:featuredmedia":[{"embeddable":true,"href":"https:\/\/medicinasinc.com\/sk\/wp-json\/wp\/v2\/media\/5922"}],"wp:attachment":[{"href":"https:\/\/medicinasinc.com\/sk\/wp-json\/wp\/v2\/media?parent=5893"}],"wp:term":[{"taxonomy":"product_brand","embeddable":true,"href":"https:\/\/medicinasinc.com\/sk\/wp-json\/wp\/v2\/product_brand?post=5893"},{"taxonomy":"product_cat","embeddable":true,"href":"https:\/\/medicinasinc.com\/sk\/wp-json\/wp\/v2\/product_cat?post=5893"},{"taxonomy":"product_tag","embeddable":true,"href":"https:\/\/medicinasinc.com\/sk\/wp-json\/wp\/v2\/product_tag?post=5893"}],"curies":[{"name":"wp","href":"https:\/\/api.w.org\/{rel}","templated":true}]}}