{"id":5890,"date":"2022-02-22T08:03:24","date_gmt":"2022-02-22T08:03:24","guid":{"rendered":"https:\/\/medicinasinc.com\/sk\/?post_type=product&#038;p=5890"},"modified":"2022-03-22T00:46:51","modified_gmt":"2022-03-22T00:46:51","slug":"buy-apaan-online-alfa-fenylacetoacetonitril","status":"publish","type":"product","link":"https:\/\/medicinasinc.com\/sk\/product\/buy-apaan-online-alfa-fenylacetoacetonitril\/","title":{"rendered":"K\u00fapi\u0165 APAAN online (alfa-fenylacetoacetonitril)"},"content":{"rendered":"<p>K\u00fapte si APAAN od renomovanej online lek\u00e1rne.<\/p>\n<p>APAAN, registra\u010dn\u00e9 \u010d\u00edslo CAS 4468-48-8, je kry\u0161talick\u00fd pr\u00e1\u0161ok bielej a\u017e svetlo\u017eltej farby, ktor\u00fd sa syntetizuje z benzylkyanidu.<\/p>\n<p>\u010co je APAAN (alfa-fenylacetoacetonitril)?<\/p>\n<p>Alfa-fenylacetoacetonitril je chemik\u00e1lia s \u010d\u00edslom CAS 4468-48-8, ktor\u00fa z\u00e1kon o kontrolovan\u00fdch l\u00e1tkach klasifikuje ako l\u00e1tku zoznamu I (CSA). Zistilo sa, \u017ee sa pou\u017e\u00edva v tajn\u00fdch chemick\u00fdch laborat\u00f3ri\u00e1ch na nez\u00e1konn\u00fa v\u00fdrobu l\u00e1tky obmedzenej pod\u013ea pl\u00e1nu II zn\u00e1mej ako fenyl-2-propan\u00f3n alebo P2P), metamfetam\u00ednu a amfetam\u00ednu. V d\u00f4sledku toho DEA po\u017eiadala, aby bola klasifikovan\u00e1 ako kontrolovan\u00e1 l\u00e1tka.<\/p>\n<p>Ak\u00e1ko\u013evek chemick\u00e1 zmes obsahuj\u00faca alfa-fenylacetoacetonitril je regulovan\u00e1 CSA, okrem obmedzen\u00fdch okolnost\u00ed.<\/p>\n<p>\u010co s\u00fa niektor\u00e9 synonym\u00e1 alfa fenylacetoacetonitrilu?<\/p>\n<p>Okrem toho sa alfa fenylacetoacetonitril ozna\u010duje nasleduj\u00facimi n\u00e1zvami:<\/p>\n<p>NSC 11777 NSC 25183 NSC 55206 APAAN 2-fenylacetoacetonitril<br \/> Ak\u00e9 s\u00fa mnoh\u00e9 dostupn\u00e9 typy alfa fenylacetoacetonitrilu?<\/p>\n<p>T\u00e1to chemik\u00e1lia je dostupn\u00e1 v pr\u00e1\u0161kovej, \u017eltej, hnedej alebo bielej forme, ako aj v kry\u0161talickej forme so slab\u00fdm slamovo \u017elt\u00fdm odtie\u0148om.<\/p>\n<p>Ako m\u00f4\u017eem k\u00fapi\u0165 alfa fenylacetoacetonitril?<\/p>\n<p>Alfa fenylacetoacetonitril je mo\u017en\u00e9 zak\u00fapi\u0165 prostredn\u00edctvom n\u00e1\u0161ho online obchodu. Na\u0161a chemik\u00e1lia je mimoriadne \u010dist\u00e1. Nielen to, ale navy\u0161e ho od n\u00e1s dostanete za v\u00fdrazne ni\u017e\u0161iu cenu ako v\u00e4\u010d\u0161ina ostatn\u00fdch predajcov na trhu. \u010eal\u0161ou presved\u010divou motiv\u00e1ciou nakupova\u0165 v na\u0161om internetovom obchode je to, \u017ee ho diskr\u00e9tne a bezpe\u010dne distribuujeme na\u0161im z\u00e1kazn\u00edkom na mnoh\u00fdch miestach po celom svete prostredn\u00edctvom na\u0161ich d\u00f4veryhodn\u00fdch kuri\u00e9rskych partnerov.<\/p>\n<p>Ak\u00e9 vlastnosti m\u00e1 Alpha Phenylacetoacetonitril?<br \/> \u0160pecifick\u00e9 vlastnosti tejto chemik\u00e1lie s\u00fa nasleduj\u00face:<\/p>\n<p>Pre t\u00fato \u010das\u0165 pou\u017eite tabu\u013eku (napr\u00edklad bod topenia, bod varu, hustotu, \u010d\u00edslo CAS, \u010distotu a molekulov\u00fa hmotnos\u0165).<\/p>\n<p>Ak\u00e9 vyu\u017eitie m\u00e1 alfa fenylacetoacetonitril?<\/p>\n<p>alfa fenylacetoacetonitril nem\u00e1 povolen\u00e9 pou\u017eitie in\u00e9 ako na \u00fa\u010dely v\u00fdskumu a v\u00fdvoja, ako aj na analytick\u00e9 \u00fa\u010dely v laborat\u00f3ri\u00e1ch.<\/p>\n<p>Nieko\u013eko zn\u00e1mych predajcov t\u00e1to chemik\u00e1lia zah\u0155\u0148a nasledovn\u00e9:<br \/> Nasleduje zoznam dod\u00e1vate\u013eov alfa fenylacetoacetonitrilu:<br \/> Aurum Pharmatech LLC Activate Scientific<br \/> Heterocyclics Research Chemik\u00e1lie a stavebn\u00e9 bloky MolPort<br \/> Chemick\u00fd v\u00fdskum a v\u00fdvoj od Vlci<br \/> AK Scienti fic, Inc. (AKSCI) Alfa Chemistry Oakwood Products<br \/> Laborat\u00f3rium laborat\u00f3ria Vitas-M APIChem, spolo\u010dnos\u0165 WuXi AppTec Chemieliva Pharmaceutical Co., Ltd Hangzhou APIChem Technology Vitas-M Laboratory<br \/> Ako sa syntetizuje alfa fenylacetoacetonitril resp. pripraven\u00fd?<\/p>\n<p>60 g \u010dist\u00e9ho sod\u00edka s hmotnos\u0165ou 2,6 gramov\u00fdch at\u00f3mov sa zmie\u0161a so 700 cm3 absol\u00fatneho alkoholu. Touto met\u00f3dou sa priprav\u00ed roztok etoxidu sodn\u00e9ho v 2-1 banke s gu\u013eat\u00fdm dnom vybavenej sp\u00e4tn\u00fdm chladi\u010dom. K tomuto zahriatemu roztoku sa prid\u00e1 234 g alebo 2 m\u00f3ly \u010dist\u00e9ho benzylkyanidu a 264 g alebo 3 m\u00f3ly such\u00e9ho etylacet\u00e1tu a d\u00f4kladne sa pretrepe. Kondenz\u00e1tor je utesnen\u00fd trubicou s chloridom v\u00e1penat\u00fdm. Roztok sa var\u00ed v parnom k\u00fapeli dve hodiny a potom sa nech\u00e1 cez noc. Nasleduj\u00face r\u00e1no si v\u0161imnete, \u017ee sa v zmesi vytvorili hrudky. V\u00fdsledkom je, \u017ee na mie\u0161anie kvapaliny sa pou\u017e\u00edva dreven\u00e1 ty\u010d, ktor\u00e1 sp\u00f4sobuje rozbitie hrudiek. N\u00e1sledne sa pou\u017eije mraziaca zmes na jej ochladenie na teplotu 10\u00b0. Teplota sa potom udr\u017eiava na tejto \u00farovni po\u010das dvoch hod\u00edn. 6-palcov\u00fd. B\u00fcchnerov lievik sa pou\u017e\u00edva na zber sodnej soli, ktor\u00e1 sa v lieviku \u0161tyrikr\u00e1t prepl\u00e1chne 250 cm3. \u010dasti \u00e9teru. Objav\u00edte bezfarebn\u00fd filtra\u010dn\u00fd kol\u00e1\u010d s hmotnos\u0165ou 250 \u2013 275 g. suchej sodnej soli alebo 69\u201376 % predpokladan\u00e9ho mno\u017estva. Filtr\u00e1ty spojte a pridajte ich do mraziacej zmesi.<\/p>\n<p>Pri teplote miestnosti rozpustite sodn\u00fa so\u013e, ktor\u00e1 je e\u0161te vlhk\u00e1 v \u00e9tere, v 1,3 l destilovan\u00e9ho vodou a potom ochla\u010fte roztok na 0 \u00b0C. Zr\u00e1\u017eajte nitril jemn\u00fdm pridan\u00edm 90 cm3 \u013eadovej kyseliny octovej a energick\u00fdm pretrepan\u00edm. Zrazenina sa oddel\u00ed v\u00e1kuovou filtr\u00e1ciou a premyje sa \u0161tyrikr\u00e1t v 250 cm3 vody pomocou lievika. Teraz by ste mali ma\u0165 vlhk\u00fd kol\u00e1\u010d -fenylacetoacetonitrilu s hmotnos\u0165ou 300 g (188-206 g). Je z 59 \u2013 64 percent such\u00e1 a m\u00e1 teplotu topenia 87 \u2013 89 \u00b0C, \u010do je vhodn\u00e9 pre v\u00e4\u010d\u0161inu aplik\u00e1ci\u00ed.<\/p>\n<p>Ak je po\u017eadovan\u00e1 rekry\u0161taliz\u00e1cia surovej chemik\u00e1lie, rozpustite vlhk\u00fd kol\u00e1\u010d v 100 cm3 vriaceho metylalkoholu. Roztok sa prefiltruje a mie\u0161an\u00edm sa ochlad\u00ed na teplotu 10 \u00b0C. Kry\u0161t\u00e1ly sa odsaj\u00fa a raz sa premyj\u00fa 40 cm3 metylalkoholu ochladen\u00e9ho na 10 \u00b0C. Produkt v\u00e1\u017ei v suchom stave 173 \u2013 191 g (54 % \u2013 60 %) a m\u00e1 teplotu topenia 88,5 \u2013 89,5 \u00b0C. V 5-1. v banke, spojte filtr\u00e1ty a v\u00fdplachy zo separ\u00e1cie sodnej soli. M\u00f4\u017eete ho zriedi\u0165 \u013eadovou vodou a\u017e do bodu, ke\u010f je banka \u00faplne pln\u00e1. Ods\u00e1van\u00edm \u00faplne odstr\u00e1\u0148te spodn\u00fa vrstvu. V\u00fdznamn\u00e1 \u010das\u0165 \u00e9teru sa m\u00f4\u017ee odstr\u00e1ni\u0165 dekant\u00e1ciou a zvy\u0161ok sa oddel\u00ed pomocou odde\u013eovacieho lievika.<\/p>\n<p>Vodn\u00e1 vrstva sa extrahuje e\u0161te dvakr\u00e1t s pou\u017eit\u00edm 500 cm3 dielov \u00e9teru a potom sa \u00e9terov\u00e9 extrakty zlikviduj\u00fa.<\/p>\n<p>Pri zn\u00ed\u017eenom tlaku m\u00f4\u017eete odstr\u00e1ni\u0165 zvy\u0161ky \u00e9teru vo vodnej vrstve tak, \u017ee budete nas\u00e1va\u0165 vzduch cez roztok po\u010das hodiny pomocou ods\u00e1va\u010dky. Pridan\u00edm 60 cm3 \u013eadovej kyseliny octovej vyzr\u00e1\u017eajte -fenylacetoacetonitril.<\/p>\n<p>Ak sa olej zlikviduje, ponorte banku do \u013eadov\u00e9ho k\u00fape\u013ea, k\u00fdm zrazenina nevykry\u0161talizuje. Kry\u0161t\u00e1ly sa oddelia sacou filtr\u00e1ciou a \u0161tyrikr\u00e1t sa premyj\u00fa v lieviku naplnenom 50 cm3 vody. Hnedohned\u00fd materi\u00e1l v\u00e1\u017ei 50\u201355 g a po vysu\u0161en\u00ed m\u00e1 teplotu topenia 83\u201386 \u00b0C. Potom sa rozpust\u00ed v metylalkoholov\u00fdch matersk\u00fdch l\u00fahoch, ktor\u00e9 zostali po kry\u0161taliz\u00e1cii predch\u00e1dzaj\u00facej \u0161ar\u017ee. V\u00fdsledn\u00fd roztok sa potom zahrieva v pr\u00edtomnosti st\u00f4p noritu. Prefiltruje sa a ochlad\u00ed na teplotu 10 \u00b0C. Vytvoren\u00e9 kry\u0161t\u00e1ly sa zozbieraj\u00fa pomocou filtra a premyj\u00fa sa 10 cm3 studen\u00e9ho metylalkoholu a potom sa vysu\u0161ia. Potom sa z\u00edska 43\u201348 gramov hmota s bledou slamovou farbou a teplotou topenia 87\u201389 \u00b0C. Rekry\u0161talizuje sa z roztoku 25 ml \u010dist\u00e9ho metylalkoholu a 10 ml studen\u00e9ho metylalkoholu. Vyrob\u00ed sa materi\u00e1l s hmotnos\u0165ou 37 \u2013 41 g s teplotou topenia 88,5 \u2013 89,5 \u00b0C. V\u00fdsledkom je celkov\u00fd materi\u00e1l tejto \u010distoty v\u00e1\u017eiaci medzi 210 a 232 g, alebo 66 \u2013 73 percent teoretick\u00e9ho mno\u017estva.<\/p>\n<p>Ak\u00e9 vlastnosti m\u00e1 alfa-fenylacetoacetonitril?<\/p>\n<p>Nasleduj\u00fa \u0161pecifick\u00e9 vlastnosti tejto chemik\u00e1lie:<\/p>\n<p>Molekulov\u00e1 hmotnos\u0165: 159,188 g\/mol Presn\u00e1 hmotnos\u0165: 159,068 g\/mol CAS: 4468-48-8<br \/> 99,8 % \u010distota<br \/> Ko\u013eko m\u00e1 Alpha Cena fenylacetoacetonitrilu?<\/p>\n<p>Cena tejto chemik\u00e1lie sa l\u00ed\u0161i v z\u00e1vislosti od poskytovate\u013ea. Skuto\u010dn\u00e1 cena je ur\u010den\u00e1 z\u013eavou poskytnutou online predajcom a mno\u017estvom zak\u00fapenej chemik\u00e1lie. M\u00f4\u017eeme v\u00e1m zabezpe\u010di\u0165, \u017ee v na\u0161ej predajni ho n\u00e1jdete za najlep\u0161iu cenu na trhu. Okrem toho garantujeme kvalitu produktu a r\u00fdchle doru\u010denie a\u017e k v\u00e1m domov.<\/p>\n<p>Ako je alfa fenylacetoacetonitril klasifikovan\u00fd z pr\u00e1vneho h\u013eadiska?<\/p>\n<p>Vzh\u013eadom na to, \u017ee alfa fenylacetoacetonitril je chemik\u00e1lia pod\u013ea zoznamu I, v\u0161etky transakcie sa kontroluje, bez oh\u013eadu na ich mno\u017estvo.<\/p>\n<p>V\u00fdrobcovia zmes\u00ed obsahuj\u00facich t\u00fato chemik\u00e1liu, ktor\u00e9 nesp\u013a\u0148aj\u00fa podmienky na automatick\u00fa v\u00fdnimku, musia poda\u0165 \u017eiados\u0165 o v\u00fdnimku, preto\u017ee v\u0161etky chemick\u00e9 zmesi, ktor\u00e9 ju obsahuj\u00fa, v akejko\u013evek koncentr\u00e1cii s\u00fa regulovan\u00e9. <\/p>\n<p>Ak\u00e9 s\u00fa varovania spojen\u00e9 s touto chemik\u00e1liou, ktor\u00e9 mus\u00edte dodr\u017eiava\u0165?<\/p>\n<p>Pri manipul\u00e1cii s touto l\u00e1tkou je potrebn\u00e9 venova\u0165 ur\u010dit\u00fa pozornos\u0165 ochrane svojej bezpe\u010dnosti. Nasleduj\u00fa varovania a prevent\u00edvne opatrenia:<\/p>\n<p>Pri peror\u00e1lnom po\u017eit\u00ed je t\u00e1to chemik\u00e1lia mimoriadne nebezpe\u010dn\u00e1. Preto sa mu za ka\u017ed\u00fa cenu vyhnite.<br \/> Preto\u017ee je nebezpe\u010dn\u00fd, ak sa dostane do kontaktu s va\u0161\u00edm m\u00e4som, mus\u00edte s n\u00edm zaobch\u00e1dza\u0165 mimoriadne opatrne a nosi\u0165 rukavice, aby ste si chr\u00e1nili poko\u017eku.<br \/> Budete m\u00f4\u017ee d\u00f4js\u0165 k podr\u00e1\u017edeniu poko\u017eky a m\u00f4\u017ee dokonca korodova\u0165, preto sa vyh\u00fdbajte bl\u00edzkemu dotyku.<br \/> Ke\u010f\u017ee je zn\u00e1me, \u017ee chemik\u00e1lia sp\u00f4sobuje v\u00e1\u017ene podr\u00e1\u017edenie a po\u0161kodenie o\u010d\u00ed, je d\u00f4le\u017eit\u00e9 pou\u017e\u00edva\u0165 ochrann\u00e9 okuliare, ktor\u00e9 \u00faplne zakr\u00fdvaj\u00fa o\u010di, \u010d\u00edm sa zabr\u00e1ni ne\u00famyseln\u00e9mu kontaktu s o\u010dami.<br \/> Zistilo sa, \u017ee je mimoriadne nebezpe\u010dn\u00fd pri vd\u00fdchnut\u00ed. Preto mus\u00ed by\u0165 tv\u00e1r zakryt\u00e1, aby sa zabr\u00e1nilo ne\u00famyseln\u00e9mu vd\u00fdchnutiu chemik\u00e1lie po\u010das v\u00fdskumu, v\u00fdvoja alebo anal\u00fdzy.<br \/> Liek je dostato\u010dne siln\u00fd na to, aby vyvolal d\u00fdchacie \u0165a\u017ekosti. Dokonca aj jedin\u00e1 expoz\u00edcia m\u00f4\u017ee sp\u00f4sobi\u0165 toxicitu pre cie\u013eov\u00fd org\u00e1n. Je mo\u017en\u00fd z\u00e1va\u017en\u00fd z\u00e1pal, najm\u00e4 v d\u00fdchacom trakte.<\/p>\n<p>K\u00fapi\u0165 APAAN online | K\u00fapi\u0165 APAAN na predaj | K\u00fapi\u0165 APAAN online | K\u00fapte si APAAN online (USA, \u010c\u00cdNA, UK, WORLDWIDE)<\/p>\n","protected":false},"excerpt":{"rendered":"<p>K\u00fapi\u0165 APAAN (alfa-fenylacetoacetonitril) na predaj v Eur\u00f3pe, Spojenom kr\u00e1\u013eovstve online bez lek\u00e1rskeho predpisu. Objednajte si APAAN (alfa-fenylacetoacetonitril) online.<\/p>\n<p>APAAN (alfa-fenylacetoacetonitril) je analytick\u00fd referen\u010dn\u00fd \u0161tandard so \u0161trukt\u00farou podobnou amfetam\u00ednu.<\/p>\n<p>-acetylbenz\u00e9nacetonitril<\/p>\n<p> 4468-48-8 CAS \u010d.<\/p>\n<p>Synonym\u00e1 :APAAN ,2-fenylacetoacetonitril<\/p>\n<p>Molekulov\u00fd vzorec: C10H9NO<\/p>\n<p>Hmotnos\u0165 vzorca: 159,2<\/p>\n<p>\u010cistota :\u226598 %<\/p>\n<p>Recept\u00fara: Kry\u0161talick\u00e1 tuh\u00e1 l\u00e1tka<\/p>\n<p>\u03bbmax :264 nm<\/p>\n<p>Skladovanie: -20\u00b0C<\/p>\n<p>Stabilita :\u2265 2 roky<\/p>\n","protected":false},"featured_media":5916,"comment_status":"open","ping_status":"closed","template":"","meta":[],"product_brand":[],"product_cat":[703],"product_tag":[],"class_list":{"0":"post-5890","1":"product","2":"type-product","3":"status-publish","4":"has-post-thumbnail","6":"product_cat-kpi-psychedelick-drogy","8":"first","9":"instock","10":"shipping-taxable","11":"purchasable","12":"product-type-variable"},"yoast_head":"<!-- This site is optimized with the Yoast SEO plugin v27.3 - https:\/\/yoast.com\/product\/yoast-seo-wordpress\/ -->\n<title>K\u00fapi\u0165 APAAN online (alfa-fenylacetoacetonitril) \u2013 najlep\u0161ie glob\u00e1lne lieky<\/title>\n<meta name=\"description\" content=\"K\u00fapi\u0165 APAAN (alfa-fenylacetoacetonitril) na predaj v Eur\u00f3pe, Spojenom kr\u00e1\u013eovstve online bez lek\u00e1rskeho predpisu. Objednajte si APAAN (alfa-fenylacetoacetonitril) online.\" \/>\n<meta name=\"robots\" content=\"index, follow, max-snippet:-1, max-image-preview:large, max-video-preview:-1\" \/>\n<link rel=\"canonical\" href=\"https:\/\/medicinasinc.com\/sk\/product\/buy-apaan-online-alfa-fenylacetoacetonitril\/\" \/>\n<meta property=\"og:locale\" content=\"en_US\" \/>\n<meta property=\"og:type\" content=\"article\" \/>\n<meta property=\"og:title\" content=\"K\u00fapi\u0165 APAAN online (alfa-fenylacetoacetonitril) \u2013 najlep\u0161ie glob\u00e1lne lieky\" \/>\n<meta property=\"og:description\" content=\"K\u00fapi\u0165 APAAN (alfa-fenylacetoacetonitril) na predaj v Eur\u00f3pe, Spojenom kr\u00e1\u013eovstve online bez lek\u00e1rskeho predpisu. Objednajte si APAAN (alfa-fenylacetoacetonitril) online.\" \/>\n<meta property=\"og:url\" content=\"https:\/\/medicinasinc.com\/sk\/product\/buy-apaan-online-alfa-fenylacetoacetonitril\/\" \/>\n<meta property=\"og:site_name\" content=\"Medicinas Inc\" \/>\n<meta property=\"article:modified_time\" content=\"2022-03-22T00:46:51+00:00\" \/>\n<meta property=\"og:image\" content=\"https:\/\/medicinasinc.com\/sk\/wp-content\/uploads\/sites\/10\/2022\/02\/buy-apaan-alpha-phenylacetoacetonitrile.jpg\" \/>\n\t<meta property=\"og:image:width\" content=\"600\" \/>\n\t<meta property=\"og:image:height\" content=\"600\" \/>\n\t<meta property=\"og:image:type\" content=\"image\/jpeg\" \/>\n<meta name=\"twitter:card\" content=\"summary_large_image\" \/>\n<meta name=\"twitter:label1\" content=\"Est. reading time\" \/>\n\t<meta name=\"twitter:data1\" content=\"6 minutes\" \/>\n<script type=\"application\/ld+json\" class=\"yoast-schema-graph\">{\"@context\":\"https:\\\/\\\/schema.org\",\"@graph\":[{\"@type\":\"WebPage\",\"@id\":\"https:\\\/\\\/medicinasinc.com\\\/sk\\\/product\\\/buy-apaan-online-alfa-fenylacetoacetonitril\\\/\",\"url\":\"https:\\\/\\\/medicinasinc.com\\\/sk\\\/product\\\/buy-apaan-online-alfa-fenylacetoacetonitril\\\/\",\"name\":\"K\u00fapi\u0165 APAAN online (alfa-fenylacetoacetonitril) \u2013 najlep\u0161ie glob\u00e1lne lieky\",\"isPartOf\":{\"@id\":\"https:\\\/\\\/medicinasinc.com\\\/sk\\\/#website\"},\"primaryImageOfPage\":{\"@id\":\"https:\\\/\\\/medicinasinc.com\\\/sk\\\/product\\\/buy-apaan-online-alfa-fenylacetoacetonitril\\\/#primaryimage\"},\"image\":{\"@id\":\"https:\\\/\\\/medicinasinc.com\\\/sk\\\/product\\\/buy-apaan-online-alfa-fenylacetoacetonitril\\\/#primaryimage\"},\"thumbnailUrl\":\"https:\\\/\\\/medicinasinc.com\\\/sk\\\/wp-content\\\/uploads\\\/sites\\\/10\\\/2022\\\/02\\\/buy-apaan-alpha-phenylacetoacetonitrile.jpg\",\"datePublished\":\"2022-02-22T08:03:24+00:00\",\"dateModified\":\"2022-03-22T00:46:51+00:00\",\"description\":\"K\u00fapi\u0165 APAAN (alfa-fenylacetoacetonitril) na predaj v Eur\u00f3pe, Spojenom kr\u00e1\u013eovstve online bez lek\u00e1rskeho predpisu. Objednajte si APAAN (alfa-fenylacetoacetonitril) online.\",\"breadcrumb\":{\"@id\":\"https:\\\/\\\/medicinasinc.com\\\/sk\\\/product\\\/buy-apaan-online-alfa-fenylacetoacetonitril\\\/#breadcrumb\"},\"inLanguage\":\"en-US\",\"potentialAction\":[{\"@type\":\"ReadAction\",\"target\":[\"https:\\\/\\\/medicinasinc.com\\\/sk\\\/product\\\/buy-apaan-online-alfa-fenylacetoacetonitril\\\/\"]}]},{\"@type\":\"ImageObject\",\"inLanguage\":\"en-US\",\"@id\":\"https:\\\/\\\/medicinasinc.com\\\/sk\\\/product\\\/buy-apaan-online-alfa-fenylacetoacetonitril\\\/#primaryimage\",\"url\":\"https:\\\/\\\/medicinasinc.com\\\/sk\\\/wp-content\\\/uploads\\\/sites\\\/10\\\/2022\\\/02\\\/buy-apaan-alpha-phenylacetoacetonitrile.jpg\",\"contentUrl\":\"https:\\\/\\\/medicinasinc.com\\\/sk\\\/wp-content\\\/uploads\\\/sites\\\/10\\\/2022\\\/02\\\/buy-apaan-alpha-phenylacetoacetonitrile.jpg\",\"width\":600,\"height\":600},{\"@type\":\"BreadcrumbList\",\"@id\":\"https:\\\/\\\/medicinasinc.com\\\/sk\\\/product\\\/buy-apaan-online-alfa-fenylacetoacetonitril\\\/#breadcrumb\",\"itemListElement\":[{\"@type\":\"ListItem\",\"position\":1,\"name\":\"Obchod\",\"item\":\"https:\\\/\\\/medicinasinc.com\\\/sk\\\/obchod\\\/\"},{\"@type\":\"ListItem\",\"position\":2,\"name\":\"K\u00fapi\u0165 APAAN online (alfa-fenylacetoacetonitril)\"}]},{\"@type\":\"WebSite\",\"@id\":\"https:\\\/\\\/medicinasinc.com\\\/sk\\\/#website\",\"url\":\"https:\\\/\\\/medicinasinc.com\\\/sk\\\/\",\"name\":\"Medicinas Inc\",\"description\":\"Health Medical Clinic\",\"potentialAction\":[{\"@type\":\"SearchAction\",\"target\":{\"@type\":\"EntryPoint\",\"urlTemplate\":\"https:\\\/\\\/medicinasinc.com\\\/sk\\\/?s={search_term_string}\"},\"query-input\":{\"@type\":\"PropertyValueSpecification\",\"valueRequired\":true,\"valueName\":\"search_term_string\"}}],\"inLanguage\":\"en-US\"}]}<\/script>\n<!-- \/ Yoast SEO plugin. -->","yoast_head_json":{"title":"K\u00fapi\u0165 APAAN online (alfa-fenylacetoacetonitril) \u2013 najlep\u0161ie glob\u00e1lne lieky","description":"K\u00fapi\u0165 APAAN (alfa-fenylacetoacetonitril) na predaj v Eur\u00f3pe, Spojenom kr\u00e1\u013eovstve online bez lek\u00e1rskeho predpisu. Objednajte si APAAN (alfa-fenylacetoacetonitril) online.","robots":{"index":"index","follow":"follow","max-snippet":"max-snippet:-1","max-image-preview":"max-image-preview:large","max-video-preview":"max-video-preview:-1"},"canonical":"https:\/\/medicinasinc.com\/sk\/product\/buy-apaan-online-alfa-fenylacetoacetonitril\/","og_locale":"en_US","og_type":"article","og_title":"K\u00fapi\u0165 APAAN online (alfa-fenylacetoacetonitril) \u2013 najlep\u0161ie glob\u00e1lne lieky","og_description":"K\u00fapi\u0165 APAAN (alfa-fenylacetoacetonitril) na predaj v Eur\u00f3pe, Spojenom kr\u00e1\u013eovstve online bez lek\u00e1rskeho predpisu. Objednajte si APAAN (alfa-fenylacetoacetonitril) online.","og_url":"https:\/\/medicinasinc.com\/sk\/product\/buy-apaan-online-alfa-fenylacetoacetonitril\/","og_site_name":"Medicinas Inc","article_modified_time":"2022-03-22T00:46:51+00:00","og_image":[{"width":600,"height":600,"url":"https:\/\/medicinasinc.com\/sk\/wp-content\/uploads\/sites\/10\/2022\/02\/buy-apaan-alpha-phenylacetoacetonitrile.jpg","type":"image\/jpeg"}],"twitter_card":"summary_large_image","twitter_misc":{"Est. reading time":"6 minutes"},"schema":{"@context":"https:\/\/schema.org","@graph":[{"@type":"WebPage","@id":"https:\/\/medicinasinc.com\/sk\/product\/buy-apaan-online-alfa-fenylacetoacetonitril\/","url":"https:\/\/medicinasinc.com\/sk\/product\/buy-apaan-online-alfa-fenylacetoacetonitril\/","name":"K\u00fapi\u0165 APAAN online (alfa-fenylacetoacetonitril) \u2013 najlep\u0161ie glob\u00e1lne lieky","isPartOf":{"@id":"https:\/\/medicinasinc.com\/sk\/#website"},"primaryImageOfPage":{"@id":"https:\/\/medicinasinc.com\/sk\/product\/buy-apaan-online-alfa-fenylacetoacetonitril\/#primaryimage"},"image":{"@id":"https:\/\/medicinasinc.com\/sk\/product\/buy-apaan-online-alfa-fenylacetoacetonitril\/#primaryimage"},"thumbnailUrl":"https:\/\/medicinasinc.com\/sk\/wp-content\/uploads\/sites\/10\/2022\/02\/buy-apaan-alpha-phenylacetoacetonitrile.jpg","datePublished":"2022-02-22T08:03:24+00:00","dateModified":"2022-03-22T00:46:51+00:00","description":"K\u00fapi\u0165 APAAN (alfa-fenylacetoacetonitril) na predaj v Eur\u00f3pe, Spojenom kr\u00e1\u013eovstve online bez lek\u00e1rskeho predpisu. Objednajte si APAAN (alfa-fenylacetoacetonitril) online.","breadcrumb":{"@id":"https:\/\/medicinasinc.com\/sk\/product\/buy-apaan-online-alfa-fenylacetoacetonitril\/#breadcrumb"},"inLanguage":"en-US","potentialAction":[{"@type":"ReadAction","target":["https:\/\/medicinasinc.com\/sk\/product\/buy-apaan-online-alfa-fenylacetoacetonitril\/"]}]},{"@type":"ImageObject","inLanguage":"en-US","@id":"https:\/\/medicinasinc.com\/sk\/product\/buy-apaan-online-alfa-fenylacetoacetonitril\/#primaryimage","url":"https:\/\/medicinasinc.com\/sk\/wp-content\/uploads\/sites\/10\/2022\/02\/buy-apaan-alpha-phenylacetoacetonitrile.jpg","contentUrl":"https:\/\/medicinasinc.com\/sk\/wp-content\/uploads\/sites\/10\/2022\/02\/buy-apaan-alpha-phenylacetoacetonitrile.jpg","width":600,"height":600},{"@type":"BreadcrumbList","@id":"https:\/\/medicinasinc.com\/sk\/product\/buy-apaan-online-alfa-fenylacetoacetonitril\/#breadcrumb","itemListElement":[{"@type":"ListItem","position":1,"name":"Obchod","item":"https:\/\/medicinasinc.com\/sk\/obchod\/"},{"@type":"ListItem","position":2,"name":"K\u00fapi\u0165 APAAN online (alfa-fenylacetoacetonitril)"}]},{"@type":"WebSite","@id":"https:\/\/medicinasinc.com\/sk\/#website","url":"https:\/\/medicinasinc.com\/sk\/","name":"Medicinas Inc","description":"Health Medical Clinic","potentialAction":[{"@type":"SearchAction","target":{"@type":"EntryPoint","urlTemplate":"https:\/\/medicinasinc.com\/sk\/?s={search_term_string}"},"query-input":{"@type":"PropertyValueSpecification","valueRequired":true,"valueName":"search_term_string"}}],"inLanguage":"en-US"}]}},"_links":{"self":[{"href":"https:\/\/medicinasinc.com\/sk\/wp-json\/wp\/v2\/product\/5890","targetHints":{"allow":["GET"]}}],"collection":[{"href":"https:\/\/medicinasinc.com\/sk\/wp-json\/wp\/v2\/product"}],"about":[{"href":"https:\/\/medicinasinc.com\/sk\/wp-json\/wp\/v2\/types\/product"}],"replies":[{"embeddable":true,"href":"https:\/\/medicinasinc.com\/sk\/wp-json\/wp\/v2\/comments?post=5890"}],"wp:featuredmedia":[{"embeddable":true,"href":"https:\/\/medicinasinc.com\/sk\/wp-json\/wp\/v2\/media\/5916"}],"wp:attachment":[{"href":"https:\/\/medicinasinc.com\/sk\/wp-json\/wp\/v2\/media?parent=5890"}],"wp:term":[{"taxonomy":"product_brand","embeddable":true,"href":"https:\/\/medicinasinc.com\/sk\/wp-json\/wp\/v2\/product_brand?post=5890"},{"taxonomy":"product_cat","embeddable":true,"href":"https:\/\/medicinasinc.com\/sk\/wp-json\/wp\/v2\/product_cat?post=5890"},{"taxonomy":"product_tag","embeddable":true,"href":"https:\/\/medicinasinc.com\/sk\/wp-json\/wp\/v2\/product_tag?post=5890"}],"curies":[{"name":"wp","href":"https:\/\/api.w.org\/{rel}","templated":true}]}}