{"id":5881,"date":"2022-02-22T07:53:30","date_gmt":"2022-02-22T07:53:30","guid":{"rendered":"https:\/\/medicinasinc.com\/sk\/?post_type=product&#038;p=5881"},"modified":"2022-09-16T12:12:39","modified_gmt":"2022-09-16T12:12:39","slug":"buy-dilaudid-8-mg","status":"publish","type":"product","link":"https:\/\/medicinasinc.com\/sk\/product\/buy-dilaudid-8-mg\/","title":{"rendered":"K\u00fapi\u0165 Dilaudid 8 mg"},"content":{"rendered":"<p>Hydromorf\u00f3n je opioidn\u00fd liek proti bolesti, ktor\u00fd je mo\u017en\u00e9 zak\u00fapi\u0165 online. Opioid sa ob\u010das ozna\u010duje ako narkotikum.<\/p>\n<p>Dilaudid 8 mg je liek na predpis pou\u017e\u00edvan\u00fd na lie\u010dbu stredne silnej a\u017e silnej bolesti.<\/p>\n<p>Tento liek je dostupn\u00fd vo formul\u00e1cii s pred\u013a\u017een\u00fdm uvo\u013e\u0148ovan\u00edm pre lie\u010dba stredne silnej a\u017e silnej bolesti 24 hod\u00edn denne. T\u00e1to liekov\u00e1 forma Dilaudid 8 mg nie je ur\u010den\u00e1 na pou\u017eitie pod\u013ea potreby pri bolesti.<\/p>\n<p>Hydromorf\u00f3n Dilaudid 8 mg mo\u017eno pou\u017ei\u0165 aj na in\u00e9 pou\u017eitia, ktor\u00e9 nie s\u00fa zahrnut\u00e9 v tomto n\u00e1vode na pou\u017eitie.<\/p>\n<p>\u010co je najd\u00f4le\u017eitej\u0161ia inform\u00e1cia, ktor\u00fa by som si mal v s\u00favislosti s hydromorf\u00f3nom uvedomi\u0165?<\/p>\n<p>Ak m\u00e1te v\u00e1\u017ene probl\u00e9my s d\u00fdchan\u00edm alebo upchatie \u017eal\u00fadka alebo \u010driev, nemali by ste hydromorf\u00f3n pou\u017e\u00edva\u0165.<\/p>\n<p>8 mg dilaudid Hydromorf\u00f3n m\u00f4\u017ee sp\u00f4sobi\u0165 r\u00fdchle alebo \u00fapln\u00e9 zastavenie d\u00fdchania a m\u00f4\u017ee sa vyvin\u00fa\u0165 n\u00e1vyk. Aby ste sa vyhli potenci\u00e1lne smrte\u013enej d\u00e1vke, u\u017eite len predp\u00edsan\u00fa d\u00e1vku a prehltnite cel\u00fa tabletu s pred\u013a\u017een\u00fdm uvo\u013e\u0148ovan\u00edm. Nikdy nepod\u00e1vajte inej osobe Dilaudid 8 mg.<\/p>\n<p>&nbsp;<\/p>\n<p>NESPR\u00c1VNE U\u017d\u00cdVANIE NARKOTICK\u00c9HO LIEKU M\u00d4\u017dE SP\u00d4SOBI\u0164 Z\u00c1VISLOS\u0164, PRED\u00c1VKOVANIE ALEBO SMR\u0164, najm\u00e4 u det\u00ed alebo in\u00fdch jedincov, ktor\u00ed dostan\u00fa liek bez predpis.<\/p>\n<p>Ak matka u\u017e\u00edvala Dilaudid 8 mg po\u010das tehotenstva, novorodenec m\u00f4\u017ee poci\u0165ova\u0165 \u017eivot ohrozuj\u00face abstinen\u010dn\u00e9 pr\u00edznaky.<\/p>\n<p>Nekonzumujte \u017eiadne alkoholick\u00e9 n\u00e1poje.<\/p>\n<p>Tam je mo\u017enos\u0165 nebezpe\u010dn\u00fdch ne\u017eiaducich \u00fa\u010dinkov vr\u00e1tane smrti.<\/p>\n<p>\u010co by som mal prediskutova\u0165 so svoj\u00edm lek\u00e1rom pred za\u010dat\u00edm lie\u010dby hydromorf\u00f3nom?<\/p>\n<p>Tento liek by ste nemali u\u017e\u00edva\u0165, ak ste niekedy mali ne\u017eiaduca reakcia na hydromorf\u00f3n alebo ak\u00fdko\u013evek in\u00fd narkotick\u00fd liek alebo ak m\u00e1te niektor\u00fd z nasleduj\u00facich stavov:<\/p>\n<p>\u0165a\u017ek\u00e1 astma alebo d\u00fdchacie \u0165a\u017ekosti; upchatie \u017eal\u00fadka alebo \u010driev; alebo paralytick\u00fd ileus, ob\u0161trukcia \u010driev.<\/p>\n<p>Ak ste v priebehu posledn\u00fdch 14 dn\u00ed u\u017e\u00edvali inhib\u00edtor MAO, neu\u017e\u00edvajte Dilaudid 8 mg hydromorf\u00f3n. M\u00f4\u017ee sa vyskytn\u00fa\u0165 potenci\u00e1lne \u0161kodliv\u00e1 liekov\u00e1 interakcia. Izokarboxazid, linezolid, injekcia metyl\u00e9novej modrej, fenelz\u00edn, rasagil\u00edn, selegil\u00edn a tranylcyprom\u00edn s\u00fa v\u0161etky inhib\u00edtory MAO.<\/p>\n<p>Ur\u010dit\u00e9 lieky m\u00f4\u017eu interagova\u0165 s hydromorf\u00f3nom, \u010do vedie k potenci\u00e1lne smrte\u013en\u00e9mu ochoreniu naz\u00fdvan\u00e9mu seroton\u00ednov\u00fd syndr\u00f3m. Uistite sa, \u017ee v\u00e1\u0161 lek\u00e1r vie o ak\u00fdchko\u013evek liekoch, ktor\u00e9 u\u017e\u00edvate na depresiu, du\u0161evn\u00e9 choroby, Parkinsonovu chorobu, migr\u00e9nov\u00e9 bolesti hlavy, z\u00e1va\u017en\u00e9 infekcie alebo na prevenciu nevo\u013enosti a zvracania. Pred vykonan\u00edm ak\u00fdchko\u013evek zmien v sp\u00f4sobe alebo frekvencii u\u017e\u00edvania liekov sa pora\u010fte so svoj\u00edm lek\u00e1rom.<\/p>\n<p>Mo\u017eno nebudete m\u00f4c\u0165 u\u017e\u00edva\u0165 Dilaudid 8 mg hydromorf\u00f3n, ak pr\u00e1ve neu\u017e\u00edvate opioidn\u00e9 (narkotick\u00e9) lieky proti bolesti a s\u00fa k tomu tolerantn\u00ed. Ak si nie ste ist\u00fd, \u010di zn\u00e1\u0161ate opi\u00e1ty, pora\u010fte sa so svoj\u00edm lek\u00e1rom.<\/p>\n<p>Aby ste sa uistili, \u017ee hydromorf\u00f3n je pre v\u00e1s bezpe\u010dn\u00fd, informujte svojho lek\u00e1ra, ak m\u00e1te niektor\u00fd z nasleduj\u00facich pr\u00edznakov:<\/p>\n<p>ak\u00fdko\u013evek typ \u0165a\u017ekosti s d\u00fdchan\u00edm alebo ochorenie p\u013e\u00fac; anamn\u00e9za otrasu mozgu, mozgov\u00e9ho n\u00e1doru alebo z\u00e1chvatov; anamn\u00e9za zneu\u017e\u00edvania n\u00e1vykov\u00fdch l\u00e1tok, alkoholizmu alebo du\u0161evnej choroby; probl\u00e9my s mo\u010den\u00edm; ochorenie pe\u010dene alebo obli\u010diek; alergia na siri\u010ditany; Addisonova choroba alebo in\u00e9 poruchy nadobli\u010diek; probl\u00e9my so \u017el\u010dn\u00edkom, pankreasom alebo \u0161t\u00edtnou \u017e\u013eazou; alebo ak u\u017e\u00edvate sedat\u00edvum, ako je Valium (diazepam, alprazolam, lorazepam, Ativan, Klonopin, Restoril, Tranxene, Versed, Xanax a in\u00e9).<\/p>\n","protected":false},"excerpt":{"rendered":"<p>K\u00fapte si dilaudid 8 mg na predaj vo Ve\u013ekej Brit\u00e1nii, Eur\u00f3pe, USA v na\u0161om internetovom obchode bestglobalmeds.com s r\u00fdchlym celosvetov\u00fdm doru\u010den\u00edm! Najlep\u0161\u00ed Dilaudid 8 mg na objednanie n\u00e1jdete tu!<\/p>\n<p><b>Dilaudid 8 mg Hydromorf\u00f3n m\u00f4\u017ee spomali\u0165 alebo zastavi\u0165 va\u0161e d\u00fdchanie a m\u00f4\u017ee by\u0165 n\u00e1vykov\u00fd.<\/b>\u00a0Pou\u017e\u00edvajte len svoju predp\u00edsan\u00fa d\u00e1vku, a prehltnite cel\u00fa tabletu s pred\u013a\u017een\u00fdm uvo\u013e\u0148ovan\u00edm, aby ste sa vyhli potenci\u00e1lne smrte\u013enej d\u00e1vke. Nikdy nezdie\u013eajte Dilaudid 8 mg s inou osobou.<\/p>\n","protected":false},"featured_media":5909,"comment_status":"open","ping_status":"closed","template":"","meta":[],"product_brand":[],"product_cat":[1117],"product_tag":[4040,4044,4038,4041,4039,4043],"class_list":{"0":"post-5881","1":"product","2":"type-product","3":"status-publish","4":"has-post-thumbnail","6":"product_cat-kupte-si-tabletky-proti-bolesti-spanku-sexu","7":"product_tag-ako-kpi-dilaudid-8-mg-online","8":"product_tag-kde-kpi-dilaudid-8-mg-online","9":"product_tag-kpi-dilaudid-8-mg-online","10":"product_tag-order-dilaudid-8-mg-online","11":"product_tag-dilaudid-8-mg-na-predaj","12":"product_tag-the-bets-place-to-buy-dilaudid-8-mg-online","14":"first","15":"instock","16":"shipping-taxable","17":"purchasable","18":"product-type-variable"},"yoast_head":"<!-- This site is optimized with the Yoast SEO plugin v27.3 - https:\/\/yoast.com\/product\/yoast-seo-wordpress\/ -->\n<title>K\u00fapi\u0165 Dilaudid 8 mg - Najlep\u0161ia glob\u00e1lna medic\u00edna<\/title>\n<meta name=\"description\" content=\"K\u00fapte si dilaudid 8 mg na predaj vo Ve\u013ekej Brit\u00e1nii, Eur\u00f3pe, USA v na\u0161om internetovom obchode bestglobalmeds.com s r\u00fdchlym celosvetov\u00fdm doru\u010den\u00edm! Najlep\u0161ie Dilaudid 8 mg na objedn\u00e1vku n\u00e1jdete tu!\" \/>\n<meta name=\"robots\" content=\"index, follow, max-snippet:-1, max-image-preview:large, max-video-preview:-1\" \/>\n<link rel=\"canonical\" href=\"https:\/\/medicinasinc.com\/sk\/product\/buy-dilaudid-8-mg\/\" \/>\n<meta property=\"og:locale\" content=\"en_US\" \/>\n<meta property=\"og:type\" content=\"article\" \/>\n<meta property=\"og:title\" content=\"K\u00fapi\u0165 Dilaudid 8 mg - Najlep\u0161ia glob\u00e1lna medic\u00edna\" \/>\n<meta property=\"og:description\" content=\"K\u00fapte si dilaudid 8 mg na predaj vo Ve\u013ekej Brit\u00e1nii, Eur\u00f3pe, USA v na\u0161om internetovom obchode bestglobalmeds.com s r\u00fdchlym celosvetov\u00fdm doru\u010den\u00edm! Najlep\u0161ie Dilaudid 8 mg na objedn\u00e1vku n\u00e1jdete tu!\" \/>\n<meta property=\"og:url\" content=\"https:\/\/medicinasinc.com\/sk\/product\/buy-dilaudid-8-mg\/\" \/>\n<meta property=\"og:site_name\" content=\"Medicinas Inc\" \/>\n<meta property=\"article:modified_time\" content=\"2022-09-16T12:12:39+00:00\" \/>\n<meta property=\"og:image\" content=\"https:\/\/medicinasinc.com\/sk\/wp-content\/uploads\/sites\/10\/2022\/02\/Dilaudid-8-mg.jpg\" \/>\n\t<meta property=\"og:image:width\" content=\"300\" \/>\n\t<meta property=\"og:image:height\" content=\"300\" \/>\n\t<meta property=\"og:image:type\" content=\"image\/jpeg\" \/>\n<meta name=\"twitter:card\" content=\"summary_large_image\" \/>\n<meta name=\"twitter:label1\" content=\"Est. reading time\" \/>\n\t<meta name=\"twitter:data1\" content=\"3 minutes\" \/>\n<script type=\"application\/ld+json\" class=\"yoast-schema-graph\">{\"@context\":\"https:\\\/\\\/schema.org\",\"@graph\":[{\"@type\":\"WebPage\",\"@id\":\"https:\\\/\\\/medicinasinc.com\\\/sk\\\/product\\\/buy-dilaudid-8-mg\\\/\",\"url\":\"https:\\\/\\\/medicinasinc.com\\\/sk\\\/product\\\/buy-dilaudid-8-mg\\\/\",\"name\":\"K\u00fapi\u0165 Dilaudid 8 mg - Najlep\u0161ia glob\u00e1lna medic\u00edna\",\"isPartOf\":{\"@id\":\"https:\\\/\\\/medicinasinc.com\\\/sk\\\/#website\"},\"primaryImageOfPage\":{\"@id\":\"https:\\\/\\\/medicinasinc.com\\\/sk\\\/product\\\/buy-dilaudid-8-mg\\\/#primaryimage\"},\"image\":{\"@id\":\"https:\\\/\\\/medicinasinc.com\\\/sk\\\/product\\\/buy-dilaudid-8-mg\\\/#primaryimage\"},\"thumbnailUrl\":\"https:\\\/\\\/medicinasinc.com\\\/sk\\\/wp-content\\\/uploads\\\/sites\\\/10\\\/2022\\\/02\\\/Dilaudid-8-mg.jpg\",\"datePublished\":\"2022-02-22T07:53:30+00:00\",\"dateModified\":\"2022-09-16T12:12:39+00:00\",\"description\":\"K\u00fapte si dilaudid 8 mg na predaj vo Ve\u013ekej Brit\u00e1nii, Eur\u00f3pe, USA v na\u0161om internetovom obchode bestglobalmeds.com s r\u00fdchlym celosvetov\u00fdm doru\u010den\u00edm! Najlep\u0161ie Dilaudid 8 mg na objedn\u00e1vku n\u00e1jdete tu!\",\"breadcrumb\":{\"@id\":\"https:\\\/\\\/medicinasinc.com\\\/sk\\\/product\\\/buy-dilaudid-8-mg\\\/#breadcrumb\"},\"inLanguage\":\"en-US\",\"potentialAction\":[{\"@type\":\"ReadAction\",\"target\":[\"https:\\\/\\\/medicinasinc.com\\\/sk\\\/product\\\/buy-dilaudid-8-mg\\\/\"]}]},{\"@type\":\"ImageObject\",\"inLanguage\":\"en-US\",\"@id\":\"https:\\\/\\\/medicinasinc.com\\\/sk\\\/product\\\/buy-dilaudid-8-mg\\\/#primaryimage\",\"url\":\"https:\\\/\\\/medicinasinc.com\\\/sk\\\/wp-content\\\/uploads\\\/sites\\\/10\\\/2022\\\/02\\\/Dilaudid-8-mg.jpg\",\"contentUrl\":\"https:\\\/\\\/medicinasinc.com\\\/sk\\\/wp-content\\\/uploads\\\/sites\\\/10\\\/2022\\\/02\\\/Dilaudid-8-mg.jpg\",\"width\":300,\"height\":300},{\"@type\":\"BreadcrumbList\",\"@id\":\"https:\\\/\\\/medicinasinc.com\\\/sk\\\/product\\\/buy-dilaudid-8-mg\\\/#breadcrumb\",\"itemListElement\":[{\"@type\":\"ListItem\",\"position\":1,\"name\":\"Obchod\",\"item\":\"https:\\\/\\\/medicinasinc.com\\\/sk\\\/obchod\\\/\"},{\"@type\":\"ListItem\",\"position\":2,\"name\":\"K\u00fapi\u0165 Dilaudid 8 mg\"}]},{\"@type\":\"WebSite\",\"@id\":\"https:\\\/\\\/medicinasinc.com\\\/sk\\\/#website\",\"url\":\"https:\\\/\\\/medicinasinc.com\\\/sk\\\/\",\"name\":\"Medicinas Inc\",\"description\":\"Health Medical Clinic\",\"potentialAction\":[{\"@type\":\"SearchAction\",\"target\":{\"@type\":\"EntryPoint\",\"urlTemplate\":\"https:\\\/\\\/medicinasinc.com\\\/sk\\\/?s={search_term_string}\"},\"query-input\":{\"@type\":\"PropertyValueSpecification\",\"valueRequired\":true,\"valueName\":\"search_term_string\"}}],\"inLanguage\":\"en-US\"}]}<\/script>\n<!-- \/ Yoast SEO plugin. -->","yoast_head_json":{"title":"K\u00fapi\u0165 Dilaudid 8 mg - Najlep\u0161ia glob\u00e1lna medic\u00edna","description":"K\u00fapte si dilaudid 8 mg na predaj vo Ve\u013ekej Brit\u00e1nii, Eur\u00f3pe, USA v na\u0161om internetovom obchode bestglobalmeds.com s r\u00fdchlym celosvetov\u00fdm doru\u010den\u00edm! Najlep\u0161ie Dilaudid 8 mg na objedn\u00e1vku n\u00e1jdete tu!","robots":{"index":"index","follow":"follow","max-snippet":"max-snippet:-1","max-image-preview":"max-image-preview:large","max-video-preview":"max-video-preview:-1"},"canonical":"https:\/\/medicinasinc.com\/sk\/product\/buy-dilaudid-8-mg\/","og_locale":"en_US","og_type":"article","og_title":"K\u00fapi\u0165 Dilaudid 8 mg - Najlep\u0161ia glob\u00e1lna medic\u00edna","og_description":"K\u00fapte si dilaudid 8 mg na predaj vo Ve\u013ekej Brit\u00e1nii, Eur\u00f3pe, USA v na\u0161om internetovom obchode bestglobalmeds.com s r\u00fdchlym celosvetov\u00fdm doru\u010den\u00edm! Najlep\u0161ie Dilaudid 8 mg na objedn\u00e1vku n\u00e1jdete tu!","og_url":"https:\/\/medicinasinc.com\/sk\/product\/buy-dilaudid-8-mg\/","og_site_name":"Medicinas Inc","article_modified_time":"2022-09-16T12:12:39+00:00","og_image":[{"width":300,"height":300,"url":"https:\/\/medicinasinc.com\/sk\/wp-content\/uploads\/sites\/10\/2022\/02\/Dilaudid-8-mg.jpg","type":"image\/jpeg"}],"twitter_card":"summary_large_image","twitter_misc":{"Est. reading time":"3 minutes"},"schema":{"@context":"https:\/\/schema.org","@graph":[{"@type":"WebPage","@id":"https:\/\/medicinasinc.com\/sk\/product\/buy-dilaudid-8-mg\/","url":"https:\/\/medicinasinc.com\/sk\/product\/buy-dilaudid-8-mg\/","name":"K\u00fapi\u0165 Dilaudid 8 mg - Najlep\u0161ia glob\u00e1lna medic\u00edna","isPartOf":{"@id":"https:\/\/medicinasinc.com\/sk\/#website"},"primaryImageOfPage":{"@id":"https:\/\/medicinasinc.com\/sk\/product\/buy-dilaudid-8-mg\/#primaryimage"},"image":{"@id":"https:\/\/medicinasinc.com\/sk\/product\/buy-dilaudid-8-mg\/#primaryimage"},"thumbnailUrl":"https:\/\/medicinasinc.com\/sk\/wp-content\/uploads\/sites\/10\/2022\/02\/Dilaudid-8-mg.jpg","datePublished":"2022-02-22T07:53:30+00:00","dateModified":"2022-09-16T12:12:39+00:00","description":"K\u00fapte si dilaudid 8 mg na predaj vo Ve\u013ekej Brit\u00e1nii, Eur\u00f3pe, USA v na\u0161om internetovom obchode bestglobalmeds.com s r\u00fdchlym celosvetov\u00fdm doru\u010den\u00edm! Najlep\u0161ie Dilaudid 8 mg na objedn\u00e1vku n\u00e1jdete tu!","breadcrumb":{"@id":"https:\/\/medicinasinc.com\/sk\/product\/buy-dilaudid-8-mg\/#breadcrumb"},"inLanguage":"en-US","potentialAction":[{"@type":"ReadAction","target":["https:\/\/medicinasinc.com\/sk\/product\/buy-dilaudid-8-mg\/"]}]},{"@type":"ImageObject","inLanguage":"en-US","@id":"https:\/\/medicinasinc.com\/sk\/product\/buy-dilaudid-8-mg\/#primaryimage","url":"https:\/\/medicinasinc.com\/sk\/wp-content\/uploads\/sites\/10\/2022\/02\/Dilaudid-8-mg.jpg","contentUrl":"https:\/\/medicinasinc.com\/sk\/wp-content\/uploads\/sites\/10\/2022\/02\/Dilaudid-8-mg.jpg","width":300,"height":300},{"@type":"BreadcrumbList","@id":"https:\/\/medicinasinc.com\/sk\/product\/buy-dilaudid-8-mg\/#breadcrumb","itemListElement":[{"@type":"ListItem","position":1,"name":"Obchod","item":"https:\/\/medicinasinc.com\/sk\/obchod\/"},{"@type":"ListItem","position":2,"name":"K\u00fapi\u0165 Dilaudid 8 mg"}]},{"@type":"WebSite","@id":"https:\/\/medicinasinc.com\/sk\/#website","url":"https:\/\/medicinasinc.com\/sk\/","name":"Medicinas Inc","description":"Health Medical Clinic","potentialAction":[{"@type":"SearchAction","target":{"@type":"EntryPoint","urlTemplate":"https:\/\/medicinasinc.com\/sk\/?s={search_term_string}"},"query-input":{"@type":"PropertyValueSpecification","valueRequired":true,"valueName":"search_term_string"}}],"inLanguage":"en-US"}]}},"_links":{"self":[{"href":"https:\/\/medicinasinc.com\/sk\/wp-json\/wp\/v2\/product\/5881","targetHints":{"allow":["GET"]}}],"collection":[{"href":"https:\/\/medicinasinc.com\/sk\/wp-json\/wp\/v2\/product"}],"about":[{"href":"https:\/\/medicinasinc.com\/sk\/wp-json\/wp\/v2\/types\/product"}],"replies":[{"embeddable":true,"href":"https:\/\/medicinasinc.com\/sk\/wp-json\/wp\/v2\/comments?post=5881"}],"wp:featuredmedia":[{"embeddable":true,"href":"https:\/\/medicinasinc.com\/sk\/wp-json\/wp\/v2\/media\/5909"}],"wp:attachment":[{"href":"https:\/\/medicinasinc.com\/sk\/wp-json\/wp\/v2\/media?parent=5881"}],"wp:term":[{"taxonomy":"product_brand","embeddable":true,"href":"https:\/\/medicinasinc.com\/sk\/wp-json\/wp\/v2\/product_brand?post=5881"},{"taxonomy":"product_cat","embeddable":true,"href":"https:\/\/medicinasinc.com\/sk\/wp-json\/wp\/v2\/product_cat?post=5881"},{"taxonomy":"product_tag","embeddable":true,"href":"https:\/\/medicinasinc.com\/sk\/wp-json\/wp\/v2\/product_tag?post=5881"}],"curies":[{"name":"wp","href":"https:\/\/api.w.org\/{rel}","templated":true}]}}