{"id":5875,"date":"2022-02-22T07:46:55","date_gmt":"2022-02-22T07:46:55","guid":{"rendered":"https:\/\/medicinasinc.com\/sk\/?post_type=product&#038;p=5875"},"modified":"2022-03-22T00:47:19","modified_gmt":"2022-03-22T00:47:19","slug":"kupit-gama-butyrolakton","status":"publish","type":"product","link":"https:\/\/medicinasinc.com\/sk\/product\/kupit-gama-butyrolakton\/","title":{"rendered":"K\u00fapte si gama-butyrolakt\u00f3n"},"content":{"rendered":"<p>Gamma-butyrolakt\u00f3n (-butyrolakt\u00f3n alebo GBL) je biela hygroskopick\u00e1 kvapalina so slab\u00fdm v\u00fdrazn\u00fdm z\u00e1pachom, ktor\u00e1 je rozpustn\u00e1 vo vode. GBL je \u0161iroko pou\u017e\u00edvan\u00e9 rozp\u00fa\u0161\u0165adlo a \u010dinidlo v ch\u00e9mii, ako aj dochucovadlo, \u010distiace rozp\u00fa\u0161\u0165adlo, odstra\u0148ova\u010d superglue a rozp\u00fa\u0161\u0165adlo v niektor\u00fdch mokr\u00fdch hlin\u00edkov\u00fdch elektrolytick\u00fdch kondenz\u00e1toroch.<\/p>\n<p>K\u00fapte si gama-butyrolakt\u00f3n (GBL) 1,0 mg\/ml v referen\u010dn\u00fdch \u0161tandardoch acetonitrilu odvoden\u00fdch od GHB a podobn\u00fdch zl\u00fa\u010den\u00edn. K\u00fapi\u0165 online<\/p>\n<p>Gammabutyrolakt\u00f3n na predaj online, gbl (gama-butyrolakt\u00f3n) na predaj, gamabutyrolakt\u00f3n na predaj vo Ve\u013ekej Brit\u00e1nii, gamabutyrolakt\u00f3nov\u00fd \u010distiaci prostriedok na predaj<\/p>\n<p>Funguje ako predchodca GHB u \u013eud\u00ed a pou\u017e\u00edva sa ako rekrea\u010dn\u00fd opojn\u00fd prostriedok s \u00fa\u010dinkami porovnate\u013en\u00fdmi s alkoholom.<\/p>\n<p>GBL bol zisten\u00fd v extraktoch zo vzoriek \u010dist\u00e9ho v\u00edna. Tento v\u00fdskum nazna\u010duje, \u017ee GBL sa prirodzene vyskytuje v niektor\u00fdch v\u00ednach a m\u00f4\u017ee by\u0165 pr\u00edtomn\u00fd v porovnate\u013en\u00fdch produktoch. Zisten\u00e1 koncentr\u00e1cia bola okolo 5 g\/ml, \u010do sa jednoducho ur\u010dilo pomocou jednoduch\u00e9ho extrak\u010dn\u00e9ho pr\u00edstupu nasledovan\u00e9ho GC\/MS anal\u00fdzou.<\/p>\n<p>GBL mo\u017eno zisti\u0165 v syrov\u00fdch ar\u00f3mach, av\u0161ak kone\u010dn\u00fd potravinov\u00fd produkt m\u00e1 zvy\u010dajne menej ako 0,0002 percent GBL.<\/p>\n<p>GBL je klasifikovan\u00fd ako lakt\u00f3n. Hydrolyzuje sa na gama-hydroxybutyr\u00e1t sodn\u00fd, sodn\u00fa so\u013e kyseliny gama-hydroxymaslovej, za z\u00e1sadit\u00fdch podmienok, napr\u00edklad v roztoku hydroxidu sodn\u00e9ho. V kysl\u00fdch podmienkach vytv\u00e1ra rovnov\u00e1\u017enu kombin\u00e1ciu oboch chemik\u00e1li\u00ed. Potom sa tieto chemik\u00e1lie m\u00f4\u017eu spoji\u0165 a vytvori\u0165 polym\u00e9r. Ke\u010f sa pou\u017eije nenukleofiln\u00e1 b\u00e1za, ako je diizopropylamid l\u00edtny,<\/p>\n<p>GBL m\u00e1 potenci\u00e1l p\u00f4sobi\u0165 ako alfa-uhl\u00edkov\u00fd nukleofil. Kaprolakt\u00f3n, podobn\u00e1 chemik\u00e1lia, sa m\u00f4\u017ee pou\u017ei\u0165 t\u00fdmto sp\u00f4sobom na vytvorenie polyesteru.<\/p>\n<p>GBL nie je \u00fa\u010dinn\u00e1 l\u00e1tka sama o sebe; jeho mechanizmus \u00fa\u010dinku je odvoden\u00fd od jeho statusu ako prolie\u010diva GHB. Hypnotick\u00fd \u00fa\u010dinok GHB sa zosil\u0148uje v kombin\u00e1cii s alkoholom. V \u0161t\u00fadii na potkanoch z roku 2003 sa zistilo, \u017ee GBL m\u00e1 v kombin\u00e1cii s etanolom zosilnen\u00fd hypnotick\u00fd \u00fa\u010dinok, preto\u017ee meranie na\u010dasovania sp\u00e1nku bolo dlh\u0161ie ako s\u00fa\u010det dvoch nez\u00e1visl\u00fdch zlo\u017eiek.<\/p>\n","protected":false},"excerpt":{"rendered":"<p>Gamma-butyrolakt\u00f3n si m\u00f4\u017eete k\u00fapi\u0165 od dod\u00e1vate\u013eov, ktor\u00fdm d\u00f4verujeme, a spolupracujeme s t\u00fdmito dod\u00e1vate\u013emi, aby sme spr\u00edstupnili n\u00e1kup gama-butyrolakt\u00f3nu na predaj Spojen\u00e9 kr\u00e1\u013eovstvo, Eur\u00f3pa<\/p>\n<p>V\u0161etky pyrolid\u00f3ny sa syntetizuj\u00fa pomocou GBL ako chemick\u00e9ho sprostredkovate\u013ea . M\u00f4\u017ee sa pou\u017ei\u0165 na v\u00fdrobu insektic\u00eddov, herbic\u00eddov a regul\u00e1torov rastu pre rastliny.<\/p>\n","protected":false},"featured_media":5885,"comment_status":"open","ping_status":"closed","template":"","meta":[],"product_brand":[],"product_cat":[2014],"product_tag":[4033,4037,4035,4031,4036,4034,4032],"class_list":{"0":"post-5875","1":"product","2":"type-product","3":"status-publish","4":"has-post-thumbnail","6":"product_cat-k-c3-bapi-c5-a5-v-c3-bdskumn-c3-a9-chemik-c3-a1lie","7":"product_tag-ako-kpi-gama-butyrolaktn-online","8":"product_tag-kde-kpi-gama-butyrolaktn-online","9":"product_tag-nkup-gama-butyrolaktn-online","10":"product_tag-kpi-gama-butyrolaktn-online","11":"product_tag-najlepie-miesto-na-kpi-gama-butyrolaktn-online","12":"product_tag-objedna-gama-butyrolaktn-online","13":"product_tag-gama-butyrolaktn-na-predaj","15":"first","16":"instock","17":"featured","18":"shipping-taxable","19":"purchasable","20":"product-type-variable"},"yoast_head":"<!-- This site is optimized with the Yoast SEO plugin v27.2 - https:\/\/yoast.com\/product\/yoast-seo-wordpress\/ -->\n<title>K\u00fapte si gama-butyrolakt\u00f3n \u2013 najlep\u0161ie najlep\u0161ie glob\u00e1lne lieky<\/title>\n<meta name=\"description\" content=\"Gama-butyrolakt\u00f3n si m\u00f4\u017eete k\u00fapi\u0165 od dod\u00e1vate\u013eov, ktor\u00fdm d\u00f4verujeme, a my s t\u00fdmito dod\u00e1vate\u013emi spolupracujeme, aby sme v\u00e1m umo\u017enili pr\u00edstup k n\u00e1kupu gama-butyrolakt\u00f3nu na predaj Spojen\u00e9 kr\u00e1\u013eovstvo, Eur\u00f3pa\" \/>\n<meta name=\"robots\" content=\"index, follow, max-snippet:-1, max-image-preview:large, max-video-preview:-1\" \/>\n<link rel=\"canonical\" href=\"https:\/\/medicinasinc.com\/sk\/product\/kupit-gama-butyrolakton\/\" \/>\n<meta property=\"og:locale\" content=\"en_US\" \/>\n<meta property=\"og:type\" content=\"article\" \/>\n<meta property=\"og:title\" content=\"K\u00fapte si gama-butyrolakt\u00f3n \u2013 najlep\u0161ie najlep\u0161ie glob\u00e1lne lieky\" \/>\n<meta property=\"og:description\" content=\"Gama-butyrolakt\u00f3n si m\u00f4\u017eete k\u00fapi\u0165 od dod\u00e1vate\u013eov, ktor\u00fdm d\u00f4verujeme, a my s t\u00fdmito dod\u00e1vate\u013emi spolupracujeme, aby sme v\u00e1m umo\u017enili pr\u00edstup k n\u00e1kupu gama-butyrolakt\u00f3nu na predaj Spojen\u00e9 kr\u00e1\u013eovstvo, Eur\u00f3pa\" \/>\n<meta property=\"og:url\" content=\"https:\/\/medicinasinc.com\/sk\/product\/kupit-gama-butyrolakton\/\" \/>\n<meta property=\"og:site_name\" content=\"Medicinas Inc\" \/>\n<meta property=\"article:modified_time\" content=\"2022-03-22T00:47:19+00:00\" \/>\n<meta property=\"og:image\" content=\"https:\/\/medicinasinc.com\/sk\/wp-content\/uploads\/sites\/10\/2022\/02\/Buy-Gamma-Butyrolactone.jpg\" \/>\n\t<meta property=\"og:image:width\" content=\"500\" \/>\n\t<meta property=\"og:image:height\" content=\"500\" \/>\n\t<meta property=\"og:image:type\" content=\"image\/jpeg\" \/>\n<meta name=\"twitter:card\" content=\"summary_large_image\" \/>\n<meta name=\"twitter:label1\" content=\"Est. reading time\" \/>\n\t<meta name=\"twitter:data1\" content=\"2 minutes\" \/>\n<script type=\"application\/ld+json\" class=\"yoast-schema-graph\">{\"@context\":\"https:\/\/schema.org\",\"@graph\":[{\"@type\":\"WebPage\",\"@id\":\"https:\/\/medicinasinc.com\/sk\/product\/kupit-gama-butyrolakton\/\",\"url\":\"https:\/\/medicinasinc.com\/sk\/product\/kupit-gama-butyrolakton\/\",\"name\":\"K\u00fapte si gama-butyrolakt\u00f3n \u2013 najlep\u0161ie najlep\u0161ie glob\u00e1lne lieky\",\"isPartOf\":{\"@id\":\"https:\/\/medicinasinc.com\/sk\/#website\"},\"primaryImageOfPage\":{\"@id\":\"https:\/\/medicinasinc.com\/sk\/product\/kupit-gama-butyrolakton\/#primaryimage\"},\"image\":{\"@id\":\"https:\/\/medicinasinc.com\/sk\/product\/kupit-gama-butyrolakton\/#primaryimage\"},\"thumbnailUrl\":\"https:\/\/medicinasinc.com\/sk\/wp-content\/uploads\/sites\/10\/2022\/02\/Buy-Gamma-Butyrolactone.jpg\",\"datePublished\":\"2022-02-22T07:46:55+00:00\",\"dateModified\":\"2022-03-22T00:47:19+00:00\",\"description\":\"Gama-butyrolakt\u00f3n si m\u00f4\u017eete k\u00fapi\u0165 od dod\u00e1vate\u013eov, ktor\u00fdm d\u00f4verujeme, a my s t\u00fdmito dod\u00e1vate\u013emi spolupracujeme, aby sme v\u00e1m umo\u017enili pr\u00edstup k n\u00e1kupu gama-butyrolakt\u00f3nu na predaj Spojen\u00e9 kr\u00e1\u013eovstvo, Eur\u00f3pa\",\"breadcrumb\":{\"@id\":\"https:\/\/medicinasinc.com\/sk\/product\/kupit-gama-butyrolakton\/#breadcrumb\"},\"inLanguage\":\"en-US\",\"potentialAction\":[{\"@type\":\"ReadAction\",\"target\":[\"https:\/\/medicinasinc.com\/sk\/product\/kupit-gama-butyrolakton\/\"]}]},{\"@type\":\"ImageObject\",\"inLanguage\":\"en-US\",\"@id\":\"https:\/\/medicinasinc.com\/sk\/product\/kupit-gama-butyrolakton\/#primaryimage\",\"url\":\"https:\/\/medicinasinc.com\/sk\/wp-content\/uploads\/sites\/10\/2022\/02\/Buy-Gamma-Butyrolactone.jpg\",\"contentUrl\":\"https:\/\/medicinasinc.com\/sk\/wp-content\/uploads\/sites\/10\/2022\/02\/Buy-Gamma-Butyrolactone.jpg\",\"width\":500,\"height\":500},{\"@type\":\"BreadcrumbList\",\"@id\":\"https:\/\/medicinasinc.com\/sk\/product\/kupit-gama-butyrolakton\/#breadcrumb\",\"itemListElement\":[{\"@type\":\"ListItem\",\"position\":1,\"name\":\"Obchod\",\"item\":\"https:\/\/medicinasinc.com\/sk\/obchod\/\"},{\"@type\":\"ListItem\",\"position\":2,\"name\":\"K\u00fapte si gama-butyrolakt\u00f3n\"}]},{\"@type\":\"WebSite\",\"@id\":\"https:\/\/medicinasinc.com\/sk\/#website\",\"url\":\"https:\/\/medicinasinc.com\/sk\/\",\"name\":\"Medicinas Inc\",\"description\":\"Health Medical Clinic\",\"potentialAction\":[{\"@type\":\"SearchAction\",\"target\":{\"@type\":\"EntryPoint\",\"urlTemplate\":\"https:\/\/medicinasinc.com\/sk\/?s={search_term_string}\"},\"query-input\":{\"@type\":\"PropertyValueSpecification\",\"valueRequired\":true,\"valueName\":\"search_term_string\"}}],\"inLanguage\":\"en-US\"}]}<\/script>\n<!-- \/ Yoast SEO plugin. -->","yoast_head_json":{"title":"K\u00fapte si gama-butyrolakt\u00f3n \u2013 najlep\u0161ie najlep\u0161ie glob\u00e1lne lieky","description":"Gama-butyrolakt\u00f3n si m\u00f4\u017eete k\u00fapi\u0165 od dod\u00e1vate\u013eov, ktor\u00fdm d\u00f4verujeme, a my s t\u00fdmito dod\u00e1vate\u013emi spolupracujeme, aby sme v\u00e1m umo\u017enili pr\u00edstup k n\u00e1kupu gama-butyrolakt\u00f3nu na predaj Spojen\u00e9 kr\u00e1\u013eovstvo, Eur\u00f3pa","robots":{"index":"index","follow":"follow","max-snippet":"max-snippet:-1","max-image-preview":"max-image-preview:large","max-video-preview":"max-video-preview:-1"},"canonical":"https:\/\/medicinasinc.com\/sk\/product\/kupit-gama-butyrolakton\/","og_locale":"en_US","og_type":"article","og_title":"K\u00fapte si gama-butyrolakt\u00f3n \u2013 najlep\u0161ie najlep\u0161ie glob\u00e1lne lieky","og_description":"Gama-butyrolakt\u00f3n si m\u00f4\u017eete k\u00fapi\u0165 od dod\u00e1vate\u013eov, ktor\u00fdm d\u00f4verujeme, a my s t\u00fdmito dod\u00e1vate\u013emi spolupracujeme, aby sme v\u00e1m umo\u017enili pr\u00edstup k n\u00e1kupu gama-butyrolakt\u00f3nu na predaj Spojen\u00e9 kr\u00e1\u013eovstvo, Eur\u00f3pa","og_url":"https:\/\/medicinasinc.com\/sk\/product\/kupit-gama-butyrolakton\/","og_site_name":"Medicinas Inc","article_modified_time":"2022-03-22T00:47:19+00:00","og_image":[{"width":500,"height":500,"url":"https:\/\/medicinasinc.com\/sk\/wp-content\/uploads\/sites\/10\/2022\/02\/Buy-Gamma-Butyrolactone.jpg","type":"image\/jpeg"}],"twitter_card":"summary_large_image","twitter_misc":{"Est. reading time":"2 minutes"},"schema":{"@context":"https:\/\/schema.org","@graph":[{"@type":"WebPage","@id":"https:\/\/medicinasinc.com\/sk\/product\/kupit-gama-butyrolakton\/","url":"https:\/\/medicinasinc.com\/sk\/product\/kupit-gama-butyrolakton\/","name":"K\u00fapte si gama-butyrolakt\u00f3n \u2013 najlep\u0161ie najlep\u0161ie glob\u00e1lne lieky","isPartOf":{"@id":"https:\/\/medicinasinc.com\/sk\/#website"},"primaryImageOfPage":{"@id":"https:\/\/medicinasinc.com\/sk\/product\/kupit-gama-butyrolakton\/#primaryimage"},"image":{"@id":"https:\/\/medicinasinc.com\/sk\/product\/kupit-gama-butyrolakton\/#primaryimage"},"thumbnailUrl":"https:\/\/medicinasinc.com\/sk\/wp-content\/uploads\/sites\/10\/2022\/02\/Buy-Gamma-Butyrolactone.jpg","datePublished":"2022-02-22T07:46:55+00:00","dateModified":"2022-03-22T00:47:19+00:00","description":"Gama-butyrolakt\u00f3n si m\u00f4\u017eete k\u00fapi\u0165 od dod\u00e1vate\u013eov, ktor\u00fdm d\u00f4verujeme, a my s t\u00fdmito dod\u00e1vate\u013emi spolupracujeme, aby sme v\u00e1m umo\u017enili pr\u00edstup k n\u00e1kupu gama-butyrolakt\u00f3nu na predaj Spojen\u00e9 kr\u00e1\u013eovstvo, Eur\u00f3pa","breadcrumb":{"@id":"https:\/\/medicinasinc.com\/sk\/product\/kupit-gama-butyrolakton\/#breadcrumb"},"inLanguage":"en-US","potentialAction":[{"@type":"ReadAction","target":["https:\/\/medicinasinc.com\/sk\/product\/kupit-gama-butyrolakton\/"]}]},{"@type":"ImageObject","inLanguage":"en-US","@id":"https:\/\/medicinasinc.com\/sk\/product\/kupit-gama-butyrolakton\/#primaryimage","url":"https:\/\/medicinasinc.com\/sk\/wp-content\/uploads\/sites\/10\/2022\/02\/Buy-Gamma-Butyrolactone.jpg","contentUrl":"https:\/\/medicinasinc.com\/sk\/wp-content\/uploads\/sites\/10\/2022\/02\/Buy-Gamma-Butyrolactone.jpg","width":500,"height":500},{"@type":"BreadcrumbList","@id":"https:\/\/medicinasinc.com\/sk\/product\/kupit-gama-butyrolakton\/#breadcrumb","itemListElement":[{"@type":"ListItem","position":1,"name":"Obchod","item":"https:\/\/medicinasinc.com\/sk\/obchod\/"},{"@type":"ListItem","position":2,"name":"K\u00fapte si gama-butyrolakt\u00f3n"}]},{"@type":"WebSite","@id":"https:\/\/medicinasinc.com\/sk\/#website","url":"https:\/\/medicinasinc.com\/sk\/","name":"Medicinas Inc","description":"Health Medical Clinic","potentialAction":[{"@type":"SearchAction","target":{"@type":"EntryPoint","urlTemplate":"https:\/\/medicinasinc.com\/sk\/?s={search_term_string}"},"query-input":{"@type":"PropertyValueSpecification","valueRequired":true,"valueName":"search_term_string"}}],"inLanguage":"en-US"}]}},"_links":{"self":[{"href":"https:\/\/medicinasinc.com\/sk\/wp-json\/wp\/v2\/product\/5875","targetHints":{"allow":["GET"]}}],"collection":[{"href":"https:\/\/medicinasinc.com\/sk\/wp-json\/wp\/v2\/product"}],"about":[{"href":"https:\/\/medicinasinc.com\/sk\/wp-json\/wp\/v2\/types\/product"}],"replies":[{"embeddable":true,"href":"https:\/\/medicinasinc.com\/sk\/wp-json\/wp\/v2\/comments?post=5875"}],"wp:featuredmedia":[{"embeddable":true,"href":"https:\/\/medicinasinc.com\/sk\/wp-json\/wp\/v2\/media\/5885"}],"wp:attachment":[{"href":"https:\/\/medicinasinc.com\/sk\/wp-json\/wp\/v2\/media?parent=5875"}],"wp:term":[{"taxonomy":"product_brand","embeddable":true,"href":"https:\/\/medicinasinc.com\/sk\/wp-json\/wp\/v2\/product_brand?post=5875"},{"taxonomy":"product_cat","embeddable":true,"href":"https:\/\/medicinasinc.com\/sk\/wp-json\/wp\/v2\/product_cat?post=5875"},{"taxonomy":"product_tag","embeddable":true,"href":"https:\/\/medicinasinc.com\/sk\/wp-json\/wp\/v2\/product_tag?post=5875"}],"curies":[{"name":"wp","href":"https:\/\/api.w.org\/{rel}","templated":true}]}}