{"id":5870,"date":"2022-02-22T07:42:43","date_gmt":"2022-02-22T07:42:43","guid":{"rendered":"https:\/\/medicinasinc.com\/sk\/?post_type=product&#038;p=5870"},"modified":"2022-03-22T00:47:33","modified_gmt":"2022-03-22T00:47:33","slug":"kupit-3-cmc-krystal","status":"publish","type":"product","link":"https:\/\/medicinasinc.com\/sk\/product\/kupit-3-cmc-krystal\/","title":{"rendered":"K\u00fapte si kry\u0161t\u00e1l 3 cmc"},"content":{"rendered":"<p>K\u00fapte 3-CMC CRYSTAL, k\u00fapte 3 CMC CRYSTAL, k\u00fapte 3 CMC CRYSTAL, k\u00fapte 3-CMC CRYSTAL<\/p>\n<p>CRYSTAL OF 3-CMC, Teraz je dostupn\u00fdch to\u013eko katin\u00f3nov, o \u010dom sved\u010d\u00ed aj vl\u00e1kno v ktorej pou\u017e\u00edvatelia hodnotili svoje sk\u00fasenosti so v\u0161etk\u00fdm, \u010do vysk\u00fa\u0161ali. Bez toho, aby som zach\u00e1dzal do h\u013abky ka\u017ed\u00e9ho z nich, tu je moje hodnotenie:<br \/> bk-MDMA (Methylone) &gt; bk-MBDB (butyl\u00f3n) &gt;gt; 4-MEC &gt;; MABP (Buphedrone)<\/p>\n<p>Jedin\u00e9, o ktor\u00fdch by som niekedy uva\u017eoval, \u017ee ich m\u00e1m znova, s\u00fa nesl\u00e1vne zn\u00e1my mefedron a metyl\u00f3n, ktor\u00e9 boli v posledn\u00fdch rokoch celosvetovo viac-menej zak\u00e1zan\u00e9.<\/p>\n<p>Z\u00edskal som ich. toto hodnotenie od niekoho, kto sa dobre vyzn\u00e1 v tejto triede RC, \u010do sa mi zdalo zauj\u00edmav\u00e9:<\/p>\n<p>KRI\u0160T\u00c1\u013dOV\u00c1 FORMA 3-CMC, 4-MMC &gt; bk-MDMA &gt;gt; 4-CMC &gt;; 3-CMC &gt;; 3-MMC &gt; gt; 5-metyletyl\u00f3n &gt; Butylon &gt; Ethylone<br \/> Tento &#8220;Klepedr\u00f3n&#8221; (4-CMC), ktor\u00fd nemal ve\u013ek\u00fd vplyv na trh RC, sa jav\u00ed ako pekn\u00e1 vec. A AFAIK nie je na v\u00e4\u010d\u0161ine miest \u0161pecificky napl\u00e1novan\u00fd. Bezpe\u010dnostn\u00fd profil je v\u0161ak v\u00e4\u010d\u0161inou nezn\u00e1my a mnoh\u00ed sa ob\u00e1vaj\u00fa, preto\u017ee anal\u00f3g amfetam\u00ednu, 4-CA, je dobre zn\u00e1my ako extr\u00e9mne neurotoxick\u00fd.<\/p>\n<p>Jedin\u00e9, o ktor\u00fdch by som niekedy uva\u017eoval, \u017ee ich m\u00e1m znova nesl\u00e1vne zn\u00e1my mefedr\u00f3n a metyl\u00f3n, ktor\u00e9 boli v posledn\u00fdch rokoch celosvetovo viac-menej zak\u00e1zan\u00e9.<br \/> Toto hodnotenie som z\u00edskal od niekoho, kto sa dobre vyzn\u00e1 v tejto triede RC, \u010do je pod\u013ea m\u0148a zauj\u00edmav\u00e9:<\/p>\n<p>KRY\u0160T\u00c1LOV\u00c1 FORMA 3-CMC, 4-MMC &gt;gt; bk-MDMA &gt;gt; 4-CMC &gt;; 3-CMC &gt;; 3-MMC &gt; gt; 5-metyletyl\u00f3n &gt; Butylon &gt; Ethylone<br \/> Tento &#8220;Klepedr\u00f3n&#8221; (4-CMC), ktor\u00fd nemal ve\u013ek\u00fd vplyv na trh RC, sa jav\u00ed ako pekn\u00e1 vec. A AFAIK nie je na v\u00e4\u010d\u0161ine miest \u0161pecificky napl\u00e1novan\u00fd. Bezpe\u010dnostn\u00fd profil je v\u0161ak v\u00e4\u010d\u0161inou nezn\u00e1my a mnoh\u00ed sa ob\u00e1vaj\u00fa, preto\u017ee anal\u00f3g amfetam\u00ednu, 4-CA, je zn\u00e1my ako extr\u00e9mne neurotoxick\u00fd.<\/p>\n","protected":false},"excerpt":{"rendered":"<p>K\u00fapte si 3-CMC CRYSTAL Powder na predaj vo Ve\u013ekej Brit\u00e1nii, Eur\u00f3pe v na\u0161om internetovom obchode bestglobalmeds.com s r\u00fdchlym celosvetov\u00fdm doru\u010den\u00edm! Najlep\u0161\u00ed 3-CMC CRYSTAL na objednanie n\u00e1jdete tu!<\/p>\n<p>bk-MDMA &gt; 4-CMC &gt;; 3-CMC &gt;; 3-MMC &gt; gt; 5-metyletyl\u00f3n &gt; Butylon &gt; Ethylone<br \/> Pod\u013ea spr\u00e1v tento &#8220;Clephedrone&#8221; (4-CMC), ktor\u00e1 sa na trhu RC nepresadila, je v skuto\u010dnosti dos\u0165 dobr\u00e1. A AFAIK na v\u00e4\u010d\u0161ine miest nie je \u0161pecificky napl\u00e1novan\u00fd. Hoci bezpe\u010dnostn\u00fd profil je preva\u017ene nezn\u00e1my,<\/p>\n","protected":false},"featured_media":5880,"comment_status":"open","ping_status":"closed","template":"","meta":[],"product_brand":[],"product_cat":[2014],"product_tag":[4026,4030,4028,4025,4029,4027,4024],"class_list":{"0":"post-5870","1":"product","2":"type-product","3":"status-publish","4":"has-post-thumbnail","6":"product_cat-k-c3-bapi-c5-a5-v-c3-bdskumn-c3-a9-chemik-c3-a1lie","7":"product_tag-ako-kpi-3-cmc-krytl-online","8":"product_tag-kde-kpi-3-cmc-krytl-online","9":"product_tag-nkup-3-cmc-krytl-online","10":"product_tag-kpi-3-cmc-crystal-online","11":"product_tag-najlepie-miesto-na-nkup-3-cmc-krytl-online","12":"product_tag-objednvka-3-cmc-krytl-online","13":"product_tag-3-cmc-krytl-na-predaj","15":"first","16":"instock","17":"featured","18":"shipping-taxable","19":"purchasable","20":"product-type-variable"},"yoast_head":"<!-- This site is optimized with the Yoast SEO plugin v27.2 - https:\/\/yoast.com\/product\/yoast-seo-wordpress\/ -->\n<title>K\u00fapte si 3-cmc kry\u0161t\u00e1l - Beat Best Global Meds<\/title>\n<meta name=\"description\" content=\"K\u00fapte si 3-CMC CRYSTAL Powder na predaj vo Ve\u013ekej Brit\u00e1nii, Eur\u00f3pe v na\u0161om internetovom obchode bestglobalmeds.com s r\u00fdchlym celosvetov\u00fdm doru\u010den\u00edm! Najlep\u0161\u00ed 3-CMC CRYSTAL na objedn\u00e1vku n\u00e1jdete tu!\" \/>\n<meta name=\"robots\" content=\"index, follow, max-snippet:-1, max-image-preview:large, max-video-preview:-1\" \/>\n<link rel=\"canonical\" href=\"https:\/\/medicinasinc.com\/sk\/product\/kupit-3-cmc-krystal\/\" \/>\n<meta property=\"og:locale\" content=\"en_US\" \/>\n<meta property=\"og:type\" content=\"article\" \/>\n<meta property=\"og:title\" content=\"K\u00fapte si 3-cmc kry\u0161t\u00e1l - Beat Best Global Meds\" \/>\n<meta property=\"og:description\" content=\"K\u00fapte si 3-CMC CRYSTAL Powder na predaj vo Ve\u013ekej Brit\u00e1nii, Eur\u00f3pe v na\u0161om internetovom obchode bestglobalmeds.com s r\u00fdchlym celosvetov\u00fdm doru\u010den\u00edm! Najlep\u0161\u00ed 3-CMC CRYSTAL na objedn\u00e1vku n\u00e1jdete tu!\" \/>\n<meta property=\"og:url\" content=\"https:\/\/medicinasinc.com\/sk\/product\/kupit-3-cmc-krystal\/\" \/>\n<meta property=\"og:site_name\" content=\"Medicinas Inc\" \/>\n<meta property=\"article:modified_time\" content=\"2022-03-22T00:47:33+00:00\" \/>\n<meta property=\"og:image\" content=\"https:\/\/medicinasinc.com\/sk\/wp-content\/uploads\/sites\/10\/2022\/02\/Buy-3-CMC-CRYSTAL.jpg\" \/>\n\t<meta property=\"og:image:width\" content=\"720\" \/>\n\t<meta property=\"og:image:height\" content=\"600\" \/>\n\t<meta property=\"og:image:type\" content=\"image\/jpeg\" \/>\n<meta name=\"twitter:card\" content=\"summary_large_image\" \/>\n<meta name=\"twitter:label1\" content=\"Est. reading time\" \/>\n\t<meta name=\"twitter:data1\" content=\"2 minutes\" \/>\n<script type=\"application\/ld+json\" class=\"yoast-schema-graph\">{\"@context\":\"https:\/\/schema.org\",\"@graph\":[{\"@type\":\"WebPage\",\"@id\":\"https:\/\/medicinasinc.com\/sk\/product\/kupit-3-cmc-krystal\/\",\"url\":\"https:\/\/medicinasinc.com\/sk\/product\/kupit-3-cmc-krystal\/\",\"name\":\"K\u00fapte si 3-cmc kry\u0161t\u00e1l - Beat Best Global Meds\",\"isPartOf\":{\"@id\":\"https:\/\/medicinasinc.com\/sk\/#website\"},\"primaryImageOfPage\":{\"@id\":\"https:\/\/medicinasinc.com\/sk\/product\/kupit-3-cmc-krystal\/#primaryimage\"},\"image\":{\"@id\":\"https:\/\/medicinasinc.com\/sk\/product\/kupit-3-cmc-krystal\/#primaryimage\"},\"thumbnailUrl\":\"https:\/\/medicinasinc.com\/sk\/wp-content\/uploads\/sites\/10\/2022\/02\/Buy-3-CMC-CRYSTAL.jpg\",\"datePublished\":\"2022-02-22T07:42:43+00:00\",\"dateModified\":\"2022-03-22T00:47:33+00:00\",\"description\":\"K\u00fapte si 3-CMC CRYSTAL Powder na predaj vo Ve\u013ekej Brit\u00e1nii, Eur\u00f3pe v na\u0161om internetovom obchode bestglobalmeds.com s r\u00fdchlym celosvetov\u00fdm doru\u010den\u00edm! Najlep\u0161\u00ed 3-CMC CRYSTAL na objedn\u00e1vku n\u00e1jdete tu!\",\"breadcrumb\":{\"@id\":\"https:\/\/medicinasinc.com\/sk\/product\/kupit-3-cmc-krystal\/#breadcrumb\"},\"inLanguage\":\"en-US\",\"potentialAction\":[{\"@type\":\"ReadAction\",\"target\":[\"https:\/\/medicinasinc.com\/sk\/product\/kupit-3-cmc-krystal\/\"]}]},{\"@type\":\"ImageObject\",\"inLanguage\":\"en-US\",\"@id\":\"https:\/\/medicinasinc.com\/sk\/product\/kupit-3-cmc-krystal\/#primaryimage\",\"url\":\"https:\/\/medicinasinc.com\/sk\/wp-content\/uploads\/sites\/10\/2022\/02\/Buy-3-CMC-CRYSTAL.jpg\",\"contentUrl\":\"https:\/\/medicinasinc.com\/sk\/wp-content\/uploads\/sites\/10\/2022\/02\/Buy-3-CMC-CRYSTAL.jpg\",\"width\":720,\"height\":600},{\"@type\":\"BreadcrumbList\",\"@id\":\"https:\/\/medicinasinc.com\/sk\/product\/kupit-3-cmc-krystal\/#breadcrumb\",\"itemListElement\":[{\"@type\":\"ListItem\",\"position\":1,\"name\":\"Obchod\",\"item\":\"https:\/\/medicinasinc.com\/sk\/obchod\/\"},{\"@type\":\"ListItem\",\"position\":2,\"name\":\"K\u00fapte si kry\u0161t\u00e1l 3 cmc\"}]},{\"@type\":\"WebSite\",\"@id\":\"https:\/\/medicinasinc.com\/sk\/#website\",\"url\":\"https:\/\/medicinasinc.com\/sk\/\",\"name\":\"Medicinas Inc\",\"description\":\"Health Medical Clinic\",\"potentialAction\":[{\"@type\":\"SearchAction\",\"target\":{\"@type\":\"EntryPoint\",\"urlTemplate\":\"https:\/\/medicinasinc.com\/sk\/?s={search_term_string}\"},\"query-input\":{\"@type\":\"PropertyValueSpecification\",\"valueRequired\":true,\"valueName\":\"search_term_string\"}}],\"inLanguage\":\"en-US\"}]}<\/script>\n<!-- \/ Yoast SEO plugin. -->","yoast_head_json":{"title":"K\u00fapte si 3-cmc kry\u0161t\u00e1l - Beat Best Global Meds","description":"K\u00fapte si 3-CMC CRYSTAL Powder na predaj vo Ve\u013ekej Brit\u00e1nii, Eur\u00f3pe v na\u0161om internetovom obchode bestglobalmeds.com s r\u00fdchlym celosvetov\u00fdm doru\u010den\u00edm! Najlep\u0161\u00ed 3-CMC CRYSTAL na objedn\u00e1vku n\u00e1jdete tu!","robots":{"index":"index","follow":"follow","max-snippet":"max-snippet:-1","max-image-preview":"max-image-preview:large","max-video-preview":"max-video-preview:-1"},"canonical":"https:\/\/medicinasinc.com\/sk\/product\/kupit-3-cmc-krystal\/","og_locale":"en_US","og_type":"article","og_title":"K\u00fapte si 3-cmc kry\u0161t\u00e1l - Beat Best Global Meds","og_description":"K\u00fapte si 3-CMC CRYSTAL Powder na predaj vo Ve\u013ekej Brit\u00e1nii, Eur\u00f3pe v na\u0161om internetovom obchode bestglobalmeds.com s r\u00fdchlym celosvetov\u00fdm doru\u010den\u00edm! Najlep\u0161\u00ed 3-CMC CRYSTAL na objedn\u00e1vku n\u00e1jdete tu!","og_url":"https:\/\/medicinasinc.com\/sk\/product\/kupit-3-cmc-krystal\/","og_site_name":"Medicinas Inc","article_modified_time":"2022-03-22T00:47:33+00:00","og_image":[{"width":720,"height":600,"url":"https:\/\/medicinasinc.com\/sk\/wp-content\/uploads\/sites\/10\/2022\/02\/Buy-3-CMC-CRYSTAL.jpg","type":"image\/jpeg"}],"twitter_card":"summary_large_image","twitter_misc":{"Est. reading time":"2 minutes"},"schema":{"@context":"https:\/\/schema.org","@graph":[{"@type":"WebPage","@id":"https:\/\/medicinasinc.com\/sk\/product\/kupit-3-cmc-krystal\/","url":"https:\/\/medicinasinc.com\/sk\/product\/kupit-3-cmc-krystal\/","name":"K\u00fapte si 3-cmc kry\u0161t\u00e1l - Beat Best Global Meds","isPartOf":{"@id":"https:\/\/medicinasinc.com\/sk\/#website"},"primaryImageOfPage":{"@id":"https:\/\/medicinasinc.com\/sk\/product\/kupit-3-cmc-krystal\/#primaryimage"},"image":{"@id":"https:\/\/medicinasinc.com\/sk\/product\/kupit-3-cmc-krystal\/#primaryimage"},"thumbnailUrl":"https:\/\/medicinasinc.com\/sk\/wp-content\/uploads\/sites\/10\/2022\/02\/Buy-3-CMC-CRYSTAL.jpg","datePublished":"2022-02-22T07:42:43+00:00","dateModified":"2022-03-22T00:47:33+00:00","description":"K\u00fapte si 3-CMC CRYSTAL Powder na predaj vo Ve\u013ekej Brit\u00e1nii, Eur\u00f3pe v na\u0161om internetovom obchode bestglobalmeds.com s r\u00fdchlym celosvetov\u00fdm doru\u010den\u00edm! Najlep\u0161\u00ed 3-CMC CRYSTAL na objedn\u00e1vku n\u00e1jdete tu!","breadcrumb":{"@id":"https:\/\/medicinasinc.com\/sk\/product\/kupit-3-cmc-krystal\/#breadcrumb"},"inLanguage":"en-US","potentialAction":[{"@type":"ReadAction","target":["https:\/\/medicinasinc.com\/sk\/product\/kupit-3-cmc-krystal\/"]}]},{"@type":"ImageObject","inLanguage":"en-US","@id":"https:\/\/medicinasinc.com\/sk\/product\/kupit-3-cmc-krystal\/#primaryimage","url":"https:\/\/medicinasinc.com\/sk\/wp-content\/uploads\/sites\/10\/2022\/02\/Buy-3-CMC-CRYSTAL.jpg","contentUrl":"https:\/\/medicinasinc.com\/sk\/wp-content\/uploads\/sites\/10\/2022\/02\/Buy-3-CMC-CRYSTAL.jpg","width":720,"height":600},{"@type":"BreadcrumbList","@id":"https:\/\/medicinasinc.com\/sk\/product\/kupit-3-cmc-krystal\/#breadcrumb","itemListElement":[{"@type":"ListItem","position":1,"name":"Obchod","item":"https:\/\/medicinasinc.com\/sk\/obchod\/"},{"@type":"ListItem","position":2,"name":"K\u00fapte si kry\u0161t\u00e1l 3 cmc"}]},{"@type":"WebSite","@id":"https:\/\/medicinasinc.com\/sk\/#website","url":"https:\/\/medicinasinc.com\/sk\/","name":"Medicinas Inc","description":"Health Medical Clinic","potentialAction":[{"@type":"SearchAction","target":{"@type":"EntryPoint","urlTemplate":"https:\/\/medicinasinc.com\/sk\/?s={search_term_string}"},"query-input":{"@type":"PropertyValueSpecification","valueRequired":true,"valueName":"search_term_string"}}],"inLanguage":"en-US"}]}},"_links":{"self":[{"href":"https:\/\/medicinasinc.com\/sk\/wp-json\/wp\/v2\/product\/5870","targetHints":{"allow":["GET"]}}],"collection":[{"href":"https:\/\/medicinasinc.com\/sk\/wp-json\/wp\/v2\/product"}],"about":[{"href":"https:\/\/medicinasinc.com\/sk\/wp-json\/wp\/v2\/types\/product"}],"replies":[{"embeddable":true,"href":"https:\/\/medicinasinc.com\/sk\/wp-json\/wp\/v2\/comments?post=5870"}],"wp:featuredmedia":[{"embeddable":true,"href":"https:\/\/medicinasinc.com\/sk\/wp-json\/wp\/v2\/media\/5880"}],"wp:attachment":[{"href":"https:\/\/medicinasinc.com\/sk\/wp-json\/wp\/v2\/media?parent=5870"}],"wp:term":[{"taxonomy":"product_brand","embeddable":true,"href":"https:\/\/medicinasinc.com\/sk\/wp-json\/wp\/v2\/product_brand?post=5870"},{"taxonomy":"product_cat","embeddable":true,"href":"https:\/\/medicinasinc.com\/sk\/wp-json\/wp\/v2\/product_cat?post=5870"},{"taxonomy":"product_tag","embeddable":true,"href":"https:\/\/medicinasinc.com\/sk\/wp-json\/wp\/v2\/product_tag?post=5870"}],"curies":[{"name":"wp","href":"https:\/\/api.w.org\/{rel}","templated":true}]}}