{"id":5863,"date":"2022-02-22T07:36:01","date_gmt":"2022-02-22T07:36:01","guid":{"rendered":"https:\/\/medicinasinc.com\/sk\/?post_type=product&#038;p=5863"},"modified":"2022-03-22T00:47:42","modified_gmt":"2022-03-22T00:47:42","slug":"kupit-gama-hydroxybutyrat-ghb-prasok","status":"publish","type":"product","link":"https:\/\/medicinasinc.com\/sk\/product\/kupit-gama-hydroxybutyrat-ghb-prasok\/","title":{"rendered":"K\u00fapte si pr\u00e1\u0161ok gama hydroxybutyr\u00e1tu (GHB)."},"content":{"rendered":"<p>Online n\u00e1kup pr\u00e1\u0161ku GHB<\/p>\n<p>Zak\u00fapte si pr\u00e1\u0161ok GHB online. GHB je syntetick\u00e9 anestetikum. Je dostupn\u00fd ako prieh\u013eadn\u00e1 kvapalina alebo pr\u00e1\u0161ok a m\u00e1 mierne slan\u00fa chu\u0165. Preto\u017ee \u00fa\u010dinnos\u0165 sa men\u00ed, neexistuje ni\u010d tak\u00e9 ako &#8216;bezpe\u010dn\u00e1 d\u00e1vka.&#8217; GBL (gama-butyrolakt\u00f3n) a 1,4-but\u00e1ndiol s\u00fa komer\u010dne dostupn\u00e9 ako alternat\u00edvy GHB. Tieto s\u00fa leg\u00e1lne dostupn\u00e9 ako \u010distiace rozp\u00fa\u0161\u0165adl\u00e1 a po prehltnut\u00ed sa prirodzene premenia na GHB.<\/p>\n<p>Gamma butyrolakt\u00f3n sa pou\u017e\u00edva na zv\u00fd\u0161enie \u0161portov\u00e9ho v\u00fdkonu, kvality sp\u00e1nku a sexu\u00e1lneho v\u00fdkonu a pote\u0161enia. Okrem toho ho pou\u017e\u00edvaj\u00fa na lie\u010dbu depresie a stresu, na pred\u013a\u017eenie \u017eivota, na podporu jasn\u00e9ho myslenia, na navodenie relax\u00e1cie a na uvo\u013enenie rastov\u00e9ho horm\u00f3nu. Okrem toho sa GBL pou\u017e\u00edva na zn\u00ed\u017eenie telesn\u00e9ho tuku a ako prostriedok na budovanie tela alebo svalov. Niektor\u00ed jednotlivci ho pou\u017e\u00edvaj\u00fa rekrea\u010dne.<\/p>\n<p>GHB alebo GBL Chemicals for Research<\/p>\n<p>(alternat\u00edvne n\u00e1zvy: gamahydroxybutyr\u00e1t, tekut\u00e1 ext\u00e1za, tekut\u00e9 X, gamahydroxybutyr\u00e1t)<\/p>\n<p>Zvy\u010dajne GHB sa pon\u00faka v mal\u00fdch f\u013ea\u0161ti\u010dk\u00e1ch ako \u010d\u00edra tekutina s o nie\u010do hustej\u0161ou konzistenciou ako voda.<br \/> D\u00e1vky sa pod\u00e1vaj\u00fa v mal\u00fdch mno\u017estv\u00e1ch, ktor\u00e9 sa ozna\u010duj\u00fa ako \u201evie\u010dka\u201c alebo \u201euz\u00e1very G.\u201c<br \/> Aj ke\u010f sa m\u00f4\u017eu konzumova\u0165 v celku sa zvy\u010dajne zriedi vodou alebo d\u017e\u00fasom a pop\u00edja.<br \/> GHB nem\u00e1 \u017eiadny z\u00e1pach a nem\u00e1 rozoznate\u013en\u00fa chu\u0165.<br \/> GBL m\u00e1 mierne slan\u00fa, chemick\u00fa chu\u0165 a v\u00f4\u0148u, ktor\u00fa je mo\u017en\u00e9 po zmie\u0161an\u00ed s in\u00fdmi tekutinami \u013eahko maskova\u0165 . GBL je \u00fa\u010dinnej\u0161ia verzia lieku.<br \/> Obmedzte sa na extr\u00e9mne n\u00edzke d\u00e1vky GHB. Je dos\u0165 siln\u00fd a \u00fa\u010dinnos\u0165 sa m\u00f4\u017ee v\u00fdrazne l\u00ed\u0161i\u0165 v r\u00f4znych \u0161ar\u017eiach, dokonca aj medzi sk\u00fasen\u00fdmi pou\u017e\u00edvate\u013emi. Medzi jednotliv\u00fdmi d\u00e1vkami sa odpor\u00fa\u010da po\u010dka\u0165. Niektor\u00e9 zdroje odpor\u00fa\u010daj\u00fa medzi jednotliv\u00fdmi d\u00e1vkami po\u010dka\u0165 a\u017e dve hodiny, aby ste sa vyhli Ging Out.<\/p>\n<p>\u00da\u010dinky GHB<\/p>\n<p>\u00da\u010dinky nastupuj\u00fa pribli\u017ene dvadsa\u0165 min\u00fat po u\u017eit\u00ed a m\u00f4\u017eu trva\u0165 a\u017e \u0161tyri hodiny.<br \/> Men\u0161ie, miernej\u0161ie mno\u017estv\u00e1 navodzuj\u00fa relax\u00e1ciu a upokojenie.<br \/> Ak u\u017eijete vy\u0161\u0161ie mno\u017estv\u00e1, m\u00f4\u017eete ma\u0165 ospalos\u0165, z\u00e1vraty a zm\u00e4tenos\u0165. Okrem toho m\u00f4\u017eete poci\u0165ova\u0165 nevo\u013enos\u0165, vracanie a svalov\u00e9 k\u0155\u010de.<br \/> M\u00f4\u017ee vies\u0165 ku k\u0155\u010dom, strate vedomia, k\u00f3me a \u0165a\u017ekostiam s d\u00fdchan\u00edm<br \/> Mo\u017enos\u0165 zv\u00fd\u0161enia rastu svalov u kulturistov<\/p>\n<p>Sex s GHB<\/p>\n<p>Podobne ako alkohol, zni\u017euje z\u00e1brany a z\u00e1rove\u0148 zvy\u0161uje sebad\u00f4veru a spolo\u010densk\u00fa schopnos\u0165.<br \/> Zv\u00fd\u0161en\u00e1 hmatov\u00e1 citlivos\u0165 a citlivos\u0165 na podnety<br \/> Niektor\u00ed mu\u017ei maj\u00fa silnej\u0161iu erekciu.<br \/> Orgazmy, ktor\u00e9 s\u00fa dos\u0165 intenz\u00edvne, aj ke\u010f to z\u00e1vis\u00ed od d\u00e1vky<br \/> Nadbytok GHB m\u00f4\u017ee sp\u00f4sobi\u0165 \u00fanavu a omdlieva\u0165 po\u010das sexu.<br \/> GHB sa ozna\u010duje ako liek proti zn\u00e1silneniu, preto\u017ee zvy\u0161uje va\u0161u ochotu zapoji\u0165 sa do sexu\u00e1lneho \u017eivota. aktivity a zhor\u0161uje va\u0161u schopnos\u0165 stanovi\u0165 a presadzova\u0165 sexu\u00e1lne hranice. Je obzvl\u00e1\u0161\u0165 d\u00f4le\u017eit\u00e9 potvrdi\u0165 s\u00fahlas s partnermi, ktor\u00ed s\u00fa na G. Po\u010das sexu\u00e1lneho sedenia udr\u017eiavajte kontakt. Sexu\u00e1lny kontakt s niek\u00fdm, kto je v bezvedom\u00ed, mo\u017eno interpretova\u0165 ako sexu\u00e1lne napadnutie.<\/p>\n","protected":false},"excerpt":{"rendered":"<p>K\u00fapte si pr\u00e1\u0161ok gama-hydroxymaslovej\u00a0GHB na predaj\u00a0v\u00a0Spojenom kr\u00e1\u013eovstve, Eur\u00f3pe, Japonsku, Spojen\u00fdch arabsk\u00fdch emir\u00e1toch, \u010c\u00edne, \u00c1zii od najlep\u0161ieho ve\u013ekoobchodn\u00e9ho dod\u00e1vate\u013ea GHB, garantujeme diskr\u00e9tne doru\u010denie do cel\u00e9ho sveta<\/p>\n","protected":false},"featured_media":5873,"comment_status":"open","ping_status":"closed","template":"","meta":[],"product_brand":[],"product_cat":[2014],"product_tag":[4014,4023,4019,4020,4021,4022,4015,4016,4018,4017],"class_list":{"0":"post-5863","1":"product","2":"type-product","3":"status-publish","4":"has-post-thumbnail","6":"product_cat-k-c3-bapi-c5-a5-v-c3-bdskumn-c3-a9-chemik-c3-a1lie","7":"product_tag-buy-gamma-hydroxybutyrate-online","8":"product_tag-buy-ghb-powder","9":"product_tag-gamma-hydroxybutyric-acid-antidepressant","10":"product_tag-gamma-hydroxybutyric-acid-bodybuilding","11":"product_tag-gamma-hydroxybutyric-acid-price","12":"product_tag-ghb-for-sale","13":"product_tag-buy-ghb","14":"product_tag-buy-ghb-online","15":"product_tag-gama-hydroxymaslov-kyselina-a-rastov-hormn","16":"product_tag-liek","18":"first","19":"instock","20":"shipping-taxable","21":"purchasable","22":"product-type-variable"},"yoast_head":"<!-- This site is optimized with the Yoast SEO plugin v27.3 - https:\/\/yoast.com\/product\/yoast-seo-wordpress\/ -->\n<title>K\u00fapte si pr\u00e1\u0161ok gama hydroxybutyr\u00e1tu (GHB) - najlep\u0161ie najlep\u0161ie glob\u00e1lne lieky<\/title>\n<meta name=\"description\" content=\"K\u00fapte si pr\u00e1\u0161ok gama-hydroxybutyric\u00a0GHB na predaj\u00a0v\u00a0Spojenom kr\u00e1\u013eovstve, Eur\u00f3pe, Japonsku, Spojen\u00fdch arabsk\u00fdch emir\u00e1toch, \u010c\u00edne, \u00c1zii od najlep\u0161ieho ve\u013ekoobchodn\u00e9ho dod\u00e1vate\u013ea GHB, garantujeme diskr\u00e9tne doru\u010denie do cel\u00e9ho sveta\" \/>\n<meta name=\"robots\" content=\"index, follow, max-snippet:-1, max-image-preview:large, max-video-preview:-1\" \/>\n<link rel=\"canonical\" href=\"https:\/\/medicinasinc.com\/sk\/product\/kupit-gama-hydroxybutyrat-ghb-prasok\/\" \/>\n<meta property=\"og:locale\" content=\"en_US\" \/>\n<meta property=\"og:type\" content=\"article\" \/>\n<meta property=\"og:title\" content=\"K\u00fapte si pr\u00e1\u0161ok gama hydroxybutyr\u00e1tu (GHB) - najlep\u0161ie najlep\u0161ie glob\u00e1lne lieky\" \/>\n<meta property=\"og:description\" content=\"K\u00fapte si pr\u00e1\u0161ok gama-hydroxybutyric\u00a0GHB na predaj\u00a0v\u00a0Spojenom kr\u00e1\u013eovstve, Eur\u00f3pe, Japonsku, Spojen\u00fdch arabsk\u00fdch emir\u00e1toch, \u010c\u00edne, \u00c1zii od najlep\u0161ieho ve\u013ekoobchodn\u00e9ho dod\u00e1vate\u013ea GHB, garantujeme diskr\u00e9tne doru\u010denie do cel\u00e9ho sveta\" \/>\n<meta property=\"og:url\" content=\"https:\/\/medicinasinc.com\/sk\/product\/kupit-gama-hydroxybutyrat-ghb-prasok\/\" \/>\n<meta property=\"og:site_name\" content=\"Medicinas Inc\" \/>\n<meta property=\"article:modified_time\" content=\"2022-03-22T00:47:42+00:00\" \/>\n<meta property=\"og:image\" content=\"https:\/\/medicinasinc.com\/sk\/wp-content\/uploads\/sites\/10\/2022\/02\/buy-GHB-powder-1.jpg\" \/>\n\t<meta property=\"og:image:width\" content=\"612\" \/>\n\t<meta property=\"og:image:height\" content=\"408\" \/>\n\t<meta property=\"og:image:type\" content=\"image\/jpeg\" \/>\n<meta name=\"twitter:card\" content=\"summary_large_image\" \/>\n<meta name=\"twitter:label1\" content=\"Est. reading time\" \/>\n\t<meta name=\"twitter:data1\" content=\"2 minutes\" \/>\n<script type=\"application\/ld+json\" class=\"yoast-schema-graph\">{\"@context\":\"https:\\\/\\\/schema.org\",\"@graph\":[{\"@type\":\"WebPage\",\"@id\":\"https:\\\/\\\/medicinasinc.com\\\/sk\\\/product\\\/kupit-gama-hydroxybutyrat-ghb-prasok\\\/\",\"url\":\"https:\\\/\\\/medicinasinc.com\\\/sk\\\/product\\\/kupit-gama-hydroxybutyrat-ghb-prasok\\\/\",\"name\":\"K\u00fapte si pr\u00e1\u0161ok gama hydroxybutyr\u00e1tu (GHB) - najlep\u0161ie najlep\u0161ie glob\u00e1lne lieky\",\"isPartOf\":{\"@id\":\"https:\\\/\\\/medicinasinc.com\\\/sk\\\/#website\"},\"primaryImageOfPage\":{\"@id\":\"https:\\\/\\\/medicinasinc.com\\\/sk\\\/product\\\/kupit-gama-hydroxybutyrat-ghb-prasok\\\/#primaryimage\"},\"image\":{\"@id\":\"https:\\\/\\\/medicinasinc.com\\\/sk\\\/product\\\/kupit-gama-hydroxybutyrat-ghb-prasok\\\/#primaryimage\"},\"thumbnailUrl\":\"https:\\\/\\\/medicinasinc.com\\\/sk\\\/wp-content\\\/uploads\\\/sites\\\/10\\\/2022\\\/02\\\/buy-GHB-powder-1.jpg\",\"datePublished\":\"2022-02-22T07:36:01+00:00\",\"dateModified\":\"2022-03-22T00:47:42+00:00\",\"description\":\"K\u00fapte si pr\u00e1\u0161ok gama-hydroxybutyric\u00a0GHB na predaj\u00a0v\u00a0Spojenom kr\u00e1\u013eovstve, Eur\u00f3pe, Japonsku, Spojen\u00fdch arabsk\u00fdch emir\u00e1toch, \u010c\u00edne, \u00c1zii od najlep\u0161ieho ve\u013ekoobchodn\u00e9ho dod\u00e1vate\u013ea GHB, garantujeme diskr\u00e9tne doru\u010denie do cel\u00e9ho sveta\",\"breadcrumb\":{\"@id\":\"https:\\\/\\\/medicinasinc.com\\\/sk\\\/product\\\/kupit-gama-hydroxybutyrat-ghb-prasok\\\/#breadcrumb\"},\"inLanguage\":\"en-US\",\"potentialAction\":[{\"@type\":\"ReadAction\",\"target\":[\"https:\\\/\\\/medicinasinc.com\\\/sk\\\/product\\\/kupit-gama-hydroxybutyrat-ghb-prasok\\\/\"]}]},{\"@type\":\"ImageObject\",\"inLanguage\":\"en-US\",\"@id\":\"https:\\\/\\\/medicinasinc.com\\\/sk\\\/product\\\/kupit-gama-hydroxybutyrat-ghb-prasok\\\/#primaryimage\",\"url\":\"https:\\\/\\\/medicinasinc.com\\\/sk\\\/wp-content\\\/uploads\\\/sites\\\/10\\\/2022\\\/02\\\/buy-GHB-powder-1.jpg\",\"contentUrl\":\"https:\\\/\\\/medicinasinc.com\\\/sk\\\/wp-content\\\/uploads\\\/sites\\\/10\\\/2022\\\/02\\\/buy-GHB-powder-1.jpg\",\"width\":612,\"height\":408},{\"@type\":\"BreadcrumbList\",\"@id\":\"https:\\\/\\\/medicinasinc.com\\\/sk\\\/product\\\/kupit-gama-hydroxybutyrat-ghb-prasok\\\/#breadcrumb\",\"itemListElement\":[{\"@type\":\"ListItem\",\"position\":1,\"name\":\"Obchod\",\"item\":\"https:\\\/\\\/medicinasinc.com\\\/sk\\\/obchod\\\/\"},{\"@type\":\"ListItem\",\"position\":2,\"name\":\"K\u00fapte si pr\u00e1\u0161ok gama hydroxybutyr\u00e1tu (GHB).\"}]},{\"@type\":\"WebSite\",\"@id\":\"https:\\\/\\\/medicinasinc.com\\\/sk\\\/#website\",\"url\":\"https:\\\/\\\/medicinasinc.com\\\/sk\\\/\",\"name\":\"Medicinas Inc\",\"description\":\"Health Medical Clinic\",\"potentialAction\":[{\"@type\":\"SearchAction\",\"target\":{\"@type\":\"EntryPoint\",\"urlTemplate\":\"https:\\\/\\\/medicinasinc.com\\\/sk\\\/?s={search_term_string}\"},\"query-input\":{\"@type\":\"PropertyValueSpecification\",\"valueRequired\":true,\"valueName\":\"search_term_string\"}}],\"inLanguage\":\"en-US\"}]}<\/script>\n<!-- \/ Yoast SEO plugin. -->","yoast_head_json":{"title":"K\u00fapte si pr\u00e1\u0161ok gama hydroxybutyr\u00e1tu (GHB) - najlep\u0161ie najlep\u0161ie glob\u00e1lne lieky","description":"K\u00fapte si pr\u00e1\u0161ok gama-hydroxybutyric\u00a0GHB na predaj\u00a0v\u00a0Spojenom kr\u00e1\u013eovstve, Eur\u00f3pe, Japonsku, Spojen\u00fdch arabsk\u00fdch emir\u00e1toch, \u010c\u00edne, \u00c1zii od najlep\u0161ieho ve\u013ekoobchodn\u00e9ho dod\u00e1vate\u013ea GHB, garantujeme diskr\u00e9tne doru\u010denie do cel\u00e9ho sveta","robots":{"index":"index","follow":"follow","max-snippet":"max-snippet:-1","max-image-preview":"max-image-preview:large","max-video-preview":"max-video-preview:-1"},"canonical":"https:\/\/medicinasinc.com\/sk\/product\/kupit-gama-hydroxybutyrat-ghb-prasok\/","og_locale":"en_US","og_type":"article","og_title":"K\u00fapte si pr\u00e1\u0161ok gama hydroxybutyr\u00e1tu (GHB) - najlep\u0161ie najlep\u0161ie glob\u00e1lne lieky","og_description":"K\u00fapte si pr\u00e1\u0161ok gama-hydroxybutyric\u00a0GHB na predaj\u00a0v\u00a0Spojenom kr\u00e1\u013eovstve, Eur\u00f3pe, Japonsku, Spojen\u00fdch arabsk\u00fdch emir\u00e1toch, \u010c\u00edne, \u00c1zii od najlep\u0161ieho ve\u013ekoobchodn\u00e9ho dod\u00e1vate\u013ea GHB, garantujeme diskr\u00e9tne doru\u010denie do cel\u00e9ho sveta","og_url":"https:\/\/medicinasinc.com\/sk\/product\/kupit-gama-hydroxybutyrat-ghb-prasok\/","og_site_name":"Medicinas Inc","article_modified_time":"2022-03-22T00:47:42+00:00","og_image":[{"width":612,"height":408,"url":"https:\/\/medicinasinc.com\/sk\/wp-content\/uploads\/sites\/10\/2022\/02\/buy-GHB-powder-1.jpg","type":"image\/jpeg"}],"twitter_card":"summary_large_image","twitter_misc":{"Est. reading time":"2 minutes"},"schema":{"@context":"https:\/\/schema.org","@graph":[{"@type":"WebPage","@id":"https:\/\/medicinasinc.com\/sk\/product\/kupit-gama-hydroxybutyrat-ghb-prasok\/","url":"https:\/\/medicinasinc.com\/sk\/product\/kupit-gama-hydroxybutyrat-ghb-prasok\/","name":"K\u00fapte si pr\u00e1\u0161ok gama hydroxybutyr\u00e1tu (GHB) - najlep\u0161ie najlep\u0161ie glob\u00e1lne lieky","isPartOf":{"@id":"https:\/\/medicinasinc.com\/sk\/#website"},"primaryImageOfPage":{"@id":"https:\/\/medicinasinc.com\/sk\/product\/kupit-gama-hydroxybutyrat-ghb-prasok\/#primaryimage"},"image":{"@id":"https:\/\/medicinasinc.com\/sk\/product\/kupit-gama-hydroxybutyrat-ghb-prasok\/#primaryimage"},"thumbnailUrl":"https:\/\/medicinasinc.com\/sk\/wp-content\/uploads\/sites\/10\/2022\/02\/buy-GHB-powder-1.jpg","datePublished":"2022-02-22T07:36:01+00:00","dateModified":"2022-03-22T00:47:42+00:00","description":"K\u00fapte si pr\u00e1\u0161ok gama-hydroxybutyric\u00a0GHB na predaj\u00a0v\u00a0Spojenom kr\u00e1\u013eovstve, Eur\u00f3pe, Japonsku, Spojen\u00fdch arabsk\u00fdch emir\u00e1toch, \u010c\u00edne, \u00c1zii od najlep\u0161ieho ve\u013ekoobchodn\u00e9ho dod\u00e1vate\u013ea GHB, garantujeme diskr\u00e9tne doru\u010denie do cel\u00e9ho sveta","breadcrumb":{"@id":"https:\/\/medicinasinc.com\/sk\/product\/kupit-gama-hydroxybutyrat-ghb-prasok\/#breadcrumb"},"inLanguage":"en-US","potentialAction":[{"@type":"ReadAction","target":["https:\/\/medicinasinc.com\/sk\/product\/kupit-gama-hydroxybutyrat-ghb-prasok\/"]}]},{"@type":"ImageObject","inLanguage":"en-US","@id":"https:\/\/medicinasinc.com\/sk\/product\/kupit-gama-hydroxybutyrat-ghb-prasok\/#primaryimage","url":"https:\/\/medicinasinc.com\/sk\/wp-content\/uploads\/sites\/10\/2022\/02\/buy-GHB-powder-1.jpg","contentUrl":"https:\/\/medicinasinc.com\/sk\/wp-content\/uploads\/sites\/10\/2022\/02\/buy-GHB-powder-1.jpg","width":612,"height":408},{"@type":"BreadcrumbList","@id":"https:\/\/medicinasinc.com\/sk\/product\/kupit-gama-hydroxybutyrat-ghb-prasok\/#breadcrumb","itemListElement":[{"@type":"ListItem","position":1,"name":"Obchod","item":"https:\/\/medicinasinc.com\/sk\/obchod\/"},{"@type":"ListItem","position":2,"name":"K\u00fapte si pr\u00e1\u0161ok gama hydroxybutyr\u00e1tu (GHB)."}]},{"@type":"WebSite","@id":"https:\/\/medicinasinc.com\/sk\/#website","url":"https:\/\/medicinasinc.com\/sk\/","name":"Medicinas Inc","description":"Health Medical Clinic","potentialAction":[{"@type":"SearchAction","target":{"@type":"EntryPoint","urlTemplate":"https:\/\/medicinasinc.com\/sk\/?s={search_term_string}"},"query-input":{"@type":"PropertyValueSpecification","valueRequired":true,"valueName":"search_term_string"}}],"inLanguage":"en-US"}]}},"_links":{"self":[{"href":"https:\/\/medicinasinc.com\/sk\/wp-json\/wp\/v2\/product\/5863","targetHints":{"allow":["GET"]}}],"collection":[{"href":"https:\/\/medicinasinc.com\/sk\/wp-json\/wp\/v2\/product"}],"about":[{"href":"https:\/\/medicinasinc.com\/sk\/wp-json\/wp\/v2\/types\/product"}],"replies":[{"embeddable":true,"href":"https:\/\/medicinasinc.com\/sk\/wp-json\/wp\/v2\/comments?post=5863"}],"wp:featuredmedia":[{"embeddable":true,"href":"https:\/\/medicinasinc.com\/sk\/wp-json\/wp\/v2\/media\/5873"}],"wp:attachment":[{"href":"https:\/\/medicinasinc.com\/sk\/wp-json\/wp\/v2\/media?parent=5863"}],"wp:term":[{"taxonomy":"product_brand","embeddable":true,"href":"https:\/\/medicinasinc.com\/sk\/wp-json\/wp\/v2\/product_brand?post=5863"},{"taxonomy":"product_cat","embeddable":true,"href":"https:\/\/medicinasinc.com\/sk\/wp-json\/wp\/v2\/product_cat?post=5863"},{"taxonomy":"product_tag","embeddable":true,"href":"https:\/\/medicinasinc.com\/sk\/wp-json\/wp\/v2\/product_tag?post=5863"}],"curies":[{"name":"wp","href":"https:\/\/api.w.org\/{rel}","templated":true}]}}