{"id":5858,"date":"2022-02-22T07:31:17","date_gmt":"2022-02-22T07:31:17","guid":{"rendered":"https:\/\/medicinasinc.com\/sk\/?post_type=product&#038;p=5858"},"modified":"2022-03-22T00:47:54","modified_gmt":"2022-03-22T00:47:54","slug":"kupit-gama-hydroxybutyrat-ghb-kvapalina","status":"publish","type":"product","link":"https:\/\/medicinasinc.com\/sk\/product\/kupit-gama-hydroxybutyrat-ghb-kvapalina\/","title":{"rendered":"K\u00fapte si tekut\u00fd gama hydroxybutyr\u00e1t (GHB)."},"content":{"rendered":"<p>Gamma-hydroxybutyric GHB na predaj v Spojenom kr\u00e1\u013eovstve, Eur\u00f3pe, Japonsku, Spojen\u00fdch arabsk\u00fdch emir\u00e1toch, \u010c\u00edne a \u00c1zii od hlavn\u00e9ho ve\u013ekoobchodn\u00e9ho zdroja GHB. S\u013eubujeme diskr\u00e9tnu medzin\u00e1rodn\u00fa prepravu.<\/p>\n<p>-Kyselina hydroxymaslov\u00e1 (GHB), zn\u00e1ma aj ako kyselina 4-hydroxybut\u00e1nov\u00e1, je prirodzene sa vyskytuj\u00faci neurotransmiter a halucinog\u00e9nna l\u00e1tka. V \u0161pecifick\u00fdch miestach mozgu p\u00f4sob\u00ed ako prekurzor GABA, glutam\u00e1tu a glyc\u00ednu. Je to mierny agonista na receptore GABAB a p\u00f4sob\u00ed na receptor GHB. GHB sa pou\u017e\u00edva ako celkov\u00e9 anestetikum a ako lie\u010dba kataplexie, narkolepsie a alkoholizmu v lek\u00e1rskom prostred\u00ed. Okrem toho sa ileg\u00e1lne pou\u017e\u00edva ako omamn\u00e1 l\u00e1tka, prostriedok na zv\u00fd\u0161enie v\u00fdkonnosti, droga proti zn\u00e1silneniu a rekrea\u010dn\u00e1 l\u00e1tka.<\/p>\n<p>\u010casto sa pou\u017e\u00edva ako so\u013e vo forme hydroxybutyr\u00e1tu sodn\u00e9ho (NaGHB, sod\u00edk oxybutyr\u00e1t alebo Xyrem) alebo hydroxybutyr\u00e1t draseln\u00fd (KGHB, oxybutyr\u00e1t draseln\u00fd). GHB sa tie\u017e vytv\u00e1ra po\u010das ferment\u00e1cie a nach\u00e1dza sa v stopov\u00fdch mno\u017estv\u00e1ch v r\u00f4znych piv\u00e1ch a v\u00ednach, ako aj v hov\u00e4dzom m\u00e4se a drobn\u00fdch citrusov\u00fdch plodoch.<\/p>\n<p>GHB sa v medic\u00edne pou\u017e\u00edva na lie\u010dbu narkolepsie a zriedkavej\u0161ie aj alkoholizmu, hoci jeho \u00fa\u010dinnos\u0165 v porovnan\u00ed s in\u00fdmi farmakoterapiami na alkoholizmus zost\u00e1va nezn\u00e1ma.<\/p>\n<p>Pr\u00edle\u017eitostne sa pou\u017e\u00edva off-label na lie\u010dbu fibromyalgie.<\/p>\n<p>N\u00e1triumoxybutyr\u00e1t je liek na predpis, ktor\u00fd obsahuje akt\u00edvnu zlo\u017eku GHB (Xyrem). US Food and Drug Administration schv\u00e1lila n\u00e1triumoxybutyr\u00e1t na lie\u010dbu kataplexie spojenej s narkolepsiou a nadmernej dennej ospalosti (EDS) spojenej s narkolepsiou.<\/p>\n<p>V modifikovan\u00fdch testoch sp\u00e1nkovej latencie sa zistilo, \u017ee GHB spo\u013eahlivo zosil\u0148uje pomal\u00fd sp\u00e1nok a zn\u00ed\u017eenie sklonu k REM sp\u00e1nku.<\/p>\n<p>Ozna\u010denie n\u00e1triumoxybutyr\u00e1tu schv\u00e1len\u00e9 FDA nazna\u010duje, \u017ee neexistuje d\u00f4kaz, \u017ee GHB je karcinog\u00e9nny, teratog\u00e9nny alebo hepatotoxick\u00fd. Jeho lep\u0161\u00ed bezpe\u010dnostn\u00fd profil v porovnan\u00ed s etanolom m\u00f4\u017ee vysvet\u013eova\u0165, pre\u010do sa GHB st\u00e1le sk\u00fama] ako mo\u017en\u00e1 n\u00e1hrada alkoholu.<\/p>\n","protected":false},"excerpt":{"rendered":"<p>K\u00fapte si gama-hydroxymaslov\u00fa kvapalinu GHB na predaj vo Ve\u013ekej Brit\u00e1nii, Eur\u00f3pe, Japonsku, Spojen\u00fdch arabsk\u00fdch emir\u00e1toch, \u010c\u00edne, \u00c1zii od najlep\u0161ieho ve\u013ekoobchodn\u00e9ho dod\u00e1vate\u013ea GHB, garantujeme diskr\u00e9tne doru\u010denie do cel\u00e9ho sveta<\/p>\n<p>Minim\u00e1lne mno\u017estvo\u00a0 200 ml<\/p>\n","protected":false},"featured_media":5868,"comment_status":"open","ping_status":"closed","template":"","meta":[],"product_brand":[],"product_cat":[2014],"product_tag":[4014,4019,4020,4021,4022,4015,4016,4018,4017],"class_list":{"0":"post-5858","1":"product","2":"type-product","3":"status-publish","4":"has-post-thumbnail","6":"product_cat-k-c3-bapi-c5-a5-v-c3-bdskumn-c3-a9-chemik-c3-a1lie","7":"product_tag-buy-gamma-hydroxybutyrate-online","8":"product_tag-gamma-hydroxybutyric-acid-antidepressant","9":"product_tag-gamma-hydroxybutyric-acid-bodybuilding","10":"product_tag-gamma-hydroxybutyric-acid-price","11":"product_tag-ghb-for-sale","12":"product_tag-buy-ghb","13":"product_tag-buy-ghb-online","14":"product_tag-gama-hydroxymaslov-kyselina-a-rastov-hormn","15":"product_tag-liek","17":"first","18":"instock","19":"shipping-taxable","20":"purchasable","21":"product-type-variable"},"yoast_head":"<!-- This site is optimized with the Yoast SEO plugin v27.3 - https:\/\/yoast.com\/product\/yoast-seo-wordpress\/ -->\n<title>K\u00fapte si gama hydroxybutyr\u00e1t (GHB) \u2013 najlep\u0161ie najlep\u0161ie glob\u00e1lne lieky<\/title>\n<meta name=\"description\" content=\"K\u00fapte si kvapalinu gama-hydroxybutyric GHB na predaj vo Ve\u013ekej Brit\u00e1nii, Eur\u00f3pe, Japonsku, Spojen\u00fdch arabsk\u00fdch emir\u00e1toch, \u010c\u00edne, \u00c1zii od najlep\u0161ieho ve\u013ekoobchodn\u00e9ho dod\u00e1vate\u013ea GHB, garantujeme diskr\u00e9tne dodanie do cel\u00e9ho sveta\" \/>\n<meta name=\"robots\" content=\"index, follow, max-snippet:-1, max-image-preview:large, max-video-preview:-1\" \/>\n<link rel=\"canonical\" href=\"https:\/\/medicinasinc.com\/sk\/product\/kupit-gama-hydroxybutyrat-ghb-kvapalina\/\" \/>\n<meta property=\"og:locale\" content=\"en_US\" \/>\n<meta property=\"og:type\" content=\"article\" \/>\n<meta property=\"og:title\" content=\"K\u00fapte si gama hydroxybutyr\u00e1t (GHB) \u2013 najlep\u0161ie najlep\u0161ie glob\u00e1lne lieky\" \/>\n<meta property=\"og:description\" content=\"K\u00fapte si kvapalinu gama-hydroxybutyric GHB na predaj vo Ve\u013ekej Brit\u00e1nii, Eur\u00f3pe, Japonsku, Spojen\u00fdch arabsk\u00fdch emir\u00e1toch, \u010c\u00edne, \u00c1zii od najlep\u0161ieho ve\u013ekoobchodn\u00e9ho dod\u00e1vate\u013ea GHB, garantujeme diskr\u00e9tne dodanie do cel\u00e9ho sveta\" \/>\n<meta property=\"og:url\" content=\"https:\/\/medicinasinc.com\/sk\/product\/kupit-gama-hydroxybutyrat-ghb-kvapalina\/\" \/>\n<meta property=\"og:site_name\" content=\"Medicinas Inc\" \/>\n<meta property=\"article:modified_time\" content=\"2022-03-22T00:47:54+00:00\" \/>\n<meta property=\"og:image\" content=\"https:\/\/medicinasinc.com\/sk\/wp-content\/uploads\/sites\/10\/2022\/02\/Buy-gamma-hydroxybutyrate.jpg\" \/>\n\t<meta property=\"og:image:width\" content=\"600\" \/>\n\t<meta property=\"og:image:height\" content=\"450\" \/>\n\t<meta property=\"og:image:type\" content=\"image\/jpeg\" \/>\n<meta name=\"twitter:card\" content=\"summary_large_image\" \/>\n<meta name=\"twitter:label1\" content=\"Est. reading time\" \/>\n\t<meta name=\"twitter:data1\" content=\"2 minutes\" \/>\n<script type=\"application\/ld+json\" class=\"yoast-schema-graph\">{\"@context\":\"https:\\\/\\\/schema.org\",\"@graph\":[{\"@type\":\"WebPage\",\"@id\":\"https:\\\/\\\/medicinasinc.com\\\/sk\\\/product\\\/kupit-gama-hydroxybutyrat-ghb-kvapalina\\\/\",\"url\":\"https:\\\/\\\/medicinasinc.com\\\/sk\\\/product\\\/kupit-gama-hydroxybutyrat-ghb-kvapalina\\\/\",\"name\":\"K\u00fapte si gama hydroxybutyr\u00e1t (GHB) \u2013 najlep\u0161ie najlep\u0161ie glob\u00e1lne lieky\",\"isPartOf\":{\"@id\":\"https:\\\/\\\/medicinasinc.com\\\/sk\\\/#website\"},\"primaryImageOfPage\":{\"@id\":\"https:\\\/\\\/medicinasinc.com\\\/sk\\\/product\\\/kupit-gama-hydroxybutyrat-ghb-kvapalina\\\/#primaryimage\"},\"image\":{\"@id\":\"https:\\\/\\\/medicinasinc.com\\\/sk\\\/product\\\/kupit-gama-hydroxybutyrat-ghb-kvapalina\\\/#primaryimage\"},\"thumbnailUrl\":\"https:\\\/\\\/medicinasinc.com\\\/sk\\\/wp-content\\\/uploads\\\/sites\\\/10\\\/2022\\\/02\\\/Buy-gamma-hydroxybutyrate.jpg\",\"datePublished\":\"2022-02-22T07:31:17+00:00\",\"dateModified\":\"2022-03-22T00:47:54+00:00\",\"description\":\"K\u00fapte si kvapalinu gama-hydroxybutyric GHB na predaj vo Ve\u013ekej Brit\u00e1nii, Eur\u00f3pe, Japonsku, Spojen\u00fdch arabsk\u00fdch emir\u00e1toch, \u010c\u00edne, \u00c1zii od najlep\u0161ieho ve\u013ekoobchodn\u00e9ho dod\u00e1vate\u013ea GHB, garantujeme diskr\u00e9tne dodanie do cel\u00e9ho sveta\",\"breadcrumb\":{\"@id\":\"https:\\\/\\\/medicinasinc.com\\\/sk\\\/product\\\/kupit-gama-hydroxybutyrat-ghb-kvapalina\\\/#breadcrumb\"},\"inLanguage\":\"en-US\",\"potentialAction\":[{\"@type\":\"ReadAction\",\"target\":[\"https:\\\/\\\/medicinasinc.com\\\/sk\\\/product\\\/kupit-gama-hydroxybutyrat-ghb-kvapalina\\\/\"]}]},{\"@type\":\"ImageObject\",\"inLanguage\":\"en-US\",\"@id\":\"https:\\\/\\\/medicinasinc.com\\\/sk\\\/product\\\/kupit-gama-hydroxybutyrat-ghb-kvapalina\\\/#primaryimage\",\"url\":\"https:\\\/\\\/medicinasinc.com\\\/sk\\\/wp-content\\\/uploads\\\/sites\\\/10\\\/2022\\\/02\\\/Buy-gamma-hydroxybutyrate.jpg\",\"contentUrl\":\"https:\\\/\\\/medicinasinc.com\\\/sk\\\/wp-content\\\/uploads\\\/sites\\\/10\\\/2022\\\/02\\\/Buy-gamma-hydroxybutyrate.jpg\",\"width\":600,\"height\":450},{\"@type\":\"BreadcrumbList\",\"@id\":\"https:\\\/\\\/medicinasinc.com\\\/sk\\\/product\\\/kupit-gama-hydroxybutyrat-ghb-kvapalina\\\/#breadcrumb\",\"itemListElement\":[{\"@type\":\"ListItem\",\"position\":1,\"name\":\"Obchod\",\"item\":\"https:\\\/\\\/medicinasinc.com\\\/sk\\\/obchod\\\/\"},{\"@type\":\"ListItem\",\"position\":2,\"name\":\"K\u00fapte si tekut\u00fd gama hydroxybutyr\u00e1t (GHB).\"}]},{\"@type\":\"WebSite\",\"@id\":\"https:\\\/\\\/medicinasinc.com\\\/sk\\\/#website\",\"url\":\"https:\\\/\\\/medicinasinc.com\\\/sk\\\/\",\"name\":\"Medicinas Inc\",\"description\":\"Health Medical Clinic\",\"potentialAction\":[{\"@type\":\"SearchAction\",\"target\":{\"@type\":\"EntryPoint\",\"urlTemplate\":\"https:\\\/\\\/medicinasinc.com\\\/sk\\\/?s={search_term_string}\"},\"query-input\":{\"@type\":\"PropertyValueSpecification\",\"valueRequired\":true,\"valueName\":\"search_term_string\"}}],\"inLanguage\":\"en-US\"}]}<\/script>\n<!-- \/ Yoast SEO plugin. -->","yoast_head_json":{"title":"K\u00fapte si gama hydroxybutyr\u00e1t (GHB) \u2013 najlep\u0161ie najlep\u0161ie glob\u00e1lne lieky","description":"K\u00fapte si kvapalinu gama-hydroxybutyric GHB na predaj vo Ve\u013ekej Brit\u00e1nii, Eur\u00f3pe, Japonsku, Spojen\u00fdch arabsk\u00fdch emir\u00e1toch, \u010c\u00edne, \u00c1zii od najlep\u0161ieho ve\u013ekoobchodn\u00e9ho dod\u00e1vate\u013ea GHB, garantujeme diskr\u00e9tne dodanie do cel\u00e9ho sveta","robots":{"index":"index","follow":"follow","max-snippet":"max-snippet:-1","max-image-preview":"max-image-preview:large","max-video-preview":"max-video-preview:-1"},"canonical":"https:\/\/medicinasinc.com\/sk\/product\/kupit-gama-hydroxybutyrat-ghb-kvapalina\/","og_locale":"en_US","og_type":"article","og_title":"K\u00fapte si gama hydroxybutyr\u00e1t (GHB) \u2013 najlep\u0161ie najlep\u0161ie glob\u00e1lne lieky","og_description":"K\u00fapte si kvapalinu gama-hydroxybutyric GHB na predaj vo Ve\u013ekej Brit\u00e1nii, Eur\u00f3pe, Japonsku, Spojen\u00fdch arabsk\u00fdch emir\u00e1toch, \u010c\u00edne, \u00c1zii od najlep\u0161ieho ve\u013ekoobchodn\u00e9ho dod\u00e1vate\u013ea GHB, garantujeme diskr\u00e9tne dodanie do cel\u00e9ho sveta","og_url":"https:\/\/medicinasinc.com\/sk\/product\/kupit-gama-hydroxybutyrat-ghb-kvapalina\/","og_site_name":"Medicinas Inc","article_modified_time":"2022-03-22T00:47:54+00:00","og_image":[{"width":600,"height":450,"url":"https:\/\/medicinasinc.com\/sk\/wp-content\/uploads\/sites\/10\/2022\/02\/Buy-gamma-hydroxybutyrate.jpg","type":"image\/jpeg"}],"twitter_card":"summary_large_image","twitter_misc":{"Est. reading time":"2 minutes"},"schema":{"@context":"https:\/\/schema.org","@graph":[{"@type":"WebPage","@id":"https:\/\/medicinasinc.com\/sk\/product\/kupit-gama-hydroxybutyrat-ghb-kvapalina\/","url":"https:\/\/medicinasinc.com\/sk\/product\/kupit-gama-hydroxybutyrat-ghb-kvapalina\/","name":"K\u00fapte si gama hydroxybutyr\u00e1t (GHB) \u2013 najlep\u0161ie najlep\u0161ie glob\u00e1lne lieky","isPartOf":{"@id":"https:\/\/medicinasinc.com\/sk\/#website"},"primaryImageOfPage":{"@id":"https:\/\/medicinasinc.com\/sk\/product\/kupit-gama-hydroxybutyrat-ghb-kvapalina\/#primaryimage"},"image":{"@id":"https:\/\/medicinasinc.com\/sk\/product\/kupit-gama-hydroxybutyrat-ghb-kvapalina\/#primaryimage"},"thumbnailUrl":"https:\/\/medicinasinc.com\/sk\/wp-content\/uploads\/sites\/10\/2022\/02\/Buy-gamma-hydroxybutyrate.jpg","datePublished":"2022-02-22T07:31:17+00:00","dateModified":"2022-03-22T00:47:54+00:00","description":"K\u00fapte si kvapalinu gama-hydroxybutyric GHB na predaj vo Ve\u013ekej Brit\u00e1nii, Eur\u00f3pe, Japonsku, Spojen\u00fdch arabsk\u00fdch emir\u00e1toch, \u010c\u00edne, \u00c1zii od najlep\u0161ieho ve\u013ekoobchodn\u00e9ho dod\u00e1vate\u013ea GHB, garantujeme diskr\u00e9tne dodanie do cel\u00e9ho sveta","breadcrumb":{"@id":"https:\/\/medicinasinc.com\/sk\/product\/kupit-gama-hydroxybutyrat-ghb-kvapalina\/#breadcrumb"},"inLanguage":"en-US","potentialAction":[{"@type":"ReadAction","target":["https:\/\/medicinasinc.com\/sk\/product\/kupit-gama-hydroxybutyrat-ghb-kvapalina\/"]}]},{"@type":"ImageObject","inLanguage":"en-US","@id":"https:\/\/medicinasinc.com\/sk\/product\/kupit-gama-hydroxybutyrat-ghb-kvapalina\/#primaryimage","url":"https:\/\/medicinasinc.com\/sk\/wp-content\/uploads\/sites\/10\/2022\/02\/Buy-gamma-hydroxybutyrate.jpg","contentUrl":"https:\/\/medicinasinc.com\/sk\/wp-content\/uploads\/sites\/10\/2022\/02\/Buy-gamma-hydroxybutyrate.jpg","width":600,"height":450},{"@type":"BreadcrumbList","@id":"https:\/\/medicinasinc.com\/sk\/product\/kupit-gama-hydroxybutyrat-ghb-kvapalina\/#breadcrumb","itemListElement":[{"@type":"ListItem","position":1,"name":"Obchod","item":"https:\/\/medicinasinc.com\/sk\/obchod\/"},{"@type":"ListItem","position":2,"name":"K\u00fapte si tekut\u00fd gama hydroxybutyr\u00e1t (GHB)."}]},{"@type":"WebSite","@id":"https:\/\/medicinasinc.com\/sk\/#website","url":"https:\/\/medicinasinc.com\/sk\/","name":"Medicinas Inc","description":"Health Medical Clinic","potentialAction":[{"@type":"SearchAction","target":{"@type":"EntryPoint","urlTemplate":"https:\/\/medicinasinc.com\/sk\/?s={search_term_string}"},"query-input":{"@type":"PropertyValueSpecification","valueRequired":true,"valueName":"search_term_string"}}],"inLanguage":"en-US"}]}},"_links":{"self":[{"href":"https:\/\/medicinasinc.com\/sk\/wp-json\/wp\/v2\/product\/5858","targetHints":{"allow":["GET"]}}],"collection":[{"href":"https:\/\/medicinasinc.com\/sk\/wp-json\/wp\/v2\/product"}],"about":[{"href":"https:\/\/medicinasinc.com\/sk\/wp-json\/wp\/v2\/types\/product"}],"replies":[{"embeddable":true,"href":"https:\/\/medicinasinc.com\/sk\/wp-json\/wp\/v2\/comments?post=5858"}],"wp:featuredmedia":[{"embeddable":true,"href":"https:\/\/medicinasinc.com\/sk\/wp-json\/wp\/v2\/media\/5868"}],"wp:attachment":[{"href":"https:\/\/medicinasinc.com\/sk\/wp-json\/wp\/v2\/media?parent=5858"}],"wp:term":[{"taxonomy":"product_brand","embeddable":true,"href":"https:\/\/medicinasinc.com\/sk\/wp-json\/wp\/v2\/product_brand?post=5858"},{"taxonomy":"product_cat","embeddable":true,"href":"https:\/\/medicinasinc.com\/sk\/wp-json\/wp\/v2\/product_cat?post=5858"},{"taxonomy":"product_tag","embeddable":true,"href":"https:\/\/medicinasinc.com\/sk\/wp-json\/wp\/v2\/product_tag?post=5858"}],"curies":[{"name":"wp","href":"https:\/\/api.w.org\/{rel}","templated":true}]}}