{"id":5852,"date":"2022-02-22T07:25:44","date_gmt":"2022-02-22T07:25:44","guid":{"rendered":"https:\/\/medicinasinc.com\/sk\/?post_type=product&#038;p=5852"},"modified":"2022-03-22T00:48:04","modified_gmt":"2022-03-22T00:48:04","slug":"kupit-amfetamin-prasok","status":"publish","type":"product","link":"https:\/\/medicinasinc.com\/sk\/product\/kupit-amfetamin-prasok\/","title":{"rendered":"K\u00fapte si Amfetam\u00ednov\u00fd pr\u00e1\u0161ok"},"content":{"rendered":"<p>Amfetam\u00ednov\u00fd pr\u00e1\u0161ok je mo\u017en\u00e9 zak\u00fapi\u0165 online.<\/p>\n<p>Amfetam\u00ednov\u00fd pr\u00e1\u0161ok online v Spojenom kr\u00e1\u013eovstve, Eur\u00f3pe a Eur\u00f3pskej \u00fanii, Amfetam\u00ednov\u00fd pr\u00e1\u0161ok na dobierku, Amfetam\u00edny s\u00fa stimula\u010dn\u00e9 lieky, \u010do znamen\u00e1, \u017ee ur\u00fdch\u013euj\u00fa prenos spr\u00e1v medzi mozgom a telom.<\/p>\n<p>Amfetam\u00edny s\u00fa stimula\u010dn\u00e9 lieky, ktor\u00e9 ur\u00fdch\u013euj\u00fa prenos inform\u00e1ci\u00ed medzi mozgom a telom.<\/p>\n<p>Tie\u017e by v\u00e1s mohlo zauj\u00edma\u0165 viac inform\u00e1ci\u00ed o \u00fa\u010dinkoch a zdravotn\u00e9 rizik\u00e1 spojen\u00e9 s amfetam\u00ednov\u00fdm pr\u00e1\u0161kom. M\u00f4\u017ee sa prejavi\u0165 rovnak\u00fdm sp\u00f4sobom ako mnoh\u00e9 in\u00e9 lieky.<\/p>\n<p>Lek\u00e1ri legit\u00edmne odpor\u00fa\u010daj\u00fa ur\u010dit\u00e9 triedy amfetam\u00ednov na lie\u010dbu chor\u00f4b, ako je porucha pozornosti s hyperaktivitou (ADHD) a narkolepsia (kde \u010dlovek m\u00e1 nekontrolovate\u013en\u00e9 nutkanie spa\u0165). In\u00e9 druhy amfetam\u00ednov, ako napr\u00edklad speed, sa vyr\u00e1baj\u00fa a pred\u00e1vaj\u00fa nez\u00e1konne. Samostatn\u00fd informa\u010dn\u00fd list je venovan\u00fd silnej\u0161ej forme metamfetam\u00ednu, kry\u0161talick\u00e9mu metamfetam\u00ednu (\u013eadu).<\/p>\n<p>Amfetam\u00edny existuj\u00fa v r\u00f4znych form\u00e1ch. Tieto lieky s\u00fa dostupn\u00e9 vo forme pr\u00e1\u0161ku, tabliet, kry\u0161t\u00e1lov a kaps\u00fal. Pri neleg\u00e1lnom predaji m\u00f4\u017eu by\u0165 zabalen\u00e9 do \u201ef\u00f3li\u00ed\u201c (hlin\u00edkov\u00e1 f\u00f3lia), plastov\u00fdch vrec\u00fa\u0161ok alebo miniat\u00farnych bal\u00f3nov.<\/p>\n<p>Amfetam\u00ednov\u00fd pr\u00e1\u0161ok m\u00e1 r\u00f4zne farby od bielej po hned\u00fa a pr\u00edle\u017eitostne obsahuje stopy sivej alebo ru\u017eovej. M\u00e1 \u0161tip\u013eav\u00fa v\u00f4\u0148u a horkast\u00fa chu\u0165. Kapsuly a tablety obsahuj\u00face amfetam\u00edny sa v\u00fdrazne l\u00ed\u0161ia ve\u013ekos\u0165ou a farbou.<\/p>\n<p>Amfetam\u00edn \u2013 Neleg\u00e1lne vyroben\u00e9 amfetam\u00edny m\u00f4\u017eu obsahova\u0165 kombin\u00e1ciu liekov, spoj\u00edv, kofe\u00ednu a cukru. Okrem toho m\u00f4\u017eu by\u0165 pridan\u00e9 nov\u00e9 psychoakt\u00edvne drogy.<\/p>\n<p>Slangov\u00e9 v\u00fdrazy<\/p>\n<p>R\u00fdchlos\u0165, r\u00fdchly, vzostupn\u00fd, zvr\u0161ok, louee, goey a whis.<\/p>\n<p>Na ak\u00fd \u00fa\u010del sl\u00fa\u017ei sl\u00fa\u017eia?<\/p>\n<p>Vo v\u0161eobecnosti sa amfetam\u00edny konzumuj\u00fa, pod\u00e1vaj\u00fa injek\u010dne alebo faj\u010dia. Navy\u0161e s\u00fa \u0161\u0148upan\u00e9.<\/p>\n<p>\u00da\u010dinok amfetam\u00ednov<\/p>\n<p>Amfetam\u00edny maj\u00fa na ka\u017ed\u00e9ho jednotlivca r\u00f4zny \u00fa\u010dinok v z\u00e1vislosti od:<\/p>\n<p>Indexu telesnej hmotnosti, hmotnosti a zdravia <br \/> \u010ci je jednotlivec zvyknut\u00fd ho u\u017e\u00edva\u0165<br \/> \u010ci s\u00fabe\u017ene u\u017e\u00edva nejak\u00e9 in\u00e9 lieky<br \/> Stiahnut\u00e1 suma<br \/> Sila lieku (l\u00ed\u0161i sa od \u0161ar\u017ee k \u0161ar\u017ei pri neleg\u00e1lne vyroben\u00fdch drog\u00e1ch)<\/p>\n<p>Amfetam\u00edny prejavuj\u00fa svoje \u00fa\u010dinky okam\u017eite (\u010di u\u017e injek\u010dne alebo faj\u010den\u00e9) alebo do 30 min\u00fat (pri \u0161\u0148upan\u00ed alebo prehltnut\u00ed).<\/p>\n<p>M\u00f4\u017eu sa vyskytn\u00fa\u0165 tieto vplyvy:<\/p>\n<p>\u0160\u0165astie a seba -istota<br \/> Viac hovori\u0165 a c\u00edti\u0165 sa viac energie<br \/> Opakovanie jednoduch\u00fdch \u00fakonov, ako je svrbenie a \u0161krabanie<br \/> Zreni\u010dky ve\u013ek\u00e9 a sucho v \u00fastach<br \/> R\u00fdchly tep a d\u00fdchanie<br \/> \u0160kr\u00edpanie zubami <br \/> Potla\u010denie chuti do jedla<br \/> Nadmern\u00e9 potenie<br \/> Zv\u00fd\u0161en\u00e9 sexu\u00e1lne vzru\u0161enie<br \/> Pred\u00e1vkovanie<\/p>\n<p>Ak sa skonzumuje zna\u010dn\u00e9 mno\u017estvo alebo obzvl\u00e1\u0161\u0165 siln\u00e1 d\u00e1vka, m\u00f4\u017ee vies\u0165 aj k pred\u00e1vkovaniu. Ak sa vyskytne ktor\u00fdko\u013evek z nasleduj\u00facich pr\u00edznakov, treba okam\u017eite zavola\u0165 sanitku vyto\u010den\u00edm trojitej nuly (000). Z\u00e1chran\u00e1ri nie s\u00fa povinn\u00ed konzultova\u0165 s pol\u00edciou.<\/p>\n<p>Vyhovuje r\u00fdchlemu tlkotu srdca<br \/> M\u0155tvica, srdcov\u00fd infarkt a smr\u0165<\/p>\n<p>Snubn\u00e9 amfetam\u00edny m\u00f4\u017eu dr\u00e1\u017edi\u0165 nosov\u00e9 priechody a vies\u0165 k krv\u00e1canie z nosa.<\/p>\n<p>Vpichovanie amfetam\u00ednov a zdie\u013eanie ihiel m\u00f4\u017ee zv\u00fd\u0161i\u0165 riziko, \u017ee sa nakaz\u00edte:<\/p>\n<p>V\u00edrusovou hepatit\u00eddou B<br \/> HIV\/AIDS hepatit\u00eddou C<br \/> Tetanus<br \/> Zostupne<\/p>\n<p>Po u\u017eit\u00ed amfetam\u00ednu sa m\u00f4\u017eu vyskytn\u00fa\u0165 nasleduj\u00face \u00fa\u010dinky:<\/p>\n<p>Nespavos\u0165 a vy\u010derpanie<br \/> Bolesti hlavy<br \/> Dezorient\u00e1cia a zastret\u00e9 videnie<br \/> Zm\u00e4tenos\u0165, paranoja, a halucin\u00e1cie<br \/> Podr\u00e1\u017edenos\u0165, zmeny n\u00e1lady a depresia, to v\u0161etko s\u00fa pr\u00edznaky depresie.<\/p>\n<p>Pou\u017e\u00edvanie tlmiv\u00fdch l\u00e1tok, ako je alkohol, benzodiazep\u00edny alebo kanabis, na podporu procesu \u201ezostupovania\u201c m\u00f4\u017ee vyvrcholi\u0165 cyklus z\u00e1vislosti od oboch typov l\u00e1tok.<\/p>\n<p>Dlhodob\u00e9 n\u00e1sledky<\/p>\n<p>Pravideln\u00e9 u\u017e\u00edvanie amfetam\u00ednov m\u00f4\u017ee v kone\u010dnom d\u00f4sledku vy\u00fasti\u0165 do nasledovn\u00e9ho:<\/p>\n<p>Potla\u010denie chuti do jedla a r\u00fdchly \u00fabytok hmotnosti<br \/> Nespav\u00fd sp\u00e1nok<br \/> Probl\u00e9my so zubami a sucho v \u00fastach<br \/> Prechladnutie a chr\u00edpka s\u00fa be\u017en\u00e9.<br \/> \u0164a\u017ekosti s koncentr\u00e1ciou<br \/> \u0164a\u017ekosti s d\u00fdchan\u00edm<br \/> Svalov\u00e1 stuhnutos\u0165<br \/> Z\u00e1chvaty paniky a paranoja<br \/> Depresia<br \/> Kardiovaskul\u00e1rne a ren\u00e1lne probl\u00e9my<br \/> Riziko m\u0155tvice sa zvy\u0161uje<br \/> Na dosiahnutie po\u017eadovan\u00e9ho \u00fa\u010dinku je potrebn\u00e9 pou\u017ei\u0165 viac<br \/> Z\u00e1vislos\u0165 od amfetam\u00ednov<br \/> Finan\u010dn\u00e9, pracovn\u00e9 a soci\u00e1lne \u0165a\u017ekosti<br \/> Psych\u00f3za sp\u00f4soben\u00e9 amfetam\u00ednmi<\/p>\n<p>Navy\u0161e, vysok\u00e9 d\u00e1vky a opakovan\u00e9 \u0165a\u017ek\u00e9 u\u017e\u00edvanie m\u00f4\u017ee vies\u0165 k \u201eamfetam\u00ednovej psych\u00f3ze\u201c, ktor\u00e1 je charakterizovan\u00e1 paranoidn\u00fdmi bludmi, halucin\u00e1ciami a neprirodzen\u00fdm agres\u00edvnym alebo n\u00e1siln\u00fdm spr\u00e1van\u00edm. Tieto pr\u00edznaky \u010dasto ust\u00fapia v priebehu nieko\u013ek\u00fdch dn\u00ed po tom, \u010do jednotlivec prestal u\u017e\u00edva\u0165 amfetam\u00edny.<\/p>\n<p>Amfetam\u00edny v kombin\u00e1cii s in\u00fdmi liekmi<\/p>\n<p>Interakcie medzi amfetam\u00ednmi a in\u00fdmi l\u00e1tkami, ako napr. lieky na predpis alebo lieky na predpis, m\u00f4\u017eu by\u0165 nepredv\u00eddate\u013en\u00e9 a smrte\u013en\u00e9 a m\u00f4\u017eu ma\u0165 za n\u00e1sledok nasledovn\u00e9:<\/p>\n<p>Amfetam\u00edny a niektor\u00e9 antidepres\u00edva sp\u00f4sobuj\u00fa hypertenziu, ktor\u00e1 m\u00f4\u017ee ma\u0165 za n\u00e1sledok nepravideln\u00fd pulz, zlyhanie srdca a m\u0155tvicu.<\/p>\n<p>4<\/p>\n<p>Amfetam\u00edny u\u017e\u00edvan\u00e9 s alkoholom, kanabisom alebo benzodiazep\u00ednmi vystavuj\u00fa telo extr\u00e9mnemu stresu, preto\u017ee sa sna\u017e\u00ed vyrovna\u0165 sa s protichodn\u00fdmi \u00fa\u010dinkami t\u00fdchto dvoch drog, \u010do m\u00f4\u017ee vies\u0165 k pred\u00e1vkovaniu.<\/p>\n<p>Vysadenie<\/p>\n<p>Vzda\u0165 sa amfetam\u00ednov po dlh\u0161om obdob\u00ed u\u017e\u00edvania je \u0165a\u017ek\u00e9, preto\u017ee telo sa mus\u00ed prisp\u00f4sobi\u0165 fungovaniu bez nich. Abstinen\u010dn\u00e9 pr\u00edznaky by mali ust\u00fapi\u0165 do t\u00fd\u017ed\u0148a a po mesiaci by mali \u00faplne vymizn\u00fa\u0165. Sympt\u00f3my zah\u0155\u0148aj\u00fa nasledovn\u00e9:<\/p>\n<p>T\u00fa\u017eba po amfetam\u00edne<br \/> Stimul\u00e1cia chuti do jedla<br \/> Zm\u00e4tenos\u0165 a podr\u00e1\u017edenie<br \/> Modriny a bolesti<br \/> Vy\u010derpanie<br \/> Nespavos\u0165 a no\u010dn\u00e9 mory<br \/> Afekt\u00edvne poruchy, ako je \u00fazkos\u0165, depresia a paranoja<\/p>\n","protected":false},"excerpt":{"rendered":"<p>K\u00fapte si amfetam\u00ednov\u00fd pr\u00e1\u0161ok na predaj vo Ve\u013ekej Brit\u00e1nii, Eur\u00f3pe lacn\u00e9 generick\u00e9 a zna\u010dkov\u00e9 tabletky v Sappore, Amfetam\u00ednov\u00fd pr\u00e1\u0161ok si m\u00f4\u017eete k\u00fapi\u0165 online na predaj pomocou bitco\u00ednov (BTC)<\/p>\n<p>Amfetam\u00ednov\u00fd pr\u00e1\u0161ok je siln\u00fd stimulant centr\u00e1lneho nervov\u00e9ho syst\u00e9mu syst\u00e9m (neur\u00f3ny mozgu a miechy) a v medic\u00edne sa pou\u017e\u00edva na lie\u010dbu r\u00f4znych stavov. Okrem toho je extr\u00e9mne n\u00e1vykov\u00fd a v minulosti bol zneu\u017e\u00edvan\u00fd.<\/p>\n<p>Amfetam\u00ednov\u00fd pr\u00e1\u0161ok je liek na predpis, ktor\u00fd sa pou\u017e\u00edva na lie\u010dbu poruchy pozornosti s hyperaktivitou (ADHD).<\/p>\n","protected":false},"featured_media":5862,"comment_status":"open","ping_status":"closed","template":"","meta":[],"product_brand":[],"product_cat":[703,2014],"product_tag":[4007,4013,4009,4011,4012,4010,4008],"class_list":{"0":"post-5852","1":"product","2":"type-product","3":"status-publish","4":"has-post-thumbnail","6":"product_cat-kpi-psychedelick-drogy","7":"product_cat-k-c3-bapi-c5-a5-v-c3-bdskumn-c3-a9-chemik-c3-a1lie","8":"product_tag-amfetamnov-prok","9":"product_tag-kde-kpi-amfetamnov-prok-online","10":"product_tag-kpi-amfetamnov-prok-online","11":"product_tag-nkup-amfetamn-prok-online","12":"product_tag-najlepie-k-kpi-amfetamnov-prok-online","13":"product_tag-objedna-amfetamn-prok-online","14":"product_tag-amfetamnov-prok-na-predaj","16":"first","17":"instock","18":"shipping-taxable","19":"purchasable","20":"product-type-variable"},"yoast_head":"<!-- This site is optimized with the Yoast SEO plugin v27.3 - https:\/\/yoast.com\/product\/yoast-seo-wordpress\/ -->\n<title>K\u00fapte si amfetam\u00ednov\u00fd pr\u00e1\u0161ok \u2013 najlep\u0161ie najlep\u0161ie glob\u00e1lne lieky<\/title>\n<meta name=\"description\" content=\"K\u00fapi\u0165 amfetam\u00ednov\u00fd pr\u00e1\u0161ok na predaj vo Ve\u013ekej Brit\u00e1nii, Eur\u00f3pe lacn\u00e9 generick\u00e9 a zna\u010dkov\u00e9 pilulky v Sappore, Amfetam\u00ednov\u00fd pr\u00e1\u0161ok na predaj si m\u00f4\u017eete objedna\u0165 online pomocou bitco\u00ednov (BTC)\" \/>\n<meta name=\"robots\" content=\"index, follow, max-snippet:-1, max-image-preview:large, max-video-preview:-1\" \/>\n<link rel=\"canonical\" href=\"https:\/\/medicinasinc.com\/sk\/product\/kupit-amfetamin-prasok\/\" \/>\n<meta property=\"og:locale\" content=\"en_US\" \/>\n<meta property=\"og:type\" content=\"article\" \/>\n<meta property=\"og:title\" content=\"K\u00fapte si amfetam\u00ednov\u00fd pr\u00e1\u0161ok \u2013 najlep\u0161ie najlep\u0161ie glob\u00e1lne lieky\" \/>\n<meta property=\"og:description\" content=\"K\u00fapi\u0165 amfetam\u00ednov\u00fd pr\u00e1\u0161ok na predaj vo Ve\u013ekej Brit\u00e1nii, Eur\u00f3pe lacn\u00e9 generick\u00e9 a zna\u010dkov\u00e9 pilulky v Sappore, Amfetam\u00ednov\u00fd pr\u00e1\u0161ok na predaj si m\u00f4\u017eete objedna\u0165 online pomocou bitco\u00ednov (BTC)\" \/>\n<meta property=\"og:url\" content=\"https:\/\/medicinasinc.com\/sk\/product\/kupit-amfetamin-prasok\/\" \/>\n<meta property=\"og:site_name\" content=\"Medicinas Inc\" \/>\n<meta property=\"article:modified_time\" content=\"2022-03-22T00:48:04+00:00\" \/>\n<meta property=\"og:image\" content=\"https:\/\/medicinasinc.com\/sk\/wp-content\/uploads\/sites\/10\/2022\/02\/Buy-Amphetamine-Powder.png\" \/>\n\t<meta property=\"og:image:width\" content=\"412\" \/>\n\t<meta property=\"og:image:height\" content=\"550\" \/>\n\t<meta property=\"og:image:type\" content=\"image\/png\" \/>\n<meta name=\"twitter:card\" content=\"summary_large_image\" \/>\n<meta name=\"twitter:label1\" content=\"Est. reading time\" \/>\n\t<meta name=\"twitter:data1\" content=\"4 minutes\" \/>\n<script type=\"application\/ld+json\" class=\"yoast-schema-graph\">{\"@context\":\"https:\\\/\\\/schema.org\",\"@graph\":[{\"@type\":\"WebPage\",\"@id\":\"https:\\\/\\\/medicinasinc.com\\\/sk\\\/product\\\/kupit-amfetamin-prasok\\\/\",\"url\":\"https:\\\/\\\/medicinasinc.com\\\/sk\\\/product\\\/kupit-amfetamin-prasok\\\/\",\"name\":\"K\u00fapte si amfetam\u00ednov\u00fd pr\u00e1\u0161ok \u2013 najlep\u0161ie najlep\u0161ie glob\u00e1lne lieky\",\"isPartOf\":{\"@id\":\"https:\\\/\\\/medicinasinc.com\\\/sk\\\/#website\"},\"primaryImageOfPage\":{\"@id\":\"https:\\\/\\\/medicinasinc.com\\\/sk\\\/product\\\/kupit-amfetamin-prasok\\\/#primaryimage\"},\"image\":{\"@id\":\"https:\\\/\\\/medicinasinc.com\\\/sk\\\/product\\\/kupit-amfetamin-prasok\\\/#primaryimage\"},\"thumbnailUrl\":\"https:\\\/\\\/medicinasinc.com\\\/sk\\\/wp-content\\\/uploads\\\/sites\\\/10\\\/2022\\\/02\\\/Buy-Amphetamine-Powder.png\",\"datePublished\":\"2022-02-22T07:25:44+00:00\",\"dateModified\":\"2022-03-22T00:48:04+00:00\",\"description\":\"K\u00fapi\u0165 amfetam\u00ednov\u00fd pr\u00e1\u0161ok na predaj vo Ve\u013ekej Brit\u00e1nii, Eur\u00f3pe lacn\u00e9 generick\u00e9 a zna\u010dkov\u00e9 pilulky v Sappore, Amfetam\u00ednov\u00fd pr\u00e1\u0161ok na predaj si m\u00f4\u017eete objedna\u0165 online pomocou bitco\u00ednov (BTC)\",\"breadcrumb\":{\"@id\":\"https:\\\/\\\/medicinasinc.com\\\/sk\\\/product\\\/kupit-amfetamin-prasok\\\/#breadcrumb\"},\"inLanguage\":\"en-US\",\"potentialAction\":[{\"@type\":\"ReadAction\",\"target\":[\"https:\\\/\\\/medicinasinc.com\\\/sk\\\/product\\\/kupit-amfetamin-prasok\\\/\"]}]},{\"@type\":\"ImageObject\",\"inLanguage\":\"en-US\",\"@id\":\"https:\\\/\\\/medicinasinc.com\\\/sk\\\/product\\\/kupit-amfetamin-prasok\\\/#primaryimage\",\"url\":\"https:\\\/\\\/medicinasinc.com\\\/sk\\\/wp-content\\\/uploads\\\/sites\\\/10\\\/2022\\\/02\\\/Buy-Amphetamine-Powder.png\",\"contentUrl\":\"https:\\\/\\\/medicinasinc.com\\\/sk\\\/wp-content\\\/uploads\\\/sites\\\/10\\\/2022\\\/02\\\/Buy-Amphetamine-Powder.png\",\"width\":412,\"height\":550},{\"@type\":\"BreadcrumbList\",\"@id\":\"https:\\\/\\\/medicinasinc.com\\\/sk\\\/product\\\/kupit-amfetamin-prasok\\\/#breadcrumb\",\"itemListElement\":[{\"@type\":\"ListItem\",\"position\":1,\"name\":\"Obchod\",\"item\":\"https:\\\/\\\/medicinasinc.com\\\/sk\\\/obchod\\\/\"},{\"@type\":\"ListItem\",\"position\":2,\"name\":\"K\u00fapte si Amfetam\u00ednov\u00fd pr\u00e1\u0161ok\"}]},{\"@type\":\"WebSite\",\"@id\":\"https:\\\/\\\/medicinasinc.com\\\/sk\\\/#website\",\"url\":\"https:\\\/\\\/medicinasinc.com\\\/sk\\\/\",\"name\":\"Medicinas Inc\",\"description\":\"Health Medical Clinic\",\"potentialAction\":[{\"@type\":\"SearchAction\",\"target\":{\"@type\":\"EntryPoint\",\"urlTemplate\":\"https:\\\/\\\/medicinasinc.com\\\/sk\\\/?s={search_term_string}\"},\"query-input\":{\"@type\":\"PropertyValueSpecification\",\"valueRequired\":true,\"valueName\":\"search_term_string\"}}],\"inLanguage\":\"en-US\"}]}<\/script>\n<!-- \/ Yoast SEO plugin. -->","yoast_head_json":{"title":"K\u00fapte si amfetam\u00ednov\u00fd pr\u00e1\u0161ok \u2013 najlep\u0161ie najlep\u0161ie glob\u00e1lne lieky","description":"K\u00fapi\u0165 amfetam\u00ednov\u00fd pr\u00e1\u0161ok na predaj vo Ve\u013ekej Brit\u00e1nii, Eur\u00f3pe lacn\u00e9 generick\u00e9 a zna\u010dkov\u00e9 pilulky v Sappore, Amfetam\u00ednov\u00fd pr\u00e1\u0161ok na predaj si m\u00f4\u017eete objedna\u0165 online pomocou bitco\u00ednov (BTC)","robots":{"index":"index","follow":"follow","max-snippet":"max-snippet:-1","max-image-preview":"max-image-preview:large","max-video-preview":"max-video-preview:-1"},"canonical":"https:\/\/medicinasinc.com\/sk\/product\/kupit-amfetamin-prasok\/","og_locale":"en_US","og_type":"article","og_title":"K\u00fapte si amfetam\u00ednov\u00fd pr\u00e1\u0161ok \u2013 najlep\u0161ie najlep\u0161ie glob\u00e1lne lieky","og_description":"K\u00fapi\u0165 amfetam\u00ednov\u00fd pr\u00e1\u0161ok na predaj vo Ve\u013ekej Brit\u00e1nii, Eur\u00f3pe lacn\u00e9 generick\u00e9 a zna\u010dkov\u00e9 pilulky v Sappore, Amfetam\u00ednov\u00fd pr\u00e1\u0161ok na predaj si m\u00f4\u017eete objedna\u0165 online pomocou bitco\u00ednov (BTC)","og_url":"https:\/\/medicinasinc.com\/sk\/product\/kupit-amfetamin-prasok\/","og_site_name":"Medicinas Inc","article_modified_time":"2022-03-22T00:48:04+00:00","og_image":[{"width":412,"height":550,"url":"https:\/\/medicinasinc.com\/sk\/wp-content\/uploads\/sites\/10\/2022\/02\/Buy-Amphetamine-Powder.png","type":"image\/png"}],"twitter_card":"summary_large_image","twitter_misc":{"Est. reading time":"4 minutes"},"schema":{"@context":"https:\/\/schema.org","@graph":[{"@type":"WebPage","@id":"https:\/\/medicinasinc.com\/sk\/product\/kupit-amfetamin-prasok\/","url":"https:\/\/medicinasinc.com\/sk\/product\/kupit-amfetamin-prasok\/","name":"K\u00fapte si amfetam\u00ednov\u00fd pr\u00e1\u0161ok \u2013 najlep\u0161ie najlep\u0161ie glob\u00e1lne lieky","isPartOf":{"@id":"https:\/\/medicinasinc.com\/sk\/#website"},"primaryImageOfPage":{"@id":"https:\/\/medicinasinc.com\/sk\/product\/kupit-amfetamin-prasok\/#primaryimage"},"image":{"@id":"https:\/\/medicinasinc.com\/sk\/product\/kupit-amfetamin-prasok\/#primaryimage"},"thumbnailUrl":"https:\/\/medicinasinc.com\/sk\/wp-content\/uploads\/sites\/10\/2022\/02\/Buy-Amphetamine-Powder.png","datePublished":"2022-02-22T07:25:44+00:00","dateModified":"2022-03-22T00:48:04+00:00","description":"K\u00fapi\u0165 amfetam\u00ednov\u00fd pr\u00e1\u0161ok na predaj vo Ve\u013ekej Brit\u00e1nii, Eur\u00f3pe lacn\u00e9 generick\u00e9 a zna\u010dkov\u00e9 pilulky v Sappore, Amfetam\u00ednov\u00fd pr\u00e1\u0161ok na predaj si m\u00f4\u017eete objedna\u0165 online pomocou bitco\u00ednov (BTC)","breadcrumb":{"@id":"https:\/\/medicinasinc.com\/sk\/product\/kupit-amfetamin-prasok\/#breadcrumb"},"inLanguage":"en-US","potentialAction":[{"@type":"ReadAction","target":["https:\/\/medicinasinc.com\/sk\/product\/kupit-amfetamin-prasok\/"]}]},{"@type":"ImageObject","inLanguage":"en-US","@id":"https:\/\/medicinasinc.com\/sk\/product\/kupit-amfetamin-prasok\/#primaryimage","url":"https:\/\/medicinasinc.com\/sk\/wp-content\/uploads\/sites\/10\/2022\/02\/Buy-Amphetamine-Powder.png","contentUrl":"https:\/\/medicinasinc.com\/sk\/wp-content\/uploads\/sites\/10\/2022\/02\/Buy-Amphetamine-Powder.png","width":412,"height":550},{"@type":"BreadcrumbList","@id":"https:\/\/medicinasinc.com\/sk\/product\/kupit-amfetamin-prasok\/#breadcrumb","itemListElement":[{"@type":"ListItem","position":1,"name":"Obchod","item":"https:\/\/medicinasinc.com\/sk\/obchod\/"},{"@type":"ListItem","position":2,"name":"K\u00fapte si Amfetam\u00ednov\u00fd pr\u00e1\u0161ok"}]},{"@type":"WebSite","@id":"https:\/\/medicinasinc.com\/sk\/#website","url":"https:\/\/medicinasinc.com\/sk\/","name":"Medicinas Inc","description":"Health Medical Clinic","potentialAction":[{"@type":"SearchAction","target":{"@type":"EntryPoint","urlTemplate":"https:\/\/medicinasinc.com\/sk\/?s={search_term_string}"},"query-input":{"@type":"PropertyValueSpecification","valueRequired":true,"valueName":"search_term_string"}}],"inLanguage":"en-US"}]}},"_links":{"self":[{"href":"https:\/\/medicinasinc.com\/sk\/wp-json\/wp\/v2\/product\/5852","targetHints":{"allow":["GET"]}}],"collection":[{"href":"https:\/\/medicinasinc.com\/sk\/wp-json\/wp\/v2\/product"}],"about":[{"href":"https:\/\/medicinasinc.com\/sk\/wp-json\/wp\/v2\/types\/product"}],"replies":[{"embeddable":true,"href":"https:\/\/medicinasinc.com\/sk\/wp-json\/wp\/v2\/comments?post=5852"}],"wp:featuredmedia":[{"embeddable":true,"href":"https:\/\/medicinasinc.com\/sk\/wp-json\/wp\/v2\/media\/5862"}],"wp:attachment":[{"href":"https:\/\/medicinasinc.com\/sk\/wp-json\/wp\/v2\/media?parent=5852"}],"wp:term":[{"taxonomy":"product_brand","embeddable":true,"href":"https:\/\/medicinasinc.com\/sk\/wp-json\/wp\/v2\/product_brand?post=5852"},{"taxonomy":"product_cat","embeddable":true,"href":"https:\/\/medicinasinc.com\/sk\/wp-json\/wp\/v2\/product_cat?post=5852"},{"taxonomy":"product_tag","embeddable":true,"href":"https:\/\/medicinasinc.com\/sk\/wp-json\/wp\/v2\/product_tag?post=5852"}],"curies":[{"name":"wp","href":"https:\/\/api.w.org\/{rel}","templated":true}]}}