{"id":5846,"date":"2022-02-22T07:19:31","date_gmt":"2022-02-22T07:19:31","guid":{"rendered":"https:\/\/medicinasinc.com\/sk\/?post_type=product&#038;p=5846"},"modified":"2022-03-22T00:48:15","modified_gmt":"2022-03-22T00:48:15","slug":"schvalovat-biton","status":"publish","type":"product","link":"https:\/\/medicinasinc.com\/sk\/product\/schvalovat-biton\/","title":{"rendered":"schv\u00e1li\u0165 barbit\u00f3n"},"content":{"rendered":"<p>Aprobarbiton je mo\u017en\u00e9 zak\u00fapi\u0165 online v \u0161pi\u010dkovej online lek\u00e1rni Nembutal<\/p>\n<p>Online lek\u00e1re\u0148 Nembutal je v prev\u00e1dzke u\u017e dlh\u00fa dobu. Teraz dokonale rozumieme n\u00e1zorom a o\u010dak\u00e1vaniam klientov na celom svete. Sme tu, aby sme splnili v\u0161etky va\u0161e po\u017eiadavky na aprobarbiton. Ak si chcete k\u00fapi\u0165 Aprobarbitone online, na\u0161a lek\u00e1re\u0148 je t\u00fdm najlep\u0161\u00edm miestom. Pon\u00fakame tento terapeutick\u00fd liek za rozumn\u00fa cenu. M\u00f4\u017eete si ho u n\u00e1s jednoducho zak\u00fapi\u0165 a my v\u00e1m ho doru\u010d\u00edme v stanovenom \u010dasovom r\u00e1mci.<\/p>\n<p>Ak\u00e1 je \u00faloha aprobarbit\u00f3nu pre va\u0161e zdravie?<\/p>\n<p>Aprobarbiton v\u00e1m m\u00f4\u017ee pom\u00f4c\u0165 pri dobrom sp\u00e1nku . V skratke je to ide\u00e1lny liek pre nespavcov. Je zn\u00e1my svojimi mimoriadnymi sedat\u00edvami, hypnotick\u00fdmi a antikonvulz\u00edvnymi vlastnos\u0165ami.<\/p>\n<p>Pre\u010do by ste si mali k\u00fapi\u0165 Aprobarbitone online od n\u00e1s?<\/p>\n<p>Sme vysoko \u0161pecializovan\u00e1 skupina jednotlivcov s rozsiahlymi sk\u00fasenos\u0165ami v oblasti liekov a drog. Okrem toho roz\u0161irujeme pr\u00edstup k Aprobarbitone a in\u00fdm liekom na celom svete. Aprobarbitone teraz m\u00f4\u017eete z\u00edska\u0165 online za najlacnej\u0161iu cenu z pohodlia v\u00e1\u0161ho domova. Sme od seba vzdialen\u00ed iba kliknut\u00edm my\u0161i. Odo\u0161lite svoju objedn\u00e1vku na n\u00e1kup Aprobarbitone online e\u0161te dnes a \u010doskoro v\u00e1m bude doru\u010den\u00e1 na va\u0161u zadan\u00fa adresu.<\/p>\n","protected":false},"excerpt":{"rendered":"<p>Ako k\u00fapi\u0165 aprobarbiton online v lek\u00e1rni Nembutal?<\/p>\n<p>Online lek\u00e1re\u0148 Nembutal je ide\u00e1lnym miestom na splnenie v\u0161etk\u00fdch va\u0161ich potrieb a po\u017eiadaviek t\u00fdkaj\u00facich sa aprobarbitonu. Jednoducho vlo\u017ete svoje lieky do ko\u0161\u00edka, pokra\u010dujte platobn\u00fdm procesom a zadajte objedn\u00e1vku na na\u0161ej webovej str\u00e1nke. Teraz je \u010das kontaktova\u0165 na\u0161u lek\u00e1re\u0148 a z\u00edska\u0165 t\u00fa najlep\u0161iu mo\u017en\u00fa starostlivos\u0165 o va\u0161e zdravie. K\u00fapte si Aprobarbital teraz!<\/p>\n","protected":false},"featured_media":5856,"comment_status":"open","ping_status":"closed","template":"","meta":[],"product_brand":[],"product_cat":[3818],"product_tag":[],"class_list":{"0":"post-5846","1":"product","2":"type-product","3":"status-publish","4":"has-post-thumbnail","6":"product_cat-pentobarbital-na-predaj","8":"first","9":"instock","10":"featured","11":"shipping-taxable","12":"purchasable","13":"product-type-variable"},"yoast_head":"<!-- This site is optimized with the Yoast SEO plugin v27.2 - https:\/\/yoast.com\/product\/yoast-seo-wordpress\/ -->\n<title>K\u00fapi\u0165 Aprobarbitone - najlep\u0161ie najlep\u0161ie glob\u00e1lne lieky<\/title>\n<meta name=\"robots\" content=\"index, follow, max-snippet:-1, max-image-preview:large, max-video-preview:-1\" \/>\n<link rel=\"canonical\" href=\"https:\/\/medicinasinc.com\/sk\/product\/schvalovat-biton\/\" \/>\n<meta property=\"og:locale\" content=\"en_US\" \/>\n<meta property=\"og:type\" content=\"article\" \/>\n<meta property=\"og:title\" content=\"K\u00fapi\u0165 Aprobarbitone - najlep\u0161ie najlep\u0161ie glob\u00e1lne lieky\" \/>\n<meta property=\"og:description\" content=\"Ako k\u00fapi\u0165 aprobarbiton online v lek\u00e1rni Nembutal? Online lek\u00e1re\u0148 Nembutal je ide\u00e1lnym miestom na splnenie v\u0161etk\u00fdch va\u0161ich potrieb a po\u017eiadaviek t\u00fdkaj\u00facich sa aprobarbitonu. Jednoducho vlo\u017ete svoje lieky do ko\u0161\u00edka, pokra\u010dujte platobn\u00fdm procesom a zadajte objedn\u00e1vku na na\u0161ej webovej str\u00e1nke. Teraz je \u010das kontaktova\u0165 na\u0161u lek\u00e1re\u0148 a z\u00edska\u0165 t\u00fa najlep\u0161iu mo\u017en\u00fa starostlivos\u0165 o va\u0161e zdravie. K\u00fapte si Aprobarbital teraz!\" \/>\n<meta property=\"og:url\" content=\"https:\/\/medicinasinc.com\/sk\/product\/schvalovat-biton\/\" \/>\n<meta property=\"og:site_name\" content=\"Medicinas Inc\" \/>\n<meta property=\"article:modified_time\" content=\"2022-03-22T00:48:15+00:00\" \/>\n<meta property=\"og:image\" content=\"https:\/\/medicinasinc.com\/sk\/wp-content\/uploads\/sites\/10\/2022\/02\/Aprobarbitone.jpg\" \/>\n\t<meta property=\"og:image:width\" content=\"600\" \/>\n\t<meta property=\"og:image:height\" content=\"600\" \/>\n\t<meta property=\"og:image:type\" content=\"image\/jpeg\" \/>\n<meta name=\"twitter:card\" content=\"summary_large_image\" \/>\n<meta name=\"twitter:label1\" content=\"Est. reading time\" \/>\n\t<meta name=\"twitter:data1\" content=\"1 minute\" \/>\n<script type=\"application\/ld+json\" class=\"yoast-schema-graph\">{\"@context\":\"https:\/\/schema.org\",\"@graph\":[{\"@type\":\"WebPage\",\"@id\":\"https:\/\/medicinasinc.com\/sk\/product\/schvalovat-biton\/\",\"url\":\"https:\/\/medicinasinc.com\/sk\/product\/schvalovat-biton\/\",\"name\":\"K\u00fapi\u0165 Aprobarbitone - najlep\u0161ie najlep\u0161ie glob\u00e1lne lieky\",\"isPartOf\":{\"@id\":\"https:\/\/medicinasinc.com\/sk\/#website\"},\"primaryImageOfPage\":{\"@id\":\"https:\/\/medicinasinc.com\/sk\/product\/schvalovat-biton\/#primaryimage\"},\"image\":{\"@id\":\"https:\/\/medicinasinc.com\/sk\/product\/schvalovat-biton\/#primaryimage\"},\"thumbnailUrl\":\"https:\/\/medicinasinc.com\/sk\/wp-content\/uploads\/sites\/10\/2022\/02\/Aprobarbitone.jpg\",\"datePublished\":\"2022-02-22T07:19:31+00:00\",\"dateModified\":\"2022-03-22T00:48:15+00:00\",\"breadcrumb\":{\"@id\":\"https:\/\/medicinasinc.com\/sk\/product\/schvalovat-biton\/#breadcrumb\"},\"inLanguage\":\"en-US\",\"potentialAction\":[{\"@type\":\"ReadAction\",\"target\":[\"https:\/\/medicinasinc.com\/sk\/product\/schvalovat-biton\/\"]}]},{\"@type\":\"ImageObject\",\"inLanguage\":\"en-US\",\"@id\":\"https:\/\/medicinasinc.com\/sk\/product\/schvalovat-biton\/#primaryimage\",\"url\":\"https:\/\/medicinasinc.com\/sk\/wp-content\/uploads\/sites\/10\/2022\/02\/Aprobarbitone.jpg\",\"contentUrl\":\"https:\/\/medicinasinc.com\/sk\/wp-content\/uploads\/sites\/10\/2022\/02\/Aprobarbitone.jpg\",\"width\":600,\"height\":600},{\"@type\":\"BreadcrumbList\",\"@id\":\"https:\/\/medicinasinc.com\/sk\/product\/schvalovat-biton\/#breadcrumb\",\"itemListElement\":[{\"@type\":\"ListItem\",\"position\":1,\"name\":\"Obchod\",\"item\":\"https:\/\/medicinasinc.com\/sk\/obchod\/\"},{\"@type\":\"ListItem\",\"position\":2,\"name\":\"schv\u00e1li\u0165 barbit\u00f3n\"}]},{\"@type\":\"WebSite\",\"@id\":\"https:\/\/medicinasinc.com\/sk\/#website\",\"url\":\"https:\/\/medicinasinc.com\/sk\/\",\"name\":\"Medicinas Inc\",\"description\":\"Health Medical Clinic\",\"potentialAction\":[{\"@type\":\"SearchAction\",\"target\":{\"@type\":\"EntryPoint\",\"urlTemplate\":\"https:\/\/medicinasinc.com\/sk\/?s={search_term_string}\"},\"query-input\":{\"@type\":\"PropertyValueSpecification\",\"valueRequired\":true,\"valueName\":\"search_term_string\"}}],\"inLanguage\":\"en-US\"}]}<\/script>\n<!-- \/ Yoast SEO plugin. -->","yoast_head_json":{"title":"K\u00fapi\u0165 Aprobarbitone - najlep\u0161ie najlep\u0161ie glob\u00e1lne lieky","robots":{"index":"index","follow":"follow","max-snippet":"max-snippet:-1","max-image-preview":"max-image-preview:large","max-video-preview":"max-video-preview:-1"},"canonical":"https:\/\/medicinasinc.com\/sk\/product\/schvalovat-biton\/","og_locale":"en_US","og_type":"article","og_title":"K\u00fapi\u0165 Aprobarbitone - najlep\u0161ie najlep\u0161ie glob\u00e1lne lieky","og_description":"Ako k\u00fapi\u0165 aprobarbiton online v lek\u00e1rni Nembutal? Online lek\u00e1re\u0148 Nembutal je ide\u00e1lnym miestom na splnenie v\u0161etk\u00fdch va\u0161ich potrieb a po\u017eiadaviek t\u00fdkaj\u00facich sa aprobarbitonu. Jednoducho vlo\u017ete svoje lieky do ko\u0161\u00edka, pokra\u010dujte platobn\u00fdm procesom a zadajte objedn\u00e1vku na na\u0161ej webovej str\u00e1nke. Teraz je \u010das kontaktova\u0165 na\u0161u lek\u00e1re\u0148 a z\u00edska\u0165 t\u00fa najlep\u0161iu mo\u017en\u00fa starostlivos\u0165 o va\u0161e zdravie. K\u00fapte si Aprobarbital teraz!","og_url":"https:\/\/medicinasinc.com\/sk\/product\/schvalovat-biton\/","og_site_name":"Medicinas Inc","article_modified_time":"2022-03-22T00:48:15+00:00","og_image":[{"width":600,"height":600,"url":"https:\/\/medicinasinc.com\/sk\/wp-content\/uploads\/sites\/10\/2022\/02\/Aprobarbitone.jpg","type":"image\/jpeg"}],"twitter_card":"summary_large_image","twitter_misc":{"Est. reading time":"1 minute"},"schema":{"@context":"https:\/\/schema.org","@graph":[{"@type":"WebPage","@id":"https:\/\/medicinasinc.com\/sk\/product\/schvalovat-biton\/","url":"https:\/\/medicinasinc.com\/sk\/product\/schvalovat-biton\/","name":"K\u00fapi\u0165 Aprobarbitone - najlep\u0161ie najlep\u0161ie glob\u00e1lne lieky","isPartOf":{"@id":"https:\/\/medicinasinc.com\/sk\/#website"},"primaryImageOfPage":{"@id":"https:\/\/medicinasinc.com\/sk\/product\/schvalovat-biton\/#primaryimage"},"image":{"@id":"https:\/\/medicinasinc.com\/sk\/product\/schvalovat-biton\/#primaryimage"},"thumbnailUrl":"https:\/\/medicinasinc.com\/sk\/wp-content\/uploads\/sites\/10\/2022\/02\/Aprobarbitone.jpg","datePublished":"2022-02-22T07:19:31+00:00","dateModified":"2022-03-22T00:48:15+00:00","breadcrumb":{"@id":"https:\/\/medicinasinc.com\/sk\/product\/schvalovat-biton\/#breadcrumb"},"inLanguage":"en-US","potentialAction":[{"@type":"ReadAction","target":["https:\/\/medicinasinc.com\/sk\/product\/schvalovat-biton\/"]}]},{"@type":"ImageObject","inLanguage":"en-US","@id":"https:\/\/medicinasinc.com\/sk\/product\/schvalovat-biton\/#primaryimage","url":"https:\/\/medicinasinc.com\/sk\/wp-content\/uploads\/sites\/10\/2022\/02\/Aprobarbitone.jpg","contentUrl":"https:\/\/medicinasinc.com\/sk\/wp-content\/uploads\/sites\/10\/2022\/02\/Aprobarbitone.jpg","width":600,"height":600},{"@type":"BreadcrumbList","@id":"https:\/\/medicinasinc.com\/sk\/product\/schvalovat-biton\/#breadcrumb","itemListElement":[{"@type":"ListItem","position":1,"name":"Obchod","item":"https:\/\/medicinasinc.com\/sk\/obchod\/"},{"@type":"ListItem","position":2,"name":"schv\u00e1li\u0165 barbit\u00f3n"}]},{"@type":"WebSite","@id":"https:\/\/medicinasinc.com\/sk\/#website","url":"https:\/\/medicinasinc.com\/sk\/","name":"Medicinas Inc","description":"Health Medical Clinic","potentialAction":[{"@type":"SearchAction","target":{"@type":"EntryPoint","urlTemplate":"https:\/\/medicinasinc.com\/sk\/?s={search_term_string}"},"query-input":{"@type":"PropertyValueSpecification","valueRequired":true,"valueName":"search_term_string"}}],"inLanguage":"en-US"}]}},"_links":{"self":[{"href":"https:\/\/medicinasinc.com\/sk\/wp-json\/wp\/v2\/product\/5846","targetHints":{"allow":["GET"]}}],"collection":[{"href":"https:\/\/medicinasinc.com\/sk\/wp-json\/wp\/v2\/product"}],"about":[{"href":"https:\/\/medicinasinc.com\/sk\/wp-json\/wp\/v2\/types\/product"}],"replies":[{"embeddable":true,"href":"https:\/\/medicinasinc.com\/sk\/wp-json\/wp\/v2\/comments?post=5846"}],"wp:featuredmedia":[{"embeddable":true,"href":"https:\/\/medicinasinc.com\/sk\/wp-json\/wp\/v2\/media\/5856"}],"wp:attachment":[{"href":"https:\/\/medicinasinc.com\/sk\/wp-json\/wp\/v2\/media?parent=5846"}],"wp:term":[{"taxonomy":"product_brand","embeddable":true,"href":"https:\/\/medicinasinc.com\/sk\/wp-json\/wp\/v2\/product_brand?post=5846"},{"taxonomy":"product_cat","embeddable":true,"href":"https:\/\/medicinasinc.com\/sk\/wp-json\/wp\/v2\/product_cat?post=5846"},{"taxonomy":"product_tag","embeddable":true,"href":"https:\/\/medicinasinc.com\/sk\/wp-json\/wp\/v2\/product_tag?post=5846"}],"curies":[{"name":"wp","href":"https:\/\/api.w.org\/{rel}","templated":true}]}}