{"id":5840,"date":"2022-02-22T07:12:38","date_gmt":"2022-02-22T07:12:38","guid":{"rendered":"https:\/\/medicinasinc.com\/sk\/?post_type=product&#038;p=5840"},"modified":"2022-03-22T00:48:24","modified_gmt":"2022-03-22T00:48:24","slug":"brallobarbital-vesparax","status":"publish","type":"product","link":"https:\/\/medicinasinc.com\/sk\/product\/brallobarbital-vesparax\/","title":{"rendered":"Bralobarbital (Vesparax)"},"content":{"rendered":"<p>Brallobarbital (Vesparax) nakupujte online od renomovanej lek\u00e1rne<\/p>\n<p>Internetov\u00e1 lek\u00e1re\u0148 Nembutal sa zaober\u00e1 brallobarbitalom (Vesparax) na online platforme a dod\u00e1va ho spotrebite\u013eom, ktor\u00ed si ho objednali v ur\u010denom \u010dasovom r\u00e1mci. Sme renomovan\u00e1 online lek\u00e1re\u0148, kde m\u00f4\u017eete z\u00edska\u0165 Vesparax za najni\u017e\u0161iu mo\u017en\u00fa cenu. Na\u0161e ceny s\u00fa bezkonkuren\u010dn\u00e9 a dostupn\u00e9 pre ka\u017ed\u00e9ho. Okrem toho m\u00e1me t\u00edm, ktor\u00fd v\u010das spln\u00ed va\u0161e po\u017eiadavky a \u0161pecifik\u00e1cie pre Nembutal Brallobarbital. Nembutal Brallobarbital si teraz m\u00f4\u017eete jednoducho objedna\u0165 v na\u0161ej lek\u00e1rni a necha\u0165 v\u00e1m ho doru\u010di\u0165 domov v priebehu nieko\u013ek\u00fdch dn\u00ed.<\/p>\n<p>Ako sa Brallobarbital (Vesparax) u\u017e\u00edva?<\/p>\n<p>Vesparax sa \u010dasto ozna\u010duje ako atypick\u00e9 antipsychotikum. Funguje tak, \u017ee upravuje aktivitu mozgov\u00fdch neurotransmiterov. Zistilo sa, \u017ee tento liek je vhodn\u00fd len na pou\u017eitie dospel\u00fdmi osobami a nemal by sa pod\u00e1va\u0165 osob\u00e1m mlad\u0161\u00edm ako 18 rokov.<\/p>\n<p>Vesparax m\u00e1 r\u00f4zne aplik\u00e1cie vr\u00e1tane nasleduj\u00facich:<\/p>\n<p>Prispieva k lie\u010dbe dospel\u00fdch a det\u00ed so schizofr\u00e9niou<br \/> Indikovan\u00e9 na lie\u010dbu bipol\u00e1rnej poruchy u dospel\u00fdch a det\u00ed, ako aj na lie\u010dbu ve\u013ekej depres\u00edvnej poruchy u dospel\u00fdch v kombin\u00e1cii s antidepres\u00edvami.<\/p>\n","protected":false},"excerpt":{"rendered":"<p>Kontaktujte online lek\u00e1re\u0148 Nembutal<\/p>\n<p>Online lek\u00e1re\u0148 Nembutal je teraz k dispoz\u00edcii len nieko\u013ek\u00fdmi kliknutiami! M\u00f4\u017eete n\u00e1s kontaktova\u0165 prostredn\u00edctvom telef\u00f3nu, SMS alebo e-mailu, aby sme v\u00e1m odpovedali na va\u0161e ot\u00e1zky. Garantujeme, \u017ee va\u0161u po\u017eiadavku zrealizujeme v stanovenom \u010dasovom r\u00e1mci. Objednajte si Vesparax online pr\u00e1ve teraz!<\/p>\n","protected":false},"featured_media":5850,"comment_status":"open","ping_status":"closed","template":"","meta":[],"product_brand":[],"product_cat":[3818],"product_tag":[],"class_list":{"0":"post-5840","1":"product","2":"type-product","3":"status-publish","4":"has-post-thumbnail","6":"product_cat-pentobarbital-na-predaj","8":"first","9":"instock","10":"shipping-taxable","11":"purchasable","12":"product-type-variable"},"yoast_head":"<!-- This site is optimized with the Yoast SEO plugin v27.3 - https:\/\/yoast.com\/product\/yoast-seo-wordpress\/ -->\n<title>Brallobarbital (Vesparax) - Najlep\u0161ie glob\u00e1lne lieky<\/title>\n<meta name=\"robots\" content=\"index, follow, max-snippet:-1, max-image-preview:large, max-video-preview:-1\" \/>\n<link rel=\"canonical\" href=\"https:\/\/medicinasinc.com\/sk\/product\/brallobarbital-vesparax\/\" \/>\n<meta property=\"og:locale\" content=\"en_US\" \/>\n<meta property=\"og:type\" content=\"article\" \/>\n<meta property=\"og:title\" content=\"Brallobarbital (Vesparax) - Najlep\u0161ie glob\u00e1lne lieky\" \/>\n<meta property=\"og:description\" content=\"Kontaktujte online lek\u00e1re\u0148 Nembutal Online lek\u00e1re\u0148 Nembutal je teraz k dispoz\u00edcii len nieko\u013ek\u00fdmi kliknutiami! M\u00f4\u017eete n\u00e1s kontaktova\u0165 prostredn\u00edctvom telef\u00f3nu, SMS alebo e-mailu, aby sme v\u00e1m odpovedali na va\u0161e ot\u00e1zky. Garantujeme, \u017ee va\u0161u po\u017eiadavku zrealizujeme v stanovenom \u010dasovom r\u00e1mci. Objednajte si Vesparax online pr\u00e1ve teraz!\" \/>\n<meta property=\"og:url\" content=\"https:\/\/medicinasinc.com\/sk\/product\/brallobarbital-vesparax\/\" \/>\n<meta property=\"og:site_name\" content=\"Medicinas Inc\" \/>\n<meta property=\"article:modified_time\" content=\"2022-03-22T00:48:24+00:00\" \/>\n<meta property=\"og:image\" content=\"https:\/\/medicinasinc.com\/sk\/wp-content\/uploads\/sites\/10\/2022\/02\/Brallobarbital-Vesparax.jpg\" \/>\n\t<meta property=\"og:image:width\" content=\"600\" \/>\n\t<meta property=\"og:image:height\" content=\"600\" \/>\n\t<meta property=\"og:image:type\" content=\"image\/jpeg\" \/>\n<meta name=\"twitter:card\" content=\"summary_large_image\" \/>\n<meta name=\"twitter:label1\" content=\"Est. reading time\" \/>\n\t<meta name=\"twitter:data1\" content=\"1 minute\" \/>\n<script type=\"application\/ld+json\" class=\"yoast-schema-graph\">{\"@context\":\"https:\\\/\\\/schema.org\",\"@graph\":[{\"@type\":\"WebPage\",\"@id\":\"https:\\\/\\\/medicinasinc.com\\\/sk\\\/product\\\/brallobarbital-vesparax\\\/\",\"url\":\"https:\\\/\\\/medicinasinc.com\\\/sk\\\/product\\\/brallobarbital-vesparax\\\/\",\"name\":\"Brallobarbital (Vesparax) - Najlep\u0161ie glob\u00e1lne lieky\",\"isPartOf\":{\"@id\":\"https:\\\/\\\/medicinasinc.com\\\/sk\\\/#website\"},\"primaryImageOfPage\":{\"@id\":\"https:\\\/\\\/medicinasinc.com\\\/sk\\\/product\\\/brallobarbital-vesparax\\\/#primaryimage\"},\"image\":{\"@id\":\"https:\\\/\\\/medicinasinc.com\\\/sk\\\/product\\\/brallobarbital-vesparax\\\/#primaryimage\"},\"thumbnailUrl\":\"https:\\\/\\\/medicinasinc.com\\\/sk\\\/wp-content\\\/uploads\\\/sites\\\/10\\\/2022\\\/02\\\/Brallobarbital-Vesparax.jpg\",\"datePublished\":\"2022-02-22T07:12:38+00:00\",\"dateModified\":\"2022-03-22T00:48:24+00:00\",\"breadcrumb\":{\"@id\":\"https:\\\/\\\/medicinasinc.com\\\/sk\\\/product\\\/brallobarbital-vesparax\\\/#breadcrumb\"},\"inLanguage\":\"en-US\",\"potentialAction\":[{\"@type\":\"ReadAction\",\"target\":[\"https:\\\/\\\/medicinasinc.com\\\/sk\\\/product\\\/brallobarbital-vesparax\\\/\"]}]},{\"@type\":\"ImageObject\",\"inLanguage\":\"en-US\",\"@id\":\"https:\\\/\\\/medicinasinc.com\\\/sk\\\/product\\\/brallobarbital-vesparax\\\/#primaryimage\",\"url\":\"https:\\\/\\\/medicinasinc.com\\\/sk\\\/wp-content\\\/uploads\\\/sites\\\/10\\\/2022\\\/02\\\/Brallobarbital-Vesparax.jpg\",\"contentUrl\":\"https:\\\/\\\/medicinasinc.com\\\/sk\\\/wp-content\\\/uploads\\\/sites\\\/10\\\/2022\\\/02\\\/Brallobarbital-Vesparax.jpg\",\"width\":600,\"height\":600},{\"@type\":\"BreadcrumbList\",\"@id\":\"https:\\\/\\\/medicinasinc.com\\\/sk\\\/product\\\/brallobarbital-vesparax\\\/#breadcrumb\",\"itemListElement\":[{\"@type\":\"ListItem\",\"position\":1,\"name\":\"Obchod\",\"item\":\"https:\\\/\\\/medicinasinc.com\\\/sk\\\/obchod\\\/\"},{\"@type\":\"ListItem\",\"position\":2,\"name\":\"Bralobarbital (Vesparax)\"}]},{\"@type\":\"WebSite\",\"@id\":\"https:\\\/\\\/medicinasinc.com\\\/sk\\\/#website\",\"url\":\"https:\\\/\\\/medicinasinc.com\\\/sk\\\/\",\"name\":\"Medicinas Inc\",\"description\":\"Health Medical Clinic\",\"potentialAction\":[{\"@type\":\"SearchAction\",\"target\":{\"@type\":\"EntryPoint\",\"urlTemplate\":\"https:\\\/\\\/medicinasinc.com\\\/sk\\\/?s={search_term_string}\"},\"query-input\":{\"@type\":\"PropertyValueSpecification\",\"valueRequired\":true,\"valueName\":\"search_term_string\"}}],\"inLanguage\":\"en-US\"}]}<\/script>\n<!-- \/ Yoast SEO plugin. -->","yoast_head_json":{"title":"Brallobarbital (Vesparax) - Najlep\u0161ie glob\u00e1lne lieky","robots":{"index":"index","follow":"follow","max-snippet":"max-snippet:-1","max-image-preview":"max-image-preview:large","max-video-preview":"max-video-preview:-1"},"canonical":"https:\/\/medicinasinc.com\/sk\/product\/brallobarbital-vesparax\/","og_locale":"en_US","og_type":"article","og_title":"Brallobarbital (Vesparax) - Najlep\u0161ie glob\u00e1lne lieky","og_description":"Kontaktujte online lek\u00e1re\u0148 Nembutal Online lek\u00e1re\u0148 Nembutal je teraz k dispoz\u00edcii len nieko\u013ek\u00fdmi kliknutiami! M\u00f4\u017eete n\u00e1s kontaktova\u0165 prostredn\u00edctvom telef\u00f3nu, SMS alebo e-mailu, aby sme v\u00e1m odpovedali na va\u0161e ot\u00e1zky. Garantujeme, \u017ee va\u0161u po\u017eiadavku zrealizujeme v stanovenom \u010dasovom r\u00e1mci. Objednajte si Vesparax online pr\u00e1ve teraz!","og_url":"https:\/\/medicinasinc.com\/sk\/product\/brallobarbital-vesparax\/","og_site_name":"Medicinas Inc","article_modified_time":"2022-03-22T00:48:24+00:00","og_image":[{"width":600,"height":600,"url":"https:\/\/medicinasinc.com\/sk\/wp-content\/uploads\/sites\/10\/2022\/02\/Brallobarbital-Vesparax.jpg","type":"image\/jpeg"}],"twitter_card":"summary_large_image","twitter_misc":{"Est. reading time":"1 minute"},"schema":{"@context":"https:\/\/schema.org","@graph":[{"@type":"WebPage","@id":"https:\/\/medicinasinc.com\/sk\/product\/brallobarbital-vesparax\/","url":"https:\/\/medicinasinc.com\/sk\/product\/brallobarbital-vesparax\/","name":"Brallobarbital (Vesparax) - Najlep\u0161ie glob\u00e1lne lieky","isPartOf":{"@id":"https:\/\/medicinasinc.com\/sk\/#website"},"primaryImageOfPage":{"@id":"https:\/\/medicinasinc.com\/sk\/product\/brallobarbital-vesparax\/#primaryimage"},"image":{"@id":"https:\/\/medicinasinc.com\/sk\/product\/brallobarbital-vesparax\/#primaryimage"},"thumbnailUrl":"https:\/\/medicinasinc.com\/sk\/wp-content\/uploads\/sites\/10\/2022\/02\/Brallobarbital-Vesparax.jpg","datePublished":"2022-02-22T07:12:38+00:00","dateModified":"2022-03-22T00:48:24+00:00","breadcrumb":{"@id":"https:\/\/medicinasinc.com\/sk\/product\/brallobarbital-vesparax\/#breadcrumb"},"inLanguage":"en-US","potentialAction":[{"@type":"ReadAction","target":["https:\/\/medicinasinc.com\/sk\/product\/brallobarbital-vesparax\/"]}]},{"@type":"ImageObject","inLanguage":"en-US","@id":"https:\/\/medicinasinc.com\/sk\/product\/brallobarbital-vesparax\/#primaryimage","url":"https:\/\/medicinasinc.com\/sk\/wp-content\/uploads\/sites\/10\/2022\/02\/Brallobarbital-Vesparax.jpg","contentUrl":"https:\/\/medicinasinc.com\/sk\/wp-content\/uploads\/sites\/10\/2022\/02\/Brallobarbital-Vesparax.jpg","width":600,"height":600},{"@type":"BreadcrumbList","@id":"https:\/\/medicinasinc.com\/sk\/product\/brallobarbital-vesparax\/#breadcrumb","itemListElement":[{"@type":"ListItem","position":1,"name":"Obchod","item":"https:\/\/medicinasinc.com\/sk\/obchod\/"},{"@type":"ListItem","position":2,"name":"Bralobarbital (Vesparax)"}]},{"@type":"WebSite","@id":"https:\/\/medicinasinc.com\/sk\/#website","url":"https:\/\/medicinasinc.com\/sk\/","name":"Medicinas Inc","description":"Health Medical Clinic","potentialAction":[{"@type":"SearchAction","target":{"@type":"EntryPoint","urlTemplate":"https:\/\/medicinasinc.com\/sk\/?s={search_term_string}"},"query-input":{"@type":"PropertyValueSpecification","valueRequired":true,"valueName":"search_term_string"}}],"inLanguage":"en-US"}]}},"_links":{"self":[{"href":"https:\/\/medicinasinc.com\/sk\/wp-json\/wp\/v2\/product\/5840","targetHints":{"allow":["GET"]}}],"collection":[{"href":"https:\/\/medicinasinc.com\/sk\/wp-json\/wp\/v2\/product"}],"about":[{"href":"https:\/\/medicinasinc.com\/sk\/wp-json\/wp\/v2\/types\/product"}],"replies":[{"embeddable":true,"href":"https:\/\/medicinasinc.com\/sk\/wp-json\/wp\/v2\/comments?post=5840"}],"wp:featuredmedia":[{"embeddable":true,"href":"https:\/\/medicinasinc.com\/sk\/wp-json\/wp\/v2\/media\/5850"}],"wp:attachment":[{"href":"https:\/\/medicinasinc.com\/sk\/wp-json\/wp\/v2\/media?parent=5840"}],"wp:term":[{"taxonomy":"product_brand","embeddable":true,"href":"https:\/\/medicinasinc.com\/sk\/wp-json\/wp\/v2\/product_brand?post=5840"},{"taxonomy":"product_cat","embeddable":true,"href":"https:\/\/medicinasinc.com\/sk\/wp-json\/wp\/v2\/product_cat?post=5840"},{"taxonomy":"product_tag","embeddable":true,"href":"https:\/\/medicinasinc.com\/sk\/wp-json\/wp\/v2\/product_tag?post=5840"}],"curies":[{"name":"wp","href":"https:\/\/api.w.org\/{rel}","templated":true}]}}