{"id":5834,"date":"2022-02-22T07:05:31","date_gmt":"2022-02-22T07:05:31","guid":{"rendered":"https:\/\/medicinasinc.com\/sk\/?post_type=product&#038;p=5834"},"modified":"2022-03-22T00:48:34","modified_gmt":"2022-03-22T00:48:34","slug":"kupit-butabarbital-online","status":"publish","type":"product","link":"https:\/\/medicinasinc.com\/sk\/product\/kupit-butabarbital-online\/","title":{"rendered":"K\u00fapte si butabarbital online"},"content":{"rendered":"<p>K\u00fapte si tablety sodnej soli butabarbitalu 50 mg od najlep\u0161ej online lek\u00e1rne.<\/p>\n<p>Online lek\u00e1re\u0148 Nembutal je najlep\u0161\u00edm miestom na n\u00e1kup tabliet sodnej soli butabarbitalu 50 mg za najni\u017e\u0161ie ceny. Vo farmaceutickom priemysle sa pohybujeme u\u017e dlh\u00fa dobu. M\u00f4\u017eete sa spo\u013eahn\u00fa\u0165, \u017ee v\u00e1m poskytneme najlep\u0161iu mo\u017en\u00fa starostlivos\u0165 o va\u0161e zdravie. Na\u0161i sk\u00fasen\u00ed \u010dlenovia t\u00edmu urobia v\u0161etko pre to, aby prekonali va\u0161e o\u010dak\u00e1vania. Okam\u017eite nakupujte!<\/p>\n<p>Ako by ste mali pou\u017e\u00edva\u0165 sodn\u00fa so\u013e butabarbitalu po zak\u00fapen\u00ed od n\u00e1s?<\/p>\n<p>Sodn\u00e1 so\u013e butabarbitalu je vynikaj\u00facim liekom na lie\u010dbu nespavosti u \u013eud\u00ed. Spravidla ide o kr\u00e1tkodob\u00fd liek. T\u00fato l\u00e1tku mo\u017eno pou\u017ei\u0165 v lek\u00e1rskom priemysle ako sedat\u00edvum pred ak\u00fdmko\u013evek chirurgick\u00fdm z\u00e1krokom.<\/p>\n<p>Na zabezpe\u010denie spr\u00e1vneho pod\u00e1vania sodnej soli butabarbitalu poskytujeme na\u0161im z\u00e1kazn\u00edkom manu\u00e1l. T\u00e1to pr\u00edru\u010dka obsahuje v\u0161etky pokyny k lieku. M\u00f4\u017eete si ich jednoducho pre\u010d\u00edta\u0165 jeden po druhom a pou\u017ei\u0165 ich na d\u00f4vody, pre ktor\u00e9 boli ur\u010den\u00e9. V na\u0161ej renomovanej online lek\u00e1rni m\u00f4\u017eete ma\u0165 \u00fapln\u00fa d\u00f4veru. D\u00f4sledne zoh\u013ead\u0148ujeme najlep\u0161ie z\u00e1ujmy na\u0161ich v\u00e1\u017een\u00fdch spotrebite\u013eov. Neust\u00e1le sa star\u00e1me o zdravie na\u0161ich z\u00e1kazn\u00edkov a pred dodan\u00edm kontrolujeme v\u0161etky produkty.<\/p>\n<p>M\u00f4\u017eete n\u00e1s kontaktova\u0165, aby ste z\u00edskali najlep\u0161iu cenu sodnej soli butabarbitalu. Na\u0161i odborn\u00edci prelo\u017eia va\u0161u objedn\u00e1vku a zabezpe\u010dia jej okam\u017eit\u00e9 doru\u010denie. Va\u0161e lieky v\u00e1m bud\u00fa zaslan\u00e9 v \u010dasovom r\u00e1mci ur\u010denom na\u0161ou online lek\u00e1r\u0148ou. Nembutal je pr\u00e1ve teraz dostupn\u00fd za z\u013eavnen\u00fa cenu!<\/p>\n","protected":false},"excerpt":{"rendered":"<p>Ako m\u00f4\u017eem z\u00edska\u0165 sodn\u00fa so\u013e butabarbitalu z online lek\u00e1rne Nembutal?<\/p>\n<p>Online lek\u00e1re\u0148 Nembutal je teraz k dispoz\u00edcii. Odo\u0161lite podrobnosti o svojej objedn\u00e1vke a platbe za tablety sodnej soli butabarbitalu 50 mg na na\u0161ej ofici\u00e1lnej webovej str\u00e1nke. Po zadan\u00ed objedn\u00e1vky bude spracovan\u00e1 v stanovenom \u010dasovom r\u00e1mci. Objednajte e\u0161te dnes!<\/p>\n","protected":false},"featured_media":5844,"comment_status":"open","ping_status":"closed","template":"","meta":[],"product_brand":[],"product_cat":[3818],"product_tag":[],"class_list":{"0":"post-5834","1":"product","2":"type-product","3":"status-publish","4":"has-post-thumbnail","6":"product_cat-pentobarbital-na-predaj","8":"first","9":"instock","10":"shipping-taxable","11":"purchasable","12":"product-type-variable"},"yoast_head":"<!-- This site is optimized with the Yoast SEO plugin v27.3 - https:\/\/yoast.com\/product\/yoast-seo-wordpress\/ -->\n<title>K\u00fapte si butabarbital online - najlep\u0161ie najlep\u0161ie glob\u00e1lne lieky<\/title>\n<meta name=\"robots\" content=\"index, follow, max-snippet:-1, max-image-preview:large, max-video-preview:-1\" \/>\n<link rel=\"canonical\" href=\"https:\/\/medicinasinc.com\/sk\/product\/kupit-butabarbital-online\/\" \/>\n<meta property=\"og:locale\" content=\"en_US\" \/>\n<meta property=\"og:type\" content=\"article\" \/>\n<meta property=\"og:title\" content=\"K\u00fapte si butabarbital online - najlep\u0161ie najlep\u0161ie glob\u00e1lne lieky\" \/>\n<meta property=\"og:description\" content=\"Ako m\u00f4\u017eem z\u00edska\u0165 sodn\u00fa so\u013e butabarbitalu z online lek\u00e1rne Nembutal? Online lek\u00e1re\u0148 Nembutal je teraz k dispoz\u00edcii. Odo\u0161lite podrobnosti o svojej objedn\u00e1vke a platbe za tablety sodnej soli butabarbitalu 50 mg na na\u0161ej ofici\u00e1lnej webovej str\u00e1nke. Po zadan\u00ed objedn\u00e1vky bude spracovan\u00e1 v stanovenom \u010dasovom r\u00e1mci. Objednajte e\u0161te dnes!\" \/>\n<meta property=\"og:url\" content=\"https:\/\/medicinasinc.com\/sk\/product\/kupit-butabarbital-online\/\" \/>\n<meta property=\"og:site_name\" content=\"Medicinas Inc\" \/>\n<meta property=\"article:modified_time\" content=\"2022-03-22T00:48:34+00:00\" \/>\n<meta property=\"og:image\" content=\"https:\/\/medicinasinc.com\/sk\/wp-content\/uploads\/sites\/10\/2022\/02\/Buy-Butabarbital.jpg\" \/>\n\t<meta property=\"og:image:width\" content=\"600\" \/>\n\t<meta property=\"og:image:height\" content=\"600\" \/>\n\t<meta property=\"og:image:type\" content=\"image\/jpeg\" \/>\n<meta name=\"twitter:card\" content=\"summary_large_image\" \/>\n<meta name=\"twitter:label1\" content=\"Est. reading time\" \/>\n\t<meta name=\"twitter:data1\" content=\"2 minutes\" \/>\n<script type=\"application\/ld+json\" class=\"yoast-schema-graph\">{\"@context\":\"https:\\\/\\\/schema.org\",\"@graph\":[{\"@type\":\"WebPage\",\"@id\":\"https:\\\/\\\/medicinasinc.com\\\/sk\\\/product\\\/kupit-butabarbital-online\\\/\",\"url\":\"https:\\\/\\\/medicinasinc.com\\\/sk\\\/product\\\/kupit-butabarbital-online\\\/\",\"name\":\"K\u00fapte si butabarbital online - najlep\u0161ie najlep\u0161ie glob\u00e1lne lieky\",\"isPartOf\":{\"@id\":\"https:\\\/\\\/medicinasinc.com\\\/sk\\\/#website\"},\"primaryImageOfPage\":{\"@id\":\"https:\\\/\\\/medicinasinc.com\\\/sk\\\/product\\\/kupit-butabarbital-online\\\/#primaryimage\"},\"image\":{\"@id\":\"https:\\\/\\\/medicinasinc.com\\\/sk\\\/product\\\/kupit-butabarbital-online\\\/#primaryimage\"},\"thumbnailUrl\":\"https:\\\/\\\/medicinasinc.com\\\/sk\\\/wp-content\\\/uploads\\\/sites\\\/10\\\/2022\\\/02\\\/Buy-Butabarbital.jpg\",\"datePublished\":\"2022-02-22T07:05:31+00:00\",\"dateModified\":\"2022-03-22T00:48:34+00:00\",\"breadcrumb\":{\"@id\":\"https:\\\/\\\/medicinasinc.com\\\/sk\\\/product\\\/kupit-butabarbital-online\\\/#breadcrumb\"},\"inLanguage\":\"en-US\",\"potentialAction\":[{\"@type\":\"ReadAction\",\"target\":[\"https:\\\/\\\/medicinasinc.com\\\/sk\\\/product\\\/kupit-butabarbital-online\\\/\"]}]},{\"@type\":\"ImageObject\",\"inLanguage\":\"en-US\",\"@id\":\"https:\\\/\\\/medicinasinc.com\\\/sk\\\/product\\\/kupit-butabarbital-online\\\/#primaryimage\",\"url\":\"https:\\\/\\\/medicinasinc.com\\\/sk\\\/wp-content\\\/uploads\\\/sites\\\/10\\\/2022\\\/02\\\/Buy-Butabarbital.jpg\",\"contentUrl\":\"https:\\\/\\\/medicinasinc.com\\\/sk\\\/wp-content\\\/uploads\\\/sites\\\/10\\\/2022\\\/02\\\/Buy-Butabarbital.jpg\",\"width\":600,\"height\":600},{\"@type\":\"BreadcrumbList\",\"@id\":\"https:\\\/\\\/medicinasinc.com\\\/sk\\\/product\\\/kupit-butabarbital-online\\\/#breadcrumb\",\"itemListElement\":[{\"@type\":\"ListItem\",\"position\":1,\"name\":\"Obchod\",\"item\":\"https:\\\/\\\/medicinasinc.com\\\/sk\\\/obchod\\\/\"},{\"@type\":\"ListItem\",\"position\":2,\"name\":\"K\u00fapte si butabarbital online\"}]},{\"@type\":\"WebSite\",\"@id\":\"https:\\\/\\\/medicinasinc.com\\\/sk\\\/#website\",\"url\":\"https:\\\/\\\/medicinasinc.com\\\/sk\\\/\",\"name\":\"Medicinas Inc\",\"description\":\"Health Medical Clinic\",\"potentialAction\":[{\"@type\":\"SearchAction\",\"target\":{\"@type\":\"EntryPoint\",\"urlTemplate\":\"https:\\\/\\\/medicinasinc.com\\\/sk\\\/?s={search_term_string}\"},\"query-input\":{\"@type\":\"PropertyValueSpecification\",\"valueRequired\":true,\"valueName\":\"search_term_string\"}}],\"inLanguage\":\"en-US\"}]}<\/script>\n<!-- \/ Yoast SEO plugin. -->","yoast_head_json":{"title":"K\u00fapte si butabarbital online - najlep\u0161ie najlep\u0161ie glob\u00e1lne lieky","robots":{"index":"index","follow":"follow","max-snippet":"max-snippet:-1","max-image-preview":"max-image-preview:large","max-video-preview":"max-video-preview:-1"},"canonical":"https:\/\/medicinasinc.com\/sk\/product\/kupit-butabarbital-online\/","og_locale":"en_US","og_type":"article","og_title":"K\u00fapte si butabarbital online - najlep\u0161ie najlep\u0161ie glob\u00e1lne lieky","og_description":"Ako m\u00f4\u017eem z\u00edska\u0165 sodn\u00fa so\u013e butabarbitalu z online lek\u00e1rne Nembutal? Online lek\u00e1re\u0148 Nembutal je teraz k dispoz\u00edcii. Odo\u0161lite podrobnosti o svojej objedn\u00e1vke a platbe za tablety sodnej soli butabarbitalu 50 mg na na\u0161ej ofici\u00e1lnej webovej str\u00e1nke. Po zadan\u00ed objedn\u00e1vky bude spracovan\u00e1 v stanovenom \u010dasovom r\u00e1mci. Objednajte e\u0161te dnes!","og_url":"https:\/\/medicinasinc.com\/sk\/product\/kupit-butabarbital-online\/","og_site_name":"Medicinas Inc","article_modified_time":"2022-03-22T00:48:34+00:00","og_image":[{"width":600,"height":600,"url":"https:\/\/medicinasinc.com\/sk\/wp-content\/uploads\/sites\/10\/2022\/02\/Buy-Butabarbital.jpg","type":"image\/jpeg"}],"twitter_card":"summary_large_image","twitter_misc":{"Est. reading time":"2 minutes"},"schema":{"@context":"https:\/\/schema.org","@graph":[{"@type":"WebPage","@id":"https:\/\/medicinasinc.com\/sk\/product\/kupit-butabarbital-online\/","url":"https:\/\/medicinasinc.com\/sk\/product\/kupit-butabarbital-online\/","name":"K\u00fapte si butabarbital online - najlep\u0161ie najlep\u0161ie glob\u00e1lne lieky","isPartOf":{"@id":"https:\/\/medicinasinc.com\/sk\/#website"},"primaryImageOfPage":{"@id":"https:\/\/medicinasinc.com\/sk\/product\/kupit-butabarbital-online\/#primaryimage"},"image":{"@id":"https:\/\/medicinasinc.com\/sk\/product\/kupit-butabarbital-online\/#primaryimage"},"thumbnailUrl":"https:\/\/medicinasinc.com\/sk\/wp-content\/uploads\/sites\/10\/2022\/02\/Buy-Butabarbital.jpg","datePublished":"2022-02-22T07:05:31+00:00","dateModified":"2022-03-22T00:48:34+00:00","breadcrumb":{"@id":"https:\/\/medicinasinc.com\/sk\/product\/kupit-butabarbital-online\/#breadcrumb"},"inLanguage":"en-US","potentialAction":[{"@type":"ReadAction","target":["https:\/\/medicinasinc.com\/sk\/product\/kupit-butabarbital-online\/"]}]},{"@type":"ImageObject","inLanguage":"en-US","@id":"https:\/\/medicinasinc.com\/sk\/product\/kupit-butabarbital-online\/#primaryimage","url":"https:\/\/medicinasinc.com\/sk\/wp-content\/uploads\/sites\/10\/2022\/02\/Buy-Butabarbital.jpg","contentUrl":"https:\/\/medicinasinc.com\/sk\/wp-content\/uploads\/sites\/10\/2022\/02\/Buy-Butabarbital.jpg","width":600,"height":600},{"@type":"BreadcrumbList","@id":"https:\/\/medicinasinc.com\/sk\/product\/kupit-butabarbital-online\/#breadcrumb","itemListElement":[{"@type":"ListItem","position":1,"name":"Obchod","item":"https:\/\/medicinasinc.com\/sk\/obchod\/"},{"@type":"ListItem","position":2,"name":"K\u00fapte si butabarbital online"}]},{"@type":"WebSite","@id":"https:\/\/medicinasinc.com\/sk\/#website","url":"https:\/\/medicinasinc.com\/sk\/","name":"Medicinas Inc","description":"Health Medical Clinic","potentialAction":[{"@type":"SearchAction","target":{"@type":"EntryPoint","urlTemplate":"https:\/\/medicinasinc.com\/sk\/?s={search_term_string}"},"query-input":{"@type":"PropertyValueSpecification","valueRequired":true,"valueName":"search_term_string"}}],"inLanguage":"en-US"}]}},"_links":{"self":[{"href":"https:\/\/medicinasinc.com\/sk\/wp-json\/wp\/v2\/product\/5834","targetHints":{"allow":["GET"]}}],"collection":[{"href":"https:\/\/medicinasinc.com\/sk\/wp-json\/wp\/v2\/product"}],"about":[{"href":"https:\/\/medicinasinc.com\/sk\/wp-json\/wp\/v2\/types\/product"}],"replies":[{"embeddable":true,"href":"https:\/\/medicinasinc.com\/sk\/wp-json\/wp\/v2\/comments?post=5834"}],"wp:featuredmedia":[{"embeddable":true,"href":"https:\/\/medicinasinc.com\/sk\/wp-json\/wp\/v2\/media\/5844"}],"wp:attachment":[{"href":"https:\/\/medicinasinc.com\/sk\/wp-json\/wp\/v2\/media?parent=5834"}],"wp:term":[{"taxonomy":"product_brand","embeddable":true,"href":"https:\/\/medicinasinc.com\/sk\/wp-json\/wp\/v2\/product_brand?post=5834"},{"taxonomy":"product_cat","embeddable":true,"href":"https:\/\/medicinasinc.com\/sk\/wp-json\/wp\/v2\/product_cat?post=5834"},{"taxonomy":"product_tag","embeddable":true,"href":"https:\/\/medicinasinc.com\/sk\/wp-json\/wp\/v2\/product_tag?post=5834"}],"curies":[{"name":"wp","href":"https:\/\/api.w.org\/{rel}","templated":true}]}}