{"id":5828,"date":"2022-02-22T06:59:00","date_gmt":"2022-02-22T06:59:00","guid":{"rendered":"https:\/\/medicinasinc.com\/sk\/?post_type=product&#038;p=5828"},"modified":"2022-03-22T00:48:41","modified_gmt":"2022-03-22T00:48:41","slug":"buy-butalbital-online","status":"publish","type":"product","link":"https:\/\/medicinasinc.com\/sk\/product\/buy-butalbital-online\/","title":{"rendered":"K\u00fapi\u0165 Butalbital online"},"content":{"rendered":"<div class=\"mkdf-single-product-content\">\n<div class=\"mkdf-single-product-summary\">\n<div class=\"summary entry-summary\">\n<div class=\"woocommerce-tabs wc-tabs -wrapper\">\n<div id=\"tab-description\" class=\"woocommerce-Tabs-panel woocommerce-Tabs-panel--description panel entry-content wc-tab\" role=\"tabpanel\" aria-labelledby=\"tab-title -description\">\n<div id=\"ftwp-postcontent\">\n<p>K\u00fapte si Nembutal Butalbital bez lek\u00e1rskeho predpisu od najlep\u0161ej online lek\u00e1rne<\/p>\n<p>Online lek\u00e1re\u0148 Nembutal je renomovan\u00e1 online lek\u00e1re\u0148, ktor\u00e1 je zn\u00e1ma jeho profesionalita a vysok\u00e1 kvalita liekov. Nembutal Butalbital m\u00f4\u017eete \u013eahko z\u00edska\u0165 online bez lek\u00e1rskeho predpisu z tejto str\u00e1nky. Zaviazali sme sa poskytova\u0165 vysokokvalitn\u00fd produkt z\u00e1kazn\u00edkom po celom svete. Venujeme sa potreb\u00e1m a potreb\u00e1m ka\u017ed\u00e9ho z\u00e1kazn\u00edka a v\u017edy ich sp\u013a\u0148ame pod\u013ea pl\u00e1nu.<\/p>\n<p>M\u00f4\u017eete n\u00e1s r\u00fdchlo kontaktova\u0165 prostredn\u00edctvom internetovej platformy a z\u00edska\u0165 po\u017eadovan\u00e9 lieky v kr\u00e1tkom \u010dase. Dnes si m\u00f4\u017eete objedna\u0165 Butalbital online!<\/p>\n<p>Ak\u00e9 s\u00fa v\u00fdhody Nembutal Butalbital?<\/p>\n<p>Butalbital je liek na predpis, ktor\u00fd sa pou\u017e\u00edva kr\u00e1tky \u010das. Tento liek sa m\u00f4\u017ee pou\u017e\u00edva\u0165 v spojen\u00ed s in\u00fdmi liekmi, ako je paracetamol (acetaminof\u00e9n) alebo aspir\u00edn na zmiernenie bolesti a bolesti hlavy. Okrem toho bol schv\u00e1len\u00fd na lie\u010dbu tenzn\u00fdch bolest\u00ed hlavy.<\/p>\n<p>Ak si chcete Butalbital k\u00fapi\u0165 online za najlep\u0161iu cenu, za\u010dnite jeho pridan\u00edm do ko\u0161\u00edka. Po dokon\u010den\u00ed prid\u00e1vania m\u00f4\u017eete pokra\u010dova\u0165 v dokon\u010den\u00ed platby. Zahrnuli sme r\u00f4zne platobn\u00e9 br\u00e1ny. M\u00f4\u017eete si vybra\u0165 ten najvhodnej\u0161\u00ed a dokon\u010di\u0165 proces platby za svoju objedn\u00e1vku.<\/p>\n<p>Kde si m\u00f4\u017eem k\u00fapi\u0165 Nembutal Butalbital online za najlep\u0161iu cenu?<\/p>\n<p>Ak v\u00e1m bol predp\u00edsan\u00fd Butalbital, je to je \u010das k\u00fapi\u0165 si Butalbital online v na\u0161ej lek\u00e1rni Nembutal.<\/p>\n<p>Spojenie s na\u0161ou online lek\u00e1r\u0148ou nebolo nikdy jednoduch\u0161ie. Na\u0161a webov\u00e1 str\u00e1nka je mimoriadne jednoduch\u00e1 a u\u017e\u00edvate\u013esky pr\u00edvetiv\u00e1, \u010do pom\u00e1ha na\u0161im spotrebite\u013eom c\u00edti\u0165 sa pohodlne pri objedn\u00e1van\u00ed ich produktov.<\/p>\n<\/p><\/div><\/div><\/div><\/div><\/div><\/div>\n","protected":false},"excerpt":{"rendered":"<p>Na\u0161a lek\u00e1re\u0148 online dostane va\u0161u objedn\u00e1vku ihne\u010f po zadan\u00ed. Uprednostn\u00edme ho a zrealizujeme \u010do najr\u00fdchlej\u0161ie. Dodanie tovaru zvy\u010dajne trv\u00e1 5 dn\u00ed, \u010do zah\u0155\u0148a iba pracovn\u00e9 dni. Do t\u00fd\u017ed\u0148a dostanete Nembutal Butalbital v najlep\u0161om mo\u017enom stave. Okam\u017eite nakupujte!<\/p>\n","protected":false},"featured_media":5838,"comment_status":"open","ping_status":"closed","template":"","meta":[],"product_brand":[],"product_cat":[3818],"product_tag":[3982,3983,3981,3840,3972,3973,3975,3928,3976,3977,4004,3978,4006,4005,3980,3979,3974,1051,3845,3934,3992,3985,3986,3987,3847,3984,3989,3990,3991,3993,3995,3996,3988,3999,4000,3936,4002,3865,3997,4003,3994,3998,4001],"class_list":{"0":"post-5828","1":"product","2":"type-product","3":"status-publish","4":"has-post-thumbnail","6":"product_cat-pentobarbital-na-predaj","7":"product_tag-ako-vyrobit-nembutal","8":"product_tag-ako-vzia-nembutal-zomrie","9":"product_tag-ako-dosta-nembutal","10":"product_tag-ako-nadobudn-nembutal","11":"product_tag-and-amytal","12":"product_tag-are","13":"product_tag-buy-nembutal-mexico","14":"product_tag-buy-nembutal-online","15":"product_tag-buying-nembutal","16":"product_tag-buying-nembutal-online","17":"product_tag-o-je-nembutal","18":"product_tag-drugs-prescribed-to-reduce-insomnia","19":"product_tag-kde-kpi-nembutal-v-mexiku","20":"product_tag-kde-mem-kpi-nembutal","21":"product_tag-ko-c4-beko-nembutalu-je-smrte-c4-ben-c3-a9","22":"product_tag-ko-c4-beko-nembutal-stoj-c3-ad","23":"product_tag-buy-nembutal-canada","24":"product_tag-kpi-nembutal","25":"product_tag-nembutal","26":"product_tag-nembutal-buy-online","27":"product_tag-nembutal-free-the-counter","28":"product_tag-nembutal-na","29":"product_tag-nembutal-death","30":"product_tag-nembutal-definition","31":"product_tag-nembutal-for-sale","32":"product_tag-nembutal-kapsuly","33":"product_tag-nembutal-mexico","34":"product_tag-nembutal-mexico-2018","35":"product_tag-nembutal-online","36":"product_tag-nembutal-pentobarbital","37":"product_tag-nembutal-price","38":"product_tag-nembutal-reddit","39":"product_tag-nembutal-smrtiaca-dvka","40":"product_tag-nembutal-sodk","41":"product_tag-nembutal-suppository","42":"product_tag-nembutal-prok","43":"product_tag-objednvka-nembutal-online","44":"product_tag-nembutal-pilulky-na-predaj","45":"product_tag-nembutal-rozvrh","46":"product_tag-sekundrny","47":"product_tag-nembutal-tabletka","48":"product_tag-nembutal-vedajie-inky","49":"product_tag-zskavanie-nembutal","51":"first","52":"instock","53":"shipping-taxable","54":"purchasable","55":"product-type-variable"},"yoast_head":"<!-- This site is optimized with the Yoast SEO plugin v27.3 - https:\/\/yoast.com\/product\/yoast-seo-wordpress\/ -->\n<title>K\u00fapte si Butalbital online - najlep\u0161ie najlep\u0161ie glob\u00e1lne lieky<\/title>\n<meta name=\"robots\" content=\"index, follow, max-snippet:-1, max-image-preview:large, max-video-preview:-1\" \/>\n<link rel=\"canonical\" href=\"https:\/\/medicinasinc.com\/sk\/product\/buy-butalbital-online\/\" \/>\n<meta property=\"og:locale\" content=\"en_US\" \/>\n<meta property=\"og:type\" content=\"article\" \/>\n<meta property=\"og:title\" content=\"K\u00fapte si Butalbital online - najlep\u0161ie najlep\u0161ie glob\u00e1lne lieky\" \/>\n<meta property=\"og:description\" content=\"Na\u0161a lek\u00e1re\u0148 online dostane va\u0161u objedn\u00e1vku ihne\u010f po zadan\u00ed. Uprednostn\u00edme ho a zrealizujeme \u010do najr\u00fdchlej\u0161ie. Dodanie tovaru zvy\u010dajne trv\u00e1 5 dn\u00ed, \u010do zah\u0155\u0148a iba pracovn\u00e9 dni. Do t\u00fd\u017ed\u0148a dostanete Nembutal Butalbital v najlep\u0161om mo\u017enom stave. Okam\u017eite nakupujte!\" \/>\n<meta property=\"og:url\" content=\"https:\/\/medicinasinc.com\/sk\/product\/buy-butalbital-online\/\" \/>\n<meta property=\"og:site_name\" content=\"Medicinas Inc\" \/>\n<meta property=\"article:modified_time\" content=\"2022-03-22T00:48:41+00:00\" \/>\n<meta property=\"og:image\" content=\"https:\/\/medicinasinc.com\/sk\/wp-content\/uploads\/sites\/10\/2022\/02\/Buy-Butalbital-Online.jpg\" \/>\n\t<meta property=\"og:image:width\" content=\"600\" \/>\n\t<meta property=\"og:image:height\" content=\"600\" \/>\n\t<meta property=\"og:image:type\" content=\"image\/jpeg\" \/>\n<meta name=\"twitter:card\" content=\"summary_large_image\" \/>\n<meta name=\"twitter:label1\" content=\"Est. reading time\" \/>\n\t<meta name=\"twitter:data1\" content=\"2 minutes\" \/>\n<script type=\"application\/ld+json\" class=\"yoast-schema-graph\">{\"@context\":\"https:\\\/\\\/schema.org\",\"@graph\":[{\"@type\":\"WebPage\",\"@id\":\"https:\\\/\\\/medicinasinc.com\\\/sk\\\/product\\\/buy-butalbital-online\\\/\",\"url\":\"https:\\\/\\\/medicinasinc.com\\\/sk\\\/product\\\/buy-butalbital-online\\\/\",\"name\":\"K\u00fapte si Butalbital online - najlep\u0161ie najlep\u0161ie glob\u00e1lne lieky\",\"isPartOf\":{\"@id\":\"https:\\\/\\\/medicinasinc.com\\\/sk\\\/#website\"},\"primaryImageOfPage\":{\"@id\":\"https:\\\/\\\/medicinasinc.com\\\/sk\\\/product\\\/buy-butalbital-online\\\/#primaryimage\"},\"image\":{\"@id\":\"https:\\\/\\\/medicinasinc.com\\\/sk\\\/product\\\/buy-butalbital-online\\\/#primaryimage\"},\"thumbnailUrl\":\"https:\\\/\\\/medicinasinc.com\\\/sk\\\/wp-content\\\/uploads\\\/sites\\\/10\\\/2022\\\/02\\\/Buy-Butalbital-Online.jpg\",\"datePublished\":\"2022-02-22T06:59:00+00:00\",\"dateModified\":\"2022-03-22T00:48:41+00:00\",\"breadcrumb\":{\"@id\":\"https:\\\/\\\/medicinasinc.com\\\/sk\\\/product\\\/buy-butalbital-online\\\/#breadcrumb\"},\"inLanguage\":\"en-US\",\"potentialAction\":[{\"@type\":\"ReadAction\",\"target\":[\"https:\\\/\\\/medicinasinc.com\\\/sk\\\/product\\\/buy-butalbital-online\\\/\"]}]},{\"@type\":\"ImageObject\",\"inLanguage\":\"en-US\",\"@id\":\"https:\\\/\\\/medicinasinc.com\\\/sk\\\/product\\\/buy-butalbital-online\\\/#primaryimage\",\"url\":\"https:\\\/\\\/medicinasinc.com\\\/sk\\\/wp-content\\\/uploads\\\/sites\\\/10\\\/2022\\\/02\\\/Buy-Butalbital-Online.jpg\",\"contentUrl\":\"https:\\\/\\\/medicinasinc.com\\\/sk\\\/wp-content\\\/uploads\\\/sites\\\/10\\\/2022\\\/02\\\/Buy-Butalbital-Online.jpg\",\"width\":600,\"height\":600},{\"@type\":\"BreadcrumbList\",\"@id\":\"https:\\\/\\\/medicinasinc.com\\\/sk\\\/product\\\/buy-butalbital-online\\\/#breadcrumb\",\"itemListElement\":[{\"@type\":\"ListItem\",\"position\":1,\"name\":\"Obchod\",\"item\":\"https:\\\/\\\/medicinasinc.com\\\/sk\\\/obchod\\\/\"},{\"@type\":\"ListItem\",\"position\":2,\"name\":\"K\u00fapi\u0165 Butalbital online\"}]},{\"@type\":\"WebSite\",\"@id\":\"https:\\\/\\\/medicinasinc.com\\\/sk\\\/#website\",\"url\":\"https:\\\/\\\/medicinasinc.com\\\/sk\\\/\",\"name\":\"Medicinas Inc\",\"description\":\"Health Medical Clinic\",\"potentialAction\":[{\"@type\":\"SearchAction\",\"target\":{\"@type\":\"EntryPoint\",\"urlTemplate\":\"https:\\\/\\\/medicinasinc.com\\\/sk\\\/?s={search_term_string}\"},\"query-input\":{\"@type\":\"PropertyValueSpecification\",\"valueRequired\":true,\"valueName\":\"search_term_string\"}}],\"inLanguage\":\"en-US\"}]}<\/script>\n<!-- \/ Yoast SEO plugin. -->","yoast_head_json":{"title":"K\u00fapte si Butalbital online - najlep\u0161ie najlep\u0161ie glob\u00e1lne lieky","robots":{"index":"index","follow":"follow","max-snippet":"max-snippet:-1","max-image-preview":"max-image-preview:large","max-video-preview":"max-video-preview:-1"},"canonical":"https:\/\/medicinasinc.com\/sk\/product\/buy-butalbital-online\/","og_locale":"en_US","og_type":"article","og_title":"K\u00fapte si Butalbital online - najlep\u0161ie najlep\u0161ie glob\u00e1lne lieky","og_description":"Na\u0161a lek\u00e1re\u0148 online dostane va\u0161u objedn\u00e1vku ihne\u010f po zadan\u00ed. Uprednostn\u00edme ho a zrealizujeme \u010do najr\u00fdchlej\u0161ie. Dodanie tovaru zvy\u010dajne trv\u00e1 5 dn\u00ed, \u010do zah\u0155\u0148a iba pracovn\u00e9 dni. Do t\u00fd\u017ed\u0148a dostanete Nembutal Butalbital v najlep\u0161om mo\u017enom stave. Okam\u017eite nakupujte!","og_url":"https:\/\/medicinasinc.com\/sk\/product\/buy-butalbital-online\/","og_site_name":"Medicinas Inc","article_modified_time":"2022-03-22T00:48:41+00:00","og_image":[{"width":600,"height":600,"url":"https:\/\/medicinasinc.com\/sk\/wp-content\/uploads\/sites\/10\/2022\/02\/Buy-Butalbital-Online.jpg","type":"image\/jpeg"}],"twitter_card":"summary_large_image","twitter_misc":{"Est. reading time":"2 minutes"},"schema":{"@context":"https:\/\/schema.org","@graph":[{"@type":"WebPage","@id":"https:\/\/medicinasinc.com\/sk\/product\/buy-butalbital-online\/","url":"https:\/\/medicinasinc.com\/sk\/product\/buy-butalbital-online\/","name":"K\u00fapte si Butalbital online - najlep\u0161ie najlep\u0161ie glob\u00e1lne lieky","isPartOf":{"@id":"https:\/\/medicinasinc.com\/sk\/#website"},"primaryImageOfPage":{"@id":"https:\/\/medicinasinc.com\/sk\/product\/buy-butalbital-online\/#primaryimage"},"image":{"@id":"https:\/\/medicinasinc.com\/sk\/product\/buy-butalbital-online\/#primaryimage"},"thumbnailUrl":"https:\/\/medicinasinc.com\/sk\/wp-content\/uploads\/sites\/10\/2022\/02\/Buy-Butalbital-Online.jpg","datePublished":"2022-02-22T06:59:00+00:00","dateModified":"2022-03-22T00:48:41+00:00","breadcrumb":{"@id":"https:\/\/medicinasinc.com\/sk\/product\/buy-butalbital-online\/#breadcrumb"},"inLanguage":"en-US","potentialAction":[{"@type":"ReadAction","target":["https:\/\/medicinasinc.com\/sk\/product\/buy-butalbital-online\/"]}]},{"@type":"ImageObject","inLanguage":"en-US","@id":"https:\/\/medicinasinc.com\/sk\/product\/buy-butalbital-online\/#primaryimage","url":"https:\/\/medicinasinc.com\/sk\/wp-content\/uploads\/sites\/10\/2022\/02\/Buy-Butalbital-Online.jpg","contentUrl":"https:\/\/medicinasinc.com\/sk\/wp-content\/uploads\/sites\/10\/2022\/02\/Buy-Butalbital-Online.jpg","width":600,"height":600},{"@type":"BreadcrumbList","@id":"https:\/\/medicinasinc.com\/sk\/product\/buy-butalbital-online\/#breadcrumb","itemListElement":[{"@type":"ListItem","position":1,"name":"Obchod","item":"https:\/\/medicinasinc.com\/sk\/obchod\/"},{"@type":"ListItem","position":2,"name":"K\u00fapi\u0165 Butalbital online"}]},{"@type":"WebSite","@id":"https:\/\/medicinasinc.com\/sk\/#website","url":"https:\/\/medicinasinc.com\/sk\/","name":"Medicinas Inc","description":"Health Medical Clinic","potentialAction":[{"@type":"SearchAction","target":{"@type":"EntryPoint","urlTemplate":"https:\/\/medicinasinc.com\/sk\/?s={search_term_string}"},"query-input":{"@type":"PropertyValueSpecification","valueRequired":true,"valueName":"search_term_string"}}],"inLanguage":"en-US"}]}},"_links":{"self":[{"href":"https:\/\/medicinasinc.com\/sk\/wp-json\/wp\/v2\/product\/5828","targetHints":{"allow":["GET"]}}],"collection":[{"href":"https:\/\/medicinasinc.com\/sk\/wp-json\/wp\/v2\/product"}],"about":[{"href":"https:\/\/medicinasinc.com\/sk\/wp-json\/wp\/v2\/types\/product"}],"replies":[{"embeddable":true,"href":"https:\/\/medicinasinc.com\/sk\/wp-json\/wp\/v2\/comments?post=5828"}],"wp:featuredmedia":[{"embeddable":true,"href":"https:\/\/medicinasinc.com\/sk\/wp-json\/wp\/v2\/media\/5838"}],"wp:attachment":[{"href":"https:\/\/medicinasinc.com\/sk\/wp-json\/wp\/v2\/media?parent=5828"}],"wp:term":[{"taxonomy":"product_brand","embeddable":true,"href":"https:\/\/medicinasinc.com\/sk\/wp-json\/wp\/v2\/product_brand?post=5828"},{"taxonomy":"product_cat","embeddable":true,"href":"https:\/\/medicinasinc.com\/sk\/wp-json\/wp\/v2\/product_cat?post=5828"},{"taxonomy":"product_tag","embeddable":true,"href":"https:\/\/medicinasinc.com\/sk\/wp-json\/wp\/v2\/product_tag?post=5828"}],"curies":[{"name":"wp","href":"https:\/\/api.w.org\/{rel}","templated":true}]}}