{"id":5816,"date":"2022-02-22T06:47:51","date_gmt":"2022-02-22T06:47:51","guid":{"rendered":"https:\/\/medicinasinc.com\/sk\/?post_type=product&#038;p=5816"},"modified":"2022-03-22T00:49:01","modified_gmt":"2022-03-22T00:49:01","slug":"kupit-nembutal-pilulky","status":"publish","type":"product","link":"https:\/\/medicinasinc.com\/sk\/product\/kupit-nembutal-pilulky\/","title":{"rendered":"K\u00fapte si Nembutal Pills"},"content":{"rendered":"<p>Nembutalov\u00e9 pilulky na predaj od najlep\u0161ej online lek\u00e1rne za n\u00edzke ceny<\/p>\n<p>Teraz si m\u00f4\u017eete k\u00fapi\u0165 Nembutalov\u00e9 tablety v Best Global Meds a vyu\u017ei\u0165 ich na maximum pre va\u0161e zdravie. Va\u0161u objedn\u00e1vku vezmeme do \u00favahy a zabezpe\u010d\u00edme, aby sa dostala tam, kam m\u00e1. Ak by ste chceli z\u00edska\u0165 tabletky Nembutalu na predaj, kontaktujte n\u00e1s e\u0161te dnes.<\/p>\n<p>Sme schopn\u00ed poskytn\u00fa\u0165 tablety Nembutalu presn\u00fdm sp\u00f4sobom v\u010faka na\u0161ej hviezdnej povesti v tomto odvetv\u00ed. Aby sme zaistili, \u017ee na\u0161i klienti dostan\u00fa svoje objedn\u00e1vky \u010do najr\u00fdchlej\u0161ie, pou\u017e\u00edvame jednoduch\u00fd a \u00fa\u010deln\u00fd prepravn\u00fd proces. Rob\u00edme v\u0161etko pre to, aby na\u0161i klienti nemuseli \u010daka\u0165 na svoje produkty.<\/p>\n<p>Ako profesion\u00e1lna online lek\u00e1re\u0148 nezab\u00fadame na to, aby va\u0161a objedn\u00e1vka dorazila v\u010das . Aby sa ni\u010d neprehliadlo, \u010dlen n\u00e1\u0161ho t\u00edmu v\u0161etko monitoruje 24 hod\u00edn denne. Chceme, aby na\u0161i spotrebitelia mali \u010do najv\u00e4\u010d\u0161iu starostlivos\u0165 o svoje zdravie.<\/p>\n<p>Ak\u00fd je \u00fa\u010del tabliet Nembutal?<\/p>\n<p>K\u00fapiu tabliet Nembutal v miestnej ambulancii alebo lek\u00e1rni nedostanete si jednoducho ak\u00fako\u013evek star\u00fa drogu. Pri lie\u010dbe sp\u00e1nkovej depriv\u00e1cie ide o narkotikum, ktor\u00e9 sa pou\u017e\u00edva vo vysok\u00fdch d\u00e1vkach. Pacienti v nemocniciach a na lek\u00e1rskych klinik\u00e1ch s\u00fa lek\u00e1ri a chirurgovia usp\u00e1van\u00ed pomocou Nembutalov\u00fdch piluliek, aby mohli pokra\u010dova\u0165 v procese. Pre t\u00fdch, ktor\u00ed potrebuj\u00fa Nembutal Pills, sa m\u00f4\u017eete obr\u00e1ti\u0165 na Online Nembutal Pharmacy, \u0161pi\u010dkov\u00fa internetov\u00fa lek\u00e1re\u0148. Tu n\u00e1jdete tie najv\u00e4\u010d\u0161ie z najlep\u0161\u00edch. Okam\u017eite n\u00e1s kontaktujte!<\/p>\n","protected":false},"excerpt":{"rendered":"<p>Ako n\u00e1js\u0165 najlep\u0161iu online lek\u00e1re\u0148 na k\u00fapu tabletiek Nembutal?<\/p>\n<p>K\u00fapte si Nembutal [Tabletky z n\u00e1\u0161ho v\u00fdberu tabletiek a injekci\u00ed sodnej soli pentobarbitalu, liekov na b\u00e1ze barbitur\u00e1tov a Nembutalu na predaj v mojej bl\u00edzkosti so zabezpe\u010denou dopravou.<\/p>\n<p>Ak si nie ste ist\u00ed, ako sa spoji\u0165 s najlep\u0161ou online lek\u00e1r\u0148ou a k\u00fapi\u0165 si Nembutal tablety online, Pentobarbital Global Meds je v\u017edy k dispoz\u00edcii, aby v\u00e1m pomohol. Sme tu, aby sme v\u00e1m pomohli pri n\u00e1kupe Nembutal Pills online za najni\u017e\u0161iu mo\u017en\u00fa cenu. Tu m\u00f4\u017eete zada\u0165 svoju objedn\u00e1vku a \u010daka\u0165 na jej v\u010dasn\u00e9 vybavenie. Dod\u00e1vku nebudeme zdr\u017eiava\u0165 \u017eiadnym zbyto\u010dn\u00fdm sp\u00f4sobom. Okam\u017eite n\u00e1s kontaktujte!<\/p>\n","protected":false},"featured_media":5826,"comment_status":"open","ping_status":"closed","template":"","meta":[],"product_brand":[],"product_cat":[3818],"product_tag":[3839,3837,3915,3825,3832,3859,3860,3861,3867,3868,3864,3858,3862,3863,3857,3871,3865],"class_list":{"0":"post-5816","1":"product","2":"type-product","3":"status-publish","4":"has-post-thumbnail","6":"product_cat-pentobarbital-na-predaj","7":"product_tag-ako-mem-si-nembutal","8":"product_tag-how-can-i-order-nembutal-pills","9":"product_tag-kde-mozem-si-kupit-nembutal-tabletky","10":"product_tag-kpi-nembutal-tabletky-online","11":"product_tag-can-i-order-nembutal-online","12":"product_tag-nembutal-pills-buy-australia","13":"product_tag-nembutal-pills-buy-austria","14":"product_tag-nembutal-pills-buy-europe","15":"product_tag-nembutal-pills-overdose","16":"product_tag-nembutal-pills-supplier","17":"product_tag-nembutal-tabletky-dvka","18":"product_tag-nembutal-tabletky-kpi","19":"product_tag-nembutal-tabletky-kpi-online","20":"product_tag-nembutal-pills-buy-uk","21":"product_tag-nembutal-tabletky","22":"product_tag-order-nembutal-pilulky","23":"product_tag-nembutal-pilulky-na-predaj","25":"first","26":"instock","27":"shipping-taxable","28":"purchasable","29":"product-type-variable"},"yoast_head":"<!-- This site is optimized with the Yoast SEO plugin v27.3 - https:\/\/yoast.com\/product\/yoast-seo-wordpress\/ -->\n<title>K\u00fapte si Nembutal Pills \u2013 najlep\u0161ie najlep\u0161ie glob\u00e1lne lieky<\/title>\n<meta name=\"description\" content=\"K\u00fapte si Nembutal [Pills z na\u0161ich piluliek Pentobarbital Sodium &amp; injekcie, Barbitur\u00e1ty a Nembutal na predaj v mojej bl\u00edzkosti s bezpe\u010dn\u00fdm odoslan\u00edm.\" \/>\n<meta name=\"robots\" content=\"index, follow, max-snippet:-1, max-image-preview:large, max-video-preview:-1\" \/>\n<link rel=\"canonical\" href=\"https:\/\/medicinasinc.com\/sk\/product\/kupit-nembutal-pilulky\/\" \/>\n<meta property=\"og:locale\" content=\"en_US\" \/>\n<meta property=\"og:type\" content=\"article\" \/>\n<meta property=\"og:title\" content=\"K\u00fapte si Nembutal Pills \u2013 najlep\u0161ie najlep\u0161ie glob\u00e1lne lieky\" \/>\n<meta property=\"og:description\" content=\"K\u00fapte si Nembutal [Pills z na\u0161ich piluliek Pentobarbital Sodium &amp; injekcie, Barbitur\u00e1ty a Nembutal na predaj v mojej bl\u00edzkosti s bezpe\u010dn\u00fdm odoslan\u00edm.\" \/>\n<meta property=\"og:url\" content=\"https:\/\/medicinasinc.com\/sk\/product\/kupit-nembutal-pilulky\/\" \/>\n<meta property=\"og:site_name\" content=\"Medicinas Inc\" \/>\n<meta property=\"article:modified_time\" content=\"2022-03-22T00:49:01+00:00\" \/>\n<meta property=\"og:image\" content=\"https:\/\/medicinasinc.com\/sk\/wp-content\/uploads\/sites\/10\/2022\/02\/Buy-Nembutal-Pills.jpg\" \/>\n\t<meta property=\"og:image:width\" content=\"600\" \/>\n\t<meta property=\"og:image:height\" content=\"600\" \/>\n\t<meta property=\"og:image:type\" content=\"image\/jpeg\" \/>\n<meta name=\"twitter:card\" content=\"summary_large_image\" \/>\n<meta name=\"twitter:label1\" content=\"Est. reading time\" \/>\n\t<meta name=\"twitter:data1\" content=\"2 minutes\" \/>\n<script type=\"application\/ld+json\" class=\"yoast-schema-graph\">{\"@context\":\"https:\\\/\\\/schema.org\",\"@graph\":[{\"@type\":\"WebPage\",\"@id\":\"https:\\\/\\\/medicinasinc.com\\\/sk\\\/product\\\/kupit-nembutal-pilulky\\\/\",\"url\":\"https:\\\/\\\/medicinasinc.com\\\/sk\\\/product\\\/kupit-nembutal-pilulky\\\/\",\"name\":\"K\u00fapte si Nembutal Pills \u2013 najlep\u0161ie najlep\u0161ie glob\u00e1lne lieky\",\"isPartOf\":{\"@id\":\"https:\\\/\\\/medicinasinc.com\\\/sk\\\/#website\"},\"primaryImageOfPage\":{\"@id\":\"https:\\\/\\\/medicinasinc.com\\\/sk\\\/product\\\/kupit-nembutal-pilulky\\\/#primaryimage\"},\"image\":{\"@id\":\"https:\\\/\\\/medicinasinc.com\\\/sk\\\/product\\\/kupit-nembutal-pilulky\\\/#primaryimage\"},\"thumbnailUrl\":\"https:\\\/\\\/medicinasinc.com\\\/sk\\\/wp-content\\\/uploads\\\/sites\\\/10\\\/2022\\\/02\\\/Buy-Nembutal-Pills.jpg\",\"datePublished\":\"2022-02-22T06:47:51+00:00\",\"dateModified\":\"2022-03-22T00:49:01+00:00\",\"description\":\"K\u00fapte si Nembutal [Pills z na\u0161ich piluliek Pentobarbital Sodium &amp; injekcie, Barbitur\u00e1ty a Nembutal na predaj v mojej bl\u00edzkosti s bezpe\u010dn\u00fdm odoslan\u00edm.\",\"breadcrumb\":{\"@id\":\"https:\\\/\\\/medicinasinc.com\\\/sk\\\/product\\\/kupit-nembutal-pilulky\\\/#breadcrumb\"},\"inLanguage\":\"en-US\",\"potentialAction\":[{\"@type\":\"ReadAction\",\"target\":[\"https:\\\/\\\/medicinasinc.com\\\/sk\\\/product\\\/kupit-nembutal-pilulky\\\/\"]}]},{\"@type\":\"ImageObject\",\"inLanguage\":\"en-US\",\"@id\":\"https:\\\/\\\/medicinasinc.com\\\/sk\\\/product\\\/kupit-nembutal-pilulky\\\/#primaryimage\",\"url\":\"https:\\\/\\\/medicinasinc.com\\\/sk\\\/wp-content\\\/uploads\\\/sites\\\/10\\\/2022\\\/02\\\/Buy-Nembutal-Pills.jpg\",\"contentUrl\":\"https:\\\/\\\/medicinasinc.com\\\/sk\\\/wp-content\\\/uploads\\\/sites\\\/10\\\/2022\\\/02\\\/Buy-Nembutal-Pills.jpg\",\"width\":600,\"height\":600},{\"@type\":\"BreadcrumbList\",\"@id\":\"https:\\\/\\\/medicinasinc.com\\\/sk\\\/product\\\/kupit-nembutal-pilulky\\\/#breadcrumb\",\"itemListElement\":[{\"@type\":\"ListItem\",\"position\":1,\"name\":\"Obchod\",\"item\":\"https:\\\/\\\/medicinasinc.com\\\/sk\\\/obchod\\\/\"},{\"@type\":\"ListItem\",\"position\":2,\"name\":\"K\u00fapte si Nembutal Pills\"}]},{\"@type\":\"WebSite\",\"@id\":\"https:\\\/\\\/medicinasinc.com\\\/sk\\\/#website\",\"url\":\"https:\\\/\\\/medicinasinc.com\\\/sk\\\/\",\"name\":\"Medicinas Inc\",\"description\":\"Health Medical Clinic\",\"potentialAction\":[{\"@type\":\"SearchAction\",\"target\":{\"@type\":\"EntryPoint\",\"urlTemplate\":\"https:\\\/\\\/medicinasinc.com\\\/sk\\\/?s={search_term_string}\"},\"query-input\":{\"@type\":\"PropertyValueSpecification\",\"valueRequired\":true,\"valueName\":\"search_term_string\"}}],\"inLanguage\":\"en-US\"}]}<\/script>\n<!-- \/ Yoast SEO plugin. -->","yoast_head_json":{"title":"K\u00fapte si Nembutal Pills \u2013 najlep\u0161ie najlep\u0161ie glob\u00e1lne lieky","description":"K\u00fapte si Nembutal [Pills z na\u0161ich piluliek Pentobarbital Sodium &amp; injekcie, Barbitur\u00e1ty a Nembutal na predaj v mojej bl\u00edzkosti s bezpe\u010dn\u00fdm odoslan\u00edm.","robots":{"index":"index","follow":"follow","max-snippet":"max-snippet:-1","max-image-preview":"max-image-preview:large","max-video-preview":"max-video-preview:-1"},"canonical":"https:\/\/medicinasinc.com\/sk\/product\/kupit-nembutal-pilulky\/","og_locale":"en_US","og_type":"article","og_title":"K\u00fapte si Nembutal Pills \u2013 najlep\u0161ie najlep\u0161ie glob\u00e1lne lieky","og_description":"K\u00fapte si Nembutal [Pills z na\u0161ich piluliek Pentobarbital Sodium &amp; injekcie, Barbitur\u00e1ty a Nembutal na predaj v mojej bl\u00edzkosti s bezpe\u010dn\u00fdm odoslan\u00edm.","og_url":"https:\/\/medicinasinc.com\/sk\/product\/kupit-nembutal-pilulky\/","og_site_name":"Medicinas Inc","article_modified_time":"2022-03-22T00:49:01+00:00","og_image":[{"width":600,"height":600,"url":"https:\/\/medicinasinc.com\/sk\/wp-content\/uploads\/sites\/10\/2022\/02\/Buy-Nembutal-Pills.jpg","type":"image\/jpeg"}],"twitter_card":"summary_large_image","twitter_misc":{"Est. reading time":"2 minutes"},"schema":{"@context":"https:\/\/schema.org","@graph":[{"@type":"WebPage","@id":"https:\/\/medicinasinc.com\/sk\/product\/kupit-nembutal-pilulky\/","url":"https:\/\/medicinasinc.com\/sk\/product\/kupit-nembutal-pilulky\/","name":"K\u00fapte si Nembutal Pills \u2013 najlep\u0161ie najlep\u0161ie glob\u00e1lne lieky","isPartOf":{"@id":"https:\/\/medicinasinc.com\/sk\/#website"},"primaryImageOfPage":{"@id":"https:\/\/medicinasinc.com\/sk\/product\/kupit-nembutal-pilulky\/#primaryimage"},"image":{"@id":"https:\/\/medicinasinc.com\/sk\/product\/kupit-nembutal-pilulky\/#primaryimage"},"thumbnailUrl":"https:\/\/medicinasinc.com\/sk\/wp-content\/uploads\/sites\/10\/2022\/02\/Buy-Nembutal-Pills.jpg","datePublished":"2022-02-22T06:47:51+00:00","dateModified":"2022-03-22T00:49:01+00:00","description":"K\u00fapte si Nembutal [Pills z na\u0161ich piluliek Pentobarbital Sodium &amp; injekcie, Barbitur\u00e1ty a Nembutal na predaj v mojej bl\u00edzkosti s bezpe\u010dn\u00fdm odoslan\u00edm.","breadcrumb":{"@id":"https:\/\/medicinasinc.com\/sk\/product\/kupit-nembutal-pilulky\/#breadcrumb"},"inLanguage":"en-US","potentialAction":[{"@type":"ReadAction","target":["https:\/\/medicinasinc.com\/sk\/product\/kupit-nembutal-pilulky\/"]}]},{"@type":"ImageObject","inLanguage":"en-US","@id":"https:\/\/medicinasinc.com\/sk\/product\/kupit-nembutal-pilulky\/#primaryimage","url":"https:\/\/medicinasinc.com\/sk\/wp-content\/uploads\/sites\/10\/2022\/02\/Buy-Nembutal-Pills.jpg","contentUrl":"https:\/\/medicinasinc.com\/sk\/wp-content\/uploads\/sites\/10\/2022\/02\/Buy-Nembutal-Pills.jpg","width":600,"height":600},{"@type":"BreadcrumbList","@id":"https:\/\/medicinasinc.com\/sk\/product\/kupit-nembutal-pilulky\/#breadcrumb","itemListElement":[{"@type":"ListItem","position":1,"name":"Obchod","item":"https:\/\/medicinasinc.com\/sk\/obchod\/"},{"@type":"ListItem","position":2,"name":"K\u00fapte si Nembutal Pills"}]},{"@type":"WebSite","@id":"https:\/\/medicinasinc.com\/sk\/#website","url":"https:\/\/medicinasinc.com\/sk\/","name":"Medicinas Inc","description":"Health Medical Clinic","potentialAction":[{"@type":"SearchAction","target":{"@type":"EntryPoint","urlTemplate":"https:\/\/medicinasinc.com\/sk\/?s={search_term_string}"},"query-input":{"@type":"PropertyValueSpecification","valueRequired":true,"valueName":"search_term_string"}}],"inLanguage":"en-US"}]}},"_links":{"self":[{"href":"https:\/\/medicinasinc.com\/sk\/wp-json\/wp\/v2\/product\/5816","targetHints":{"allow":["GET"]}}],"collection":[{"href":"https:\/\/medicinasinc.com\/sk\/wp-json\/wp\/v2\/product"}],"about":[{"href":"https:\/\/medicinasinc.com\/sk\/wp-json\/wp\/v2\/types\/product"}],"replies":[{"embeddable":true,"href":"https:\/\/medicinasinc.com\/sk\/wp-json\/wp\/v2\/comments?post=5816"}],"wp:featuredmedia":[{"embeddable":true,"href":"https:\/\/medicinasinc.com\/sk\/wp-json\/wp\/v2\/media\/5826"}],"wp:attachment":[{"href":"https:\/\/medicinasinc.com\/sk\/wp-json\/wp\/v2\/media?parent=5816"}],"wp:term":[{"taxonomy":"product_brand","embeddable":true,"href":"https:\/\/medicinasinc.com\/sk\/wp-json\/wp\/v2\/product_brand?post=5816"},{"taxonomy":"product_cat","embeddable":true,"href":"https:\/\/medicinasinc.com\/sk\/wp-json\/wp\/v2\/product_cat?post=5816"},{"taxonomy":"product_tag","embeddable":true,"href":"https:\/\/medicinasinc.com\/sk\/wp-json\/wp\/v2\/product_tag?post=5816"}],"curies":[{"name":"wp","href":"https:\/\/api.w.org\/{rel}","templated":true}]}}