{"id":5810,"date":"2022-02-22T06:41:43","date_gmt":"2022-02-22T06:41:43","guid":{"rendered":"https:\/\/medicinasinc.com\/sk\/?post_type=product&#038;p=5810"},"modified":"2022-03-22T00:49:11","modified_gmt":"2022-03-22T00:49:11","slug":"kupit-nembutal-tablety","status":"publish","type":"product","link":"https:\/\/medicinasinc.com\/sk\/product\/kupit-nembutal-tablety\/","title":{"rendered":"K\u00fapte si Nembutal tablety"},"content":{"rendered":"<p>Nembutal tablety na predaj online za najni\u017e\u0161ie ceny od na\u0161ej renomovanej online lek\u00e1rne<\/p>\n<p>Online platforma zjednodu\u0161ila a zjednodu\u0161ila ka\u017ed\u00e9mu z\u00edska\u0165 tablety Nembutal. Ak m\u00e1te z\u00e1ujem o k\u00fapu tabliet Nembutal aj online, spojte sa s Online lek\u00e1r\u0148ou Nembutal. Na\u0161a lek\u00e1re\u0148 je odhodlan\u00e1, spo\u013eahliv\u00e1 a ekonomick\u00e1 lokalita, kde m\u00f4\u017eete splni\u0165 svoje po\u017eiadavky Nembutalu.<\/p>\n<p>Ver\u00edme v d\u00f4le\u017eitos\u0165 vysokokvalitn\u00fdch polo\u017eiek a sna\u017e\u00edme sa ich poskytn\u00fa\u0165 na\u0161im z\u00e1kazn\u00edkom. Okam\u017eite vybav\u00edme va\u0161u po\u017eiadavku na n\u00e1kup tabliet Nembutal online za najvy\u0161\u0161iu cenu. Nenech\u00e1me v\u00e1s \u010daka\u0165 donekone\u010dna. Na\u0161a online lek\u00e1re\u0148 po\u0161le va\u0161e produkty okam\u017eite. N\u00e1\u0161 distribu\u010dn\u00fd syst\u00e9m je diskr\u00e9tny a bezpe\u010dn\u00fd. Nenech\u00e1vame priestor na chyby. V\u0161etky objedn\u00e1vky s\u00fa tu odborne vybavovan\u00e9. K\u00fapte si ihne\u010f!<\/p>\n<p>Nembutal Tablets \u2013 vzdel\u00e1vajte sa o jeho bezpe\u010dnom pou\u017e\u00edvan\u00ed s pomocou n\u00e1\u0161ho profesion\u00e1lneho t\u00edmu<\/p>\n<p>Nembutal Tablets sa vo ve\u013ekej miere predpisuje na lie\u010dbu nespavosti, sed\u00e1cie a z\u00e1chvatov\u00fdch por\u00fach. Po dlh\u00fa dobu dod\u00e1vame tablety Nembutal do cel\u00e9ho sveta. V niektor\u00fdch pr\u00edpadoch chirurgovia pou\u017e\u00edvaj\u00fa tento liek na upokojenie pacientov pred vykonan\u00edm oper\u00e1cie. Tieto tablety pravidelne testujeme, aby sme zaistili ich \u00fa\u010dinnos\u0165.<\/p>\n<p>K tablet\u00e1m Nembutal zah\u0155\u0148ame sprievodcu liekmi. Pom\u00e1ha to na\u0161im klientom spr\u00e1vne pod\u00e1va\u0165 liek a pochopi\u0165 vhodn\u00fa d\u00e1vku na z\u00e1klade ich hmotnosti, veku a zdravotn\u00e9ho stavu. Okrem toho ver\u00edme, \u017ee tablety Nembutal s\u00fa najjednoduch\u0161\u00edm a naj\u00fa\u010dinnej\u0161\u00edm liekom pre osoby, ktor\u00e9 maj\u00fa probl\u00e9my so sp\u00e1nkom.<\/p>\n<p>Na\u0161i odborn\u00edci s\u00fa tu 24 hod\u00edn denne, aby v\u00e1m pomohli pochopi\u0165 v\u0161etko, \u010do sa t\u00fdka tabliet Nembutal. Na\u0161e tablety Nembutal s\u00fa za rozumn\u00fa cenu. Nemus\u00edte sa v\u0161ak ob\u00e1va\u0165 n\u00e1kladov na tento produkt. Objednajte si svoje po\u017eiadavky ihne\u010f!<\/p>\n","protected":false},"excerpt":{"rendered":"<p>Ako v\u00e1m m\u00f4\u017eeme pom\u00f4c\u0165 k\u00fapi\u0165 nembutalov\u00e9 tablety fenobarbital na predaj online vo Ve\u013ekej Brit\u00e1nii, Eur\u00f3pe? Online lek\u00e1re\u0148 Nembutal je dostupn\u00e1 pre v\u0161etk\u00fdch \u013eud\u00ed na celom svete. M\u00f4\u017eete n\u00e1s kontaktova\u0165 kedyko\u013evek a kdeko\u013evek.<\/p>\n<p>V online lek\u00e1rni Nembutal si m\u00f4\u017eete k\u00fapi\u0165 tablety Nembutalu a necha\u0165 si ich doru\u010di\u0165 na vami uveden\u00fa adresu v priebehu nieko\u013ek\u00fdch dn\u00ed. Tablety Nembutal musia by\u0165 pridan\u00e9 do v\u00e1\u0161ho online n\u00e1kupn\u00e9ho ko\u0161\u00edka, aby ste dokon\u010dili transakciu. Prejdite do sekcie platieb a po pridan\u00ed zapla\u0165te. Objedn\u00e1vku budete m\u00f4c\u0165 zada\u0165 hne\u010f po vykonan\u00ed platby. Va\u0161u objedn\u00e1vku V\u00e1m doru\u010d\u00edme hne\u010f, ako ju prijme na\u0161a internetov\u00e1 lek\u00e1re\u0148. Objednajte si teraz!<\/p>\n","protected":false},"featured_media":5820,"comment_status":"open","ping_status":"closed","template":"","meta":[],"product_brand":[],"product_cat":[3818],"product_tag":[],"class_list":{"0":"post-5810","1":"product","2":"type-product","3":"status-publish","4":"has-post-thumbnail","6":"product_cat-pentobarbital-na-predaj","8":"first","9":"instock","10":"shipping-taxable","11":"purchasable","12":"product-type-variable"},"yoast_head":"<!-- This site is optimized with the Yoast SEO plugin v27.3 - https:\/\/yoast.com\/product\/yoast-seo-wordpress\/ -->\n<title>K\u00fapte si Nembutal tablety \u2013 najlep\u0161ie glob\u00e1lne lieky<\/title>\n<meta name=\"description\" content=\"Ako v\u00e1m m\u00f4\u017eeme pom\u00f4c\u0165 k\u00fapi\u0165 nembutalov\u00e9 tablety fenobarbital na predaj vo Ve\u013ekej Brit\u00e1nii, Eur\u00f3pe online? Online lek\u00e1re\u0148 Nembutal je dostupn\u00e1 pre v\u0161etk\u00fdch \u013eud\u00ed na celom svete. M\u00f4\u017eete n\u00e1s kontaktova\u0165 kedyko\u013evek a kdeko\u013evek.\" \/>\n<meta name=\"robots\" content=\"index, follow, max-snippet:-1, max-image-preview:large, max-video-preview:-1\" \/>\n<link rel=\"canonical\" href=\"https:\/\/medicinasinc.com\/sk\/product\/kupit-nembutal-tablety\/\" \/>\n<meta property=\"og:locale\" content=\"en_US\" \/>\n<meta property=\"og:type\" content=\"article\" \/>\n<meta property=\"og:title\" content=\"K\u00fapte si Nembutal tablety \u2013 najlep\u0161ie glob\u00e1lne lieky\" \/>\n<meta property=\"og:description\" content=\"Ako v\u00e1m m\u00f4\u017eeme pom\u00f4c\u0165 k\u00fapi\u0165 nembutalov\u00e9 tablety fenobarbital na predaj vo Ve\u013ekej Brit\u00e1nii, Eur\u00f3pe online? Online lek\u00e1re\u0148 Nembutal je dostupn\u00e1 pre v\u0161etk\u00fdch \u013eud\u00ed na celom svete. M\u00f4\u017eete n\u00e1s kontaktova\u0165 kedyko\u013evek a kdeko\u013evek.\" \/>\n<meta property=\"og:url\" content=\"https:\/\/medicinasinc.com\/sk\/product\/kupit-nembutal-tablety\/\" \/>\n<meta property=\"og:site_name\" content=\"Medicinas Inc\" \/>\n<meta property=\"article:modified_time\" content=\"2022-03-22T00:49:11+00:00\" \/>\n<meta property=\"og:image\" content=\"https:\/\/medicinasinc.com\/sk\/wp-content\/uploads\/sites\/10\/2022\/02\/Buy-Nembutal-Tablets.jpg\" \/>\n\t<meta property=\"og:image:width\" content=\"600\" \/>\n\t<meta property=\"og:image:height\" content=\"600\" \/>\n\t<meta property=\"og:image:type\" content=\"image\/jpeg\" \/>\n<meta name=\"twitter:card\" content=\"summary_large_image\" \/>\n<meta name=\"twitter:label1\" content=\"Est. reading time\" \/>\n\t<meta name=\"twitter:data1\" content=\"2 minutes\" \/>\n<script type=\"application\/ld+json\" class=\"yoast-schema-graph\">{\"@context\":\"https:\\\/\\\/schema.org\",\"@graph\":[{\"@type\":\"WebPage\",\"@id\":\"https:\\\/\\\/medicinasinc.com\\\/sk\\\/product\\\/kupit-nembutal-tablety\\\/\",\"url\":\"https:\\\/\\\/medicinasinc.com\\\/sk\\\/product\\\/kupit-nembutal-tablety\\\/\",\"name\":\"K\u00fapte si Nembutal tablety \u2013 najlep\u0161ie glob\u00e1lne lieky\",\"isPartOf\":{\"@id\":\"https:\\\/\\\/medicinasinc.com\\\/sk\\\/#website\"},\"primaryImageOfPage\":{\"@id\":\"https:\\\/\\\/medicinasinc.com\\\/sk\\\/product\\\/kupit-nembutal-tablety\\\/#primaryimage\"},\"image\":{\"@id\":\"https:\\\/\\\/medicinasinc.com\\\/sk\\\/product\\\/kupit-nembutal-tablety\\\/#primaryimage\"},\"thumbnailUrl\":\"https:\\\/\\\/medicinasinc.com\\\/sk\\\/wp-content\\\/uploads\\\/sites\\\/10\\\/2022\\\/02\\\/Buy-Nembutal-Tablets.jpg\",\"datePublished\":\"2022-02-22T06:41:43+00:00\",\"dateModified\":\"2022-03-22T00:49:11+00:00\",\"description\":\"Ako v\u00e1m m\u00f4\u017eeme pom\u00f4c\u0165 k\u00fapi\u0165 nembutalov\u00e9 tablety fenobarbital na predaj vo Ve\u013ekej Brit\u00e1nii, Eur\u00f3pe online? Online lek\u00e1re\u0148 Nembutal je dostupn\u00e1 pre v\u0161etk\u00fdch \u013eud\u00ed na celom svete. M\u00f4\u017eete n\u00e1s kontaktova\u0165 kedyko\u013evek a kdeko\u013evek.\",\"breadcrumb\":{\"@id\":\"https:\\\/\\\/medicinasinc.com\\\/sk\\\/product\\\/kupit-nembutal-tablety\\\/#breadcrumb\"},\"inLanguage\":\"en-US\",\"potentialAction\":[{\"@type\":\"ReadAction\",\"target\":[\"https:\\\/\\\/medicinasinc.com\\\/sk\\\/product\\\/kupit-nembutal-tablety\\\/\"]}]},{\"@type\":\"ImageObject\",\"inLanguage\":\"en-US\",\"@id\":\"https:\\\/\\\/medicinasinc.com\\\/sk\\\/product\\\/kupit-nembutal-tablety\\\/#primaryimage\",\"url\":\"https:\\\/\\\/medicinasinc.com\\\/sk\\\/wp-content\\\/uploads\\\/sites\\\/10\\\/2022\\\/02\\\/Buy-Nembutal-Tablets.jpg\",\"contentUrl\":\"https:\\\/\\\/medicinasinc.com\\\/sk\\\/wp-content\\\/uploads\\\/sites\\\/10\\\/2022\\\/02\\\/Buy-Nembutal-Tablets.jpg\",\"width\":600,\"height\":600},{\"@type\":\"BreadcrumbList\",\"@id\":\"https:\\\/\\\/medicinasinc.com\\\/sk\\\/product\\\/kupit-nembutal-tablety\\\/#breadcrumb\",\"itemListElement\":[{\"@type\":\"ListItem\",\"position\":1,\"name\":\"Obchod\",\"item\":\"https:\\\/\\\/medicinasinc.com\\\/sk\\\/obchod\\\/\"},{\"@type\":\"ListItem\",\"position\":2,\"name\":\"K\u00fapte si Nembutal tablety\"}]},{\"@type\":\"WebSite\",\"@id\":\"https:\\\/\\\/medicinasinc.com\\\/sk\\\/#website\",\"url\":\"https:\\\/\\\/medicinasinc.com\\\/sk\\\/\",\"name\":\"Medicinas Inc\",\"description\":\"Health Medical Clinic\",\"potentialAction\":[{\"@type\":\"SearchAction\",\"target\":{\"@type\":\"EntryPoint\",\"urlTemplate\":\"https:\\\/\\\/medicinasinc.com\\\/sk\\\/?s={search_term_string}\"},\"query-input\":{\"@type\":\"PropertyValueSpecification\",\"valueRequired\":true,\"valueName\":\"search_term_string\"}}],\"inLanguage\":\"en-US\"}]}<\/script>\n<!-- \/ Yoast SEO plugin. -->","yoast_head_json":{"title":"K\u00fapte si Nembutal tablety \u2013 najlep\u0161ie glob\u00e1lne lieky","description":"Ako v\u00e1m m\u00f4\u017eeme pom\u00f4c\u0165 k\u00fapi\u0165 nembutalov\u00e9 tablety fenobarbital na predaj vo Ve\u013ekej Brit\u00e1nii, Eur\u00f3pe online? Online lek\u00e1re\u0148 Nembutal je dostupn\u00e1 pre v\u0161etk\u00fdch \u013eud\u00ed na celom svete. M\u00f4\u017eete n\u00e1s kontaktova\u0165 kedyko\u013evek a kdeko\u013evek.","robots":{"index":"index","follow":"follow","max-snippet":"max-snippet:-1","max-image-preview":"max-image-preview:large","max-video-preview":"max-video-preview:-1"},"canonical":"https:\/\/medicinasinc.com\/sk\/product\/kupit-nembutal-tablety\/","og_locale":"en_US","og_type":"article","og_title":"K\u00fapte si Nembutal tablety \u2013 najlep\u0161ie glob\u00e1lne lieky","og_description":"Ako v\u00e1m m\u00f4\u017eeme pom\u00f4c\u0165 k\u00fapi\u0165 nembutalov\u00e9 tablety fenobarbital na predaj vo Ve\u013ekej Brit\u00e1nii, Eur\u00f3pe online? Online lek\u00e1re\u0148 Nembutal je dostupn\u00e1 pre v\u0161etk\u00fdch \u013eud\u00ed na celom svete. M\u00f4\u017eete n\u00e1s kontaktova\u0165 kedyko\u013evek a kdeko\u013evek.","og_url":"https:\/\/medicinasinc.com\/sk\/product\/kupit-nembutal-tablety\/","og_site_name":"Medicinas Inc","article_modified_time":"2022-03-22T00:49:11+00:00","og_image":[{"width":600,"height":600,"url":"https:\/\/medicinasinc.com\/sk\/wp-content\/uploads\/sites\/10\/2022\/02\/Buy-Nembutal-Tablets.jpg","type":"image\/jpeg"}],"twitter_card":"summary_large_image","twitter_misc":{"Est. reading time":"2 minutes"},"schema":{"@context":"https:\/\/schema.org","@graph":[{"@type":"WebPage","@id":"https:\/\/medicinasinc.com\/sk\/product\/kupit-nembutal-tablety\/","url":"https:\/\/medicinasinc.com\/sk\/product\/kupit-nembutal-tablety\/","name":"K\u00fapte si Nembutal tablety \u2013 najlep\u0161ie glob\u00e1lne lieky","isPartOf":{"@id":"https:\/\/medicinasinc.com\/sk\/#website"},"primaryImageOfPage":{"@id":"https:\/\/medicinasinc.com\/sk\/product\/kupit-nembutal-tablety\/#primaryimage"},"image":{"@id":"https:\/\/medicinasinc.com\/sk\/product\/kupit-nembutal-tablety\/#primaryimage"},"thumbnailUrl":"https:\/\/medicinasinc.com\/sk\/wp-content\/uploads\/sites\/10\/2022\/02\/Buy-Nembutal-Tablets.jpg","datePublished":"2022-02-22T06:41:43+00:00","dateModified":"2022-03-22T00:49:11+00:00","description":"Ako v\u00e1m m\u00f4\u017eeme pom\u00f4c\u0165 k\u00fapi\u0165 nembutalov\u00e9 tablety fenobarbital na predaj vo Ve\u013ekej Brit\u00e1nii, Eur\u00f3pe online? Online lek\u00e1re\u0148 Nembutal je dostupn\u00e1 pre v\u0161etk\u00fdch \u013eud\u00ed na celom svete. M\u00f4\u017eete n\u00e1s kontaktova\u0165 kedyko\u013evek a kdeko\u013evek.","breadcrumb":{"@id":"https:\/\/medicinasinc.com\/sk\/product\/kupit-nembutal-tablety\/#breadcrumb"},"inLanguage":"en-US","potentialAction":[{"@type":"ReadAction","target":["https:\/\/medicinasinc.com\/sk\/product\/kupit-nembutal-tablety\/"]}]},{"@type":"ImageObject","inLanguage":"en-US","@id":"https:\/\/medicinasinc.com\/sk\/product\/kupit-nembutal-tablety\/#primaryimage","url":"https:\/\/medicinasinc.com\/sk\/wp-content\/uploads\/sites\/10\/2022\/02\/Buy-Nembutal-Tablets.jpg","contentUrl":"https:\/\/medicinasinc.com\/sk\/wp-content\/uploads\/sites\/10\/2022\/02\/Buy-Nembutal-Tablets.jpg","width":600,"height":600},{"@type":"BreadcrumbList","@id":"https:\/\/medicinasinc.com\/sk\/product\/kupit-nembutal-tablety\/#breadcrumb","itemListElement":[{"@type":"ListItem","position":1,"name":"Obchod","item":"https:\/\/medicinasinc.com\/sk\/obchod\/"},{"@type":"ListItem","position":2,"name":"K\u00fapte si Nembutal tablety"}]},{"@type":"WebSite","@id":"https:\/\/medicinasinc.com\/sk\/#website","url":"https:\/\/medicinasinc.com\/sk\/","name":"Medicinas Inc","description":"Health Medical Clinic","potentialAction":[{"@type":"SearchAction","target":{"@type":"EntryPoint","urlTemplate":"https:\/\/medicinasinc.com\/sk\/?s={search_term_string}"},"query-input":{"@type":"PropertyValueSpecification","valueRequired":true,"valueName":"search_term_string"}}],"inLanguage":"en-US"}]}},"_links":{"self":[{"href":"https:\/\/medicinasinc.com\/sk\/wp-json\/wp\/v2\/product\/5810","targetHints":{"allow":["GET"]}}],"collection":[{"href":"https:\/\/medicinasinc.com\/sk\/wp-json\/wp\/v2\/product"}],"about":[{"href":"https:\/\/medicinasinc.com\/sk\/wp-json\/wp\/v2\/types\/product"}],"replies":[{"embeddable":true,"href":"https:\/\/medicinasinc.com\/sk\/wp-json\/wp\/v2\/comments?post=5810"}],"wp:featuredmedia":[{"embeddable":true,"href":"https:\/\/medicinasinc.com\/sk\/wp-json\/wp\/v2\/media\/5820"}],"wp:attachment":[{"href":"https:\/\/medicinasinc.com\/sk\/wp-json\/wp\/v2\/media?parent=5810"}],"wp:term":[{"taxonomy":"product_brand","embeddable":true,"href":"https:\/\/medicinasinc.com\/sk\/wp-json\/wp\/v2\/product_brand?post=5810"},{"taxonomy":"product_cat","embeddable":true,"href":"https:\/\/medicinasinc.com\/sk\/wp-json\/wp\/v2\/product_cat?post=5810"},{"taxonomy":"product_tag","embeddable":true,"href":"https:\/\/medicinasinc.com\/sk\/wp-json\/wp\/v2\/product_tag?post=5810"}],"curies":[{"name":"wp","href":"https:\/\/api.w.org\/{rel}","templated":true}]}}