{"id":5804,"date":"2022-02-22T06:35:00","date_gmt":"2022-02-22T06:35:00","guid":{"rendered":"https:\/\/medicinasinc.com\/sk\/?post_type=product&#038;p=5804"},"modified":"2022-03-22T00:49:20","modified_gmt":"2022-03-22T00:49:20","slug":"kupit-pentobarbital-sodik-online","status":"publish","type":"product","link":"https:\/\/medicinasinc.com\/sk\/product\/kupit-pentobarbital-sodik-online\/","title":{"rendered":"K\u00fapi\u0165 pentobarbital sodn\u00fd online"},"content":{"rendered":"<p>K\u00fapte si pentobarbital sodn\u00fd online.<\/p>\n<p>Intraven\u00f3zna alebo intramuskul\u00e1rna injekcia roztoku NEMBUTAL sodn\u00e9ho (injekcia pentobarbitalu sodn\u00e9ho) je bezpe\u010dn\u00e1 a jednoduch\u00e1 pomocou tohto steriln\u00e9ho roztoku. Na injekciu obsahuje ka\u017ed\u00fd mililiter 50 miligramov pentobarbitalu sodn\u00e9ho rozpusten\u00e9ho v propyl\u00e9nglykole 40 percent, etanole 10 percent a vode. Pomocou kyseliny chlorovod\u00edkovej alebo hydroxidu sodn\u00e9ho je mo\u017en\u00e9 pH upravi\u0165 a\u017e na 9,5. M\u00f4\u017ee sa poda\u0165 injek\u010dne do svalu alebo \u017eily pacienta. Online n\u00e1kup pentobarbitalu sodn\u00e9ho na eutan\u00e1ziu zvierat, pentobarbitalu sodn\u00e9ho na eutan\u00e1ziu zvierat, skupiny pentobarbitalu sodn\u00e9ho, \u200b\u200btekut\u00e9ho pentobarbitalu sodn\u00e9ho.<\/p>\n<p>V Best Global Meds si teraz m\u00f4\u017eete k\u00fapi\u0165 pentobarbital sodn\u00fd online. Objednajte si Pentobarbital Sodium Injection online a nechajte si ho doru\u010di\u0165 a\u017e k va\u0161im dver\u00e1m v danom \u010dasovom r\u00e1mci. Okam\u017eite n\u00e1s pros\u00edm kontaktujte! Pentobarbital sodn\u00fd na eutan\u00e1ziu zvierat, tekut\u00fd pentobarbital sodn\u00fd<\/p>\n<p>Pentobarbital: \u010co to je a ako sa pou\u017e\u00edva?<\/p>\n<p>Kr\u00e1tkodob\u00e9 u\u017e\u00edvanie pentobarbitalu, barbitur\u00e1tu, sa pou\u017e\u00edva na lie\u010dbu nespavosti. Na usp\u00e1vanie pacientov pred oper\u00e1ciou sa m\u00f4\u017ee pentobarbital pou\u017ei\u0165 aj ako n\u00fadzov\u00e1 terapia. Online n\u00e1kup pentobarbitalu sodn\u00e9ho, \u200b\u200bpentobarbitalu sodn\u00e9ho na eutan\u00e1ziu zvierat a pentobarbitalu sodn\u00e9ho<\/p>\n<p>Pentobarbital m\u00f4\u017ee vo vysok\u00fdch d\u00e1vkach sp\u00f4sobi\u0165 zastavenie d\u00fdchania, \u010do m\u00f4\u017ee vies\u0165 k smrti. Niektor\u00e9 \u0161t\u00e1ty a feder\u00e1lna vl\u00e1da v Spojen\u00fdch \u0161t\u00e1toch ho pou\u017e\u00edvaj\u00fa na popravy zlo\u010dincov, ako aj na eutan\u00e1ziu zvierat. K\u00fapte si pentobarbital sodn\u00fd online.<\/p>\n<p>Pri pod\u00e1van\u00ed v smrte\u013en\u00fdch mno\u017estv\u00e1ch je pentobarbital smrte\u013en\u00fd. S t\u00fdmto liekom je mo\u017en\u00e9 vykona\u0165 eutan\u00e1ziu zvierat a \u013eud\u00ed. V komer\u010dn\u00fdch injekci\u00e1ch na eutan\u00e1ziu zvierat sa m\u00f4\u017ee pou\u017ei\u0165 samostatne alebo v spojen\u00ed s in\u00fdmi liekmi, ako je fenyto\u00edn.<\/p>\n<p>Eutan\u00e1zia s pentobarbitalom<\/p>\n<p>Jeden z naj\u010dastej\u0161ie pou\u017e\u00edvan\u00fdch barbitur\u00e1tov na anest\u00e9ziu a eutan\u00e1ziu vo veterin\u00e1rnej oblasti je to pentobarbital (Nembutal). Ak chcete pokojne zomrie\u0165, je to vynikaj\u00faca vo\u013eba pre eutan\u00e1ziu alebo asistovan\u00fa samovra\u017edu. K\u00fapte si pentobarbital sodn\u00fd online.<\/p>\n<p>Ak\u00fdm sp\u00f4sobom sa pentobarbital sodn\u00fd pod\u00e1va?<br \/> Pentobarbital je sedat\u00edvum, ktor\u00e9 sa m\u00f4\u017ee pod\u00e1va\u0165 intraven\u00f3zne alebo intraperitone\u00e1lne. Pentobarbital sa m\u00f4\u017ee pod\u00e1va\u0165 ako bolus (Borkowski a kol., 1990) alebo CRI, ke\u010f sa pou\u017e\u00edva ako celkov\u00e9 anestetikum. Nepohodlie pri injekcii a tromboflebit\u00edda s\u00fa mo\u017en\u00fdmi ved\u013eaj\u0161\u00edmi \u00fa\u010dinkami propyl\u00e9nglykolu, \u010dastej zlo\u017eky komer\u010dn\u00fdch lie\u010debn\u00fdch postupov. K\u00fapte si pentobarbital sodn\u00fd online.<\/p>\n<p>&nbsp;<\/p>\n<p>N\u00e1kup pentobarbitalu sodn\u00e9ho v Spojenom kr\u00e1\u013eovstve, z\u00edskanie pentobarbitalu sodn\u00e9ho pre psov, z\u00edskanie liekov na spanie s obsahom pentobarbitalu sodn\u00e9ho, \u200b\u200bz\u00edskanie nembutalu sodn\u00e9ho pentobarbital a z\u00edskanie pentobarbitalu sodn\u00e9ho cez pult s\u00fa v\u0161etky mo\u017en\u00e9 mo\u017enosti. Mo\u017enos\u0165ou je aj n\u00e1kup pentobarbitalu sodn\u00e9ho vo Ve\u013ekej Brit\u00e1nii. Pou\u017eitie lieku pentobarbital, tie\u017e zn\u00e1meho ako pentobarbitalov\u00e1 so\u013e, je sedat\u00edvum pou\u017e\u00edvan\u00e9 na lie\u010dbu z\u00e1chvatov u psov. Pentobarbital Sodium Online, Pentobarbital Sodium Buy, Pentobarbital Sodium China, Pentobarbital Sodium Death, D\u00e1vkovanie pentobarbitalu Sodium, Pentobarbital Sodium Injection pre psov, Pentobarbital Sodium Injection pre \u013eud\u00ed, Pentobarbital Sodium Group, Pentobarbital sodn\u00fd Injekcia, Pentobarbital sodn\u00fd Injek\u010dn\u00fd pentobarbital pre psov \/p&gt;<\/p>\n","protected":false},"excerpt":{"rendered":"<p>Nembutal Pentobarbital na predaj Ve\u013ek\u00e1 Brit\u00e1nia, Eur\u00f3pa online za najlep\u0161ie ceny mo\u017eno n\u00e1js\u0165 iba v Online Nembutal Pharmacy.<\/p>\n<p>Na intraven\u00f3zne alebo intramuskul\u00e1rne pou\u017eitie je injekcia pentobarbitalu sodn\u00e9ho steriln\u00e1. Na injekciu obsahuje ka\u017ed\u00fd mililiter 50 miligramov pentobarbitalu sodn\u00e9ho rozpusten\u00e9ho v propyl\u00e9nglykole 40 percent, etanole 10 percent a vode. Pomocou kyseliny chlorovod\u00edkovej alebo hydroxidu sodn\u00e9ho je mo\u017en\u00e9 hodnotu pH upravi\u0165 a\u017e na 9,5.<\/p>\n","protected":false},"featured_media":5814,"comment_status":"open","ping_status":"closed","template":"","meta":[],"product_brand":[],"product_cat":[3818],"product_tag":[],"class_list":{"0":"post-5804","1":"product","2":"type-product","3":"status-publish","4":"has-post-thumbnail","6":"product_cat-pentobarbital-na-predaj","8":"first","9":"instock","10":"shipping-taxable","11":"purchasable","12":"product-type-variable"},"yoast_head":"<!-- This site is optimized with the Yoast SEO plugin v27.3 - https:\/\/yoast.com\/product\/yoast-seo-wordpress\/ -->\n<title>K\u00fapte si pentobarbital sodn\u00fd online \u2013 najlep\u0161ie glob\u00e1lne lieky<\/title>\n<meta name=\"description\" content=\"Online lek\u00e1re\u0148 Nembutal je jedinou spo\u013eahlivou destin\u00e1ciou, kde si m\u00f4\u017eete k\u00fapi\u0165 Nembutal Pentobarbital na predaj vo Ve\u013ekej Brit\u00e1nii, Eur\u00f3pe online za najlep\u0161ie dostupn\u00e9 ceny.\" \/>\n<meta name=\"robots\" content=\"index, follow, max-snippet:-1, max-image-preview:large, max-video-preview:-1\" \/>\n<link rel=\"canonical\" href=\"https:\/\/medicinasinc.com\/sk\/product\/kupit-pentobarbital-sodik-online\/\" \/>\n<meta property=\"og:locale\" content=\"en_US\" \/>\n<meta property=\"og:type\" content=\"article\" \/>\n<meta property=\"og:title\" content=\"K\u00fapte si pentobarbital sodn\u00fd online \u2013 najlep\u0161ie glob\u00e1lne lieky\" \/>\n<meta property=\"og:description\" content=\"Online lek\u00e1re\u0148 Nembutal je jedinou spo\u013eahlivou destin\u00e1ciou, kde si m\u00f4\u017eete k\u00fapi\u0165 Nembutal Pentobarbital na predaj vo Ve\u013ekej Brit\u00e1nii, Eur\u00f3pe online za najlep\u0161ie dostupn\u00e9 ceny.\" \/>\n<meta property=\"og:url\" content=\"https:\/\/medicinasinc.com\/sk\/product\/kupit-pentobarbital-sodik-online\/\" \/>\n<meta property=\"og:site_name\" content=\"Medicinas Inc\" \/>\n<meta property=\"article:modified_time\" content=\"2022-03-22T00:49:20+00:00\" \/>\n<meta property=\"og:image\" content=\"https:\/\/medicinasinc.com\/sk\/wp-content\/uploads\/sites\/10\/2022\/02\/buy-Nembutal-Pentobarbital.jpg\" \/>\n\t<meta property=\"og:image:width\" content=\"600\" \/>\n\t<meta property=\"og:image:height\" content=\"600\" \/>\n\t<meta property=\"og:image:type\" content=\"image\/jpeg\" \/>\n<meta name=\"twitter:card\" content=\"summary_large_image\" \/>\n<meta name=\"twitter:label1\" content=\"Est. reading time\" \/>\n\t<meta name=\"twitter:data1\" content=\"3 minutes\" \/>\n<script type=\"application\/ld+json\" class=\"yoast-schema-graph\">{\"@context\":\"https:\\\/\\\/schema.org\",\"@graph\":[{\"@type\":\"WebPage\",\"@id\":\"https:\\\/\\\/medicinasinc.com\\\/sk\\\/product\\\/kupit-pentobarbital-sodik-online\\\/\",\"url\":\"https:\\\/\\\/medicinasinc.com\\\/sk\\\/product\\\/kupit-pentobarbital-sodik-online\\\/\",\"name\":\"K\u00fapte si pentobarbital sodn\u00fd online \u2013 najlep\u0161ie glob\u00e1lne lieky\",\"isPartOf\":{\"@id\":\"https:\\\/\\\/medicinasinc.com\\\/sk\\\/#website\"},\"primaryImageOfPage\":{\"@id\":\"https:\\\/\\\/medicinasinc.com\\\/sk\\\/product\\\/kupit-pentobarbital-sodik-online\\\/#primaryimage\"},\"image\":{\"@id\":\"https:\\\/\\\/medicinasinc.com\\\/sk\\\/product\\\/kupit-pentobarbital-sodik-online\\\/#primaryimage\"},\"thumbnailUrl\":\"https:\\\/\\\/medicinasinc.com\\\/sk\\\/wp-content\\\/uploads\\\/sites\\\/10\\\/2022\\\/02\\\/buy-Nembutal-Pentobarbital.jpg\",\"datePublished\":\"2022-02-22T06:35:00+00:00\",\"dateModified\":\"2022-03-22T00:49:20+00:00\",\"description\":\"Online lek\u00e1re\u0148 Nembutal je jedinou spo\u013eahlivou destin\u00e1ciou, kde si m\u00f4\u017eete k\u00fapi\u0165 Nembutal Pentobarbital na predaj vo Ve\u013ekej Brit\u00e1nii, Eur\u00f3pe online za najlep\u0161ie dostupn\u00e9 ceny.\",\"breadcrumb\":{\"@id\":\"https:\\\/\\\/medicinasinc.com\\\/sk\\\/product\\\/kupit-pentobarbital-sodik-online\\\/#breadcrumb\"},\"inLanguage\":\"en-US\",\"potentialAction\":[{\"@type\":\"ReadAction\",\"target\":[\"https:\\\/\\\/medicinasinc.com\\\/sk\\\/product\\\/kupit-pentobarbital-sodik-online\\\/\"]}]},{\"@type\":\"ImageObject\",\"inLanguage\":\"en-US\",\"@id\":\"https:\\\/\\\/medicinasinc.com\\\/sk\\\/product\\\/kupit-pentobarbital-sodik-online\\\/#primaryimage\",\"url\":\"https:\\\/\\\/medicinasinc.com\\\/sk\\\/wp-content\\\/uploads\\\/sites\\\/10\\\/2022\\\/02\\\/buy-Nembutal-Pentobarbital.jpg\",\"contentUrl\":\"https:\\\/\\\/medicinasinc.com\\\/sk\\\/wp-content\\\/uploads\\\/sites\\\/10\\\/2022\\\/02\\\/buy-Nembutal-Pentobarbital.jpg\",\"width\":600,\"height\":600,\"caption\":\"Buy Nembutal Online\"},{\"@type\":\"BreadcrumbList\",\"@id\":\"https:\\\/\\\/medicinasinc.com\\\/sk\\\/product\\\/kupit-pentobarbital-sodik-online\\\/#breadcrumb\",\"itemListElement\":[{\"@type\":\"ListItem\",\"position\":1,\"name\":\"Obchod\",\"item\":\"https:\\\/\\\/medicinasinc.com\\\/sk\\\/obchod\\\/\"},{\"@type\":\"ListItem\",\"position\":2,\"name\":\"K\u00fapi\u0165 pentobarbital sodn\u00fd online\"}]},{\"@type\":\"WebSite\",\"@id\":\"https:\\\/\\\/medicinasinc.com\\\/sk\\\/#website\",\"url\":\"https:\\\/\\\/medicinasinc.com\\\/sk\\\/\",\"name\":\"Medicinas Inc\",\"description\":\"Health Medical Clinic\",\"potentialAction\":[{\"@type\":\"SearchAction\",\"target\":{\"@type\":\"EntryPoint\",\"urlTemplate\":\"https:\\\/\\\/medicinasinc.com\\\/sk\\\/?s={search_term_string}\"},\"query-input\":{\"@type\":\"PropertyValueSpecification\",\"valueRequired\":true,\"valueName\":\"search_term_string\"}}],\"inLanguage\":\"en-US\"}]}<\/script>\n<!-- \/ Yoast SEO plugin. -->","yoast_head_json":{"title":"K\u00fapte si pentobarbital sodn\u00fd online \u2013 najlep\u0161ie glob\u00e1lne lieky","description":"Online lek\u00e1re\u0148 Nembutal je jedinou spo\u013eahlivou destin\u00e1ciou, kde si m\u00f4\u017eete k\u00fapi\u0165 Nembutal Pentobarbital na predaj vo Ve\u013ekej Brit\u00e1nii, Eur\u00f3pe online za najlep\u0161ie dostupn\u00e9 ceny.","robots":{"index":"index","follow":"follow","max-snippet":"max-snippet:-1","max-image-preview":"max-image-preview:large","max-video-preview":"max-video-preview:-1"},"canonical":"https:\/\/medicinasinc.com\/sk\/product\/kupit-pentobarbital-sodik-online\/","og_locale":"en_US","og_type":"article","og_title":"K\u00fapte si pentobarbital sodn\u00fd online \u2013 najlep\u0161ie glob\u00e1lne lieky","og_description":"Online lek\u00e1re\u0148 Nembutal je jedinou spo\u013eahlivou destin\u00e1ciou, kde si m\u00f4\u017eete k\u00fapi\u0165 Nembutal Pentobarbital na predaj vo Ve\u013ekej Brit\u00e1nii, Eur\u00f3pe online za najlep\u0161ie dostupn\u00e9 ceny.","og_url":"https:\/\/medicinasinc.com\/sk\/product\/kupit-pentobarbital-sodik-online\/","og_site_name":"Medicinas Inc","article_modified_time":"2022-03-22T00:49:20+00:00","og_image":[{"width":600,"height":600,"url":"https:\/\/medicinasinc.com\/sk\/wp-content\/uploads\/sites\/10\/2022\/02\/buy-Nembutal-Pentobarbital.jpg","type":"image\/jpeg"}],"twitter_card":"summary_large_image","twitter_misc":{"Est. reading time":"3 minutes"},"schema":{"@context":"https:\/\/schema.org","@graph":[{"@type":"WebPage","@id":"https:\/\/medicinasinc.com\/sk\/product\/kupit-pentobarbital-sodik-online\/","url":"https:\/\/medicinasinc.com\/sk\/product\/kupit-pentobarbital-sodik-online\/","name":"K\u00fapte si pentobarbital sodn\u00fd online \u2013 najlep\u0161ie glob\u00e1lne lieky","isPartOf":{"@id":"https:\/\/medicinasinc.com\/sk\/#website"},"primaryImageOfPage":{"@id":"https:\/\/medicinasinc.com\/sk\/product\/kupit-pentobarbital-sodik-online\/#primaryimage"},"image":{"@id":"https:\/\/medicinasinc.com\/sk\/product\/kupit-pentobarbital-sodik-online\/#primaryimage"},"thumbnailUrl":"https:\/\/medicinasinc.com\/sk\/wp-content\/uploads\/sites\/10\/2022\/02\/buy-Nembutal-Pentobarbital.jpg","datePublished":"2022-02-22T06:35:00+00:00","dateModified":"2022-03-22T00:49:20+00:00","description":"Online lek\u00e1re\u0148 Nembutal je jedinou spo\u013eahlivou destin\u00e1ciou, kde si m\u00f4\u017eete k\u00fapi\u0165 Nembutal Pentobarbital na predaj vo Ve\u013ekej Brit\u00e1nii, Eur\u00f3pe online za najlep\u0161ie dostupn\u00e9 ceny.","breadcrumb":{"@id":"https:\/\/medicinasinc.com\/sk\/product\/kupit-pentobarbital-sodik-online\/#breadcrumb"},"inLanguage":"en-US","potentialAction":[{"@type":"ReadAction","target":["https:\/\/medicinasinc.com\/sk\/product\/kupit-pentobarbital-sodik-online\/"]}]},{"@type":"ImageObject","inLanguage":"en-US","@id":"https:\/\/medicinasinc.com\/sk\/product\/kupit-pentobarbital-sodik-online\/#primaryimage","url":"https:\/\/medicinasinc.com\/sk\/wp-content\/uploads\/sites\/10\/2022\/02\/buy-Nembutal-Pentobarbital.jpg","contentUrl":"https:\/\/medicinasinc.com\/sk\/wp-content\/uploads\/sites\/10\/2022\/02\/buy-Nembutal-Pentobarbital.jpg","width":600,"height":600,"caption":"Buy Nembutal Online"},{"@type":"BreadcrumbList","@id":"https:\/\/medicinasinc.com\/sk\/product\/kupit-pentobarbital-sodik-online\/#breadcrumb","itemListElement":[{"@type":"ListItem","position":1,"name":"Obchod","item":"https:\/\/medicinasinc.com\/sk\/obchod\/"},{"@type":"ListItem","position":2,"name":"K\u00fapi\u0165 pentobarbital sodn\u00fd online"}]},{"@type":"WebSite","@id":"https:\/\/medicinasinc.com\/sk\/#website","url":"https:\/\/medicinasinc.com\/sk\/","name":"Medicinas Inc","description":"Health Medical Clinic","potentialAction":[{"@type":"SearchAction","target":{"@type":"EntryPoint","urlTemplate":"https:\/\/medicinasinc.com\/sk\/?s={search_term_string}"},"query-input":{"@type":"PropertyValueSpecification","valueRequired":true,"valueName":"search_term_string"}}],"inLanguage":"en-US"}]}},"_links":{"self":[{"href":"https:\/\/medicinasinc.com\/sk\/wp-json\/wp\/v2\/product\/5804","targetHints":{"allow":["GET"]}}],"collection":[{"href":"https:\/\/medicinasinc.com\/sk\/wp-json\/wp\/v2\/product"}],"about":[{"href":"https:\/\/medicinasinc.com\/sk\/wp-json\/wp\/v2\/types\/product"}],"replies":[{"embeddable":true,"href":"https:\/\/medicinasinc.com\/sk\/wp-json\/wp\/v2\/comments?post=5804"}],"wp:featuredmedia":[{"embeddable":true,"href":"https:\/\/medicinasinc.com\/sk\/wp-json\/wp\/v2\/media\/5814"}],"wp:attachment":[{"href":"https:\/\/medicinasinc.com\/sk\/wp-json\/wp\/v2\/media?parent=5804"}],"wp:term":[{"taxonomy":"product_brand","embeddable":true,"href":"https:\/\/medicinasinc.com\/sk\/wp-json\/wp\/v2\/product_brand?post=5804"},{"taxonomy":"product_cat","embeddable":true,"href":"https:\/\/medicinasinc.com\/sk\/wp-json\/wp\/v2\/product_cat?post=5804"},{"taxonomy":"product_tag","embeddable":true,"href":"https:\/\/medicinasinc.com\/sk\/wp-json\/wp\/v2\/product_tag?post=5804"}],"curies":[{"name":"wp","href":"https:\/\/api.w.org\/{rel}","templated":true}]}}