{"id":5798,"date":"2022-02-22T06:27:38","date_gmt":"2022-02-22T06:27:38","guid":{"rendered":"https:\/\/medicinasinc.com\/sk\/?post_type=product&#038;p=5798"},"modified":"2022-03-22T00:49:32","modified_gmt":"2022-03-22T00:49:32","slug":"buy-phenobarbital-phenobarbital-luminal","status":"publish","type":"product","link":"https:\/\/medicinasinc.com\/sk\/product\/buy-phenobarbital-phenobarbital-luminal\/","title":{"rendered":"K\u00fapi\u0165 Phenobarbital (Phenobarbital) \/ Luminal"},"content":{"rendered":"<p>Nakupujte lacn\u00fd Phenobarbital Luminal Phenobarbital Luminal online od renomovanej lek\u00e1rne za najlep\u0161iu cenu<\/p>\n<p>Pou\u017e\u00edvanie online lek\u00e1rne, ako je Nembutal Pharmacy, je pre spotrebite\u013eov pohodln\u00fdm sp\u00f4sobom, ako z\u00edska\u0165 svoje predpisy a lieky. Phenobarbital Luminal online si m\u00f4\u017eete kedyko\u013evek zak\u00fapi\u0165 na na\u0161ej webovej str\u00e1nke, tak\u017ee si to nenechajte ujs\u0165. Tu si m\u00f4\u017eete k\u00fapi\u0165 tento liek za rozumn\u00fa cenu.<\/p>\n<p>V na\u0161ej online lek\u00e1rni si m\u00f4\u017eete by\u0165 ist\u00ed, \u017ee v\u017edy dostanete lieky vysokej kvality. Z\u00e1kazn\u00edci m\u00f4\u017eu o\u010dak\u00e1va\u0165, \u017ee ich recepty dorazia do tejto lek\u00e1rne v\u010das. V na\u0161ej pr\u00e1ci netolerujeme \u017eiadnu pomalos\u0165 a ka\u017ed\u00fa \u00falohu dokon\u010d\u00edme r\u00fdchlo. Okam\u017eite sa s nami spojte, objednajte si Phenobarbital Luminal online za najlep\u0161iu cenu a ak h\u013ead\u00e1te online lek\u00e1re\u0148, ako je na\u0161a, nechajte si ho r\u00fdchlo doru\u010di\u0165!<\/p>\n<p>Luminal Phenobarbital: \u010co m\u00f4\u017eeme urobi\u0165, aby ste ho pou\u017e\u00edvali Bezpe\u010dne?<\/p>\n<p>Fenobarbital Luminal je osved\u010den\u00fd liek na lie\u010dbu epileptick\u00fdch z\u00e1chvatov. Tento liek m\u00f4\u017eete u\u017e\u00edva\u0165 aj na lie\u010dbu \u00fazkosti, nespavosti a in\u00fdch stavov. Pred u\u017eit\u00edm tohto lieku by ste sa mali poradi\u0165 so svoj\u00edm lek\u00e1rom. Fenobarbital Luminal by ste mali za\u010da\u0165 u\u017e\u00edva\u0165 a\u017e po d\u00f4kladnej diskusii so svoj\u00edm lek\u00e1rom.<\/p>\n<p>Pri ka\u017edej objedn\u00e1vke poskytuje na\u0161a online lek\u00e1re\u0148 podrobn\u00e9ho sprievodcu liekmi. Z tohto d\u00f4vodu m\u00f4\u017eete bezpe\u010dne dodr\u017eiava\u0165 pokyny lieku a pou\u017e\u00edva\u0165 ho. Sme tu, aby sme v\u00e1m \u010do najviac zjednodu\u0161ili objedn\u00e1vanie Phenobarbital Luminal online. Vyu\u017eite v\u00fdhody tohto lieku a okam\u017eite n\u00e1s kontaktujte. Sme tu, aby sme v\u00e1m v\u017edy pomohli.<\/p>\n","protected":false},"excerpt":{"rendered":"<p>Ktor\u00e1 online lek\u00e1re\u0148 pon\u00faka najlacnej\u0161\u00ed Phenobarbital Luminal?<\/p>\n<p>Na\u0161a online lek\u00e1re\u0148 moment\u00e1lne pred\u00e1va tabletky Phenobarbital Luminal. Objedn\u00e1vky na predaj Phenobarbital Luminal s\u00fa spracovan\u00e9 tak r\u00fdchlo, ako je to mo\u017en\u00e9. Jednoducho n\u00e1s e\u0161te dnes kontaktujte a my v\u00e1m \u010do najsk\u00f4r po\u0161leme va\u0161e lieky. Teraz je \u010das spoji\u0165 sa!<\/p>\n","protected":false},"featured_media":5808,"comment_status":"open","ping_status":"closed","template":"","meta":[],"product_brand":[],"product_cat":[3818],"product_tag":[3970,3971,3956,3962,3959,3964,3968,3969,3960,3961,3966,3967,3965,3957,3955,3963,3958],"class_list":{"0":"post-5798","1":"product","2":"type-product","3":"status-publish","4":"has-post-thumbnail","6":"product_cat-pentobarbital-na-predaj","7":"product_tag-o-je-fenobarbital","8":"product_tag-o-je-po-v-lekrskych-pojmoch","9":"product_tag-cost-of-phenobarbital-for-dogs","10":"product_tag-fenobarbital-dvkovanie-pre-psov","11":"product_tag-fenobarbitalom-kontrolovan-ltka","12":"product_tag-na-rovni-fenobarbitalu","13":"product_tag-na-rovni-fenobarbitnu","14":"product_tag-na-o-sa-fenobarb-pouva","15":"product_tag-phenobarbital-dosage","16":"product_tag-phenobarbital-doses","17":"product_tag-phenobarbital-side-effects","18":"product_tag-phenobarbital-side-effects-dogs","19":"product_tag-predvkovanie-fenobarbitalom","20":"product_tag-predvkovanie-fenobarbom","21":"product_tag-vedaj-inok-barbiturtov","22":"product_tag-vedajie-inky-fenobarbitalu-pre-psov","23":"product_tag-fenobarbital-zna-c4-8dka","25":"first","26":"instock","27":"shipping-taxable","28":"purchasable","29":"product-type-variable"},"yoast_head":"<!-- This site is optimized with the Yoast SEO plugin v27.3 - https:\/\/yoast.com\/product\/yoast-seo-wordpress\/ -->\n<title>K\u00fapi\u0165 Phenobarbital (Phenobarbital) \/ Luminal - Najlep\u0161ie glob\u00e1lne lieky<\/title>\n<meta name=\"description\" content=\"Teraz si m\u00f4\u017eete k\u00fapi\u0165 tablety Phenobarbital Luminal v online lek\u00e1rni Nembutal. Va\u0161a objedn\u00e1vka na predaj Phenobarbital Luminal bude dokon\u010den\u00e1 v \u010do najkrat\u0161om \u010dase. V\u0161etko, \u010do mus\u00edte urobi\u0165, je zavola\u0165 n\u00e1m, posla\u0165 SMS alebo e-mail e\u0161te dnes a dosta\u0165 svoje lieky \u010doskoro. Pripojte sa teraz!\" \/>\n<meta name=\"robots\" content=\"index, follow, max-snippet:-1, max-image-preview:large, max-video-preview:-1\" \/>\n<link rel=\"canonical\" href=\"https:\/\/medicinasinc.com\/sk\/product\/buy-phenobarbital-phenobarbital-luminal\/\" \/>\n<meta property=\"og:locale\" content=\"en_US\" \/>\n<meta property=\"og:type\" content=\"article\" \/>\n<meta property=\"og:title\" content=\"K\u00fapi\u0165 Phenobarbital (Phenobarbital) \/ Luminal - Najlep\u0161ie glob\u00e1lne lieky\" \/>\n<meta property=\"og:description\" content=\"Teraz si m\u00f4\u017eete k\u00fapi\u0165 tablety Phenobarbital Luminal v online lek\u00e1rni Nembutal. Va\u0161a objedn\u00e1vka na predaj Phenobarbital Luminal bude dokon\u010den\u00e1 v \u010do najkrat\u0161om \u010dase. V\u0161etko, \u010do mus\u00edte urobi\u0165, je zavola\u0165 n\u00e1m, posla\u0165 SMS alebo e-mail e\u0161te dnes a dosta\u0165 svoje lieky \u010doskoro. Pripojte sa teraz!\" \/>\n<meta property=\"og:url\" content=\"https:\/\/medicinasinc.com\/sk\/product\/buy-phenobarbital-phenobarbital-luminal\/\" \/>\n<meta property=\"og:site_name\" content=\"Medicinas Inc\" \/>\n<meta property=\"article:modified_time\" content=\"2022-03-22T00:49:32+00:00\" \/>\n<meta property=\"og:image\" content=\"https:\/\/medicinasinc.com\/sk\/wp-content\/uploads\/sites\/10\/2022\/02\/Buy-Phenobarbital-Tablets.jpg\" \/>\n\t<meta property=\"og:image:width\" content=\"600\" \/>\n\t<meta property=\"og:image:height\" content=\"600\" \/>\n\t<meta property=\"og:image:type\" content=\"image\/jpeg\" \/>\n<meta name=\"twitter:card\" content=\"summary_large_image\" \/>\n<meta name=\"twitter:label1\" content=\"Est. reading time\" \/>\n\t<meta name=\"twitter:data1\" content=\"2 minutes\" \/>\n<script type=\"application\/ld+json\" class=\"yoast-schema-graph\">{\"@context\":\"https:\\\/\\\/schema.org\",\"@graph\":[{\"@type\":\"WebPage\",\"@id\":\"https:\\\/\\\/medicinasinc.com\\\/sk\\\/product\\\/buy-phenobarbital-phenobarbital-luminal\\\/\",\"url\":\"https:\\\/\\\/medicinasinc.com\\\/sk\\\/product\\\/buy-phenobarbital-phenobarbital-luminal\\\/\",\"name\":\"K\u00fapi\u0165 Phenobarbital (Phenobarbital) \\\/ Luminal - Najlep\u0161ie glob\u00e1lne lieky\",\"isPartOf\":{\"@id\":\"https:\\\/\\\/medicinasinc.com\\\/sk\\\/#website\"},\"primaryImageOfPage\":{\"@id\":\"https:\\\/\\\/medicinasinc.com\\\/sk\\\/product\\\/buy-phenobarbital-phenobarbital-luminal\\\/#primaryimage\"},\"image\":{\"@id\":\"https:\\\/\\\/medicinasinc.com\\\/sk\\\/product\\\/buy-phenobarbital-phenobarbital-luminal\\\/#primaryimage\"},\"thumbnailUrl\":\"https:\\\/\\\/medicinasinc.com\\\/sk\\\/wp-content\\\/uploads\\\/sites\\\/10\\\/2022\\\/02\\\/Buy-Phenobarbital-Tablets.jpg\",\"datePublished\":\"2022-02-22T06:27:38+00:00\",\"dateModified\":\"2022-03-22T00:49:32+00:00\",\"description\":\"Teraz si m\u00f4\u017eete k\u00fapi\u0165 tablety Phenobarbital Luminal v online lek\u00e1rni Nembutal. Va\u0161a objedn\u00e1vka na predaj Phenobarbital Luminal bude dokon\u010den\u00e1 v \u010do najkrat\u0161om \u010dase. V\u0161etko, \u010do mus\u00edte urobi\u0165, je zavola\u0165 n\u00e1m, posla\u0165 SMS alebo e-mail e\u0161te dnes a dosta\u0165 svoje lieky \u010doskoro. Pripojte sa teraz!\",\"breadcrumb\":{\"@id\":\"https:\\\/\\\/medicinasinc.com\\\/sk\\\/product\\\/buy-phenobarbital-phenobarbital-luminal\\\/#breadcrumb\"},\"inLanguage\":\"en-US\",\"potentialAction\":[{\"@type\":\"ReadAction\",\"target\":[\"https:\\\/\\\/medicinasinc.com\\\/sk\\\/product\\\/buy-phenobarbital-phenobarbital-luminal\\\/\"]}]},{\"@type\":\"ImageObject\",\"inLanguage\":\"en-US\",\"@id\":\"https:\\\/\\\/medicinasinc.com\\\/sk\\\/product\\\/buy-phenobarbital-phenobarbital-luminal\\\/#primaryimage\",\"url\":\"https:\\\/\\\/medicinasinc.com\\\/sk\\\/wp-content\\\/uploads\\\/sites\\\/10\\\/2022\\\/02\\\/Buy-Phenobarbital-Tablets.jpg\",\"contentUrl\":\"https:\\\/\\\/medicinasinc.com\\\/sk\\\/wp-content\\\/uploads\\\/sites\\\/10\\\/2022\\\/02\\\/Buy-Phenobarbital-Tablets.jpg\",\"width\":600,\"height\":600},{\"@type\":\"BreadcrumbList\",\"@id\":\"https:\\\/\\\/medicinasinc.com\\\/sk\\\/product\\\/buy-phenobarbital-phenobarbital-luminal\\\/#breadcrumb\",\"itemListElement\":[{\"@type\":\"ListItem\",\"position\":1,\"name\":\"Obchod\",\"item\":\"https:\\\/\\\/medicinasinc.com\\\/sk\\\/obchod\\\/\"},{\"@type\":\"ListItem\",\"position\":2,\"name\":\"K\u00fapi\u0165 Phenobarbital (Phenobarbital) \\\/ Luminal\"}]},{\"@type\":\"WebSite\",\"@id\":\"https:\\\/\\\/medicinasinc.com\\\/sk\\\/#website\",\"url\":\"https:\\\/\\\/medicinasinc.com\\\/sk\\\/\",\"name\":\"Medicinas Inc\",\"description\":\"Health Medical Clinic\",\"potentialAction\":[{\"@type\":\"SearchAction\",\"target\":{\"@type\":\"EntryPoint\",\"urlTemplate\":\"https:\\\/\\\/medicinasinc.com\\\/sk\\\/?s={search_term_string}\"},\"query-input\":{\"@type\":\"PropertyValueSpecification\",\"valueRequired\":true,\"valueName\":\"search_term_string\"}}],\"inLanguage\":\"en-US\"}]}<\/script>\n<!-- \/ Yoast SEO plugin. -->","yoast_head_json":{"title":"K\u00fapi\u0165 Phenobarbital (Phenobarbital) \/ Luminal - Najlep\u0161ie glob\u00e1lne lieky","description":"Teraz si m\u00f4\u017eete k\u00fapi\u0165 tablety Phenobarbital Luminal v online lek\u00e1rni Nembutal. Va\u0161a objedn\u00e1vka na predaj Phenobarbital Luminal bude dokon\u010den\u00e1 v \u010do najkrat\u0161om \u010dase. V\u0161etko, \u010do mus\u00edte urobi\u0165, je zavola\u0165 n\u00e1m, posla\u0165 SMS alebo e-mail e\u0161te dnes a dosta\u0165 svoje lieky \u010doskoro. Pripojte sa teraz!","robots":{"index":"index","follow":"follow","max-snippet":"max-snippet:-1","max-image-preview":"max-image-preview:large","max-video-preview":"max-video-preview:-1"},"canonical":"https:\/\/medicinasinc.com\/sk\/product\/buy-phenobarbital-phenobarbital-luminal\/","og_locale":"en_US","og_type":"article","og_title":"K\u00fapi\u0165 Phenobarbital (Phenobarbital) \/ Luminal - Najlep\u0161ie glob\u00e1lne lieky","og_description":"Teraz si m\u00f4\u017eete k\u00fapi\u0165 tablety Phenobarbital Luminal v online lek\u00e1rni Nembutal. Va\u0161a objedn\u00e1vka na predaj Phenobarbital Luminal bude dokon\u010den\u00e1 v \u010do najkrat\u0161om \u010dase. V\u0161etko, \u010do mus\u00edte urobi\u0165, je zavola\u0165 n\u00e1m, posla\u0165 SMS alebo e-mail e\u0161te dnes a dosta\u0165 svoje lieky \u010doskoro. Pripojte sa teraz!","og_url":"https:\/\/medicinasinc.com\/sk\/product\/buy-phenobarbital-phenobarbital-luminal\/","og_site_name":"Medicinas Inc","article_modified_time":"2022-03-22T00:49:32+00:00","og_image":[{"width":600,"height":600,"url":"https:\/\/medicinasinc.com\/sk\/wp-content\/uploads\/sites\/10\/2022\/02\/Buy-Phenobarbital-Tablets.jpg","type":"image\/jpeg"}],"twitter_card":"summary_large_image","twitter_misc":{"Est. reading time":"2 minutes"},"schema":{"@context":"https:\/\/schema.org","@graph":[{"@type":"WebPage","@id":"https:\/\/medicinasinc.com\/sk\/product\/buy-phenobarbital-phenobarbital-luminal\/","url":"https:\/\/medicinasinc.com\/sk\/product\/buy-phenobarbital-phenobarbital-luminal\/","name":"K\u00fapi\u0165 Phenobarbital (Phenobarbital) \/ Luminal - Najlep\u0161ie glob\u00e1lne lieky","isPartOf":{"@id":"https:\/\/medicinasinc.com\/sk\/#website"},"primaryImageOfPage":{"@id":"https:\/\/medicinasinc.com\/sk\/product\/buy-phenobarbital-phenobarbital-luminal\/#primaryimage"},"image":{"@id":"https:\/\/medicinasinc.com\/sk\/product\/buy-phenobarbital-phenobarbital-luminal\/#primaryimage"},"thumbnailUrl":"https:\/\/medicinasinc.com\/sk\/wp-content\/uploads\/sites\/10\/2022\/02\/Buy-Phenobarbital-Tablets.jpg","datePublished":"2022-02-22T06:27:38+00:00","dateModified":"2022-03-22T00:49:32+00:00","description":"Teraz si m\u00f4\u017eete k\u00fapi\u0165 tablety Phenobarbital Luminal v online lek\u00e1rni Nembutal. Va\u0161a objedn\u00e1vka na predaj Phenobarbital Luminal bude dokon\u010den\u00e1 v \u010do najkrat\u0161om \u010dase. V\u0161etko, \u010do mus\u00edte urobi\u0165, je zavola\u0165 n\u00e1m, posla\u0165 SMS alebo e-mail e\u0161te dnes a dosta\u0165 svoje lieky \u010doskoro. Pripojte sa teraz!","breadcrumb":{"@id":"https:\/\/medicinasinc.com\/sk\/product\/buy-phenobarbital-phenobarbital-luminal\/#breadcrumb"},"inLanguage":"en-US","potentialAction":[{"@type":"ReadAction","target":["https:\/\/medicinasinc.com\/sk\/product\/buy-phenobarbital-phenobarbital-luminal\/"]}]},{"@type":"ImageObject","inLanguage":"en-US","@id":"https:\/\/medicinasinc.com\/sk\/product\/buy-phenobarbital-phenobarbital-luminal\/#primaryimage","url":"https:\/\/medicinasinc.com\/sk\/wp-content\/uploads\/sites\/10\/2022\/02\/Buy-Phenobarbital-Tablets.jpg","contentUrl":"https:\/\/medicinasinc.com\/sk\/wp-content\/uploads\/sites\/10\/2022\/02\/Buy-Phenobarbital-Tablets.jpg","width":600,"height":600},{"@type":"BreadcrumbList","@id":"https:\/\/medicinasinc.com\/sk\/product\/buy-phenobarbital-phenobarbital-luminal\/#breadcrumb","itemListElement":[{"@type":"ListItem","position":1,"name":"Obchod","item":"https:\/\/medicinasinc.com\/sk\/obchod\/"},{"@type":"ListItem","position":2,"name":"K\u00fapi\u0165 Phenobarbital (Phenobarbital) \/ Luminal"}]},{"@type":"WebSite","@id":"https:\/\/medicinasinc.com\/sk\/#website","url":"https:\/\/medicinasinc.com\/sk\/","name":"Medicinas Inc","description":"Health Medical Clinic","potentialAction":[{"@type":"SearchAction","target":{"@type":"EntryPoint","urlTemplate":"https:\/\/medicinasinc.com\/sk\/?s={search_term_string}"},"query-input":{"@type":"PropertyValueSpecification","valueRequired":true,"valueName":"search_term_string"}}],"inLanguage":"en-US"}]}},"_links":{"self":[{"href":"https:\/\/medicinasinc.com\/sk\/wp-json\/wp\/v2\/product\/5798","targetHints":{"allow":["GET"]}}],"collection":[{"href":"https:\/\/medicinasinc.com\/sk\/wp-json\/wp\/v2\/product"}],"about":[{"href":"https:\/\/medicinasinc.com\/sk\/wp-json\/wp\/v2\/types\/product"}],"replies":[{"embeddable":true,"href":"https:\/\/medicinasinc.com\/sk\/wp-json\/wp\/v2\/comments?post=5798"}],"wp:featuredmedia":[{"embeddable":true,"href":"https:\/\/medicinasinc.com\/sk\/wp-json\/wp\/v2\/media\/5808"}],"wp:attachment":[{"href":"https:\/\/medicinasinc.com\/sk\/wp-json\/wp\/v2\/media?parent=5798"}],"wp:term":[{"taxonomy":"product_brand","embeddable":true,"href":"https:\/\/medicinasinc.com\/sk\/wp-json\/wp\/v2\/product_brand?post=5798"},{"taxonomy":"product_cat","embeddable":true,"href":"https:\/\/medicinasinc.com\/sk\/wp-json\/wp\/v2\/product_cat?post=5798"},{"taxonomy":"product_tag","embeddable":true,"href":"https:\/\/medicinasinc.com\/sk\/wp-json\/wp\/v2\/product_tag?post=5798"}],"curies":[{"name":"wp","href":"https:\/\/api.w.org\/{rel}","templated":true}]}}