{"id":5792,"date":"2022-02-22T06:20:38","date_gmt":"2022-02-22T06:20:38","guid":{"rendered":"https:\/\/medicinasinc.com\/sk\/?post_type=product&#038;p=5792"},"modified":"2022-03-22T00:49:40","modified_gmt":"2022-03-22T00:49:40","slug":"buy-seconal-sodium","status":"publish","type":"product","link":"https:\/\/medicinasinc.com\/sk\/product\/buy-seconal-sodium\/","title":{"rendered":"K\u00fapte si Seconal Sodium"},"content":{"rendered":"<p>Objednajte si Seconal Sodium online z najlep\u0161ej lek\u00e1rne. \u2013<\/p>\n<p>Teraz je mo\u017en\u00e9 k\u00fapi\u0165 Nembutal online so Seconal Sodium za najni\u017e\u0161ie ceny. V na\u0161ej online lek\u00e1rni si m\u00f4\u017eete objedna\u0165 Seconal Sodium a necha\u0165 si ho doru\u010di\u0165 a\u017e k va\u0161im dver\u00e1m v priebehu nieko\u013ek\u00fdch dn\u00ed. Ak chcete z\u00edska\u0165 r\u00fdchle doru\u010denie v\u00e1\u0161ho Seconal Sodium, jednoducho si u n\u00e1s objednajte a jeden z \u010dlenov n\u00e1\u0161ho t\u00edmu v\u00e1m ho priprav\u00ed a zabal\u00ed. Ke\u010f\u017ee v tomto biznise p\u00f4sob\u00edme tak dlho, vybudovali sme si sol\u00eddnu poves\u0165 d\u00f4veryhodnej lek\u00e1rne. Pokia\u013e ide o z\u00edskanie najkvalitnej\u0161\u00edch liekov, m\u00f4\u017eete sa na n\u00e1s spo\u013eahn\u00fa\u0165, \u017ee ich dod\u00e1me v\u010das.<\/p>\n<p>Ak\u00e9 s\u00fa v\u00fdhody Seconal Sodium? Pre\u010do by ste si ho mali k\u00fapi\u0165 u n\u00e1s?<\/p>\n<p>Pred prev\u00e1dzkou sa Seconal Sodium pou\u017e\u00edva na uvo\u013enenie. Patr\u00ed do triedy liekov zn\u00e1mych ako barbitur\u00e1tov\u00e9 hypnotik\u00e1, medzi ktor\u00e9 patr\u00ed Seconal. Upokojuje v\u00e1s t\u00fdm, \u017ee ovplyv\u0148uje konkr\u00e9tne \u010dasti v\u00e1\u0161ho mozgu. Seniori by mali diskutova\u0165 o v\u00fdhod\u00e1ch a rizik\u00e1ch tohto lieku, ako aj o \u00fa\u010dinnej\u0161\u00edch, ale mo\u017eno bezpe\u010dnej\u0161\u00edch liekoch so svoj\u00edm lek\u00e1rom alebo \u0161pecialistom na lieky. Predt\u00fdm, ako za\u010dnete u\u017e\u00edva\u0165 Seconal Sodium a zaka\u017ed\u00fdm, ke\u010f dostanete n\u00e1pl\u0148, pre\u010d\u00edtajte si Sprievodcu liekmi, ktor\u00fd poskytuje na\u0161a online lek\u00e1re\u0148. Ak m\u00e1te nejak\u00e9 ot\u00e1zky, pora\u010fte sa so svoj\u00edm lek\u00e1rom alebo odborn\u00edkom na lieky. Pred oper\u00e1ciou sa ria\u010fte pokynmi svojho lek\u00e1ra a u\u017eite tento predpis \u00fastami s poh\u00e1rom vody na la\u010dn\u00fd \u017eal\u00fadok.<\/p>\n<p>Jedn\u00fdm ochoren\u00edm, na ktor\u00e9 sa Seconal Sodium pou\u017e\u00edva v\u00fdhradne, je ochorenie uveden\u00e9 ni\u017e\u0161ie:<\/p>\n<p>extra anestetick\u00e9 injekcie<br \/> extra \u010dinidlo vyvol\u00e1vaj\u00face anest\u00e9ziu<\/p>\n<p>Na\u0161a online lek\u00e1re\u0148 Nembutal pred\u00e1va a dod\u00e1va Seconal Sodium Secobarbital na po\u017eadovan\u00e9 miesto tak r\u00fdchlo, ako je to mo\u017en\u00e9. Najlep\u0161\u00ed sp\u00f4sob, ako v\u00e1m m\u00f4\u017eeme sl\u00fa\u017ei\u0165, je umo\u017eni\u0165 n\u00e1m to. Je bezpe\u010dn\u00e9 vlo\u017ei\u0165 svoju d\u00f4veru do na\u0161ej online lek\u00e1rne Nembutal. Sme tu neust\u00e1le, aby sme na\u0161im d\u00f4le\u017eit\u00fdm klientom pomohli splni\u0165 ich ciele a splni\u0165 ich krit\u00e9ri\u00e1. Pros\u00edm, kontaktujte n\u00e1s \u010do najsk\u00f4r!<\/p>\n","protected":false},"excerpt":{"rendered":"<p>Po\u017eiadajte o pomoc online lek\u00e1re\u0148 nembutal<\/p>\n<p>Nak\u00fapte Seconal Sodium na predaj vo Ve\u013ekej Brit\u00e1nii, Eur\u00f3pe a zvy\u0161ku sveta za najlep\u0161iu mo\u017en\u00fa cenu objedn\u00e1vkou online. Na\u0161a online lek\u00e1re\u0148 Seconal Sodium pon\u00faka \u0161irok\u00fa \u0161k\u00e1lu vysokokvalitn\u00fdch vitam\u00ednov a lie\u010div. Ak chcete zada\u0165 objedn\u00e1vku, prejdite na webov\u00fa str\u00e1nku.<\/p>\n<p>Ktoko\u013evek na svete si m\u00f4\u017ee k\u00fapi\u0165 Nembutal online v lek\u00e1rni online. Kedyko\u013evek a odkia\u013eko\u013evek n\u00e1s kontaktujte. Ak\u00e9ko\u013evek ot\u00e1zky alebo obavy na\u0161ich klientov bud\u00fa okam\u017eite rie\u0161en\u00e9 jedn\u00fdm z na\u0161ich z\u00e1stupcov z\u00e1kazn\u00edckeho servisu. V\u00e1\u0161 produkt za\u010dneme bali\u0165 hne\u010f, ako od v\u00e1s dostaneme \u00fadaje o va\u0161ej objedn\u00e1vke. Zabezpe\u010dujeme, aby v\u0161etci na\u0161i klienti&#8217; lieky dorazia v bezpe\u010dnom a spr\u00e1vnom obale a \u017ee so \u017eiadnym z nich nebolo manipulovan\u00e9. Ke\u010f s nami pracujete, nikdy v\u00e1s nezauj\u00edma kvalita va\u0161ich liekov alebo stav v\u00e1\u0161ho doru\u010denia. Sme tu, aby sme prevzali pln\u00fa zodpovednos\u0165 za v\u0161etko. Odtia\u013e m\u00f4\u017eete o\u010dak\u00e1va\u0165 len to najlep\u0161ie pre va\u0161u pohodu. M\u00f4\u017eete n\u00e1s kontaktova\u0165 telefonicky, e-mailom alebo SMS. K\u00fapte si Seconal Sodium Secobarbital 100 mg v online lek\u00e1rni Nembutal e\u0161te dnes a nechajte si ho doru\u010di\u0165 v kr\u00e1tkom \u010dase.<\/p>\n","protected":false},"featured_media":5802,"comment_status":"open","ping_status":"closed","template":"","meta":[],"product_brand":[],"product_cat":[59,3818],"product_tag":[3948,3841,3842,3840,3821,3822,3823,3829,3830,3831,3834,3835,3897,3913,3882,3911,3951,3888,3843,3923,3954,3925,3926,3916,3920,3918,3919,3922,3927,3904,3824,3827,3879,3828,3820,3952,3826,3819,3907,3845,3949,3866,3869,3950,3874,3875,3876,3880,3885,3886,3887,3892,3893,3894,3899,3900,3901,3906,3878,3889,3902,3909,3908,3891,3895,3884,3883,3903,3896,3881,3844,3953,3898,3890,3910,3921],"class_list":{"0":"post-5792","1":"product","2":"type-product","3":"status-publish","4":"has-post-thumbnail","6":"product_cat-nezaraden-do-kategrie","7":"product_cat-pentobarbital-na-predaj","8":"product_tag-ako-kpi-nembutal-liquid-online","9":"product_tag-ako-kpi-nembutal-online","10":"product_tag-ako-objednat-nembutal-mailom","11":"product_tag-ako-nadobudn-nembutal","12":"product_tag-buy-cheap-nembutal-online","13":"product_tag-buy-nembutal-here","14":"product_tag-buy-nembutal-liquid-online","15":"product_tag-buy-pentobarbital-sodium-pentobarbital-sodium-salt","16":"product_tag-buy-sodium-pentobarbital-uk","17":"product_tag-can-i-buy-pentobarbital","18":"product_tag-can-you-buy-pentobarbital-sodium-over-the-counter","19":"product_tag-can-you-buy-sodium-pentobarbital","20":"product_tag-pentobarbital-sodk-cena","21":"product_tag-chcie-kpi-nembutal","22":"product_tag-pentobarbital-dvkovanie-sodka","23":"product_tag-sodk-pentobarbital-as-pouitenosti","24":"product_tag-fenobarbital-sodk-intravenzne","25":"product_tag-pentobarbital-ntrium-injekn-roztok","26":"product_tag-it-is-easy-to-buy-nembutal-online","27":"product_tag-kde-kpi-lacno-nembutal-online","28":"product_tag-kde-kpi-nembutal-liquid-online","29":"product_tag-kde-kpi-pentobarbital-sodk","30":"product_tag-kde-kpi-pentobarbital-sodk-pre-psov","31":"product_tag-kde-mem-kpi-nembutal-pentobarbital-sodn","32":"product_tag-kde-mem-kpi-pentobarbital-sodn","33":"product_tag-kde-mem-kpi-pentobarbital-sodk","34":"product_tag-tabletky-na-spanie-pentobarbital-sodny-kde-sa-da-kupit","35":"product_tag-kde-si-mozes-kupit-pentobarbital-sodny","36":"product_tag-kde-zska-pentobarbital-sodk","37":"product_tag-nkup-nembutal-online","38":"product_tag-kpi-nembutal-pentobarbital-sodk","39":"product_tag-buy-pentobarbital-sodium","40":"product_tag-pentobarbital-sodk-kpi","41":"product_tag-kpi-pentobarbital-sodk-2021","42":"product_tag-kpi-lacno-nembutal-liquid-online","43":"product_tag-nkup-nembutal-liquid-online","44":"product_tag-kpi-nembutal-sodium-online","45":"product_tag-najlep-liek-na-predvkovanie-samovrd","46":"product_tag-nklady-na-pentobarbital-sodn","47":"product_tag-nembutal","48":"product_tag-nembutal-liquid-for-sale","49":"product_tag-nembutal-pills-online","50":"product_tag-nembutal-suicide-dose","51":"product_tag-objedna-nembutal-liquid-online","52":"product_tag-pentobarbital","53":"product_tag-pentobarbital-de-sodium-dose-letale","54":"product_tag-pentobarbital-na-eutanziu","55":"product_tag-pentobarbital-sodium-china","56":"product_tag-pentobarbital-sodium-group","57":"product_tag-pentobarbital-sodium-injection-for-dogs","58":"product_tag-pentobarbital-sodium-injection-for-humans","59":"product_tag-pentobarbital-sodium-oral","60":"product_tag-pentobarbital-sodium-over-the-counter","61":"product_tag-pentobarbital-sodium-pills","62":"product_tag-pentobarbital-sodium-sleeping-pills","63":"product_tag-pentobarbital-sodium-sleeping-pills-over-the-counter","64":"product_tag-pentobarbital-sodium-tablets","65":"product_tag-pentobarbital-nembutal-sodn","66":"product_tag-pentobarbital-sodn-anestzia","67":"product_tag-pentobarbital-sodk-injekcia-usp","68":"product_tag-pentobarbital-sodk-kde-k-kpi","69":"product_tag-pentobarbital-sodn-na-eutanziu","70":"product_tag-pentobarbital-sodn-na-eutanziu-zvierat","71":"product_tag-pentobarbital-sodium-nz","72":"product_tag-pentobarbital-sodn-prok","73":"product_tag-pentobarbital-sodk-pre-ud","74":"product_tag-pentobarbital-sodk-pre-psy","75":"product_tag-pouitie-pentobarbitalu","76":"product_tag-pentobarbital-sodk-predpis","77":"product_tag-pentobarbital-sodn-smr","78":"product_tag-smrten-injekcia-kpi-online","79":"product_tag-sodk","80":"product_tag-pentobarbital-sodn-so","81":"product_tag-pentobarbital-sodk-kvapalina","82":"product_tag-vrobcovia-pentobarbitalu-sodnho","83":"product_tag-where-can-i-purchase-nembutal","85":"first","86":"instock","87":"shipping-taxable","88":"purchasable","89":"product-type-variable"},"yoast_head":"<!-- This site is optimized with the Yoast SEO plugin v27.3 - https:\/\/yoast.com\/product\/yoast-seo-wordpress\/ -->\n<title>K\u00fapte si Seconal Sodium \u2013 najlep\u0161ie najlep\u0161ie glob\u00e1lne lieky<\/title>\n<meta name=\"description\" content=\"K\u00fapte si Seconal Sodium na predaj Ve\u013ek\u00e1 Brit\u00e1nia, Eur\u00f3pa 100 mg online za najlep\u0161iu cenu. Obrovsk\u00fd v\u00fdber vysokokvalitn\u00fdch doplnkov a liekov v na\u0161ej online lek\u00e1rni Seconal Sodium. Objednajte si online.\" \/>\n<meta name=\"robots\" content=\"index, follow, max-snippet:-1, max-image-preview:large, max-video-preview:-1\" \/>\n<link rel=\"canonical\" href=\"https:\/\/medicinasinc.com\/sk\/product\/buy-seconal-sodium\/\" \/>\n<meta property=\"og:locale\" content=\"en_US\" \/>\n<meta property=\"og:type\" content=\"article\" \/>\n<meta property=\"og:title\" content=\"K\u00fapte si Seconal Sodium \u2013 najlep\u0161ie najlep\u0161ie glob\u00e1lne lieky\" \/>\n<meta property=\"og:description\" content=\"K\u00fapte si Seconal Sodium na predaj Ve\u013ek\u00e1 Brit\u00e1nia, Eur\u00f3pa 100 mg online za najlep\u0161iu cenu. Obrovsk\u00fd v\u00fdber vysokokvalitn\u00fdch doplnkov a liekov v na\u0161ej online lek\u00e1rni Seconal Sodium. Objednajte si online.\" \/>\n<meta property=\"og:url\" content=\"https:\/\/medicinasinc.com\/sk\/product\/buy-seconal-sodium\/\" \/>\n<meta property=\"og:site_name\" content=\"Medicinas Inc\" \/>\n<meta property=\"article:modified_time\" content=\"2022-03-22T00:49:40+00:00\" \/>\n<meta property=\"og:image\" content=\"https:\/\/medicinasinc.com\/sk\/wp-content\/uploads\/sites\/10\/2022\/02\/Buy-Seconal-Sodium.jpg\" \/>\n\t<meta property=\"og:image:width\" content=\"600\" \/>\n\t<meta property=\"og:image:height\" content=\"600\" \/>\n\t<meta property=\"og:image:type\" content=\"image\/jpeg\" \/>\n<meta name=\"twitter:card\" content=\"summary_large_image\" \/>\n<meta name=\"twitter:label1\" content=\"Est. reading time\" \/>\n\t<meta name=\"twitter:data1\" content=\"2 minutes\" \/>\n<script type=\"application\/ld+json\" class=\"yoast-schema-graph\">{\"@context\":\"https:\\\/\\\/schema.org\",\"@graph\":[{\"@type\":\"WebPage\",\"@id\":\"https:\\\/\\\/medicinasinc.com\\\/sk\\\/product\\\/buy-seconal-sodium\\\/\",\"url\":\"https:\\\/\\\/medicinasinc.com\\\/sk\\\/product\\\/buy-seconal-sodium\\\/\",\"name\":\"K\u00fapte si Seconal Sodium \u2013 najlep\u0161ie najlep\u0161ie glob\u00e1lne lieky\",\"isPartOf\":{\"@id\":\"https:\\\/\\\/medicinasinc.com\\\/sk\\\/#website\"},\"primaryImageOfPage\":{\"@id\":\"https:\\\/\\\/medicinasinc.com\\\/sk\\\/product\\\/buy-seconal-sodium\\\/#primaryimage\"},\"image\":{\"@id\":\"https:\\\/\\\/medicinasinc.com\\\/sk\\\/product\\\/buy-seconal-sodium\\\/#primaryimage\"},\"thumbnailUrl\":\"https:\\\/\\\/medicinasinc.com\\\/sk\\\/wp-content\\\/uploads\\\/sites\\\/10\\\/2022\\\/02\\\/Buy-Seconal-Sodium.jpg\",\"datePublished\":\"2022-02-22T06:20:38+00:00\",\"dateModified\":\"2022-03-22T00:49:40+00:00\",\"description\":\"K\u00fapte si Seconal Sodium na predaj Ve\u013ek\u00e1 Brit\u00e1nia, Eur\u00f3pa 100 mg online za najlep\u0161iu cenu. Obrovsk\u00fd v\u00fdber vysokokvalitn\u00fdch doplnkov a liekov v na\u0161ej online lek\u00e1rni Seconal Sodium. Objednajte si online.\",\"breadcrumb\":{\"@id\":\"https:\\\/\\\/medicinasinc.com\\\/sk\\\/product\\\/buy-seconal-sodium\\\/#breadcrumb\"},\"inLanguage\":\"en-US\",\"potentialAction\":[{\"@type\":\"ReadAction\",\"target\":[\"https:\\\/\\\/medicinasinc.com\\\/sk\\\/product\\\/buy-seconal-sodium\\\/\"]}]},{\"@type\":\"ImageObject\",\"inLanguage\":\"en-US\",\"@id\":\"https:\\\/\\\/medicinasinc.com\\\/sk\\\/product\\\/buy-seconal-sodium\\\/#primaryimage\",\"url\":\"https:\\\/\\\/medicinasinc.com\\\/sk\\\/wp-content\\\/uploads\\\/sites\\\/10\\\/2022\\\/02\\\/Buy-Seconal-Sodium.jpg\",\"contentUrl\":\"https:\\\/\\\/medicinasinc.com\\\/sk\\\/wp-content\\\/uploads\\\/sites\\\/10\\\/2022\\\/02\\\/Buy-Seconal-Sodium.jpg\",\"width\":600,\"height\":600},{\"@type\":\"BreadcrumbList\",\"@id\":\"https:\\\/\\\/medicinasinc.com\\\/sk\\\/product\\\/buy-seconal-sodium\\\/#breadcrumb\",\"itemListElement\":[{\"@type\":\"ListItem\",\"position\":1,\"name\":\"Obchod\",\"item\":\"https:\\\/\\\/medicinasinc.com\\\/sk\\\/obchod\\\/\"},{\"@type\":\"ListItem\",\"position\":2,\"name\":\"K\u00fapte si Seconal Sodium\"}]},{\"@type\":\"WebSite\",\"@id\":\"https:\\\/\\\/medicinasinc.com\\\/sk\\\/#website\",\"url\":\"https:\\\/\\\/medicinasinc.com\\\/sk\\\/\",\"name\":\"Medicinas Inc\",\"description\":\"Health Medical Clinic\",\"potentialAction\":[{\"@type\":\"SearchAction\",\"target\":{\"@type\":\"EntryPoint\",\"urlTemplate\":\"https:\\\/\\\/medicinasinc.com\\\/sk\\\/?s={search_term_string}\"},\"query-input\":{\"@type\":\"PropertyValueSpecification\",\"valueRequired\":true,\"valueName\":\"search_term_string\"}}],\"inLanguage\":\"en-US\"}]}<\/script>\n<!-- \/ Yoast SEO plugin. -->","yoast_head_json":{"title":"K\u00fapte si Seconal Sodium \u2013 najlep\u0161ie najlep\u0161ie glob\u00e1lne lieky","description":"K\u00fapte si Seconal Sodium na predaj Ve\u013ek\u00e1 Brit\u00e1nia, Eur\u00f3pa 100 mg online za najlep\u0161iu cenu. Obrovsk\u00fd v\u00fdber vysokokvalitn\u00fdch doplnkov a liekov v na\u0161ej online lek\u00e1rni Seconal Sodium. Objednajte si online.","robots":{"index":"index","follow":"follow","max-snippet":"max-snippet:-1","max-image-preview":"max-image-preview:large","max-video-preview":"max-video-preview:-1"},"canonical":"https:\/\/medicinasinc.com\/sk\/product\/buy-seconal-sodium\/","og_locale":"en_US","og_type":"article","og_title":"K\u00fapte si Seconal Sodium \u2013 najlep\u0161ie najlep\u0161ie glob\u00e1lne lieky","og_description":"K\u00fapte si Seconal Sodium na predaj Ve\u013ek\u00e1 Brit\u00e1nia, Eur\u00f3pa 100 mg online za najlep\u0161iu cenu. Obrovsk\u00fd v\u00fdber vysokokvalitn\u00fdch doplnkov a liekov v na\u0161ej online lek\u00e1rni Seconal Sodium. Objednajte si online.","og_url":"https:\/\/medicinasinc.com\/sk\/product\/buy-seconal-sodium\/","og_site_name":"Medicinas Inc","article_modified_time":"2022-03-22T00:49:40+00:00","og_image":[{"width":600,"height":600,"url":"https:\/\/medicinasinc.com\/sk\/wp-content\/uploads\/sites\/10\/2022\/02\/Buy-Seconal-Sodium.jpg","type":"image\/jpeg"}],"twitter_card":"summary_large_image","twitter_misc":{"Est. reading time":"2 minutes"},"schema":{"@context":"https:\/\/schema.org","@graph":[{"@type":"WebPage","@id":"https:\/\/medicinasinc.com\/sk\/product\/buy-seconal-sodium\/","url":"https:\/\/medicinasinc.com\/sk\/product\/buy-seconal-sodium\/","name":"K\u00fapte si Seconal Sodium \u2013 najlep\u0161ie najlep\u0161ie glob\u00e1lne lieky","isPartOf":{"@id":"https:\/\/medicinasinc.com\/sk\/#website"},"primaryImageOfPage":{"@id":"https:\/\/medicinasinc.com\/sk\/product\/buy-seconal-sodium\/#primaryimage"},"image":{"@id":"https:\/\/medicinasinc.com\/sk\/product\/buy-seconal-sodium\/#primaryimage"},"thumbnailUrl":"https:\/\/medicinasinc.com\/sk\/wp-content\/uploads\/sites\/10\/2022\/02\/Buy-Seconal-Sodium.jpg","datePublished":"2022-02-22T06:20:38+00:00","dateModified":"2022-03-22T00:49:40+00:00","description":"K\u00fapte si Seconal Sodium na predaj Ve\u013ek\u00e1 Brit\u00e1nia, Eur\u00f3pa 100 mg online za najlep\u0161iu cenu. Obrovsk\u00fd v\u00fdber vysokokvalitn\u00fdch doplnkov a liekov v na\u0161ej online lek\u00e1rni Seconal Sodium. Objednajte si online.","breadcrumb":{"@id":"https:\/\/medicinasinc.com\/sk\/product\/buy-seconal-sodium\/#breadcrumb"},"inLanguage":"en-US","potentialAction":[{"@type":"ReadAction","target":["https:\/\/medicinasinc.com\/sk\/product\/buy-seconal-sodium\/"]}]},{"@type":"ImageObject","inLanguage":"en-US","@id":"https:\/\/medicinasinc.com\/sk\/product\/buy-seconal-sodium\/#primaryimage","url":"https:\/\/medicinasinc.com\/sk\/wp-content\/uploads\/sites\/10\/2022\/02\/Buy-Seconal-Sodium.jpg","contentUrl":"https:\/\/medicinasinc.com\/sk\/wp-content\/uploads\/sites\/10\/2022\/02\/Buy-Seconal-Sodium.jpg","width":600,"height":600},{"@type":"BreadcrumbList","@id":"https:\/\/medicinasinc.com\/sk\/product\/buy-seconal-sodium\/#breadcrumb","itemListElement":[{"@type":"ListItem","position":1,"name":"Obchod","item":"https:\/\/medicinasinc.com\/sk\/obchod\/"},{"@type":"ListItem","position":2,"name":"K\u00fapte si Seconal Sodium"}]},{"@type":"WebSite","@id":"https:\/\/medicinasinc.com\/sk\/#website","url":"https:\/\/medicinasinc.com\/sk\/","name":"Medicinas Inc","description":"Health Medical Clinic","potentialAction":[{"@type":"SearchAction","target":{"@type":"EntryPoint","urlTemplate":"https:\/\/medicinasinc.com\/sk\/?s={search_term_string}"},"query-input":{"@type":"PropertyValueSpecification","valueRequired":true,"valueName":"search_term_string"}}],"inLanguage":"en-US"}]}},"_links":{"self":[{"href":"https:\/\/medicinasinc.com\/sk\/wp-json\/wp\/v2\/product\/5792","targetHints":{"allow":["GET"]}}],"collection":[{"href":"https:\/\/medicinasinc.com\/sk\/wp-json\/wp\/v2\/product"}],"about":[{"href":"https:\/\/medicinasinc.com\/sk\/wp-json\/wp\/v2\/types\/product"}],"replies":[{"embeddable":true,"href":"https:\/\/medicinasinc.com\/sk\/wp-json\/wp\/v2\/comments?post=5792"}],"wp:featuredmedia":[{"embeddable":true,"href":"https:\/\/medicinasinc.com\/sk\/wp-json\/wp\/v2\/media\/5802"}],"wp:attachment":[{"href":"https:\/\/medicinasinc.com\/sk\/wp-json\/wp\/v2\/media?parent=5792"}],"wp:term":[{"taxonomy":"product_brand","embeddable":true,"href":"https:\/\/medicinasinc.com\/sk\/wp-json\/wp\/v2\/product_brand?post=5792"},{"taxonomy":"product_cat","embeddable":true,"href":"https:\/\/medicinasinc.com\/sk\/wp-json\/wp\/v2\/product_cat?post=5792"},{"taxonomy":"product_tag","embeddable":true,"href":"https:\/\/medicinasinc.com\/sk\/wp-json\/wp\/v2\/product_tag?post=5792"}],"curies":[{"name":"wp","href":"https:\/\/api.w.org\/{rel}","templated":true}]}}