{"id":5785,"date":"2022-02-22T06:12:06","date_gmt":"2022-02-22T06:12:06","guid":{"rendered":"https:\/\/medicinasinc.com\/sk\/?post_type=product&#038;p=5785"},"modified":"2022-03-22T00:49:49","modified_gmt":"2022-03-22T00:49:49","slug":"kupit-nembutal-pentobarbital-sodik","status":"publish","type":"product","link":"https:\/\/medicinasinc.com\/sk\/product\/kupit-nembutal-pentobarbital-sodik\/","title":{"rendered":"K\u00fapte si Nembutal Pentobarbital Sodium"},"content":{"rendered":"<p>Best Global Med pon\u00faka najlep\u0161iu cenu a kvalitu Nembutal Pentobarbital Sodium na predaj. Zadajte online \u017eiados\u0165 na na\u0161ej webovej str\u00e1nke.<\/p>\n<p>Existuje nieko\u013eko d\u00f4vodov, pre\u010do si \u013eudia vyberaj\u00fa Nembutal Pentobarbital na peror\u00e1lne pou\u017eitie, ale jedn\u00fdm z najbe\u017enej\u0161\u00edch je tekut\u00e1 forma.<\/p>\n<p>Tekut\u00e1 forma Nembutal Fenobarbital (tie\u017e zn\u00e1my ako Nembutal) je barbitur\u00e1tov\u00fd liek. Zatia\u013e \u010do sa v 40-tych a 50-tych rokoch 20. storo\u010dia vo ve\u013ekej miere pou\u017e\u00edval ako prostriedok na spanie, hypnotizuj\u00faci \u00fa\u010dinok sa pou\u017e\u00edval aj ako forma lieku proti \u00fazkosti (napr\u00edklad narkotika). Pred\u00e1vkovanie Nembutalom je ove\u013ea smrte\u013enej\u0161ie ako v pr\u00edpade dne\u0161n\u00fdch liekov na spanie. Je to jeden z najlep\u0161\u00edch liekov na asistovan\u00fa samovra\u017edu, preto\u017ee je pevn\u00fd a tich\u00fd. Nembutal pou\u017e\u00edvaj\u00fa z\u00e1mern\u00e9 vyhladzovacie organiz\u00e1cie v Spojen\u00fdch \u0161t\u00e1toch americk\u00fdch (Oregonsk\u00fd z\u00e1kon Death With Dignity Act), vo \u0160vaj\u010diarsku (Dignitas) a v Holandsku.<\/p>\n<p>Nembutal bol stiahnut\u00fd z trhu, preto\u017ee sa n\u00edm dalo tak \u013eahko pred\u00e1vkova\u0165 (\u010di u\u017e n\u00e1hodn\u00fd alebo pl\u00e1novan\u00fd), tak ho nahradili bezpe\u010dnej\u0161ie lieky na spanie. V roku 1998 bol Nembutal odstr\u00e1nen\u00fd zo zoznamu odpor\u00fa\u010dan\u00fdch liekov austr\u00e1lskej vl\u00e1dy. Nembutal, na druhej strane, veterin\u00e1ri st\u00e1le pou\u017e\u00edvaj\u00fa na ukon\u010denie \u017eivota v\u00e4\u010d\u0161\u00edch zvierat. Mnoho \u013eud\u00ed bolo schopn\u00fdch z\u00edska\u0165 veterin\u00e1rny Nembutal, aby ukon\u010dili svoj \u017eivot. Marilyn Monroe, legend\u00e1rna americk\u00e1 here\u010dka a spev\u00e1\u010dka, sa zrejme zabila smrte\u013enou d\u00e1vkou Nembutalu.<\/p>\n<p>Ke\u010f Dr. John S. Lundy prv\u00fdkr\u00e1t za\u010dal pou\u017e\u00edva\u0165 rovnicu sodnej soli \u2013 Na (sod\u00edk) + etyl + metyl + butyl + al \u2014 v roku 1930 dostala obchodn\u00fa zna\u010dku \u201eNembutal\u201c (norm\u00e1lny postfix pre barbitur\u00e1ty). V D\u00e1nsku Lundbeck vlastn\u00ed ochrann\u00fa zn\u00e1mku a vyr\u00e1ba Nembutal.<\/p>\n<p>Kr\u00e1tkodobo p\u00f4sobiace barbitur\u00e1ty zah\u0155\u0148aj\u00fa fenobarbital (americk\u00e1 angli\u010dtina) a pentobarbit\u00f3n (spojen\u00e1 angli\u010dtina). Pokia\u013e ide o fenobarbital, prich\u00e1dza v r\u00f4znych form\u00e1ch vr\u00e1tane vo\u013enej \u017eieraviny a sol\u00ed r\u00f4znych zlo\u017eiek, ako je sod\u00edk a v\u00e1pnik. Vo vode a etanole je vo\u013en\u00e1 \u017eieravina len m\u00e1lo rozpustn\u00e1. Nembutal je jedna zo zna\u010diek lieku.<\/p>\n<p>Chemick\u00fd vzorec C11H18N2O3 je nasleduj\u00faci:<\/p>\n<p>Pe\u010de\u0148 sa podie\u013ea na metabolick\u00fdch procesoch.<\/p>\n<p>Pol\u010das rozpadu organick\u00fdch zl\u00fa\u010den\u00edn: 15\u201348 hod\u00edn. Pr\u00e1\u0161kov\u00e1 tekutina, pilulky<\/p>\n","protected":false},"excerpt":{"rendered":"<p>K\u00fapte si Nembutal Pentobarbital Sodium online v na\u0161om obchode Bestglobalmeds.com a nechajte si ho r\u00fdchlo doru\u010di\u0165 a\u017e k va\u0161im dver\u00e1m! Najlep\u0161ie miesto na online n\u00e1kup Nembutalu n\u00e1jdete pr\u00e1ve tu!<\/p>\n<p>Nembutal si m\u00f4\u017eete k\u00fapi\u0165 online od spolo\u010dnosti Best Global Meds, ktor\u00e1 v\u00e1m ich doru\u010d\u00ed a\u017e k dver\u00e1m. Nembutal bez lek\u00e1rskeho predpisu je tu dostupn\u00fd za najni\u017e\u0161ie ceny.<\/p>\n<p>Ke\u010f\u017ee pred\u00e1vkovanie Nembutalom bolo tak\u00e9 be\u017en\u00e9, liek bol stiahnut\u00fd z trhu a nahraden\u00fd bezpe\u010dnej\u0161\u00edmi pom\u00f4ckami na spanie. Austr\u00e1l\u010dania u\u017e nesmeli odpor\u00fa\u010da\u0165 Nembutal ako mo\u017enos\u0165 lie\u010dby v roku 1998. V ka\u017edom pr\u00edpade veter\u00e1ni pokra\u010duj\u00fa v u\u017e\u00edvan\u00ed Nembutalu.<\/p>\n","protected":false},"featured_media":5796,"comment_status":"open","ping_status":"closed","template":"","meta":[],"product_brand":[],"product_cat":[3818],"product_tag":[3948,3841,3842,3840,3821,3822,3823,3829,3830,3831,3834,3835,3897,3913,3882,3911,3951,3888,3843,3923,3954,3925,3926,3916,3920,3918,3919,3922,3927,3904,3824,3827,3879,3828,3820,3952,3826,3819,3907,3845,3949,3866,3869,3950,3874,3875,3876,3880,3885,3886,3887,3892,3893,3894,3899,3900,3901,3906,3878,3889,3902,3909,3908,3891,3895,3884,3883,3903,3896,3881,3844,3953,3898,3890,3910,3921],"class_list":{"0":"post-5785","1":"product","2":"type-product","3":"status-publish","4":"has-post-thumbnail","6":"product_cat-pentobarbital-na-predaj","7":"product_tag-ako-kpi-nembutal-liquid-online","8":"product_tag-ako-kpi-nembutal-online","9":"product_tag-ako-objednat-nembutal-mailom","10":"product_tag-ako-nadobudn-nembutal","11":"product_tag-buy-cheap-nembutal-online","12":"product_tag-buy-nembutal-here","13":"product_tag-buy-nembutal-liquid-online","14":"product_tag-buy-pentobarbital-sodium-pentobarbital-sodium-salt","15":"product_tag-buy-sodium-pentobarbital-uk","16":"product_tag-can-i-buy-pentobarbital","17":"product_tag-can-you-buy-pentobarbital-sodium-over-the-counter","18":"product_tag-can-you-buy-sodium-pentobarbital","19":"product_tag-pentobarbital-sodk-cena","20":"product_tag-chcie-kpi-nembutal","21":"product_tag-pentobarbital-dvkovanie-sodka","22":"product_tag-sodk-pentobarbital-as-pouitenosti","23":"product_tag-fenobarbital-sodk-intravenzne","24":"product_tag-pentobarbital-ntrium-injekn-roztok","25":"product_tag-it-is-easy-to-buy-nembutal-online","26":"product_tag-kde-kpi-lacno-nembutal-online","27":"product_tag-kde-kpi-nembutal-liquid-online","28":"product_tag-kde-kpi-pentobarbital-sodk","29":"product_tag-kde-kpi-pentobarbital-sodk-pre-psov","30":"product_tag-kde-mem-kpi-nembutal-pentobarbital-sodn","31":"product_tag-kde-mem-kpi-pentobarbital-sodn","32":"product_tag-kde-mem-kpi-pentobarbital-sodk","33":"product_tag-tabletky-na-spanie-pentobarbital-sodny-kde-sa-da-kupit","34":"product_tag-kde-si-mozes-kupit-pentobarbital-sodny","35":"product_tag-kde-zska-pentobarbital-sodk","36":"product_tag-nkup-nembutal-online","37":"product_tag-kpi-nembutal-pentobarbital-sodk","38":"product_tag-buy-pentobarbital-sodium","39":"product_tag-pentobarbital-sodk-kpi","40":"product_tag-kpi-pentobarbital-sodk-2021","41":"product_tag-kpi-lacno-nembutal-liquid-online","42":"product_tag-nkup-nembutal-liquid-online","43":"product_tag-kpi-nembutal-sodium-online","44":"product_tag-najlep-liek-na-predvkovanie-samovrd","45":"product_tag-nklady-na-pentobarbital-sodn","46":"product_tag-nembutal","47":"product_tag-nembutal-liquid-for-sale","48":"product_tag-nembutal-pills-online","49":"product_tag-nembutal-suicide-dose","50":"product_tag-objedna-nembutal-liquid-online","51":"product_tag-pentobarbital","52":"product_tag-pentobarbital-de-sodium-dose-letale","53":"product_tag-pentobarbital-na-eutanziu","54":"product_tag-pentobarbital-sodium-china","55":"product_tag-pentobarbital-sodium-group","56":"product_tag-pentobarbital-sodium-injection-for-dogs","57":"product_tag-pentobarbital-sodium-injection-for-humans","58":"product_tag-pentobarbital-sodium-oral","59":"product_tag-pentobarbital-sodium-over-the-counter","60":"product_tag-pentobarbital-sodium-pills","61":"product_tag-pentobarbital-sodium-sleeping-pills","62":"product_tag-pentobarbital-sodium-sleeping-pills-over-the-counter","63":"product_tag-pentobarbital-sodium-tablets","64":"product_tag-pentobarbital-nembutal-sodn","65":"product_tag-pentobarbital-sodn-anestzia","66":"product_tag-pentobarbital-sodk-injekcia-usp","67":"product_tag-pentobarbital-sodk-kde-k-kpi","68":"product_tag-pentobarbital-sodn-na-eutanziu","69":"product_tag-pentobarbital-sodn-na-eutanziu-zvierat","70":"product_tag-pentobarbital-sodium-nz","71":"product_tag-pentobarbital-sodn-prok","72":"product_tag-pentobarbital-sodk-pre-ud","73":"product_tag-pentobarbital-sodk-pre-psy","74":"product_tag-pouitie-pentobarbitalu","75":"product_tag-pentobarbital-sodk-predpis","76":"product_tag-pentobarbital-sodn-smr","77":"product_tag-smrten-injekcia-kpi-online","78":"product_tag-sodk","79":"product_tag-pentobarbital-sodn-so","80":"product_tag-pentobarbital-sodk-kvapalina","81":"product_tag-vrobcovia-pentobarbitalu-sodnho","82":"product_tag-where-can-i-purchase-nembutal","84":"first","85":"instock","86":"shipping-taxable","87":"purchasable","88":"product-type-variable"},"yoast_head":"<!-- This site is optimized with the Yoast SEO plugin v27.3 - https:\/\/yoast.com\/product\/yoast-seo-wordpress\/ -->\n<title>K\u00fapte si Nembutal Pentobarbital Sodium - Najlep\u0161ie glob\u00e1lne lieky<\/title>\n<meta name=\"description\" content=\"K\u00fapte si Nembutal Pentobarbital Sodium UK, Eur\u00f3pa, \u00c1zia, \u010c\u00edna v na\u0161om internetovom obchode Bestglobalmeds.com s r\u00fdchlym celosvetov\u00fdm doru\u010den\u00edm! Najlep\u0161\u00ed Nembutal na objedn\u00e1vku n\u00e1jdete tu!\" \/>\n<meta name=\"robots\" content=\"index, follow, max-snippet:-1, max-image-preview:large, max-video-preview:-1\" \/>\n<link rel=\"canonical\" href=\"https:\/\/medicinasinc.com\/sk\/product\/kupit-nembutal-pentobarbital-sodik\/\" \/>\n<meta property=\"og:locale\" content=\"en_US\" \/>\n<meta property=\"og:type\" content=\"article\" \/>\n<meta property=\"og:title\" content=\"K\u00fapte si Nembutal Pentobarbital Sodium - Najlep\u0161ie glob\u00e1lne lieky\" \/>\n<meta property=\"og:description\" content=\"K\u00fapte si Nembutal Pentobarbital Sodium UK, Eur\u00f3pa, \u00c1zia, \u010c\u00edna v na\u0161om internetovom obchode Bestglobalmeds.com s r\u00fdchlym celosvetov\u00fdm doru\u010den\u00edm! Najlep\u0161\u00ed Nembutal na objedn\u00e1vku n\u00e1jdete tu!\" \/>\n<meta property=\"og:url\" content=\"https:\/\/medicinasinc.com\/sk\/product\/kupit-nembutal-pentobarbital-sodik\/\" \/>\n<meta property=\"og:site_name\" content=\"Medicinas Inc\" \/>\n<meta property=\"article:modified_time\" content=\"2022-03-22T00:49:49+00:00\" \/>\n<meta property=\"og:image\" content=\"https:\/\/medicinasinc.com\/sk\/wp-content\/uploads\/sites\/10\/2022\/02\/Buy-Pentobarbital-Sodium-1.jpg\" \/>\n\t<meta property=\"og:image:width\" content=\"356\" \/>\n\t<meta property=\"og:image:height\" content=\"540\" \/>\n\t<meta property=\"og:image:type\" content=\"image\/jpeg\" \/>\n<meta name=\"twitter:card\" content=\"summary_large_image\" \/>\n<meta name=\"twitter:label1\" content=\"Est. reading time\" \/>\n\t<meta name=\"twitter:data1\" content=\"2 minutes\" \/>\n<script type=\"application\/ld+json\" class=\"yoast-schema-graph\">{\"@context\":\"https:\\\/\\\/schema.org\",\"@graph\":[{\"@type\":\"WebPage\",\"@id\":\"https:\\\/\\\/medicinasinc.com\\\/sk\\\/product\\\/kupit-nembutal-pentobarbital-sodik\\\/\",\"url\":\"https:\\\/\\\/medicinasinc.com\\\/sk\\\/product\\\/kupit-nembutal-pentobarbital-sodik\\\/\",\"name\":\"K\u00fapte si Nembutal Pentobarbital Sodium - Najlep\u0161ie glob\u00e1lne lieky\",\"isPartOf\":{\"@id\":\"https:\\\/\\\/medicinasinc.com\\\/sk\\\/#website\"},\"primaryImageOfPage\":{\"@id\":\"https:\\\/\\\/medicinasinc.com\\\/sk\\\/product\\\/kupit-nembutal-pentobarbital-sodik\\\/#primaryimage\"},\"image\":{\"@id\":\"https:\\\/\\\/medicinasinc.com\\\/sk\\\/product\\\/kupit-nembutal-pentobarbital-sodik\\\/#primaryimage\"},\"thumbnailUrl\":\"https:\\\/\\\/medicinasinc.com\\\/sk\\\/wp-content\\\/uploads\\\/sites\\\/10\\\/2022\\\/02\\\/Buy-Pentobarbital-Sodium-1.jpg\",\"datePublished\":\"2022-02-22T06:12:06+00:00\",\"dateModified\":\"2022-03-22T00:49:49+00:00\",\"description\":\"K\u00fapte si Nembutal Pentobarbital Sodium UK, Eur\u00f3pa, \u00c1zia, \u010c\u00edna v na\u0161om internetovom obchode Bestglobalmeds.com s r\u00fdchlym celosvetov\u00fdm doru\u010den\u00edm! Najlep\u0161\u00ed Nembutal na objedn\u00e1vku n\u00e1jdete tu!\",\"breadcrumb\":{\"@id\":\"https:\\\/\\\/medicinasinc.com\\\/sk\\\/product\\\/kupit-nembutal-pentobarbital-sodik\\\/#breadcrumb\"},\"inLanguage\":\"en-US\",\"potentialAction\":[{\"@type\":\"ReadAction\",\"target\":[\"https:\\\/\\\/medicinasinc.com\\\/sk\\\/product\\\/kupit-nembutal-pentobarbital-sodik\\\/\"]}]},{\"@type\":\"ImageObject\",\"inLanguage\":\"en-US\",\"@id\":\"https:\\\/\\\/medicinasinc.com\\\/sk\\\/product\\\/kupit-nembutal-pentobarbital-sodik\\\/#primaryimage\",\"url\":\"https:\\\/\\\/medicinasinc.com\\\/sk\\\/wp-content\\\/uploads\\\/sites\\\/10\\\/2022\\\/02\\\/Buy-Pentobarbital-Sodium-1.jpg\",\"contentUrl\":\"https:\\\/\\\/medicinasinc.com\\\/sk\\\/wp-content\\\/uploads\\\/sites\\\/10\\\/2022\\\/02\\\/Buy-Pentobarbital-Sodium-1.jpg\",\"width\":356,\"height\":540},{\"@type\":\"BreadcrumbList\",\"@id\":\"https:\\\/\\\/medicinasinc.com\\\/sk\\\/product\\\/kupit-nembutal-pentobarbital-sodik\\\/#breadcrumb\",\"itemListElement\":[{\"@type\":\"ListItem\",\"position\":1,\"name\":\"Obchod\",\"item\":\"https:\\\/\\\/medicinasinc.com\\\/sk\\\/obchod\\\/\"},{\"@type\":\"ListItem\",\"position\":2,\"name\":\"K\u00fapte si Nembutal Pentobarbital Sodium\"}]},{\"@type\":\"WebSite\",\"@id\":\"https:\\\/\\\/medicinasinc.com\\\/sk\\\/#website\",\"url\":\"https:\\\/\\\/medicinasinc.com\\\/sk\\\/\",\"name\":\"Medicinas Inc\",\"description\":\"Health Medical Clinic\",\"potentialAction\":[{\"@type\":\"SearchAction\",\"target\":{\"@type\":\"EntryPoint\",\"urlTemplate\":\"https:\\\/\\\/medicinasinc.com\\\/sk\\\/?s={search_term_string}\"},\"query-input\":{\"@type\":\"PropertyValueSpecification\",\"valueRequired\":true,\"valueName\":\"search_term_string\"}}],\"inLanguage\":\"en-US\"}]}<\/script>\n<!-- \/ Yoast SEO plugin. -->","yoast_head_json":{"title":"K\u00fapte si Nembutal Pentobarbital Sodium - Najlep\u0161ie glob\u00e1lne lieky","description":"K\u00fapte si Nembutal Pentobarbital Sodium UK, Eur\u00f3pa, \u00c1zia, \u010c\u00edna v na\u0161om internetovom obchode Bestglobalmeds.com s r\u00fdchlym celosvetov\u00fdm doru\u010den\u00edm! Najlep\u0161\u00ed Nembutal na objedn\u00e1vku n\u00e1jdete tu!","robots":{"index":"index","follow":"follow","max-snippet":"max-snippet:-1","max-image-preview":"max-image-preview:large","max-video-preview":"max-video-preview:-1"},"canonical":"https:\/\/medicinasinc.com\/sk\/product\/kupit-nembutal-pentobarbital-sodik\/","og_locale":"en_US","og_type":"article","og_title":"K\u00fapte si Nembutal Pentobarbital Sodium - Najlep\u0161ie glob\u00e1lne lieky","og_description":"K\u00fapte si Nembutal Pentobarbital Sodium UK, Eur\u00f3pa, \u00c1zia, \u010c\u00edna v na\u0161om internetovom obchode Bestglobalmeds.com s r\u00fdchlym celosvetov\u00fdm doru\u010den\u00edm! Najlep\u0161\u00ed Nembutal na objedn\u00e1vku n\u00e1jdete tu!","og_url":"https:\/\/medicinasinc.com\/sk\/product\/kupit-nembutal-pentobarbital-sodik\/","og_site_name":"Medicinas Inc","article_modified_time":"2022-03-22T00:49:49+00:00","og_image":[{"width":356,"height":540,"url":"https:\/\/medicinasinc.com\/sk\/wp-content\/uploads\/sites\/10\/2022\/02\/Buy-Pentobarbital-Sodium-1.jpg","type":"image\/jpeg"}],"twitter_card":"summary_large_image","twitter_misc":{"Est. reading time":"2 minutes"},"schema":{"@context":"https:\/\/schema.org","@graph":[{"@type":"WebPage","@id":"https:\/\/medicinasinc.com\/sk\/product\/kupit-nembutal-pentobarbital-sodik\/","url":"https:\/\/medicinasinc.com\/sk\/product\/kupit-nembutal-pentobarbital-sodik\/","name":"K\u00fapte si Nembutal Pentobarbital Sodium - Najlep\u0161ie glob\u00e1lne lieky","isPartOf":{"@id":"https:\/\/medicinasinc.com\/sk\/#website"},"primaryImageOfPage":{"@id":"https:\/\/medicinasinc.com\/sk\/product\/kupit-nembutal-pentobarbital-sodik\/#primaryimage"},"image":{"@id":"https:\/\/medicinasinc.com\/sk\/product\/kupit-nembutal-pentobarbital-sodik\/#primaryimage"},"thumbnailUrl":"https:\/\/medicinasinc.com\/sk\/wp-content\/uploads\/sites\/10\/2022\/02\/Buy-Pentobarbital-Sodium-1.jpg","datePublished":"2022-02-22T06:12:06+00:00","dateModified":"2022-03-22T00:49:49+00:00","description":"K\u00fapte si Nembutal Pentobarbital Sodium UK, Eur\u00f3pa, \u00c1zia, \u010c\u00edna v na\u0161om internetovom obchode Bestglobalmeds.com s r\u00fdchlym celosvetov\u00fdm doru\u010den\u00edm! Najlep\u0161\u00ed Nembutal na objedn\u00e1vku n\u00e1jdete tu!","breadcrumb":{"@id":"https:\/\/medicinasinc.com\/sk\/product\/kupit-nembutal-pentobarbital-sodik\/#breadcrumb"},"inLanguage":"en-US","potentialAction":[{"@type":"ReadAction","target":["https:\/\/medicinasinc.com\/sk\/product\/kupit-nembutal-pentobarbital-sodik\/"]}]},{"@type":"ImageObject","inLanguage":"en-US","@id":"https:\/\/medicinasinc.com\/sk\/product\/kupit-nembutal-pentobarbital-sodik\/#primaryimage","url":"https:\/\/medicinasinc.com\/sk\/wp-content\/uploads\/sites\/10\/2022\/02\/Buy-Pentobarbital-Sodium-1.jpg","contentUrl":"https:\/\/medicinasinc.com\/sk\/wp-content\/uploads\/sites\/10\/2022\/02\/Buy-Pentobarbital-Sodium-1.jpg","width":356,"height":540},{"@type":"BreadcrumbList","@id":"https:\/\/medicinasinc.com\/sk\/product\/kupit-nembutal-pentobarbital-sodik\/#breadcrumb","itemListElement":[{"@type":"ListItem","position":1,"name":"Obchod","item":"https:\/\/medicinasinc.com\/sk\/obchod\/"},{"@type":"ListItem","position":2,"name":"K\u00fapte si Nembutal Pentobarbital Sodium"}]},{"@type":"WebSite","@id":"https:\/\/medicinasinc.com\/sk\/#website","url":"https:\/\/medicinasinc.com\/sk\/","name":"Medicinas Inc","description":"Health Medical Clinic","potentialAction":[{"@type":"SearchAction","target":{"@type":"EntryPoint","urlTemplate":"https:\/\/medicinasinc.com\/sk\/?s={search_term_string}"},"query-input":{"@type":"PropertyValueSpecification","valueRequired":true,"valueName":"search_term_string"}}],"inLanguage":"en-US"}]}},"_links":{"self":[{"href":"https:\/\/medicinasinc.com\/sk\/wp-json\/wp\/v2\/product\/5785","targetHints":{"allow":["GET"]}}],"collection":[{"href":"https:\/\/medicinasinc.com\/sk\/wp-json\/wp\/v2\/product"}],"about":[{"href":"https:\/\/medicinasinc.com\/sk\/wp-json\/wp\/v2\/types\/product"}],"replies":[{"embeddable":true,"href":"https:\/\/medicinasinc.com\/sk\/wp-json\/wp\/v2\/comments?post=5785"}],"wp:featuredmedia":[{"embeddable":true,"href":"https:\/\/medicinasinc.com\/sk\/wp-json\/wp\/v2\/media\/5796"}],"wp:attachment":[{"href":"https:\/\/medicinasinc.com\/sk\/wp-json\/wp\/v2\/media?parent=5785"}],"wp:term":[{"taxonomy":"product_brand","embeddable":true,"href":"https:\/\/medicinasinc.com\/sk\/wp-json\/wp\/v2\/product_brand?post=5785"},{"taxonomy":"product_cat","embeddable":true,"href":"https:\/\/medicinasinc.com\/sk\/wp-json\/wp\/v2\/product_cat?post=5785"},{"taxonomy":"product_tag","embeddable":true,"href":"https:\/\/medicinasinc.com\/sk\/wp-json\/wp\/v2\/product_tag?post=5785"}],"curies":[{"name":"wp","href":"https:\/\/api.w.org\/{rel}","templated":true}]}}