{"id":5781,"date":"2022-02-22T06:07:08","date_gmt":"2022-02-22T06:07:08","guid":{"rendered":"https:\/\/medicinasinc.com\/sk\/?post_type=product&#038;p=5781"},"modified":"2022-03-22T00:49:58","modified_gmt":"2022-03-22T00:49:58","slug":"kupit-nembutal-prasok","status":"publish","type":"product","link":"https:\/\/medicinasinc.com\/sk\/product\/kupit-nembutal-prasok\/","title":{"rendered":"K\u00fapte si Nembutalov\u00fd pr\u00e1\u0161ok"},"content":{"rendered":"<p>Nembutal pr\u00e1\u0161ok od najlep\u0161\u00edch dod\u00e1vate\u013eov za najni\u017e\u0161ie ceny<\/p>\n<p>Na online trhu m\u00f4\u017eete n\u00e1js\u0165 vysokokvalitn\u00e9 lieky a lieky v online lek\u00e1rni Nembutal. Ak chcete z\u00edska\u0165 Nembutalov\u00fd pr\u00e1\u0161ok od najlep\u0161\u00edch dod\u00e1vate\u013eov Nembutalov\u00e9ho pr\u00e1\u0161ku, mali by ste pr\u00eds\u0165 do na\u0161ej lek\u00e1rne. Spojte sa s nami e\u0161te dnes a my va\u0161u pr\u00e1cu ihne\u010f zrealizujeme. V\u00e1\u0161 liek bude doru\u010den\u00fd na adresu, ktor\u00fa uvediete. Ak chcete z\u00edska\u0165 najlep\u0161iu ponuku na pr\u00e1\u0161ok Nembutal, ihne\u010f si objednajte!<\/p>\n<p>\u010co m\u00f4\u017eete o\u010dak\u00e1va\u0165, \u017ee z\u00edskate pr\u00e1\u0161ok Nembutal?<\/p>\n<p>Nembutal Powder je zn\u00e1my t\u00fdm, \u017ee pom\u00e1ha \u013eu\u010fom s nespavos\u0165ou a t\u00fdm, ktor\u00ed ju n\u00e1jdu je \u0165a\u017ek\u00e9 zaspa\u0165, zavrie\u0165 o\u010di. V mnoh\u00fdch pr\u00edpadoch sa pou\u017e\u00edva ako liek proti \u00fazkosti. Na\u0161a online lek\u00e1re\u0148 je najlep\u0161\u00edm miestom na z\u00edskanie Nembutalov\u00e9ho pr\u00e1\u0161ku, ak m\u00e1te na mysli rovnak\u00e9 ciele.<\/p>\n<p>Ktor\u00fd internetov\u00fd obchod pred\u00e1va najlep\u0161\u00ed Nembutalov\u00fd pr\u00e1\u0161ok?<\/p>\n<p>Nez\u00e1le\u017e\u00ed na tom, pre\u010do ste si objednali Nembutalov\u00fd pr\u00e1\u0161ok , v\u017edy sa m\u00f4\u017eete spo\u013eahn\u00fa\u0165 na lek\u00e1re\u0148 Online Nembutal, ktor\u00e1 pre v\u00e1s urob\u00ed pr\u00e1cu spr\u00e1vne.<\/p>\n<p>Ch\u00e1peme potreby a o\u010dak\u00e1vania na\u0161ich z\u00e1kazn\u00edkov v\u010faka na\u0161im dlhoro\u010dn\u00fdm odborn\u00fdm znalostiam. Nikdy nem\u00e1me pr\u00edstup ani neuchov\u00e1vame \u017eiadne z va\u0161ich kreditn\u00fdch kariet alebo osobn\u00fdch \u00fadajov. V\u0161etky inform\u00e1cie s\u00fa d\u00f4vern\u00e9. To znamen\u00e1, \u017ee si u n\u00e1s m\u00f4\u017eete k\u00fapi\u0165 Nembutal pr\u00e1\u0161ok online za najlep\u0161iu cenu.<\/p>\n<p>N\u00e1kupom v na\u0161ej online lek\u00e1rni budete o krok vpred pred konkurenciou. Postupom \u010dasu sme si z\u00edskali mno\u017estvo potenci\u00e1lnych spotrebite\u013eov. Ak h\u013ead\u00e1te to najlep\u0161ie, nev\u00e1hajte n\u00e1s kedyko\u013evek kontaktova\u0165.<\/p>\n","protected":false},"excerpt":{"rendered":"<p>Existuje mno\u017estvo online lek\u00e1rn\u00ed, ktor\u00e9 pred\u00e1vaj\u00fa Nembutal Powder pentobarbital sodn\u00fd na predaj, vr\u00e1tane bestglobalmeds.com. Pr\u00e1ve tu n\u00e1jdete to najlep\u0161ie miesto na online n\u00e1kup Nembutalu! Teraz je mo\u017en\u00e9 z\u00edska\u0165 lek\u00e1re\u0148 Nembutal online z pohodlia v\u00e1\u0161ho domova. Nembutalov\u00fd pr\u00e1\u0161ok na predaj za najni\u017e\u0161ie mo\u017en\u00e9 n\u00e1klady n\u00e1jdete tu.<\/p>\n<p>Best Global Meds pon\u00faka Nembutalov\u00fd pr\u00e1\u0161ok na predaj online za prijate\u013en\u00e9 ceny. Nembutal pilulky, tablety a kapsuly najvy\u0161\u0161ej kvality sa daj\u00fa k\u00fapi\u0165 za najv\u00e4\u010d\u0161ie n\u00e1klady. Nev\u00e1hajte n\u00e1s ihne\u010f kontaktova\u0165!<\/p>\n","protected":false},"featured_media":5791,"comment_status":"open","ping_status":"closed","template":"","meta":[],"product_brand":[],"product_cat":[3818],"product_tag":[3931,3839,3930,3928,3938,3941,3947,3946,3929,3944,3832,3945,3845,3933,3934,3932,3935,3937,3936,3943,3942,3939,3940],"class_list":{"0":"post-5781","1":"product","2":"type-product","3":"status-publish","4":"has-post-thumbnail","6":"product_cat-pentobarbital-na-predaj","7":"product_tag-ako-kpi-nembutal-prok-online","8":"product_tag-ako-mem-si-nembutal","9":"product_tag-ako-mem-objedna-nembutal-prok","10":"product_tag-buy-nembutal-online","11":"product_tag-nembutal-prok-dvka","12":"product_tag-nembutal-prok-dodvate","13":"product_tag-kde-kpi-nembutal-prok-online","14":"product_tag-kde-mem-kpi-nembutal-prok","15":"product_tag-kpi-nembutal-prok-online","16":"product_tag-nkup-nembutal-prok-online","17":"product_tag-can-i-order-nembutal-online","18":"product_tag-najlepie-miesto-na-kpi-nembutal-prok-online","19":"product_tag-nembutal","20":"product_tag-nembutal-buy-austria","21":"product_tag-nembutal-buy-online","22":"product_tag-nembutal-buy-australia","23":"product_tag-nembutal-buy-uk","24":"product_tag-nembutal-powder-buy","25":"product_tag-nembutal-prok","26":"product_tag-objedna-nembutal-prok-online","27":"product_tag-objednvka-nembutal-prok","28":"product_tag-nembutal-prok-na-predaj","29":"product_tag-nembutal-prok-predvkovanie","31":"first","32":"instock","33":"shipping-taxable","34":"purchasable","35":"product-type-variable"},"yoast_head":"<!-- This site is optimized with the Yoast SEO plugin v27.3 - https:\/\/yoast.com\/product\/yoast-seo-wordpress\/ -->\n<title>K\u00fapte si Nembutalov\u00fd pr\u00e1\u0161ok - Pentobarbital sodn\u00fd - Najlep\u0161ie glob\u00e1lne lieky<\/title>\n<meta name=\"description\" content=\"K\u00fapte si Nembutal Powder pentobarbital sodn\u00fd na predaj vo Ve\u013ekej Brit\u00e1nii, Spojen\u00fdch arabsk\u00fdch emir\u00e1toch, Eur\u00f3pe, \u010c\u00edne v na\u0161om internetovom obchode bestglobalmeds.com s r\u00fdchlym celosvetov\u00fdm doru\u010den\u00edm! Najlep\u0161\u00ed Nembutal na objedn\u00e1vku n\u00e1jdete tu!\" \/>\n<meta name=\"robots\" content=\"index, follow, max-snippet:-1, max-image-preview:large, max-video-preview:-1\" \/>\n<link rel=\"canonical\" href=\"https:\/\/medicinasinc.com\/sk\/product\/kupit-nembutal-prasok\/\" \/>\n<meta property=\"og:locale\" content=\"en_US\" \/>\n<meta property=\"og:type\" content=\"article\" \/>\n<meta property=\"og:title\" content=\"K\u00fapte si Nembutalov\u00fd pr\u00e1\u0161ok - Pentobarbital sodn\u00fd - Najlep\u0161ie glob\u00e1lne lieky\" \/>\n<meta property=\"og:description\" content=\"K\u00fapte si Nembutal Powder pentobarbital sodn\u00fd na predaj vo Ve\u013ekej Brit\u00e1nii, Spojen\u00fdch arabsk\u00fdch emir\u00e1toch, Eur\u00f3pe, \u010c\u00edne v na\u0161om internetovom obchode bestglobalmeds.com s r\u00fdchlym celosvetov\u00fdm doru\u010den\u00edm! Najlep\u0161\u00ed Nembutal na objedn\u00e1vku n\u00e1jdete tu!\" \/>\n<meta property=\"og:url\" content=\"https:\/\/medicinasinc.com\/sk\/product\/kupit-nembutal-prasok\/\" \/>\n<meta property=\"og:site_name\" content=\"Medicinas Inc\" \/>\n<meta property=\"article:modified_time\" content=\"2022-03-22T00:49:58+00:00\" \/>\n<meta property=\"og:image\" content=\"https:\/\/medicinasinc.com\/sk\/wp-content\/uploads\/sites\/10\/2022\/02\/Buy-Nembutal-Powder-2.jpg\" \/>\n\t<meta property=\"og:image:width\" content=\"600\" \/>\n\t<meta property=\"og:image:height\" content=\"600\" \/>\n\t<meta property=\"og:image:type\" content=\"image\/jpeg\" \/>\n<meta name=\"twitter:card\" content=\"summary_large_image\" \/>\n<meta name=\"twitter:label1\" content=\"Est. reading time\" \/>\n\t<meta name=\"twitter:data1\" content=\"2 minutes\" \/>\n<script type=\"application\/ld+json\" class=\"yoast-schema-graph\">{\"@context\":\"https:\\\/\\\/schema.org\",\"@graph\":[{\"@type\":\"WebPage\",\"@id\":\"https:\\\/\\\/medicinasinc.com\\\/sk\\\/product\\\/kupit-nembutal-prasok\\\/\",\"url\":\"https:\\\/\\\/medicinasinc.com\\\/sk\\\/product\\\/kupit-nembutal-prasok\\\/\",\"name\":\"K\u00fapte si Nembutalov\u00fd pr\u00e1\u0161ok - Pentobarbital sodn\u00fd - Najlep\u0161ie glob\u00e1lne lieky\",\"isPartOf\":{\"@id\":\"https:\\\/\\\/medicinasinc.com\\\/sk\\\/#website\"},\"primaryImageOfPage\":{\"@id\":\"https:\\\/\\\/medicinasinc.com\\\/sk\\\/product\\\/kupit-nembutal-prasok\\\/#primaryimage\"},\"image\":{\"@id\":\"https:\\\/\\\/medicinasinc.com\\\/sk\\\/product\\\/kupit-nembutal-prasok\\\/#primaryimage\"},\"thumbnailUrl\":\"https:\\\/\\\/medicinasinc.com\\\/sk\\\/wp-content\\\/uploads\\\/sites\\\/10\\\/2022\\\/02\\\/Buy-Nembutal-Powder-2.jpg\",\"datePublished\":\"2022-02-22T06:07:08+00:00\",\"dateModified\":\"2022-03-22T00:49:58+00:00\",\"description\":\"K\u00fapte si Nembutal Powder pentobarbital sodn\u00fd na predaj vo Ve\u013ekej Brit\u00e1nii, Spojen\u00fdch arabsk\u00fdch emir\u00e1toch, Eur\u00f3pe, \u010c\u00edne v na\u0161om internetovom obchode bestglobalmeds.com s r\u00fdchlym celosvetov\u00fdm doru\u010den\u00edm! Najlep\u0161\u00ed Nembutal na objedn\u00e1vku n\u00e1jdete tu!\",\"breadcrumb\":{\"@id\":\"https:\\\/\\\/medicinasinc.com\\\/sk\\\/product\\\/kupit-nembutal-prasok\\\/#breadcrumb\"},\"inLanguage\":\"en-US\",\"potentialAction\":[{\"@type\":\"ReadAction\",\"target\":[\"https:\\\/\\\/medicinasinc.com\\\/sk\\\/product\\\/kupit-nembutal-prasok\\\/\"]}]},{\"@type\":\"ImageObject\",\"inLanguage\":\"en-US\",\"@id\":\"https:\\\/\\\/medicinasinc.com\\\/sk\\\/product\\\/kupit-nembutal-prasok\\\/#primaryimage\",\"url\":\"https:\\\/\\\/medicinasinc.com\\\/sk\\\/wp-content\\\/uploads\\\/sites\\\/10\\\/2022\\\/02\\\/Buy-Nembutal-Powder-2.jpg\",\"contentUrl\":\"https:\\\/\\\/medicinasinc.com\\\/sk\\\/wp-content\\\/uploads\\\/sites\\\/10\\\/2022\\\/02\\\/Buy-Nembutal-Powder-2.jpg\",\"width\":600,\"height\":600},{\"@type\":\"BreadcrumbList\",\"@id\":\"https:\\\/\\\/medicinasinc.com\\\/sk\\\/product\\\/kupit-nembutal-prasok\\\/#breadcrumb\",\"itemListElement\":[{\"@type\":\"ListItem\",\"position\":1,\"name\":\"Obchod\",\"item\":\"https:\\\/\\\/medicinasinc.com\\\/sk\\\/obchod\\\/\"},{\"@type\":\"ListItem\",\"position\":2,\"name\":\"K\u00fapte si Nembutalov\u00fd pr\u00e1\u0161ok\"}]},{\"@type\":\"WebSite\",\"@id\":\"https:\\\/\\\/medicinasinc.com\\\/sk\\\/#website\",\"url\":\"https:\\\/\\\/medicinasinc.com\\\/sk\\\/\",\"name\":\"Medicinas Inc\",\"description\":\"Health Medical Clinic\",\"potentialAction\":[{\"@type\":\"SearchAction\",\"target\":{\"@type\":\"EntryPoint\",\"urlTemplate\":\"https:\\\/\\\/medicinasinc.com\\\/sk\\\/?s={search_term_string}\"},\"query-input\":{\"@type\":\"PropertyValueSpecification\",\"valueRequired\":true,\"valueName\":\"search_term_string\"}}],\"inLanguage\":\"en-US\"}]}<\/script>\n<!-- \/ Yoast SEO plugin. -->","yoast_head_json":{"title":"K\u00fapte si Nembutalov\u00fd pr\u00e1\u0161ok - Pentobarbital sodn\u00fd - Najlep\u0161ie glob\u00e1lne lieky","description":"K\u00fapte si Nembutal Powder pentobarbital sodn\u00fd na predaj vo Ve\u013ekej Brit\u00e1nii, Spojen\u00fdch arabsk\u00fdch emir\u00e1toch, Eur\u00f3pe, \u010c\u00edne v na\u0161om internetovom obchode bestglobalmeds.com s r\u00fdchlym celosvetov\u00fdm doru\u010den\u00edm! Najlep\u0161\u00ed Nembutal na objedn\u00e1vku n\u00e1jdete tu!","robots":{"index":"index","follow":"follow","max-snippet":"max-snippet:-1","max-image-preview":"max-image-preview:large","max-video-preview":"max-video-preview:-1"},"canonical":"https:\/\/medicinasinc.com\/sk\/product\/kupit-nembutal-prasok\/","og_locale":"en_US","og_type":"article","og_title":"K\u00fapte si Nembutalov\u00fd pr\u00e1\u0161ok - Pentobarbital sodn\u00fd - Najlep\u0161ie glob\u00e1lne lieky","og_description":"K\u00fapte si Nembutal Powder pentobarbital sodn\u00fd na predaj vo Ve\u013ekej Brit\u00e1nii, Spojen\u00fdch arabsk\u00fdch emir\u00e1toch, Eur\u00f3pe, \u010c\u00edne v na\u0161om internetovom obchode bestglobalmeds.com s r\u00fdchlym celosvetov\u00fdm doru\u010den\u00edm! Najlep\u0161\u00ed Nembutal na objedn\u00e1vku n\u00e1jdete tu!","og_url":"https:\/\/medicinasinc.com\/sk\/product\/kupit-nembutal-prasok\/","og_site_name":"Medicinas Inc","article_modified_time":"2022-03-22T00:49:58+00:00","og_image":[{"width":600,"height":600,"url":"https:\/\/medicinasinc.com\/sk\/wp-content\/uploads\/sites\/10\/2022\/02\/Buy-Nembutal-Powder-2.jpg","type":"image\/jpeg"}],"twitter_card":"summary_large_image","twitter_misc":{"Est. reading time":"2 minutes"},"schema":{"@context":"https:\/\/schema.org","@graph":[{"@type":"WebPage","@id":"https:\/\/medicinasinc.com\/sk\/product\/kupit-nembutal-prasok\/","url":"https:\/\/medicinasinc.com\/sk\/product\/kupit-nembutal-prasok\/","name":"K\u00fapte si Nembutalov\u00fd pr\u00e1\u0161ok - Pentobarbital sodn\u00fd - Najlep\u0161ie glob\u00e1lne lieky","isPartOf":{"@id":"https:\/\/medicinasinc.com\/sk\/#website"},"primaryImageOfPage":{"@id":"https:\/\/medicinasinc.com\/sk\/product\/kupit-nembutal-prasok\/#primaryimage"},"image":{"@id":"https:\/\/medicinasinc.com\/sk\/product\/kupit-nembutal-prasok\/#primaryimage"},"thumbnailUrl":"https:\/\/medicinasinc.com\/sk\/wp-content\/uploads\/sites\/10\/2022\/02\/Buy-Nembutal-Powder-2.jpg","datePublished":"2022-02-22T06:07:08+00:00","dateModified":"2022-03-22T00:49:58+00:00","description":"K\u00fapte si Nembutal Powder pentobarbital sodn\u00fd na predaj vo Ve\u013ekej Brit\u00e1nii, Spojen\u00fdch arabsk\u00fdch emir\u00e1toch, Eur\u00f3pe, \u010c\u00edne v na\u0161om internetovom obchode bestglobalmeds.com s r\u00fdchlym celosvetov\u00fdm doru\u010den\u00edm! Najlep\u0161\u00ed Nembutal na objedn\u00e1vku n\u00e1jdete tu!","breadcrumb":{"@id":"https:\/\/medicinasinc.com\/sk\/product\/kupit-nembutal-prasok\/#breadcrumb"},"inLanguage":"en-US","potentialAction":[{"@type":"ReadAction","target":["https:\/\/medicinasinc.com\/sk\/product\/kupit-nembutal-prasok\/"]}]},{"@type":"ImageObject","inLanguage":"en-US","@id":"https:\/\/medicinasinc.com\/sk\/product\/kupit-nembutal-prasok\/#primaryimage","url":"https:\/\/medicinasinc.com\/sk\/wp-content\/uploads\/sites\/10\/2022\/02\/Buy-Nembutal-Powder-2.jpg","contentUrl":"https:\/\/medicinasinc.com\/sk\/wp-content\/uploads\/sites\/10\/2022\/02\/Buy-Nembutal-Powder-2.jpg","width":600,"height":600},{"@type":"BreadcrumbList","@id":"https:\/\/medicinasinc.com\/sk\/product\/kupit-nembutal-prasok\/#breadcrumb","itemListElement":[{"@type":"ListItem","position":1,"name":"Obchod","item":"https:\/\/medicinasinc.com\/sk\/obchod\/"},{"@type":"ListItem","position":2,"name":"K\u00fapte si Nembutalov\u00fd pr\u00e1\u0161ok"}]},{"@type":"WebSite","@id":"https:\/\/medicinasinc.com\/sk\/#website","url":"https:\/\/medicinasinc.com\/sk\/","name":"Medicinas Inc","description":"Health Medical Clinic","potentialAction":[{"@type":"SearchAction","target":{"@type":"EntryPoint","urlTemplate":"https:\/\/medicinasinc.com\/sk\/?s={search_term_string}"},"query-input":{"@type":"PropertyValueSpecification","valueRequired":true,"valueName":"search_term_string"}}],"inLanguage":"en-US"}]}},"_links":{"self":[{"href":"https:\/\/medicinasinc.com\/sk\/wp-json\/wp\/v2\/product\/5781","targetHints":{"allow":["GET"]}}],"collection":[{"href":"https:\/\/medicinasinc.com\/sk\/wp-json\/wp\/v2\/product"}],"about":[{"href":"https:\/\/medicinasinc.com\/sk\/wp-json\/wp\/v2\/types\/product"}],"replies":[{"embeddable":true,"href":"https:\/\/medicinasinc.com\/sk\/wp-json\/wp\/v2\/comments?post=5781"}],"wp:featuredmedia":[{"embeddable":true,"href":"https:\/\/medicinasinc.com\/sk\/wp-json\/wp\/v2\/media\/5791"}],"wp:attachment":[{"href":"https:\/\/medicinasinc.com\/sk\/wp-json\/wp\/v2\/media?parent=5781"}],"wp:term":[{"taxonomy":"product_brand","embeddable":true,"href":"https:\/\/medicinasinc.com\/sk\/wp-json\/wp\/v2\/product_brand?post=5781"},{"taxonomy":"product_cat","embeddable":true,"href":"https:\/\/medicinasinc.com\/sk\/wp-json\/wp\/v2\/product_cat?post=5781"},{"taxonomy":"product_tag","embeddable":true,"href":"https:\/\/medicinasinc.com\/sk\/wp-json\/wp\/v2\/product_tag?post=5781"}],"curies":[{"name":"wp","href":"https:\/\/api.w.org\/{rel}","templated":true}]}}