{"id":5777,"date":"2022-02-22T05:58:59","date_gmt":"2022-02-22T05:58:59","guid":{"rendered":"https:\/\/medicinasinc.com\/sk\/?post_type=product&#038;p=5777"},"modified":"2022-03-22T00:50:10","modified_gmt":"2022-03-22T00:50:10","slug":"kupit-nembutal-kapsuly","status":"publish","type":"product","link":"https:\/\/medicinasinc.com\/sk\/product\/kupit-nembutal-kapsuly\/","title":{"rendered":"K\u00fapte si Nembutal kapsuly"},"content":{"rendered":"<p>N\u00e1jdite najlep\u0161\u00edch dod\u00e1vate\u013eov a predajcov kaps\u00fal Nembutal v na\u0161ej lek\u00e1rni Nembutal online<\/p>\n<p>Sna\u017e\u00edte sa n\u00e1js\u0165 renomovan\u00fa online lek\u00e1re\u0148, kde m\u00f4\u017eete z\u00edska\u0165 najlep\u0161ie ponuky kaps\u00fal Nembutal? \u00c1no? Potom je toto ide\u00e1lne miesto pre v\u00e1s. Zn\u00e1me ako Online Nembutal Pharmacy, sme zn\u00e1ma online lek\u00e1re\u0148. Z\u00edskali sme ve\u013ea oddan\u00fdch z\u00e1kazn\u00edkov v\u010faka na\u0161ej reput\u00e1cii jedn\u00e9ho z popredn\u00fdch online predajcov a poskytovate\u013eov kaps\u00fal nembutalu.<\/p>\n<p>Nemajte obavy, ak si v na\u0161ej online lek\u00e1rni kupujete kapsuly nembutalu prv\u00fdkr\u00e1t . M\u00f4\u017eete tu o\u010dak\u00e1va\u0165 len to najlep\u0161ie. V\u017edy sme tu, aby sme v\u00e1m pomohli n\u00e1js\u0165 kapsuly Nembutal, ktor\u00e9 potrebujete, a dostali ich k v\u00e1m \u010do najr\u00fdchlej\u0161ie. V s\u00falade s priemyseln\u00fdmi normami sp\u013a\u0148ame alebo prekon\u00e1vame o\u010dak\u00e1vania na\u0161ich klientov. Nembutalov\u00e9 kapsuly na\u0161ej online lek\u00e1rne s\u00fa najvy\u0161\u0161ej kvality, \u010do zah\u0155\u0148a aj balenie a dopravu. Kontaktujte n\u00e1s e\u0161te dnes, ak m\u00e1te z\u00e1ujem o z\u00edskanie Nembutalov\u00fdch kaps\u00fal a my v\u010das vyhovieme va\u0161im potreb\u00e1m.<\/p>\n<p>Pre\u010do je n\u00e1kup Nembutalov\u00fdch kaps\u00fal v online lek\u00e1rni Nembutal tou najlep\u0161ou vo\u013ebou?<\/p>\n<p> Na\u0161a spolo\u010dnos\u0165 je tou najlep\u0161ou vo\u013ebou, ak chcete Nembutalov\u00e9 kapsuly prec\u00edznym sp\u00f4sobom s kontrolovanou kvalitou a r\u00fdchlym doru\u010den\u00edm. Kapsuly Nembutal najvy\u0161\u0161ej kvality s\u00fa dostupn\u00e9 za n\u00edzke ceny v online lek\u00e1rni Nembutal. Ke\u010f\u017ee nepou\u017e\u00edvame \u017eiadnych sprostredkovate\u013eov, dok\u00e1\u017eeme zabezpe\u010di\u0165, aby v\u0161etko prebiehalo hladko. Z\u00e1kazn\u00edcky servis je pre n\u00e1s prioritou a zabezpe\u010dujeme, aby boli objedn\u00e1vky doru\u010den\u00e9 na\u010das.<\/p>\n<p>Od na\u0161ich spotrebite\u013eov sme dostali skvel\u00fa sp\u00e4tn\u00fa v\u00e4zbu a hodnotenia, preto\u017ee v tejto oblasti pracujeme u\u017e dlho. Kapsuly Nembutal posiela n\u00e1\u0161 t\u00edm z\u00e1kazn\u00edkom bezpe\u010dn\u00fdm sp\u00f4sobom. Ku ka\u017edej polo\u017eke, ktor\u00fa si u n\u00e1s zak\u00fapite, priklad\u00e1me sadu pokynov. Tieto pokyny v\u00e1m uk\u00e1\u017eu, ako bezpe\u010dne u\u017e\u00edva\u0165 kapsuly Nembutal na predpis.<\/p>\n<p>V\u017edy sa m\u00f4\u017eete spo\u013eahn\u00fa\u0165 na na\u0161e \u0161pi\u010dkov\u00e9 slu\u017eby. Na\u0161a online lek\u00e1re\u0148 v\u00e1m m\u00f4\u017ee pom\u00f4c\u0165 dozvedie\u0165 sa viac o lieku Nembutal Capsules. V minulosti bolo \u0165a\u017ek\u00e9 z\u00edska\u0165 kapsuly Nembutal. Ako v\u0161ak \u010das pokro\u010dil, na\u0161a online lek\u00e1re\u0148 bola schopn\u00e1 pon\u00faka\u0165 produkty Nembutal online. M\u00f4\u017eete ich z\u00edska\u0165 kedyko\u013evek budete chcie\u0165.<\/p>\n","protected":false},"excerpt":{"rendered":"<p>Objedn\u00e1vanie kaps\u00fal Nembutal online: Ak\u00e9 s\u00fa kroky, ktor\u00e9 treba podnikn\u00fa\u0165?<\/p>\n<p>Po\u017eiadavku na k\u00fapu kaps\u00fal Nembutal online za najlep\u0161iu cenu m\u00f4\u017eete odosla\u0165 na na\u0161ej ofici\u00e1lnej webovej str\u00e1nke a dokon\u010di\u0165 ju v kr\u00e1tkom \u010dase. Sme zodpovedn\u00ed za splnenie va\u0161ej objedn\u00e1vky. Kapsuly Nembutalu si od n\u00e1s m\u00f4\u017eete k\u00fapi\u0165 hne\u010f teraz, ak n\u00e1s kontaktujete e\u0161te dnes!<\/p>\n<p>V na\u0161om online obchode BestGlobalMedicines.com m\u00f4\u017eete z\u00edska\u0165 Nembutalov\u00e9 kapsuly, pilulky Europe a Pentobarbital na predaj v Spojenom kr\u00e1\u013eovstve s r\u00fdchlym celosvetov\u00fdm doru\u010den\u00edm! Pr\u00e1ve tu n\u00e1jdete to najlep\u0161ie miesto na online n\u00e1kup Nembutalu!<\/p>\n","protected":false},"featured_media":5786,"comment_status":"open","ping_status":"closed","template":"","meta":[],"product_brand":[],"product_cat":[3818],"product_tag":[3841,3839,3838,3842,3840,3821,3822,3823,3829,3830,3831,3834,3835,3897,3913,3882,3911,3855,3836,3837,3888,3843,3923,3924,3925,3926,3916,3914,3917,3918,3920,3915,3919,3922,3927,3904,3824,3827,3879,3828,3820,3825,3826,3832,3833,3819,3912,3907,3845,3847,3848,3851,3852,3853,3849,3850,3856,3859,3860,3861,3866,3867,3868,3864,3858,3862,3863,3869,3846,3857,3872,3871,3870,3873,3874,3877,3875,3876,3880,3885,3886,3887,3892,3893,3894,3899,3900,3901,3906,3878,3889,3902,3909,3908,3891,3895,3884,3883,3903,3865,3854,3896,3905,3881,3844,3898,3890,3910,3921],"class_list":{"0":"post-5777","1":"product","2":"type-product","3":"status-publish","4":"has-post-thumbnail","6":"product_cat-pentobarbital-na-predaj","7":"product_tag-ako-kpi-nembutal-online","8":"product_tag-ako-mem-si-nembutal","9":"product_tag-ako-mem-objedna-pentobarbital-sodn","10":"product_tag-ako-objednat-nembutal-mailom","11":"product_tag-ako-nadobudn-nembutal","12":"product_tag-buy-cheap-nembutal-online","13":"product_tag-buy-nembutal-here","14":"product_tag-buy-nembutal-liquid-online","15":"product_tag-buy-pentobarbital-sodium-pentobarbital-sodium-salt","16":"product_tag-buy-sodium-pentobarbital-uk","17":"product_tag-can-i-buy-pentobarbital","18":"product_tag-can-you-buy-pentobarbital-sodium-over-the-counter","19":"product_tag-can-you-buy-sodium-pentobarbital","20":"product_tag-pentobarbital-sodk-cena","21":"product_tag-chcie-kpi-nembutal","22":"product_tag-pentobarbital-dvkovanie-sodka","23":"product_tag-sodk-pentobarbital-as-pouitenosti","24":"product_tag-nembutal-dodvate-kvapaliny","25":"product_tag-how-can-i-order-nembutal-liquid","26":"product_tag-how-can-i-order-nembutal-pills","27":"product_tag-pentobarbital-ntrium-injekn-roztok","28":"product_tag-it-is-easy-to-buy-nembutal-online","29":"product_tag-kde-kpi-lacno-nembutal-online","30":"product_tag-kde-kpi-nembutal-tabletky-online","31":"product_tag-kde-kpi-pentobarbital-sodk","32":"product_tag-kde-kpi-pentobarbital-sodk-pre-psov","33":"product_tag-kde-mem-kpi-nembutal-pentobarbital-sodn","34":"product_tag-kde-mem-kpi-nembutal-liquid","35":"product_tag-kde-mem-kpi-pentobarbital","36":"product_tag-kde-mem-kpi-pentobarbital-sodk","37":"product_tag-kde-mem-kpi-pentobarbital-sodn","38":"product_tag-kde-mozem-si-kupit-nembutal-tabletky","39":"product_tag-tabletky-na-spanie-pentobarbital-sodny-kde-sa-da-kupit","40":"product_tag-kde-si-mozes-kupit-pentobarbital-sodny","41":"product_tag-kde-zska-pentobarbital-sodk","42":"product_tag-nkup-nembutal-online","43":"product_tag-kpi-nembutal-pentobarbital-sodk","44":"product_tag-buy-pentobarbital-sodium","45":"product_tag-pentobarbital-sodk-kpi","46":"product_tag-kpi-pentobarbital-sodk-2021","47":"product_tag-kpi-lacno-nembutal-liquid-online","48":"product_tag-kpi-nembutal-tabletky-online","49":"product_tag-kpi-nembutal-sodium-online","50":"product_tag-can-i-order-nembutal-online","51":"product_tag-can-i-order-pentobarbital-online","52":"product_tag-najlep-liek-na-predvkovanie-samovrd","53":"product_tag-najlepie-miesto-na-kpi-nembutal-pilulky-online","54":"product_tag-nklady-na-pentobarbital-sodn","55":"product_tag-nembutal","56":"product_tag-nembutal-for-sale","57":"product_tag-nembutal-liquid-buy","58":"product_tag-nembutal-liquid-buy-europe","59":"product_tag-nembutal-liquid-buy-uk","60":"product_tag-nembutal-liquid-dose","61":"product_tag-nembutal-liquid-buy-australia","62":"product_tag-nembutal-tekutina-kupim-rakusko","63":"product_tag-nembutal-pentobarbital-sodk-kpi","64":"product_tag-nembutal-pills-buy-australia","65":"product_tag-nembutal-pills-buy-austria","66":"product_tag-nembutal-pills-buy-europe","67":"product_tag-nembutal-pills-online","68":"product_tag-nembutal-pills-overdose","69":"product_tag-nembutal-pills-supplier","70":"product_tag-nembutal-tabletky-dvka","71":"product_tag-nembutal-tabletky-kpi","72":"product_tag-nembutal-tabletky-kpi-online","73":"product_tag-nembutal-pills-buy-uk","74":"product_tag-nembutal-suicide-dose","75":"product_tag-nemutal-kapsula","76":"product_tag-nembutal-tabletky","77":"product_tag-objedna-nembutal-tabletky-online","78":"product_tag-order-nembutal-pilulky","79":"product_tag-objednvka-nembutal-kvapalina","80":"product_tag-rd-pentobarbital-sodk","81":"product_tag-pentobarbital","82":"product_tag-pentobarbital-near-me","83":"product_tag-pentobarbital-de-sodium-dose-letale","84":"product_tag-pentobarbital-na-eutanziu","85":"product_tag-pentobarbital-sodium-china","86":"product_tag-pentobarbital-sodium-group","87":"product_tag-pentobarbital-sodium-injection-for-dogs","88":"product_tag-pentobarbital-sodium-injection-for-humans","89":"product_tag-pentobarbital-sodium-oral","90":"product_tag-pentobarbital-sodium-over-the-counter","91":"product_tag-pentobarbital-sodium-pills","92":"product_tag-pentobarbital-sodium-sleeping-pills","93":"product_tag-pentobarbital-sodium-sleeping-pills-over-the-counter","94":"product_tag-pentobarbital-sodium-tablets","95":"product_tag-pentobarbital-nembutal-sodn","96":"product_tag-pentobarbital-sodn-anestzia","97":"product_tag-pentobarbital-sodk-injekcia-usp","98":"product_tag-pentobarbital-sodk-kde-k-kpi","99":"product_tag-pentobarbital-sodn-na-eutanziu","100":"product_tag-pentobarbital-sodn-na-eutanziu-zvierat","101":"product_tag-pentobarbital-sodium-nz","102":"product_tag-pentobarbital-sodn-prok","103":"product_tag-pentobarbital-sodk-pre-ud","104":"product_tag-pentobarbital-sodk-pre-psy","105":"product_tag-pouitie-pentobarbitalu","106":"product_tag-nembutal-pilulky-na-predaj","107":"product_tag-nembutal-tekutina-predvkovanie","108":"product_tag-pentobarbital-sodk-predpis","109":"product_tag-purchase-nembutal-pills-online","110":"product_tag-pentobarbital-sodn-smr","111":"product_tag-smrten-injekcia-kpi-online","112":"product_tag-pentobarbital-sodn-so","113":"product_tag-pentobarbital-sodk-kvapalina","114":"product_tag-vrobcovia-pentobarbitalu-sodnho","115":"product_tag-where-can-i-purchase-nembutal","117":"first","118":"instock","119":"shipping-taxable","120":"purchasable","121":"product-type-variable"},"yoast_head":"<!-- This site is optimized with the Yoast SEO plugin v27.3 - https:\/\/yoast.com\/product\/yoast-seo-wordpress\/ -->\n<title>K\u00fapte si kapsuly Nembutal \u2013 objednajte si kapsuly Nembutal \u2013 najlep\u0161ie glob\u00e1lne lieky<\/title>\n<meta name=\"description\" content=\"K\u00fapi\u0165\/objedna\u0165 Nembutal Kapsuly, Pilulky na predaj Ve\u013ek\u00e1 Brit\u00e1nia, Eur\u00f3pa, \u010c\u00edna, Japonsko, Izrael z renomovanej online lek\u00e1rne bez lek\u00e1rskeho predpisu a zaru\u010denej diskr\u00e9tnej dopravy.\" \/>\n<meta name=\"robots\" content=\"index, follow, max-snippet:-1, max-image-preview:large, max-video-preview:-1\" \/>\n<link rel=\"canonical\" href=\"https:\/\/medicinasinc.com\/sk\/product\/kupit-nembutal-kapsuly\/\" \/>\n<meta property=\"og:locale\" content=\"en_US\" \/>\n<meta property=\"og:type\" content=\"article\" \/>\n<meta property=\"og:title\" content=\"K\u00fapte si kapsuly Nembutal \u2013 objednajte si kapsuly Nembutal \u2013 najlep\u0161ie glob\u00e1lne lieky\" \/>\n<meta property=\"og:description\" content=\"K\u00fapi\u0165\/objedna\u0165 Nembutal Kapsuly, Pilulky na predaj Ve\u013ek\u00e1 Brit\u00e1nia, Eur\u00f3pa, \u010c\u00edna, Japonsko, Izrael z renomovanej online lek\u00e1rne bez lek\u00e1rskeho predpisu a zaru\u010denej diskr\u00e9tnej dopravy.\" \/>\n<meta property=\"og:url\" content=\"https:\/\/medicinasinc.com\/sk\/product\/kupit-nembutal-kapsuly\/\" \/>\n<meta property=\"og:site_name\" content=\"Medicinas Inc\" \/>\n<meta property=\"article:modified_time\" content=\"2022-03-22T00:50:10+00:00\" \/>\n<meta property=\"og:image\" content=\"https:\/\/medicinasinc.com\/sk\/wp-content\/uploads\/sites\/10\/2022\/02\/Buy-Nembutal-Capsules.jpg\" \/>\n\t<meta property=\"og:image:width\" content=\"600\" \/>\n\t<meta property=\"og:image:height\" content=\"600\" \/>\n\t<meta property=\"og:image:type\" content=\"image\/jpeg\" \/>\n<meta name=\"twitter:card\" content=\"summary_large_image\" \/>\n<meta name=\"twitter:label1\" content=\"Est. reading time\" \/>\n\t<meta name=\"twitter:data1\" content=\"2 minutes\" \/>\n<script type=\"application\/ld+json\" class=\"yoast-schema-graph\">{\"@context\":\"https:\\\/\\\/schema.org\",\"@graph\":[{\"@type\":\"WebPage\",\"@id\":\"https:\\\/\\\/medicinasinc.com\\\/sk\\\/product\\\/kupit-nembutal-kapsuly\\\/\",\"url\":\"https:\\\/\\\/medicinasinc.com\\\/sk\\\/product\\\/kupit-nembutal-kapsuly\\\/\",\"name\":\"K\u00fapte si kapsuly Nembutal \u2013 objednajte si kapsuly Nembutal \u2013 najlep\u0161ie glob\u00e1lne lieky\",\"isPartOf\":{\"@id\":\"https:\\\/\\\/medicinasinc.com\\\/sk\\\/#website\"},\"primaryImageOfPage\":{\"@id\":\"https:\\\/\\\/medicinasinc.com\\\/sk\\\/product\\\/kupit-nembutal-kapsuly\\\/#primaryimage\"},\"image\":{\"@id\":\"https:\\\/\\\/medicinasinc.com\\\/sk\\\/product\\\/kupit-nembutal-kapsuly\\\/#primaryimage\"},\"thumbnailUrl\":\"https:\\\/\\\/medicinasinc.com\\\/sk\\\/wp-content\\\/uploads\\\/sites\\\/10\\\/2022\\\/02\\\/Buy-Nembutal-Capsules.jpg\",\"datePublished\":\"2022-02-22T05:58:59+00:00\",\"dateModified\":\"2022-03-22T00:50:10+00:00\",\"description\":\"K\u00fapi\u0165\\\/objedna\u0165 Nembutal Kapsuly, Pilulky na predaj Ve\u013ek\u00e1 Brit\u00e1nia, Eur\u00f3pa, \u010c\u00edna, Japonsko, Izrael z renomovanej online lek\u00e1rne bez lek\u00e1rskeho predpisu a zaru\u010denej diskr\u00e9tnej dopravy.\",\"breadcrumb\":{\"@id\":\"https:\\\/\\\/medicinasinc.com\\\/sk\\\/product\\\/kupit-nembutal-kapsuly\\\/#breadcrumb\"},\"inLanguage\":\"en-US\",\"potentialAction\":[{\"@type\":\"ReadAction\",\"target\":[\"https:\\\/\\\/medicinasinc.com\\\/sk\\\/product\\\/kupit-nembutal-kapsuly\\\/\"]}]},{\"@type\":\"ImageObject\",\"inLanguage\":\"en-US\",\"@id\":\"https:\\\/\\\/medicinasinc.com\\\/sk\\\/product\\\/kupit-nembutal-kapsuly\\\/#primaryimage\",\"url\":\"https:\\\/\\\/medicinasinc.com\\\/sk\\\/wp-content\\\/uploads\\\/sites\\\/10\\\/2022\\\/02\\\/Buy-Nembutal-Capsules.jpg\",\"contentUrl\":\"https:\\\/\\\/medicinasinc.com\\\/sk\\\/wp-content\\\/uploads\\\/sites\\\/10\\\/2022\\\/02\\\/Buy-Nembutal-Capsules.jpg\",\"width\":600,\"height\":600},{\"@type\":\"BreadcrumbList\",\"@id\":\"https:\\\/\\\/medicinasinc.com\\\/sk\\\/product\\\/kupit-nembutal-kapsuly\\\/#breadcrumb\",\"itemListElement\":[{\"@type\":\"ListItem\",\"position\":1,\"name\":\"Obchod\",\"item\":\"https:\\\/\\\/medicinasinc.com\\\/sk\\\/obchod\\\/\"},{\"@type\":\"ListItem\",\"position\":2,\"name\":\"K\u00fapte si Nembutal kapsuly\"}]},{\"@type\":\"WebSite\",\"@id\":\"https:\\\/\\\/medicinasinc.com\\\/sk\\\/#website\",\"url\":\"https:\\\/\\\/medicinasinc.com\\\/sk\\\/\",\"name\":\"Medicinas Inc\",\"description\":\"Health Medical Clinic\",\"potentialAction\":[{\"@type\":\"SearchAction\",\"target\":{\"@type\":\"EntryPoint\",\"urlTemplate\":\"https:\\\/\\\/medicinasinc.com\\\/sk\\\/?s={search_term_string}\"},\"query-input\":{\"@type\":\"PropertyValueSpecification\",\"valueRequired\":true,\"valueName\":\"search_term_string\"}}],\"inLanguage\":\"en-US\"}]}<\/script>\n<!-- \/ Yoast SEO plugin. -->","yoast_head_json":{"title":"K\u00fapte si kapsuly Nembutal \u2013 objednajte si kapsuly Nembutal \u2013 najlep\u0161ie glob\u00e1lne lieky","description":"K\u00fapi\u0165\/objedna\u0165 Nembutal Kapsuly, Pilulky na predaj Ve\u013ek\u00e1 Brit\u00e1nia, Eur\u00f3pa, \u010c\u00edna, Japonsko, Izrael z renomovanej online lek\u00e1rne bez lek\u00e1rskeho predpisu a zaru\u010denej diskr\u00e9tnej dopravy.","robots":{"index":"index","follow":"follow","max-snippet":"max-snippet:-1","max-image-preview":"max-image-preview:large","max-video-preview":"max-video-preview:-1"},"canonical":"https:\/\/medicinasinc.com\/sk\/product\/kupit-nembutal-kapsuly\/","og_locale":"en_US","og_type":"article","og_title":"K\u00fapte si kapsuly Nembutal \u2013 objednajte si kapsuly Nembutal \u2013 najlep\u0161ie glob\u00e1lne lieky","og_description":"K\u00fapi\u0165\/objedna\u0165 Nembutal Kapsuly, Pilulky na predaj Ve\u013ek\u00e1 Brit\u00e1nia, Eur\u00f3pa, \u010c\u00edna, Japonsko, Izrael z renomovanej online lek\u00e1rne bez lek\u00e1rskeho predpisu a zaru\u010denej diskr\u00e9tnej dopravy.","og_url":"https:\/\/medicinasinc.com\/sk\/product\/kupit-nembutal-kapsuly\/","og_site_name":"Medicinas Inc","article_modified_time":"2022-03-22T00:50:10+00:00","og_image":[{"width":600,"height":600,"url":"https:\/\/medicinasinc.com\/sk\/wp-content\/uploads\/sites\/10\/2022\/02\/Buy-Nembutal-Capsules.jpg","type":"image\/jpeg"}],"twitter_card":"summary_large_image","twitter_misc":{"Est. reading time":"2 minutes"},"schema":{"@context":"https:\/\/schema.org","@graph":[{"@type":"WebPage","@id":"https:\/\/medicinasinc.com\/sk\/product\/kupit-nembutal-kapsuly\/","url":"https:\/\/medicinasinc.com\/sk\/product\/kupit-nembutal-kapsuly\/","name":"K\u00fapte si kapsuly Nembutal \u2013 objednajte si kapsuly Nembutal \u2013 najlep\u0161ie glob\u00e1lne lieky","isPartOf":{"@id":"https:\/\/medicinasinc.com\/sk\/#website"},"primaryImageOfPage":{"@id":"https:\/\/medicinasinc.com\/sk\/product\/kupit-nembutal-kapsuly\/#primaryimage"},"image":{"@id":"https:\/\/medicinasinc.com\/sk\/product\/kupit-nembutal-kapsuly\/#primaryimage"},"thumbnailUrl":"https:\/\/medicinasinc.com\/sk\/wp-content\/uploads\/sites\/10\/2022\/02\/Buy-Nembutal-Capsules.jpg","datePublished":"2022-02-22T05:58:59+00:00","dateModified":"2022-03-22T00:50:10+00:00","description":"K\u00fapi\u0165\/objedna\u0165 Nembutal Kapsuly, Pilulky na predaj Ve\u013ek\u00e1 Brit\u00e1nia, Eur\u00f3pa, \u010c\u00edna, Japonsko, Izrael z renomovanej online lek\u00e1rne bez lek\u00e1rskeho predpisu a zaru\u010denej diskr\u00e9tnej dopravy.","breadcrumb":{"@id":"https:\/\/medicinasinc.com\/sk\/product\/kupit-nembutal-kapsuly\/#breadcrumb"},"inLanguage":"en-US","potentialAction":[{"@type":"ReadAction","target":["https:\/\/medicinasinc.com\/sk\/product\/kupit-nembutal-kapsuly\/"]}]},{"@type":"ImageObject","inLanguage":"en-US","@id":"https:\/\/medicinasinc.com\/sk\/product\/kupit-nembutal-kapsuly\/#primaryimage","url":"https:\/\/medicinasinc.com\/sk\/wp-content\/uploads\/sites\/10\/2022\/02\/Buy-Nembutal-Capsules.jpg","contentUrl":"https:\/\/medicinasinc.com\/sk\/wp-content\/uploads\/sites\/10\/2022\/02\/Buy-Nembutal-Capsules.jpg","width":600,"height":600},{"@type":"BreadcrumbList","@id":"https:\/\/medicinasinc.com\/sk\/product\/kupit-nembutal-kapsuly\/#breadcrumb","itemListElement":[{"@type":"ListItem","position":1,"name":"Obchod","item":"https:\/\/medicinasinc.com\/sk\/obchod\/"},{"@type":"ListItem","position":2,"name":"K\u00fapte si Nembutal kapsuly"}]},{"@type":"WebSite","@id":"https:\/\/medicinasinc.com\/sk\/#website","url":"https:\/\/medicinasinc.com\/sk\/","name":"Medicinas Inc","description":"Health Medical Clinic","potentialAction":[{"@type":"SearchAction","target":{"@type":"EntryPoint","urlTemplate":"https:\/\/medicinasinc.com\/sk\/?s={search_term_string}"},"query-input":{"@type":"PropertyValueSpecification","valueRequired":true,"valueName":"search_term_string"}}],"inLanguage":"en-US"}]}},"_links":{"self":[{"href":"https:\/\/medicinasinc.com\/sk\/wp-json\/wp\/v2\/product\/5777","targetHints":{"allow":["GET"]}}],"collection":[{"href":"https:\/\/medicinasinc.com\/sk\/wp-json\/wp\/v2\/product"}],"about":[{"href":"https:\/\/medicinasinc.com\/sk\/wp-json\/wp\/v2\/types\/product"}],"replies":[{"embeddable":true,"href":"https:\/\/medicinasinc.com\/sk\/wp-json\/wp\/v2\/comments?post=5777"}],"wp:featuredmedia":[{"embeddable":true,"href":"https:\/\/medicinasinc.com\/sk\/wp-json\/wp\/v2\/media\/5786"}],"wp:attachment":[{"href":"https:\/\/medicinasinc.com\/sk\/wp-json\/wp\/v2\/media?parent=5777"}],"wp:term":[{"taxonomy":"product_brand","embeddable":true,"href":"https:\/\/medicinasinc.com\/sk\/wp-json\/wp\/v2\/product_brand?post=5777"},{"taxonomy":"product_cat","embeddable":true,"href":"https:\/\/medicinasinc.com\/sk\/wp-json\/wp\/v2\/product_cat?post=5777"},{"taxonomy":"product_tag","embeddable":true,"href":"https:\/\/medicinasinc.com\/sk\/wp-json\/wp\/v2\/product_tag?post=5777"}],"curies":[{"name":"wp","href":"https:\/\/api.w.org\/{rel}","templated":true}]}}