{"id":5739,"date":"2022-02-22T05:15:21","date_gmt":"2022-02-22T05:15:21","guid":{"rendered":"https:\/\/medicinasinc.com\/sk\/?post_type=product&#038;p=5739"},"modified":"2022-03-22T00:50:21","modified_gmt":"2022-03-22T00:50:21","slug":"kupit-pyrazolam-0-5-mg-pelety","status":"publish","type":"product","link":"https:\/\/medicinasinc.com\/sk\/product\/kupit-pyrazolam-0-5-mg-pelety\/","title":{"rendered":"K\u00fapte si pelety Pyrazolam 0,5 mg"},"content":{"rendered":"<p>Pyrazolam 0,5 mg pelety na predaj v Spojenom kr\u00e1\u013eovstve, Eur\u00f3pe, Austr\u00e1lii a Eur\u00f3pskej \u00fanii. Cena pyrazolamu, dodanie pyrazolamu cez noc a kde k\u00fapi\u0165 kvalitn\u00fd pyrazolam.<\/p>\n<p>Bitcoin mo\u017eno pou\u017ei\u0165 na n\u00e1kup 1mg peliet pyrazolamu online. C16H12BrN5 je molekul\u00e1rna \u0161trukt\u00fara tejto lisovacej pelety. Pyrazolam m\u00f4\u017ee by\u0165 \u0165a\u017ek\u00e9 zohna\u0165.<\/p>\n<p>Do skupiny benzodiazep\u00ednov\u00fdch liekov patr\u00ed pyrazolam, \u00faplne nov\u00fd depres\u00edvum. Relax, dezinhib\u00edcia a euf\u00f3ria s\u00fa len niektor\u00e9 z pozit\u00edvnych ved\u013eaj\u0161\u00edch \u00fa\u010dinkov, ktor\u00e9 \u013eudia uv\u00e1dzaj\u00fa. Nakupujte a objedn\u00e1vajte lacn\u00e9 pyrazolamov\u00e9 pelety 2022 na internete.<\/p>\n<p>Benzodiazep\u00edny ako pyrazolam a diazepam maj\u00fa men\u0161iu euf\u00f3riu a s\u00fa viac sedat\u00edvne, tak\u017ee sa be\u017ene nepou\u017e\u00edvaj\u00fa na rekrea\u010dn\u00e9 \u00fa\u010dely.<\/p>\n<p> Pharmaceuticals Order Cheap 2022 Pyrazolam Pellets Online<\/p>\n<p>Existuje mnoho r\u00f4znych \u00fa\u010dinkov, ktor\u00e9 mo\u017eno dosiahnu\u0165 u\u017e\u00edvan\u00edm benzos, preto\u017ee sa via\u017eu na miesto benzodiazep\u00ednov\u00e9ho receptora a zvy\u0161uj\u00fa \u00fa\u010dinnos\u0165 a \u00fa\u010dinky kyseliny gama-aminomaslovej na jej receptory.<\/p>\n<p>Sedat\u00edvne alebo upokojuj\u00face \u00fa\u010dinky pyazolamu na nervov\u00fd syst\u00e9m mo\u017eno prip\u00edsa\u0165 jeho modul\u00e1cii tohto miesta, \u010do je najplodnej\u0161ia skupina inhibi\u010dn\u00fdch receptorov v mozgu.<\/p>\n<p>Zak\u00fapenie pyrazolamu od renomovan\u00e9ho dod\u00e1vate\u013ea zaru\u010duje, \u017ee budete dostanete svoju objedn\u00e1vku v\u010das na rok 2021.<\/p>\n<p>Namiesto benzodiazep\u00ednov\u00fdch receptorov m\u00f4\u017eu by\u0165 antikonvulz\u00edvne \u00fa\u010dinky benzodiazep\u00ednov sp\u00f4soben\u00e9 ich v\u00e4zbou na sod\u00edkov\u00e9 kan\u00e1ly z\u00e1visl\u00e9 od nap\u00e4tia.<\/p>\n<p>\u00da\u010dinky na Telo<br \/> Z\u00e1vrat<br \/> strata motorick\u00e9 funkcie<br \/> Uvo\u013enenie svalov<br \/> \u00datlm d\u00fdchacieho syst\u00e9mu<br \/> Pyazolam p\u00f4sob\u00ed menej sedat\u00edvne ako in\u00e9 benzodiazep\u00edny, pokia\u013e sa neu\u017e\u00edva vo vysok\u00fdch d\u00e1vkach, a preto sa \u010dasto predpisuje na lie\u010dbu nespavosti.<br \/> \u00da\u010dinky na myse\u013e<\/p>\n<p>Kognit\u00edvne \u00fa\u010dinky pyrazolamu mo\u017eno rozdeli\u0165 do nieko\u013ek\u00fdch zlo\u017eiek, ktor\u00fdch intenzita sa zvy\u0161uje so zvy\u0161uj\u00facou sa d\u00e1vkou.<\/p>\n<p>Zak\u00fapen\u00edm pyrazolamu od renomovan\u00e9ho dod\u00e1vate\u013ea z\u00edskate usporiada\u0165 v\u010das na rok 2021.<\/p>\n<p>Mnoho \u013eud\u00ed opisuje v\u0161eobecn\u00fd \u00fa\u010dinok pyrazolamu na myse\u013e ako miernu sed\u00e1ciu, ale so zodpovedaj\u00facim v\u00fdrazn\u00fdm zn\u00ed\u017een\u00edm \u00fazkosti. M\u00e1 ve\u013ek\u00e9 mno\u017estvo kognit\u00edvnych \u00fa\u010dinkov, ktor\u00e9 sa be\u017ene sp\u00e1jaj\u00fa s depresiou.<\/p>\n<p>Vo v\u0161eobecnosti medzi najv\u00fdraznej\u0161ie kognit\u00edvne \u00fa\u010dinky patria:<\/p>\n<p>Amn\u00e9zia<br \/> Potla\u010denie \u00fazkosti<br \/> Spomalenie mysle<br \/> Potla\u010denie anal\u00fdzy \u00fadajov<br \/> Disinhib\u00edcia<br \/> Opakovan\u00e9 prehr\u00e1vanie vlastn\u00fdch ch\u00fdb<br \/> Blud triezvosti: Napriek zjavn\u00fdm d\u00f4kazom o opaku, ako s\u00fa v\u00e1\u017ene kognit\u00edvne poruchy a neschopnos\u0165 \u00faplne komunikova\u0165 s ostatn\u00fdmi, v jednotlivcovi pretrv\u00e1va falo\u0161n\u00e9 presved\u010denie, \u017ee \u010dlovek je \u00faplne triezvy.<br \/> Zv\u00e4\u010d\u0161enie snov<br \/> Ohromuj\u00face kontrasty<br \/> Objednajte si pyrazolamov\u00e9 pelety 2021, k\u00fapte pyrazolam online lacno 2021<\/p>\n<p>Nie je nezvy\u010dajn\u00e9, \u017ee \u013eudia u\u017e\u00edvaj\u00faci benzodiazep\u00edny poci\u0165uj\u00fa nezvy\u010dajn\u00e9 ved\u013eaj\u0161ie \u00fa\u010dinky, ako je zv\u00fd\u0161en\u00e1 frekvencia z\u00e1chvatov, agresivita, podr\u00e1\u017edenos\u0165 a samovra\u017eedn\u00e9 my\u0161lienky.<\/p>\n<p>Rekrea\u010dn\u00ed u\u017e\u00edvatelia drog, \u013eudia s du\u0161evn\u00fdmi chorobami, deti, a pacienti s re\u017eimami s vysok\u00fdmi d\u00e1vkami maj\u00fa v\u00e4\u010d\u0161iu pravdepodobnos\u0165 v\u00fdskytu e tieto paradoxn\u00e9 \u00fa\u010dinky.<\/p>\n<p>Potenci\u00e1l z\u00e1vislosti a tolerancie<\/p>\n<p>Pyrazolam m\u00e1 vysok\u00fa \u00farove\u0148 fyzickej a du\u0161evnej z\u00e1vislosti.<br \/> Tolerancia na sedat\u00edvno-hypnotick\u00e9 \u00fa\u010dinky sa vyvinie v priebehu nieko\u013ek\u00fdch dn\u00ed pravideln\u00e9ho u\u017e\u00edvania lieku.<\/p>\n<p>Tolerancia sa vr\u00e1ti do norm\u00e1lu do 7 a\u017e 14 dn\u00ed po vysaden\u00ed. Je v\u0161ak mo\u017en\u00e9, \u017ee v z\u00e1vislosti od toho, ako dlho a ako silno ho pou\u017e\u00edvate, to m\u00f4\u017ee trva\u0165 v\u00fdrazne dlh\u0161ie.<\/p>\n<p>Po nieko\u013ek\u00fdch t\u00fd\u017ed\u0148och alebo dlh\u0161om ust\u00e1lenom d\u00e1vkovan\u00ed sa m\u00f4\u017eu objavi\u0165 abstinen\u010dn\u00e9 pr\u00edznaky alebo pr\u00edznaky n\u00e1vratu, ktor\u00e9 si vy\u017eaduj\u00fa postupn\u00e9 zni\u017eovanie d\u00e1vky.<\/p>\n<p>Interakcie, ktor\u00e9 m\u00f4\u017eu by\u0165 \u0161kodliv\u00e9. K\u00fapte si pyrazolam online, objednajte si pelety pyrazolamu 2022<\/p>\n<p>Mnoh\u00e9 lieky s\u00fa samy osebe bezpe\u010dn\u00e9, ale v kombin\u00e1cii s in\u00fdmi l\u00e1tkami m\u00f4\u017eu by\u0165 nebezpe\u010dn\u00e9 a dokonca \u017eivot ohrozuj\u00face. Niektor\u00e9 z najnebezpe\u010dnej\u0161\u00edch kombin\u00e1ci\u00ed s\u00fa uveden\u00e9 ni\u017e\u0161ie, ale toto je neznamen\u00e1 to \u00fapln\u00fd zoznam.<\/p>\n<p>Av\u0161ak aj v n\u00edzkych d\u00e1vkach m\u00f4\u017eu ur\u010dit\u00e9 kombin\u00e1cie zv\u00fd\u0161i\u0165 riziko \u00famrtia. Pred konzum\u00e1ciou zmesi dvoch alebo viacer\u00fdch l\u00e1tok by sa mal vykona\u0165 nez\u00e1visl\u00fd v\u00fdskum, aby sa zabezpe\u010dilo, \u017ee je to bezpe\u010dn\u00e9.<\/p>\n<p>Kombin\u00e1cia tlmiv\u00e9ho \u010dinidla s in\u00fdm tlmiv\u00fdm \u010dinidlom m\u00f4\u017ee vies\u0165 k nebezpe\u010dn\u00e9mu alebo dokonca smrte\u013en\u00e9mu \u00fatlmu d\u00fdchania. Pri vysok\u00fdch d\u00e1vkach sa svalov\u00e1 relax\u00e1cia, sed\u00e1cia a amn\u00e9zia, ktor\u00e9 ka\u017ed\u00fd z t\u00fdchto liekov sp\u00f4sobuje, m\u00f4\u017eu zosilni\u0165 a\u017e do bodu neo\u010dak\u00e1vanej straty vedomia.<\/p>\n<p>V d\u00f4sledku tejto kombin\u00e1cie sa zvy\u0161uje riziko zvracania a smrti udusen\u00edm pri bezvedom\u00ed sa zvy\u0161uje. \u013dudia, ktor\u00ed to za\u017eij\u00fa, by sa mali pok\u00fasi\u0165 spa\u0165 v stabilizovanej polohe alebo necha\u0165 priate\u013ea, aby ich do nej presunul.<\/p>\n<p>Benzodiazep\u00edny a stimulanty by sa nemali kombinova\u0165 kv\u00f4li riziku nadmernej intoxik\u00e1cie. Sedat\u00edvny \u00fa\u010dinok benzodiazep\u00ednov je zn\u00ed\u017een\u00fd stimulantmi, \u010do je pre v\u00e4\u010d\u0161inu \u013eud\u00ed prvorad\u00fdm h\u013eadiskom pri meran\u00ed \u00farovne intoxik\u00e1cie.<\/p>\n","protected":false},"excerpt":{"rendered":"<p>V Spojenom kr\u00e1\u013eovstve, Eur\u00f3pe, Austr\u00e1lii a E\u00da sa daj\u00fa k\u00fapi\u0165 pelety Pyrazolam 0,5 mg. K\u00fapte si pyrazolam online, preprava pyrazolamu cez noc, cena pyrazolamu.<\/p>\n<p>K\u00fapte si 1mg pelety pyrazolamu s bitcoinmi v online lek\u00e1rni. C16H12BrN5 je molekul\u00e1rna \u0161trukt\u00fara tejto chemickej lisovacej pelety. pyrazolam m\u00f4\u017ee by\u0165 \u0165a\u017ek\u00e9 zohna\u0165.<\/p>\n<p>Palety pyrazolamu 0,5 mg je mo\u017en\u00e9 zak\u00fapi\u0165 online. Pod\u013ea te\u00f3rie sa o\u010dak\u00e1va, \u017ee pyrazolam sp\u00f4sob\u00ed menej ataxie a sed\u00e1cie ako in\u00e9 l\u00e1tky. Preto\u017ee pyrazolam nem\u00e1 \u017eiadne akt\u00edvne metabolity, m\u00e1 dlh\u0161\u00ed pol\u010das (v priemere 6 hod\u00edn) a line\u00e1rnej\u0161\u00ed \u00fa\u010dinok ako v\u00e4\u010d\u0161ina ostatn\u00fdch benzodiazep\u00ednov.<\/p>\n","protected":false},"featured_media":5751,"comment_status":"open","ping_status":"closed","template":"","meta":[],"product_brand":[],"product_cat":[2014],"product_tag":[3797,3798,3803,3812,3817,3816,3807,3799,3801,3800,3802,3804,3805,3806,3813,3808,3809,3811,3814,3810,3815],"class_list":{"0":"post-5739","1":"product","2":"type-product","3":"status-publish","4":"has-post-thumbnail","6":"product_cat-k-c3-bapi-c5-a5-v-c3-bdskumn-c3-a9-chemik-c3-a1lie","7":"product_tag-best-place-to-order-pyrazolam-0-5-mg-pallets","8":"product_tag-best-quality-pyrazolam","9":"product_tag-buy-pyrazolam-online","10":"product_tag-pyrazolam-cena","11":"product_tag-kde-kpi-pyrazolam-0-5-mg","12":"product_tag-kde-me-i-jemn-pyrazolam-palety","13":"product_tag-nkup-pyrazolam","14":"product_tag-k-c3-bapi-c5-a5-pyrazolam-0-5-mg","15":"product_tag-buy-pyrazolam-europe","16":"product_tag-kpi-pyrazolam-0-5-mg-pelety","17":"product_tag-kpi-pyrazolam-near-me","18":"product_tag-objednvka-pyrazolam","19":"product_tag-objednvka-pyrazolam-0-5-paliet","20":"product_tag-objednvka-pyrazolam-uk","21":"product_tag-pyrazolam-predaj","22":"product_tag-pyrazolam-0-5-mg-na-predaj","23":"product_tag-pyrazolam-0-5-mg-recenzia","24":"product_tag-pyrazolam-na-predaj","25":"product_tag-pyrazolam-supplier","26":"product_tag-pyrazolam-c3-bd-inok","27":"product_tag-pyrazolam-vekoobchod","29":"first","30":"instock","31":"shipping-taxable","32":"purchasable","33":"product-type-variable","34":"has-default-attributes"},"yoast_head":"<!-- This site is optimized with the Yoast SEO plugin v27.3 - https:\/\/yoast.com\/product\/yoast-seo-wordpress\/ -->\n<title>K\u00fapi\u0165 Pyrazolam 0,5 mg pelety - Pyrazolam 0,5 mg - Best Global Meds<\/title>\n<meta name=\"description\" content=\"K\u00fapte si pelety pyrazolamu 0,5 mg na predaj v Spojenom kr\u00e1\u013eovstve, Eur\u00f3pe, Austr\u00e1lii, E\u00da, objednajte si lacn\u00e9 pelety pyrazolamu 2022, kde sa daj\u00fa k\u00fapi\u0165 vysokokvalitn\u00e9 pyrazolamov\u00e9 pelety cez noc, cena pyrazolamu.\" \/>\n<meta name=\"robots\" content=\"index, follow, max-snippet:-1, max-image-preview:large, max-video-preview:-1\" \/>\n<link rel=\"canonical\" href=\"https:\/\/medicinasinc.com\/sk\/product\/kupit-pyrazolam-0-5-mg-pelety\/\" \/>\n<meta property=\"og:locale\" content=\"en_US\" \/>\n<meta property=\"og:type\" content=\"article\" \/>\n<meta property=\"og:title\" content=\"K\u00fapi\u0165 Pyrazolam 0,5 mg pelety - Pyrazolam 0,5 mg - Best Global Meds\" \/>\n<meta property=\"og:description\" content=\"K\u00fapte si pelety pyrazolamu 0,5 mg na predaj v Spojenom kr\u00e1\u013eovstve, Eur\u00f3pe, Austr\u00e1lii, E\u00da, objednajte si lacn\u00e9 pelety pyrazolamu 2022, kde sa daj\u00fa k\u00fapi\u0165 vysokokvalitn\u00e9 pyrazolamov\u00e9 pelety cez noc, cena pyrazolamu.\" \/>\n<meta property=\"og:url\" content=\"https:\/\/medicinasinc.com\/sk\/product\/kupit-pyrazolam-0-5-mg-pelety\/\" \/>\n<meta property=\"og:site_name\" content=\"Medicinas Inc\" \/>\n<meta property=\"article:modified_time\" content=\"2022-03-22T00:50:21+00:00\" \/>\n<meta property=\"og:image\" content=\"https:\/\/medicinasinc.com\/sk\/wp-content\/uploads\/sites\/10\/2022\/02\/buy-pyrazolam-0-5-mg-pellets-online.jpg\" \/>\n\t<meta property=\"og:image:width\" content=\"600\" \/>\n\t<meta property=\"og:image:height\" content=\"600\" \/>\n\t<meta property=\"og:image:type\" content=\"image\/jpeg\" \/>\n<meta name=\"twitter:card\" content=\"summary_large_image\" \/>\n<meta name=\"twitter:label1\" content=\"Est. reading time\" \/>\n\t<meta name=\"twitter:data1\" content=\"4 minutes\" \/>\n<script type=\"application\/ld+json\" class=\"yoast-schema-graph\">{\"@context\":\"https:\\\/\\\/schema.org\",\"@graph\":[{\"@type\":\"WebPage\",\"@id\":\"https:\\\/\\\/medicinasinc.com\\\/sk\\\/product\\\/kupit-pyrazolam-0-5-mg-pelety\\\/\",\"url\":\"https:\\\/\\\/medicinasinc.com\\\/sk\\\/product\\\/kupit-pyrazolam-0-5-mg-pelety\\\/\",\"name\":\"K\u00fapi\u0165 Pyrazolam 0,5 mg pelety - Pyrazolam 0,5 mg - Best Global Meds\",\"isPartOf\":{\"@id\":\"https:\\\/\\\/medicinasinc.com\\\/sk\\\/#website\"},\"primaryImageOfPage\":{\"@id\":\"https:\\\/\\\/medicinasinc.com\\\/sk\\\/product\\\/kupit-pyrazolam-0-5-mg-pelety\\\/#primaryimage\"},\"image\":{\"@id\":\"https:\\\/\\\/medicinasinc.com\\\/sk\\\/product\\\/kupit-pyrazolam-0-5-mg-pelety\\\/#primaryimage\"},\"thumbnailUrl\":\"https:\\\/\\\/medicinasinc.com\\\/sk\\\/wp-content\\\/uploads\\\/sites\\\/10\\\/2022\\\/02\\\/buy-pyrazolam-0-5-mg-pellets-online.jpg\",\"datePublished\":\"2022-02-22T05:15:21+00:00\",\"dateModified\":\"2022-03-22T00:50:21+00:00\",\"description\":\"K\u00fapte si pelety pyrazolamu 0,5 mg na predaj v Spojenom kr\u00e1\u013eovstve, Eur\u00f3pe, Austr\u00e1lii, E\u00da, objednajte si lacn\u00e9 pelety pyrazolamu 2022, kde sa daj\u00fa k\u00fapi\u0165 vysokokvalitn\u00e9 pyrazolamov\u00e9 pelety cez noc, cena pyrazolamu.\",\"breadcrumb\":{\"@id\":\"https:\\\/\\\/medicinasinc.com\\\/sk\\\/product\\\/kupit-pyrazolam-0-5-mg-pelety\\\/#breadcrumb\"},\"inLanguage\":\"en-US\",\"potentialAction\":[{\"@type\":\"ReadAction\",\"target\":[\"https:\\\/\\\/medicinasinc.com\\\/sk\\\/product\\\/kupit-pyrazolam-0-5-mg-pelety\\\/\"]}]},{\"@type\":\"ImageObject\",\"inLanguage\":\"en-US\",\"@id\":\"https:\\\/\\\/medicinasinc.com\\\/sk\\\/product\\\/kupit-pyrazolam-0-5-mg-pelety\\\/#primaryimage\",\"url\":\"https:\\\/\\\/medicinasinc.com\\\/sk\\\/wp-content\\\/uploads\\\/sites\\\/10\\\/2022\\\/02\\\/buy-pyrazolam-0-5-mg-pellets-online.jpg\",\"contentUrl\":\"https:\\\/\\\/medicinasinc.com\\\/sk\\\/wp-content\\\/uploads\\\/sites\\\/10\\\/2022\\\/02\\\/buy-pyrazolam-0-5-mg-pellets-online.jpg\",\"width\":600,\"height\":600},{\"@type\":\"BreadcrumbList\",\"@id\":\"https:\\\/\\\/medicinasinc.com\\\/sk\\\/product\\\/kupit-pyrazolam-0-5-mg-pelety\\\/#breadcrumb\",\"itemListElement\":[{\"@type\":\"ListItem\",\"position\":1,\"name\":\"Obchod\",\"item\":\"https:\\\/\\\/medicinasinc.com\\\/sk\\\/obchod\\\/\"},{\"@type\":\"ListItem\",\"position\":2,\"name\":\"K\u00fapte si pelety Pyrazolam 0,5 mg\"}]},{\"@type\":\"WebSite\",\"@id\":\"https:\\\/\\\/medicinasinc.com\\\/sk\\\/#website\",\"url\":\"https:\\\/\\\/medicinasinc.com\\\/sk\\\/\",\"name\":\"Medicinas Inc\",\"description\":\"Health Medical Clinic\",\"potentialAction\":[{\"@type\":\"SearchAction\",\"target\":{\"@type\":\"EntryPoint\",\"urlTemplate\":\"https:\\\/\\\/medicinasinc.com\\\/sk\\\/?s={search_term_string}\"},\"query-input\":{\"@type\":\"PropertyValueSpecification\",\"valueRequired\":true,\"valueName\":\"search_term_string\"}}],\"inLanguage\":\"en-US\"}]}<\/script>\n<!-- \/ Yoast SEO plugin. -->","yoast_head_json":{"title":"K\u00fapi\u0165 Pyrazolam 0,5 mg pelety - Pyrazolam 0,5 mg - Best Global Meds","description":"K\u00fapte si pelety pyrazolamu 0,5 mg na predaj v Spojenom kr\u00e1\u013eovstve, Eur\u00f3pe, Austr\u00e1lii, E\u00da, objednajte si lacn\u00e9 pelety pyrazolamu 2022, kde sa daj\u00fa k\u00fapi\u0165 vysokokvalitn\u00e9 pyrazolamov\u00e9 pelety cez noc, cena pyrazolamu.","robots":{"index":"index","follow":"follow","max-snippet":"max-snippet:-1","max-image-preview":"max-image-preview:large","max-video-preview":"max-video-preview:-1"},"canonical":"https:\/\/medicinasinc.com\/sk\/product\/kupit-pyrazolam-0-5-mg-pelety\/","og_locale":"en_US","og_type":"article","og_title":"K\u00fapi\u0165 Pyrazolam 0,5 mg pelety - Pyrazolam 0,5 mg - Best Global Meds","og_description":"K\u00fapte si pelety pyrazolamu 0,5 mg na predaj v Spojenom kr\u00e1\u013eovstve, Eur\u00f3pe, Austr\u00e1lii, E\u00da, objednajte si lacn\u00e9 pelety pyrazolamu 2022, kde sa daj\u00fa k\u00fapi\u0165 vysokokvalitn\u00e9 pyrazolamov\u00e9 pelety cez noc, cena pyrazolamu.","og_url":"https:\/\/medicinasinc.com\/sk\/product\/kupit-pyrazolam-0-5-mg-pelety\/","og_site_name":"Medicinas Inc","article_modified_time":"2022-03-22T00:50:21+00:00","og_image":[{"width":600,"height":600,"url":"https:\/\/medicinasinc.com\/sk\/wp-content\/uploads\/sites\/10\/2022\/02\/buy-pyrazolam-0-5-mg-pellets-online.jpg","type":"image\/jpeg"}],"twitter_card":"summary_large_image","twitter_misc":{"Est. reading time":"4 minutes"},"schema":{"@context":"https:\/\/schema.org","@graph":[{"@type":"WebPage","@id":"https:\/\/medicinasinc.com\/sk\/product\/kupit-pyrazolam-0-5-mg-pelety\/","url":"https:\/\/medicinasinc.com\/sk\/product\/kupit-pyrazolam-0-5-mg-pelety\/","name":"K\u00fapi\u0165 Pyrazolam 0,5 mg pelety - Pyrazolam 0,5 mg - Best Global Meds","isPartOf":{"@id":"https:\/\/medicinasinc.com\/sk\/#website"},"primaryImageOfPage":{"@id":"https:\/\/medicinasinc.com\/sk\/product\/kupit-pyrazolam-0-5-mg-pelety\/#primaryimage"},"image":{"@id":"https:\/\/medicinasinc.com\/sk\/product\/kupit-pyrazolam-0-5-mg-pelety\/#primaryimage"},"thumbnailUrl":"https:\/\/medicinasinc.com\/sk\/wp-content\/uploads\/sites\/10\/2022\/02\/buy-pyrazolam-0-5-mg-pellets-online.jpg","datePublished":"2022-02-22T05:15:21+00:00","dateModified":"2022-03-22T00:50:21+00:00","description":"K\u00fapte si pelety pyrazolamu 0,5 mg na predaj v Spojenom kr\u00e1\u013eovstve, Eur\u00f3pe, Austr\u00e1lii, E\u00da, objednajte si lacn\u00e9 pelety pyrazolamu 2022, kde sa daj\u00fa k\u00fapi\u0165 vysokokvalitn\u00e9 pyrazolamov\u00e9 pelety cez noc, cena pyrazolamu.","breadcrumb":{"@id":"https:\/\/medicinasinc.com\/sk\/product\/kupit-pyrazolam-0-5-mg-pelety\/#breadcrumb"},"inLanguage":"en-US","potentialAction":[{"@type":"ReadAction","target":["https:\/\/medicinasinc.com\/sk\/product\/kupit-pyrazolam-0-5-mg-pelety\/"]}]},{"@type":"ImageObject","inLanguage":"en-US","@id":"https:\/\/medicinasinc.com\/sk\/product\/kupit-pyrazolam-0-5-mg-pelety\/#primaryimage","url":"https:\/\/medicinasinc.com\/sk\/wp-content\/uploads\/sites\/10\/2022\/02\/buy-pyrazolam-0-5-mg-pellets-online.jpg","contentUrl":"https:\/\/medicinasinc.com\/sk\/wp-content\/uploads\/sites\/10\/2022\/02\/buy-pyrazolam-0-5-mg-pellets-online.jpg","width":600,"height":600},{"@type":"BreadcrumbList","@id":"https:\/\/medicinasinc.com\/sk\/product\/kupit-pyrazolam-0-5-mg-pelety\/#breadcrumb","itemListElement":[{"@type":"ListItem","position":1,"name":"Obchod","item":"https:\/\/medicinasinc.com\/sk\/obchod\/"},{"@type":"ListItem","position":2,"name":"K\u00fapte si pelety Pyrazolam 0,5 mg"}]},{"@type":"WebSite","@id":"https:\/\/medicinasinc.com\/sk\/#website","url":"https:\/\/medicinasinc.com\/sk\/","name":"Medicinas Inc","description":"Health Medical Clinic","potentialAction":[{"@type":"SearchAction","target":{"@type":"EntryPoint","urlTemplate":"https:\/\/medicinasinc.com\/sk\/?s={search_term_string}"},"query-input":{"@type":"PropertyValueSpecification","valueRequired":true,"valueName":"search_term_string"}}],"inLanguage":"en-US"}]}},"_links":{"self":[{"href":"https:\/\/medicinasinc.com\/sk\/wp-json\/wp\/v2\/product\/5739","targetHints":{"allow":["GET"]}}],"collection":[{"href":"https:\/\/medicinasinc.com\/sk\/wp-json\/wp\/v2\/product"}],"about":[{"href":"https:\/\/medicinasinc.com\/sk\/wp-json\/wp\/v2\/types\/product"}],"replies":[{"embeddable":true,"href":"https:\/\/medicinasinc.com\/sk\/wp-json\/wp\/v2\/comments?post=5739"}],"wp:featuredmedia":[{"embeddable":true,"href":"https:\/\/medicinasinc.com\/sk\/wp-json\/wp\/v2\/media\/5751"}],"wp:attachment":[{"href":"https:\/\/medicinasinc.com\/sk\/wp-json\/wp\/v2\/media?parent=5739"}],"wp:term":[{"taxonomy":"product_brand","embeddable":true,"href":"https:\/\/medicinasinc.com\/sk\/wp-json\/wp\/v2\/product_brand?post=5739"},{"taxonomy":"product_cat","embeddable":true,"href":"https:\/\/medicinasinc.com\/sk\/wp-json\/wp\/v2\/product_cat?post=5739"},{"taxonomy":"product_tag","embeddable":true,"href":"https:\/\/medicinasinc.com\/sk\/wp-json\/wp\/v2\/product_tag?post=5739"}],"curies":[{"name":"wp","href":"https:\/\/api.w.org\/{rel}","templated":true}]}}