{"id":5735,"date":"2022-02-22T05:09:43","date_gmt":"2022-02-22T05:09:43","guid":{"rendered":"https:\/\/medicinasinc.com\/sk\/?post_type=product&#038;p=5735"},"modified":"2022-03-22T00:50:32","modified_gmt":"2022-03-22T00:50:32","slug":"buy-al-lad-powder","status":"publish","type":"product","link":"https:\/\/medicinasinc.com\/sk\/product\/buy-al-lad-powder\/","title":{"rendered":"K\u00fapte si al-lad pr\u00e1\u0161ok"},"content":{"rendered":"<p>K\u00fapte si al-lad pr\u00e1\u0161ok v Spojenom kr\u00e1\u013eovstve, Eur\u00f3pe, Austr\u00e1lii a E\u00da a z\u00edskajte ho do roku 2022 za lacn\u00fa cenu. Predaj pr\u00e1\u0161ku al-lad, kde k\u00fapi\u0165 pr\u00e1\u0161ok al-lad, doru\u010denie cez noc.<\/p>\n<p>Pr\u00e1\u0161kov\u00fd AL-LAD. Ve\u013ekoobchod a dod\u00e1vate\u013e farmaceutick\u00fdch surov\u00edn s \u010distotou 99 percent, v\u00fdskumn\u00fdch chemik\u00e1li\u00ed a generick\u00fdch liekov vr\u00e1tane pr\u00e1\u0161ku AL-LAD. Balenie, ktor\u00e9 je bezpe\u010dn\u00e9 a diskr\u00e9tne, ako aj z\u00e1sielka, ktor\u00e1 bola sledovan\u00e1.<\/p>\n<p>Anal\u00f3g dietylamidu kyseliny lysergovej zn\u00e1my ako AL-LAD alebo 6-alyl-6-nor-LSD je chemik\u00e1lia zl\u00fa\u010denina (LSD). Psychoakt\u00edvna droga podobn\u00e1 LSD z triedy lysergamidov, pod\u00e1va sa s cie\u013eom vyvola\u0165 rovnak\u00e9 psychedelick\u00e9 \u00fa\u010dinky.<\/p>\n<p>Inform\u00e1cie, ktor\u00e9 s\u00fa r\u00fdchle a \u0161pinav\u00e9<\/p>\n<p>AL-LAD je n\u00e1zov produktu.<br \/> 6-6-nor-6-allyl-6-nor, AL-LAD<br \/> -LSD<br \/> \u010c\u00edslo CAS: 65527-61-9<br \/> C22H27N3O je molekulov\u00fd vzorec<br \/> Medzin\u00e1rodn\u00e1 \u00fania \u010distej a aplikovanej ch\u00e9mie (6aR,9R)<br \/> -N,N-dietyl-7-prop<br \/> -2-enyl-6,6a,8,9<br \/> -tetrahydro- 4H-indolo[4,3-fg]<br \/> chinol\u00edn-9-karboxamid<br \/> Molekulov\u00e1 hmotnos\u0165 je 349,5 g\/mol.<br \/> 99,5 percent bez ne\u010dist\u00f4t<br \/> Biela alebo sivobiela vzh\u013ead kry\u0161talick\u00e9ho pr\u00e1\u0161ku<\/p>\n<p>Dod\u00e1vate\u013e pr\u00e1\u0161ku AL-LAD<\/p>\n<p>Na trhu s farmaceutick\u00fdmi surovinami sme zn\u00e1mi \u0161irokou \u0161k\u00e1lou produktov, ktor\u00e9 pon\u00fakame, a poskytovan\u00edm spo\u013eahliv\u00fdch kvapiek prepravn\u00e9 slu\u017eby pre generick\u00e9 lieky najvy\u0161\u0161ej kvality. Cie\u013eom AL-LAD Powder Wholesaler je poskytova\u0165 z\u00e1kazn\u00edkom vysokokvalitn\u00e9 produkty za konkurencieschopn\u00e9 ceny.<\/p>\n","protected":false},"excerpt":{"rendered":"<div class=\"woocommerce-product-details__short-description\">\n<p>K\u00fapi\u0165 al-lad pr\u00e1\u0161ok na predaj v Spojenom kr\u00e1\u013eovstve, Eur\u00f3pe, AU, E\u00da, objedna\u0165 lacn\u00fd al-lad pr\u00e1\u0161ok 2022, kde k\u00fapi\u0165 vysoko kvalitn\u00fd al-lad pr\u00e1\u0161ok Overnight Delivery, predaj pr\u00e1\u0161ku al-lad.<\/p>\n<p>K\u00fapte si AL-LAD Powder Europe od d\u00f4veryhodn\u00e9ho dod\u00e1vate\u013ea chemik\u00e1li\u00ed pre v\u00fdskum. Pr\u00e1\u0161ok AL-LAD pred\u00e1va ve\u013ekoobchodn\u00edk, ktor\u00fd odosiela z E\u00da.<\/p>\n<p>\u013dudia, ktor\u00ed si chc\u00fa k\u00fapi\u0165 pr\u00e1\u0161ok AL-LAD, ho m\u00f4\u017eu z\u00edska\u0165 za najlep\u0161ie ceny. Obsahuje vysoko kvalitn\u00e9 lysergamidy a \u010fal\u0161ie zl\u00fa\u010deniny. Najni\u017e\u0161ie ceny. Je tam z\u013eava. Doru\u010denie do cel\u00e9ho sveta je r\u00fdchle.<\/p>\n<p>K\u00fapte si Al-lad Powder online. Dietylamid kyseliny 6-alyl-6-nor-lysergovej, tie\u017e zn\u00e1my ako Aladdin, je polosyntetick\u00e1 halucinog\u00e9nna droga, z ktorej sa \u013eudia m\u00f4\u017eu zbl\u00e1zni\u0165.<\/p>\n<table class=\"table\" style=\"height: 249px\" width=\"455\">\n<tbody>\n<tr>\n<th><\/th>\n<td><\/td>\n<\/tr>\n<tr>\n<th>Minim\u00e1lne mno\u017estvo na objedn\u00e1vku:<\/th>\n<td>20 g<\/td>\n<\/tr>\n<tr>\n<th>Schopnos\u0165 dod\u00e1vky:<\/th>\n<td>100 kg\/mesiac<\/td>\n<\/tr>\n<tr>\n<th>Port:<\/th>\n<td> Var\u0161ava, Holandsko<\/td>\n<\/tr>\n<tr>\n<th>Platobn\u00e9 podmienky:<\/th>\n<td>Bankov\u00fd prevod, bitcoin, WU\/MG, in\u00e9<\/td>\n<\/tr>\n<tr>\n<th>Podrobnosti o balen\u00ed:<\/th>\n<td>Pod\u013ea po\u017eiadavky z\u00e1kazn\u00edka<\/td>\n<\/tr>\n<tr>\n<th>Podrobnosti o doru\u010den\u00ed:<\/th>\n<td>Expresn\u00e1 doprava, DPD, Pharma Courier EU<\/td>\n<\/tr>\n<\/tbody>\n<\/table><\/div>\n","protected":false},"featured_media":5747,"comment_status":"open","ping_status":"closed","template":"","meta":[],"product_brand":[],"product_cat":[2014],"product_tag":[3757,3758,3759,3760,3761,3762,3763,3765,3768,3770,3771,3773,3772,3777,3766,3767,3769,3780,3778,3764,3783,3784,3785,3786,3776,3789,3794,3795,3796,3787,3788,3792,3782,3791,3774,3775,3790,3779,3781,3793],"class_list":{"0":"post-5735","1":"product","2":"type-product","3":"status-publish","4":"has-post-thumbnail","6":"product_cat-k-c3-bapi-c5-a5-v-c3-bdskumn-c3-a9-chemik-c3-a1lie","7":"product_tag-al-lad-safety","8":"product_tag-al-lad-supplier","9":"product_tag-al-lad-buy","10":"product_tag-al-lad-dosage","11":"product_tag-al-lad-droga","12":"product_tag-al-lad-efekty","13":"product_tag-al-lad-erowid","14":"product_tag-al-lad-powder-buy","15":"product_tag-al-lad-powder-europe","16":"product_tag-al-lad-powder-for-sale-online","17":"product_tag-al-lad-powder-prices","18":"product_tag-al-lad-powder-recenzie","19":"product_tag-al-lad-powder-review","20":"product_tag-al-lad-powder-wholesale","21":"product_tag-al-lad-prok-na","22":"product_tag-al-lad-powder-efekt","23":"product_tag-al-lad-prok-na-predaj","24":"product_tag-al-lad-vendor","25":"product_tag-al-lad-reddit","26":"product_tag-al-lad-sksenos","27":"product_tag-buy-al-lad-canada","28":"product_tag-buy-al-lad-powder","29":"product_tag-buy-al-lad-uk","30":"product_tag-buy-al-lad-online","31":"product_tag-al-lad-dodvate-prku","32":"product_tag-easy-chems-review","33":"product_tag-kde-kpi-al-mlad","34":"product_tag-kde-kpi-al-lad-prok","35":"product_tag-kde-k-objedna-al-lad-prok","36":"product_tag-buy-al-lad-powder-australia","37":"product_tag-buy-al-lad-powder-europe","38":"product_tag-nkup-al-lad-prok","39":"product_tag-najkvalitnej-c5-a1-c3-ad-al-lad-pr-c3-a1-c5-a1ok","40":"product_tag-order-al-lad-powder","41":"product_tag-al-lad-prok-predaj","42":"product_tag-al-lad-powder-sales","43":"product_tag-easychems-recenzia","44":"product_tag-al-lad-trip-sprva","45":"product_tag-u-nechaj-zkonnos","46":"product_tag-sample-al-lad-powder","48":"first","49":"instock","50":"shipping-taxable","51":"purchasable","52":"product-type-variable","53":"has-default-attributes"},"yoast_head":"<!-- This site is optimized with the Yoast SEO plugin v27.3 - https:\/\/yoast.com\/product\/yoast-seo-wordpress\/ -->\n<title>K\u00fapi\u0165 al-lad pr\u00e1\u0161ok - Al-lad pr\u00e1\u0161ok na predaj - Best Global Meds<\/title>\n<meta name=\"description\" content=\"K\u00fapi\u0165 al-lad pr\u00e1\u0161ok na predaj vo Ve\u013ekej Brit\u00e1nii, Eur\u00f3pe, AU, E\u00da, objedna\u0165 lacn\u00fd al-lad pr\u00e1\u0161ok 2022, kde k\u00fapi\u0165 kvalitn\u00fd al-lad pr\u00e1\u0161ok dodanie cez noc, predaj al-lad pr\u00e1\u0161ku.\" \/>\n<meta name=\"robots\" content=\"index, follow, max-snippet:-1, max-image-preview:large, max-video-preview:-1\" \/>\n<link rel=\"canonical\" href=\"https:\/\/medicinasinc.com\/sk\/product\/buy-al-lad-powder\/\" \/>\n<meta property=\"og:locale\" content=\"en_US\" \/>\n<meta property=\"og:type\" content=\"article\" \/>\n<meta property=\"og:title\" content=\"K\u00fapi\u0165 al-lad pr\u00e1\u0161ok - Al-lad pr\u00e1\u0161ok na predaj - Best Global Meds\" \/>\n<meta property=\"og:description\" content=\"K\u00fapi\u0165 al-lad pr\u00e1\u0161ok na predaj vo Ve\u013ekej Brit\u00e1nii, Eur\u00f3pe, AU, E\u00da, objedna\u0165 lacn\u00fd al-lad pr\u00e1\u0161ok 2022, kde k\u00fapi\u0165 kvalitn\u00fd al-lad pr\u00e1\u0161ok dodanie cez noc, predaj al-lad pr\u00e1\u0161ku.\" \/>\n<meta property=\"og:url\" content=\"https:\/\/medicinasinc.com\/sk\/product\/buy-al-lad-powder\/\" \/>\n<meta property=\"og:site_name\" content=\"Medicinas Inc\" \/>\n<meta property=\"article:modified_time\" content=\"2022-03-22T00:50:32+00:00\" \/>\n<meta property=\"og:image\" content=\"https:\/\/medicinasinc.com\/sk\/wp-content\/uploads\/sites\/10\/2022\/02\/Buy-al-lad-powder.jpg\" \/>\n\t<meta property=\"og:image:width\" content=\"931\" \/>\n\t<meta property=\"og:image:height\" content=\"799\" \/>\n\t<meta property=\"og:image:type\" content=\"image\/jpeg\" \/>\n<meta name=\"twitter:card\" content=\"summary_large_image\" \/>\n<meta name=\"twitter:label1\" content=\"Est. reading time\" \/>\n\t<meta name=\"twitter:data1\" content=\"1 minute\" \/>\n<script type=\"application\/ld+json\" class=\"yoast-schema-graph\">{\"@context\":\"https:\\\/\\\/schema.org\",\"@graph\":[{\"@type\":\"WebPage\",\"@id\":\"https:\\\/\\\/medicinasinc.com\\\/sk\\\/product\\\/buy-al-lad-powder\\\/\",\"url\":\"https:\\\/\\\/medicinasinc.com\\\/sk\\\/product\\\/buy-al-lad-powder\\\/\",\"name\":\"K\u00fapi\u0165 al-lad pr\u00e1\u0161ok - Al-lad pr\u00e1\u0161ok na predaj - Best Global Meds\",\"isPartOf\":{\"@id\":\"https:\\\/\\\/medicinasinc.com\\\/sk\\\/#website\"},\"primaryImageOfPage\":{\"@id\":\"https:\\\/\\\/medicinasinc.com\\\/sk\\\/product\\\/buy-al-lad-powder\\\/#primaryimage\"},\"image\":{\"@id\":\"https:\\\/\\\/medicinasinc.com\\\/sk\\\/product\\\/buy-al-lad-powder\\\/#primaryimage\"},\"thumbnailUrl\":\"https:\\\/\\\/medicinasinc.com\\\/sk\\\/wp-content\\\/uploads\\\/sites\\\/10\\\/2022\\\/02\\\/Buy-al-lad-powder.jpg\",\"datePublished\":\"2022-02-22T05:09:43+00:00\",\"dateModified\":\"2022-03-22T00:50:32+00:00\",\"description\":\"K\u00fapi\u0165 al-lad pr\u00e1\u0161ok na predaj vo Ve\u013ekej Brit\u00e1nii, Eur\u00f3pe, AU, E\u00da, objedna\u0165 lacn\u00fd al-lad pr\u00e1\u0161ok 2022, kde k\u00fapi\u0165 kvalitn\u00fd al-lad pr\u00e1\u0161ok dodanie cez noc, predaj al-lad pr\u00e1\u0161ku.\",\"breadcrumb\":{\"@id\":\"https:\\\/\\\/medicinasinc.com\\\/sk\\\/product\\\/buy-al-lad-powder\\\/#breadcrumb\"},\"inLanguage\":\"en-US\",\"potentialAction\":[{\"@type\":\"ReadAction\",\"target\":[\"https:\\\/\\\/medicinasinc.com\\\/sk\\\/product\\\/buy-al-lad-powder\\\/\"]}]},{\"@type\":\"ImageObject\",\"inLanguage\":\"en-US\",\"@id\":\"https:\\\/\\\/medicinasinc.com\\\/sk\\\/product\\\/buy-al-lad-powder\\\/#primaryimage\",\"url\":\"https:\\\/\\\/medicinasinc.com\\\/sk\\\/wp-content\\\/uploads\\\/sites\\\/10\\\/2022\\\/02\\\/Buy-al-lad-powder.jpg\",\"contentUrl\":\"https:\\\/\\\/medicinasinc.com\\\/sk\\\/wp-content\\\/uploads\\\/sites\\\/10\\\/2022\\\/02\\\/Buy-al-lad-powder.jpg\",\"width\":931,\"height\":799},{\"@type\":\"BreadcrumbList\",\"@id\":\"https:\\\/\\\/medicinasinc.com\\\/sk\\\/product\\\/buy-al-lad-powder\\\/#breadcrumb\",\"itemListElement\":[{\"@type\":\"ListItem\",\"position\":1,\"name\":\"Obchod\",\"item\":\"https:\\\/\\\/medicinasinc.com\\\/sk\\\/obchod\\\/\"},{\"@type\":\"ListItem\",\"position\":2,\"name\":\"K\u00fapte si al-lad pr\u00e1\u0161ok\"}]},{\"@type\":\"WebSite\",\"@id\":\"https:\\\/\\\/medicinasinc.com\\\/sk\\\/#website\",\"url\":\"https:\\\/\\\/medicinasinc.com\\\/sk\\\/\",\"name\":\"Medicinas Inc\",\"description\":\"Health Medical Clinic\",\"potentialAction\":[{\"@type\":\"SearchAction\",\"target\":{\"@type\":\"EntryPoint\",\"urlTemplate\":\"https:\\\/\\\/medicinasinc.com\\\/sk\\\/?s={search_term_string}\"},\"query-input\":{\"@type\":\"PropertyValueSpecification\",\"valueRequired\":true,\"valueName\":\"search_term_string\"}}],\"inLanguage\":\"en-US\"}]}<\/script>\n<!-- \/ Yoast SEO plugin. -->","yoast_head_json":{"title":"K\u00fapi\u0165 al-lad pr\u00e1\u0161ok - Al-lad pr\u00e1\u0161ok na predaj - Best Global Meds","description":"K\u00fapi\u0165 al-lad pr\u00e1\u0161ok na predaj vo Ve\u013ekej Brit\u00e1nii, Eur\u00f3pe, AU, E\u00da, objedna\u0165 lacn\u00fd al-lad pr\u00e1\u0161ok 2022, kde k\u00fapi\u0165 kvalitn\u00fd al-lad pr\u00e1\u0161ok dodanie cez noc, predaj al-lad pr\u00e1\u0161ku.","robots":{"index":"index","follow":"follow","max-snippet":"max-snippet:-1","max-image-preview":"max-image-preview:large","max-video-preview":"max-video-preview:-1"},"canonical":"https:\/\/medicinasinc.com\/sk\/product\/buy-al-lad-powder\/","og_locale":"en_US","og_type":"article","og_title":"K\u00fapi\u0165 al-lad pr\u00e1\u0161ok - Al-lad pr\u00e1\u0161ok na predaj - Best Global Meds","og_description":"K\u00fapi\u0165 al-lad pr\u00e1\u0161ok na predaj vo Ve\u013ekej Brit\u00e1nii, Eur\u00f3pe, AU, E\u00da, objedna\u0165 lacn\u00fd al-lad pr\u00e1\u0161ok 2022, kde k\u00fapi\u0165 kvalitn\u00fd al-lad pr\u00e1\u0161ok dodanie cez noc, predaj al-lad pr\u00e1\u0161ku.","og_url":"https:\/\/medicinasinc.com\/sk\/product\/buy-al-lad-powder\/","og_site_name":"Medicinas Inc","article_modified_time":"2022-03-22T00:50:32+00:00","og_image":[{"width":931,"height":799,"url":"https:\/\/medicinasinc.com\/sk\/wp-content\/uploads\/sites\/10\/2022\/02\/Buy-al-lad-powder.jpg","type":"image\/jpeg"}],"twitter_card":"summary_large_image","twitter_misc":{"Est. reading time":"1 minute"},"schema":{"@context":"https:\/\/schema.org","@graph":[{"@type":"WebPage","@id":"https:\/\/medicinasinc.com\/sk\/product\/buy-al-lad-powder\/","url":"https:\/\/medicinasinc.com\/sk\/product\/buy-al-lad-powder\/","name":"K\u00fapi\u0165 al-lad pr\u00e1\u0161ok - Al-lad pr\u00e1\u0161ok na predaj - Best Global Meds","isPartOf":{"@id":"https:\/\/medicinasinc.com\/sk\/#website"},"primaryImageOfPage":{"@id":"https:\/\/medicinasinc.com\/sk\/product\/buy-al-lad-powder\/#primaryimage"},"image":{"@id":"https:\/\/medicinasinc.com\/sk\/product\/buy-al-lad-powder\/#primaryimage"},"thumbnailUrl":"https:\/\/medicinasinc.com\/sk\/wp-content\/uploads\/sites\/10\/2022\/02\/Buy-al-lad-powder.jpg","datePublished":"2022-02-22T05:09:43+00:00","dateModified":"2022-03-22T00:50:32+00:00","description":"K\u00fapi\u0165 al-lad pr\u00e1\u0161ok na predaj vo Ve\u013ekej Brit\u00e1nii, Eur\u00f3pe, AU, E\u00da, objedna\u0165 lacn\u00fd al-lad pr\u00e1\u0161ok 2022, kde k\u00fapi\u0165 kvalitn\u00fd al-lad pr\u00e1\u0161ok dodanie cez noc, predaj al-lad pr\u00e1\u0161ku.","breadcrumb":{"@id":"https:\/\/medicinasinc.com\/sk\/product\/buy-al-lad-powder\/#breadcrumb"},"inLanguage":"en-US","potentialAction":[{"@type":"ReadAction","target":["https:\/\/medicinasinc.com\/sk\/product\/buy-al-lad-powder\/"]}]},{"@type":"ImageObject","inLanguage":"en-US","@id":"https:\/\/medicinasinc.com\/sk\/product\/buy-al-lad-powder\/#primaryimage","url":"https:\/\/medicinasinc.com\/sk\/wp-content\/uploads\/sites\/10\/2022\/02\/Buy-al-lad-powder.jpg","contentUrl":"https:\/\/medicinasinc.com\/sk\/wp-content\/uploads\/sites\/10\/2022\/02\/Buy-al-lad-powder.jpg","width":931,"height":799},{"@type":"BreadcrumbList","@id":"https:\/\/medicinasinc.com\/sk\/product\/buy-al-lad-powder\/#breadcrumb","itemListElement":[{"@type":"ListItem","position":1,"name":"Obchod","item":"https:\/\/medicinasinc.com\/sk\/obchod\/"},{"@type":"ListItem","position":2,"name":"K\u00fapte si al-lad pr\u00e1\u0161ok"}]},{"@type":"WebSite","@id":"https:\/\/medicinasinc.com\/sk\/#website","url":"https:\/\/medicinasinc.com\/sk\/","name":"Medicinas Inc","description":"Health Medical Clinic","potentialAction":[{"@type":"SearchAction","target":{"@type":"EntryPoint","urlTemplate":"https:\/\/medicinasinc.com\/sk\/?s={search_term_string}"},"query-input":{"@type":"PropertyValueSpecification","valueRequired":true,"valueName":"search_term_string"}}],"inLanguage":"en-US"}]}},"_links":{"self":[{"href":"https:\/\/medicinasinc.com\/sk\/wp-json\/wp\/v2\/product\/5735","targetHints":{"allow":["GET"]}}],"collection":[{"href":"https:\/\/medicinasinc.com\/sk\/wp-json\/wp\/v2\/product"}],"about":[{"href":"https:\/\/medicinasinc.com\/sk\/wp-json\/wp\/v2\/types\/product"}],"replies":[{"embeddable":true,"href":"https:\/\/medicinasinc.com\/sk\/wp-json\/wp\/v2\/comments?post=5735"}],"wp:featuredmedia":[{"embeddable":true,"href":"https:\/\/medicinasinc.com\/sk\/wp-json\/wp\/v2\/media\/5747"}],"wp:attachment":[{"href":"https:\/\/medicinasinc.com\/sk\/wp-json\/wp\/v2\/media?parent=5735"}],"wp:term":[{"taxonomy":"product_brand","embeddable":true,"href":"https:\/\/medicinasinc.com\/sk\/wp-json\/wp\/v2\/product_brand?post=5735"},{"taxonomy":"product_cat","embeddable":true,"href":"https:\/\/medicinasinc.com\/sk\/wp-json\/wp\/v2\/product_cat?post=5735"},{"taxonomy":"product_tag","embeddable":true,"href":"https:\/\/medicinasinc.com\/sk\/wp-json\/wp\/v2\/product_tag?post=5735"}],"curies":[{"name":"wp","href":"https:\/\/api.w.org\/{rel}","templated":true}]}}