{"id":5731,"date":"2022-02-22T05:03:24","date_gmt":"2022-02-22T05:03:24","guid":{"rendered":"https:\/\/medicinasinc.com\/sk\/?post_type=product&#038;p=5731"},"modified":"2022-03-22T00:50:41","modified_gmt":"2022-03-22T00:50:41","slug":"kupit-sextacy-prasok","status":"publish","type":"product","link":"https:\/\/medicinasinc.com\/sk\/product\/kupit-sextacy-prasok\/","title":{"rendered":"K\u00fapte si Sextacy Powder"},"content":{"rendered":"<p>Uistite sa, \u017ee si k\u00fapite Sextacy Powder.<\/p>\n<p>Nakupujte Sextacy Powder online vo ve\u013ekom a nakupujte ho vo ve\u013ek\u00fdch mno\u017estv\u00e1ch.<\/p>\n<p>Sextacy powder je nov\u00fd a vzru\u0161uj\u00faci zna\u010dkov\u00fd produkt, ktor\u00fd m\u00f4\u017eete k\u00fapi\u0165.<br \/> Ak chcete pou\u017e\u00edva\u0165 Sextacy, mus\u00edte si ho k\u00fapi\u0165 vo forme pr\u00e1\u0161ku. Hlavnou zlo\u017ekou je a-PVP.<\/p>\n<p>Sila je 5\/5. Sextacy Najlep\u0161\u00ed pr\u00e1\u0161ok, ktor\u00fd je leg\u00e1lne pou\u017e\u00edva\u0165.<br \/> Je \u010das, aby ste sa rozbehli v laborat\u00f3riu s t\u00fdmto nov\u00fdm a skvel\u00fdm produktom.<\/p>\n<p>\u010cist\u00fd Sextacy Powder si m\u00f4\u017eete k\u00fapi\u0165 online.<\/p>\n<div class=\"product-next-previous\">\n<div class=\"product-prev\"><\/div><\/div>\n","protected":false},"excerpt":{"rendered":"<p>\u010cist\u00fd kvalitn\u00fd Sextacy Powder na predaj v Eur\u00f3pe, Spojenom kr\u00e1\u013eovstve a Austr\u00e1lii je mo\u017en\u00e9 zak\u00fapi\u0165 na internete. Ak chcete pou\u017e\u00edva\u0165 Sextacy, mus\u00edte si ho k\u00fapi\u0165 vo forme pr\u00e1\u0161ku. Hlavnou zlo\u017ekou je a-PVP.<\/p>\n<p>K\u00fapte si Sextacy Legal High Powder na internete. M\u00f4\u017eete to urobi\u0165<\/p>\n<p>Nakupujte ve\u013ea naraz Sextacy je nov\u00fd a vzru\u0161uj\u00faci zna\u010dkov\u00fd produkt, ktor\u00fd si m\u00f4\u017eete k\u00fapi\u0165. Sextacy je PVP a toto je to, \u010d\u00edm to je.<\/p>\n<p>Existuje ve\u013ea webov\u00fdch str\u00e1nok, kde si m\u00f4\u017eete k\u00fapi\u0165 ve\u013ea k\u00fape\u013eov\u00fdch sol\u00ed za ve\u013ea pe\u0148az\u00ed.<\/p>\n<p>Vy ste online. m\u00f4\u017eete si k\u00fapi\u0165 sextacy k\u00fape\u013eov\u00e9 soli od Global Medicine. K\u00fape\u013eov\u00e1 so\u013e Sextacy za v\u00fdpredajov\u00e9 ceny sa dozviete pre\u010d\u00edtan\u00edm tohto textu<\/p>\n","protected":false},"featured_media":5742,"comment_status":"open","ping_status":"closed","template":"","meta":[],"product_brand":[],"product_cat":[2014],"product_tag":[3731,3733,3753,3756,3545,3737,3734,3735,3732,3750,3736,3752,3739,3740,3741,3746,3747,3748,3749,3754,3744,3743,3738,3742,3751,3745,3755],"class_list":{"0":"post-5731","1":"product","2":"type-product","3":"status-publish","4":"has-post-thumbnail","6":"product_cat-k-c3-bapi-c5-a5-v-c3-bdskumn-c3-a9-chemik-c3-a1lie","7":"product_tag-best-quality-sextacy-powder","8":"product_tag-buy-sextacy-powder","9":"product_tag-sextacy-powder-shipping","10":"product_tag-kde-kpi-sextacy-prok","11":"product_tag-nkup-metoxetamn","12":"product_tag-nkup-sextacy-prok","13":"product_tag-buy-sextacy-powder-europe","14":"product_tag-kpi-sextacy-prok-online","15":"product_tag-best-sextacy-powder-online","16":"product_tag-sextacy-prok-kpa","17":"product_tag-poriadok-sextacy-prok","18":"product_tag-sextacy-prok-predaj","19":"product_tag-sextacy-pdrov-efekt","20":"product_tag-sextacy-powder-europe","21":"product_tag-sextacy-powder-for-sale","22":"product_tag-sextacy-powder-near-me","23":"product_tag-sextacy-powder-online","24":"product_tag-sextacy-powder-order","25":"product_tag-sextacy-powder-over-night","26":"product_tag-sextacy-powder-supplier","27":"product_tag-sextacy-powder-mail","28":"product_tag-sextacy-powder-google","29":"product_tag-sextacy-prok-kpi","30":"product_tag-sextacy-prok-na-predaj-online","31":"product_tag-sextacy-powder-recenzie","32":"product_tag-sextacy-powder-mail-order","33":"product_tag-sextacy-prok-vekoobchod","35":"first","36":"instock","37":"shipping-taxable","38":"purchasable","39":"product-type-variable","40":"has-default-attributes"},"yoast_head":"<!-- This site is optimized with the Yoast SEO plugin v27.3 - https:\/\/yoast.com\/product\/yoast-seo-wordpress\/ -->\n<title>K\u00fapte si Sextacy Powder \u2013 Predaj Sextacy Powder \u2013 Najlep\u0161ie glob\u00e1lne lieky<\/title>\n<meta name=\"description\" content=\"K\u00fapte si Pure Quality Sextacy Powder na predaj v Eur\u00f3pe, Ve\u013ekej Brit\u00e1nii, Austr\u00e1lii online. Akt\u00edvnou zlo\u017ekou Sextacy je a-PVP a tento produkt je dostupn\u00fd iba vo forme pr\u00e1\u0161ku! Objednajte si Sextacy Powder\" \/>\n<meta name=\"robots\" content=\"index, follow, max-snippet:-1, max-image-preview:large, max-video-preview:-1\" \/>\n<link rel=\"canonical\" href=\"https:\/\/medicinasinc.com\/sk\/product\/kupit-sextacy-prasok\/\" \/>\n<meta property=\"og:locale\" content=\"en_US\" \/>\n<meta property=\"og:type\" content=\"article\" \/>\n<meta property=\"og:title\" content=\"K\u00fapte si Sextacy Powder \u2013 Predaj Sextacy Powder \u2013 Najlep\u0161ie glob\u00e1lne lieky\" \/>\n<meta property=\"og:description\" content=\"K\u00fapte si Pure Quality Sextacy Powder na predaj v Eur\u00f3pe, Ve\u013ekej Brit\u00e1nii, Austr\u00e1lii online. Akt\u00edvnou zlo\u017ekou Sextacy je a-PVP a tento produkt je dostupn\u00fd iba vo forme pr\u00e1\u0161ku! Objednajte si Sextacy Powder\" \/>\n<meta property=\"og:url\" content=\"https:\/\/medicinasinc.com\/sk\/product\/kupit-sextacy-prasok\/\" \/>\n<meta property=\"og:site_name\" content=\"Medicinas Inc\" \/>\n<meta property=\"article:modified_time\" content=\"2022-03-22T00:50:41+00:00\" \/>\n<meta property=\"og:image\" content=\"https:\/\/medicinasinc.com\/sk\/wp-content\/uploads\/sites\/10\/2022\/02\/Buy-Sextacy-Powder.jpg\" \/>\n\t<meta property=\"og:image:width\" content=\"300\" \/>\n\t<meta property=\"og:image:height\" content=\"300\" \/>\n\t<meta property=\"og:image:type\" content=\"image\/jpeg\" \/>\n<meta name=\"twitter:card\" content=\"summary_large_image\" \/>\n<meta name=\"twitter:label1\" content=\"Est. reading time\" \/>\n\t<meta name=\"twitter:data1\" content=\"1 minute\" \/>\n<script type=\"application\/ld+json\" class=\"yoast-schema-graph\">{\"@context\":\"https:\\\/\\\/schema.org\",\"@graph\":[{\"@type\":\"WebPage\",\"@id\":\"https:\\\/\\\/medicinasinc.com\\\/sk\\\/product\\\/kupit-sextacy-prasok\\\/\",\"url\":\"https:\\\/\\\/medicinasinc.com\\\/sk\\\/product\\\/kupit-sextacy-prasok\\\/\",\"name\":\"K\u00fapte si Sextacy Powder \u2013 Predaj Sextacy Powder \u2013 Najlep\u0161ie glob\u00e1lne lieky\",\"isPartOf\":{\"@id\":\"https:\\\/\\\/medicinasinc.com\\\/sk\\\/#website\"},\"primaryImageOfPage\":{\"@id\":\"https:\\\/\\\/medicinasinc.com\\\/sk\\\/product\\\/kupit-sextacy-prasok\\\/#primaryimage\"},\"image\":{\"@id\":\"https:\\\/\\\/medicinasinc.com\\\/sk\\\/product\\\/kupit-sextacy-prasok\\\/#primaryimage\"},\"thumbnailUrl\":\"https:\\\/\\\/medicinasinc.com\\\/sk\\\/wp-content\\\/uploads\\\/sites\\\/10\\\/2022\\\/02\\\/Buy-Sextacy-Powder.jpg\",\"datePublished\":\"2022-02-22T05:03:24+00:00\",\"dateModified\":\"2022-03-22T00:50:41+00:00\",\"description\":\"K\u00fapte si Pure Quality Sextacy Powder na predaj v Eur\u00f3pe, Ve\u013ekej Brit\u00e1nii, Austr\u00e1lii online. Akt\u00edvnou zlo\u017ekou Sextacy je a-PVP a tento produkt je dostupn\u00fd iba vo forme pr\u00e1\u0161ku! Objednajte si Sextacy Powder\",\"breadcrumb\":{\"@id\":\"https:\\\/\\\/medicinasinc.com\\\/sk\\\/product\\\/kupit-sextacy-prasok\\\/#breadcrumb\"},\"inLanguage\":\"en-US\",\"potentialAction\":[{\"@type\":\"ReadAction\",\"target\":[\"https:\\\/\\\/medicinasinc.com\\\/sk\\\/product\\\/kupit-sextacy-prasok\\\/\"]}]},{\"@type\":\"ImageObject\",\"inLanguage\":\"en-US\",\"@id\":\"https:\\\/\\\/medicinasinc.com\\\/sk\\\/product\\\/kupit-sextacy-prasok\\\/#primaryimage\",\"url\":\"https:\\\/\\\/medicinasinc.com\\\/sk\\\/wp-content\\\/uploads\\\/sites\\\/10\\\/2022\\\/02\\\/Buy-Sextacy-Powder.jpg\",\"contentUrl\":\"https:\\\/\\\/medicinasinc.com\\\/sk\\\/wp-content\\\/uploads\\\/sites\\\/10\\\/2022\\\/02\\\/Buy-Sextacy-Powder.jpg\",\"width\":300,\"height\":300},{\"@type\":\"BreadcrumbList\",\"@id\":\"https:\\\/\\\/medicinasinc.com\\\/sk\\\/product\\\/kupit-sextacy-prasok\\\/#breadcrumb\",\"itemListElement\":[{\"@type\":\"ListItem\",\"position\":1,\"name\":\"Obchod\",\"item\":\"https:\\\/\\\/medicinasinc.com\\\/sk\\\/obchod\\\/\"},{\"@type\":\"ListItem\",\"position\":2,\"name\":\"K\u00fapte si Sextacy Powder\"}]},{\"@type\":\"WebSite\",\"@id\":\"https:\\\/\\\/medicinasinc.com\\\/sk\\\/#website\",\"url\":\"https:\\\/\\\/medicinasinc.com\\\/sk\\\/\",\"name\":\"Medicinas Inc\",\"description\":\"Health Medical Clinic\",\"potentialAction\":[{\"@type\":\"SearchAction\",\"target\":{\"@type\":\"EntryPoint\",\"urlTemplate\":\"https:\\\/\\\/medicinasinc.com\\\/sk\\\/?s={search_term_string}\"},\"query-input\":{\"@type\":\"PropertyValueSpecification\",\"valueRequired\":true,\"valueName\":\"search_term_string\"}}],\"inLanguage\":\"en-US\"}]}<\/script>\n<!-- \/ Yoast SEO plugin. -->","yoast_head_json":{"title":"K\u00fapte si Sextacy Powder \u2013 Predaj Sextacy Powder \u2013 Najlep\u0161ie glob\u00e1lne lieky","description":"K\u00fapte si Pure Quality Sextacy Powder na predaj v Eur\u00f3pe, Ve\u013ekej Brit\u00e1nii, Austr\u00e1lii online. Akt\u00edvnou zlo\u017ekou Sextacy je a-PVP a tento produkt je dostupn\u00fd iba vo forme pr\u00e1\u0161ku! Objednajte si Sextacy Powder","robots":{"index":"index","follow":"follow","max-snippet":"max-snippet:-1","max-image-preview":"max-image-preview:large","max-video-preview":"max-video-preview:-1"},"canonical":"https:\/\/medicinasinc.com\/sk\/product\/kupit-sextacy-prasok\/","og_locale":"en_US","og_type":"article","og_title":"K\u00fapte si Sextacy Powder \u2013 Predaj Sextacy Powder \u2013 Najlep\u0161ie glob\u00e1lne lieky","og_description":"K\u00fapte si Pure Quality Sextacy Powder na predaj v Eur\u00f3pe, Ve\u013ekej Brit\u00e1nii, Austr\u00e1lii online. Akt\u00edvnou zlo\u017ekou Sextacy je a-PVP a tento produkt je dostupn\u00fd iba vo forme pr\u00e1\u0161ku! Objednajte si Sextacy Powder","og_url":"https:\/\/medicinasinc.com\/sk\/product\/kupit-sextacy-prasok\/","og_site_name":"Medicinas Inc","article_modified_time":"2022-03-22T00:50:41+00:00","og_image":[{"width":300,"height":300,"url":"https:\/\/medicinasinc.com\/sk\/wp-content\/uploads\/sites\/10\/2022\/02\/Buy-Sextacy-Powder.jpg","type":"image\/jpeg"}],"twitter_card":"summary_large_image","twitter_misc":{"Est. reading time":"1 minute"},"schema":{"@context":"https:\/\/schema.org","@graph":[{"@type":"WebPage","@id":"https:\/\/medicinasinc.com\/sk\/product\/kupit-sextacy-prasok\/","url":"https:\/\/medicinasinc.com\/sk\/product\/kupit-sextacy-prasok\/","name":"K\u00fapte si Sextacy Powder \u2013 Predaj Sextacy Powder \u2013 Najlep\u0161ie glob\u00e1lne lieky","isPartOf":{"@id":"https:\/\/medicinasinc.com\/sk\/#website"},"primaryImageOfPage":{"@id":"https:\/\/medicinasinc.com\/sk\/product\/kupit-sextacy-prasok\/#primaryimage"},"image":{"@id":"https:\/\/medicinasinc.com\/sk\/product\/kupit-sextacy-prasok\/#primaryimage"},"thumbnailUrl":"https:\/\/medicinasinc.com\/sk\/wp-content\/uploads\/sites\/10\/2022\/02\/Buy-Sextacy-Powder.jpg","datePublished":"2022-02-22T05:03:24+00:00","dateModified":"2022-03-22T00:50:41+00:00","description":"K\u00fapte si Pure Quality Sextacy Powder na predaj v Eur\u00f3pe, Ve\u013ekej Brit\u00e1nii, Austr\u00e1lii online. Akt\u00edvnou zlo\u017ekou Sextacy je a-PVP a tento produkt je dostupn\u00fd iba vo forme pr\u00e1\u0161ku! Objednajte si Sextacy Powder","breadcrumb":{"@id":"https:\/\/medicinasinc.com\/sk\/product\/kupit-sextacy-prasok\/#breadcrumb"},"inLanguage":"en-US","potentialAction":[{"@type":"ReadAction","target":["https:\/\/medicinasinc.com\/sk\/product\/kupit-sextacy-prasok\/"]}]},{"@type":"ImageObject","inLanguage":"en-US","@id":"https:\/\/medicinasinc.com\/sk\/product\/kupit-sextacy-prasok\/#primaryimage","url":"https:\/\/medicinasinc.com\/sk\/wp-content\/uploads\/sites\/10\/2022\/02\/Buy-Sextacy-Powder.jpg","contentUrl":"https:\/\/medicinasinc.com\/sk\/wp-content\/uploads\/sites\/10\/2022\/02\/Buy-Sextacy-Powder.jpg","width":300,"height":300},{"@type":"BreadcrumbList","@id":"https:\/\/medicinasinc.com\/sk\/product\/kupit-sextacy-prasok\/#breadcrumb","itemListElement":[{"@type":"ListItem","position":1,"name":"Obchod","item":"https:\/\/medicinasinc.com\/sk\/obchod\/"},{"@type":"ListItem","position":2,"name":"K\u00fapte si Sextacy Powder"}]},{"@type":"WebSite","@id":"https:\/\/medicinasinc.com\/sk\/#website","url":"https:\/\/medicinasinc.com\/sk\/","name":"Medicinas Inc","description":"Health Medical Clinic","potentialAction":[{"@type":"SearchAction","target":{"@type":"EntryPoint","urlTemplate":"https:\/\/medicinasinc.com\/sk\/?s={search_term_string}"},"query-input":{"@type":"PropertyValueSpecification","valueRequired":true,"valueName":"search_term_string"}}],"inLanguage":"en-US"}]}},"_links":{"self":[{"href":"https:\/\/medicinasinc.com\/sk\/wp-json\/wp\/v2\/product\/5731","targetHints":{"allow":["GET"]}}],"collection":[{"href":"https:\/\/medicinasinc.com\/sk\/wp-json\/wp\/v2\/product"}],"about":[{"href":"https:\/\/medicinasinc.com\/sk\/wp-json\/wp\/v2\/types\/product"}],"replies":[{"embeddable":true,"href":"https:\/\/medicinasinc.com\/sk\/wp-json\/wp\/v2\/comments?post=5731"}],"wp:featuredmedia":[{"embeddable":true,"href":"https:\/\/medicinasinc.com\/sk\/wp-json\/wp\/v2\/media\/5742"}],"wp:attachment":[{"href":"https:\/\/medicinasinc.com\/sk\/wp-json\/wp\/v2\/media?parent=5731"}],"wp:term":[{"taxonomy":"product_brand","embeddable":true,"href":"https:\/\/medicinasinc.com\/sk\/wp-json\/wp\/v2\/product_brand?post=5731"},{"taxonomy":"product_cat","embeddable":true,"href":"https:\/\/medicinasinc.com\/sk\/wp-json\/wp\/v2\/product_cat?post=5731"},{"taxonomy":"product_tag","embeddable":true,"href":"https:\/\/medicinasinc.com\/sk\/wp-json\/wp\/v2\/product_tag?post=5731"}],"curies":[{"name":"wp","href":"https:\/\/api.w.org\/{rel}","templated":true}]}}