{"id":5729,"date":"2022-02-22T04:59:37","date_gmt":"2022-02-22T04:59:37","guid":{"rendered":"https:\/\/medicinasinc.com\/sk\/?post_type=product&#038;p=5729"},"modified":"2022-03-22T00:51:01","modified_gmt":"2022-03-22T00:51:01","slug":"kupit-hydrokodon-prasok","status":"publish","type":"product","link":"https:\/\/medicinasinc.com\/sk\/product\/kupit-hydrokodon-prasok\/","title":{"rendered":"K\u00fapte si hydrokod\u00f3nov\u00fd pr\u00e1\u0161ok"},"content":{"rendered":"<p>Ak si chcete k\u00fapi\u0165 hydrokod\u00f3nov\u00fd pr\u00e1\u0161ok online, kliknite sem.<br \/> Online si m\u00f4\u017eete k\u00fapi\u0165 hydrokod\u00f3nov\u00fd pr\u00e1\u0161ok vo ve\u013ekom za dobr\u00fa cenu za ve\u013ekoobchodn\u00e9 ceny. Hydrokod\u00f3n, ktor\u00fd sa pred\u00e1va pod zna\u010dkou Hysingla a in\u00fdmi n\u00e1zvami, je opioid, ktor\u00fd mo\u017eno pou\u017ei\u0165 na lie\u010dbu bolesti, ktor\u00e1 trv\u00e1 dlho, ak in\u00e9 lie\u010dby nefunguj\u00fa. Ako prostriedok proti ka\u0161\u013eu ho u\u017e\u00edvaj\u00fa aj \u013eudia star\u0161\u00ed ako 18 rokov. \u013dudia ho jedia. Acetaminof\u00e9n a hydrokod\u00f3n sa zvy\u010dajne pred\u00e1vaj\u00fa spolu. Ibuprof\u00e9n a hydrokod\u00f3n sa tie\u017e zvy\u010dajne pred\u00e1vaj\u00fa spolu. S\u00e1m o sebe prich\u00e1dza v dlhodobo p\u00f4sobiacej forme, ktor\u00fa si m\u00f4\u017eete k\u00fapi\u0165.<\/p>\n<p>Existuj\u00fa dva typy hydrokod\u00f3novej soli alebo pr\u00e1\u0161ku:<\/p>\n<p>Hydrokod\u00f3n je polosyntetick\u00fd opioid poch\u00e1dzaj\u00faci z kode\u00ednov\u00e1 rastlina. Hydrokod\u00f3n sa m\u00f4\u017ee u\u017e\u00edva\u0165 \u00fastami na zmiernenie bolesti a zastavenie ka\u0161\u013ea, \u010dasto s paracetamolom alebo ibuprof\u00e9nom. V Spojen\u00fdch \u0161t\u00e1toch existuje ve\u013ea receptov na hydrokod\u00f3n.<\/p>\n","protected":false},"excerpt":{"rendered":"<p>Hydrocodone Powder na predaj v Eur\u00f3pe, Spojenom kr\u00e1\u013eovstve a Austr\u00e1lii. Kode\u00edn sa pou\u017e\u00edva na v\u00fdrobu pr\u00e1\u0161ku hydrokod\u00f3nu, polosyntetick\u00e9ho opioidu. Najlacnej\u0161ie ceny na hydrokod\u00f3nov\u00fd pr\u00e1\u0161ok.<\/p>\n<p>K\u00fapte si hydrokod\u00f3nov\u00fd pr\u00e1\u0161ok online zo spo\u013eahliv\u00e9ho zdroja.<\/p>\n<p>Je to polosyntetick\u00fd opioid odvoden\u00fd od kode\u00ednu. Hydrokod\u00f3nov\u00fd pr\u00e1\u0161ok<\/p>\n","protected":false},"featured_media":5738,"comment_status":"open","ping_status":"closed","template":"","meta":[],"product_brand":[],"product_cat":[2014],"product_tag":[3673,3674,3683,3696,3698,3677,3678,3679,3684,3685,3686,3676,3688,3689,3680,3681,3700,3690,3691,3692,3693,3694,3670,3672,3671,3682,3687,3675,3697,3699,3695],"class_list":{"0":"post-5729","1":"product","2":"type-product","3":"status-publish","4":"has-post-thumbnail","6":"product_cat-k-c3-bapi-c5-a5-v-c3-bdskumn-c3-a9-chemik-c3-a1lie","7":"product_tag-buy-hydrocodone-powder","8":"product_tag-can-hydrocodone-kill-you","9":"product_tag-hydrokodn-prok-cena","10":"product_tag-ist-hydrokodn-prok-na-predaj","11":"product_tag-o-sa-stane-ke-nupne-hydrokodn","12":"product_tag-hydrocodone-powder","13":"product_tag-hydrocodone-powder-buy","14":"product_tag-hydrocodone-powder-effect","15":"product_tag-hydrocodone-powder-reddit","16":"product_tag-hydrocodone-powder-review","17":"product_tag-hydrocodone-powder-sale","18":"product_tag-hydrokodn-hcl","19":"product_tag-hydrokodn-vs-kratom","20":"product_tag-hydrokodn-vs-vikodn","21":"product_tag-hydrokd-c3-b3n-pr-c3-a1-c5-a1ok-na-me-c5-a1anie","22":"product_tag-hydrokodn-prok-na-predaj","23":"product_tag-kde-kpi-hydrokodn-pilulky","24":"product_tag-kratom-a-hydrokodn","25":"product_tag-kratom-and-hydrocodone-combination","26":"product_tag-kratom-bali-v-porovnan-s-hydrokodnom","27":"product_tag-kratom-v-porovnan-s-norco","28":"product_tag-kratom-vs-hydrokodn-sila","29":"product_tag-kpi-hydrokodn-acetamnofn","30":"product_tag-kpi-hydrokodn-online-bez-rx","31":"product_tag-buy-hydrocodone-online-usa","32":"product_tag-hydrokodn-prok-objednvka","33":"product_tag-hydrokodnov-prok","34":"product_tag-rob-c3-ad-hydrocode-c3-b3n-sp-c3-b4sobuje-z-c3-a1pchu","35":"product_tag-surov-hydrokodnov-prok","36":"product_tag-z-oho-sa-sklad-hydrokodn","37":"product_tag-zmena-c5-a1anie-kratom-a-hydrokd-c3-f3n","39":"first","40":"instock","41":"shipping-taxable","42":"purchasable","43":"product-type-variable","44":"has-default-attributes"},"yoast_head":"<!-- This site is optimized with the Yoast SEO plugin v27.3 - https:\/\/yoast.com\/product\/yoast-seo-wordpress\/ -->\n<title>K\u00fapte si hydrokod\u00f3nov\u00fd pr\u00e1\u0161ok \u2013 hydrokod\u00f3nov\u00fd pr\u00e1\u0161ok \u2013 najlep\u0161ie glob\u00e1lne lieky<\/title>\n<meta name=\"description\" content=\"K\u00fapte si kvalitn\u00fd hydrokod\u00f3nov\u00fd pr\u00e1\u0161ok na predaj v Eur\u00f3pe, Ve\u013ekej Brit\u00e1nii, Austr\u00e1lii online. Hydrokod\u00f3nov\u00fd pr\u00e1\u0161ok je polosyntetick\u00fd opioid odvoden\u00fd od kode\u00ednu. Objednajte si hydrokod\u00f3nov\u00fd pr\u00e1\u0161ok za najlep\u0161ie ceny\" \/>\n<meta name=\"robots\" content=\"index, follow, max-snippet:-1, max-image-preview:large, max-video-preview:-1\" \/>\n<link rel=\"canonical\" href=\"https:\/\/medicinasinc.com\/sk\/product\/kupit-hydrokodon-prasok\/\" \/>\n<meta property=\"og:locale\" content=\"en_US\" \/>\n<meta property=\"og:type\" content=\"article\" \/>\n<meta property=\"og:title\" content=\"K\u00fapte si hydrokod\u00f3nov\u00fd pr\u00e1\u0161ok \u2013 hydrokod\u00f3nov\u00fd pr\u00e1\u0161ok \u2013 najlep\u0161ie glob\u00e1lne lieky\" \/>\n<meta property=\"og:description\" content=\"K\u00fapte si kvalitn\u00fd hydrokod\u00f3nov\u00fd pr\u00e1\u0161ok na predaj v Eur\u00f3pe, Ve\u013ekej Brit\u00e1nii, Austr\u00e1lii online. Hydrokod\u00f3nov\u00fd pr\u00e1\u0161ok je polosyntetick\u00fd opioid odvoden\u00fd od kode\u00ednu. Objednajte si hydrokod\u00f3nov\u00fd pr\u00e1\u0161ok za najlep\u0161ie ceny\" \/>\n<meta property=\"og:url\" content=\"https:\/\/medicinasinc.com\/sk\/product\/kupit-hydrokodon-prasok\/\" \/>\n<meta property=\"og:site_name\" content=\"Medicinas Inc\" \/>\n<meta property=\"article:modified_time\" content=\"2022-03-22T00:51:01+00:00\" \/>\n<meta property=\"og:image\" content=\"https:\/\/medicinasinc.com\/sk\/wp-content\/uploads\/sites\/10\/2022\/02\/Buy-Hydrocodone-Powder.jpg\" \/>\n\t<meta property=\"og:image:width\" content=\"650\" \/>\n\t<meta property=\"og:image:height\" content=\"390\" \/>\n\t<meta property=\"og:image:type\" content=\"image\/jpeg\" \/>\n<meta name=\"twitter:card\" content=\"summary_large_image\" \/>\n<meta name=\"twitter:label1\" content=\"Est. reading time\" \/>\n\t<meta name=\"twitter:data1\" content=\"1 minute\" \/>\n<script type=\"application\/ld+json\" class=\"yoast-schema-graph\">{\"@context\":\"https:\\\/\\\/schema.org\",\"@graph\":[{\"@type\":\"WebPage\",\"@id\":\"https:\\\/\\\/medicinasinc.com\\\/sk\\\/product\\\/kupit-hydrokodon-prasok\\\/\",\"url\":\"https:\\\/\\\/medicinasinc.com\\\/sk\\\/product\\\/kupit-hydrokodon-prasok\\\/\",\"name\":\"K\u00fapte si hydrokod\u00f3nov\u00fd pr\u00e1\u0161ok \u2013 hydrokod\u00f3nov\u00fd pr\u00e1\u0161ok \u2013 najlep\u0161ie glob\u00e1lne lieky\",\"isPartOf\":{\"@id\":\"https:\\\/\\\/medicinasinc.com\\\/sk\\\/#website\"},\"primaryImageOfPage\":{\"@id\":\"https:\\\/\\\/medicinasinc.com\\\/sk\\\/product\\\/kupit-hydrokodon-prasok\\\/#primaryimage\"},\"image\":{\"@id\":\"https:\\\/\\\/medicinasinc.com\\\/sk\\\/product\\\/kupit-hydrokodon-prasok\\\/#primaryimage\"},\"thumbnailUrl\":\"https:\\\/\\\/medicinasinc.com\\\/sk\\\/wp-content\\\/uploads\\\/sites\\\/10\\\/2022\\\/02\\\/Buy-Hydrocodone-Powder.jpg\",\"datePublished\":\"2022-02-22T04:59:37+00:00\",\"dateModified\":\"2022-03-22T00:51:01+00:00\",\"description\":\"K\u00fapte si kvalitn\u00fd hydrokod\u00f3nov\u00fd pr\u00e1\u0161ok na predaj v Eur\u00f3pe, Ve\u013ekej Brit\u00e1nii, Austr\u00e1lii online. Hydrokod\u00f3nov\u00fd pr\u00e1\u0161ok je polosyntetick\u00fd opioid odvoden\u00fd od kode\u00ednu. Objednajte si hydrokod\u00f3nov\u00fd pr\u00e1\u0161ok za najlep\u0161ie ceny\",\"breadcrumb\":{\"@id\":\"https:\\\/\\\/medicinasinc.com\\\/sk\\\/product\\\/kupit-hydrokodon-prasok\\\/#breadcrumb\"},\"inLanguage\":\"en-US\",\"potentialAction\":[{\"@type\":\"ReadAction\",\"target\":[\"https:\\\/\\\/medicinasinc.com\\\/sk\\\/product\\\/kupit-hydrokodon-prasok\\\/\"]}]},{\"@type\":\"ImageObject\",\"inLanguage\":\"en-US\",\"@id\":\"https:\\\/\\\/medicinasinc.com\\\/sk\\\/product\\\/kupit-hydrokodon-prasok\\\/#primaryimage\",\"url\":\"https:\\\/\\\/medicinasinc.com\\\/sk\\\/wp-content\\\/uploads\\\/sites\\\/10\\\/2022\\\/02\\\/Buy-Hydrocodone-Powder.jpg\",\"contentUrl\":\"https:\\\/\\\/medicinasinc.com\\\/sk\\\/wp-content\\\/uploads\\\/sites\\\/10\\\/2022\\\/02\\\/Buy-Hydrocodone-Powder.jpg\",\"width\":650,\"height\":390},{\"@type\":\"BreadcrumbList\",\"@id\":\"https:\\\/\\\/medicinasinc.com\\\/sk\\\/product\\\/kupit-hydrokodon-prasok\\\/#breadcrumb\",\"itemListElement\":[{\"@type\":\"ListItem\",\"position\":1,\"name\":\"Obchod\",\"item\":\"https:\\\/\\\/medicinasinc.com\\\/sk\\\/obchod\\\/\"},{\"@type\":\"ListItem\",\"position\":2,\"name\":\"K\u00fapte si hydrokod\u00f3nov\u00fd pr\u00e1\u0161ok\"}]},{\"@type\":\"WebSite\",\"@id\":\"https:\\\/\\\/medicinasinc.com\\\/sk\\\/#website\",\"url\":\"https:\\\/\\\/medicinasinc.com\\\/sk\\\/\",\"name\":\"Medicinas Inc\",\"description\":\"Health Medical Clinic\",\"potentialAction\":[{\"@type\":\"SearchAction\",\"target\":{\"@type\":\"EntryPoint\",\"urlTemplate\":\"https:\\\/\\\/medicinasinc.com\\\/sk\\\/?s={search_term_string}\"},\"query-input\":{\"@type\":\"PropertyValueSpecification\",\"valueRequired\":true,\"valueName\":\"search_term_string\"}}],\"inLanguage\":\"en-US\"}]}<\/script>\n<!-- \/ Yoast SEO plugin. -->","yoast_head_json":{"title":"K\u00fapte si hydrokod\u00f3nov\u00fd pr\u00e1\u0161ok \u2013 hydrokod\u00f3nov\u00fd pr\u00e1\u0161ok \u2013 najlep\u0161ie glob\u00e1lne lieky","description":"K\u00fapte si kvalitn\u00fd hydrokod\u00f3nov\u00fd pr\u00e1\u0161ok na predaj v Eur\u00f3pe, Ve\u013ekej Brit\u00e1nii, Austr\u00e1lii online. Hydrokod\u00f3nov\u00fd pr\u00e1\u0161ok je polosyntetick\u00fd opioid odvoden\u00fd od kode\u00ednu. Objednajte si hydrokod\u00f3nov\u00fd pr\u00e1\u0161ok za najlep\u0161ie ceny","robots":{"index":"index","follow":"follow","max-snippet":"max-snippet:-1","max-image-preview":"max-image-preview:large","max-video-preview":"max-video-preview:-1"},"canonical":"https:\/\/medicinasinc.com\/sk\/product\/kupit-hydrokodon-prasok\/","og_locale":"en_US","og_type":"article","og_title":"K\u00fapte si hydrokod\u00f3nov\u00fd pr\u00e1\u0161ok \u2013 hydrokod\u00f3nov\u00fd pr\u00e1\u0161ok \u2013 najlep\u0161ie glob\u00e1lne lieky","og_description":"K\u00fapte si kvalitn\u00fd hydrokod\u00f3nov\u00fd pr\u00e1\u0161ok na predaj v Eur\u00f3pe, Ve\u013ekej Brit\u00e1nii, Austr\u00e1lii online. Hydrokod\u00f3nov\u00fd pr\u00e1\u0161ok je polosyntetick\u00fd opioid odvoden\u00fd od kode\u00ednu. Objednajte si hydrokod\u00f3nov\u00fd pr\u00e1\u0161ok za najlep\u0161ie ceny","og_url":"https:\/\/medicinasinc.com\/sk\/product\/kupit-hydrokodon-prasok\/","og_site_name":"Medicinas Inc","article_modified_time":"2022-03-22T00:51:01+00:00","og_image":[{"width":650,"height":390,"url":"https:\/\/medicinasinc.com\/sk\/wp-content\/uploads\/sites\/10\/2022\/02\/Buy-Hydrocodone-Powder.jpg","type":"image\/jpeg"}],"twitter_card":"summary_large_image","twitter_misc":{"Est. reading time":"1 minute"},"schema":{"@context":"https:\/\/schema.org","@graph":[{"@type":"WebPage","@id":"https:\/\/medicinasinc.com\/sk\/product\/kupit-hydrokodon-prasok\/","url":"https:\/\/medicinasinc.com\/sk\/product\/kupit-hydrokodon-prasok\/","name":"K\u00fapte si hydrokod\u00f3nov\u00fd pr\u00e1\u0161ok \u2013 hydrokod\u00f3nov\u00fd pr\u00e1\u0161ok \u2013 najlep\u0161ie glob\u00e1lne lieky","isPartOf":{"@id":"https:\/\/medicinasinc.com\/sk\/#website"},"primaryImageOfPage":{"@id":"https:\/\/medicinasinc.com\/sk\/product\/kupit-hydrokodon-prasok\/#primaryimage"},"image":{"@id":"https:\/\/medicinasinc.com\/sk\/product\/kupit-hydrokodon-prasok\/#primaryimage"},"thumbnailUrl":"https:\/\/medicinasinc.com\/sk\/wp-content\/uploads\/sites\/10\/2022\/02\/Buy-Hydrocodone-Powder.jpg","datePublished":"2022-02-22T04:59:37+00:00","dateModified":"2022-03-22T00:51:01+00:00","description":"K\u00fapte si kvalitn\u00fd hydrokod\u00f3nov\u00fd pr\u00e1\u0161ok na predaj v Eur\u00f3pe, Ve\u013ekej Brit\u00e1nii, Austr\u00e1lii online. Hydrokod\u00f3nov\u00fd pr\u00e1\u0161ok je polosyntetick\u00fd opioid odvoden\u00fd od kode\u00ednu. Objednajte si hydrokod\u00f3nov\u00fd pr\u00e1\u0161ok za najlep\u0161ie ceny","breadcrumb":{"@id":"https:\/\/medicinasinc.com\/sk\/product\/kupit-hydrokodon-prasok\/#breadcrumb"},"inLanguage":"en-US","potentialAction":[{"@type":"ReadAction","target":["https:\/\/medicinasinc.com\/sk\/product\/kupit-hydrokodon-prasok\/"]}]},{"@type":"ImageObject","inLanguage":"en-US","@id":"https:\/\/medicinasinc.com\/sk\/product\/kupit-hydrokodon-prasok\/#primaryimage","url":"https:\/\/medicinasinc.com\/sk\/wp-content\/uploads\/sites\/10\/2022\/02\/Buy-Hydrocodone-Powder.jpg","contentUrl":"https:\/\/medicinasinc.com\/sk\/wp-content\/uploads\/sites\/10\/2022\/02\/Buy-Hydrocodone-Powder.jpg","width":650,"height":390},{"@type":"BreadcrumbList","@id":"https:\/\/medicinasinc.com\/sk\/product\/kupit-hydrokodon-prasok\/#breadcrumb","itemListElement":[{"@type":"ListItem","position":1,"name":"Obchod","item":"https:\/\/medicinasinc.com\/sk\/obchod\/"},{"@type":"ListItem","position":2,"name":"K\u00fapte si hydrokod\u00f3nov\u00fd pr\u00e1\u0161ok"}]},{"@type":"WebSite","@id":"https:\/\/medicinasinc.com\/sk\/#website","url":"https:\/\/medicinasinc.com\/sk\/","name":"Medicinas Inc","description":"Health Medical Clinic","potentialAction":[{"@type":"SearchAction","target":{"@type":"EntryPoint","urlTemplate":"https:\/\/medicinasinc.com\/sk\/?s={search_term_string}"},"query-input":{"@type":"PropertyValueSpecification","valueRequired":true,"valueName":"search_term_string"}}],"inLanguage":"en-US"}]}},"_links":{"self":[{"href":"https:\/\/medicinasinc.com\/sk\/wp-json\/wp\/v2\/product\/5729","targetHints":{"allow":["GET"]}}],"collection":[{"href":"https:\/\/medicinasinc.com\/sk\/wp-json\/wp\/v2\/product"}],"about":[{"href":"https:\/\/medicinasinc.com\/sk\/wp-json\/wp\/v2\/types\/product"}],"replies":[{"embeddable":true,"href":"https:\/\/medicinasinc.com\/sk\/wp-json\/wp\/v2\/comments?post=5729"}],"wp:featuredmedia":[{"embeddable":true,"href":"https:\/\/medicinasinc.com\/sk\/wp-json\/wp\/v2\/media\/5738"}],"wp:attachment":[{"href":"https:\/\/medicinasinc.com\/sk\/wp-json\/wp\/v2\/media?parent=5729"}],"wp:term":[{"taxonomy":"product_brand","embeddable":true,"href":"https:\/\/medicinasinc.com\/sk\/wp-json\/wp\/v2\/product_brand?post=5729"},{"taxonomy":"product_cat","embeddable":true,"href":"https:\/\/medicinasinc.com\/sk\/wp-json\/wp\/v2\/product_cat?post=5729"},{"taxonomy":"product_tag","embeddable":true,"href":"https:\/\/medicinasinc.com\/sk\/wp-json\/wp\/v2\/product_tag?post=5729"}],"curies":[{"name":"wp","href":"https:\/\/api.w.org\/{rel}","templated":true}]}}