{"id":5710,"date":"2022-02-22T04:39:11","date_gmt":"2022-02-22T04:39:11","guid":{"rendered":"https:\/\/medicinasinc.com\/sk\/?post_type=product&#038;p=5710"},"modified":"2022-03-22T00:51:10","modified_gmt":"2022-03-22T00:51:10","slug":"kupit-mdma-krystaly","status":"publish","type":"product","link":"https:\/\/medicinasinc.com\/sk\/product\/kupit-mdma-krystaly\/","title":{"rendered":"K\u00fapte si kry\u0161t\u00e1ly mdma"},"content":{"rendered":"<p>KDE OBJEDNA\u0164 MDMA POWDER A CRYSTAL ONLINE<\/p>\n<p>CRYSTAL MDMA je mo\u017en\u00e9 zak\u00fapi\u0165 na internete. N\u00e1kup pr\u00e1\u0161ku MDMA online je jednoduch\u00fd a pohodln\u00fd. 3,4-Metyl\u00e9ndioxymetamfetam\u00edn, \u010dastej\u0161ie ozna\u010dovan\u00fd ako ext\u00e1za, je stimulant a v\u0161eobecne sa pou\u017e\u00edva na z\u00e1bavu. Ak chcete dosiahnu\u0165 po\u017eadovan\u00e9 v\u00fdsledky, vplyvy zah\u0155\u0148aj\u00fa zmenen\u00e9 pocity a zv\u00fd\u0161enie energie, empatie a radosti. MDMA je mo\u017en\u00e9 zak\u00fapi\u0165 priamo tu na na\u0161ej str\u00e1nke. Spo\u010diatku MDMA v\u00e4\u010d\u0161inou u\u017e\u00edvali t\u00ed, ktor\u00ed nav\u0161tevovali no\u010dn\u00e9 kluby a celono\u010dn\u00e9 tane\u010dn\u00e9 ve\u010dierky (zn\u00e1me ako \u201eraves\u201c), ale odvtedy sa droga roz\u0161\u00edrila medzi \u0161ir\u0161ie publikum a teraz sa ozna\u010duje ako ext\u00e1za alebo Molly.<\/p>\n<p>Ide o syntetick\u00fa drogu ovplyv\u0148uj\u00facu n\u00e1ladu a vn\u00edmanie, 3,4-metyl\u00e9ndioxy-metamfetam\u00edn (MDMA) (uvedomovanie si okolit\u00fdch predmetov a podmienok). Ako stimulant a halucinog\u00e9n vytv\u00e1ra pocity zv\u00fd\u0161enej energie, pote\u0161enia a emocion\u00e1lneho tepla, ako aj zm\u00e4ten\u00fd zmyslov\u00fd z\u00e1\u017eitok.<\/p>\n<p>Ako je MDMA CYSTAL | Pr\u00e1\u0161ok, ktor\u00fd pou\u017e\u00edvaj\u00fa jeho pou\u017e\u00edvatelia?<\/p>\n<p>MDMA sa be\u017ene pou\u017e\u00edva vo forme piluliek alebo kaps\u00fal, hoci ho mo\u017eno po\u017ei\u0165 aj ako tekutinu alebo \u0161nupa\u0165 ako pr\u00e1\u0161ok. Je be\u017en\u00e9 naz\u00fdva\u0165 tento pr\u00e1\u0161kov\u00fd MDMA (MDMA CRYSTAL) Molly, \u010do je slangov\u00fd v\u00fdraz pre \u00fadajne \u201e\u010dist\u00fa\u201c kry\u0161talick\u00fa pr\u00e1\u0161kov\u00fa formu drogy. Niektor\u00ed \u013eudia m\u00f4\u017eu MDMA kombinova\u0165 s in\u00fdmi l\u00e1tkami, ako je alkohol alebo marihuana.<\/p>\n<p>Ak\u00e9 s\u00fa \u00fa\u010dinky MDMA na mozog?<\/p>\n<p>Tri molekuly mozgu s\u00fa aktivovan\u00e9 MDMA: <\/p>\n<p>Zv\u00fd\u0161en\u00e1 energia a aktivita s\u00fa dva z \u00fa\u010dinkov dopam\u00ednu, ktor\u00fd funguje ako odmena v syst\u00e9me odme\u0148ovania mozgu.<br \/> \u013dudia s kardiovaskul\u00e1rnymi alebo cievnymi probl\u00e9mami s\u00fa zranite\u013enej\u0161\u00ed vo\u010di \u00fa\u010dinkom norepinefr\u00ednu, ktor\u00fd zvy\u0161uje srdcov\u00fa frekvenciu a krvn\u00fd tlak.<br \/> Existuje mnoho funkci\u00ed, ktor\u00e9 seroton\u00edn ovplyv\u0148uje, ako je n\u00e1lada, hlad a sp\u00e1nok. M\u00e1 tie\u017e vplyv na sexu\u00e1lne vzru\u0161enie a d\u00f4veru t\u00fdm, \u017ee sp\u00f4sobuje uvo\u013e\u0148ovanie horm\u00f3nov. \u013dudia, ktor\u00ed u\u017e\u00edvaj\u00fa MDMA, hl\u00e1sia pocity emocion\u00e1lneho spojenia, zv\u00fd\u0161en\u00fa n\u00e1ladu a empatiu v d\u00f4sledku \u00fa\u010dinkov drogy uvo\u013e\u0148uj\u00facich seroton\u00edn. K\u00fapte si tabletky Molly v renomovanej online lek\u00e1rni.<\/p>\n<p>&nbsp;<\/p>\n<p>\u010co sa t\u00fdka in\u00fdch negat\u00edvnych vplyvov na zdravie:<\/p>\n<p>boles\u0165 \u017eal\u00fadka a k\u0155\u010de<br \/> zat\u00ednanie zubov sp\u00f4sobilo mi opar vo v\u00edzii<br \/> zimomriavky<\/p>\n","protected":false},"excerpt":{"rendered":"<p>K\u00fapte si od n\u00e1s kry\u0161t\u00e1ly mdma na predaj vo Ve\u013ekej Brit\u00e1nii a Eur\u00f3pe. \u013dudia, ktor\u00ed u n\u00e1s nakupuj\u00fa, si m\u00f4\u017eu by\u0165 ist\u00ed, \u017ee dostan\u00fa to, za \u010do zaplatia. Teraz si k\u00fapte 3,4-metylendioxymetamfetam\u00edn.<\/p>\n<p>Na predaj s\u00fa kry\u0161t\u00e1ly ext\u00e1zy\/molly (m\u00f4\u017eete si k\u00fapi\u0165 kry\u0161t\u00e1ly ext\u00e1zy\/molly cez internet). Existuje ve\u013ea miest, kde si m\u00f4\u017eete k\u00fapi\u0165 kry\u0161t\u00e1ly MDMA online. Kry\u0161t\u00e1ly metyl\u00f3nu si m\u00f4\u017eete k\u00fapi\u0165 aj online.<\/p>\n","protected":false},"featured_media":5720,"comment_status":"open","ping_status":"closed","template":"","meta":[],"product_brand":[],"product_cat":[2014],"product_tag":[3648,3644,3645,3646,501,506,3655,3668,3667,3669,3653,3647,3664,3649,3650,3652,3654,3657,3656,3660,3661,3659,3662,3666,3663,539,3658,3651,3665],"class_list":{"0":"post-5710","1":"product","2":"type-product","3":"status-publish","4":"has-post-thumbnail","6":"product_cat-k-c3-bapi-c5-a5-v-c3-bdskumn-c3-a9-chemik-c3-a1lie","7":"product_tag-ako-kpi-mdma-krytl-online","8":"product_tag-buy-mdma-crystal","9":"product_tag-buy-mdma-crystal-online","10":"product_tag-buy-mdma-crystals","11":"product_tag-buy-mdma-online","12":"product_tag-buy-pure-mdma-online","13":"product_tag-mdma-krystaly-ceny","14":"product_tag-kde-k-kupit-mdma-crystal-online","15":"product_tag-kde-mem-kpi-mdma","16":"product_tag-kde-zska-mdma-usa","17":"product_tag-mdma-crystals-efekt","18":"product_tag-kpi-mdma-prok","19":"product_tag-nkup-mdma-krytl-online","20":"product_tag-mail-order-mdma","21":"product_tag-mail-order-mdma-crystal","22":"product_tag-mdma-crystal-na-predaj-online","23":"product_tag-mdma-crystals-for-sale","24":"product_tag-mdma-for-sale-usa","25":"product_tag-mdma-crystals-reddit","26":"product_tag-mdma-powder-crystals","27":"product_tag-mdma-powder-crystals-online","28":"product_tag-mdma-prok","29":"product_tag-mdma-prok-na-predaj","30":"product_tag-najlepie-miesto-na-kpi-mdma-krytl-online","31":"product_tag-objedna-mdma-krytl-online","32":"product_tag-objednvka-mdma-online","33":"product_tag-mdma-online-buy","34":"product_tag-mdma-krytl-na-predaj","35":"product_tag-tags-buy-exstasy-usa","37":"first","38":"instock","39":"shipping-taxable","40":"purchasable","41":"product-type-variable","42":"has-default-attributes"},"yoast_head":"<!-- This site is optimized with the Yoast SEO plugin v27.3 - https:\/\/yoast.com\/product\/yoast-seo-wordpress\/ -->\n<title>K\u00fapte si kry\u0161t\u00e1ly mdma - kry\u0161t\u00e1ly mdma na predaj - najlep\u0161ie glob\u00e1lne lieky<\/title>\n<meta name=\"description\" content=\"K\u00fapi\u0165 kry\u0161t\u00e1ly mdma na predaj vo Ve\u013ekej Brit\u00e1nii, Eur\u00f3pe. pon\u00fakame najspo\u013eahlivej\u0161ie transakcie a pred\u00e1vame za ve\u013emi prijate\u013en\u00e9 ceny. Objednajte si 3,4-metylendioxymetamfetam\u00edn u\u017e teraz\" \/>\n<meta name=\"robots\" content=\"index, follow, max-snippet:-1, max-image-preview:large, max-video-preview:-1\" \/>\n<link rel=\"canonical\" href=\"https:\/\/medicinasinc.com\/sk\/product\/kupit-mdma-krystaly\/\" \/>\n<meta property=\"og:locale\" content=\"en_US\" \/>\n<meta property=\"og:type\" content=\"article\" \/>\n<meta property=\"og:title\" content=\"K\u00fapte si kry\u0161t\u00e1ly mdma - kry\u0161t\u00e1ly mdma na predaj - najlep\u0161ie glob\u00e1lne lieky\" \/>\n<meta property=\"og:description\" content=\"K\u00fapi\u0165 kry\u0161t\u00e1ly mdma na predaj vo Ve\u013ekej Brit\u00e1nii, Eur\u00f3pe. pon\u00fakame najspo\u013eahlivej\u0161ie transakcie a pred\u00e1vame za ve\u013emi prijate\u013en\u00e9 ceny. Objednajte si 3,4-metylendioxymetamfetam\u00edn u\u017e teraz\" \/>\n<meta property=\"og:url\" content=\"https:\/\/medicinasinc.com\/sk\/product\/kupit-mdma-krystaly\/\" \/>\n<meta property=\"og:site_name\" content=\"Medicinas Inc\" \/>\n<meta property=\"article:modified_time\" content=\"2022-03-22T00:51:10+00:00\" \/>\n<meta property=\"og:image\" content=\"https:\/\/medicinasinc.com\/sk\/wp-content\/uploads\/sites\/10\/2022\/02\/Buy-mdma-crystals.jpg\" \/>\n\t<meta property=\"og:image:width\" content=\"600\" \/>\n\t<meta property=\"og:image:height\" content=\"600\" \/>\n\t<meta property=\"og:image:type\" content=\"image\/jpeg\" \/>\n<meta name=\"twitter:card\" content=\"summary_large_image\" \/>\n<meta name=\"twitter:label1\" content=\"Est. reading time\" \/>\n\t<meta name=\"twitter:data1\" content=\"2 minutes\" \/>\n<script type=\"application\/ld+json\" class=\"yoast-schema-graph\">{\"@context\":\"https:\\\/\\\/schema.org\",\"@graph\":[{\"@type\":\"WebPage\",\"@id\":\"https:\\\/\\\/medicinasinc.com\\\/sk\\\/product\\\/kupit-mdma-krystaly\\\/\",\"url\":\"https:\\\/\\\/medicinasinc.com\\\/sk\\\/product\\\/kupit-mdma-krystaly\\\/\",\"name\":\"K\u00fapte si kry\u0161t\u00e1ly mdma - kry\u0161t\u00e1ly mdma na predaj - najlep\u0161ie glob\u00e1lne lieky\",\"isPartOf\":{\"@id\":\"https:\\\/\\\/medicinasinc.com\\\/sk\\\/#website\"},\"primaryImageOfPage\":{\"@id\":\"https:\\\/\\\/medicinasinc.com\\\/sk\\\/product\\\/kupit-mdma-krystaly\\\/#primaryimage\"},\"image\":{\"@id\":\"https:\\\/\\\/medicinasinc.com\\\/sk\\\/product\\\/kupit-mdma-krystaly\\\/#primaryimage\"},\"thumbnailUrl\":\"https:\\\/\\\/medicinasinc.com\\\/sk\\\/wp-content\\\/uploads\\\/sites\\\/10\\\/2022\\\/02\\\/Buy-mdma-crystals.jpg\",\"datePublished\":\"2022-02-22T04:39:11+00:00\",\"dateModified\":\"2022-03-22T00:51:10+00:00\",\"description\":\"K\u00fapi\u0165 kry\u0161t\u00e1ly mdma na predaj vo Ve\u013ekej Brit\u00e1nii, Eur\u00f3pe. pon\u00fakame najspo\u013eahlivej\u0161ie transakcie a pred\u00e1vame za ve\u013emi prijate\u013en\u00e9 ceny. Objednajte si 3,4-metylendioxymetamfetam\u00edn u\u017e teraz\",\"breadcrumb\":{\"@id\":\"https:\\\/\\\/medicinasinc.com\\\/sk\\\/product\\\/kupit-mdma-krystaly\\\/#breadcrumb\"},\"inLanguage\":\"en-US\",\"potentialAction\":[{\"@type\":\"ReadAction\",\"target\":[\"https:\\\/\\\/medicinasinc.com\\\/sk\\\/product\\\/kupit-mdma-krystaly\\\/\"]}]},{\"@type\":\"ImageObject\",\"inLanguage\":\"en-US\",\"@id\":\"https:\\\/\\\/medicinasinc.com\\\/sk\\\/product\\\/kupit-mdma-krystaly\\\/#primaryimage\",\"url\":\"https:\\\/\\\/medicinasinc.com\\\/sk\\\/wp-content\\\/uploads\\\/sites\\\/10\\\/2022\\\/02\\\/Buy-mdma-crystals.jpg\",\"contentUrl\":\"https:\\\/\\\/medicinasinc.com\\\/sk\\\/wp-content\\\/uploads\\\/sites\\\/10\\\/2022\\\/02\\\/Buy-mdma-crystals.jpg\",\"width\":600,\"height\":600},{\"@type\":\"BreadcrumbList\",\"@id\":\"https:\\\/\\\/medicinasinc.com\\\/sk\\\/product\\\/kupit-mdma-krystaly\\\/#breadcrumb\",\"itemListElement\":[{\"@type\":\"ListItem\",\"position\":1,\"name\":\"Obchod\",\"item\":\"https:\\\/\\\/medicinasinc.com\\\/sk\\\/obchod\\\/\"},{\"@type\":\"ListItem\",\"position\":2,\"name\":\"K\u00fapte si kry\u0161t\u00e1ly mdma\"}]},{\"@type\":\"WebSite\",\"@id\":\"https:\\\/\\\/medicinasinc.com\\\/sk\\\/#website\",\"url\":\"https:\\\/\\\/medicinasinc.com\\\/sk\\\/\",\"name\":\"Medicinas Inc\",\"description\":\"Health Medical Clinic\",\"potentialAction\":[{\"@type\":\"SearchAction\",\"target\":{\"@type\":\"EntryPoint\",\"urlTemplate\":\"https:\\\/\\\/medicinasinc.com\\\/sk\\\/?s={search_term_string}\"},\"query-input\":{\"@type\":\"PropertyValueSpecification\",\"valueRequired\":true,\"valueName\":\"search_term_string\"}}],\"inLanguage\":\"en-US\"}]}<\/script>\n<!-- \/ Yoast SEO plugin. -->","yoast_head_json":{"title":"K\u00fapte si kry\u0161t\u00e1ly mdma - kry\u0161t\u00e1ly mdma na predaj - najlep\u0161ie glob\u00e1lne lieky","description":"K\u00fapi\u0165 kry\u0161t\u00e1ly mdma na predaj vo Ve\u013ekej Brit\u00e1nii, Eur\u00f3pe. pon\u00fakame najspo\u013eahlivej\u0161ie transakcie a pred\u00e1vame za ve\u013emi prijate\u013en\u00e9 ceny. Objednajte si 3,4-metylendioxymetamfetam\u00edn u\u017e teraz","robots":{"index":"index","follow":"follow","max-snippet":"max-snippet:-1","max-image-preview":"max-image-preview:large","max-video-preview":"max-video-preview:-1"},"canonical":"https:\/\/medicinasinc.com\/sk\/product\/kupit-mdma-krystaly\/","og_locale":"en_US","og_type":"article","og_title":"K\u00fapte si kry\u0161t\u00e1ly mdma - kry\u0161t\u00e1ly mdma na predaj - najlep\u0161ie glob\u00e1lne lieky","og_description":"K\u00fapi\u0165 kry\u0161t\u00e1ly mdma na predaj vo Ve\u013ekej Brit\u00e1nii, Eur\u00f3pe. pon\u00fakame najspo\u013eahlivej\u0161ie transakcie a pred\u00e1vame za ve\u013emi prijate\u013en\u00e9 ceny. Objednajte si 3,4-metylendioxymetamfetam\u00edn u\u017e teraz","og_url":"https:\/\/medicinasinc.com\/sk\/product\/kupit-mdma-krystaly\/","og_site_name":"Medicinas Inc","article_modified_time":"2022-03-22T00:51:10+00:00","og_image":[{"width":600,"height":600,"url":"https:\/\/medicinasinc.com\/sk\/wp-content\/uploads\/sites\/10\/2022\/02\/Buy-mdma-crystals.jpg","type":"image\/jpeg"}],"twitter_card":"summary_large_image","twitter_misc":{"Est. reading time":"2 minutes"},"schema":{"@context":"https:\/\/schema.org","@graph":[{"@type":"WebPage","@id":"https:\/\/medicinasinc.com\/sk\/product\/kupit-mdma-krystaly\/","url":"https:\/\/medicinasinc.com\/sk\/product\/kupit-mdma-krystaly\/","name":"K\u00fapte si kry\u0161t\u00e1ly mdma - kry\u0161t\u00e1ly mdma na predaj - najlep\u0161ie glob\u00e1lne lieky","isPartOf":{"@id":"https:\/\/medicinasinc.com\/sk\/#website"},"primaryImageOfPage":{"@id":"https:\/\/medicinasinc.com\/sk\/product\/kupit-mdma-krystaly\/#primaryimage"},"image":{"@id":"https:\/\/medicinasinc.com\/sk\/product\/kupit-mdma-krystaly\/#primaryimage"},"thumbnailUrl":"https:\/\/medicinasinc.com\/sk\/wp-content\/uploads\/sites\/10\/2022\/02\/Buy-mdma-crystals.jpg","datePublished":"2022-02-22T04:39:11+00:00","dateModified":"2022-03-22T00:51:10+00:00","description":"K\u00fapi\u0165 kry\u0161t\u00e1ly mdma na predaj vo Ve\u013ekej Brit\u00e1nii, Eur\u00f3pe. pon\u00fakame najspo\u013eahlivej\u0161ie transakcie a pred\u00e1vame za ve\u013emi prijate\u013en\u00e9 ceny. Objednajte si 3,4-metylendioxymetamfetam\u00edn u\u017e teraz","breadcrumb":{"@id":"https:\/\/medicinasinc.com\/sk\/product\/kupit-mdma-krystaly\/#breadcrumb"},"inLanguage":"en-US","potentialAction":[{"@type":"ReadAction","target":["https:\/\/medicinasinc.com\/sk\/product\/kupit-mdma-krystaly\/"]}]},{"@type":"ImageObject","inLanguage":"en-US","@id":"https:\/\/medicinasinc.com\/sk\/product\/kupit-mdma-krystaly\/#primaryimage","url":"https:\/\/medicinasinc.com\/sk\/wp-content\/uploads\/sites\/10\/2022\/02\/Buy-mdma-crystals.jpg","contentUrl":"https:\/\/medicinasinc.com\/sk\/wp-content\/uploads\/sites\/10\/2022\/02\/Buy-mdma-crystals.jpg","width":600,"height":600},{"@type":"BreadcrumbList","@id":"https:\/\/medicinasinc.com\/sk\/product\/kupit-mdma-krystaly\/#breadcrumb","itemListElement":[{"@type":"ListItem","position":1,"name":"Obchod","item":"https:\/\/medicinasinc.com\/sk\/obchod\/"},{"@type":"ListItem","position":2,"name":"K\u00fapte si kry\u0161t\u00e1ly mdma"}]},{"@type":"WebSite","@id":"https:\/\/medicinasinc.com\/sk\/#website","url":"https:\/\/medicinasinc.com\/sk\/","name":"Medicinas Inc","description":"Health Medical Clinic","potentialAction":[{"@type":"SearchAction","target":{"@type":"EntryPoint","urlTemplate":"https:\/\/medicinasinc.com\/sk\/?s={search_term_string}"},"query-input":{"@type":"PropertyValueSpecification","valueRequired":true,"valueName":"search_term_string"}}],"inLanguage":"en-US"}]}},"_links":{"self":[{"href":"https:\/\/medicinasinc.com\/sk\/wp-json\/wp\/v2\/product\/5710","targetHints":{"allow":["GET"]}}],"collection":[{"href":"https:\/\/medicinasinc.com\/sk\/wp-json\/wp\/v2\/product"}],"about":[{"href":"https:\/\/medicinasinc.com\/sk\/wp-json\/wp\/v2\/types\/product"}],"replies":[{"embeddable":true,"href":"https:\/\/medicinasinc.com\/sk\/wp-json\/wp\/v2\/comments?post=5710"}],"wp:featuredmedia":[{"embeddable":true,"href":"https:\/\/medicinasinc.com\/sk\/wp-json\/wp\/v2\/media\/5720"}],"wp:attachment":[{"href":"https:\/\/medicinasinc.com\/sk\/wp-json\/wp\/v2\/media?parent=5710"}],"wp:term":[{"taxonomy":"product_brand","embeddable":true,"href":"https:\/\/medicinasinc.com\/sk\/wp-json\/wp\/v2\/product_brand?post=5710"},{"taxonomy":"product_cat","embeddable":true,"href":"https:\/\/medicinasinc.com\/sk\/wp-json\/wp\/v2\/product_cat?post=5710"},{"taxonomy":"product_tag","embeddable":true,"href":"https:\/\/medicinasinc.com\/sk\/wp-json\/wp\/v2\/product_tag?post=5710"}],"curies":[{"name":"wp","href":"https:\/\/api.w.org\/{rel}","templated":true}]}}