{"id":5703,"date":"2022-02-22T04:29:46","date_gmt":"2022-02-22T04:29:46","guid":{"rendered":"https:\/\/medicinasinc.com\/sk\/?post_type=product&#038;p=5703"},"modified":"2022-03-22T00:51:23","modified_gmt":"2022-03-22T00:51:23","slug":"kupit-dimetyltryptamin-dmt","status":"publish","type":"product","link":"https:\/\/medicinasinc.com\/sk\/product\/kupit-dimetyltryptamin-dmt\/","title":{"rendered":"K\u00fapi\u0165 Dimetyltryptam\u00edn DMT"},"content":{"rendered":"<p>Je ve\u013ea miest, kde si m\u00f4\u017eete k\u00fapi\u0165 DMT Powder online.<\/p>\n<p>DMT existuje u\u017e dlho. Droga sa v priebehu rokov ve\u013ea pou\u017e\u00edvala na mno\u017estvo r\u00f4znych vec\u00ed, a\u017e k\u00fdm ju vl\u00e1da nepova\u017eovala za drogu, ktor\u00e1 by mohla by\u0165 nebezpe\u010dn\u00e1, ak by sa zaviedla do extr\u00e9mu. Mo\u017eno si nebudete m\u00f4c\u0165 k\u00fapi\u0165 DMT pr\u00e1\u0161ok online, ak neviete, ako na to Nakoniec sa va\u0161a tvrd\u00e1 pr\u00e1ca vyplatila a m\u00e1te po\u017eadovan\u00e9 v\u00fdsledky. Bestglobalmeds je webov\u00e1 str\u00e1nka, kde si m\u00f4\u017eete k\u00fapi\u0165 DMT online za skvel\u00fa cenu. M\u00e1 vysokokvalitn\u00fd a \u010dist\u00fd DMT.<\/p>\n<p>Odpove\u010f na ot\u00e1zku \u201e\u010co je DMT pr\u00e1\u0161ok?\u201c<\/p>\n<p>DMT (N,N-dimetyltryptam\u00edn) je pr\u00edrodn\u00fd psychedelick\u00fd tryptam\u00edn, ktor\u00fd m\u00f4\u017ee vyskytuj\u00fa v rastlin\u00e1ch, zvierat\u00e1ch a \u013eu\u010foch. Je s\u00fa\u010das\u0165ou skupiny psychedelick\u00fdch drog (l\u00e1tok, v\u010faka ktor\u00fdm sa viac uvedom\u00edte). T\u00fdmto sp\u00f4sobom sa vyr\u00e1baj\u00fa aj zmesi DMT vyroben\u00e9 spolo\u010dnos\u0165ou Changa. M\u00f4\u017eu by\u0165 vyroben\u00e9 do pr\u00e1\u0161kovej formy alebo m\u00f4\u017eu by\u0165 vyroben\u00e9 do pr\u00e1\u0161kovej formy.<\/p>\n<p>Je to prirodzene sa vyskytuj\u00faca l\u00e1tka, ktor\u00e1 sa v mal\u00fdch mno\u017estv\u00e1ch nach\u00e1dza v \u013eudskom mozgu, kde jej funkcia nie je zn\u00e1ma. DMT je zn\u00e1my svojou silou. Ak ho faj\u010d\u00edte, psychedelick\u00fd v\u00fdlet, ktor\u00fd rob\u00ed, trv\u00e1 iba 5 a\u017e 30 min\u00fat, ale \u00fa\u010dinok, ktor\u00fd m\u00e1, je siln\u00fd a dlhodob\u00fd. Pocit, \u017ee bol poslan\u00fd na \u00faplne in\u00e9 miesto, so zvukmi a obr\u00e1zkami, ktor\u00e9 v\u00e1s prin\u00fatia prem\u00fd\u0161\u013ea\u0165 o k\u0430l\u0435d\u043e\u0441\u043e\u0440ick\u00fdch veciach,<\/p>\n<p>Ayahuasca sa vyr\u00e1ba z k\u00f4ry stromov s obsahom DMT a in\u00fdch rastl\u00edn, ktor\u00e9 obsahuj\u00fa chemick\u00e1 l\u00e1tka naz\u00fdvan\u00e1 MAOI (inhib\u00edtor monoaminooxid\u00e1zy, pre skuto\u010dne chor\u00fdch). MAOI sp\u00f4sobuje, \u017ee DMT vydr\u017e\u00ed v na\u0161om tele ove\u013ea dlh\u0161ie a pred\u013a\u017ei psychiatrick\u00fd z\u00e1\u017eitok na hodiny. DMT sa v tradi\u010dnej medic\u00edne pou\u017e\u00edva u\u017e dlho.<\/p>\n<p>V posledn\u00fdch rokoch sa tento n\u00e1poj stal popul\u00e1rnej\u0161\u00edm kv\u00f4li jeho lie\u010div\u00fdm vlastnostiam, vr\u00e1tane lie\u010dby zneu\u017e\u00edvania n\u00e1vykov\u00fdch l\u00e1tok. V porovnan\u00ed s \u201etvrd\u00fdm patriarchom\u201c zo Sbog\u00e1ne bol \u201emiluj\u00faci matriarcha\u201c lie\u010denia Ayahuascou naz\u00fdvan\u00fd \u201emiluj\u00faci matriarcha\u201c. Pom\u00e1ha \u013eu\u010fom prelomi\u0165 obrann\u00e9 mechanizmy, ktor\u00e9 si vytvorili a ktor\u00e9 im br\u00e1nia spoji\u0165 sa s ostatn\u00fdmi.<\/p>\n<p>Viete, ako vyzer\u00e1 DMT?<br \/> Op\u00ed\u0161te, ako vyzer\u00e1 DMT.<br \/> KE\u010e je \u010dist\u00fd, vyzer\u00e1 ako biely kry\u0161talick\u00fd pr\u00e1\u0161ok alebo nie\u010do in\u00e9.<br \/> Tie\u017e, ke\u010f nie je \u010dist\u00fd, vyzer\u00e1 ako \u017elt\u00fd, oran\u017eov\u00fd alebo ru\u017eov\u00fd pr\u00e1\u0161ok alebo tekutina. Toto je be\u017enej\u0161ie, ale nie je to jedin\u00fd sp\u00f4sob, ako sa na to pozera\u0165.<br \/> Hnedo-\u010derven\u00e1 bylinn\u00e1 zmes, ke\u010f sa zmie\u0161a s bylinkami, vytv\u00e1ra n\u00e1poj s n\u00e1zvom ayahuasca Hnedo-\u010derven\u00fd lik\u00e9r, ke\u010f je s\u00fa\u010das\u0165ou ayahuascy n\u00e1poj.<br \/> DMT chut\u00ed a vonia ako \u010do.<\/p>\n<p>N,N-dimetyltr\u0443ptam\u00edn m\u00e1 ve\u013emi siln\u00fa v\u00f4\u0148u a chu\u0165, ktor\u00fa mnoh\u00ed \u013eudia vr\u00e1tane na\u0161ich klientov prirovn\u00e1vaj\u00fa k sp\u00e1len\u00fdm plastom a nov\u00fdm top\u00e1nkam.<\/p>\n<p>Ako sa pou\u017e\u00edva DMT?<\/p>\n<p>Ke\u010f si kupujete DMT online, pam\u00e4tajte na to, \u017ee ho mo\u017eno pou\u017ei\u0165 tromi hlavn\u00fdmi sp\u00f4sobmi: Smacked, zmenen\u00fd a zavinut\u00fd.<\/p>\n<p>DMT sa faj\u010d\u00ed.<\/p>\n<p>\u013dudia niekedy mie\u0161aj\u00fa DMT s bylinkami, ako je ayahuasca, aby vytvorili n\u00e1poj zvan\u00fd ch\u00e1ng\u0430. Je to preto, \u017ee DMT je nebezpe\u010dn\u00fd a jeho faj\u010denie m\u00f4\u017ee by\u0165 nebezpe\u010dn\u00e9. Ka\u017ed\u00e1 d\u00e1vka ch\u0430nga je in\u00e1 v z\u00e1vislosti od pou\u017eit\u00fdch byl\u00edn, tak\u017ee sila ka\u017edej d\u00e1vky sa l\u00ed\u0161i.<\/p>\n<p>\u013dudia s\u00fa opit\u00ed DMT<\/p>\n<p>Ch\u00e1cruna je juhoamerick\u00e1 bylina, ktor\u00e1 obsahuje DMT to. Niekedy sa zmie\u0161a s rastlinou \u0430y\u0430huas\u0441\u0430, aby sa vytvoril \u0161amansk\u00fd n\u00e1poj, \u0430y\u0430huas\u0441\u0430.<\/p>\n<p>Podanie DMT niekomu<\/p>\n<p>DMT m\u00f4\u017ee by\u0165 pripraven\u00e9 na injekciu, \u010do m\u00f4\u017ee by\u0165 ve\u013emi nebezpe\u010dn\u00e9 , tie\u017e.<\/p>\n<p>\u0160nupanie DMT<\/p>\n<p>Ak chcete z\u00edska\u0165 DMT, m\u00f4\u017eete ho rozdrvi\u0165 na pr\u00e1\u0161ok a \u0161nupa\u0165.<\/p>\n<p>D\u043e\u0455\u0430g\u0435<\/p>\n<p>DMT: Faj\u010dil 15-60 mg (iba v sklenenej fajke), \u0161nupal 20-50 mg a pil 30 a\u017e 150 mg.<\/p>\n<p>Changa: V\u0161etko z\u00e1vis\u00ed od toho, ko\u013eko DMT je v podiele.<\/p>\n<p>Pokia\u013e je v zmesi dostatok DMT.<\/p>\n<p>\u010co sa stane, ak u\u017eijete DMT?<br \/> Ako to vn\u00edmate?<\/p>\n<p> DMT je zn\u00e1me t\u00fdm, \u017ee d\u00e1va \u013eu\u010fom, ktor\u00ed ho ber\u00fa, ve\u013emi intenz\u00edvne \u201etrp\u201c, \u010do je n\u00e1zov pre z\u00e1\u017eitok z u\u017e\u00edvania psychedelika.<\/p>\n<p>Ke\u010f si vezmete DMT, svet vyzer\u00e1 \u00faplne inak. Farby, zvuky, predmety a dokonca aj \u010das m\u00f4\u017eu v\u0161etko zda\u0165 ve\u013emi odli\u0161n\u00e9. Niektor\u00ed \u013eudia maj\u00fa pri u\u017e\u00edvan\u00ed DMT mimotelov\u00e9 z\u00e1\u017eitky.<\/p>\n<p>M\u00f4\u017ee v\u00e1s to prin\u00fati\u0165:<\/p>\n<p>vidie\u0165 a po\u010du\u0165 veci, ktor\u00e9 tam nie s\u00fa (hallu\u0441n\u0430t\u0435), \u010do by mohlo by\u0165 dobr\u00e9 alebo zl\u00e9 sk\u00fasenosti. Pocit, \u017ee \u010das a pohyb sa zr\u00fdch\u013euj\u00fa alebo spoma\u013euj\u00fa. Naz\u00fdva sa to \u201evizu\u00e1ly\u201c.<br \/> Ako sa \u013eudia spr\u00e1vaj\u00fa?<\/p>\n<p>\u013dudia sa m\u00f4\u017eu spr\u00e1va\u0165 sp\u00f4sobom, ktor\u00fd neo\u010dak\u00e1vaj\u00fa, ke\u010f s\u00fa vysoko na DMT, rovnako ako pri akejko\u013evek halucinog\u00e9nnej droge.<\/p>\n<p> p&gt; <\/p>\n<p>Nieko\u013eko pou\u017e\u00edvate\u013eov hovor\u00ed, \u017ee sa c\u00edtia, akoby prech\u00e1dzali z\u00e1\u017eitkom na prahu smrti, a v d\u00f4sledku toho sa ve\u013emi st\u00ed\u0161ia a pozeraj\u00fa sa dovn\u00fatra.<\/p>\n<p>Niektor\u00ed \u013eudia tvrdia, \u017ee m\u00f4\u017eu. neh\u00fdbte sa, k\u00fdm s\u00fa na DMT.<\/p>\n<p>Kedy na v\u00e1s DMT za\u010dne ma\u0165 vplyv?<\/p>\n<p>V\u0161etko z\u00e1vis\u00ed od toho, ko\u013eko ste si zobrali, ak\u00fd ve\u013ek\u00fd ste , \u010di ste jedli a ak\u00e9 \u010fal\u0161ie drogy ste u\u017eili.<\/p>\n<p>Toto slovo je zn\u00e1me aj ako &#8220;k\u0441k.&#8221;<\/p>\n<p>Ke\u010f faj\u010d\u00edte, DMT sa objav\u00ed ve\u013emi r\u00fdchlo. \u00da\u010dinok m\u00f4\u017ee trva\u0165 dlho, k\u00fdm sa prejav\u00ed, ke\u010f je s\u00fa\u010das\u0165ou obradu ayahuascy.<\/p>\n<p>Ako dlho to trvalo?<\/p>\n<p>Ke\u010f idete na DMT, m\u00f4\u017eete by\u0165 ve\u013emi vzru\u0161en\u00ed v\u00fdlet, ale tie\u017e trvaj\u00fa ve\u013emi r\u00fdchlo, niekedy len min\u00faty. Ako s\u00fa\u010das\u0165 ayahuascov\u00e9ho obradu m\u00f4\u017ee cesta DMT trva\u0165 nieko\u013eko hod\u00edn, ale m\u00f4\u017ee by\u0165 aj ve\u013emi kr\u00e1tka.<\/p>\n<p>Z t\u00fdchto d\u00f4vodov bola DMT zn\u00e1ma ako \u201ebun\u0435s trip\u201c v 60. rokoch minul\u00e9ho storo\u010dia. Spojen\u00e9 \u0161t\u00e1ty. Pou\u017e\u00edvate\u013e mohol z\u00edska\u0165 pln\u00fa h\u013abku a rozsah sk\u00fasenost\u00ed s touto drogou, ktor\u00e1 bola r\u00fdchlej\u0161ia ako s in\u00fdmi drogami, ako je LSD alebo magick\u00e9 huby.<\/p>\n<p>\u010co m\u00e1 DMT?<br \/> Takto funguje fyzick\u00e9 zdravie funguje:<\/p>\n<p>Ve\u013ea \u013eud\u00ed v Ju\u017enej Amerike pije alebo jed\u00e1va n\u00e1poje alebo jedlo, ktor\u00e9 m\u00e1 v sebe DMT ako s\u00fa\u010das\u0165 ich sp\u00f4sobu \u017eivota. Najzn\u00e1mej\u0161\u00edm pr\u00edkladom s\u00fa obrady ayahuascy.<\/p>\n<p>Niektor\u00ed \u013eudia si myslia, \u017ee DMT je duchovn\u00e1 droga, ktor\u00e1 je tie\u017e bezpe\u010dn\u00e1, no st\u00e1le je to chemick\u00fd halucinog\u00e9n.<\/p>\n<p>M\u00f4\u017ee:<\/p>\n<p> p&gt; <\/p>\n<p>Je \u010das skontrolova\u0165 si krvn\u00fd tlak.<br \/> ak m\u00e1te u\u017e existuj\u00facu srdcov\u00fa chorobu, zv\u00fd\u0161enie srdcovej frekvencie v\u00e1m m\u00f4\u017ee sp\u00f4sobi\u0165 nevo\u013enos\u0165 a budete chcie\u0165 od\u00eds\u0165. Je to preto, \u017ee va\u0161e telo dost\u00e1va ve\u013ea jedu.<\/p>\n<p>Ak u\u017e\u00edvate DMT, m\u00f4\u017ee to ma\u0165 ve\u013ea r\u00f4znych a niekedy ve\u013emi desiv\u00fdch \u00fa\u010dinkov. Tieto \u00fa\u010dinky mo\u017eno ani \u010dloveku nepr\u00edde do hlavy.<\/p>\n<p>Ak pr\u00edde osoba, m\u00f4\u017ee to by\u0165 ve\u013emi m\u00e4t\u00face a desiv\u00e9.<\/p>\n<p>M\u00f4\u017ee v\u00e1m to pom\u00f4c\u0165: ak u\u017eijete drogu ako DMT .<\/p>\n<p>Sp\u00e4tn\u00e9 spomienky nastan\u00fa, ke\u010f si \u010das\u0165 cesty pre\u017eijete po tej p\u00f4vodnej.<br \/> Pozorne sledujte niekoho, kto mal v minulosti probl\u00e9my s du\u0161evn\u00fdm zdrav\u00edm. Mohlo by to sp\u00f4sobi\u0165 probl\u00e9my niekomu, kto nevedel, \u017ee im hrozia probl\u00e9my s du\u0161evn\u00fdm zdrav\u00edm.<br \/> Ak sa cesta nepodar\u00ed, pou\u017e\u00edvate\u013e si m\u00f4\u017ee ubl\u00ed\u017ei\u0165. Tak\u017ee, ak m\u00e1te zl\u00fa alebo \u00fazkostn\u00fa n\u00e1ladu, mo\u017eno nebudete chcie\u0165 u\u017e\u00edva\u0165 DMT.<br \/> M\u00f4\u017ee to vies\u0165 k nepr\u00edjemn\u00fdm a emocion\u00e1lnym \u00fa\u010dinkom, ktor\u00e9 m\u00f4\u017eu trva\u0165 nieko\u013eko dn\u00ed po u\u017eit\u00ed lieku. Tieto \u00fa\u010dinky m\u00f4\u017eu by\u0165 nepr\u00edjemn\u00e9 alebo emocion\u00e1lne.<\/p>\n<div class=\"product-next-previous\">\n<div class=\"product-prev\"><\/div><\/div>\n","protected":false},"excerpt":{"rendered":"<p>K\u00fapi\u0165 dimetyltryptam\u00edn DMT na predaj v UK, Europe, AU. pon\u00fakame najspo\u013eahlivej\u0161ie transakcie a pred\u00e1vame za ve\u013emi prijate\u013en\u00e9 ceny. Objednajte si DMT teraz za najlep\u0161ie ceny. N\u00e1\u0161 dimetyltryptam\u00edn je jedn\u00fdm z najlep\u0161\u00edch od najspo\u013eahlivej\u0161ieho dod\u00e1vate\u013ea, kontaktujte n\u00e1s a objednajte si svoj \u010dist\u00fd kvalitn\u00fd dimetyltryptam\u00edn DMT na predaj<\/p>\n<p><em>Dmt<\/em>\u00a0je siln\u00e1 halucinog\u00e9nna droga nach\u00e1dzaj\u00faca sa v nieko\u013ek\u00fdch rastlin\u00e1ch, ktor\u00e9 m\u00f4\u017eu faj\u010di\u0165, \u0161nupa\u0165 alebo mie\u0161a\u0165 s ayahuascou. Objednajte si\u00a0<em>DMT<\/em>\u00a0online.<\/p>\n","protected":false},"featured_media":5713,"comment_status":"open","ping_status":"closed","template":"","meta":[],"product_brand":[],"product_cat":[703,2014],"product_tag":[3616,3617,3618,3622,3623,3643,3626,3627,3628,3629,3624,3625,3631,3634,3635,3637,3636,3638,3619,3633,3620,3621,3615,3630,3640,3641,3295,3639,3642,3632],"class_list":{"0":"post-5703","1":"product","2":"type-product","3":"status-publish","4":"has-post-thumbnail","6":"product_cat-kpi-psychedelick-drogy","7":"product_cat-k-c3-bapi-c5-a5-v-c3-bdskumn-c3-a9-chemik-c3-a1lie","8":"product_tag-buy-dimethyltryptamine","9":"product_tag-buy-dmt","10":"product_tag-buy-pure-dmt","11":"product_tag-bu-hl-drug-nln","12":"product_tag-cheap-psycheclic-drug","13":"product_tag-o-je-dmt-prok","14":"product_tag-dimetyltryptamn-dvkovanie-pre-tehotn-eny","15":"product_tag-dimethyltryptamine-effect","16":"product_tag-dimethyltryptamine-for-sale","17":"product_tag-dimethyltryptamine-order","18":"product_tag-dimetyltryptam-c3-adn","19":"product_tag-dimetyltryptamn-kpi","20":"product_tag-dimetyltryptamn-reddit","21":"product_tag-dmt-effect","22":"product_tag-dmt-na-predaj","23":"product_tag-dmt-recenzia","24":"product_tag-dmt-reddit","25":"product_tag-dmt-sale","26":"product_tag-toto-je--dmt","27":"product_tag-dmt-kpi","28":"product_tag-toto-psycheklic-drogae","29":"product_tag-bu-pur-dmthltrtmn-dmt-onl-d1n","30":"product_tag-najlepie-c5-a1ie-miesto-na-n-c3-a1kup-dimethyltryptam-c3-adnu","31":"product_tag-dimetyltryptam-c3-adn-n-c3-a1kup","32":"product_tag-poriadku-dimetyltryptamn","33":"product_tag-objednvka-dmt","34":"product_tag-dmt-objednvka","35":"product_tag-dmt-predaj","36":"product_tag-ist-dmt-na-predaj","37":"product_tag-dimetyltryptamn-recenzia","39":"first","40":"instock","41":"shipping-taxable","42":"purchasable","43":"product-type-variable","44":"has-default-attributes"},"yoast_head":"<!-- This site is optimized with the Yoast SEO plugin v27.3 - https:\/\/yoast.com\/product\/yoast-seo-wordpress\/ -->\n<title>K\u00fapi\u0165 dimetyltryptam\u00edn DMT - DMT na predaj - najlep\u0161ie glob\u00e1lne lieky<\/title>\n<meta name=\"description\" content=\"K\u00fapi\u0165 Dimetyltryptam\u00edn DMT na predaj v Spojenom kr\u00e1\u013eovstve, Eur\u00f3pe, AU. pon\u00fakame najspo\u013eahlivej\u0161ie transakcie a pred\u00e1vame za ve\u013emi prijate\u013en\u00e9 ceny. Objednajte si DMT teraz za najlep\u0161ie ceny\" \/>\n<meta name=\"robots\" content=\"index, follow, max-snippet:-1, max-image-preview:large, max-video-preview:-1\" \/>\n<link rel=\"canonical\" href=\"https:\/\/medicinasinc.com\/sk\/product\/kupit-dimetyltryptamin-dmt\/\" \/>\n<meta property=\"og:locale\" content=\"en_US\" \/>\n<meta property=\"og:type\" content=\"article\" \/>\n<meta property=\"og:title\" content=\"K\u00fapi\u0165 dimetyltryptam\u00edn DMT - DMT na predaj - najlep\u0161ie glob\u00e1lne lieky\" \/>\n<meta property=\"og:description\" content=\"K\u00fapi\u0165 Dimetyltryptam\u00edn DMT na predaj v Spojenom kr\u00e1\u013eovstve, Eur\u00f3pe, AU. pon\u00fakame najspo\u013eahlivej\u0161ie transakcie a pred\u00e1vame za ve\u013emi prijate\u013en\u00e9 ceny. Objednajte si DMT teraz za najlep\u0161ie ceny\" \/>\n<meta property=\"og:url\" content=\"https:\/\/medicinasinc.com\/sk\/product\/kupit-dimetyltryptamin-dmt\/\" \/>\n<meta property=\"og:site_name\" content=\"Medicinas Inc\" \/>\n<meta property=\"article:modified_time\" content=\"2022-03-22T00:51:23+00:00\" \/>\n<meta property=\"og:image\" content=\"https:\/\/medicinasinc.com\/sk\/wp-content\/uploads\/sites\/10\/2022\/02\/DMT-for-Sale.jpg\" \/>\n\t<meta property=\"og:image:width\" content=\"500\" \/>\n\t<meta property=\"og:image:height\" content=\"500\" \/>\n\t<meta property=\"og:image:type\" content=\"image\/jpeg\" \/>\n<meta name=\"twitter:card\" content=\"summary_large_image\" \/>\n<meta name=\"twitter:label1\" content=\"Est. reading time\" \/>\n\t<meta name=\"twitter:data1\" content=\"6 minutes\" \/>\n<script type=\"application\/ld+json\" class=\"yoast-schema-graph\">{\"@context\":\"https:\\\/\\\/schema.org\",\"@graph\":[{\"@type\":\"WebPage\",\"@id\":\"https:\\\/\\\/medicinasinc.com\\\/sk\\\/product\\\/kupit-dimetyltryptamin-dmt\\\/\",\"url\":\"https:\\\/\\\/medicinasinc.com\\\/sk\\\/product\\\/kupit-dimetyltryptamin-dmt\\\/\",\"name\":\"K\u00fapi\u0165 dimetyltryptam\u00edn DMT - DMT na predaj - najlep\u0161ie glob\u00e1lne lieky\",\"isPartOf\":{\"@id\":\"https:\\\/\\\/medicinasinc.com\\\/sk\\\/#website\"},\"primaryImageOfPage\":{\"@id\":\"https:\\\/\\\/medicinasinc.com\\\/sk\\\/product\\\/kupit-dimetyltryptamin-dmt\\\/#primaryimage\"},\"image\":{\"@id\":\"https:\\\/\\\/medicinasinc.com\\\/sk\\\/product\\\/kupit-dimetyltryptamin-dmt\\\/#primaryimage\"},\"thumbnailUrl\":\"https:\\\/\\\/medicinasinc.com\\\/sk\\\/wp-content\\\/uploads\\\/sites\\\/10\\\/2022\\\/02\\\/DMT-for-Sale.jpg\",\"datePublished\":\"2022-02-22T04:29:46+00:00\",\"dateModified\":\"2022-03-22T00:51:23+00:00\",\"description\":\"K\u00fapi\u0165 Dimetyltryptam\u00edn DMT na predaj v Spojenom kr\u00e1\u013eovstve, Eur\u00f3pe, AU. pon\u00fakame najspo\u013eahlivej\u0161ie transakcie a pred\u00e1vame za ve\u013emi prijate\u013en\u00e9 ceny. Objednajte si DMT teraz za najlep\u0161ie ceny\",\"breadcrumb\":{\"@id\":\"https:\\\/\\\/medicinasinc.com\\\/sk\\\/product\\\/kupit-dimetyltryptamin-dmt\\\/#breadcrumb\"},\"inLanguage\":\"en-US\",\"potentialAction\":[{\"@type\":\"ReadAction\",\"target\":[\"https:\\\/\\\/medicinasinc.com\\\/sk\\\/product\\\/kupit-dimetyltryptamin-dmt\\\/\"]}]},{\"@type\":\"ImageObject\",\"inLanguage\":\"en-US\",\"@id\":\"https:\\\/\\\/medicinasinc.com\\\/sk\\\/product\\\/kupit-dimetyltryptamin-dmt\\\/#primaryimage\",\"url\":\"https:\\\/\\\/medicinasinc.com\\\/sk\\\/wp-content\\\/uploads\\\/sites\\\/10\\\/2022\\\/02\\\/DMT-for-Sale.jpg\",\"contentUrl\":\"https:\\\/\\\/medicinasinc.com\\\/sk\\\/wp-content\\\/uploads\\\/sites\\\/10\\\/2022\\\/02\\\/DMT-for-Sale.jpg\",\"width\":500,\"height\":500},{\"@type\":\"BreadcrumbList\",\"@id\":\"https:\\\/\\\/medicinasinc.com\\\/sk\\\/product\\\/kupit-dimetyltryptamin-dmt\\\/#breadcrumb\",\"itemListElement\":[{\"@type\":\"ListItem\",\"position\":1,\"name\":\"Obchod\",\"item\":\"https:\\\/\\\/medicinasinc.com\\\/sk\\\/obchod\\\/\"},{\"@type\":\"ListItem\",\"position\":2,\"name\":\"K\u00fapi\u0165 Dimetyltryptam\u00edn DMT\"}]},{\"@type\":\"WebSite\",\"@id\":\"https:\\\/\\\/medicinasinc.com\\\/sk\\\/#website\",\"url\":\"https:\\\/\\\/medicinasinc.com\\\/sk\\\/\",\"name\":\"Medicinas Inc\",\"description\":\"Health Medical Clinic\",\"potentialAction\":[{\"@type\":\"SearchAction\",\"target\":{\"@type\":\"EntryPoint\",\"urlTemplate\":\"https:\\\/\\\/medicinasinc.com\\\/sk\\\/?s={search_term_string}\"},\"query-input\":{\"@type\":\"PropertyValueSpecification\",\"valueRequired\":true,\"valueName\":\"search_term_string\"}}],\"inLanguage\":\"en-US\"}]}<\/script>\n<!-- \/ Yoast SEO plugin. -->","yoast_head_json":{"title":"K\u00fapi\u0165 dimetyltryptam\u00edn DMT - DMT na predaj - najlep\u0161ie glob\u00e1lne lieky","description":"K\u00fapi\u0165 Dimetyltryptam\u00edn DMT na predaj v Spojenom kr\u00e1\u013eovstve, Eur\u00f3pe, AU. pon\u00fakame najspo\u013eahlivej\u0161ie transakcie a pred\u00e1vame za ve\u013emi prijate\u013en\u00e9 ceny. Objednajte si DMT teraz za najlep\u0161ie ceny","robots":{"index":"index","follow":"follow","max-snippet":"max-snippet:-1","max-image-preview":"max-image-preview:large","max-video-preview":"max-video-preview:-1"},"canonical":"https:\/\/medicinasinc.com\/sk\/product\/kupit-dimetyltryptamin-dmt\/","og_locale":"en_US","og_type":"article","og_title":"K\u00fapi\u0165 dimetyltryptam\u00edn DMT - DMT na predaj - najlep\u0161ie glob\u00e1lne lieky","og_description":"K\u00fapi\u0165 Dimetyltryptam\u00edn DMT na predaj v Spojenom kr\u00e1\u013eovstve, Eur\u00f3pe, AU. pon\u00fakame najspo\u013eahlivej\u0161ie transakcie a pred\u00e1vame za ve\u013emi prijate\u013en\u00e9 ceny. Objednajte si DMT teraz za najlep\u0161ie ceny","og_url":"https:\/\/medicinasinc.com\/sk\/product\/kupit-dimetyltryptamin-dmt\/","og_site_name":"Medicinas Inc","article_modified_time":"2022-03-22T00:51:23+00:00","og_image":[{"width":500,"height":500,"url":"https:\/\/medicinasinc.com\/sk\/wp-content\/uploads\/sites\/10\/2022\/02\/DMT-for-Sale.jpg","type":"image\/jpeg"}],"twitter_card":"summary_large_image","twitter_misc":{"Est. reading time":"6 minutes"},"schema":{"@context":"https:\/\/schema.org","@graph":[{"@type":"WebPage","@id":"https:\/\/medicinasinc.com\/sk\/product\/kupit-dimetyltryptamin-dmt\/","url":"https:\/\/medicinasinc.com\/sk\/product\/kupit-dimetyltryptamin-dmt\/","name":"K\u00fapi\u0165 dimetyltryptam\u00edn DMT - DMT na predaj - najlep\u0161ie glob\u00e1lne lieky","isPartOf":{"@id":"https:\/\/medicinasinc.com\/sk\/#website"},"primaryImageOfPage":{"@id":"https:\/\/medicinasinc.com\/sk\/product\/kupit-dimetyltryptamin-dmt\/#primaryimage"},"image":{"@id":"https:\/\/medicinasinc.com\/sk\/product\/kupit-dimetyltryptamin-dmt\/#primaryimage"},"thumbnailUrl":"https:\/\/medicinasinc.com\/sk\/wp-content\/uploads\/sites\/10\/2022\/02\/DMT-for-Sale.jpg","datePublished":"2022-02-22T04:29:46+00:00","dateModified":"2022-03-22T00:51:23+00:00","description":"K\u00fapi\u0165 Dimetyltryptam\u00edn DMT na predaj v Spojenom kr\u00e1\u013eovstve, Eur\u00f3pe, AU. pon\u00fakame najspo\u013eahlivej\u0161ie transakcie a pred\u00e1vame za ve\u013emi prijate\u013en\u00e9 ceny. Objednajte si DMT teraz za najlep\u0161ie ceny","breadcrumb":{"@id":"https:\/\/medicinasinc.com\/sk\/product\/kupit-dimetyltryptamin-dmt\/#breadcrumb"},"inLanguage":"en-US","potentialAction":[{"@type":"ReadAction","target":["https:\/\/medicinasinc.com\/sk\/product\/kupit-dimetyltryptamin-dmt\/"]}]},{"@type":"ImageObject","inLanguage":"en-US","@id":"https:\/\/medicinasinc.com\/sk\/product\/kupit-dimetyltryptamin-dmt\/#primaryimage","url":"https:\/\/medicinasinc.com\/sk\/wp-content\/uploads\/sites\/10\/2022\/02\/DMT-for-Sale.jpg","contentUrl":"https:\/\/medicinasinc.com\/sk\/wp-content\/uploads\/sites\/10\/2022\/02\/DMT-for-Sale.jpg","width":500,"height":500},{"@type":"BreadcrumbList","@id":"https:\/\/medicinasinc.com\/sk\/product\/kupit-dimetyltryptamin-dmt\/#breadcrumb","itemListElement":[{"@type":"ListItem","position":1,"name":"Obchod","item":"https:\/\/medicinasinc.com\/sk\/obchod\/"},{"@type":"ListItem","position":2,"name":"K\u00fapi\u0165 Dimetyltryptam\u00edn DMT"}]},{"@type":"WebSite","@id":"https:\/\/medicinasinc.com\/sk\/#website","url":"https:\/\/medicinasinc.com\/sk\/","name":"Medicinas Inc","description":"Health Medical Clinic","potentialAction":[{"@type":"SearchAction","target":{"@type":"EntryPoint","urlTemplate":"https:\/\/medicinasinc.com\/sk\/?s={search_term_string}"},"query-input":{"@type":"PropertyValueSpecification","valueRequired":true,"valueName":"search_term_string"}}],"inLanguage":"en-US"}]}},"_links":{"self":[{"href":"https:\/\/medicinasinc.com\/sk\/wp-json\/wp\/v2\/product\/5703","targetHints":{"allow":["GET"]}}],"collection":[{"href":"https:\/\/medicinasinc.com\/sk\/wp-json\/wp\/v2\/product"}],"about":[{"href":"https:\/\/medicinasinc.com\/sk\/wp-json\/wp\/v2\/types\/product"}],"replies":[{"embeddable":true,"href":"https:\/\/medicinasinc.com\/sk\/wp-json\/wp\/v2\/comments?post=5703"}],"wp:featuredmedia":[{"embeddable":true,"href":"https:\/\/medicinasinc.com\/sk\/wp-json\/wp\/v2\/media\/5713"}],"wp:attachment":[{"href":"https:\/\/medicinasinc.com\/sk\/wp-json\/wp\/v2\/media?parent=5703"}],"wp:term":[{"taxonomy":"product_brand","embeddable":true,"href":"https:\/\/medicinasinc.com\/sk\/wp-json\/wp\/v2\/product_brand?post=5703"},{"taxonomy":"product_cat","embeddable":true,"href":"https:\/\/medicinasinc.com\/sk\/wp-json\/wp\/v2\/product_cat?post=5703"},{"taxonomy":"product_tag","embeddable":true,"href":"https:\/\/medicinasinc.com\/sk\/wp-json\/wp\/v2\/product_tag?post=5703"}],"curies":[{"name":"wp","href":"https:\/\/api.w.org\/{rel}","templated":true}]}}