{"id":5696,"date":"2022-02-22T04:23:00","date_gmt":"2022-02-22T04:23:00","guid":{"rendered":"https:\/\/medicinasinc.com\/sk\/?post_type=product&#038;p=5696"},"modified":"2022-03-22T00:51:36","modified_gmt":"2022-03-22T00:51:36","slug":"kupit-efenidin-prasok","status":"publish","type":"product","link":"https:\/\/medicinasinc.com\/sk\/product\/kupit-efenidin-prasok\/","title":{"rendered":"K\u00fapte si efenid\u00ednov\u00fd pr\u00e1\u0161ok"},"content":{"rendered":"<p>Efenid\u00ednov\u00fd pr\u00e1\u0161ok: K\u00fapte si efenid\u00edn vo Ve\u013ekej Brit\u00e1nii, Eur\u00f3pe, \u00c1zii, USA, Austr\u00e1lii, \u010c\u00edne a zvy\u0161ku sveta od pr\u00e1\u0161ku efenid\u00ednu.<\/p>\n<p>Eur\u00f3psky efenid\u00edn na predaj, dod\u00e1vate\u013e efenid\u00ednu, pre z\u013eava. Ve\u013ekoobchodn\u00edci s efenid\u00ednom ho m\u00f4\u017eu posiela\u0165 do Eur\u00f3py.<\/p>\n<p>Efenid\u00edn, ktor\u00fd je tie\u017e zn\u00e1my ako NEDPA a EPE, je disociat\u00edvne anestetikum, ktor\u00e9 je s\u00fa\u010das\u0165ou triedy diaryletylam\u00ednov. Fyzicky je efenid\u00edn podobn\u00fd diaryletylam\u00ednom, ako je difenid\u00edn a metoxfenid\u00edn, ktor\u00e9 sa tie\u017e naz\u00fdvaj\u00fa efenid\u00edn. Sed\u00e1cia, halucin\u00e1cie, anest\u00e9zia a stavy mimo tela, naz\u00fdvan\u00e9 \u201edisocia\u010dn\u00e1 anest\u00e9zia\u201c, s\u00fa niektor\u00e9 z ved\u013eaj\u0161\u00edch \u00fa\u010dinkov.<\/p>\n<p>Podrobn\u00e9 inform\u00e1cie o tejto polo\u017eke:<\/p>\n<p>Holand\u010dina, Litva a American<br \/> Jeho n\u00e1zov je Ephenidine Powder.<br \/> EPE je n\u00e1zov IUPAC pre N-etyl-1,2-difenyletylam\u00edn.<br \/> \u010c\u00edslo CAS: 60951-19-1<br \/> C16H19N je MF.<br \/> Viac ako 99,5 percenta<br \/> Takto to vyzer\u00e1:<br \/> Ta\u0161ka z hlin\u00edkovej f\u00f3lie alebo plastov\u00e1 ta\u0161ka: Ako zabali\u0165:<\/p>\n<p>Platobn\u00e9 podmienky:<\/p>\n<p>Minim\u00e1lna suma objedn\u00e1vky: Op\u00fdtajte sa na platobn\u00e9 podmienky: Bitcoin, Money Gram, Bank Wire at\u010f.<\/p>\n<p>Pravidl\u00e1 doru\u010denia a dopravy:<\/p>\n<p>1. Tovar odo\u0161leme do 1 d\u0148a po zaplaten\u00ed.<br \/> 2: Tovar odo\u0161leme prostredn\u00edctvom UPS, DHL, TNT alebo FEDEX. Vyberieme najlep\u0161ieho kuri\u00e9ra pre ka\u017ed\u00fa krajinu a n\u00e1jdeme najbezpe\u010dnej\u0161\u00ed sp\u00f4sob, ako dosta\u0165 tovar k v\u00e1m.<br \/> Doru\u010denie po\u0161ty z EMS trv\u00e1 pribli\u017ene tri a\u017e p\u00e4\u0165 dn\u00ed. DHL, UPS a FedEx trvaj\u00fa 4 a\u017e 5 dn\u00ed.<br \/> 4. Cl\u00e1 v krajin\u00e1ch ako Rusko, Austr\u00e1lia a Kanada s\u00fa ve\u013emi pr\u00edsne, ale m\u00f4\u017eeme sa uisti\u0165, \u017ee doru\u010d\u00edme 100 % \u010dasu.<br \/> 5. Tovar by ste mali dosta\u0165 spravidla do 4-5 dn\u00ed. Ak sa tovar stratil alebo nedorazil z in\u00fdch d\u00f4vodov, po\u0161leme ho znova.<\/p>\n<p>Cena: Sp\u00fdtajte sa.<\/p>\n<p>Pozn\u00e1mka:<\/p>\n<p> M\u00e1me ve\u013ea st\u00e1lych z\u00e1kazn\u00edkov po celom svete a d\u00fafame, \u017ee s vami budeme dlho spolupracova\u0165. Pre viac inform\u00e1ci\u00ed n\u00e1s pros\u00edm nev\u00e1hajte kontaktova\u0165. Urob\u00edme v\u0161etko pre to, aby sme vyhoveli va\u0161im potreb\u00e1m. \u010eakujem!<\/p>\n","protected":false},"excerpt":{"rendered":"<div class=\"woocommerce-product-details__short-description\">\n<p>Bestglobalmeds.com pon\u00faka vysoko \u010dist\u00fd efenid\u00ednov\u00fd pr\u00e1\u0161ok na predaj vo Ve\u013ekej Brit\u00e1nii, Eur\u00f3pe a Austr\u00e1lii a m\u00f4\u017eeme v\u00e1m ho posla\u0165 kamko\u013evek na svete. Tu si m\u00f4\u017eete k\u00fapi\u0165 najlep\u0161\u00ed efenid\u00ednov\u00fd pr\u00e1\u0161ok na objedn\u00e1vku.<\/p>\n<p>Nakupujte efenid\u00ednov\u00fd pr\u00e1\u0161ok online a z\u00edskajte ho za dobr\u00fa cenu. Liek naz\u00fdvan\u00fd efedr\u00edn je disociat\u00edvne anestetikum. Blokuje tie\u017e NMDA receptor, \u010do zni\u017euje pravdepodobnos\u0165, \u017ee liek bude \u00fa\u010dinkova\u0165.<\/p>\n<p>Nakupujte \u010dist\u00fd, vysokokvalitn\u00fd efenid\u00ednov\u00fd pr\u00e1\u0161ok online za bitcoiny \u2013 m\u00f4\u017eete to urobi\u0165.<\/p>\n<p>Nakupova\u0165 pre leg\u00e1lne drogy online si k\u00fapte chemik\u00e1lie na v\u00fdskum, surov\u00e9 farmaceutick\u00e9 pr\u00e1\u0161ky a \u010fal\u0161ie v obchode.<\/p>\n<p>Efenid\u00ednov\u00fd pr\u00e1\u0161ok, farmaceutick\u00e9 medziprodukty a surov\u00e9 pr\u00e1\u0161ky pred\u00e1va t\u00e1to spolo\u010dnos\u0165.<\/p>\n<p>Existuje Efenid\u00ednov\u00e9 pilulky na predaj. \u010c\u00edna\u00a0dod\u00e1vate\u013e efenid\u00ednu. Ve\u013ekoobchodn\u00fd\u00a0v\u00fdvozca\u00a0efenid\u00ednu<\/p>\n<p><em>Nakupujte teraz ve\u013ekoobchodn\u00fd efenid\u00ednov\u00fd pr\u00e1\u0161ok<\/em> online vo ve\u013ekom. Efenid\u00edn je disociat\u00edvne anestetikum a p\u00f4sob\u00ed ako antagonista NMDA.<\/p>\n<p>&nbsp;<\/p>\n<\/p><\/div>\n","protected":false},"featured_media":5707,"comment_status":"open","ping_status":"closed","template":"","meta":[],"product_brand":[],"product_cat":[2014],"product_tag":[3591,3613,3614,3595,3596,3597,3607,3599,3604,3606,3601,3602,3603,3608,3600,3593,3592,3594,3609,3610,3611,3612,3605,3598],"class_list":{"0":"post-5696","1":"product","2":"type-product","3":"status-publish","4":"has-post-thumbnail","6":"product_cat-k-c3-bapi-c5-a5-v-c3-bdskumn-c3-a9-chemik-c3-a1lie","7":"product_tag-anestetikum","8":"product_tag-ist-efenidnov-prok","9":"product_tag-o-je-efenidn-prok","10":"product_tag-diaryletylamn","11":"product_tag-disociatvne","12":"product_tag-disociatvne-anestetikum","13":"product_tag-efenidn-prok-dodvate","14":"product_tag-efenidn","15":"product_tag-efenidn-prok-na-predaj","16":"product_tag-efenidn-prok-reddit","17":"product_tag-ephenidine-powder-buy","18":"product_tag-ephenidine-powder-china","19":"product_tag-ephenidine-powder-effect","20":"product_tag-ephenidine-powder-wholesale","21":"product_tag-efenidn-prok-hromadn","22":"product_tag-buy-ephenidine-powder-europe","23":"product_tag-kpi-efenidn-prok","24":"product_tag-kpi-efenidn-prok-online","25":"product_tag-mdma-prok-nkup","26":"product_tag-nedpa","27":"product_tag-objednvka-efenidn-prok","28":"product_tag-objedna-efenidn-prok-online","29":"product_tag-efenidn-prok-order","30":"product_tag-termnn","32":"first","33":"instock","34":"featured","35":"shipping-taxable","36":"purchasable","37":"product-type-variable","38":"has-default-attributes"},"yoast_head":"<!-- This site is optimized with the Yoast SEO plugin v27.2 - https:\/\/yoast.com\/product\/yoast-seo-wordpress\/ -->\n<title>K\u00fapte si efenid\u00ednov\u00fd pr\u00e1\u0161ok \u2013 efenid\u00ednov\u00fd pr\u00e1\u0161ok online \u2013 najlep\u0161ie glob\u00e1lne lieky<\/title>\n<meta name=\"description\" content=\"K\u00fapte si pr\u00e1\u0161ok efenid\u00ednu vysokej \u010distoty na predaj vo Ve\u013ekej Brit\u00e1nii, Eur\u00f3pe, Austr\u00e1lii v na\u0161om internetovom obchode Bestglobalmeds.com s r\u00fdchlym celosvetov\u00fdm doru\u010den\u00edm! Najlep\u0161\u00ed efenid\u00ednov\u00fd pr\u00e1\u0161ok na objedn\u00e1vku n\u00e1jdete tu!\" \/>\n<meta name=\"robots\" content=\"index, follow, max-snippet:-1, max-image-preview:large, max-video-preview:-1\" \/>\n<link rel=\"canonical\" href=\"https:\/\/medicinasinc.com\/sk\/product\/kupit-efenidin-prasok\/\" \/>\n<meta property=\"og:locale\" content=\"en_US\" \/>\n<meta property=\"og:type\" content=\"article\" \/>\n<meta property=\"og:title\" content=\"K\u00fapte si efenid\u00ednov\u00fd pr\u00e1\u0161ok \u2013 efenid\u00ednov\u00fd pr\u00e1\u0161ok online \u2013 najlep\u0161ie glob\u00e1lne lieky\" \/>\n<meta property=\"og:description\" content=\"K\u00fapte si pr\u00e1\u0161ok efenid\u00ednu vysokej \u010distoty na predaj vo Ve\u013ekej Brit\u00e1nii, Eur\u00f3pe, Austr\u00e1lii v na\u0161om internetovom obchode Bestglobalmeds.com s r\u00fdchlym celosvetov\u00fdm doru\u010den\u00edm! Najlep\u0161\u00ed efenid\u00ednov\u00fd pr\u00e1\u0161ok na objedn\u00e1vku n\u00e1jdete tu!\" \/>\n<meta property=\"og:url\" content=\"https:\/\/medicinasinc.com\/sk\/product\/kupit-efenidin-prasok\/\" \/>\n<meta property=\"og:site_name\" content=\"Medicinas Inc\" \/>\n<meta property=\"article:modified_time\" content=\"2022-03-22T00:51:36+00:00\" \/>\n<meta property=\"og:image\" content=\"https:\/\/medicinasinc.com\/sk\/wp-content\/uploads\/sites\/10\/2022\/02\/Buy-Ephenidine-Powder-1.jpg\" \/>\n\t<meta property=\"og:image:width\" content=\"1080\" \/>\n\t<meta property=\"og:image:height\" content=\"1166\" \/>\n\t<meta property=\"og:image:type\" content=\"image\/jpeg\" \/>\n<meta name=\"twitter:card\" content=\"summary_large_image\" \/>\n<meta name=\"twitter:label1\" content=\"Est. reading time\" \/>\n\t<meta name=\"twitter:data1\" content=\"2 minutes\" \/>\n<script type=\"application\/ld+json\" class=\"yoast-schema-graph\">{\"@context\":\"https:\/\/schema.org\",\"@graph\":[{\"@type\":\"WebPage\",\"@id\":\"https:\/\/medicinasinc.com\/sk\/product\/kupit-efenidin-prasok\/\",\"url\":\"https:\/\/medicinasinc.com\/sk\/product\/kupit-efenidin-prasok\/\",\"name\":\"K\u00fapte si efenid\u00ednov\u00fd pr\u00e1\u0161ok \u2013 efenid\u00ednov\u00fd pr\u00e1\u0161ok online \u2013 najlep\u0161ie glob\u00e1lne lieky\",\"isPartOf\":{\"@id\":\"https:\/\/medicinasinc.com\/sk\/#website\"},\"primaryImageOfPage\":{\"@id\":\"https:\/\/medicinasinc.com\/sk\/product\/kupit-efenidin-prasok\/#primaryimage\"},\"image\":{\"@id\":\"https:\/\/medicinasinc.com\/sk\/product\/kupit-efenidin-prasok\/#primaryimage\"},\"thumbnailUrl\":\"https:\/\/medicinasinc.com\/sk\/wp-content\/uploads\/sites\/10\/2022\/02\/Buy-Ephenidine-Powder-1.jpg\",\"datePublished\":\"2022-02-22T04:23:00+00:00\",\"dateModified\":\"2022-03-22T00:51:36+00:00\",\"description\":\"K\u00fapte si pr\u00e1\u0161ok efenid\u00ednu vysokej \u010distoty na predaj vo Ve\u013ekej Brit\u00e1nii, Eur\u00f3pe, Austr\u00e1lii v na\u0161om internetovom obchode Bestglobalmeds.com s r\u00fdchlym celosvetov\u00fdm doru\u010den\u00edm! Najlep\u0161\u00ed efenid\u00ednov\u00fd pr\u00e1\u0161ok na objedn\u00e1vku n\u00e1jdete tu!\",\"breadcrumb\":{\"@id\":\"https:\/\/medicinasinc.com\/sk\/product\/kupit-efenidin-prasok\/#breadcrumb\"},\"inLanguage\":\"en-US\",\"potentialAction\":[{\"@type\":\"ReadAction\",\"target\":[\"https:\/\/medicinasinc.com\/sk\/product\/kupit-efenidin-prasok\/\"]}]},{\"@type\":\"ImageObject\",\"inLanguage\":\"en-US\",\"@id\":\"https:\/\/medicinasinc.com\/sk\/product\/kupit-efenidin-prasok\/#primaryimage\",\"url\":\"https:\/\/medicinasinc.com\/sk\/wp-content\/uploads\/sites\/10\/2022\/02\/Buy-Ephenidine-Powder-1.jpg\",\"contentUrl\":\"https:\/\/medicinasinc.com\/sk\/wp-content\/uploads\/sites\/10\/2022\/02\/Buy-Ephenidine-Powder-1.jpg\",\"width\":1080,\"height\":1166},{\"@type\":\"BreadcrumbList\",\"@id\":\"https:\/\/medicinasinc.com\/sk\/product\/kupit-efenidin-prasok\/#breadcrumb\",\"itemListElement\":[{\"@type\":\"ListItem\",\"position\":1,\"name\":\"Obchod\",\"item\":\"https:\/\/medicinasinc.com\/sk\/obchod\/\"},{\"@type\":\"ListItem\",\"position\":2,\"name\":\"K\u00fapte si efenid\u00ednov\u00fd pr\u00e1\u0161ok\"}]},{\"@type\":\"WebSite\",\"@id\":\"https:\/\/medicinasinc.com\/sk\/#website\",\"url\":\"https:\/\/medicinasinc.com\/sk\/\",\"name\":\"Medicinas Inc\",\"description\":\"Health Medical Clinic\",\"potentialAction\":[{\"@type\":\"SearchAction\",\"target\":{\"@type\":\"EntryPoint\",\"urlTemplate\":\"https:\/\/medicinasinc.com\/sk\/?s={search_term_string}\"},\"query-input\":{\"@type\":\"PropertyValueSpecification\",\"valueRequired\":true,\"valueName\":\"search_term_string\"}}],\"inLanguage\":\"en-US\"}]}<\/script>\n<!-- \/ Yoast SEO plugin. -->","yoast_head_json":{"title":"K\u00fapte si efenid\u00ednov\u00fd pr\u00e1\u0161ok \u2013 efenid\u00ednov\u00fd pr\u00e1\u0161ok online \u2013 najlep\u0161ie glob\u00e1lne lieky","description":"K\u00fapte si pr\u00e1\u0161ok efenid\u00ednu vysokej \u010distoty na predaj vo Ve\u013ekej Brit\u00e1nii, Eur\u00f3pe, Austr\u00e1lii v na\u0161om internetovom obchode Bestglobalmeds.com s r\u00fdchlym celosvetov\u00fdm doru\u010den\u00edm! Najlep\u0161\u00ed efenid\u00ednov\u00fd pr\u00e1\u0161ok na objedn\u00e1vku n\u00e1jdete tu!","robots":{"index":"index","follow":"follow","max-snippet":"max-snippet:-1","max-image-preview":"max-image-preview:large","max-video-preview":"max-video-preview:-1"},"canonical":"https:\/\/medicinasinc.com\/sk\/product\/kupit-efenidin-prasok\/","og_locale":"en_US","og_type":"article","og_title":"K\u00fapte si efenid\u00ednov\u00fd pr\u00e1\u0161ok \u2013 efenid\u00ednov\u00fd pr\u00e1\u0161ok online \u2013 najlep\u0161ie glob\u00e1lne lieky","og_description":"K\u00fapte si pr\u00e1\u0161ok efenid\u00ednu vysokej \u010distoty na predaj vo Ve\u013ekej Brit\u00e1nii, Eur\u00f3pe, Austr\u00e1lii v na\u0161om internetovom obchode Bestglobalmeds.com s r\u00fdchlym celosvetov\u00fdm doru\u010den\u00edm! Najlep\u0161\u00ed efenid\u00ednov\u00fd pr\u00e1\u0161ok na objedn\u00e1vku n\u00e1jdete tu!","og_url":"https:\/\/medicinasinc.com\/sk\/product\/kupit-efenidin-prasok\/","og_site_name":"Medicinas Inc","article_modified_time":"2022-03-22T00:51:36+00:00","og_image":[{"width":1080,"height":1166,"url":"https:\/\/medicinasinc.com\/sk\/wp-content\/uploads\/sites\/10\/2022\/02\/Buy-Ephenidine-Powder-1.jpg","type":"image\/jpeg"}],"twitter_card":"summary_large_image","twitter_misc":{"Est. reading time":"2 minutes"},"schema":{"@context":"https:\/\/schema.org","@graph":[{"@type":"WebPage","@id":"https:\/\/medicinasinc.com\/sk\/product\/kupit-efenidin-prasok\/","url":"https:\/\/medicinasinc.com\/sk\/product\/kupit-efenidin-prasok\/","name":"K\u00fapte si efenid\u00ednov\u00fd pr\u00e1\u0161ok \u2013 efenid\u00ednov\u00fd pr\u00e1\u0161ok online \u2013 najlep\u0161ie glob\u00e1lne lieky","isPartOf":{"@id":"https:\/\/medicinasinc.com\/sk\/#website"},"primaryImageOfPage":{"@id":"https:\/\/medicinasinc.com\/sk\/product\/kupit-efenidin-prasok\/#primaryimage"},"image":{"@id":"https:\/\/medicinasinc.com\/sk\/product\/kupit-efenidin-prasok\/#primaryimage"},"thumbnailUrl":"https:\/\/medicinasinc.com\/sk\/wp-content\/uploads\/sites\/10\/2022\/02\/Buy-Ephenidine-Powder-1.jpg","datePublished":"2022-02-22T04:23:00+00:00","dateModified":"2022-03-22T00:51:36+00:00","description":"K\u00fapte si pr\u00e1\u0161ok efenid\u00ednu vysokej \u010distoty na predaj vo Ve\u013ekej Brit\u00e1nii, Eur\u00f3pe, Austr\u00e1lii v na\u0161om internetovom obchode Bestglobalmeds.com s r\u00fdchlym celosvetov\u00fdm doru\u010den\u00edm! Najlep\u0161\u00ed efenid\u00ednov\u00fd pr\u00e1\u0161ok na objedn\u00e1vku n\u00e1jdete tu!","breadcrumb":{"@id":"https:\/\/medicinasinc.com\/sk\/product\/kupit-efenidin-prasok\/#breadcrumb"},"inLanguage":"en-US","potentialAction":[{"@type":"ReadAction","target":["https:\/\/medicinasinc.com\/sk\/product\/kupit-efenidin-prasok\/"]}]},{"@type":"ImageObject","inLanguage":"en-US","@id":"https:\/\/medicinasinc.com\/sk\/product\/kupit-efenidin-prasok\/#primaryimage","url":"https:\/\/medicinasinc.com\/sk\/wp-content\/uploads\/sites\/10\/2022\/02\/Buy-Ephenidine-Powder-1.jpg","contentUrl":"https:\/\/medicinasinc.com\/sk\/wp-content\/uploads\/sites\/10\/2022\/02\/Buy-Ephenidine-Powder-1.jpg","width":1080,"height":1166},{"@type":"BreadcrumbList","@id":"https:\/\/medicinasinc.com\/sk\/product\/kupit-efenidin-prasok\/#breadcrumb","itemListElement":[{"@type":"ListItem","position":1,"name":"Obchod","item":"https:\/\/medicinasinc.com\/sk\/obchod\/"},{"@type":"ListItem","position":2,"name":"K\u00fapte si efenid\u00ednov\u00fd pr\u00e1\u0161ok"}]},{"@type":"WebSite","@id":"https:\/\/medicinasinc.com\/sk\/#website","url":"https:\/\/medicinasinc.com\/sk\/","name":"Medicinas Inc","description":"Health Medical Clinic","potentialAction":[{"@type":"SearchAction","target":{"@type":"EntryPoint","urlTemplate":"https:\/\/medicinasinc.com\/sk\/?s={search_term_string}"},"query-input":{"@type":"PropertyValueSpecification","valueRequired":true,"valueName":"search_term_string"}}],"inLanguage":"en-US"}]}},"_links":{"self":[{"href":"https:\/\/medicinasinc.com\/sk\/wp-json\/wp\/v2\/product\/5696","targetHints":{"allow":["GET"]}}],"collection":[{"href":"https:\/\/medicinasinc.com\/sk\/wp-json\/wp\/v2\/product"}],"about":[{"href":"https:\/\/medicinasinc.com\/sk\/wp-json\/wp\/v2\/types\/product"}],"replies":[{"embeddable":true,"href":"https:\/\/medicinasinc.com\/sk\/wp-json\/wp\/v2\/comments?post=5696"}],"wp:featuredmedia":[{"embeddable":true,"href":"https:\/\/medicinasinc.com\/sk\/wp-json\/wp\/v2\/media\/5707"}],"wp:attachment":[{"href":"https:\/\/medicinasinc.com\/sk\/wp-json\/wp\/v2\/media?parent=5696"}],"wp:term":[{"taxonomy":"product_brand","embeddable":true,"href":"https:\/\/medicinasinc.com\/sk\/wp-json\/wp\/v2\/product_brand?post=5696"},{"taxonomy":"product_cat","embeddable":true,"href":"https:\/\/medicinasinc.com\/sk\/wp-json\/wp\/v2\/product_cat?post=5696"},{"taxonomy":"product_tag","embeddable":true,"href":"https:\/\/medicinasinc.com\/sk\/wp-json\/wp\/v2\/product_tag?post=5696"}],"curies":[{"name":"wp","href":"https:\/\/api.w.org\/{rel}","templated":true}]}}