{"id":5686,"date":"2022-02-22T04:12:43","date_gmt":"2022-02-22T04:12:43","guid":{"rendered":"https:\/\/medicinasinc.com\/sk\/?post_type=product&#038;p=5686"},"modified":"2022-03-22T00:51:45","modified_gmt":"2022-03-22T00:51:45","slug":"buy-ald-52-prasok","status":"publish","type":"product","link":"https:\/\/medicinasinc.com\/sk\/product\/buy-ald-52-prasok\/","title":{"rendered":"K\u00fapte si pr\u00e1\u0161ok ALD-52"},"content":{"rendered":"<p><a href=\"https:\/\/www.bestglobalmeds.com\/product\/research-chemicals\/buy-ald-52-powder\/\"><strong>ALD-52 Powder<\/strong><\/a>. Ve\u013ekoobchodn\u00fd predajca a dod\u00e1vate\u013e \u010dist\u00e9ho\u00a0<em>ALD-52 pr\u00e1\u0161ku<\/em>\u00a0za najni\u017e\u0161iu cenu a r\u00f4znych farmaceutick\u00fdch surov\u00edn s \u010distotou &gt;99 %, v\u00fdskumn\u00fdch chemik\u00e1li\u00ed a generick\u00fdch liekov. Bezpe\u010dn\u00e9 a diskr\u00e9tne balenie so sledovanou prepravou.<\/p>\n<p>ALD-52, tie\u017e zn\u00e1my ako 1-acetyl-LSD, je chemick\u00fd anal\u00f3g dietylamidu kyseliny lysergovej (LSD). Je to psychedelick\u00e1 l\u00e1tka z triedy lysergamidov, ktor\u00e1 pri pod\u00e1van\u00ed vyvol\u00e1va psychedelick\u00e9 \u00fa\u010dinky podobn\u00e9 LSD.<\/p>\n<p class=\"h2_style\">R\u00fdchle podrobnosti<\/p>\n<p>N\u00e1zov produktu: <a href=\"https:\/\/www.bestglobalmeds.com\/product\/research-chemicals\/buy-ald-52-powder\/\">ALD-52<\/a><br \/> Synonym\u00e1: ALD-52, 1-acetyl-LSD, 1A-LSD , 1A-LAD<br \/> CAS \u010d.: 3270-02-8<br \/> Molekulov\u00fd vzorec: C22H27N3O2<br \/> IUPAC: (6aR,9R)-4-acetyl-N,N-dietyl-7-metyl -4,6,6a,7,8,9-hexahydroindolo[4,3-fg]chinol\u00edn-9-karboxamid<br \/> Molekulov\u00e1 hmotnos\u0165: 365,477 g\/mol<br \/> \u010cistota: 99,6 %<br \/> Vzh\u013ead : Biely kry\u0161talick\u00fd pr\u00e1\u0161ok \/ sivobiely pr\u00e1\u0161ok<\/p>\n<h2>Dod\u00e1vate\u013e pr\u00e1\u0161ku ALD-52<\/h2>\n<p>Jeden z popredn\u00fdch eur\u00f3pskych dod\u00e1vate\u013eov farmaceutick\u00fdch surov\u00edn, sme zn\u00e1my v\u00fdnimo\u010dn\u00fdm sortimentom produktov a na\u0161imi kvalitn\u00e9 generick\u00e9 lieky dropshippingov\u00e9 slu\u017eby. Ako ve\u013ekoobchodn\u00edk s pr\u00e1\u0161kom ALD-52 sa sna\u017e\u00edme na trh dod\u00e1va\u0165 vysoko kvalitn\u00e9 a n\u00e1kladovo efekt\u00edvne produkty.<\/p>\n<div class=\"product-next-previous\">\n<div class=\"product-prev\"><\/div><\/div>\n","protected":false},"excerpt":{"rendered":"<p>Najlep\u0161ie miesto na n\u00e1kup pr\u00e1\u0161ku ALD-52 je z Ve\u013ekej Brit\u00e1nie. M\u00f4\u017eete si ho k\u00fapi\u0165 aj z Eur\u00f3py, Austr\u00e1lie a E\u00da za lacn\u00fa cenu. K\u00fapte ALD-52 Powder 2022, ALD-52 Powder Overnight Delivery, ALD-52 Powder Price.<\/p>\n<p>Jedna zo spolo\u010dnost\u00ed, ktor\u00e1 vyr\u00e1ba a pred\u00e1va ALD-52.<\/p>\n<p>Internetov\u00fd obchod: k\u00fapi\u0165 ALD-52 online, predaj ALD-52, predajca ALD-52, pr\u00e1\u0161ok ALD-52, k\u00fapi\u0165 teraz<\/p>\n<p>ALD-52\u00a0reddit. Po\u0161tovn\u00e9 je zadarmo.<\/p>\n<p>M\u00f4\u017eete si k\u00fapi\u0165 \u010dist\u00fd pr\u00e1\u0161ok s 10 mg ALD-52 na predaj online.<\/p>\n<p>&nbsp;<\/p>\n<p><strong>25 %<\/strong>\u00a0vypnut\u00e9 pre\u00a0<strong>40 mg\u00a0<\/strong>a viac. K\u00f3d kup\u00f3nu: bhobos2018z<\/p>\n<table class=\"table\">\n<tbody>\n<tr>\n<th><span style=\"font-weight: 400\">Minim\u00e1lne mno\u017estvo objedn\u00e1vky:<\/span><\/th>\n<td>10 g<\/td>\n<\/tr>\n<tr>\n<th><span style=\"font-weight: 400\">Schopnos\u0165 z\u00e1sobovania:<\/span><\/th>\n<td>100 kg\/mesiac<\/td>\n<\/tr>\n<tr>\n<th><span style=\"font-weight: 400\">Port:<\/span><\/th>\n<td>Var\u0161ava, Holandsko<\/td>\n<\/tr>\n<tr>\n<th><span style=\"font-weight: 400\">Platobn\u00e9 podmienky:<\/span><\/th>\n<td>Bankov\u00fd prevod, bitcoiny, WU\/MG, in\u00e9<\/td>\n<\/tr>\n<tr>\n<th><span style=\"font-weight: 400\">Podrobnosti o balen\u00ed:<\/span><\/th>\n<td>Pod\u013ea po\u017eiadavky z\u00e1kazn\u00edka<\/td>\n<\/tr>\n<tr>\n<th><span style=\"font-weight: 400\">Podrobnosti o doru\u010den\u00ed:<\/span><\/th>\n<td>DPD, expresn\u00e1 doprava, farmaceutick\u00fd kuri\u00e9r E\u00da<\/td>\n<\/tr>\n<\/tbody>\n<\/table>\n","protected":false},"featured_media":5699,"comment_status":"open","ping_status":"closed","template":"","meta":[],"product_brand":[],"product_cat":[2014],"product_tag":[3579,3576,3577,3578,3580,3583,3585,3586,3589,3588,3590,3574,3581,3584,3587,3575,3582],"class_list":{"0":"post-5686","1":"product","2":"type-product","3":"status-publish","4":"has-post-thumbnail","6":"product_cat-k-c3-bapi-c5-a5-v-c3-bdskumn-c3-a9-chemik-c3-a1lie","7":"product_tag-ald-52-powder-order","8":"product_tag-ald-52-powder","9":"product_tag-ald-52-powder-effect","10":"product_tag-ald-52-powder-for-sale","11":"product_tag-ald-52-powder-reddit","12":"product_tag-best-place-to-order-ald-52","13":"product_tag-buy-ald-52-powder","14":"product_tag-buy-ald-52-powder-online","15":"product_tag-ist-ald-52-powder-google","16":"product_tag-ist-ald-52-prok","17":"product_tag-o-je-ald-52-prok","18":"product_tag-ald-52-dvkovanie","19":"product_tag-ald-52-powder-supplier","20":"product_tag-buy-ald-52","21":"product_tag-order-ald-52-prok","22":"product_tag-ald-52-na-predaj","23":"product_tag-ald-52-prok-vekoobchod","25":"first","26":"instock","27":"shipping-taxable","28":"purchasable","29":"product-type-simple"},"yoast_head":"<!-- This site is optimized with the Yoast SEO plugin v27.3 - https:\/\/yoast.com\/product\/yoast-seo-wordpress\/ -->\n<title>K\u00fapte si pr\u00e1\u0161ok ALD-52 \u2013 pr\u00e1\u0161ok ALD-52 online \u2013 najlep\u0161ie glob\u00e1lne lieky<\/title>\n<meta name=\"description\" content=\"K\u00fapi\u0165 K\u00fapi\u0165 pr\u00e1\u0161ok ALD-52 na predaj v Spojenom kr\u00e1\u013eovstve, Eur\u00f3pe, Austr\u00e1lii, E\u00da, Objedna\u0165 lacno\u00a0K\u00fapi\u0165 pr\u00e1\u0161ok ALD-52\u00a02022, kde\u00a0nak\u00fapi\u0165\u00a0vysoko kvalitn\u00fd\u00a0k\u00fapi\u0165 pr\u00e1\u0161ok ALD-52 doru\u010denie cez noc,\u00a0cena pr\u00e1\u0161ku ALD-52.\" \/>\n<meta name=\"robots\" content=\"index, follow, max-snippet:-1, max-image-preview:large, max-video-preview:-1\" \/>\n<link rel=\"canonical\" href=\"https:\/\/medicinasinc.com\/sk\/product\/buy-ald-52-prasok\/\" \/>\n<meta property=\"og:locale\" content=\"en_US\" \/>\n<meta property=\"og:type\" content=\"article\" \/>\n<meta property=\"og:title\" content=\"K\u00fapte si pr\u00e1\u0161ok ALD-52 \u2013 pr\u00e1\u0161ok ALD-52 online \u2013 najlep\u0161ie glob\u00e1lne lieky\" \/>\n<meta property=\"og:description\" content=\"K\u00fapi\u0165 K\u00fapi\u0165 pr\u00e1\u0161ok ALD-52 na predaj v Spojenom kr\u00e1\u013eovstve, Eur\u00f3pe, Austr\u00e1lii, E\u00da, Objedna\u0165 lacno\u00a0K\u00fapi\u0165 pr\u00e1\u0161ok ALD-52\u00a02022, kde\u00a0nak\u00fapi\u0165\u00a0vysoko kvalitn\u00fd\u00a0k\u00fapi\u0165 pr\u00e1\u0161ok ALD-52 doru\u010denie cez noc,\u00a0cena pr\u00e1\u0161ku ALD-52.\" \/>\n<meta property=\"og:url\" content=\"https:\/\/medicinasinc.com\/sk\/product\/buy-ald-52-prasok\/\" \/>\n<meta property=\"og:site_name\" content=\"Medicinas Inc\" \/>\n<meta property=\"article:modified_time\" content=\"2022-03-22T00:51:45+00:00\" \/>\n<meta property=\"og:image\" content=\"https:\/\/medicinasinc.com\/sk\/wp-content\/uploads\/sites\/10\/2022\/02\/Buy-ALD-52-Powder.jpg\" \/>\n\t<meta property=\"og:image:width\" content=\"1080\" \/>\n\t<meta property=\"og:image:height\" content=\"995\" \/>\n\t<meta property=\"og:image:type\" content=\"image\/jpeg\" \/>\n<meta name=\"twitter:card\" content=\"summary_large_image\" \/>\n<meta name=\"twitter:label1\" content=\"Est. reading time\" \/>\n\t<meta name=\"twitter:data1\" content=\"1 minute\" \/>\n<script type=\"application\/ld+json\" class=\"yoast-schema-graph\">{\"@context\":\"https:\\\/\\\/schema.org\",\"@graph\":[{\"@type\":\"WebPage\",\"@id\":\"https:\\\/\\\/medicinasinc.com\\\/sk\\\/product\\\/buy-ald-52-prasok\\\/\",\"url\":\"https:\\\/\\\/medicinasinc.com\\\/sk\\\/product\\\/buy-ald-52-prasok\\\/\",\"name\":\"K\u00fapte si pr\u00e1\u0161ok ALD-52 \u2013 pr\u00e1\u0161ok ALD-52 online \u2013 najlep\u0161ie glob\u00e1lne lieky\",\"isPartOf\":{\"@id\":\"https:\\\/\\\/medicinasinc.com\\\/sk\\\/#website\"},\"primaryImageOfPage\":{\"@id\":\"https:\\\/\\\/medicinasinc.com\\\/sk\\\/product\\\/buy-ald-52-prasok\\\/#primaryimage\"},\"image\":{\"@id\":\"https:\\\/\\\/medicinasinc.com\\\/sk\\\/product\\\/buy-ald-52-prasok\\\/#primaryimage\"},\"thumbnailUrl\":\"https:\\\/\\\/medicinasinc.com\\\/sk\\\/wp-content\\\/uploads\\\/sites\\\/10\\\/2022\\\/02\\\/Buy-ALD-52-Powder.jpg\",\"datePublished\":\"2022-02-22T04:12:43+00:00\",\"dateModified\":\"2022-03-22T00:51:45+00:00\",\"description\":\"K\u00fapi\u0165 K\u00fapi\u0165 pr\u00e1\u0161ok ALD-52 na predaj v Spojenom kr\u00e1\u013eovstve, Eur\u00f3pe, Austr\u00e1lii, E\u00da, Objedna\u0165 lacno\u00a0K\u00fapi\u0165 pr\u00e1\u0161ok ALD-52\u00a02022, kde\u00a0nak\u00fapi\u0165\u00a0vysoko kvalitn\u00fd\u00a0k\u00fapi\u0165 pr\u00e1\u0161ok ALD-52 doru\u010denie cez noc,\u00a0cena pr\u00e1\u0161ku ALD-52.\",\"breadcrumb\":{\"@id\":\"https:\\\/\\\/medicinasinc.com\\\/sk\\\/product\\\/buy-ald-52-prasok\\\/#breadcrumb\"},\"inLanguage\":\"en-US\",\"potentialAction\":[{\"@type\":\"ReadAction\",\"target\":[\"https:\\\/\\\/medicinasinc.com\\\/sk\\\/product\\\/buy-ald-52-prasok\\\/\"]}]},{\"@type\":\"ImageObject\",\"inLanguage\":\"en-US\",\"@id\":\"https:\\\/\\\/medicinasinc.com\\\/sk\\\/product\\\/buy-ald-52-prasok\\\/#primaryimage\",\"url\":\"https:\\\/\\\/medicinasinc.com\\\/sk\\\/wp-content\\\/uploads\\\/sites\\\/10\\\/2022\\\/02\\\/Buy-ALD-52-Powder.jpg\",\"contentUrl\":\"https:\\\/\\\/medicinasinc.com\\\/sk\\\/wp-content\\\/uploads\\\/sites\\\/10\\\/2022\\\/02\\\/Buy-ALD-52-Powder.jpg\",\"width\":1080,\"height\":995},{\"@type\":\"BreadcrumbList\",\"@id\":\"https:\\\/\\\/medicinasinc.com\\\/sk\\\/product\\\/buy-ald-52-prasok\\\/#breadcrumb\",\"itemListElement\":[{\"@type\":\"ListItem\",\"position\":1,\"name\":\"Obchod\",\"item\":\"https:\\\/\\\/medicinasinc.com\\\/sk\\\/obchod\\\/\"},{\"@type\":\"ListItem\",\"position\":2,\"name\":\"K\u00fapte si pr\u00e1\u0161ok ALD-52\"}]},{\"@type\":\"WebSite\",\"@id\":\"https:\\\/\\\/medicinasinc.com\\\/sk\\\/#website\",\"url\":\"https:\\\/\\\/medicinasinc.com\\\/sk\\\/\",\"name\":\"Medicinas Inc\",\"description\":\"Health Medical Clinic\",\"potentialAction\":[{\"@type\":\"SearchAction\",\"target\":{\"@type\":\"EntryPoint\",\"urlTemplate\":\"https:\\\/\\\/medicinasinc.com\\\/sk\\\/?s={search_term_string}\"},\"query-input\":{\"@type\":\"PropertyValueSpecification\",\"valueRequired\":true,\"valueName\":\"search_term_string\"}}],\"inLanguage\":\"en-US\"}]}<\/script>\n<!-- \/ Yoast SEO plugin. -->","yoast_head_json":{"title":"K\u00fapte si pr\u00e1\u0161ok ALD-52 \u2013 pr\u00e1\u0161ok ALD-52 online \u2013 najlep\u0161ie glob\u00e1lne lieky","description":"K\u00fapi\u0165 K\u00fapi\u0165 pr\u00e1\u0161ok ALD-52 na predaj v Spojenom kr\u00e1\u013eovstve, Eur\u00f3pe, Austr\u00e1lii, E\u00da, Objedna\u0165 lacno\u00a0K\u00fapi\u0165 pr\u00e1\u0161ok ALD-52\u00a02022, kde\u00a0nak\u00fapi\u0165\u00a0vysoko kvalitn\u00fd\u00a0k\u00fapi\u0165 pr\u00e1\u0161ok ALD-52 doru\u010denie cez noc,\u00a0cena pr\u00e1\u0161ku ALD-52.","robots":{"index":"index","follow":"follow","max-snippet":"max-snippet:-1","max-image-preview":"max-image-preview:large","max-video-preview":"max-video-preview:-1"},"canonical":"https:\/\/medicinasinc.com\/sk\/product\/buy-ald-52-prasok\/","og_locale":"en_US","og_type":"article","og_title":"K\u00fapte si pr\u00e1\u0161ok ALD-52 \u2013 pr\u00e1\u0161ok ALD-52 online \u2013 najlep\u0161ie glob\u00e1lne lieky","og_description":"K\u00fapi\u0165 K\u00fapi\u0165 pr\u00e1\u0161ok ALD-52 na predaj v Spojenom kr\u00e1\u013eovstve, Eur\u00f3pe, Austr\u00e1lii, E\u00da, Objedna\u0165 lacno\u00a0K\u00fapi\u0165 pr\u00e1\u0161ok ALD-52\u00a02022, kde\u00a0nak\u00fapi\u0165\u00a0vysoko kvalitn\u00fd\u00a0k\u00fapi\u0165 pr\u00e1\u0161ok ALD-52 doru\u010denie cez noc,\u00a0cena pr\u00e1\u0161ku ALD-52.","og_url":"https:\/\/medicinasinc.com\/sk\/product\/buy-ald-52-prasok\/","og_site_name":"Medicinas Inc","article_modified_time":"2022-03-22T00:51:45+00:00","og_image":[{"width":1080,"height":995,"url":"https:\/\/medicinasinc.com\/sk\/wp-content\/uploads\/sites\/10\/2022\/02\/Buy-ALD-52-Powder.jpg","type":"image\/jpeg"}],"twitter_card":"summary_large_image","twitter_misc":{"Est. reading time":"1 minute"},"schema":{"@context":"https:\/\/schema.org","@graph":[{"@type":"WebPage","@id":"https:\/\/medicinasinc.com\/sk\/product\/buy-ald-52-prasok\/","url":"https:\/\/medicinasinc.com\/sk\/product\/buy-ald-52-prasok\/","name":"K\u00fapte si pr\u00e1\u0161ok ALD-52 \u2013 pr\u00e1\u0161ok ALD-52 online \u2013 najlep\u0161ie glob\u00e1lne lieky","isPartOf":{"@id":"https:\/\/medicinasinc.com\/sk\/#website"},"primaryImageOfPage":{"@id":"https:\/\/medicinasinc.com\/sk\/product\/buy-ald-52-prasok\/#primaryimage"},"image":{"@id":"https:\/\/medicinasinc.com\/sk\/product\/buy-ald-52-prasok\/#primaryimage"},"thumbnailUrl":"https:\/\/medicinasinc.com\/sk\/wp-content\/uploads\/sites\/10\/2022\/02\/Buy-ALD-52-Powder.jpg","datePublished":"2022-02-22T04:12:43+00:00","dateModified":"2022-03-22T00:51:45+00:00","description":"K\u00fapi\u0165 K\u00fapi\u0165 pr\u00e1\u0161ok ALD-52 na predaj v Spojenom kr\u00e1\u013eovstve, Eur\u00f3pe, Austr\u00e1lii, E\u00da, Objedna\u0165 lacno\u00a0K\u00fapi\u0165 pr\u00e1\u0161ok ALD-52\u00a02022, kde\u00a0nak\u00fapi\u0165\u00a0vysoko kvalitn\u00fd\u00a0k\u00fapi\u0165 pr\u00e1\u0161ok ALD-52 doru\u010denie cez noc,\u00a0cena pr\u00e1\u0161ku ALD-52.","breadcrumb":{"@id":"https:\/\/medicinasinc.com\/sk\/product\/buy-ald-52-prasok\/#breadcrumb"},"inLanguage":"en-US","potentialAction":[{"@type":"ReadAction","target":["https:\/\/medicinasinc.com\/sk\/product\/buy-ald-52-prasok\/"]}]},{"@type":"ImageObject","inLanguage":"en-US","@id":"https:\/\/medicinasinc.com\/sk\/product\/buy-ald-52-prasok\/#primaryimage","url":"https:\/\/medicinasinc.com\/sk\/wp-content\/uploads\/sites\/10\/2022\/02\/Buy-ALD-52-Powder.jpg","contentUrl":"https:\/\/medicinasinc.com\/sk\/wp-content\/uploads\/sites\/10\/2022\/02\/Buy-ALD-52-Powder.jpg","width":1080,"height":995},{"@type":"BreadcrumbList","@id":"https:\/\/medicinasinc.com\/sk\/product\/buy-ald-52-prasok\/#breadcrumb","itemListElement":[{"@type":"ListItem","position":1,"name":"Obchod","item":"https:\/\/medicinasinc.com\/sk\/obchod\/"},{"@type":"ListItem","position":2,"name":"K\u00fapte si pr\u00e1\u0161ok ALD-52"}]},{"@type":"WebSite","@id":"https:\/\/medicinasinc.com\/sk\/#website","url":"https:\/\/medicinasinc.com\/sk\/","name":"Medicinas Inc","description":"Health Medical Clinic","potentialAction":[{"@type":"SearchAction","target":{"@type":"EntryPoint","urlTemplate":"https:\/\/medicinasinc.com\/sk\/?s={search_term_string}"},"query-input":{"@type":"PropertyValueSpecification","valueRequired":true,"valueName":"search_term_string"}}],"inLanguage":"en-US"}]}},"_links":{"self":[{"href":"https:\/\/medicinasinc.com\/sk\/wp-json\/wp\/v2\/product\/5686","targetHints":{"allow":["GET"]}}],"collection":[{"href":"https:\/\/medicinasinc.com\/sk\/wp-json\/wp\/v2\/product"}],"about":[{"href":"https:\/\/medicinasinc.com\/sk\/wp-json\/wp\/v2\/types\/product"}],"replies":[{"embeddable":true,"href":"https:\/\/medicinasinc.com\/sk\/wp-json\/wp\/v2\/comments?post=5686"}],"wp:featuredmedia":[{"embeddable":true,"href":"https:\/\/medicinasinc.com\/sk\/wp-json\/wp\/v2\/media\/5699"}],"wp:attachment":[{"href":"https:\/\/medicinasinc.com\/sk\/wp-json\/wp\/v2\/media?parent=5686"}],"wp:term":[{"taxonomy":"product_brand","embeddable":true,"href":"https:\/\/medicinasinc.com\/sk\/wp-json\/wp\/v2\/product_brand?post=5686"},{"taxonomy":"product_cat","embeddable":true,"href":"https:\/\/medicinasinc.com\/sk\/wp-json\/wp\/v2\/product_cat?post=5686"},{"taxonomy":"product_tag","embeddable":true,"href":"https:\/\/medicinasinc.com\/sk\/wp-json\/wp\/v2\/product_tag?post=5686"}],"curies":[{"name":"wp","href":"https:\/\/api.w.org\/{rel}","templated":true}]}}