{"id":5685,"date":"2022-02-22T04:11:15","date_gmt":"2022-02-22T04:11:15","guid":{"rendered":"https:\/\/medicinasinc.com\/sk\/?post_type=product&#038;p=5685"},"modified":"2022-03-22T00:51:54","modified_gmt":"2022-03-22T00:51:54","slug":"kupit-napumpovat-sol-do-kupela","status":"publish","type":"product","link":"https:\/\/medicinasinc.com\/sk\/product\/kupit-napumpovat-sol-do-kupela\/","title":{"rendered":"K\u00fapte si so\u013e do k\u00fape\u013ea Pump It"},"content":{"rendered":"<p>Je dobr\u00e9 si k\u00fapi\u0165 Pump-It Powder Soli do k\u00fape\u013ea<\/p>\n<p>K\u00fapte si Pump-It Powder Soli do k\u00fape\u013ea z d\u00f4veryhodn\u00e9ho zdroja. Pred\u00e1vame tie najlep\u0161ie produkty do k\u00fape\u013ea, ako s\u00fa k\u00fape\u013eov\u00e9 soli. So\u013e do k\u00fape\u013ea v\u00e1m poskytne hladk\u00fd, zmyseln\u00fd k\u00fape\u013e, ktor\u00fd v\u00e1m po pou\u017eit\u00ed zanech\u00e1 pocit \u010distoty. Na\u0161i z\u00e1kazn\u00edci si v\u0161ak m\u00f4\u017eu by\u0165 ist\u00ed, \u017ee dostan\u00fa tie najlep\u0161ie produkty na trhu. Pred\u00e1vame a nakupujeme v\u0161ak aj in\u00e9 koncentrovan\u00e9 soli do k\u00fape\u013ea za dobr\u00e9 ceny.<\/p>\n<p>Na\u0161e soli do k\u00fape\u013ea maj\u00fa siln\u00fd z\u00e1pach.<\/p>\n<p>Pump-It pr\u00e1\u0161kov\u00e9 k\u00fape\u013eov\u00e9 soli maj\u00fa spr\u00edjemni\u0165 k\u00fapanie e\u0161te vzru\u0161uj\u00facej\u0161ie, energickej\u0161ie a euforickej\u0161ie. Na dosiahnutie ve\u013ek\u00e9ho rozdielu sta\u010d\u00ed mal\u00e9 mno\u017estvo. M\u00f4\u017eete v\u0161ak prida\u0165 len mal\u00e9 mno\u017estvo do hor\u00faceho k\u00fape\u013ea, aby sa voda prirodzene zm\u00e4k\u010dila, v\u010faka \u010domu sa budete c\u00edti\u0165 ve\u013emi energicky a \u0161\u0165astne. Zvykne v\u0161ak vyzera\u0165 ako pr\u00edrodn\u00e9 hor\u00face pramene gr\u00e9ckeho mora. Pump-It Powder najsk\u00f4r pou\u017e\u00edvajte s mierou, preto\u017ee pr\u00edli\u0161 ve\u013ea za\u0161pin\u00ed vodu vo vani a budete ne\u0161\u0165astn\u00ed. Ak v\u0161ak Pump-It Powder pou\u017eijete spr\u00e1vne, m\u00f4\u017ee v\u00e1m pom\u00f4c\u0165 dosta\u0165 sa na miesta, o ktor\u00fdch ste si mysleli, \u017ee s\u00fa nemo\u017en\u00e9.<\/p>\n<p>S\u00favisiace polo\u017eky:<br \/> Niektor\u00e9 z na\u0161ich origin\u00e1lnych k\u00fape\u013eov\u00fdch sol\u00ed m\u00f4\u017eete vidie\u0165 v zozname ni\u017e\u0161ie .<br \/> Je to 500 mg koncentrovan\u00fdch k\u00fape\u013eov\u00fdch sol\u00ed od Rave On.<br \/> Osem k\u00fape\u013eov\u00fdch sol\u00ed Ballz ich m\u00e1 500 mg.<br \/> Pr\u00e9miov\u00e9 soli do k\u00fape\u013ea z Hollywoodu maj\u00fa 1 gram.<br \/> 500 mg DIAMANTOV\u00c9HO PRACHU<br \/> Jedna polievkov\u00e1 ly\u017eica obsahuje 500 mg pr\u00e1\u0161ku.<br \/> Novinkov\u00fd pr\u00e1\u0161ok Black Diamond je vyroben\u00fd z \u010dierneho diamantu.<br \/> Je to 500 mg pr\u00e1\u0161ku Pump-it od Eight Ballz.<br \/> 500 mg bieleho k\u00fape\u013ea Soli<br \/> Soli do k\u00fape\u013ea Ivory Wave Ultra maj\u00fa v sebe 500 mg.<br \/> K\u00fape\u013eov\u00e1 so\u013e Ivory Wave 500 mg<br \/> V tomto pr\u00edpade je v balen\u00ed 500 mg k\u00fape\u013eov\u00fdch sol\u00ed Lady Bubbles.<br \/> Cloud 9 k\u00fape\u013eov\u00fdch sol\u00ed ich m\u00e1 500 mg.<br \/> V tejto f\u013ea\u0161i je 500 mg Heavenly Soak Euphoric \u2013 Novelty Powder.<br \/> Je to 500 mg Heavenly Soak \u2013 Energy \u2013 Fun Powder.<br \/> 500 mg Sky \u2013 Z\u00e1bava Pr\u00e1\u0161ok<br \/> Existuje 500 mg nov\u00e9ho pr\u00e1\u0161ku der in Molly&#8217;s Blend \u2013<\/p>\n<p>&nbsp;<\/p>\n<p>Vanilla Sky K\u00fape\u013eov\u00e1 so\u013e 500 mg, Fizz koncentrovan\u00e1 k\u00fape\u013eov\u00e1 so\u013e 500 mg, Bol\u00edvijsk\u00e1 Ivory Wave Recharge So\u013e do k\u00fape\u013ea 500 mg, White Girl koncentrovan\u00e1 k\u00fape\u013eov\u00e1 so\u013e 500 mg, Tranquility koncentrovan\u00e1 Soli do k\u00fape\u013ea 500 mg, X hodnoten\u00e9 soli do k\u00fape\u013ea 500 mg<br \/> Ivory Smooth 500 mg Soli do k\u00fape\u013ea<br \/> 50 mg soli do k\u00fape\u013ea Blue Wave<br \/> Blue Silk je 500 mg soli do k\u00fape\u013ea.<br \/> V tomto pr\u00edpade 500 mg Boli pou\u017eit\u00e9 bol\u00edvijsk\u00e9 soli do k\u00fape\u013ea.<br \/> Soli do k\u00fape\u013ea od G Pheonix<\/p>\n<p>&nbsp;<\/p>\n<p>V tomto pr\u00edpade potrebujete koncentrovan\u00fa so\u013e do k\u00fape\u013ea White Girl 500 mg.<br \/> 500 mg soli do k\u00fape\u013ea White Lady<br \/> Koncentrovan\u00e9 k\u00fape\u013eov\u00e9 soli Bliss maj\u00fa 500 mg soli v ka\u017edom vrec\u00fa\u0161ku.<br \/> K\u00fape\u013eov\u00e9 soli Snow Leopard ich maj\u00fa v ka\u017edom vrecku 500 mg.<br \/> 500 mg extra k\u00fape\u013eovej soli od Lunar M\u00e1va\u0165. 500 mg koncentrovanej soli do k\u00fape\u013ea od White Horse.<br \/> 500 mg povzbudzuj\u00facej soli do k\u00fape\u013ea<br \/> 500 mg soli do k\u00fape\u013ea Cloud 10<br \/> Blue Magic: 500 mg soli do k\u00fape\u013ea<br \/> So\u013e do k\u00fape\u013ea s n\u00e1zvom Scarface m\u00e1 500 mg z toho.<br \/> Aj ove\u013ea viac \u013eud\u00ed.<\/p>\n","protected":false},"excerpt":{"rendered":"<p>V na\u0161om internetovom obchode Bestglobalmeds.com si m\u00f4\u017eete k\u00fapi\u0165 so\u013e do k\u00fape\u013ea Pump It na predaj vo Ve\u013ekej Brit\u00e1nii, Eur\u00f3pe a Austr\u00e1lii a my v\u00e1m ju ihne\u010f po\u0161leme. Tu si m\u00f4\u017eete k\u00fapi\u0165 najlep\u0161iu so\u013e do k\u00fape\u013ea Pump It!<\/p>\n<p>Je bezpe\u010dn\u00e9 k\u00fapi\u0165 so\u013e do k\u00fape\u013ea Pump It Up od Global medicinas Bath Salts. Na internete pred\u00e1vame koncentrovan\u00e9 soli do k\u00fape\u013ea K2 za n\u00edzke ceny.<\/p>\n<p>Za najlep\u0161iu cenu si m\u00f4\u017eete k\u00fapi\u0165 so\u013e do k\u00fape\u013ea Pump It online v obchode. S\u013eubujeme bezpe\u010dn\u00fa a bezpe\u010dn\u00fa prepravu do cel\u00e9ho sveta.<\/p>\n<p>Kde chcete k\u00fapi\u0165 &#8220;Pump-It pr\u00e1\u0161kov\u00e9 k\u00fape\u013eov\u00e9 soli&#8221;? Best Global Meds v\u00e1m d\u00e1va mo\u017enos\u0165 k\u00fapi\u0165 si so\u013e do k\u00fape\u013ea na predaj online.<\/p>\n","protected":false},"featured_media":5697,"comment_status":"open","ping_status":"closed","template":"","meta":[],"product_brand":[],"product_cat":[2014],"product_tag":[3569,3566,3565,3568,3567,3571,3570,3573,3572],"class_list":{"0":"post-5685","1":"product","2":"type-product","3":"status-publish","4":"has-post-thumbnail","6":"product_cat-k-c3-bapi-c5-a5-v-c3-bdskumn-c3-a9-chemik-c3-a1lie","7":"product_tag-pump-it-kpe-so-efekt","8":"product_tag-cup-pump-to-crackers-so-do-kpea","9":"product_tag-k-c3-bapi-c5-a5-napumpova-c5-a5-so-c4-be-do-k-c3-bape-c4-bea","10":"product_tag-pump-to-kpe-so-kpi","11":"product_tag-objedna-naerpa-so-do-kpea","12":"product_tag-pump-it-kpe-so-objednvka","13":"product_tag-pump-it-kpe-so-na-predaj","14":"product_tag-pump-it-bath-so-reddit","15":"product_tag-pump-it-kpe-so-prok","17":"first","18":"instock","19":"featured","20":"shipping-taxable","21":"purchasable","22":"product-type-variable","23":"has-default-attributes"},"yoast_head":"<!-- This site is optimized with the Yoast SEO plugin v27.2 - https:\/\/yoast.com\/product\/yoast-seo-wordpress\/ -->\n<title>K\u00fapte si so\u013e do k\u00fape\u013ea Pump It \u2013 so\u013e do k\u00fape\u013ea Pump It \u2013 najlep\u0161ie glob\u00e1lne lieky<\/title>\n<meta name=\"description\" content=\"K\u00fapte si so\u013e do k\u00fape\u013ea Pump It na predaj vo Ve\u013ekej Brit\u00e1nii, Eur\u00f3pe, Austr\u00e1lii v na\u0161om internetovom obchode Bestglobalmeds s r\u00fdchlym celosvetov\u00fdm doru\u010den\u00edm! Najlep\u0161iu k\u00fape\u013eov\u00fa so\u013e Pump It na objedn\u00e1vku n\u00e1jdete tu!\" \/>\n<meta name=\"robots\" content=\"index, follow, max-snippet:-1, max-image-preview:large, max-video-preview:-1\" \/>\n<link rel=\"canonical\" href=\"https:\/\/medicinasinc.com\/sk\/product\/kupit-napumpovat-sol-do-kupela\/\" \/>\n<meta property=\"og:locale\" content=\"en_US\" \/>\n<meta property=\"og:type\" content=\"article\" \/>\n<meta property=\"og:title\" content=\"K\u00fapte si so\u013e do k\u00fape\u013ea Pump It \u2013 so\u013e do k\u00fape\u013ea Pump It \u2013 najlep\u0161ie glob\u00e1lne lieky\" \/>\n<meta property=\"og:description\" content=\"K\u00fapte si so\u013e do k\u00fape\u013ea Pump It na predaj vo Ve\u013ekej Brit\u00e1nii, Eur\u00f3pe, Austr\u00e1lii v na\u0161om internetovom obchode Bestglobalmeds s r\u00fdchlym celosvetov\u00fdm doru\u010den\u00edm! Najlep\u0161iu k\u00fape\u013eov\u00fa so\u013e Pump It na objedn\u00e1vku n\u00e1jdete tu!\" \/>\n<meta property=\"og:url\" content=\"https:\/\/medicinasinc.com\/sk\/product\/kupit-napumpovat-sol-do-kupela\/\" \/>\n<meta property=\"og:site_name\" content=\"Medicinas Inc\" \/>\n<meta property=\"article:modified_time\" content=\"2022-03-22T00:51:54+00:00\" \/>\n<meta property=\"og:image\" content=\"https:\/\/medicinasinc.com\/sk\/wp-content\/uploads\/sites\/10\/2022\/02\/Buy-Pump-It-Bath-Salt.jpg\" \/>\n\t<meta property=\"og:image:width\" content=\"600\" \/>\n\t<meta property=\"og:image:height\" content=\"600\" \/>\n\t<meta property=\"og:image:type\" content=\"image\/jpeg\" \/>\n<meta name=\"twitter:card\" content=\"summary_large_image\" \/>\n<meta name=\"twitter:label1\" content=\"Est. reading time\" \/>\n\t<meta name=\"twitter:data1\" content=\"3 minutes\" \/>\n<script type=\"application\/ld+json\" class=\"yoast-schema-graph\">{\"@context\":\"https:\/\/schema.org\",\"@graph\":[{\"@type\":\"WebPage\",\"@id\":\"https:\/\/medicinasinc.com\/sk\/product\/kupit-napumpovat-sol-do-kupela\/\",\"url\":\"https:\/\/medicinasinc.com\/sk\/product\/kupit-napumpovat-sol-do-kupela\/\",\"name\":\"K\u00fapte si so\u013e do k\u00fape\u013ea Pump It \u2013 so\u013e do k\u00fape\u013ea Pump It \u2013 najlep\u0161ie glob\u00e1lne lieky\",\"isPartOf\":{\"@id\":\"https:\/\/medicinasinc.com\/sk\/#website\"},\"primaryImageOfPage\":{\"@id\":\"https:\/\/medicinasinc.com\/sk\/product\/kupit-napumpovat-sol-do-kupela\/#primaryimage\"},\"image\":{\"@id\":\"https:\/\/medicinasinc.com\/sk\/product\/kupit-napumpovat-sol-do-kupela\/#primaryimage\"},\"thumbnailUrl\":\"https:\/\/medicinasinc.com\/sk\/wp-content\/uploads\/sites\/10\/2022\/02\/Buy-Pump-It-Bath-Salt.jpg\",\"datePublished\":\"2022-02-22T04:11:15+00:00\",\"dateModified\":\"2022-03-22T00:51:54+00:00\",\"description\":\"K\u00fapte si so\u013e do k\u00fape\u013ea Pump It na predaj vo Ve\u013ekej Brit\u00e1nii, Eur\u00f3pe, Austr\u00e1lii v na\u0161om internetovom obchode Bestglobalmeds s r\u00fdchlym celosvetov\u00fdm doru\u010den\u00edm! Najlep\u0161iu k\u00fape\u013eov\u00fa so\u013e Pump It na objedn\u00e1vku n\u00e1jdete tu!\",\"breadcrumb\":{\"@id\":\"https:\/\/medicinasinc.com\/sk\/product\/kupit-napumpovat-sol-do-kupela\/#breadcrumb\"},\"inLanguage\":\"en-US\",\"potentialAction\":[{\"@type\":\"ReadAction\",\"target\":[\"https:\/\/medicinasinc.com\/sk\/product\/kupit-napumpovat-sol-do-kupela\/\"]}]},{\"@type\":\"ImageObject\",\"inLanguage\":\"en-US\",\"@id\":\"https:\/\/medicinasinc.com\/sk\/product\/kupit-napumpovat-sol-do-kupela\/#primaryimage\",\"url\":\"https:\/\/medicinasinc.com\/sk\/wp-content\/uploads\/sites\/10\/2022\/02\/Buy-Pump-It-Bath-Salt.jpg\",\"contentUrl\":\"https:\/\/medicinasinc.com\/sk\/wp-content\/uploads\/sites\/10\/2022\/02\/Buy-Pump-It-Bath-Salt.jpg\",\"width\":600,\"height\":600},{\"@type\":\"BreadcrumbList\",\"@id\":\"https:\/\/medicinasinc.com\/sk\/product\/kupit-napumpovat-sol-do-kupela\/#breadcrumb\",\"itemListElement\":[{\"@type\":\"ListItem\",\"position\":1,\"name\":\"Obchod\",\"item\":\"https:\/\/medicinasinc.com\/sk\/obchod\/\"},{\"@type\":\"ListItem\",\"position\":2,\"name\":\"K\u00fapte si so\u013e do k\u00fape\u013ea Pump It\"}]},{\"@type\":\"WebSite\",\"@id\":\"https:\/\/medicinasinc.com\/sk\/#website\",\"url\":\"https:\/\/medicinasinc.com\/sk\/\",\"name\":\"Medicinas Inc\",\"description\":\"Health Medical Clinic\",\"potentialAction\":[{\"@type\":\"SearchAction\",\"target\":{\"@type\":\"EntryPoint\",\"urlTemplate\":\"https:\/\/medicinasinc.com\/sk\/?s={search_term_string}\"},\"query-input\":{\"@type\":\"PropertyValueSpecification\",\"valueRequired\":true,\"valueName\":\"search_term_string\"}}],\"inLanguage\":\"en-US\"}]}<\/script>\n<!-- \/ Yoast SEO plugin. -->","yoast_head_json":{"title":"K\u00fapte si so\u013e do k\u00fape\u013ea Pump It \u2013 so\u013e do k\u00fape\u013ea Pump It \u2013 najlep\u0161ie glob\u00e1lne lieky","description":"K\u00fapte si so\u013e do k\u00fape\u013ea Pump It na predaj vo Ve\u013ekej Brit\u00e1nii, Eur\u00f3pe, Austr\u00e1lii v na\u0161om internetovom obchode Bestglobalmeds s r\u00fdchlym celosvetov\u00fdm doru\u010den\u00edm! Najlep\u0161iu k\u00fape\u013eov\u00fa so\u013e Pump It na objedn\u00e1vku n\u00e1jdete tu!","robots":{"index":"index","follow":"follow","max-snippet":"max-snippet:-1","max-image-preview":"max-image-preview:large","max-video-preview":"max-video-preview:-1"},"canonical":"https:\/\/medicinasinc.com\/sk\/product\/kupit-napumpovat-sol-do-kupela\/","og_locale":"en_US","og_type":"article","og_title":"K\u00fapte si so\u013e do k\u00fape\u013ea Pump It \u2013 so\u013e do k\u00fape\u013ea Pump It \u2013 najlep\u0161ie glob\u00e1lne lieky","og_description":"K\u00fapte si so\u013e do k\u00fape\u013ea Pump It na predaj vo Ve\u013ekej Brit\u00e1nii, Eur\u00f3pe, Austr\u00e1lii v na\u0161om internetovom obchode Bestglobalmeds s r\u00fdchlym celosvetov\u00fdm doru\u010den\u00edm! Najlep\u0161iu k\u00fape\u013eov\u00fa so\u013e Pump It na objedn\u00e1vku n\u00e1jdete tu!","og_url":"https:\/\/medicinasinc.com\/sk\/product\/kupit-napumpovat-sol-do-kupela\/","og_site_name":"Medicinas Inc","article_modified_time":"2022-03-22T00:51:54+00:00","og_image":[{"width":600,"height":600,"url":"https:\/\/medicinasinc.com\/sk\/wp-content\/uploads\/sites\/10\/2022\/02\/Buy-Pump-It-Bath-Salt.jpg","type":"image\/jpeg"}],"twitter_card":"summary_large_image","twitter_misc":{"Est. reading time":"3 minutes"},"schema":{"@context":"https:\/\/schema.org","@graph":[{"@type":"WebPage","@id":"https:\/\/medicinasinc.com\/sk\/product\/kupit-napumpovat-sol-do-kupela\/","url":"https:\/\/medicinasinc.com\/sk\/product\/kupit-napumpovat-sol-do-kupela\/","name":"K\u00fapte si so\u013e do k\u00fape\u013ea Pump It \u2013 so\u013e do k\u00fape\u013ea Pump It \u2013 najlep\u0161ie glob\u00e1lne lieky","isPartOf":{"@id":"https:\/\/medicinasinc.com\/sk\/#website"},"primaryImageOfPage":{"@id":"https:\/\/medicinasinc.com\/sk\/product\/kupit-napumpovat-sol-do-kupela\/#primaryimage"},"image":{"@id":"https:\/\/medicinasinc.com\/sk\/product\/kupit-napumpovat-sol-do-kupela\/#primaryimage"},"thumbnailUrl":"https:\/\/medicinasinc.com\/sk\/wp-content\/uploads\/sites\/10\/2022\/02\/Buy-Pump-It-Bath-Salt.jpg","datePublished":"2022-02-22T04:11:15+00:00","dateModified":"2022-03-22T00:51:54+00:00","description":"K\u00fapte si so\u013e do k\u00fape\u013ea Pump It na predaj vo Ve\u013ekej Brit\u00e1nii, Eur\u00f3pe, Austr\u00e1lii v na\u0161om internetovom obchode Bestglobalmeds s r\u00fdchlym celosvetov\u00fdm doru\u010den\u00edm! Najlep\u0161iu k\u00fape\u013eov\u00fa so\u013e Pump It na objedn\u00e1vku n\u00e1jdete tu!","breadcrumb":{"@id":"https:\/\/medicinasinc.com\/sk\/product\/kupit-napumpovat-sol-do-kupela\/#breadcrumb"},"inLanguage":"en-US","potentialAction":[{"@type":"ReadAction","target":["https:\/\/medicinasinc.com\/sk\/product\/kupit-napumpovat-sol-do-kupela\/"]}]},{"@type":"ImageObject","inLanguage":"en-US","@id":"https:\/\/medicinasinc.com\/sk\/product\/kupit-napumpovat-sol-do-kupela\/#primaryimage","url":"https:\/\/medicinasinc.com\/sk\/wp-content\/uploads\/sites\/10\/2022\/02\/Buy-Pump-It-Bath-Salt.jpg","contentUrl":"https:\/\/medicinasinc.com\/sk\/wp-content\/uploads\/sites\/10\/2022\/02\/Buy-Pump-It-Bath-Salt.jpg","width":600,"height":600},{"@type":"BreadcrumbList","@id":"https:\/\/medicinasinc.com\/sk\/product\/kupit-napumpovat-sol-do-kupela\/#breadcrumb","itemListElement":[{"@type":"ListItem","position":1,"name":"Obchod","item":"https:\/\/medicinasinc.com\/sk\/obchod\/"},{"@type":"ListItem","position":2,"name":"K\u00fapte si so\u013e do k\u00fape\u013ea Pump It"}]},{"@type":"WebSite","@id":"https:\/\/medicinasinc.com\/sk\/#website","url":"https:\/\/medicinasinc.com\/sk\/","name":"Medicinas Inc","description":"Health Medical Clinic","potentialAction":[{"@type":"SearchAction","target":{"@type":"EntryPoint","urlTemplate":"https:\/\/medicinasinc.com\/sk\/?s={search_term_string}"},"query-input":{"@type":"PropertyValueSpecification","valueRequired":true,"valueName":"search_term_string"}}],"inLanguage":"en-US"}]}},"_links":{"self":[{"href":"https:\/\/medicinasinc.com\/sk\/wp-json\/wp\/v2\/product\/5685","targetHints":{"allow":["GET"]}}],"collection":[{"href":"https:\/\/medicinasinc.com\/sk\/wp-json\/wp\/v2\/product"}],"about":[{"href":"https:\/\/medicinasinc.com\/sk\/wp-json\/wp\/v2\/types\/product"}],"replies":[{"embeddable":true,"href":"https:\/\/medicinasinc.com\/sk\/wp-json\/wp\/v2\/comments?post=5685"}],"wp:featuredmedia":[{"embeddable":true,"href":"https:\/\/medicinasinc.com\/sk\/wp-json\/wp\/v2\/media\/5697"}],"wp:attachment":[{"href":"https:\/\/medicinasinc.com\/sk\/wp-json\/wp\/v2\/media?parent=5685"}],"wp:term":[{"taxonomy":"product_brand","embeddable":true,"href":"https:\/\/medicinasinc.com\/sk\/wp-json\/wp\/v2\/product_brand?post=5685"},{"taxonomy":"product_cat","embeddable":true,"href":"https:\/\/medicinasinc.com\/sk\/wp-json\/wp\/v2\/product_cat?post=5685"},{"taxonomy":"product_tag","embeddable":true,"href":"https:\/\/medicinasinc.com\/sk\/wp-json\/wp\/v2\/product_tag?post=5685"}],"curies":[{"name":"wp","href":"https:\/\/api.w.org\/{rel}","templated":true}]}}