{"id":5684,"date":"2022-02-22T04:10:18","date_gmt":"2022-02-22T04:10:18","guid":{"rendered":"https:\/\/medicinasinc.com\/sk\/?post_type=product&#038;p=5684"},"modified":"2022-03-22T00:52:03","modified_gmt":"2022-03-22T00:52:03","slug":"buy-mmb-2201-prasok","status":"publish","type":"product","link":"https:\/\/medicinasinc.com\/sk\/product\/buy-mmb-2201-prasok\/","title":{"rendered":"K\u00fapte si pr\u00e1\u0161ok MMB-2201"},"content":{"rendered":"<p>MDMB-2201 Drug je \u0161pi\u010dkov\u00e1 v\u00fdskumn\u00e1 chemik\u00e1lia, ktor\u00fa m\u00f4\u017eete z\u00edska\u0165 online za rozumn\u00fa cenu. D\u00f4veryhodn\u00fd dod\u00e1vate\u013e bestglobalmed.com pon\u00faka 5F-MDMB-2201 za zv\u00fdhodnen\u00fa cenu. Ako dizajn\u00e9rsky liek a ako akt\u00edvna zlo\u017eka v syntetizovan\u00fdch kanabisov\u00fdch zmesiach je MMB-2201 siln\u00fdm syntetick\u00fdm kanabinoidom na b\u00e1ze indol-3-karboxamidu.<\/p>\n<p>Sytetick\u00fd kanabinoid na b\u00e1ze indol-3-karboxamidu MMB-2201 ( tie\u017e zn\u00e1my ako 5F-MMB-PICA, 5F-AMB-PICA a I-AMB) bol propagovan\u00fd ako dizajnov\u00e1 droga a zlo\u017eka syntetick\u00fdch kanabisov\u00fdch zmes\u00ed. Prv\u00fdkr\u00e1t ohl\u00e1sen\u00fd v Rusku a Bielorusku v janu\u00e1ri 2014, odvtedy sa pred\u00e1val v mnoh\u00fdch \u010fal\u0161\u00edch krajin\u00e1ch. Indolov\u00fdm n\u00e1protivkom 5F-AMB je t\u00e1to zl\u00fa\u010denina. syntetick\u00e9 zl\u00fa\u010deniny kanabisu s N-1-metoxykarbonylovou skupinou obsahuj\u00face indol-3-karboxamidov\u00e9 jadro alebo indazol-3-karboxamidov\u00e9 jadro, ako aj izopropylov\u00fd alebo t-butylov\u00fd substituent, sa uk\u00e1zali by\u0165 v\u00fdrazne \u0161kodlivej\u0161ie ako star\u0161\u00ed syntetick\u00fd kanabinoid zl\u00fa\u010deniny<\/p>\n<p>Syntetick\u00fd kanabinoid 5F-MDMB-2201 je extr\u00e9mne podobn\u00fd MMB-2201 (rodina indazolov). Na receptoroch CB1 aj CB2 m\u00e1 5F-MDMB-2201 v\u00fdznamn\u00fd \u00fa\u010dinok (agonizmus).<\/p>\n<p>Metabolick\u00fd n\u00e1zov: Metyl-2-metyl-1H-indol-3-karboxamido-dimetylbut\u00e1n\u00e1t<\/p>\n<p>Ako dizajnov\u00fd liek a akt\u00edvna zlo\u017eka syntetick\u00fdch kanabisov\u00fdch zmes\u00ed je MMB-2201 syntetick\u00fd kanabinoid na b\u00e1ze indol-3-karboxamidu.<\/p>\n<p>889493-21-2 \u010c\u00edslo CAS<\/p>\n<p>C21H29FN2O3 je chemick\u00fd vzorec.<\/p>\n<p>Minim\u00e1lna \u010distota 99,7 percent<\/p>\n<p>376,49 je molekulov\u00e1 hmotnos\u0165<\/p>\n<p>Vzh\u013ead kry\u0161t\u00e1lov\/pr\u00e1\u0161ku<\/p>\n<p> Syntetick\u00fd kanabinoid MMB-2201 na b\u00e1ze indol-3-karboxamidu (tie\u017e zn\u00e1my ako 5F-MMB-PICA, 5F-AMB-PICA a I-AMB) je dizajnov\u00fd liek a akt\u00edvna zlo\u017eka v zmesiach syntetick\u00e9ho kanabisu. Hoci bol p\u00f4vodne ohl\u00e1sen\u00fd v Rusku a Bielorusku v janu\u00e1ri tohto roku, n\u00e1sledne sa za\u010dal pred\u00e1va\u0165 v mnoh\u00fdch \u010fal\u0161\u00edch krajin\u00e1ch. V tejto zl\u00fa\u010denine sa nach\u00e1dza jadro 5F-indolu AMB. Zistilo sa, \u017ee nov\u0161ie syntetick\u00e9 zl\u00fa\u010deniny kanabisu s indol-3-karboxamidov\u00fdm alebo indazol-3-karboxamidov\u00fdm jadrom a N-1-metoxykarbonylovou skupinou naviazanou na izopropylov\u00fd alebo t-butylov\u00fd substituent s\u00fa ove\u013ea \u0161kodlivej\u0161ie ako star\u0161ie syntetick\u00e9 kanabinoidn\u00e9 zl\u00fa\u010deniny. &#8211;<\/p>\n<p>Syntetick\u00fd kanabinoid 5F-MDMB-2201 je extr\u00e9mne podobn\u00fd MMB-2201 (rodina indazolov). Receptory CB1 aj CB2 s\u00fa vysoko antagonistick\u00e9 vo\u010di 5F-MDMB-2201.<\/p>\n<p>Metabolick\u00fd n\u00e1zov: metyl-2-metyl-1H-indol-3-karboxamido-dimetylbutan\u00e1t.<\/p>\n<p>Ako dizajn\u00e9rsky liek a akt\u00edvna zlo\u017eka syntetick\u00fdch kanabisov\u00fdch zmes\u00ed, MMB-2201 je syntetick\u00fd kanabinoid na b\u00e1ze indol-3-karboxamidu.<\/p>\n<p>889493-21-2 \u010c\u00edslo CAS<\/p>\n<p>C21H29FN2O3 je chemick\u00fd vzorec .<\/p>\n<p>Minim\u00e1lna \u010distota 99,7 percent<\/p>\n<p>376,49 je molekulov\u00e1 hmotnos\u0165<\/p>\n<p>Kry\u0161t\u00e1ly a pr\u00e1\u0161ok<\/p>\n","protected":false},"excerpt":{"rendered":"<p>K\u00fapi\u0165 pr\u00e1\u0161ok MMB-2201 na predaj v Spojenom kr\u00e1\u013eovstve, Eur\u00f3pe, Austr\u00e1lii. pon\u00fakame najspo\u013eahlivej\u0161ie transakcie a pred\u00e1vame za ve\u013emi prijate\u013en\u00e9 ceny. Objednajte si pr\u00e1\u0161ok MMB-2201 teraz za najlep\u0161ie ceny<\/p>\n<p>Nakupujte online pr\u00e1\u0161ok MMB-2201 Pure online. MMB-2201 Powder je tie\u017e: 5F-MMB-PICA, 5F-AMB-PICA alebo I-AMB.<\/p>\n<p>5CAKB48 MMB022,\u00a0<em>MPHP2201<\/em>\u00a0vysok\u00e1 \u010distota a \u017elt\u00fd\u00a0<em>pr\u00e1\u0161ok<\/em>\u00a0online &#8230; <em>Mmbfub<\/em>,\u00a0<em>Mphp2201<\/em>, 5f-mdmb-<em>2201<\/em>, 5feapb\/5feapb, Mmb022, 4-cdc, Fub144,\u00a0<em>Fub2201<\/em>.<\/p>\n<p><em>K\u00fapi\u0165<\/em>\u00a05F MDMB online &#8211; M\u00f4\u017eete si objedna\u0165 5F-MDMB-<em>2201 pr\u00e1\u0161ok<\/em>\u00a0za n\u00edzku cenu od &#8230; 5F MDMB\u00a0<em>2201<\/em>\u00a0Crystals je tie\u017e zn\u00e1my ako 5F-<em>MMB<\/em>-PICA, 5F-AMB-PICA a I-AMB.<\/p>\n<p>&nbsp;<\/p>\n","protected":false},"featured_media":5695,"comment_status":"open","ping_status":"closed","template":"","meta":[],"product_brand":[],"product_cat":[2596],"product_tag":[2600,2601,2604,2609,2610,2611,2612,2605,2606,2607,2613,2616,2615,2619,2629,2608,2631,2621,2620,2622,2625,2628,2627,2626,3564,3563,2614,2603,2602],"class_list":{"0":"post-5684","1":"product","2":"type-product","3":"status-publish","4":"has-post-thumbnail","6":"product_cat-kanabinoidy-na-predaj","7":"product_tag-5f-mdmb-2201","8":"product_tag-5f-mdmb-2201-cannabinoids","9":"product_tag-5f-mdmb-2201-for-sale-online","10":"product_tag-5f-mdmb-2201-powder-for-sale","11":"product_tag-5f-mdmb-2201-powder-review","12":"product_tag-5f-mdmb-2201-powder-supplier","13":"product_tag-5f-mdmb-2201-powder-uk","14":"product_tag-5f-mdmb-2201-prok","15":"product_tag-5f-mdmb-2201-powder-australia","16":"product_tag-5f-mdmb-2201-powder-canada","17":"product_tag-5f-mdmb-2201-powder-usa","18":"product_tag-5f-mdmb-2201-recenzia","19":"product_tag-5f-mdmb-2201-reddit","20":"product_tag-buy-5f-mdmb-2201","21":"product_tag-ist-5f-mdmb-2201-prok","22":"product_tag-5f-mdmb-2201-prok-dvkovanie","23":"product_tag-kde-kpi-5f-mdmb-2201","24":"product_tag-kpi-5f-mdmb-2201-online","25":"product_tag-buy-5f-mdmb-2201-cannabinoids","26":"product_tag-kpi-5f-mdmb-2201-prok-online","27":"product_tag-mail-5f-mdmb-2201","28":"product_tag-objednvka-5f-mdmb-2201-prok","29":"product_tag-objednvka-5f-mdmb-2201-online","30":"product_tag-objednvka-5f-mdmb-2201","31":"product_tag-remove-term-5f-mdmb-2201-5f-mdmb-2201-powder-for-sale","32":"product_tag-remove-term-5f-mdmb-2201-5f-mdmb-2201-effect","33":"product_tag-5f-mdmb-2201-powder-vendor","34":"product_tag-5f-mdmb-2201-na-predaj","35":"product_tag-5f-mdmb-2201-kanabinoidy-na-predaj","37":"first","38":"instock","39":"shipping-taxable","40":"purchasable","41":"product-type-variable","42":"has-default-attributes"},"yoast_head":"<!-- This site is optimized with the Yoast SEO plugin v27.3 - https:\/\/yoast.com\/product\/yoast-seo-wordpress\/ -->\n<title>K\u00fapi\u0165 pr\u00e1\u0161ok MMB-2201 - MMB-2201 na predaj - najlep\u0161ie glob\u00e1lne lieky<\/title>\n<meta name=\"description\" content=\"K\u00fapi\u0165 MMB-2201 Pr\u00e1\u0161ok na Predaj v UK, Europe, AU. pon\u00fakame najspo\u013eahlivej\u0161ie transakcie a pred\u00e1vame za ve\u013emi prijate\u013en\u00e9 ceny. Objednajte si pr\u00e1\u0161ok MMB-2201 teraz za najlep\u0161ie ceny\" \/>\n<meta name=\"robots\" content=\"index, follow, max-snippet:-1, max-image-preview:large, max-video-preview:-1\" \/>\n<link rel=\"canonical\" href=\"https:\/\/medicinasinc.com\/sk\/product\/buy-mmb-2201-prasok\/\" \/>\n<meta property=\"og:locale\" content=\"en_US\" \/>\n<meta property=\"og:type\" content=\"article\" \/>\n<meta property=\"og:title\" content=\"K\u00fapi\u0165 pr\u00e1\u0161ok MMB-2201 - MMB-2201 na predaj - najlep\u0161ie glob\u00e1lne lieky\" \/>\n<meta property=\"og:description\" content=\"K\u00fapi\u0165 MMB-2201 Pr\u00e1\u0161ok na Predaj v UK, Europe, AU. pon\u00fakame najspo\u013eahlivej\u0161ie transakcie a pred\u00e1vame za ve\u013emi prijate\u013en\u00e9 ceny. Objednajte si pr\u00e1\u0161ok MMB-2201 teraz za najlep\u0161ie ceny\" \/>\n<meta property=\"og:url\" content=\"https:\/\/medicinasinc.com\/sk\/product\/buy-mmb-2201-prasok\/\" \/>\n<meta property=\"og:site_name\" content=\"Medicinas Inc\" \/>\n<meta property=\"article:modified_time\" content=\"2022-03-22T00:52:03+00:00\" \/>\n<meta property=\"og:image\" content=\"https:\/\/medicinasinc.com\/sk\/wp-content\/uploads\/sites\/10\/2022\/02\/Buy-MMB-2201-Powder.jpg\" \/>\n\t<meta property=\"og:image:width\" content=\"600\" \/>\n\t<meta property=\"og:image:height\" content=\"600\" \/>\n\t<meta property=\"og:image:type\" content=\"image\/jpeg\" \/>\n<meta name=\"twitter:card\" content=\"summary_large_image\" \/>\n<meta name=\"twitter:label1\" content=\"Est. reading time\" \/>\n\t<meta name=\"twitter:data1\" content=\"2 minutes\" \/>\n<script type=\"application\/ld+json\" class=\"yoast-schema-graph\">{\"@context\":\"https:\\\/\\\/schema.org\",\"@graph\":[{\"@type\":\"WebPage\",\"@id\":\"https:\\\/\\\/medicinasinc.com\\\/sk\\\/product\\\/buy-mmb-2201-prasok\\\/\",\"url\":\"https:\\\/\\\/medicinasinc.com\\\/sk\\\/product\\\/buy-mmb-2201-prasok\\\/\",\"name\":\"K\u00fapi\u0165 pr\u00e1\u0161ok MMB-2201 - MMB-2201 na predaj - najlep\u0161ie glob\u00e1lne lieky\",\"isPartOf\":{\"@id\":\"https:\\\/\\\/medicinasinc.com\\\/sk\\\/#website\"},\"primaryImageOfPage\":{\"@id\":\"https:\\\/\\\/medicinasinc.com\\\/sk\\\/product\\\/buy-mmb-2201-prasok\\\/#primaryimage\"},\"image\":{\"@id\":\"https:\\\/\\\/medicinasinc.com\\\/sk\\\/product\\\/buy-mmb-2201-prasok\\\/#primaryimage\"},\"thumbnailUrl\":\"https:\\\/\\\/medicinasinc.com\\\/sk\\\/wp-content\\\/uploads\\\/sites\\\/10\\\/2022\\\/02\\\/Buy-MMB-2201-Powder.jpg\",\"datePublished\":\"2022-02-22T04:10:18+00:00\",\"dateModified\":\"2022-03-22T00:52:03+00:00\",\"description\":\"K\u00fapi\u0165 MMB-2201 Pr\u00e1\u0161ok na Predaj v UK, Europe, AU. pon\u00fakame najspo\u013eahlivej\u0161ie transakcie a pred\u00e1vame za ve\u013emi prijate\u013en\u00e9 ceny. Objednajte si pr\u00e1\u0161ok MMB-2201 teraz za najlep\u0161ie ceny\",\"breadcrumb\":{\"@id\":\"https:\\\/\\\/medicinasinc.com\\\/sk\\\/product\\\/buy-mmb-2201-prasok\\\/#breadcrumb\"},\"inLanguage\":\"en-US\",\"potentialAction\":[{\"@type\":\"ReadAction\",\"target\":[\"https:\\\/\\\/medicinasinc.com\\\/sk\\\/product\\\/buy-mmb-2201-prasok\\\/\"]}]},{\"@type\":\"ImageObject\",\"inLanguage\":\"en-US\",\"@id\":\"https:\\\/\\\/medicinasinc.com\\\/sk\\\/product\\\/buy-mmb-2201-prasok\\\/#primaryimage\",\"url\":\"https:\\\/\\\/medicinasinc.com\\\/sk\\\/wp-content\\\/uploads\\\/sites\\\/10\\\/2022\\\/02\\\/Buy-MMB-2201-Powder.jpg\",\"contentUrl\":\"https:\\\/\\\/medicinasinc.com\\\/sk\\\/wp-content\\\/uploads\\\/sites\\\/10\\\/2022\\\/02\\\/Buy-MMB-2201-Powder.jpg\",\"width\":600,\"height\":600},{\"@type\":\"BreadcrumbList\",\"@id\":\"https:\\\/\\\/medicinasinc.com\\\/sk\\\/product\\\/buy-mmb-2201-prasok\\\/#breadcrumb\",\"itemListElement\":[{\"@type\":\"ListItem\",\"position\":1,\"name\":\"Obchod\",\"item\":\"https:\\\/\\\/medicinasinc.com\\\/sk\\\/obchod\\\/\"},{\"@type\":\"ListItem\",\"position\":2,\"name\":\"K\u00fapte si pr\u00e1\u0161ok MMB-2201\"}]},{\"@type\":\"WebSite\",\"@id\":\"https:\\\/\\\/medicinasinc.com\\\/sk\\\/#website\",\"url\":\"https:\\\/\\\/medicinasinc.com\\\/sk\\\/\",\"name\":\"Medicinas Inc\",\"description\":\"Health Medical Clinic\",\"potentialAction\":[{\"@type\":\"SearchAction\",\"target\":{\"@type\":\"EntryPoint\",\"urlTemplate\":\"https:\\\/\\\/medicinasinc.com\\\/sk\\\/?s={search_term_string}\"},\"query-input\":{\"@type\":\"PropertyValueSpecification\",\"valueRequired\":true,\"valueName\":\"search_term_string\"}}],\"inLanguage\":\"en-US\"}]}<\/script>\n<!-- \/ Yoast SEO plugin. -->","yoast_head_json":{"title":"K\u00fapi\u0165 pr\u00e1\u0161ok MMB-2201 - MMB-2201 na predaj - najlep\u0161ie glob\u00e1lne lieky","description":"K\u00fapi\u0165 MMB-2201 Pr\u00e1\u0161ok na Predaj v UK, Europe, AU. pon\u00fakame najspo\u013eahlivej\u0161ie transakcie a pred\u00e1vame za ve\u013emi prijate\u013en\u00e9 ceny. Objednajte si pr\u00e1\u0161ok MMB-2201 teraz za najlep\u0161ie ceny","robots":{"index":"index","follow":"follow","max-snippet":"max-snippet:-1","max-image-preview":"max-image-preview:large","max-video-preview":"max-video-preview:-1"},"canonical":"https:\/\/medicinasinc.com\/sk\/product\/buy-mmb-2201-prasok\/","og_locale":"en_US","og_type":"article","og_title":"K\u00fapi\u0165 pr\u00e1\u0161ok MMB-2201 - MMB-2201 na predaj - najlep\u0161ie glob\u00e1lne lieky","og_description":"K\u00fapi\u0165 MMB-2201 Pr\u00e1\u0161ok na Predaj v UK, Europe, AU. pon\u00fakame najspo\u013eahlivej\u0161ie transakcie a pred\u00e1vame za ve\u013emi prijate\u013en\u00e9 ceny. Objednajte si pr\u00e1\u0161ok MMB-2201 teraz za najlep\u0161ie ceny","og_url":"https:\/\/medicinasinc.com\/sk\/product\/buy-mmb-2201-prasok\/","og_site_name":"Medicinas Inc","article_modified_time":"2022-03-22T00:52:03+00:00","og_image":[{"width":600,"height":600,"url":"https:\/\/medicinasinc.com\/sk\/wp-content\/uploads\/sites\/10\/2022\/02\/Buy-MMB-2201-Powder.jpg","type":"image\/jpeg"}],"twitter_card":"summary_large_image","twitter_misc":{"Est. reading time":"2 minutes"},"schema":{"@context":"https:\/\/schema.org","@graph":[{"@type":"WebPage","@id":"https:\/\/medicinasinc.com\/sk\/product\/buy-mmb-2201-prasok\/","url":"https:\/\/medicinasinc.com\/sk\/product\/buy-mmb-2201-prasok\/","name":"K\u00fapi\u0165 pr\u00e1\u0161ok MMB-2201 - MMB-2201 na predaj - najlep\u0161ie glob\u00e1lne lieky","isPartOf":{"@id":"https:\/\/medicinasinc.com\/sk\/#website"},"primaryImageOfPage":{"@id":"https:\/\/medicinasinc.com\/sk\/product\/buy-mmb-2201-prasok\/#primaryimage"},"image":{"@id":"https:\/\/medicinasinc.com\/sk\/product\/buy-mmb-2201-prasok\/#primaryimage"},"thumbnailUrl":"https:\/\/medicinasinc.com\/sk\/wp-content\/uploads\/sites\/10\/2022\/02\/Buy-MMB-2201-Powder.jpg","datePublished":"2022-02-22T04:10:18+00:00","dateModified":"2022-03-22T00:52:03+00:00","description":"K\u00fapi\u0165 MMB-2201 Pr\u00e1\u0161ok na Predaj v UK, Europe, AU. pon\u00fakame najspo\u013eahlivej\u0161ie transakcie a pred\u00e1vame za ve\u013emi prijate\u013en\u00e9 ceny. Objednajte si pr\u00e1\u0161ok MMB-2201 teraz za najlep\u0161ie ceny","breadcrumb":{"@id":"https:\/\/medicinasinc.com\/sk\/product\/buy-mmb-2201-prasok\/#breadcrumb"},"inLanguage":"en-US","potentialAction":[{"@type":"ReadAction","target":["https:\/\/medicinasinc.com\/sk\/product\/buy-mmb-2201-prasok\/"]}]},{"@type":"ImageObject","inLanguage":"en-US","@id":"https:\/\/medicinasinc.com\/sk\/product\/buy-mmb-2201-prasok\/#primaryimage","url":"https:\/\/medicinasinc.com\/sk\/wp-content\/uploads\/sites\/10\/2022\/02\/Buy-MMB-2201-Powder.jpg","contentUrl":"https:\/\/medicinasinc.com\/sk\/wp-content\/uploads\/sites\/10\/2022\/02\/Buy-MMB-2201-Powder.jpg","width":600,"height":600},{"@type":"BreadcrumbList","@id":"https:\/\/medicinasinc.com\/sk\/product\/buy-mmb-2201-prasok\/#breadcrumb","itemListElement":[{"@type":"ListItem","position":1,"name":"Obchod","item":"https:\/\/medicinasinc.com\/sk\/obchod\/"},{"@type":"ListItem","position":2,"name":"K\u00fapte si pr\u00e1\u0161ok MMB-2201"}]},{"@type":"WebSite","@id":"https:\/\/medicinasinc.com\/sk\/#website","url":"https:\/\/medicinasinc.com\/sk\/","name":"Medicinas Inc","description":"Health Medical Clinic","potentialAction":[{"@type":"SearchAction","target":{"@type":"EntryPoint","urlTemplate":"https:\/\/medicinasinc.com\/sk\/?s={search_term_string}"},"query-input":{"@type":"PropertyValueSpecification","valueRequired":true,"valueName":"search_term_string"}}],"inLanguage":"en-US"}]}},"_links":{"self":[{"href":"https:\/\/medicinasinc.com\/sk\/wp-json\/wp\/v2\/product\/5684","targetHints":{"allow":["GET"]}}],"collection":[{"href":"https:\/\/medicinasinc.com\/sk\/wp-json\/wp\/v2\/product"}],"about":[{"href":"https:\/\/medicinasinc.com\/sk\/wp-json\/wp\/v2\/types\/product"}],"replies":[{"embeddable":true,"href":"https:\/\/medicinasinc.com\/sk\/wp-json\/wp\/v2\/comments?post=5684"}],"wp:featuredmedia":[{"embeddable":true,"href":"https:\/\/medicinasinc.com\/sk\/wp-json\/wp\/v2\/media\/5695"}],"wp:attachment":[{"href":"https:\/\/medicinasinc.com\/sk\/wp-json\/wp\/v2\/media?parent=5684"}],"wp:term":[{"taxonomy":"product_brand","embeddable":true,"href":"https:\/\/medicinasinc.com\/sk\/wp-json\/wp\/v2\/product_brand?post=5684"},{"taxonomy":"product_cat","embeddable":true,"href":"https:\/\/medicinasinc.com\/sk\/wp-json\/wp\/v2\/product_cat?post=5684"},{"taxonomy":"product_tag","embeddable":true,"href":"https:\/\/medicinasinc.com\/sk\/wp-json\/wp\/v2\/product_tag?post=5684"}],"curies":[{"name":"wp","href":"https:\/\/api.w.org\/{rel}","templated":true}]}}