{"id":5682,"date":"2022-02-22T04:07:27","date_gmt":"2022-02-22T04:07:27","guid":{"rendered":"https:\/\/medicinasinc.com\/sk\/?post_type=product&#038;p=5682"},"modified":"2022-03-22T00:52:15","modified_gmt":"2022-03-22T00:52:15","slug":"kupit-no-byk-kupel-sol","status":"publish","type":"product","link":"https:\/\/medicinasinc.com\/sk\/product\/kupit-no-byk-kupel-sol\/","title":{"rendered":"K\u00fape\u013eov\u00e1 so\u013e bez b\u00fdka"},"content":{"rendered":"<p>Z\u00e1soby k\u00fape\u013eov\u00fdch sol\u00ed na zmiernenie stresu<\/p>\n<p>K\u00fape\u013eov\u00e9 soli neobsahuj\u00face b\u00fdka s\u00fa v akcii. Aby ste si zaistili relaxa\u010dn\u00fd, zmyseln\u00fd k\u00fape\u013e, pon\u00fakame vysokokvalitn\u00e9 k\u00fapacie potreby, ako s\u00fa k\u00fape\u013eov\u00e9 soli. Ke\u010f si u n\u00e1s k\u00fapite so\u013e do k\u00fape\u013ea online, m\u00f4\u017eete si by\u0165 ist\u00ed, \u017ee dostanete ten najlep\u0161\u00ed mo\u017en\u00fd produkt. Ostatn\u00e9 koncentr\u00e1ty soli do k\u00fape\u013ea s\u00fa dostupn\u00e9 na predaj za rozumn\u00fa cenu prostredn\u00edctvom na\u0161ich ve\u013ekoobchodn\u00fdch a maloobchodn\u00fdch prev\u00e1dzok.<\/p>\n<p>Je to v\u0161etko o na\u0161ich produktoch<\/p>\n<p>Nam\u00e1\u010danie so\u013eou do k\u00fape\u013ea No-Bull v\u00e1m dod\u00e1 energiu. energick\u00fd a euforick\u00fd. Na dosiahnutie v\u00fdznamn\u00e9ho \u00fa\u010dinku sta\u010d\u00ed skromn\u00fd k\u00fasok. Ako alternat\u00edvu si dajte mal\u00e9 mno\u017estvo do hor\u00faceho k\u00fape\u013ea a budete sa c\u00edti\u0165 ako omladen\u00ed a vo vytr\u017een\u00ed. Napriek tomu ho ve\u013ea \u013eud\u00ed vyu\u017e\u00edva na napodob\u0148ovanie skuto\u010dn\u00fdch hor\u00facich prame\u0148ov, ktor\u00e9 sa nach\u00e1dzaj\u00fa pozd\u013a\u017e gr\u00e9ckeho pobre\u017eia. Vezmite na vedomie: N\u00e1\u0161 produkt je \u00fa\u010dinn\u00e1 so\u013e do k\u00fape\u013ea na medit\u00e1ciu. Na za\u010diatku pou\u017eite len mal\u00e9 mno\u017estvo, aby ste zabr\u00e1nili tomu, aby voda v k\u00fapeli bola pr\u00edli\u0161 kaln\u00e1. Ak sa v\u0161ak so\u013e do k\u00fape\u013ea Bez b\u00fdka pou\u017e\u00edva spr\u00e1vne, m\u00f4\u017ee v\u00e1m pom\u00f4c\u0165 zdola\u0165 predt\u00fdm neprekonate\u013en\u00e9 v\u00fd\u0161ky.<\/p>\n<p>\u010eAL\u0160IE VYSK\u00da\u0160ANIE<br \/> Dob\u00edjacia so\u013e do k\u00fape\u013ea Ivory Wave 500 mg, White Girl 500 mg koncentrovan\u00e1 so\u013e do k\u00fape\u013ea, koncentrovan\u00fd k\u00fape\u013e Tranquility Soli 500 mg a soli do k\u00fape\u013ea X hodnoten\u00e9 500 mg s\u00fa niektor\u00e9 z k\u00fape\u013eov\u00fdch sol\u00ed, ktor\u00e9 pon\u00fakame.<br \/> K\u00fape\u013eov\u00e9 soli Koncentrovan\u00e1 slonovinov\u00e1 hladk\u00e1 500 mg<br \/> K\u00fape\u013eov\u00e1 so\u013e 50 mg Blue Wave<br \/> \u010cist\u00e1 so\u013e do k\u00fape\u013ea &#8211; Modr\u00fd hodv\u00e1b, 500 mg <br \/> 500 mg bol\u00edvijskej soli do k\u00fape\u013ea<br \/> Rave On Bath Salt Tranquility 500 mg koncentrovanej soli do k\u00fape\u013ea od G Pheonix.<br \/> 500 miligramov \u00f4smich Ballz k\u00fape\u013eov\u00fdch sol\u00ed.<br \/> TOALETN\u00c9 SOLI, 1 GRAM, HOLLYWOOD br \/&gt; Diamond Dust \u2013 500 miligramov<br \/> 500 miligramov pr\u00e1\u0161ku Drone V Fun Powder<br \/> Novelty Powder Black Diamond od Black Diamond<br \/> Novinka v pr\u00e1\u0161ku pump-it pr\u00e1\u0161ok 500 mg Eight Ballz<br \/> 500 mg bieleho Rush so\u013e do k\u00fape\u013ea.<br \/> 400 g Pure Bath Salts Ivory Wave Ultra<br \/> Salts of the Wave 500 mg Ivory<br \/> 500 mg soli do k\u00fape\u013ea Lady Bubbles.<br \/> 50 0 mg soli do k\u00fape\u013ea Cloud 9<br \/> pr\u00e1\u0161ok 500 mg Heavenly Soak &#8211; Euf\u00f3ria &#8211; novinka<br \/> Energy &#8211; Novelty Powder 500 mg od Heavenly Soak<br \/> The Sky &#8211; Novelty Powder \u2013 500 mg<br \/> Novelty Powder, 500 mg Molly&#8217;s Blend<\/p>\n","protected":false},"excerpt":{"rendered":"<p>Koncentrovan\u00e1 so\u013e do k\u00fape\u013ea najvy\u0161\u0161ej kvality.<\/p>\n<p>100% celosvetovo leg\u00e1lne<\/p>\n<p><em>K\u00fapi\u0165<\/em>\u00a0White Girl\u00a0<em>Soli do k\u00fape\u013ea<\/em>\u00a0od schv\u00e1len\u00e9ho dod\u00e1vate\u013ea . \u010cistota najvy\u0161\u0161ej kvality, spravodliv\u00e9 ceny, R\u00fdchle zaru\u010den\u00e9 doru\u010denie, Z\u00e1sady vr\u00e1tenia\/vr\u00e1tenia tovaru, Skvel\u00fd z\u00e1kazn\u00edcky servis.<\/p>\n<p>Neplat\u00edte za\u00a0<em>nie<\/em>&#8211;<em>b\u00fd\u010die soli do k\u00fape\u013ea? \/em&gt;\u00a0online? <em>Nek\u00fapite \u017eiadne<\/em><em>k\u00fape\u013eov\u00e9 soli pre b\u00fdky<\/em> online v Best Global Meds. Z\u00edskajte <em>inform\u00e1cie<\/em>\u00a0o\u00a0<em>no<\/em>&#8211;<em>soli do k\u00fape\u013ea pre b\u00fdky<\/em>\u00a0za akciov\u00e9 ceny.<\/p>\n<p><em>K\u00fapte si No Bull So\u013e do k\u00fape\u013ea<\/em>\u00a0Online za najlep\u0161iu cenu. Zaru\u010dujeme bezpe\u010dn\u00fa a zabezpe\u010den\u00fa prepravu do cel\u00e9ho sveta.<\/p>\n","protected":false},"featured_media":5693,"comment_status":"open","ping_status":"closed","template":"","meta":[],"product_brand":[],"product_cat":[2014],"product_tag":[3551,3562,3548,3549,3560,3550,3552,3557,3558,3559,3561,3555,3554,3553,3556],"class_list":{"0":"post-5682","1":"product","2":"type-product","3":"status-publish","4":"has-post-thumbnail","6":"product_cat-k-c3-bapi-c5-a5-v-c3-bdskumn-c3-a9-chemik-c3-a1lie","7":"product_tag-no-bk-kpe-so-kpi","8":"product_tag-kde-kpi-no-bie-kpeov-soli","9":"product_tag-kpi-no-bk-kpe-so","10":"product_tag-kpi-bez-bie-prkov-isti-1000mg-so--do-kpea-online","11":"product_tag-bez-bie-kpeov-soli-na-predaj","12":"product_tag-k-c3-bapi-c5-a5-bez-b-c3-bd-c4-8die-k-c3-bape-c4-beov-c3-a9-soli-online","13":"product_tag-no-bull-bath-salt-effect","14":"product_tag-no-bull-powder-cleaner-1000mg-bath-salt","15":"product_tag-no-bull-powder-cleaner-1000mg-bath-salt-online","16":"product_tag-no-bull-bath-salts","17":"product_tag-objedna-bez-bie-kpeov-soli-online","18":"product_tag-no-bull-bath-so-reddit","19":"product_tag-no-bk-kpe-so-objednvka","20":"product_tag-no-bull-bath-so-google","21":"product_tag-no-b-kpe-so-predaj","23":"first","24":"instock","25":"shipping-taxable","26":"purchasable","27":"product-type-variable","28":"has-default-attributes"},"yoast_head":"<!-- This site is optimized with the Yoast SEO plugin v27.3 - https:\/\/yoast.com\/product\/yoast-seo-wordpress\/ -->\n<title>K\u00fapte si so\u013e do k\u00fape\u013ea bez b\u00fdka \u2013 bez soli do k\u00fape\u013ea online \u2013 najlep\u0161ie glob\u00e1lne lieky<\/title>\n<meta name=\"description\" content=\"K\u00fapi\u0165 bez b\u00fd\u010dia so\u013e do k\u00fape\u013ea na predaj vo Ve\u013ekej Brit\u00e1nii, Eur\u00f3pe, AU. pon\u00fakame najspo\u013eahlivej\u0161ie transakcie a pred\u00e1vame za ve\u013emi prijate\u013en\u00e9 ceny. Objednajte si B\u00fd\u010dia so\u013e do k\u00fape\u013ea teraz za najlep\u0161ie ceny\" \/>\n<meta name=\"robots\" content=\"index, follow, max-snippet:-1, max-image-preview:large, max-video-preview:-1\" \/>\n<link rel=\"canonical\" href=\"https:\/\/medicinasinc.com\/sk\/product\/kupit-no-byk-kupel-sol\/\" \/>\n<meta property=\"og:locale\" content=\"en_US\" \/>\n<meta property=\"og:type\" content=\"article\" \/>\n<meta property=\"og:title\" content=\"K\u00fapte si so\u013e do k\u00fape\u013ea bez b\u00fdka \u2013 bez soli do k\u00fape\u013ea online \u2013 najlep\u0161ie glob\u00e1lne lieky\" \/>\n<meta property=\"og:description\" content=\"K\u00fapi\u0165 bez b\u00fd\u010dia so\u013e do k\u00fape\u013ea na predaj vo Ve\u013ekej Brit\u00e1nii, Eur\u00f3pe, AU. pon\u00fakame najspo\u013eahlivej\u0161ie transakcie a pred\u00e1vame za ve\u013emi prijate\u013en\u00e9 ceny. Objednajte si B\u00fd\u010dia so\u013e do k\u00fape\u013ea teraz za najlep\u0161ie ceny\" \/>\n<meta property=\"og:url\" content=\"https:\/\/medicinasinc.com\/sk\/product\/kupit-no-byk-kupel-sol\/\" \/>\n<meta property=\"og:site_name\" content=\"Medicinas Inc\" \/>\n<meta property=\"article:modified_time\" content=\"2022-03-22T00:52:15+00:00\" \/>\n<meta property=\"og:image\" content=\"https:\/\/medicinasinc.com\/sk\/wp-content\/uploads\/sites\/10\/2022\/02\/Buy-No-Bull-Bath-Salt.jpg\" \/>\n\t<meta property=\"og:image:width\" content=\"600\" \/>\n\t<meta property=\"og:image:height\" content=\"600\" \/>\n\t<meta property=\"og:image:type\" content=\"image\/jpeg\" \/>\n<meta name=\"twitter:card\" content=\"summary_large_image\" \/>\n<meta name=\"twitter:label1\" content=\"Est. reading time\" \/>\n\t<meta name=\"twitter:data1\" content=\"2 minutes\" \/>\n<script type=\"application\/ld+json\" class=\"yoast-schema-graph\">{\"@context\":\"https:\\\/\\\/schema.org\",\"@graph\":[{\"@type\":\"WebPage\",\"@id\":\"https:\\\/\\\/medicinasinc.com\\\/sk\\\/product\\\/kupit-no-byk-kupel-sol\\\/\",\"url\":\"https:\\\/\\\/medicinasinc.com\\\/sk\\\/product\\\/kupit-no-byk-kupel-sol\\\/\",\"name\":\"K\u00fapte si so\u013e do k\u00fape\u013ea bez b\u00fdka \u2013 bez soli do k\u00fape\u013ea online \u2013 najlep\u0161ie glob\u00e1lne lieky\",\"isPartOf\":{\"@id\":\"https:\\\/\\\/medicinasinc.com\\\/sk\\\/#website\"},\"primaryImageOfPage\":{\"@id\":\"https:\\\/\\\/medicinasinc.com\\\/sk\\\/product\\\/kupit-no-byk-kupel-sol\\\/#primaryimage\"},\"image\":{\"@id\":\"https:\\\/\\\/medicinasinc.com\\\/sk\\\/product\\\/kupit-no-byk-kupel-sol\\\/#primaryimage\"},\"thumbnailUrl\":\"https:\\\/\\\/medicinasinc.com\\\/sk\\\/wp-content\\\/uploads\\\/sites\\\/10\\\/2022\\\/02\\\/Buy-No-Bull-Bath-Salt.jpg\",\"datePublished\":\"2022-02-22T04:07:27+00:00\",\"dateModified\":\"2022-03-22T00:52:15+00:00\",\"description\":\"K\u00fapi\u0165 bez b\u00fd\u010dia so\u013e do k\u00fape\u013ea na predaj vo Ve\u013ekej Brit\u00e1nii, Eur\u00f3pe, AU. pon\u00fakame najspo\u013eahlivej\u0161ie transakcie a pred\u00e1vame za ve\u013emi prijate\u013en\u00e9 ceny. Objednajte si B\u00fd\u010dia so\u013e do k\u00fape\u013ea teraz za najlep\u0161ie ceny\",\"breadcrumb\":{\"@id\":\"https:\\\/\\\/medicinasinc.com\\\/sk\\\/product\\\/kupit-no-byk-kupel-sol\\\/#breadcrumb\"},\"inLanguage\":\"en-US\",\"potentialAction\":[{\"@type\":\"ReadAction\",\"target\":[\"https:\\\/\\\/medicinasinc.com\\\/sk\\\/product\\\/kupit-no-byk-kupel-sol\\\/\"]}]},{\"@type\":\"ImageObject\",\"inLanguage\":\"en-US\",\"@id\":\"https:\\\/\\\/medicinasinc.com\\\/sk\\\/product\\\/kupit-no-byk-kupel-sol\\\/#primaryimage\",\"url\":\"https:\\\/\\\/medicinasinc.com\\\/sk\\\/wp-content\\\/uploads\\\/sites\\\/10\\\/2022\\\/02\\\/Buy-No-Bull-Bath-Salt.jpg\",\"contentUrl\":\"https:\\\/\\\/medicinasinc.com\\\/sk\\\/wp-content\\\/uploads\\\/sites\\\/10\\\/2022\\\/02\\\/Buy-No-Bull-Bath-Salt.jpg\",\"width\":600,\"height\":600},{\"@type\":\"BreadcrumbList\",\"@id\":\"https:\\\/\\\/medicinasinc.com\\\/sk\\\/product\\\/kupit-no-byk-kupel-sol\\\/#breadcrumb\",\"itemListElement\":[{\"@type\":\"ListItem\",\"position\":1,\"name\":\"Obchod\",\"item\":\"https:\\\/\\\/medicinasinc.com\\\/sk\\\/obchod\\\/\"},{\"@type\":\"ListItem\",\"position\":2,\"name\":\"K\u00fape\u013eov\u00e1 so\u013e bez b\u00fdka\"}]},{\"@type\":\"WebSite\",\"@id\":\"https:\\\/\\\/medicinasinc.com\\\/sk\\\/#website\",\"url\":\"https:\\\/\\\/medicinasinc.com\\\/sk\\\/\",\"name\":\"Medicinas Inc\",\"description\":\"Health Medical Clinic\",\"potentialAction\":[{\"@type\":\"SearchAction\",\"target\":{\"@type\":\"EntryPoint\",\"urlTemplate\":\"https:\\\/\\\/medicinasinc.com\\\/sk\\\/?s={search_term_string}\"},\"query-input\":{\"@type\":\"PropertyValueSpecification\",\"valueRequired\":true,\"valueName\":\"search_term_string\"}}],\"inLanguage\":\"en-US\"}]}<\/script>\n<!-- \/ Yoast SEO plugin. -->","yoast_head_json":{"title":"K\u00fapte si so\u013e do k\u00fape\u013ea bez b\u00fdka \u2013 bez soli do k\u00fape\u013ea online \u2013 najlep\u0161ie glob\u00e1lne lieky","description":"K\u00fapi\u0165 bez b\u00fd\u010dia so\u013e do k\u00fape\u013ea na predaj vo Ve\u013ekej Brit\u00e1nii, Eur\u00f3pe, AU. pon\u00fakame najspo\u013eahlivej\u0161ie transakcie a pred\u00e1vame za ve\u013emi prijate\u013en\u00e9 ceny. Objednajte si B\u00fd\u010dia so\u013e do k\u00fape\u013ea teraz za najlep\u0161ie ceny","robots":{"index":"index","follow":"follow","max-snippet":"max-snippet:-1","max-image-preview":"max-image-preview:large","max-video-preview":"max-video-preview:-1"},"canonical":"https:\/\/medicinasinc.com\/sk\/product\/kupit-no-byk-kupel-sol\/","og_locale":"en_US","og_type":"article","og_title":"K\u00fapte si so\u013e do k\u00fape\u013ea bez b\u00fdka \u2013 bez soli do k\u00fape\u013ea online \u2013 najlep\u0161ie glob\u00e1lne lieky","og_description":"K\u00fapi\u0165 bez b\u00fd\u010dia so\u013e do k\u00fape\u013ea na predaj vo Ve\u013ekej Brit\u00e1nii, Eur\u00f3pe, AU. pon\u00fakame najspo\u013eahlivej\u0161ie transakcie a pred\u00e1vame za ve\u013emi prijate\u013en\u00e9 ceny. Objednajte si B\u00fd\u010dia so\u013e do k\u00fape\u013ea teraz za najlep\u0161ie ceny","og_url":"https:\/\/medicinasinc.com\/sk\/product\/kupit-no-byk-kupel-sol\/","og_site_name":"Medicinas Inc","article_modified_time":"2022-03-22T00:52:15+00:00","og_image":[{"width":600,"height":600,"url":"https:\/\/medicinasinc.com\/sk\/wp-content\/uploads\/sites\/10\/2022\/02\/Buy-No-Bull-Bath-Salt.jpg","type":"image\/jpeg"}],"twitter_card":"summary_large_image","twitter_misc":{"Est. reading time":"2 minutes"},"schema":{"@context":"https:\/\/schema.org","@graph":[{"@type":"WebPage","@id":"https:\/\/medicinasinc.com\/sk\/product\/kupit-no-byk-kupel-sol\/","url":"https:\/\/medicinasinc.com\/sk\/product\/kupit-no-byk-kupel-sol\/","name":"K\u00fapte si so\u013e do k\u00fape\u013ea bez b\u00fdka \u2013 bez soli do k\u00fape\u013ea online \u2013 najlep\u0161ie glob\u00e1lne lieky","isPartOf":{"@id":"https:\/\/medicinasinc.com\/sk\/#website"},"primaryImageOfPage":{"@id":"https:\/\/medicinasinc.com\/sk\/product\/kupit-no-byk-kupel-sol\/#primaryimage"},"image":{"@id":"https:\/\/medicinasinc.com\/sk\/product\/kupit-no-byk-kupel-sol\/#primaryimage"},"thumbnailUrl":"https:\/\/medicinasinc.com\/sk\/wp-content\/uploads\/sites\/10\/2022\/02\/Buy-No-Bull-Bath-Salt.jpg","datePublished":"2022-02-22T04:07:27+00:00","dateModified":"2022-03-22T00:52:15+00:00","description":"K\u00fapi\u0165 bez b\u00fd\u010dia so\u013e do k\u00fape\u013ea na predaj vo Ve\u013ekej Brit\u00e1nii, Eur\u00f3pe, AU. pon\u00fakame najspo\u013eahlivej\u0161ie transakcie a pred\u00e1vame za ve\u013emi prijate\u013en\u00e9 ceny. Objednajte si B\u00fd\u010dia so\u013e do k\u00fape\u013ea teraz za najlep\u0161ie ceny","breadcrumb":{"@id":"https:\/\/medicinasinc.com\/sk\/product\/kupit-no-byk-kupel-sol\/#breadcrumb"},"inLanguage":"en-US","potentialAction":[{"@type":"ReadAction","target":["https:\/\/medicinasinc.com\/sk\/product\/kupit-no-byk-kupel-sol\/"]}]},{"@type":"ImageObject","inLanguage":"en-US","@id":"https:\/\/medicinasinc.com\/sk\/product\/kupit-no-byk-kupel-sol\/#primaryimage","url":"https:\/\/medicinasinc.com\/sk\/wp-content\/uploads\/sites\/10\/2022\/02\/Buy-No-Bull-Bath-Salt.jpg","contentUrl":"https:\/\/medicinasinc.com\/sk\/wp-content\/uploads\/sites\/10\/2022\/02\/Buy-No-Bull-Bath-Salt.jpg","width":600,"height":600},{"@type":"BreadcrumbList","@id":"https:\/\/medicinasinc.com\/sk\/product\/kupit-no-byk-kupel-sol\/#breadcrumb","itemListElement":[{"@type":"ListItem","position":1,"name":"Obchod","item":"https:\/\/medicinasinc.com\/sk\/obchod\/"},{"@type":"ListItem","position":2,"name":"K\u00fape\u013eov\u00e1 so\u013e bez b\u00fdka"}]},{"@type":"WebSite","@id":"https:\/\/medicinasinc.com\/sk\/#website","url":"https:\/\/medicinasinc.com\/sk\/","name":"Medicinas Inc","description":"Health Medical Clinic","potentialAction":[{"@type":"SearchAction","target":{"@type":"EntryPoint","urlTemplate":"https:\/\/medicinasinc.com\/sk\/?s={search_term_string}"},"query-input":{"@type":"PropertyValueSpecification","valueRequired":true,"valueName":"search_term_string"}}],"inLanguage":"en-US"}]}},"_links":{"self":[{"href":"https:\/\/medicinasinc.com\/sk\/wp-json\/wp\/v2\/product\/5682","targetHints":{"allow":["GET"]}}],"collection":[{"href":"https:\/\/medicinasinc.com\/sk\/wp-json\/wp\/v2\/product"}],"about":[{"href":"https:\/\/medicinasinc.com\/sk\/wp-json\/wp\/v2\/types\/product"}],"replies":[{"embeddable":true,"href":"https:\/\/medicinasinc.com\/sk\/wp-json\/wp\/v2\/comments?post=5682"}],"wp:featuredmedia":[{"embeddable":true,"href":"https:\/\/medicinasinc.com\/sk\/wp-json\/wp\/v2\/media\/5693"}],"wp:attachment":[{"href":"https:\/\/medicinasinc.com\/sk\/wp-json\/wp\/v2\/media?parent=5682"}],"wp:term":[{"taxonomy":"product_brand","embeddable":true,"href":"https:\/\/medicinasinc.com\/sk\/wp-json\/wp\/v2\/product_brand?post=5682"},{"taxonomy":"product_cat","embeddable":true,"href":"https:\/\/medicinasinc.com\/sk\/wp-json\/wp\/v2\/product_cat?post=5682"},{"taxonomy":"product_tag","embeddable":true,"href":"https:\/\/medicinasinc.com\/sk\/wp-json\/wp\/v2\/product_tag?post=5682"}],"curies":[{"name":"wp","href":"https:\/\/api.w.org\/{rel}","templated":true}]}}