{"id":5677,"date":"2022-02-22T04:00:21","date_gmt":"2022-02-22T04:00:21","guid":{"rendered":"https:\/\/medicinasinc.com\/sk\/?post_type=product&#038;p=5677"},"modified":"2022-03-22T00:52:23","modified_gmt":"2022-03-22T00:52:23","slug":"kupit-metoxetamin","status":"publish","type":"product","link":"https:\/\/medicinasinc.com\/sk\/product\/kupit-metoxetamin\/","title":{"rendered":"K\u00fapi\u0165 Methoxetamine"},"content":{"rendered":"<p>Metoxetam\u00edn MXE na predaj na internete<\/p>\n<p>Viete, \u010do to je?<\/p>\n<p>Disocia\u010dn\u00fd halucinog\u00e9n Methoxetam\u00edn MXE Online, skr\u00e1tene MXE, sa pred\u00e1va ako zna\u010dkov\u00e1 droga. Disociat\u00edva ako ketam\u00edn a fencyklid\u00edn (PCP), ktor\u00e9 boli ur\u010den\u00e9 na lek\u00e1rske pou\u017eitie ako anestetik\u00e1, boli vytvoren\u00e9 pre farmaceutick\u00fd trh. Metoxetam\u00edn je mo\u017en\u00e9 k\u00fapi\u0165 online alebo od miestnych predajcov. Na predaj je Methoxetamine MXE pr\u00e1\u0161ok, ktor\u00fd je mo\u017en\u00e9 zak\u00fapi\u0165 za n\u00edzku cenu alebo k\u00fapi\u0165 vo ve\u013ekom za vy\u0161\u0161iu cenu.<\/p>\n<p>Metoxetamine (MXE), halucinog\u00e9n a anestetikum, ktor\u00e9 p\u00f4sob\u00ed ako antagonista na NMDA receptore , s\u00favis\u00ed s veterin\u00e1rnym liekom ketam\u00edn. \u00da\u010dinky metoxetam\u00ednu s\u00fa \u00fadajne silnej\u0161ie a dlhodobej\u0161ie ako \u00fa\u010dinky ketam\u00ednu, \u010do z neho rob\u00ed ide\u00e1lnu mo\u017enos\u0165 pre \u0161tudentov, ktor\u00ed sa venuj\u00fa v\u00fdskumu tejto l\u00e1tky. Metoxetam\u00edn je dostupn\u00fd od BAC v\u00fdhradne na v\u00fdskumn\u00e9 \u00fa\u010dely. Metoxetam\u00edn MXE online bez predpisu<\/p>\n<p>Metoxetam\u00edn je popul\u00e1rna droga a mnoh\u00ed jednotlivci h\u013eadaj\u00fa sp\u00f4soby, ako sa k nej dosta\u0165 bez toho, aby opustili svoje domovy. V d\u00f4sledku toho vy\u017eaduj\u00fa mo\u017enosti platby a doru\u010denia, ktor\u00e9 s\u00fa \u010do najjednoduch\u0161ie. Ob\u00e1vaj\u00fa sa v\u0161ak najm\u00e4 o to, aby zostali neodhalen\u00ed. Metoxetam\u00edn si tu v\u0161ak m\u00f4\u017eete k\u00fapi\u0165 anonymne a bezpe\u010dne zaslan\u00edm pe\u0148az\u00ed kreditnou kartou. Posielanie pe\u0148az\u00ed pomocou Western Union alebo Money Gram je jednoduch\u00fd sp\u00f4sob, ako to dosiahnu\u0165. Mo\u017eno sa v\u0161ak budeme chcie\u0165 pozrie\u0165 na diskr\u00e9tnos\u0165. V d\u00f4sledku toho ver\u00edme, \u017ee Bitcoin je ide\u00e1lnym platobn\u00fdm prostriedkom. Pokra\u010dujte a zadajte svoju objedn\u00e1vku, potom n\u00e1m po\u0161lite potvrdenie.<\/p>\n<p>Metoxetam\u00edn MXE na predaj na internete<\/p>\n<p>Ako renomovan\u00fd dod\u00e1vate\u013e v\u00fdskumn\u00fdch chemik\u00e1li\u00ed a lie\u010div, n\u00e1\u0161 chemick\u00fd sklad doru\u010dil takmer do ka\u017edej krajiny na svete. Pre pohodlie na\u0161ich z\u00e1kazn\u00edkov berieme aj bitcoiny a dar\u010dekov\u00e9 karty. Ni\u017e\u0161ie je uveden\u00fdch nieko\u013eko na\u0161ich najob\u013e\u00fabenej\u0161\u00edch polo\u017eiek.<\/p>\n<p>Pr\u00e1\u0161ok MXE na trhu na predaj<br \/> K\u00fapte si 25 I-NBOMe online.<br \/> Kry\u0161t\u00e1ly A-PVP je mo\u017en\u00e9 zak\u00fapi\u0165<br \/> Actavis prometaz\u00edn s kode\u00ednom 32 oz je mo\u017en\u00e9 zak\u00fapi\u0165.<br \/> AB-PINACA je mo\u017en\u00e9 zak\u00fapi\u0165 online.<br \/> Adderall online bez lek\u00e1rskeho predpisu<br \/> K\u00fapi\u0165 AK-B48<br \/> K\u00fapi\u0165 pr\u00e1\u0161kov\u00fd amfetam\u00edn.<br \/> Pred\u00e1m butyl\u00f3nov\u00e9 kry\u0161t\u00e1ly<\/p>\n","protected":false},"excerpt":{"rendered":"<p>K\u00fapi\u0165 Methoxetamine MXE na predaj v Spojenom kr\u00e1\u013eovstve, Eur\u00f3pe, Austr\u00e1lii. pon\u00fakame najspo\u013eahlivej\u0161ie transakcie a pred\u00e1vame za ve\u013emi prijate\u013en\u00e9 ceny. Objednajte si Methoxetamine MXE teraz za najlep\u0161ie ceny<\/p>\n<p>\u013dudia si m\u00f4\u017eu k\u00fapi\u0165 Methoxetamine MXE na predaj v Spojenom kr\u00e1\u013eovstve. \u013dudia, ktor\u00ed u n\u00e1s nakupuj\u00fa, si m\u00f4\u017eu by\u0165 ist\u00ed, \u017ee dostan\u00fa to, za \u010do zaplatia. Methoxetamine MXE je mo\u017en\u00e9 teraz k\u00fapi\u0165 za najlep\u0161ie ceny.<\/p>\n<p>Nakupujte metoxetam\u00edn online, objednajte si najlep\u0161ie MXE 99 percent \u010dist\u00e9 dodanie cez noc a zistite, kde si m\u00f4\u017eete k\u00fapi\u0165 metoxetam\u00edn pomocou kreditnej karty. Cena MXE.<\/p>\n<p>Metoxetam\u00edn je liek, ktor\u00fd sa pou\u017e\u00edva na lie\u010dbu bolesti. Halucinog\u00e9n s n\u00e1zvom Methoxetamine MXE, alebo skr\u00e1tene MXE, sa pred\u00e1val ako &#8220;n\u00e1vrhov\u00e1 droga.&#8221;<\/p>\n","protected":false},"featured_media":5687,"comment_status":"open","ping_status":"closed","template":"","meta":[],"product_brand":[],"product_cat":[2014],"product_tag":[3528,3529,3530,3547,3546,3545,3525,3527,3526,3531,3532,3533,3534,3535,3539,3536,3537,3538,3541,3542,3540,3543,3524,3283,3544],"class_list":{"0":"post-5677","1":"product","2":"type-product","3":"status-publish","4":"has-post-thumbnail","6":"product_cat-k-c3-bapi-c5-a5-v-c3-bdskumn-c3-a9-chemik-c3-a1lie","7":"product_tag-buy-mxe-1g","8":"product_tag-buy-mxe-online","9":"product_tag-buy-mxe-research-chemical","10":"product_tag-kde-kpi-mxe-online","11":"product_tag-kde-mem-kpi-mxe","12":"product_tag-nkup-metoxetamn","13":"product_tag-kpi-metoxetamn","14":"product_tag-kpi-metoxetamn-online","15":"product_tag-kpi-metoxetamn-mxe-online","16":"product_tag-buy-mxe-united-states","17":"product_tag-k-c3-bapi-c5-a5-v-c3-bdskumn-c3-a9-chemik-c3-a1lie-metoxetam-c3-adn","18":"product_tag-methoxetamine-for-sale","19":"product_tag-metoxetam-c3-adn-online","20":"product_tag-mxe","21":"product_tag-mxe-drug-info","22":"product_tag-mxe-buy","23":"product_tag-mxe-buy-online","24":"product_tag-mxe-droga-na-predaj","25":"product_tag-mxe-metoxetamn","26":"product_tag-mxe-metoxetamine-erovid","27":"product_tag-mxe-na-predaj","28":"product_tag-mxe-vendor","29":"product_tag-najlep-mxe-vendor","30":"product_tag-best-place-to-buy-mxe","31":"product_tag-objedna-metoxetamn-online","33":"first","34":"instock","35":"shipping-taxable","36":"purchasable","37":"product-type-variable","38":"has-default-attributes"},"yoast_head":"<!-- This site is optimized with the Yoast SEO plugin v27.3 - https:\/\/yoast.com\/product\/yoast-seo-wordpress\/ -->\n<title>K\u00fapi\u0165 Methoxetamine - Methoxetamine - Best Global Meds<\/title>\n<meta name=\"description\" content=\"K\u00fapi\u0165 Methoxetamine MXE na predaj v UK, Europe, AU. pon\u00fakame najspo\u013eahlivej\u0161ie transakcie a pred\u00e1vame za ve\u013emi prijate\u013en\u00e9 ceny. Objednajte si Methoxetamine MXE teraz za najlep\u0161ie ceny\" \/>\n<meta name=\"robots\" content=\"index, follow, max-snippet:-1, max-image-preview:large, max-video-preview:-1\" \/>\n<link rel=\"canonical\" href=\"https:\/\/medicinasinc.com\/sk\/product\/kupit-metoxetamin\/\" \/>\n<meta property=\"og:locale\" content=\"en_US\" \/>\n<meta property=\"og:type\" content=\"article\" \/>\n<meta property=\"og:title\" content=\"K\u00fapi\u0165 Methoxetamine - Methoxetamine - Best Global Meds\" \/>\n<meta property=\"og:description\" content=\"K\u00fapi\u0165 Methoxetamine MXE na predaj v UK, Europe, AU. pon\u00fakame najspo\u013eahlivej\u0161ie transakcie a pred\u00e1vame za ve\u013emi prijate\u013en\u00e9 ceny. Objednajte si Methoxetamine MXE teraz za najlep\u0161ie ceny\" \/>\n<meta property=\"og:url\" content=\"https:\/\/medicinasinc.com\/sk\/product\/kupit-metoxetamin\/\" \/>\n<meta property=\"og:site_name\" content=\"Medicinas Inc\" \/>\n<meta property=\"article:modified_time\" content=\"2022-03-22T00:52:23+00:00\" \/>\n<meta property=\"og:image\" content=\"https:\/\/medicinasinc.com\/sk\/wp-content\/uploads\/sites\/10\/2022\/02\/Buy-Methoxetamine.webp\" \/>\n\t<meta property=\"og:image:width\" content=\"750\" \/>\n\t<meta property=\"og:image:height\" content=\"461\" \/>\n\t<meta property=\"og:image:type\" content=\"image\/webp\" \/>\n<meta name=\"twitter:card\" content=\"summary_large_image\" \/>\n<meta name=\"twitter:label1\" content=\"Est. reading time\" \/>\n\t<meta name=\"twitter:data1\" content=\"2 minutes\" \/>\n<script type=\"application\/ld+json\" class=\"yoast-schema-graph\">{\"@context\":\"https:\\\/\\\/schema.org\",\"@graph\":[{\"@type\":\"WebPage\",\"@id\":\"https:\\\/\\\/medicinasinc.com\\\/sk\\\/product\\\/kupit-metoxetamin\\\/\",\"url\":\"https:\\\/\\\/medicinasinc.com\\\/sk\\\/product\\\/kupit-metoxetamin\\\/\",\"name\":\"K\u00fapi\u0165 Methoxetamine - Methoxetamine - Best Global Meds\",\"isPartOf\":{\"@id\":\"https:\\\/\\\/medicinasinc.com\\\/sk\\\/#website\"},\"primaryImageOfPage\":{\"@id\":\"https:\\\/\\\/medicinasinc.com\\\/sk\\\/product\\\/kupit-metoxetamin\\\/#primaryimage\"},\"image\":{\"@id\":\"https:\\\/\\\/medicinasinc.com\\\/sk\\\/product\\\/kupit-metoxetamin\\\/#primaryimage\"},\"thumbnailUrl\":\"https:\\\/\\\/medicinasinc.com\\\/sk\\\/wp-content\\\/uploads\\\/sites\\\/10\\\/2022\\\/02\\\/Buy-Methoxetamine.webp\",\"datePublished\":\"2022-02-22T04:00:21+00:00\",\"dateModified\":\"2022-03-22T00:52:23+00:00\",\"description\":\"K\u00fapi\u0165 Methoxetamine MXE na predaj v UK, Europe, AU. pon\u00fakame najspo\u013eahlivej\u0161ie transakcie a pred\u00e1vame za ve\u013emi prijate\u013en\u00e9 ceny. Objednajte si Methoxetamine MXE teraz za najlep\u0161ie ceny\",\"breadcrumb\":{\"@id\":\"https:\\\/\\\/medicinasinc.com\\\/sk\\\/product\\\/kupit-metoxetamin\\\/#breadcrumb\"},\"inLanguage\":\"en-US\",\"potentialAction\":[{\"@type\":\"ReadAction\",\"target\":[\"https:\\\/\\\/medicinasinc.com\\\/sk\\\/product\\\/kupit-metoxetamin\\\/\"]}]},{\"@type\":\"ImageObject\",\"inLanguage\":\"en-US\",\"@id\":\"https:\\\/\\\/medicinasinc.com\\\/sk\\\/product\\\/kupit-metoxetamin\\\/#primaryimage\",\"url\":\"https:\\\/\\\/medicinasinc.com\\\/sk\\\/wp-content\\\/uploads\\\/sites\\\/10\\\/2022\\\/02\\\/Buy-Methoxetamine.webp\",\"contentUrl\":\"https:\\\/\\\/medicinasinc.com\\\/sk\\\/wp-content\\\/uploads\\\/sites\\\/10\\\/2022\\\/02\\\/Buy-Methoxetamine.webp\",\"width\":750,\"height\":461},{\"@type\":\"BreadcrumbList\",\"@id\":\"https:\\\/\\\/medicinasinc.com\\\/sk\\\/product\\\/kupit-metoxetamin\\\/#breadcrumb\",\"itemListElement\":[{\"@type\":\"ListItem\",\"position\":1,\"name\":\"Obchod\",\"item\":\"https:\\\/\\\/medicinasinc.com\\\/sk\\\/obchod\\\/\"},{\"@type\":\"ListItem\",\"position\":2,\"name\":\"K\u00fapi\u0165 Methoxetamine\"}]},{\"@type\":\"WebSite\",\"@id\":\"https:\\\/\\\/medicinasinc.com\\\/sk\\\/#website\",\"url\":\"https:\\\/\\\/medicinasinc.com\\\/sk\\\/\",\"name\":\"Medicinas Inc\",\"description\":\"Health Medical Clinic\",\"potentialAction\":[{\"@type\":\"SearchAction\",\"target\":{\"@type\":\"EntryPoint\",\"urlTemplate\":\"https:\\\/\\\/medicinasinc.com\\\/sk\\\/?s={search_term_string}\"},\"query-input\":{\"@type\":\"PropertyValueSpecification\",\"valueRequired\":true,\"valueName\":\"search_term_string\"}}],\"inLanguage\":\"en-US\"}]}<\/script>\n<!-- \/ Yoast SEO plugin. -->","yoast_head_json":{"title":"K\u00fapi\u0165 Methoxetamine - Methoxetamine - Best Global Meds","description":"K\u00fapi\u0165 Methoxetamine MXE na predaj v UK, Europe, AU. pon\u00fakame najspo\u013eahlivej\u0161ie transakcie a pred\u00e1vame za ve\u013emi prijate\u013en\u00e9 ceny. Objednajte si Methoxetamine MXE teraz za najlep\u0161ie ceny","robots":{"index":"index","follow":"follow","max-snippet":"max-snippet:-1","max-image-preview":"max-image-preview:large","max-video-preview":"max-video-preview:-1"},"canonical":"https:\/\/medicinasinc.com\/sk\/product\/kupit-metoxetamin\/","og_locale":"en_US","og_type":"article","og_title":"K\u00fapi\u0165 Methoxetamine - Methoxetamine - Best Global Meds","og_description":"K\u00fapi\u0165 Methoxetamine MXE na predaj v UK, Europe, AU. pon\u00fakame najspo\u013eahlivej\u0161ie transakcie a pred\u00e1vame za ve\u013emi prijate\u013en\u00e9 ceny. Objednajte si Methoxetamine MXE teraz za najlep\u0161ie ceny","og_url":"https:\/\/medicinasinc.com\/sk\/product\/kupit-metoxetamin\/","og_site_name":"Medicinas Inc","article_modified_time":"2022-03-22T00:52:23+00:00","og_image":[{"width":750,"height":461,"url":"https:\/\/medicinasinc.com\/sk\/wp-content\/uploads\/sites\/10\/2022\/02\/Buy-Methoxetamine.webp","type":"image\/webp"}],"twitter_card":"summary_large_image","twitter_misc":{"Est. reading time":"2 minutes"},"schema":{"@context":"https:\/\/schema.org","@graph":[{"@type":"WebPage","@id":"https:\/\/medicinasinc.com\/sk\/product\/kupit-metoxetamin\/","url":"https:\/\/medicinasinc.com\/sk\/product\/kupit-metoxetamin\/","name":"K\u00fapi\u0165 Methoxetamine - Methoxetamine - Best Global Meds","isPartOf":{"@id":"https:\/\/medicinasinc.com\/sk\/#website"},"primaryImageOfPage":{"@id":"https:\/\/medicinasinc.com\/sk\/product\/kupit-metoxetamin\/#primaryimage"},"image":{"@id":"https:\/\/medicinasinc.com\/sk\/product\/kupit-metoxetamin\/#primaryimage"},"thumbnailUrl":"https:\/\/medicinasinc.com\/sk\/wp-content\/uploads\/sites\/10\/2022\/02\/Buy-Methoxetamine.webp","datePublished":"2022-02-22T04:00:21+00:00","dateModified":"2022-03-22T00:52:23+00:00","description":"K\u00fapi\u0165 Methoxetamine MXE na predaj v UK, Europe, AU. pon\u00fakame najspo\u013eahlivej\u0161ie transakcie a pred\u00e1vame za ve\u013emi prijate\u013en\u00e9 ceny. Objednajte si Methoxetamine MXE teraz za najlep\u0161ie ceny","breadcrumb":{"@id":"https:\/\/medicinasinc.com\/sk\/product\/kupit-metoxetamin\/#breadcrumb"},"inLanguage":"en-US","potentialAction":[{"@type":"ReadAction","target":["https:\/\/medicinasinc.com\/sk\/product\/kupit-metoxetamin\/"]}]},{"@type":"ImageObject","inLanguage":"en-US","@id":"https:\/\/medicinasinc.com\/sk\/product\/kupit-metoxetamin\/#primaryimage","url":"https:\/\/medicinasinc.com\/sk\/wp-content\/uploads\/sites\/10\/2022\/02\/Buy-Methoxetamine.webp","contentUrl":"https:\/\/medicinasinc.com\/sk\/wp-content\/uploads\/sites\/10\/2022\/02\/Buy-Methoxetamine.webp","width":750,"height":461},{"@type":"BreadcrumbList","@id":"https:\/\/medicinasinc.com\/sk\/product\/kupit-metoxetamin\/#breadcrumb","itemListElement":[{"@type":"ListItem","position":1,"name":"Obchod","item":"https:\/\/medicinasinc.com\/sk\/obchod\/"},{"@type":"ListItem","position":2,"name":"K\u00fapi\u0165 Methoxetamine"}]},{"@type":"WebSite","@id":"https:\/\/medicinasinc.com\/sk\/#website","url":"https:\/\/medicinasinc.com\/sk\/","name":"Medicinas Inc","description":"Health Medical Clinic","potentialAction":[{"@type":"SearchAction","target":{"@type":"EntryPoint","urlTemplate":"https:\/\/medicinasinc.com\/sk\/?s={search_term_string}"},"query-input":{"@type":"PropertyValueSpecification","valueRequired":true,"valueName":"search_term_string"}}],"inLanguage":"en-US"}]}},"_links":{"self":[{"href":"https:\/\/medicinasinc.com\/sk\/wp-json\/wp\/v2\/product\/5677","targetHints":{"allow":["GET"]}}],"collection":[{"href":"https:\/\/medicinasinc.com\/sk\/wp-json\/wp\/v2\/product"}],"about":[{"href":"https:\/\/medicinasinc.com\/sk\/wp-json\/wp\/v2\/types\/product"}],"replies":[{"embeddable":true,"href":"https:\/\/medicinasinc.com\/sk\/wp-json\/wp\/v2\/comments?post=5677"}],"wp:featuredmedia":[{"embeddable":true,"href":"https:\/\/medicinasinc.com\/sk\/wp-json\/wp\/v2\/media\/5687"}],"wp:attachment":[{"href":"https:\/\/medicinasinc.com\/sk\/wp-json\/wp\/v2\/media?parent=5677"}],"wp:term":[{"taxonomy":"product_brand","embeddable":true,"href":"https:\/\/medicinasinc.com\/sk\/wp-json\/wp\/v2\/product_brand?post=5677"},{"taxonomy":"product_cat","embeddable":true,"href":"https:\/\/medicinasinc.com\/sk\/wp-json\/wp\/v2\/product_cat?post=5677"},{"taxonomy":"product_tag","embeddable":true,"href":"https:\/\/medicinasinc.com\/sk\/wp-json\/wp\/v2\/product_tag?post=5677"}],"curies":[{"name":"wp","href":"https:\/\/api.w.org\/{rel}","templated":true}]}}