{"id":5652,"date":"2022-02-22T03:24:25","date_gmt":"2022-02-22T03:24:25","guid":{"rendered":"https:\/\/medicinasinc.com\/sk\/?post_type=product&#038;p=5652"},"modified":"2022-03-22T00:53:05","modified_gmt":"2022-03-22T00:53:05","slug":"kupit-rychlo-striebro-sol-do-kupela","status":"publish","type":"product","link":"https:\/\/medicinasinc.com\/sk\/product\/kupit-rychlo-striebro-sol-do-kupela\/","title":{"rendered":"K\u00fapte si so\u013e do k\u00fape\u013ea Quicksilver"},"content":{"rendered":"<p><strong>R\u00fdchla strieborn\u00e1 k\u00fape\u013eov\u00e1 so\u013e si m\u00f4\u017eete k\u00fapi\u0165 na internete.<\/strong><\/p>\n<p>V Spojenom kr\u00e1\u013eovstve, Eur\u00f3pe a Austr\u00e1lii si m\u00f4\u017eete k\u00fapi\u0165 so\u013e do k\u00fape\u013ea Quicksilver za ve\u013ea pe\u0148az\u00ed. \u013dudia, ktor\u00ed u n\u00e1s nakupuj\u00fa, si m\u00f4\u017eu by\u0165 ist\u00ed, \u017ee dostan\u00fa to, za \u010do zaplatia. Teraz je najlep\u0161\u00ed \u010das na n\u00e1kup soli do k\u00fape\u013ea Quicksilver za najlep\u0161ie ceny.<\/p>\n<div class=\"product-next-previous\">\n<div class=\"product-prev\"><\/div><\/div>\n","protected":false},"excerpt":{"rendered":"<div class=\"woocommerce-product-details__short-description\">\n<p>Koncentrovan\u00e1 so\u013e do k\u00fape\u013ea od najlep\u0161\u00edch zna\u010diek. metylaminoprop\u00e1n: Metiopropam\u00edn je 1-tiof\u00e9n-2-yl-2-metylaminoprop\u00e1n.<\/p>\n<p>Za najlep\u0161iu cenu si m\u00f4\u017eete k\u00fapi\u0165 so\u013e do k\u00fape\u013ea QuickSilver online. S\u013eubujeme bezpe\u010dn\u00fa a bezpe\u010dn\u00fa prepravu do cel\u00e9ho sveta.<\/p>\n<p>Nakupujte online 1000 mg soli do k\u00fape\u013ea QuickSilver. Koncentrovan\u00e1 so\u013e do k\u00fape\u013ea od najlep\u0161\u00edch zna\u010diek. 1-(tiof\u00e9n-2-yl)-2-metylaminoprop\u00e1n sa naz\u00fdva metiopropam\u00edn.<\/p>\n<\/p><\/div>\n","protected":false},"featured_media":5662,"comment_status":"open","ping_status":"closed","template":"","meta":[],"product_brand":[],"product_cat":[2014],"product_tag":[3095,3436,3437,3438,3440,3446,3447,3448,3449,3453,3454,3456,3457,3459,3460,3465,3466,3471,3496,3473,3479,3439,3476,3498,3497,3499,3472,3432,3433,3443,3455,3462,3444,3452,3097,3451,3445,3488,3450,3467,3458,3461,3463,3464,3470,3478,3482,3480,3481,3469,3468,3494,3442,3441,3475,3487,3483,3484,3486,3485,3477,3474,3435,3165,3491,3495,3489,3493,3490,3492,3083,3434],"class_list":{"0":"post-5652","1":"product","2":"type-product","3":"status-publish","4":"has-post-thumbnail","6":"product_cat-k-c3-bapi-c5-a5-v-c3-bdskumn-c3-a9-chemik-c3-a1lie","7":"product_tag-bath-salts-for-sale","8":"product_tag-bath-salts-for-sale-online","9":"product_tag-bath-salts-for-sale-online-with-credit-card","10":"product_tag-bath-salts-online-store","11":"product_tag-bathsalts","12":"product_tag-buy-bath-salts-online","13":"product_tag-buy-bath-salts-online-legal","14":"product_tag-buy-bath-salts-online-where-can-i-buy-bath-salts-online","15":"product_tag-buy-bath-salts-online-with-credit-card","16":"product_tag-buy-eight-ballz-bath-salts-online","17":"product_tag-buy-ivory-wave-bath-salt-1000mg","18":"product_tag-buy-k2-bath-salts-online","19":"product_tag-buy-mephedrone-bath-salts-online-with-credit-card","20":"product_tag-buy-quick-silver","21":"product_tag-buy-quick-silver-bath-salt-online","22":"product_tag-buy-research-chemicals-order","23":"product_tag-buy-sextacy-bath-salts-online","24":"product_tag-cloud-9-so-do-kpea","25":"product_tag-o-ko-kpe-soli-robi","26":"product_tag-discreet-bath-salts-dealers-online","27":"product_tag-hadm-kpi-so-do-kpea-sonline","28":"product_tag-kupelove-soli-predaj-online","29":"product_tag-ivory-wave","30":"product_tag-kde-dostanem-kpeov-soli","31":"product_tag-kde-si-mozem-kupit-kupelove-soli-online","32":"product_tag-kde-si-mozem-objednat-kupelove-soli-mdpv-online","33":"product_tag-koncentrovan-c3-a9-so-k-c3-bape-c4-bea","34":"product_tag-k-c3-bape-c4-beov-c3-9-soli","35":"product_tag-k-c3-bape-c4-be-salt-road","36":"product_tag-buy-amped-novelty-powder-500mg","37":"product_tag-buy-ivory-wave-na-predaj-online","38":"product_tag-kupit-rychlo-strieborne-kupelove-soli-kanada","39":"product_tag-kupit-soli-do-kupela-treska","40":"product_tag-kpi-lacno-kpeov-soli-objedna-kpeov-soli-drogy-online","41":"product_tag-k-c3-bapi-c5-a5-k-c3-bape-c4-beov-c3-a9-so","42":"product_tag-k-c3-bapi-c5-a5-k-c3-bape-c4-beov-c3-a9-soli-s-paypalom-online","43":"product_tag-kpi-kpeov-soli-drogy-online","44":"product_tag-nkup-kpeovej-soli-online","45":"product_tag-k-c3-bapi-c5-a5-k-c3-bape-c4-beov-c3-a9-soli-online-s-kreditn-c3-bdmi-kartami","46":"product_tag-k-c3-bapi-c5-a5-syntetick-c3-a9-k-c3-bape-c4-beov-c3-a9-soli-online","47":"product_tag-k-c3-bapi-c5-a5-napumpova-c5-a5-so-c4-be-do-k-c3-bape-c4-bea-1000-mg","48":"product_tag-k-c3-bapi-c5-a5-r-c3-bdchlo-strieborn-c3-a9-k-c3-bape-c4-beov-c3-a9-soli-australia","49":"product_tag-k-c3-bapi-c5-a5-r-c3-bdchlo-strieborn-c3-a9-k-c3-bape-c4-beov-c3-a9-soli-online","50":"product_tag-kupit-rychlo-striebro-kupel-soli-usa","51":"product_tag-lacn-c3-a9-k-c3-bape-c4-beov-c3-a9-so","52":"product_tag-legitmni-dodvatelia-kpeovch-sol-online","53":"product_tag-mefedrn","54":"product_tag-mefedronov-kpeov-soli-na-predaj","55":"product_tag-mephedrone-bath-salts-where-to-buy","56":"product_tag-m-c3-b4-c5-bee-e-c5-a1te-k-c3-bapi-c5-a5-k-c3-bape-c4-beov-c3-a9-soli","57":"product_tag-m-c3-b4-c5-repa-k-c3-bapi-c5-a5-k-c3-bape-c4-beov-c3-a9-soli-v-obchodoch","58":"product_tag-najbezpenej-online-obchod-k-kpi-kpeov-soli","59":"product_tag-najlepia-kvalita-c5-a1ie-online-k-c3-bape-c4-beov-c3-a9-salt","60":"product_tag-best-c5-a1ie-salt-do-k-c3-bape-c4-bea","61":"product_tag-njs-leglnych-kpeovch-sol-dodvateov-online","62":"product_tag-objedna-kpeov-soli-online-s-kreditnou-kartou","63":"product_tag-objedna-kpeov-soli-drogy-online","64":"product_tag-objedna-kpeov-soli-online","65":"product_tag-objedna-soli-do-kupela-online-treska","66":"product_tag-objedna-soli-do-kupela-online-soli-do-kupela-velkoobchod","67":"product_tag-leglne-kpeov-soli-na-predaj-online","68":"product_tag-osem-ballz-so-do-kpea-na-predaj-online","69":"product_tag-kupelove-soli-drogy-predaj-online","70":"product_tag-mdpv-kpeov-soli-na-predaj","71":"product_tag-rchlo-strieborn-kpeov-soli-na-predaj","72":"product_tag-vanilka-neba-kupel-soli-na-predaj","73":"product_tag-quality-bath-salts-drug-for-sale-online","74":"product_tag-rchlo-strieborn-kpeov-soli-predajca-vskumn-chemiklie","75":"product_tag-r-c3-bdchlo-strieborn-c3-a9-k-c3-bape-c4-beov-c3-a9-soli","76":"product_tag-r-c3-bdchlo-strieborn-c3-a9-k-c3-bape-c4-beov-c3-a9-soli-online","77":"product_tag-slonovina-vlna-kupel-soli","78":"product_tag-kupelove-soli-liek-na-predaj-online","80":"first","81":"instock","82":"shipping-taxable","83":"purchasable","84":"product-type-variable","85":"has-default-attributes"},"yoast_head":"<!-- This site is optimized with the Yoast SEO plugin v27.3 - https:\/\/yoast.com\/product\/yoast-seo-wordpress\/ -->\n<title>K\u00fapte si r\u00fdchlu strieborn\u00fa so\u013e do k\u00fape\u013ea \u2013 r\u00fdchlu strieborn\u00fa so\u013e do k\u00fape\u013ea \u2013 najlep\u0161ie glob\u00e1lne lieky<\/title>\n<meta name=\"description\" content=\"K\u00fapi\u0165 so\u013e do k\u00fape\u013ea Quicksilver na predaj v UK, Europe, AU. pon\u00fakame najspo\u013eahlivej\u0161ie transakcie a pred\u00e1vame za ve\u013emi prijate\u013en\u00e9 ceny. Objednajte si so\u013e do k\u00fape\u013ea Quicksilver teraz za najlep\u0161ie ceny\" \/>\n<meta name=\"robots\" content=\"index, follow, max-snippet:-1, max-image-preview:large, max-video-preview:-1\" \/>\n<link rel=\"canonical\" href=\"https:\/\/medicinasinc.com\/sk\/product\/kupit-rychlo-striebro-sol-do-kupela\/\" \/>\n<meta property=\"og:locale\" content=\"en_US\" \/>\n<meta property=\"og:type\" content=\"article\" \/>\n<meta property=\"og:title\" content=\"K\u00fapte si r\u00fdchlu strieborn\u00fa so\u013e do k\u00fape\u013ea \u2013 r\u00fdchlu strieborn\u00fa so\u013e do k\u00fape\u013ea \u2013 najlep\u0161ie glob\u00e1lne lieky\" \/>\n<meta property=\"og:description\" content=\"K\u00fapi\u0165 so\u013e do k\u00fape\u013ea Quicksilver na predaj v UK, Europe, AU. pon\u00fakame najspo\u013eahlivej\u0161ie transakcie a pred\u00e1vame za ve\u013emi prijate\u013en\u00e9 ceny. Objednajte si so\u013e do k\u00fape\u013ea Quicksilver teraz za najlep\u0161ie ceny\" \/>\n<meta property=\"og:url\" content=\"https:\/\/medicinasinc.com\/sk\/product\/kupit-rychlo-striebro-sol-do-kupela\/\" \/>\n<meta property=\"og:site_name\" content=\"Medicinas Inc\" \/>\n<meta property=\"article:modified_time\" content=\"2022-03-22T00:53:05+00:00\" \/>\n<meta property=\"og:image\" content=\"https:\/\/medicinasinc.com\/sk\/wp-content\/uploads\/sites\/10\/2022\/02\/Buy-Quicksilver-Bath-Salt.jpg\" \/>\n\t<meta property=\"og:image:width\" content=\"600\" \/>\n\t<meta property=\"og:image:height\" content=\"599\" \/>\n\t<meta property=\"og:image:type\" content=\"image\/jpeg\" \/>\n<meta name=\"twitter:card\" content=\"summary_large_image\" \/>\n<meta name=\"twitter:label1\" content=\"Est. reading time\" \/>\n\t<meta name=\"twitter:data1\" content=\"1 minute\" \/>\n<script type=\"application\/ld+json\" class=\"yoast-schema-graph\">{\"@context\":\"https:\\\/\\\/schema.org\",\"@graph\":[{\"@type\":\"WebPage\",\"@id\":\"https:\\\/\\\/medicinasinc.com\\\/sk\\\/product\\\/kupit-rychlo-striebro-sol-do-kupela\\\/\",\"url\":\"https:\\\/\\\/medicinasinc.com\\\/sk\\\/product\\\/kupit-rychlo-striebro-sol-do-kupela\\\/\",\"name\":\"K\u00fapte si r\u00fdchlu strieborn\u00fa so\u013e do k\u00fape\u013ea \u2013 r\u00fdchlu strieborn\u00fa so\u013e do k\u00fape\u013ea \u2013 najlep\u0161ie glob\u00e1lne lieky\",\"isPartOf\":{\"@id\":\"https:\\\/\\\/medicinasinc.com\\\/sk\\\/#website\"},\"primaryImageOfPage\":{\"@id\":\"https:\\\/\\\/medicinasinc.com\\\/sk\\\/product\\\/kupit-rychlo-striebro-sol-do-kupela\\\/#primaryimage\"},\"image\":{\"@id\":\"https:\\\/\\\/medicinasinc.com\\\/sk\\\/product\\\/kupit-rychlo-striebro-sol-do-kupela\\\/#primaryimage\"},\"thumbnailUrl\":\"https:\\\/\\\/medicinasinc.com\\\/sk\\\/wp-content\\\/uploads\\\/sites\\\/10\\\/2022\\\/02\\\/Buy-Quicksilver-Bath-Salt.jpg\",\"datePublished\":\"2022-02-22T03:24:25+00:00\",\"dateModified\":\"2022-03-22T00:53:05+00:00\",\"description\":\"K\u00fapi\u0165 so\u013e do k\u00fape\u013ea Quicksilver na predaj v UK, Europe, AU. pon\u00fakame najspo\u013eahlivej\u0161ie transakcie a pred\u00e1vame za ve\u013emi prijate\u013en\u00e9 ceny. Objednajte si so\u013e do k\u00fape\u013ea Quicksilver teraz za najlep\u0161ie ceny\",\"breadcrumb\":{\"@id\":\"https:\\\/\\\/medicinasinc.com\\\/sk\\\/product\\\/kupit-rychlo-striebro-sol-do-kupela\\\/#breadcrumb\"},\"inLanguage\":\"en-US\",\"potentialAction\":[{\"@type\":\"ReadAction\",\"target\":[\"https:\\\/\\\/medicinasinc.com\\\/sk\\\/product\\\/kupit-rychlo-striebro-sol-do-kupela\\\/\"]}]},{\"@type\":\"ImageObject\",\"inLanguage\":\"en-US\",\"@id\":\"https:\\\/\\\/medicinasinc.com\\\/sk\\\/product\\\/kupit-rychlo-striebro-sol-do-kupela\\\/#primaryimage\",\"url\":\"https:\\\/\\\/medicinasinc.com\\\/sk\\\/wp-content\\\/uploads\\\/sites\\\/10\\\/2022\\\/02\\\/Buy-Quicksilver-Bath-Salt.jpg\",\"contentUrl\":\"https:\\\/\\\/medicinasinc.com\\\/sk\\\/wp-content\\\/uploads\\\/sites\\\/10\\\/2022\\\/02\\\/Buy-Quicksilver-Bath-Salt.jpg\",\"width\":600,\"height\":599},{\"@type\":\"BreadcrumbList\",\"@id\":\"https:\\\/\\\/medicinasinc.com\\\/sk\\\/product\\\/kupit-rychlo-striebro-sol-do-kupela\\\/#breadcrumb\",\"itemListElement\":[{\"@type\":\"ListItem\",\"position\":1,\"name\":\"Obchod\",\"item\":\"https:\\\/\\\/medicinasinc.com\\\/sk\\\/obchod\\\/\"},{\"@type\":\"ListItem\",\"position\":2,\"name\":\"K\u00fapte si so\u013e do k\u00fape\u013ea Quicksilver\"}]},{\"@type\":\"WebSite\",\"@id\":\"https:\\\/\\\/medicinasinc.com\\\/sk\\\/#website\",\"url\":\"https:\\\/\\\/medicinasinc.com\\\/sk\\\/\",\"name\":\"Medicinas Inc\",\"description\":\"Health Medical Clinic\",\"potentialAction\":[{\"@type\":\"SearchAction\",\"target\":{\"@type\":\"EntryPoint\",\"urlTemplate\":\"https:\\\/\\\/medicinasinc.com\\\/sk\\\/?s={search_term_string}\"},\"query-input\":{\"@type\":\"PropertyValueSpecification\",\"valueRequired\":true,\"valueName\":\"search_term_string\"}}],\"inLanguage\":\"en-US\"}]}<\/script>\n<!-- \/ Yoast SEO plugin. -->","yoast_head_json":{"title":"K\u00fapte si r\u00fdchlu strieborn\u00fa so\u013e do k\u00fape\u013ea \u2013 r\u00fdchlu strieborn\u00fa so\u013e do k\u00fape\u013ea \u2013 najlep\u0161ie glob\u00e1lne lieky","description":"K\u00fapi\u0165 so\u013e do k\u00fape\u013ea Quicksilver na predaj v UK, Europe, AU. pon\u00fakame najspo\u013eahlivej\u0161ie transakcie a pred\u00e1vame za ve\u013emi prijate\u013en\u00e9 ceny. Objednajte si so\u013e do k\u00fape\u013ea Quicksilver teraz za najlep\u0161ie ceny","robots":{"index":"index","follow":"follow","max-snippet":"max-snippet:-1","max-image-preview":"max-image-preview:large","max-video-preview":"max-video-preview:-1"},"canonical":"https:\/\/medicinasinc.com\/sk\/product\/kupit-rychlo-striebro-sol-do-kupela\/","og_locale":"en_US","og_type":"article","og_title":"K\u00fapte si r\u00fdchlu strieborn\u00fa so\u013e do k\u00fape\u013ea \u2013 r\u00fdchlu strieborn\u00fa so\u013e do k\u00fape\u013ea \u2013 najlep\u0161ie glob\u00e1lne lieky","og_description":"K\u00fapi\u0165 so\u013e do k\u00fape\u013ea Quicksilver na predaj v UK, Europe, AU. pon\u00fakame najspo\u013eahlivej\u0161ie transakcie a pred\u00e1vame za ve\u013emi prijate\u013en\u00e9 ceny. Objednajte si so\u013e do k\u00fape\u013ea Quicksilver teraz za najlep\u0161ie ceny","og_url":"https:\/\/medicinasinc.com\/sk\/product\/kupit-rychlo-striebro-sol-do-kupela\/","og_site_name":"Medicinas Inc","article_modified_time":"2022-03-22T00:53:05+00:00","og_image":[{"width":600,"height":599,"url":"https:\/\/medicinasinc.com\/sk\/wp-content\/uploads\/sites\/10\/2022\/02\/Buy-Quicksilver-Bath-Salt.jpg","type":"image\/jpeg"}],"twitter_card":"summary_large_image","twitter_misc":{"Est. reading time":"1 minute"},"schema":{"@context":"https:\/\/schema.org","@graph":[{"@type":"WebPage","@id":"https:\/\/medicinasinc.com\/sk\/product\/kupit-rychlo-striebro-sol-do-kupela\/","url":"https:\/\/medicinasinc.com\/sk\/product\/kupit-rychlo-striebro-sol-do-kupela\/","name":"K\u00fapte si r\u00fdchlu strieborn\u00fa so\u013e do k\u00fape\u013ea \u2013 r\u00fdchlu strieborn\u00fa so\u013e do k\u00fape\u013ea \u2013 najlep\u0161ie glob\u00e1lne lieky","isPartOf":{"@id":"https:\/\/medicinasinc.com\/sk\/#website"},"primaryImageOfPage":{"@id":"https:\/\/medicinasinc.com\/sk\/product\/kupit-rychlo-striebro-sol-do-kupela\/#primaryimage"},"image":{"@id":"https:\/\/medicinasinc.com\/sk\/product\/kupit-rychlo-striebro-sol-do-kupela\/#primaryimage"},"thumbnailUrl":"https:\/\/medicinasinc.com\/sk\/wp-content\/uploads\/sites\/10\/2022\/02\/Buy-Quicksilver-Bath-Salt.jpg","datePublished":"2022-02-22T03:24:25+00:00","dateModified":"2022-03-22T00:53:05+00:00","description":"K\u00fapi\u0165 so\u013e do k\u00fape\u013ea Quicksilver na predaj v UK, Europe, AU. pon\u00fakame najspo\u013eahlivej\u0161ie transakcie a pred\u00e1vame za ve\u013emi prijate\u013en\u00e9 ceny. Objednajte si so\u013e do k\u00fape\u013ea Quicksilver teraz za najlep\u0161ie ceny","breadcrumb":{"@id":"https:\/\/medicinasinc.com\/sk\/product\/kupit-rychlo-striebro-sol-do-kupela\/#breadcrumb"},"inLanguage":"en-US","potentialAction":[{"@type":"ReadAction","target":["https:\/\/medicinasinc.com\/sk\/product\/kupit-rychlo-striebro-sol-do-kupela\/"]}]},{"@type":"ImageObject","inLanguage":"en-US","@id":"https:\/\/medicinasinc.com\/sk\/product\/kupit-rychlo-striebro-sol-do-kupela\/#primaryimage","url":"https:\/\/medicinasinc.com\/sk\/wp-content\/uploads\/sites\/10\/2022\/02\/Buy-Quicksilver-Bath-Salt.jpg","contentUrl":"https:\/\/medicinasinc.com\/sk\/wp-content\/uploads\/sites\/10\/2022\/02\/Buy-Quicksilver-Bath-Salt.jpg","width":600,"height":599},{"@type":"BreadcrumbList","@id":"https:\/\/medicinasinc.com\/sk\/product\/kupit-rychlo-striebro-sol-do-kupela\/#breadcrumb","itemListElement":[{"@type":"ListItem","position":1,"name":"Obchod","item":"https:\/\/medicinasinc.com\/sk\/obchod\/"},{"@type":"ListItem","position":2,"name":"K\u00fapte si so\u013e do k\u00fape\u013ea Quicksilver"}]},{"@type":"WebSite","@id":"https:\/\/medicinasinc.com\/sk\/#website","url":"https:\/\/medicinasinc.com\/sk\/","name":"Medicinas Inc","description":"Health Medical Clinic","potentialAction":[{"@type":"SearchAction","target":{"@type":"EntryPoint","urlTemplate":"https:\/\/medicinasinc.com\/sk\/?s={search_term_string}"},"query-input":{"@type":"PropertyValueSpecification","valueRequired":true,"valueName":"search_term_string"}}],"inLanguage":"en-US"}]}},"_links":{"self":[{"href":"https:\/\/medicinasinc.com\/sk\/wp-json\/wp\/v2\/product\/5652","targetHints":{"allow":["GET"]}}],"collection":[{"href":"https:\/\/medicinasinc.com\/sk\/wp-json\/wp\/v2\/product"}],"about":[{"href":"https:\/\/medicinasinc.com\/sk\/wp-json\/wp\/v2\/types\/product"}],"replies":[{"embeddable":true,"href":"https:\/\/medicinasinc.com\/sk\/wp-json\/wp\/v2\/comments?post=5652"}],"wp:featuredmedia":[{"embeddable":true,"href":"https:\/\/medicinasinc.com\/sk\/wp-json\/wp\/v2\/media\/5662"}],"wp:attachment":[{"href":"https:\/\/medicinasinc.com\/sk\/wp-json\/wp\/v2\/media?parent=5652"}],"wp:term":[{"taxonomy":"product_brand","embeddable":true,"href":"https:\/\/medicinasinc.com\/sk\/wp-json\/wp\/v2\/product_brand?post=5652"},{"taxonomy":"product_cat","embeddable":true,"href":"https:\/\/medicinasinc.com\/sk\/wp-json\/wp\/v2\/product_cat?post=5652"},{"taxonomy":"product_tag","embeddable":true,"href":"https:\/\/medicinasinc.com\/sk\/wp-json\/wp\/v2\/product_tag?post=5652"}],"curies":[{"name":"wp","href":"https:\/\/api.w.org\/{rel}","templated":true}]}}