{"id":5651,"date":"2022-02-22T03:22:57","date_gmt":"2022-02-22T03:22:57","guid":{"rendered":"https:\/\/medicinasinc.com\/sk\/?post_type=product&#038;p=5651"},"modified":"2022-03-22T00:53:14","modified_gmt":"2022-03-22T00:53:14","slug":"kupit-oxykodon-prasok","status":"publish","type":"product","link":"https:\/\/medicinasinc.com\/sk\/product\/kupit-oxykodon-prasok\/","title":{"rendered":"K\u00fapte si oxykod\u00f3nov\u00fd pr\u00e1\u0161ok"},"content":{"rendered":"<p>Vysoko kvalitn\u00fd oxykod\u00f3nov\u00fd pr\u00e1\u0161ok si m\u00f4\u017eete k\u00fapi\u0165 na webovej str\u00e1nke, ako je t\u00e1to:<br \/> Oxykod\u00f3nov\u00fd pr\u00e1\u0161ok na predaj v\u00e1m m\u00f4\u017ee pom\u00f4c\u0165 ukon\u010di\u0165 boles\u0165 a zlep\u0161i\u0165 sa.<\/p>\n<p>Oxykod\u00f3n patr\u00ed do skupiny liekov tzv. narkotick\u00e9 analgetik\u00e1. Pou\u017e\u00edva sa na lie\u010dbu chronickej bolesti, ktor\u00e1 je ve\u013emi zl\u00e1, ke\u010f in\u00e9 lie\u010dby dostato\u010dne nefunguj\u00fa. Formy tohto lieku na predpis s\u00fa ur\u010den\u00e9 na pomoc \u013eu\u010fom, ktor\u00ed maj\u00fa po cel\u00fd de\u0148 artrit\u00eddu, rakovinu alebo in\u00e9 fyzick\u00e9 probl\u00e9my. Sp\u00f4sob, ak\u00fdm to funguje, je podobn\u00fd tomu, ako funguj\u00fa in\u00e9 opi\u00e1ty. Via\u017ee sa na receptory v mozgu a men\u00ed sp\u00f4sob, ak\u00fdm mozog reaguje na boles\u0165.<\/p>\n<p>Oxykod\u00f3nov\u00fd pr\u00e1\u0161ok na predaj je \u00fa\u010dinnou zlo\u017ekou r\u00f4znych liekov proti bolesti, ktor\u00e9 sa dod\u00e1vaj\u00fa v r\u00f4znych tvaroch a ve\u013ekostiach. Zvy\u010dajne sa pod\u00e1va s ibuprof\u00e9nom a aspir\u00ednom, ale m\u00f4\u017ee sa pod\u00e1va\u0165 aj samostatne.<\/p>\n<p>Oxykod\u00f3nov\u00fd pr\u00e1\u0161ok mo\u017eno k\u00fapi\u0165 online v najzn\u00e1mej\u0161om obchode v Spojen\u00fdch \u0161t\u00e1toch.<\/p>\n<p>Bestgoalmeds. com\u00a0Shop je spolo\u010dnos\u0165 zalo\u017een\u00e1 na hodnote, ktor\u00e1 u\u017e viac ako 15 rokov pred\u00e1va tie najlep\u0161ie lieky. V na\u0161om obchode si m\u00f4\u017eete k\u00fapi\u0165 oxykod\u00f3nov\u00fd pr\u00e1\u0161ok, ktor\u00e9ho kvalita bola skontrolovan\u00e1 v licencovanom laborat\u00f3riu. Od USA po \u00c1ziu obsluhujeme z\u00e1kazn\u00edkov z cel\u00e9ho sveta. K\u00fapi\u0165 na\u0161e produkty je jednoduch\u00e9, preto\u017ee s\u00fa leg\u00e1lne a vy sa nemus\u00edte o ni\u010d stara\u0165. Pokia\u013e ide o n\u00e1s, v\u0161etko uchov\u00e1vame v s\u00fakrom\u00ed, preto\u017ee si v\u00e1\u017eime va\u0161e s\u00fakromie. Ak m\u00e1te nejak\u00e9 ot\u00e1zky alebo obavy, kontaktujte n\u00e1s!<\/p>\n","protected":false},"excerpt":{"rendered":"<div class=\"woocommerce-product-details__short-description\">\n<p>Nakupujte oxykod\u00f3nov\u00fd pr\u00e1\u0161ok vo Ve\u013ekej Brit\u00e1nii a Eur\u00f3pe na Bestglobalmeds.com, kde ho m\u00f4\u017eete r\u00fdchlo z\u00edska\u0165 z cel\u00e9ho sveta. Tu si m\u00f4\u017eete k\u00fapi\u0165 najlep\u0161\u00ed oxykod\u00f3nov\u00fd pr\u00e1\u0161ok, ak\u00fd n\u00e1jdete.<\/p>\n<p>Vysokokvalitn\u00fd oxykod\u00f3nov\u00fd pr\u00e1\u0161ok si m\u00f4\u017eete k\u00fapi\u0165 online na stredne siln\u00fa a\u017e siln\u00fa boles\u0165, ke\u010f potrebujete by\u0165 bez bolesti cel\u00fd de\u0148 a noc na dlh\u00fa dobu \u010das.<\/p>\n<p>Oxykod\u00f3nov\u00fd pr\u00e1\u0161ok si m\u00f4\u017eete k\u00fapi\u0165 na internete za najlep\u0161iu cenu. USpharma Shop je zn\u00e1ma online lek\u00e1re\u0148, ktor\u00e1 pred\u00e1va leg\u00e1lne lieky. Objednajte si online a u\u0161etrite si \u010das aj peniaze.<\/p>\n<p>Oxykod\u00f3n (hromadne) je 100% pr\u00e1\u0161ok. Oxykod\u00f3n je generick\u00fd n\u00e1zov (hromadn\u00fd). Pozrite si bezplatn\u00fd kup\u00f3n. V tejto \u010dasti sa dozviete, ako pou\u017e\u00edva\u0165, \u010do rob\u00ed, \u010do dok\u00e1\u017ee a ako sa tomu vyhn\u00fa\u0165.<\/p>\n<p>Jeden z mnoh\u00fdch alkaloidov v perzskom maku sa naz\u00fdva teba\u00edn a oxykod\u00f3nov\u00fd pr\u00e1\u0161ok je vyroben\u00e9 z tohto alkaloidu. Oxykod\u00f3nov\u00fd pr\u00e1\u0161ok je biely kry\u0161talick\u00fd pr\u00e1\u0161ok bez z\u00e1pachu, ktor\u00fd sa vyr\u00e1ba z tohto alkaloidu. Oxykod\u00f3n hydrochlorid sa rozp\u00fa\u0161\u0165a vo vode (1 g v 6 a\u017e 7 ml) a je trochu rozpustn\u00fd v alkohole, ale nie ve\u013emi (rozde\u013eovac\u00ed koeficient oktanolu a vody je 0,7).<\/p>\n<p>Oxykod\u00f3n hydrochlorid sa sklad\u00e1 zo 4 , 5a-epoxy-14-hydroxy-3-metoxy-17-metylmorfinan-6-\u00f3n hydrochlorid, \u010do je chemick\u00fd n\u00e1zov.<\/p>\n<p>Polosyntetick\u00e9 opioidn\u00e9 analgetikum naz\u00fdvan\u00e9 oxykod\u00f3nov\u00fd pr\u00e1\u0161ok sa pou\u017e\u00edva na lie\u010dbu stredne z\u00e1va\u017en\u00fdch a\u017e siln\u00e1 boles\u0165. Oxykod\u00f3nov\u00fd pr\u00e1\u0161ok sa zvy\u010dajne pou\u017e\u00edva na lie\u010dbu stredne silnej a\u017e silnej bolesti. Ke\u010f bol Oxykod\u00f3n vyroben\u00fd v Nemecku v roku 1917, bol jedn\u00fdm zo skupiny polosyntetick\u00fdch opioidov, ktor\u00e9 boli vyroben\u00e9 na zlep\u0161enie existuj\u00facich opioidov.<\/p>\n<\/p><\/div>\n","protected":false},"featured_media":5660,"comment_status":"open","ping_status":"closed","template":"","meta":[],"product_brand":[],"product_cat":[2014],"product_tag":[3431,3416,3415,3417,3418,3419,3424,3425,3426,3427,3421,3422,3423,3428,3429,3420,3430],"class_list":{"0":"post-5651","1":"product","2":"type-product","3":"status-publish","4":"has-post-thumbnail","6":"product_cat-k-c3-bapi-c5-a5-v-c3-bdskumn-c3-a9-chemik-c3-a1lie","7":"product_tag-kde-kpi-oxykodn-prok","8":"product_tag-kpi-oxykodn-prok","9":"product_tag-najlepie-miesto-na-nkup-oxykodnovho-prku","10":"product_tag-objednvka-oxykodn-prok","11":"product_tag-oxycodone-powder-buy","12":"product_tag-oxycodone-powder-effect","13":"product_tag-oxycodone-powder-mail","14":"product_tag-oxycodone-powder-mail-order","15":"product_tag-oxycodone-powder-online","16":"product_tag-oxycodone-powder-order","17":"product_tag-oxykodn-prok-na-predaj","18":"product_tag-oxykodn-prok-na-predaj-uk","19":"product_tag-oxykodn-prok-nemecko","20":"product_tag-oxycodone-powder-order-uk","21":"product_tag-oxykodn-prok-reddit","22":"product_tag-oxykodn-prok-europe","23":"product_tag-oxykodn-prok-predaj","25":"first","26":"instock","27":"shipping-taxable","28":"purchasable","29":"product-type-variable","30":"has-default-attributes"},"yoast_head":"<!-- This site is optimized with the Yoast SEO plugin v27.3 - https:\/\/yoast.com\/product\/yoast-seo-wordpress\/ -->\n<title>K\u00fapte si oxykod\u00f3nov\u00fd pr\u00e1\u0161ok - oxykod\u00f3nov\u00fd pr\u00e1\u0161ok - Best Global Meds<\/title>\n<meta name=\"description\" content=\"K\u00fapte si oxykod\u00f3nov\u00fd pr\u00e1\u0161ok vo Ve\u013ekej Brit\u00e1nii, Eur\u00f3pe v na\u0161om internetovom obchode Bestglobalmeds.com s r\u00fdchlym celosvetov\u00fdm doru\u010den\u00edm! Najlep\u0161\u00ed oxykod\u00f3nov\u00fd pr\u00e1\u0161ok na objedn\u00e1vku n\u00e1jdete tu!\" \/>\n<meta name=\"robots\" content=\"index, follow, max-snippet:-1, max-image-preview:large, max-video-preview:-1\" \/>\n<link rel=\"canonical\" href=\"https:\/\/medicinasinc.com\/sk\/product\/kupit-oxykodon-prasok\/\" \/>\n<meta property=\"og:locale\" content=\"en_US\" \/>\n<meta property=\"og:type\" content=\"article\" \/>\n<meta property=\"og:title\" content=\"K\u00fapte si oxykod\u00f3nov\u00fd pr\u00e1\u0161ok - oxykod\u00f3nov\u00fd pr\u00e1\u0161ok - Best Global Meds\" \/>\n<meta property=\"og:description\" content=\"K\u00fapte si oxykod\u00f3nov\u00fd pr\u00e1\u0161ok vo Ve\u013ekej Brit\u00e1nii, Eur\u00f3pe v na\u0161om internetovom obchode Bestglobalmeds.com s r\u00fdchlym celosvetov\u00fdm doru\u010den\u00edm! Najlep\u0161\u00ed oxykod\u00f3nov\u00fd pr\u00e1\u0161ok na objedn\u00e1vku n\u00e1jdete tu!\" \/>\n<meta property=\"og:url\" content=\"https:\/\/medicinasinc.com\/sk\/product\/kupit-oxykodon-prasok\/\" \/>\n<meta property=\"og:site_name\" content=\"Medicinas Inc\" \/>\n<meta property=\"article:modified_time\" content=\"2022-03-22T00:53:14+00:00\" \/>\n<meta property=\"og:image\" content=\"https:\/\/medicinasinc.com\/sk\/wp-content\/uploads\/sites\/10\/2022\/02\/Buy-oxycodone-powder.jpeg\" \/>\n\t<meta property=\"og:image:width\" content=\"510\" \/>\n\t<meta property=\"og:image:height\" content=\"389\" \/>\n\t<meta property=\"og:image:type\" content=\"image\/jpeg\" \/>\n<meta name=\"twitter:card\" content=\"summary_large_image\" \/>\n<meta name=\"twitter:label1\" content=\"Est. reading time\" \/>\n\t<meta name=\"twitter:data1\" content=\"2 minutes\" \/>\n<script type=\"application\/ld+json\" class=\"yoast-schema-graph\">{\"@context\":\"https:\\\/\\\/schema.org\",\"@graph\":[{\"@type\":\"WebPage\",\"@id\":\"https:\\\/\\\/medicinasinc.com\\\/sk\\\/product\\\/kupit-oxykodon-prasok\\\/\",\"url\":\"https:\\\/\\\/medicinasinc.com\\\/sk\\\/product\\\/kupit-oxykodon-prasok\\\/\",\"name\":\"K\u00fapte si oxykod\u00f3nov\u00fd pr\u00e1\u0161ok - oxykod\u00f3nov\u00fd pr\u00e1\u0161ok - Best Global Meds\",\"isPartOf\":{\"@id\":\"https:\\\/\\\/medicinasinc.com\\\/sk\\\/#website\"},\"primaryImageOfPage\":{\"@id\":\"https:\\\/\\\/medicinasinc.com\\\/sk\\\/product\\\/kupit-oxykodon-prasok\\\/#primaryimage\"},\"image\":{\"@id\":\"https:\\\/\\\/medicinasinc.com\\\/sk\\\/product\\\/kupit-oxykodon-prasok\\\/#primaryimage\"},\"thumbnailUrl\":\"https:\\\/\\\/medicinasinc.com\\\/sk\\\/wp-content\\\/uploads\\\/sites\\\/10\\\/2022\\\/02\\\/Buy-oxycodone-powder.jpeg\",\"datePublished\":\"2022-02-22T03:22:57+00:00\",\"dateModified\":\"2022-03-22T00:53:14+00:00\",\"description\":\"K\u00fapte si oxykod\u00f3nov\u00fd pr\u00e1\u0161ok vo Ve\u013ekej Brit\u00e1nii, Eur\u00f3pe v na\u0161om internetovom obchode Bestglobalmeds.com s r\u00fdchlym celosvetov\u00fdm doru\u010den\u00edm! Najlep\u0161\u00ed oxykod\u00f3nov\u00fd pr\u00e1\u0161ok na objedn\u00e1vku n\u00e1jdete tu!\",\"breadcrumb\":{\"@id\":\"https:\\\/\\\/medicinasinc.com\\\/sk\\\/product\\\/kupit-oxykodon-prasok\\\/#breadcrumb\"},\"inLanguage\":\"en-US\",\"potentialAction\":[{\"@type\":\"ReadAction\",\"target\":[\"https:\\\/\\\/medicinasinc.com\\\/sk\\\/product\\\/kupit-oxykodon-prasok\\\/\"]}]},{\"@type\":\"ImageObject\",\"inLanguage\":\"en-US\",\"@id\":\"https:\\\/\\\/medicinasinc.com\\\/sk\\\/product\\\/kupit-oxykodon-prasok\\\/#primaryimage\",\"url\":\"https:\\\/\\\/medicinasinc.com\\\/sk\\\/wp-content\\\/uploads\\\/sites\\\/10\\\/2022\\\/02\\\/Buy-oxycodone-powder.jpeg\",\"contentUrl\":\"https:\\\/\\\/medicinasinc.com\\\/sk\\\/wp-content\\\/uploads\\\/sites\\\/10\\\/2022\\\/02\\\/Buy-oxycodone-powder.jpeg\",\"width\":510,\"height\":389},{\"@type\":\"BreadcrumbList\",\"@id\":\"https:\\\/\\\/medicinasinc.com\\\/sk\\\/product\\\/kupit-oxykodon-prasok\\\/#breadcrumb\",\"itemListElement\":[{\"@type\":\"ListItem\",\"position\":1,\"name\":\"Obchod\",\"item\":\"https:\\\/\\\/medicinasinc.com\\\/sk\\\/obchod\\\/\"},{\"@type\":\"ListItem\",\"position\":2,\"name\":\"K\u00fapte si oxykod\u00f3nov\u00fd pr\u00e1\u0161ok\"}]},{\"@type\":\"WebSite\",\"@id\":\"https:\\\/\\\/medicinasinc.com\\\/sk\\\/#website\",\"url\":\"https:\\\/\\\/medicinasinc.com\\\/sk\\\/\",\"name\":\"Medicinas Inc\",\"description\":\"Health Medical Clinic\",\"potentialAction\":[{\"@type\":\"SearchAction\",\"target\":{\"@type\":\"EntryPoint\",\"urlTemplate\":\"https:\\\/\\\/medicinasinc.com\\\/sk\\\/?s={search_term_string}\"},\"query-input\":{\"@type\":\"PropertyValueSpecification\",\"valueRequired\":true,\"valueName\":\"search_term_string\"}}],\"inLanguage\":\"en-US\"}]}<\/script>\n<!-- \/ Yoast SEO plugin. -->","yoast_head_json":{"title":"K\u00fapte si oxykod\u00f3nov\u00fd pr\u00e1\u0161ok - oxykod\u00f3nov\u00fd pr\u00e1\u0161ok - Best Global Meds","description":"K\u00fapte si oxykod\u00f3nov\u00fd pr\u00e1\u0161ok vo Ve\u013ekej Brit\u00e1nii, Eur\u00f3pe v na\u0161om internetovom obchode Bestglobalmeds.com s r\u00fdchlym celosvetov\u00fdm doru\u010den\u00edm! Najlep\u0161\u00ed oxykod\u00f3nov\u00fd pr\u00e1\u0161ok na objedn\u00e1vku n\u00e1jdete tu!","robots":{"index":"index","follow":"follow","max-snippet":"max-snippet:-1","max-image-preview":"max-image-preview:large","max-video-preview":"max-video-preview:-1"},"canonical":"https:\/\/medicinasinc.com\/sk\/product\/kupit-oxykodon-prasok\/","og_locale":"en_US","og_type":"article","og_title":"K\u00fapte si oxykod\u00f3nov\u00fd pr\u00e1\u0161ok - oxykod\u00f3nov\u00fd pr\u00e1\u0161ok - Best Global Meds","og_description":"K\u00fapte si oxykod\u00f3nov\u00fd pr\u00e1\u0161ok vo Ve\u013ekej Brit\u00e1nii, Eur\u00f3pe v na\u0161om internetovom obchode Bestglobalmeds.com s r\u00fdchlym celosvetov\u00fdm doru\u010den\u00edm! Najlep\u0161\u00ed oxykod\u00f3nov\u00fd pr\u00e1\u0161ok na objedn\u00e1vku n\u00e1jdete tu!","og_url":"https:\/\/medicinasinc.com\/sk\/product\/kupit-oxykodon-prasok\/","og_site_name":"Medicinas Inc","article_modified_time":"2022-03-22T00:53:14+00:00","og_image":[{"width":510,"height":389,"url":"https:\/\/medicinasinc.com\/sk\/wp-content\/uploads\/sites\/10\/2022\/02\/Buy-oxycodone-powder.jpeg","type":"image\/jpeg"}],"twitter_card":"summary_large_image","twitter_misc":{"Est. reading time":"2 minutes"},"schema":{"@context":"https:\/\/schema.org","@graph":[{"@type":"WebPage","@id":"https:\/\/medicinasinc.com\/sk\/product\/kupit-oxykodon-prasok\/","url":"https:\/\/medicinasinc.com\/sk\/product\/kupit-oxykodon-prasok\/","name":"K\u00fapte si oxykod\u00f3nov\u00fd pr\u00e1\u0161ok - oxykod\u00f3nov\u00fd pr\u00e1\u0161ok - Best Global Meds","isPartOf":{"@id":"https:\/\/medicinasinc.com\/sk\/#website"},"primaryImageOfPage":{"@id":"https:\/\/medicinasinc.com\/sk\/product\/kupit-oxykodon-prasok\/#primaryimage"},"image":{"@id":"https:\/\/medicinasinc.com\/sk\/product\/kupit-oxykodon-prasok\/#primaryimage"},"thumbnailUrl":"https:\/\/medicinasinc.com\/sk\/wp-content\/uploads\/sites\/10\/2022\/02\/Buy-oxycodone-powder.jpeg","datePublished":"2022-02-22T03:22:57+00:00","dateModified":"2022-03-22T00:53:14+00:00","description":"K\u00fapte si oxykod\u00f3nov\u00fd pr\u00e1\u0161ok vo Ve\u013ekej Brit\u00e1nii, Eur\u00f3pe v na\u0161om internetovom obchode Bestglobalmeds.com s r\u00fdchlym celosvetov\u00fdm doru\u010den\u00edm! Najlep\u0161\u00ed oxykod\u00f3nov\u00fd pr\u00e1\u0161ok na objedn\u00e1vku n\u00e1jdete tu!","breadcrumb":{"@id":"https:\/\/medicinasinc.com\/sk\/product\/kupit-oxykodon-prasok\/#breadcrumb"},"inLanguage":"en-US","potentialAction":[{"@type":"ReadAction","target":["https:\/\/medicinasinc.com\/sk\/product\/kupit-oxykodon-prasok\/"]}]},{"@type":"ImageObject","inLanguage":"en-US","@id":"https:\/\/medicinasinc.com\/sk\/product\/kupit-oxykodon-prasok\/#primaryimage","url":"https:\/\/medicinasinc.com\/sk\/wp-content\/uploads\/sites\/10\/2022\/02\/Buy-oxycodone-powder.jpeg","contentUrl":"https:\/\/medicinasinc.com\/sk\/wp-content\/uploads\/sites\/10\/2022\/02\/Buy-oxycodone-powder.jpeg","width":510,"height":389},{"@type":"BreadcrumbList","@id":"https:\/\/medicinasinc.com\/sk\/product\/kupit-oxykodon-prasok\/#breadcrumb","itemListElement":[{"@type":"ListItem","position":1,"name":"Obchod","item":"https:\/\/medicinasinc.com\/sk\/obchod\/"},{"@type":"ListItem","position":2,"name":"K\u00fapte si oxykod\u00f3nov\u00fd pr\u00e1\u0161ok"}]},{"@type":"WebSite","@id":"https:\/\/medicinasinc.com\/sk\/#website","url":"https:\/\/medicinasinc.com\/sk\/","name":"Medicinas Inc","description":"Health Medical Clinic","potentialAction":[{"@type":"SearchAction","target":{"@type":"EntryPoint","urlTemplate":"https:\/\/medicinasinc.com\/sk\/?s={search_term_string}"},"query-input":{"@type":"PropertyValueSpecification","valueRequired":true,"valueName":"search_term_string"}}],"inLanguage":"en-US"}]}},"_links":{"self":[{"href":"https:\/\/medicinasinc.com\/sk\/wp-json\/wp\/v2\/product\/5651","targetHints":{"allow":["GET"]}}],"collection":[{"href":"https:\/\/medicinasinc.com\/sk\/wp-json\/wp\/v2\/product"}],"about":[{"href":"https:\/\/medicinasinc.com\/sk\/wp-json\/wp\/v2\/types\/product"}],"replies":[{"embeddable":true,"href":"https:\/\/medicinasinc.com\/sk\/wp-json\/wp\/v2\/comments?post=5651"}],"wp:featuredmedia":[{"embeddable":true,"href":"https:\/\/medicinasinc.com\/sk\/wp-json\/wp\/v2\/media\/5660"}],"wp:attachment":[{"href":"https:\/\/medicinasinc.com\/sk\/wp-json\/wp\/v2\/media?parent=5651"}],"wp:term":[{"taxonomy":"product_brand","embeddable":true,"href":"https:\/\/medicinasinc.com\/sk\/wp-json\/wp\/v2\/product_brand?post=5651"},{"taxonomy":"product_cat","embeddable":true,"href":"https:\/\/medicinasinc.com\/sk\/wp-json\/wp\/v2\/product_cat?post=5651"},{"taxonomy":"product_tag","embeddable":true,"href":"https:\/\/medicinasinc.com\/sk\/wp-json\/wp\/v2\/product_tag?post=5651"}],"curies":[{"name":"wp","href":"https:\/\/api.w.org\/{rel}","templated":true}]}}