{"id":5638,"date":"2022-02-22T03:11:29","date_gmt":"2022-02-22T03:11:29","guid":{"rendered":"https:\/\/medicinasinc.com\/sk\/?post_type=product&#038;p=5638"},"modified":"2022-03-22T00:53:22","modified_gmt":"2022-03-22T00:53:22","slug":"kupit-sextacy-sol-do-kupela","status":"publish","type":"product","link":"https:\/\/medicinasinc.com\/sk\/product\/kupit-sextacy-sol-do-kupela\/","title":{"rendered":"K\u00fapte si so\u013e do k\u00fape\u013ea Sextacy"},"content":{"rendered":"<p>K\u00fapte si so\u013e do k\u00fape\u013ea Sextacy v internetovom obchode, ako je tento:<br \/> K\u00fapte si so\u013e do k\u00fape\u013ea Sextacy na pou\u017eitie vo vani.<\/p>\n<p>Toto je koncentrovan\u00e1 so\u013e do k\u00fape\u013ea. St\u00e1le si v\u0161ak m\u00f4\u017eete odd\u00fdchnu\u0165 a necha\u0165 Sextacy na chv\u00ed\u013eu odvies\u0165 va\u0161u myse\u013e od vec\u00ed. Dajte si hor\u00faci k\u00fape\u013e a pridajte obsah. To prirodzene zm\u00e4k\u010d\u00ed vodu, v\u010faka \u010domu sa budete c\u00edti\u0165 ve\u013emi pokojne a upokojene.<\/p>\n<p>Je ve\u013emi d\u00f4le\u017eit\u00e9, aby ste za\u010dali s ve\u013emi mal\u00fdm mno\u017estvom soli do k\u00fape\u013ea Sextacy, aby ste videli, ako va\u0161e telo reaguje. Preto\u017ee je Sextacy Ultimate tak\u00e1 siln\u00e1, mo\u017eno ho budete musie\u0165 pou\u017ei\u0165 vo vani viac, aby ste dosiahli \u00fapln\u00fa relax\u00e1ciu, ktor\u00fa chcete.<\/p>\n<p>Sextacy je ve\u013ek\u00e1 vec.<\/p>\n<p>V teste MP , stalo sa toto:<\/p>\n<p>Ak v\u00e1m Ivory Wave nesta\u010d\u00ed, toto je silnej\u0161ia verzia skvel\u00e9ho a \u0161pi\u010dkov\u00e9ho produktu. Je ve\u013emi podobn\u00fd Ivory Wave, no m\u00e1 nejak\u00e9 extra pr\u00edsady, v\u010faka ktor\u00fdm je e\u0161te lep\u0161\u00ed. Av\u0161ak, rob\u00ed v\u00e1s ve\u013emi nadr\u017ean\u00fdmi a uprostred k\u00fape\u013ea sa c\u00edtite ako vo sne. Bude ve\u013emi siln\u00fd a pri jeho pou\u017e\u00edvan\u00ed by ste mali by\u0165 opatrn\u00ed. Ve\u013emi v\u00e1m to ur\u00fdchli k\u00fape\u013e. Za\u010dnite ve\u013emi m\u00e1lo. Na 6 a\u017e 9 hod\u00edn pr\u00edde asi za 10 min\u00fat a tak dlho to trv\u00e1. K\u00fape\u013eov\u00e1 so\u013e Sextacy je v\u0161ak ve\u013emi podobn\u00e1 Ivory Ultra, no st\u00e1le m\u00e1 svoj \u010darovn\u00fd n\u00e1dych LOL. Je to v\u0161ak skvel\u00fd produkt, tak\u017ee by som ho odpor\u00fa\u010dal opatrne a aby sp\u00e4tn\u00e1 v\u00e4zba prich\u00e1dzala! Mus\u00edte ma\u0165!<\/p>\n<p>Niektor\u00e9 zo zlo\u017eiek s\u00fa hydrog\u00e9nuhli\u010ditan sodn\u00fd, chlorid sodn\u00fd, hlbinn\u00e1 so\u013e, miner\u00e1ly a in\u00e9 prirodzene sa vyskytuj\u00face stopov\u00e9 prvky.<\/p>\n<p>Z\u00e1kon: Tento produkt je leg\u00e1lny v v ka\u017edej krajine, preto\u017ee sa vyr\u00e1ba z byl\u00edn.<\/p>\n<p>V tomto pr\u00edpade potrebujete koncentrovan\u00fa so\u013e do k\u00fape\u013ea White Girl 500 mg.<br \/> 500 mg soli do k\u00fape\u013ea White Lady<br \/> Koncentrovan\u00e9 soli do k\u00fape\u013ea Bliss maj\u00fa 500 mg soli v ka\u017edom vrec\u00fa\u0161ku.<br \/> K\u00fape\u013eov\u00e9 soli sne\u017en\u00e9ho leoparda ich maj\u00fa v ka\u017edom vrec\u00fa\u0161ku 500 mg.<br \/> 500 mg extra k\u00fape\u013eovej soli od Lunar Wave. 500mg koncentrovanej soli do k\u00fape\u013ea od White Horse.<br \/> 500mg povzbudzuj\u00facej soli do k\u00fape\u013ea<br \/> 500mg soli do k\u00fape\u013ea Cloud 10<br \/> Blue Magic: 500mg soli do k\u00fape\u013ea<br \/> So\u013e do k\u00fape\u013ea s n\u00e1zvom Scarface m\u00e1 500mg z toho.<br \/> Aj ove\u013ea viac \u013eud\u00ed.<\/p>\n","protected":false},"excerpt":{"rendered":"<div class=\"woocommerce-product-details__short-description\">\n<p>Je \u013eahk\u00e9 k\u00fapi\u0165 so\u013e do k\u00fape\u013ea Sextacy online v na\u0161om obchode Bestglobalmeds.com a r\u00fdchlo v\u00e1m ju doru\u010di\u0165 domov v Eur\u00f3pe a Spojenom kr\u00e1\u013eovstve. Najlep\u0161ie miesto na zak\u00fapenie soli do k\u00fape\u013ea Sextacy je tu!<\/p>\n<p>K\u00fapte si 50 balen\u00ed koncentrovanej soli do k\u00fape\u013ea Sextacy na internete. Koncentrovan\u00fd sextacy: 10 bal\u00ed\u010dkov po 10 K\u00fapte si na internete koncentrovan\u00fd sextacy 20 bal\u00ed\u010dkov soli do k\u00fape\u013ea.<\/p>\n<p>Existuje ve\u013ea webov\u00fdch str\u00e1nok, kde si m\u00f4\u017eete k\u00fapi\u0165 ve\u013ea soli do k\u00fape\u013ea za ve\u013ea pe\u0148az\u00ed.<\/p>\n<p>Online si m\u00f4\u017eete k\u00fapi\u0165 soli do k\u00fape\u013ea na sextacy od Global Medicine. K\u00fape\u013eov\u00e1 so\u013e Sextacy za v\u00fdpredajov\u00e9 ceny sa dozviete v tomto texte<\/p>\n<\/p><\/div>\n","protected":false},"featured_media":5650,"comment_status":"open","ping_status":"closed","template":"","meta":[],"product_brand":[],"product_cat":[2014],"product_tag":[3396,3398,3399,3413,3397,3400,3410,3408,3401,3404,3405,3406,3411,3412,3402,3403,3407,3409,3414],"class_list":{"0":"post-5638","1":"product","2":"type-product","3":"status-publish","4":"has-post-thumbnail","6":"product_cat-k-c3-bapi-c5-a5-v-c3-bdskumn-c3-a9-chemik-c3-a1lie","7":"product_tag-best-place-to-buy-sextacy-bath-salt","8":"product_tag-buy-sextacy-bath-salt","9":"product_tag-buy-sextacy-bath-salts-uk","10":"product_tag-sextacy-kpe-sol-dodvate","11":"product_tag-najlepie-sextacy-so-do-kpea","12":"product_tag-poriadok-sextacy-so-do-kpea","13":"product_tag-sextasia-kpe-so-objednvka","14":"product_tag-sextacy-so-do-kpea-na-predaj","15":"product_tag-predva-sextacy-so-do-kpea","16":"product_tag-sextacy-bath-salt-buy","17":"product_tag-sextacy-bath-salt-china","18":"product_tag-sextacy-bath-salt-effect","19":"product_tag-sextacy-bath-salt-reddit","20":"product_tag-sextacy-bath-salt-sale","21":"product_tag-sextzia-so-do-kpea","22":"product_tag-sextacy-kpe-so-alibaba","23":"product_tag-sextacy-kpe-so-eurpa","24":"product_tag-sextacy-so-do-kpea-online","25":"product_tag-sextacy-kpe-so-vekoobchod","27":"first","28":"instock","29":"shipping-taxable","30":"purchasable","31":"product-type-variable"},"yoast_head":"<!-- This site is optimized with the Yoast SEO plugin v27.3 - https:\/\/yoast.com\/product\/yoast-seo-wordpress\/ -->\n<title>K\u00fapte si Sextacy so\u013e do k\u00fape\u013ea - Sextacy so\u013e do k\u00fape\u013ea - Najlep\u0161ie glob\u00e1lne lieky<\/title>\n<meta name=\"description\" content=\"K\u00fapte si so\u013e do k\u00fape\u013ea Sextacy na predaj vo Ve\u013ekej Brit\u00e1nii, Eur\u00f3pe v na\u0161om internetovom obchode Bestglobalmeds.com s r\u00fdchlym celosvetov\u00fdm doru\u010den\u00edm! Najlep\u0161iu so\u013e do k\u00fape\u013ea Sextacy na objednanie n\u00e1jdete!\" \/>\n<meta name=\"robots\" content=\"index, follow, max-snippet:-1, max-image-preview:large, max-video-preview:-1\" \/>\n<link rel=\"canonical\" href=\"https:\/\/medicinasinc.com\/sk\/product\/kupit-sextacy-sol-do-kupela\/\" \/>\n<meta property=\"og:locale\" content=\"en_US\" \/>\n<meta property=\"og:type\" content=\"article\" \/>\n<meta property=\"og:title\" content=\"K\u00fapte si Sextacy so\u013e do k\u00fape\u013ea - Sextacy so\u013e do k\u00fape\u013ea - Najlep\u0161ie glob\u00e1lne lieky\" \/>\n<meta property=\"og:description\" content=\"K\u00fapte si so\u013e do k\u00fape\u013ea Sextacy na predaj vo Ve\u013ekej Brit\u00e1nii, Eur\u00f3pe v na\u0161om internetovom obchode Bestglobalmeds.com s r\u00fdchlym celosvetov\u00fdm doru\u010den\u00edm! Najlep\u0161iu so\u013e do k\u00fape\u013ea Sextacy na objednanie n\u00e1jdete!\" \/>\n<meta property=\"og:url\" content=\"https:\/\/medicinasinc.com\/sk\/product\/kupit-sextacy-sol-do-kupela\/\" \/>\n<meta property=\"og:site_name\" content=\"Medicinas Inc\" \/>\n<meta property=\"article:modified_time\" content=\"2022-03-22T00:53:22+00:00\" \/>\n<meta property=\"og:image\" content=\"https:\/\/medicinasinc.com\/sk\/wp-content\/uploads\/sites\/10\/2022\/02\/Buy-Sextacy-Bath-Salt.jpg\" \/>\n\t<meta property=\"og:image:width\" content=\"600\" \/>\n\t<meta property=\"og:image:height\" content=\"600\" \/>\n\t<meta property=\"og:image:type\" content=\"image\/jpeg\" \/>\n<meta name=\"twitter:card\" content=\"summary_large_image\" \/>\n<meta name=\"twitter:label1\" content=\"Est. reading time\" \/>\n\t<meta name=\"twitter:data1\" content=\"2 minutes\" \/>\n<script type=\"application\/ld+json\" class=\"yoast-schema-graph\">{\"@context\":\"https:\\\/\\\/schema.org\",\"@graph\":[{\"@type\":\"WebPage\",\"@id\":\"https:\\\/\\\/medicinasinc.com\\\/sk\\\/product\\\/kupit-sextacy-sol-do-kupela\\\/\",\"url\":\"https:\\\/\\\/medicinasinc.com\\\/sk\\\/product\\\/kupit-sextacy-sol-do-kupela\\\/\",\"name\":\"K\u00fapte si Sextacy so\u013e do k\u00fape\u013ea - Sextacy so\u013e do k\u00fape\u013ea - Najlep\u0161ie glob\u00e1lne lieky\",\"isPartOf\":{\"@id\":\"https:\\\/\\\/medicinasinc.com\\\/sk\\\/#website\"},\"primaryImageOfPage\":{\"@id\":\"https:\\\/\\\/medicinasinc.com\\\/sk\\\/product\\\/kupit-sextacy-sol-do-kupela\\\/#primaryimage\"},\"image\":{\"@id\":\"https:\\\/\\\/medicinasinc.com\\\/sk\\\/product\\\/kupit-sextacy-sol-do-kupela\\\/#primaryimage\"},\"thumbnailUrl\":\"https:\\\/\\\/medicinasinc.com\\\/sk\\\/wp-content\\\/uploads\\\/sites\\\/10\\\/2022\\\/02\\\/Buy-Sextacy-Bath-Salt.jpg\",\"datePublished\":\"2022-02-22T03:11:29+00:00\",\"dateModified\":\"2022-03-22T00:53:22+00:00\",\"description\":\"K\u00fapte si so\u013e do k\u00fape\u013ea Sextacy na predaj vo Ve\u013ekej Brit\u00e1nii, Eur\u00f3pe v na\u0161om internetovom obchode Bestglobalmeds.com s r\u00fdchlym celosvetov\u00fdm doru\u010den\u00edm! Najlep\u0161iu so\u013e do k\u00fape\u013ea Sextacy na objednanie n\u00e1jdete!\",\"breadcrumb\":{\"@id\":\"https:\\\/\\\/medicinasinc.com\\\/sk\\\/product\\\/kupit-sextacy-sol-do-kupela\\\/#breadcrumb\"},\"inLanguage\":\"en-US\",\"potentialAction\":[{\"@type\":\"ReadAction\",\"target\":[\"https:\\\/\\\/medicinasinc.com\\\/sk\\\/product\\\/kupit-sextacy-sol-do-kupela\\\/\"]}]},{\"@type\":\"ImageObject\",\"inLanguage\":\"en-US\",\"@id\":\"https:\\\/\\\/medicinasinc.com\\\/sk\\\/product\\\/kupit-sextacy-sol-do-kupela\\\/#primaryimage\",\"url\":\"https:\\\/\\\/medicinasinc.com\\\/sk\\\/wp-content\\\/uploads\\\/sites\\\/10\\\/2022\\\/02\\\/Buy-Sextacy-Bath-Salt.jpg\",\"contentUrl\":\"https:\\\/\\\/medicinasinc.com\\\/sk\\\/wp-content\\\/uploads\\\/sites\\\/10\\\/2022\\\/02\\\/Buy-Sextacy-Bath-Salt.jpg\",\"width\":600,\"height\":600},{\"@type\":\"BreadcrumbList\",\"@id\":\"https:\\\/\\\/medicinasinc.com\\\/sk\\\/product\\\/kupit-sextacy-sol-do-kupela\\\/#breadcrumb\",\"itemListElement\":[{\"@type\":\"ListItem\",\"position\":1,\"name\":\"Obchod\",\"item\":\"https:\\\/\\\/medicinasinc.com\\\/sk\\\/obchod\\\/\"},{\"@type\":\"ListItem\",\"position\":2,\"name\":\"K\u00fapte si so\u013e do k\u00fape\u013ea Sextacy\"}]},{\"@type\":\"WebSite\",\"@id\":\"https:\\\/\\\/medicinasinc.com\\\/sk\\\/#website\",\"url\":\"https:\\\/\\\/medicinasinc.com\\\/sk\\\/\",\"name\":\"Medicinas Inc\",\"description\":\"Health Medical Clinic\",\"potentialAction\":[{\"@type\":\"SearchAction\",\"target\":{\"@type\":\"EntryPoint\",\"urlTemplate\":\"https:\\\/\\\/medicinasinc.com\\\/sk\\\/?s={search_term_string}\"},\"query-input\":{\"@type\":\"PropertyValueSpecification\",\"valueRequired\":true,\"valueName\":\"search_term_string\"}}],\"inLanguage\":\"en-US\"}]}<\/script>\n<!-- \/ Yoast SEO plugin. -->","yoast_head_json":{"title":"K\u00fapte si Sextacy so\u013e do k\u00fape\u013ea - Sextacy so\u013e do k\u00fape\u013ea - Najlep\u0161ie glob\u00e1lne lieky","description":"K\u00fapte si so\u013e do k\u00fape\u013ea Sextacy na predaj vo Ve\u013ekej Brit\u00e1nii, Eur\u00f3pe v na\u0161om internetovom obchode Bestglobalmeds.com s r\u00fdchlym celosvetov\u00fdm doru\u010den\u00edm! Najlep\u0161iu so\u013e do k\u00fape\u013ea Sextacy na objednanie n\u00e1jdete!","robots":{"index":"index","follow":"follow","max-snippet":"max-snippet:-1","max-image-preview":"max-image-preview:large","max-video-preview":"max-video-preview:-1"},"canonical":"https:\/\/medicinasinc.com\/sk\/product\/kupit-sextacy-sol-do-kupela\/","og_locale":"en_US","og_type":"article","og_title":"K\u00fapte si Sextacy so\u013e do k\u00fape\u013ea - Sextacy so\u013e do k\u00fape\u013ea - Najlep\u0161ie glob\u00e1lne lieky","og_description":"K\u00fapte si so\u013e do k\u00fape\u013ea Sextacy na predaj vo Ve\u013ekej Brit\u00e1nii, Eur\u00f3pe v na\u0161om internetovom obchode Bestglobalmeds.com s r\u00fdchlym celosvetov\u00fdm doru\u010den\u00edm! Najlep\u0161iu so\u013e do k\u00fape\u013ea Sextacy na objednanie n\u00e1jdete!","og_url":"https:\/\/medicinasinc.com\/sk\/product\/kupit-sextacy-sol-do-kupela\/","og_site_name":"Medicinas Inc","article_modified_time":"2022-03-22T00:53:22+00:00","og_image":[{"width":600,"height":600,"url":"https:\/\/medicinasinc.com\/sk\/wp-content\/uploads\/sites\/10\/2022\/02\/Buy-Sextacy-Bath-Salt.jpg","type":"image\/jpeg"}],"twitter_card":"summary_large_image","twitter_misc":{"Est. reading time":"2 minutes"},"schema":{"@context":"https:\/\/schema.org","@graph":[{"@type":"WebPage","@id":"https:\/\/medicinasinc.com\/sk\/product\/kupit-sextacy-sol-do-kupela\/","url":"https:\/\/medicinasinc.com\/sk\/product\/kupit-sextacy-sol-do-kupela\/","name":"K\u00fapte si Sextacy so\u013e do k\u00fape\u013ea - Sextacy so\u013e do k\u00fape\u013ea - Najlep\u0161ie glob\u00e1lne lieky","isPartOf":{"@id":"https:\/\/medicinasinc.com\/sk\/#website"},"primaryImageOfPage":{"@id":"https:\/\/medicinasinc.com\/sk\/product\/kupit-sextacy-sol-do-kupela\/#primaryimage"},"image":{"@id":"https:\/\/medicinasinc.com\/sk\/product\/kupit-sextacy-sol-do-kupela\/#primaryimage"},"thumbnailUrl":"https:\/\/medicinasinc.com\/sk\/wp-content\/uploads\/sites\/10\/2022\/02\/Buy-Sextacy-Bath-Salt.jpg","datePublished":"2022-02-22T03:11:29+00:00","dateModified":"2022-03-22T00:53:22+00:00","description":"K\u00fapte si so\u013e do k\u00fape\u013ea Sextacy na predaj vo Ve\u013ekej Brit\u00e1nii, Eur\u00f3pe v na\u0161om internetovom obchode Bestglobalmeds.com s r\u00fdchlym celosvetov\u00fdm doru\u010den\u00edm! Najlep\u0161iu so\u013e do k\u00fape\u013ea Sextacy na objednanie n\u00e1jdete!","breadcrumb":{"@id":"https:\/\/medicinasinc.com\/sk\/product\/kupit-sextacy-sol-do-kupela\/#breadcrumb"},"inLanguage":"en-US","potentialAction":[{"@type":"ReadAction","target":["https:\/\/medicinasinc.com\/sk\/product\/kupit-sextacy-sol-do-kupela\/"]}]},{"@type":"ImageObject","inLanguage":"en-US","@id":"https:\/\/medicinasinc.com\/sk\/product\/kupit-sextacy-sol-do-kupela\/#primaryimage","url":"https:\/\/medicinasinc.com\/sk\/wp-content\/uploads\/sites\/10\/2022\/02\/Buy-Sextacy-Bath-Salt.jpg","contentUrl":"https:\/\/medicinasinc.com\/sk\/wp-content\/uploads\/sites\/10\/2022\/02\/Buy-Sextacy-Bath-Salt.jpg","width":600,"height":600},{"@type":"BreadcrumbList","@id":"https:\/\/medicinasinc.com\/sk\/product\/kupit-sextacy-sol-do-kupela\/#breadcrumb","itemListElement":[{"@type":"ListItem","position":1,"name":"Obchod","item":"https:\/\/medicinasinc.com\/sk\/obchod\/"},{"@type":"ListItem","position":2,"name":"K\u00fapte si so\u013e do k\u00fape\u013ea Sextacy"}]},{"@type":"WebSite","@id":"https:\/\/medicinasinc.com\/sk\/#website","url":"https:\/\/medicinasinc.com\/sk\/","name":"Medicinas Inc","description":"Health Medical Clinic","potentialAction":[{"@type":"SearchAction","target":{"@type":"EntryPoint","urlTemplate":"https:\/\/medicinasinc.com\/sk\/?s={search_term_string}"},"query-input":{"@type":"PropertyValueSpecification","valueRequired":true,"valueName":"search_term_string"}}],"inLanguage":"en-US"}]}},"_links":{"self":[{"href":"https:\/\/medicinasinc.com\/sk\/wp-json\/wp\/v2\/product\/5638","targetHints":{"allow":["GET"]}}],"collection":[{"href":"https:\/\/medicinasinc.com\/sk\/wp-json\/wp\/v2\/product"}],"about":[{"href":"https:\/\/medicinasinc.com\/sk\/wp-json\/wp\/v2\/types\/product"}],"replies":[{"embeddable":true,"href":"https:\/\/medicinasinc.com\/sk\/wp-json\/wp\/v2\/comments?post=5638"}],"wp:featuredmedia":[{"embeddable":true,"href":"https:\/\/medicinasinc.com\/sk\/wp-json\/wp\/v2\/media\/5650"}],"wp:attachment":[{"href":"https:\/\/medicinasinc.com\/sk\/wp-json\/wp\/v2\/media?parent=5638"}],"wp:term":[{"taxonomy":"product_brand","embeddable":true,"href":"https:\/\/medicinasinc.com\/sk\/wp-json\/wp\/v2\/product_brand?post=5638"},{"taxonomy":"product_cat","embeddable":true,"href":"https:\/\/medicinasinc.com\/sk\/wp-json\/wp\/v2\/product_cat?post=5638"},{"taxonomy":"product_tag","embeddable":true,"href":"https:\/\/medicinasinc.com\/sk\/wp-json\/wp\/v2\/product_tag?post=5638"}],"curies":[{"name":"wp","href":"https:\/\/api.w.org\/{rel}","templated":true}]}}