{"id":5637,"date":"2022-02-22T03:10:06","date_gmt":"2022-02-22T03:10:06","guid":{"rendered":"https:\/\/medicinasinc.com\/sk\/?post_type=product&#038;p=5637"},"modified":"2022-03-22T00:53:33","modified_gmt":"2022-03-22T00:53:33","slug":"kupit-smrnc-kupel-sol","status":"publish","type":"product","link":"https:\/\/medicinasinc.com\/sk\/product\/kupit-smrnc-kupel-sol\/","title":{"rendered":"K\u00fapte si \u0161umiv\u00fa so\u013e do k\u00fape\u013ea"},"content":{"rendered":"<p>Podrobnosti o produkte<\/p>\n<p>Ke\u010f pou\u017eijete na\u0161e \u0160UMIV\u00c9 SOLI DO K\u00daPE\u013dA, m\u00f4\u017eete si spr\u00edjemni\u0165 chv\u00edle vo vani. T\u00e1to pr\u00e9miov\u00e1 pr\u00edsada do k\u00fape\u013ea obsahuje soli z m\u0155tveho mora a epsomsk\u00e9 soli, ktor\u00e9 pom\u00e1haj\u00fa telu zbavi\u0165 sa tox\u00ednov. Su\u0161en\u00e9 kokosov\u00e9 mlieko, ovsen\u00fd prote\u00edn a kaol\u00ednov\u00fd \u00edl zjem\u0148uj\u00fa a vy\u017eivuj\u00fa poko\u017eku. Eukalyptov\u00e9, borievkov\u00e9 a levandu\u013eov\u00e9 oleje pom\u00e1haj\u00fa \u013eu\u010fom relaxova\u0165, lep\u0161ie spa\u0165 a maj\u00fa aromaterapeutick\u00e9 v\u00fdhody.<\/p>\n<p>\u0160UMIV\u00c9 SOLI DO K\u00daPE\u013dA sa dod\u00e1vaj\u00fa v 10 oz na mieru vyrobenej sklenenej karafe, ktor\u00e1 je zabalen\u00e1 v morskej tr\u00e1ve. Vn\u00fatorn\u00e1 strana veka sa pou\u017e\u00edva na odmeranie sol\u00ed.<\/p>\n<p>VY\u0160KA NA DOPLNENIE ZERO WASTE REFILL POUCH je vyroben\u00e1 z papiera, ktor\u00fd sa d\u00e1 doma kompostova\u0165. Je to na\u0161a odpove\u010f na jednorazov\u00e9 plastov\u00e9 vreck\u00e1 na k\u00fape\u013eov\u00fa so\u013e, ktor\u00e9 sme vyr\u00e1bali predt\u00fdm. Ak m\u00e1 vrec\u00fa\u0161ko rak\u00fasku certifik\u00e1ciu OK HOME, znamen\u00e1 to, \u017ee sa vo va\u0161ej z\u00e1hradnej kompostovni \u00faplne rozpadne. Vrec\u00fa\u0161ko ZERO WASTE REFILL obsahuje 10 unc\u00ed soli.<\/p>\n<p>Ako ho pou\u017e\u00edva\u0165<\/p>\n<p>Nasypte 2-3 a\u017e tri vie\u010dka do \u0161\u00e1lky teplej vody s vie\u010dkom na vn\u00fatornej strane nabera\u010dka. Pod\u013ea jemn\u00fdch bubliniek a trblietania spozn\u00e1te, kedy je \u010das dosta\u0165 svoje telo dovn\u00fatra.<\/p>\n<p>Po k\u00fapeli nie je potrebn\u00e9 oplachovanie. Telo si m\u00f4\u017eete pohladi\u0165 uter\u00e1kom. N\u00e1sledne naneste telov\u00fd olej, aby ste udr\u017eali vlhkos\u0165.<\/p>\n<p>Zlo\u017eky<\/p>\n<p>S\u00edran hore\u010dnat\u00fd, extrakt z kokosovej nucifery, kaol\u00ednov\u00fd \u00edl, s\u013eudov\u00fd pr\u00e1\u0161ok a sod\u00edk s\u00fa niektor\u00e9 zo zlo\u017eiek v Maris Sal , ktor\u00e1 je tie\u017e zn\u00e1ma ako so\u013e z M\u0155tveho mora alebo Morsk\u00e1 so\u013e.<\/p>\n<p>Hydrovan\u00fd ovsen\u00fd prote\u00edn (ovsen\u00fd prote\u00edn) a bikarbon\u00e1t<\/p>\n<p>PR\u00c1\u0160OK: Koloidn\u00e9 striebro, extrakt z ovocia Vaccinium angustifolium (v\u00fd\u0165a\u017eok z \u010du\u010doriedok), Kokosov\u00fd glukozid, olej z listov Eucalyptus globulus, olej z kvetov Lavandula angustifolia, drevn\u00fd olej z Juniperus communis a olej z kvetov Lavandula angustifolia (esenci\u00e1lny olej z borievky)<\/p>\n<div class=\"product-next-previous\">\n<div class=\" product-prev\"><\/div><\/div>\n","protected":false},"excerpt":{"rendered":"<p>M\u00f4\u017eete si k\u00fapi\u0165 \u0161umiv\u00fa so\u013e do k\u00fape\u013ea na predaj v Spojenom kr\u00e1\u013eovstve, E\u00da a Austr\u00e1lii. \u013dudia, ktor\u00ed u n\u00e1s nakupuj\u00fa, si m\u00f4\u017eu by\u0165 ist\u00ed, \u017ee dostan\u00fa to, za \u010do zaplatia. K\u00fapte si iskriv\u00fa so\u013e do k\u00fape\u013ea za najlep\u0161ie ceny u\u017e teraz!<\/p>\n<p>Uistite sa, \u017ee nakupujete JENAM LIVE LOVE Sparkle Bath SALT CUP za najlep\u0161iu cenu online v Holandsku aj v USA. K\u00fapte si teraz nie\u010do od Best Global Meds. Maj\u00fa skvel\u00e9 ceny!<\/p>\n<p>Koncentrovan\u00e1 so\u013e do k\u00fape\u013ea od najlep\u0161\u00edch zna\u010diek. Povinn\u00e1 v\u00fdbava ka\u017ed\u00e9ho pozorovate\u013ea hviezd. Budete sa c\u00edti\u0165 jasne ako hviezdy.<\/p>\n","protected":false},"featured_media":5648,"comment_status":"open","ping_status":"closed","template":"","meta":[],"product_brand":[],"product_cat":[610,2014],"product_tag":[3380,3381,3382,3385,3394,3395,3384,3390,3383,3388,3386,3391,3392,3387,3389,3393],"class_list":{"0":"post-5637","1":"product","2":"type-product","3":"status-publish","4":"has-post-thumbnail","6":"product_cat-kupit-hash-hashish","7":"product_cat-k-c3-bapi-c5-a5-v-c3-bdskumn-c3-a9-chemik-c3-a1lie","8":"product_tag-buy-sparkle-bath-salt","9":"product_tag-buy-sparkle-bath-salt-europe","10":"product_tag-buy-sparkle-bath-salt-uk","11":"product_tag-iskriv-kpe-so-efekt","12":"product_tag-kde-kpi-umiv-so-do-kpea","13":"product_tag-kde-objednavat-trisk-sol-do-kupela","14":"product_tag-trblieta-kpe-so-kpi","15":"product_tag-iskriv-kpeov-so-nkup","16":"product_tag-objednvka-iskriv-so-do-kpea","17":"product_tag-trblietav-kpe-so-objednvka","18":"product_tag-sparkle-bath-salt-germany","19":"product_tag-sparkle-bath-salt-reddit","20":"product_tag-sparkle-bath-salt-sale","21":"product_tag-iskriv-so-do-kpea-online","22":"product_tag-umiv-kpe-so-posko","23":"product_tag-umiv-kpe-so-vdsko","25":"first","26":"instock","27":"shipping-taxable","28":"purchasable","29":"product-type-variable","30":"has-default-attributes"},"yoast_head":"<!-- This site is optimized with the Yoast SEO plugin v27.3 - https:\/\/yoast.com\/product\/yoast-seo-wordpress\/ -->\n<title>K\u00fapte si perliv\u00e1 so\u013e do k\u00fape\u013ea \u2013 perliv\u00e1 so\u013e do k\u00fape\u013ea \u2013 najlep\u0161ie glob\u00e1lne lieky<\/title>\n<meta name=\"description\" content=\"K\u00fapi\u0165 \u0160umiv\u00e1 so\u013e do k\u00fape\u013ea na predaj v UK, Europe, AU. pon\u00fakame najspo\u013eahlivej\u0161ie transakcie a pred\u00e1vame za ve\u013emi prijate\u013en\u00e9 ceny. Objednajte si \u0160umiv\u00e1 so\u013e do k\u00fape\u013ea teraz za najlep\u0161ie ceny\" \/>\n<meta name=\"robots\" content=\"index, follow, max-snippet:-1, max-image-preview:large, max-video-preview:-1\" \/>\n<link rel=\"canonical\" href=\"https:\/\/medicinasinc.com\/sk\/product\/kupit-smrnc-kupel-sol\/\" \/>\n<meta property=\"og:locale\" content=\"en_US\" \/>\n<meta property=\"og:type\" content=\"article\" \/>\n<meta property=\"og:title\" content=\"K\u00fapte si perliv\u00e1 so\u013e do k\u00fape\u013ea \u2013 perliv\u00e1 so\u013e do k\u00fape\u013ea \u2013 najlep\u0161ie glob\u00e1lne lieky\" \/>\n<meta property=\"og:description\" content=\"K\u00fapi\u0165 \u0160umiv\u00e1 so\u013e do k\u00fape\u013ea na predaj v UK, Europe, AU. pon\u00fakame najspo\u013eahlivej\u0161ie transakcie a pred\u00e1vame za ve\u013emi prijate\u013en\u00e9 ceny. Objednajte si \u0160umiv\u00e1 so\u013e do k\u00fape\u013ea teraz za najlep\u0161ie ceny\" \/>\n<meta property=\"og:url\" content=\"https:\/\/medicinasinc.com\/sk\/product\/kupit-smrnc-kupel-sol\/\" \/>\n<meta property=\"og:site_name\" content=\"Medicinas Inc\" \/>\n<meta property=\"article:modified_time\" content=\"2022-03-22T00:53:33+00:00\" \/>\n<meta property=\"og:image\" content=\"https:\/\/medicinasinc.com\/sk\/wp-content\/uploads\/sites\/10\/2022\/02\/Buy-Sparkle-Bath-Salt.jpg\" \/>\n\t<meta property=\"og:image:width\" content=\"750\" \/>\n\t<meta property=\"og:image:height\" content=\"750\" \/>\n\t<meta property=\"og:image:type\" content=\"image\/jpeg\" \/>\n<meta name=\"twitter:card\" content=\"summary_large_image\" \/>\n<meta name=\"twitter:label1\" content=\"Est. reading time\" \/>\n\t<meta name=\"twitter:data1\" content=\"2 minutes\" \/>\n<script type=\"application\/ld+json\" class=\"yoast-schema-graph\">{\"@context\":\"https:\\\/\\\/schema.org\",\"@graph\":[{\"@type\":\"WebPage\",\"@id\":\"https:\\\/\\\/medicinasinc.com\\\/sk\\\/product\\\/kupit-smrnc-kupel-sol\\\/\",\"url\":\"https:\\\/\\\/medicinasinc.com\\\/sk\\\/product\\\/kupit-smrnc-kupel-sol\\\/\",\"name\":\"K\u00fapte si perliv\u00e1 so\u013e do k\u00fape\u013ea \u2013 perliv\u00e1 so\u013e do k\u00fape\u013ea \u2013 najlep\u0161ie glob\u00e1lne lieky\",\"isPartOf\":{\"@id\":\"https:\\\/\\\/medicinasinc.com\\\/sk\\\/#website\"},\"primaryImageOfPage\":{\"@id\":\"https:\\\/\\\/medicinasinc.com\\\/sk\\\/product\\\/kupit-smrnc-kupel-sol\\\/#primaryimage\"},\"image\":{\"@id\":\"https:\\\/\\\/medicinasinc.com\\\/sk\\\/product\\\/kupit-smrnc-kupel-sol\\\/#primaryimage\"},\"thumbnailUrl\":\"https:\\\/\\\/medicinasinc.com\\\/sk\\\/wp-content\\\/uploads\\\/sites\\\/10\\\/2022\\\/02\\\/Buy-Sparkle-Bath-Salt.jpg\",\"datePublished\":\"2022-02-22T03:10:06+00:00\",\"dateModified\":\"2022-03-22T00:53:33+00:00\",\"description\":\"K\u00fapi\u0165 \u0160umiv\u00e1 so\u013e do k\u00fape\u013ea na predaj v UK, Europe, AU. pon\u00fakame najspo\u013eahlivej\u0161ie transakcie a pred\u00e1vame za ve\u013emi prijate\u013en\u00e9 ceny. Objednajte si \u0160umiv\u00e1 so\u013e do k\u00fape\u013ea teraz za najlep\u0161ie ceny\",\"breadcrumb\":{\"@id\":\"https:\\\/\\\/medicinasinc.com\\\/sk\\\/product\\\/kupit-smrnc-kupel-sol\\\/#breadcrumb\"},\"inLanguage\":\"en-US\",\"potentialAction\":[{\"@type\":\"ReadAction\",\"target\":[\"https:\\\/\\\/medicinasinc.com\\\/sk\\\/product\\\/kupit-smrnc-kupel-sol\\\/\"]}]},{\"@type\":\"ImageObject\",\"inLanguage\":\"en-US\",\"@id\":\"https:\\\/\\\/medicinasinc.com\\\/sk\\\/product\\\/kupit-smrnc-kupel-sol\\\/#primaryimage\",\"url\":\"https:\\\/\\\/medicinasinc.com\\\/sk\\\/wp-content\\\/uploads\\\/sites\\\/10\\\/2022\\\/02\\\/Buy-Sparkle-Bath-Salt.jpg\",\"contentUrl\":\"https:\\\/\\\/medicinasinc.com\\\/sk\\\/wp-content\\\/uploads\\\/sites\\\/10\\\/2022\\\/02\\\/Buy-Sparkle-Bath-Salt.jpg\",\"width\":750,\"height\":750},{\"@type\":\"BreadcrumbList\",\"@id\":\"https:\\\/\\\/medicinasinc.com\\\/sk\\\/product\\\/kupit-smrnc-kupel-sol\\\/#breadcrumb\",\"itemListElement\":[{\"@type\":\"ListItem\",\"position\":1,\"name\":\"Obchod\",\"item\":\"https:\\\/\\\/medicinasinc.com\\\/sk\\\/obchod\\\/\"},{\"@type\":\"ListItem\",\"position\":2,\"name\":\"K\u00fapte si \u0161umiv\u00fa so\u013e do k\u00fape\u013ea\"}]},{\"@type\":\"WebSite\",\"@id\":\"https:\\\/\\\/medicinasinc.com\\\/sk\\\/#website\",\"url\":\"https:\\\/\\\/medicinasinc.com\\\/sk\\\/\",\"name\":\"Medicinas Inc\",\"description\":\"Health Medical Clinic\",\"potentialAction\":[{\"@type\":\"SearchAction\",\"target\":{\"@type\":\"EntryPoint\",\"urlTemplate\":\"https:\\\/\\\/medicinasinc.com\\\/sk\\\/?s={search_term_string}\"},\"query-input\":{\"@type\":\"PropertyValueSpecification\",\"valueRequired\":true,\"valueName\":\"search_term_string\"}}],\"inLanguage\":\"en-US\"}]}<\/script>\n<!-- \/ Yoast SEO plugin. -->","yoast_head_json":{"title":"K\u00fapte si perliv\u00e1 so\u013e do k\u00fape\u013ea \u2013 perliv\u00e1 so\u013e do k\u00fape\u013ea \u2013 najlep\u0161ie glob\u00e1lne lieky","description":"K\u00fapi\u0165 \u0160umiv\u00e1 so\u013e do k\u00fape\u013ea na predaj v UK, Europe, AU. pon\u00fakame najspo\u013eahlivej\u0161ie transakcie a pred\u00e1vame za ve\u013emi prijate\u013en\u00e9 ceny. Objednajte si \u0160umiv\u00e1 so\u013e do k\u00fape\u013ea teraz za najlep\u0161ie ceny","robots":{"index":"index","follow":"follow","max-snippet":"max-snippet:-1","max-image-preview":"max-image-preview:large","max-video-preview":"max-video-preview:-1"},"canonical":"https:\/\/medicinasinc.com\/sk\/product\/kupit-smrnc-kupel-sol\/","og_locale":"en_US","og_type":"article","og_title":"K\u00fapte si perliv\u00e1 so\u013e do k\u00fape\u013ea \u2013 perliv\u00e1 so\u013e do k\u00fape\u013ea \u2013 najlep\u0161ie glob\u00e1lne lieky","og_description":"K\u00fapi\u0165 \u0160umiv\u00e1 so\u013e do k\u00fape\u013ea na predaj v UK, Europe, AU. pon\u00fakame najspo\u013eahlivej\u0161ie transakcie a pred\u00e1vame za ve\u013emi prijate\u013en\u00e9 ceny. Objednajte si \u0160umiv\u00e1 so\u013e do k\u00fape\u013ea teraz za najlep\u0161ie ceny","og_url":"https:\/\/medicinasinc.com\/sk\/product\/kupit-smrnc-kupel-sol\/","og_site_name":"Medicinas Inc","article_modified_time":"2022-03-22T00:53:33+00:00","og_image":[{"width":750,"height":750,"url":"https:\/\/medicinasinc.com\/sk\/wp-content\/uploads\/sites\/10\/2022\/02\/Buy-Sparkle-Bath-Salt.jpg","type":"image\/jpeg"}],"twitter_card":"summary_large_image","twitter_misc":{"Est. reading time":"2 minutes"},"schema":{"@context":"https:\/\/schema.org","@graph":[{"@type":"WebPage","@id":"https:\/\/medicinasinc.com\/sk\/product\/kupit-smrnc-kupel-sol\/","url":"https:\/\/medicinasinc.com\/sk\/product\/kupit-smrnc-kupel-sol\/","name":"K\u00fapte si perliv\u00e1 so\u013e do k\u00fape\u013ea \u2013 perliv\u00e1 so\u013e do k\u00fape\u013ea \u2013 najlep\u0161ie glob\u00e1lne lieky","isPartOf":{"@id":"https:\/\/medicinasinc.com\/sk\/#website"},"primaryImageOfPage":{"@id":"https:\/\/medicinasinc.com\/sk\/product\/kupit-smrnc-kupel-sol\/#primaryimage"},"image":{"@id":"https:\/\/medicinasinc.com\/sk\/product\/kupit-smrnc-kupel-sol\/#primaryimage"},"thumbnailUrl":"https:\/\/medicinasinc.com\/sk\/wp-content\/uploads\/sites\/10\/2022\/02\/Buy-Sparkle-Bath-Salt.jpg","datePublished":"2022-02-22T03:10:06+00:00","dateModified":"2022-03-22T00:53:33+00:00","description":"K\u00fapi\u0165 \u0160umiv\u00e1 so\u013e do k\u00fape\u013ea na predaj v UK, Europe, AU. pon\u00fakame najspo\u013eahlivej\u0161ie transakcie a pred\u00e1vame za ve\u013emi prijate\u013en\u00e9 ceny. Objednajte si \u0160umiv\u00e1 so\u013e do k\u00fape\u013ea teraz za najlep\u0161ie ceny","breadcrumb":{"@id":"https:\/\/medicinasinc.com\/sk\/product\/kupit-smrnc-kupel-sol\/#breadcrumb"},"inLanguage":"en-US","potentialAction":[{"@type":"ReadAction","target":["https:\/\/medicinasinc.com\/sk\/product\/kupit-smrnc-kupel-sol\/"]}]},{"@type":"ImageObject","inLanguage":"en-US","@id":"https:\/\/medicinasinc.com\/sk\/product\/kupit-smrnc-kupel-sol\/#primaryimage","url":"https:\/\/medicinasinc.com\/sk\/wp-content\/uploads\/sites\/10\/2022\/02\/Buy-Sparkle-Bath-Salt.jpg","contentUrl":"https:\/\/medicinasinc.com\/sk\/wp-content\/uploads\/sites\/10\/2022\/02\/Buy-Sparkle-Bath-Salt.jpg","width":750,"height":750},{"@type":"BreadcrumbList","@id":"https:\/\/medicinasinc.com\/sk\/product\/kupit-smrnc-kupel-sol\/#breadcrumb","itemListElement":[{"@type":"ListItem","position":1,"name":"Obchod","item":"https:\/\/medicinasinc.com\/sk\/obchod\/"},{"@type":"ListItem","position":2,"name":"K\u00fapte si \u0161umiv\u00fa so\u013e do k\u00fape\u013ea"}]},{"@type":"WebSite","@id":"https:\/\/medicinasinc.com\/sk\/#website","url":"https:\/\/medicinasinc.com\/sk\/","name":"Medicinas Inc","description":"Health Medical Clinic","potentialAction":[{"@type":"SearchAction","target":{"@type":"EntryPoint","urlTemplate":"https:\/\/medicinasinc.com\/sk\/?s={search_term_string}"},"query-input":{"@type":"PropertyValueSpecification","valueRequired":true,"valueName":"search_term_string"}}],"inLanguage":"en-US"}]}},"_links":{"self":[{"href":"https:\/\/medicinasinc.com\/sk\/wp-json\/wp\/v2\/product\/5637","targetHints":{"allow":["GET"]}}],"collection":[{"href":"https:\/\/medicinasinc.com\/sk\/wp-json\/wp\/v2\/product"}],"about":[{"href":"https:\/\/medicinasinc.com\/sk\/wp-json\/wp\/v2\/types\/product"}],"replies":[{"embeddable":true,"href":"https:\/\/medicinasinc.com\/sk\/wp-json\/wp\/v2\/comments?post=5637"}],"wp:featuredmedia":[{"embeddable":true,"href":"https:\/\/medicinasinc.com\/sk\/wp-json\/wp\/v2\/media\/5648"}],"wp:attachment":[{"href":"https:\/\/medicinasinc.com\/sk\/wp-json\/wp\/v2\/media?parent=5637"}],"wp:term":[{"taxonomy":"product_brand","embeddable":true,"href":"https:\/\/medicinasinc.com\/sk\/wp-json\/wp\/v2\/product_brand?post=5637"},{"taxonomy":"product_cat","embeddable":true,"href":"https:\/\/medicinasinc.com\/sk\/wp-json\/wp\/v2\/product_cat?post=5637"},{"taxonomy":"product_tag","embeddable":true,"href":"https:\/\/medicinasinc.com\/sk\/wp-json\/wp\/v2\/product_tag?post=5637"}],"curies":[{"name":"wp","href":"https:\/\/api.w.org\/{rel}","templated":true}]}}