{"id":5636,"date":"2022-02-22T03:08:33","date_gmt":"2022-02-22T03:08:33","guid":{"rendered":"https:\/\/medicinasinc.com\/sk\/?post_type=product&#038;p=5636"},"modified":"2022-03-22T00:53:42","modified_gmt":"2022-03-22T00:53:42","slug":"kupit-synthakain-prasok","status":"publish","type":"product","link":"https:\/\/medicinasinc.com\/sk\/product\/kupit-synthakain-prasok\/","title":{"rendered":"K\u00fapi\u0165 Synthacaine Powder"},"content":{"rendered":"<p>K\u00daPITE SI PR\u00c1\u0160OK SYNTHACAINE NA POU\u017dITIE<br \/> Synthacaine Powder je v\u00fdskumn\u00e1 chemik\u00e1lia, ktor\u00fa pred\u00e1va ve\u013ekoobchodn\u00edk.<br \/> Pri platbe si m\u00f4\u017eete vybra\u0165 platbu bankov\u00fdm prevodom alebo bitcoinmi.<br \/> Upozor\u0148ujeme, \u017ee ste kryt\u00ed iba v pr\u00edpade straty bal\u00edka. Ak pou\u017e\u00edvate slu\u017ebu Tracked Insured a v\u00e1\u0161 bal\u00edk sa strat\u00ed, po\u0161leme v\u00e1m ho sp\u00e4\u0165 zadarmo.<br \/> Skontrolujte si z\u00e1kony va\u0161ej krajiny o dovoze chemik\u00e1li\u00ed.<br \/> Objedn\u00e1vky na bitcoiny, ktor\u00e9 sa zad\u00e1vaj\u00fa od pondelka do piatku do 15:30 bud\u00fa odoslan\u00e9 v ten ist\u00fd de\u0148, kedy bud\u00fa umiestnen\u00e9.<\/p>\n<p>Ke\u010f bol synthaka\u00edn prv\u00fdkr\u00e1t pou\u017eit\u00fd vo v\u00fdskume, mal zl\u00fa poves\u0165. Je to hlavne preto, \u017ee ve\u013ea spolo\u010dnost\u00ed pred\u00e1valo vzorky n\u00edzkej kvality. Nie v\u0161ak tu na Highstore.net!<\/p>\n<p>Spolupracujeme s dobr\u00fdm laborat\u00f3riom, aby sme sa uistili, \u017ee v\u0161etok synthaka\u00edn, ktor\u00fd vyr\u00e1bame, je aspo\u0148 na 98 % \u010dist\u00fd. Neuv\u00e1dzame presn\u00fd recept na tento produkt, preto\u017ee je to tajn\u00e1 zmes.<\/p>\n<p>Synthaka\u00edn Gr8 Research Chems m\u00e1 dobr\u00fa poves\u0165. S rados\u0165ou m\u00f4\u017eeme poveda\u0165, \u017ee na\u0161e z\u00e1soby poch\u00e1dzaj\u00fa z rovnak\u00e9ho zdroja.<\/p>\n<p>O tejto chemik\u00e1lii e\u0161te st\u00e1le ve\u013ea nevieme, no zatia\u013e testy ukazuj\u00fa, \u017ee dok\u00e1\u017ee \u013eud\u00ed ve\u013emi r\u00fdchlo rozveseli\u0165. .<\/p>\n<p>M\u00f4\u017ee to by\u0165 aj stimulant, tak\u017ee je d\u00f4le\u017eit\u00e9, aby v\u00fdskumn\u00edci podnikli kroky na to, aby sa od neho dr\u017eali \u010falej a testovali ho iba dve d\u00e1vky naraz.<\/p>\n<p>Chemick\u00e9 l\u00e1tky ktor\u00e9 pred\u00e1vame, nie s\u00fa schv\u00e1len\u00e9 na \u017eiadny typ v\u00fdskumu in vivo (tj nie na \u013eu\u010foch alebo zvierat\u00e1ch) ani na klinick\u00e9 sk\u00fa\u0161ky, tak\u017ee ak d\u00f4jde k ich n\u00e1hodn\u00e9mu po\u017eitiu, mali by ste okam\u017eite vyh\u013eada\u0165 lek\u00e1rsku pomoc. To plat\u00ed pre v\u0161etky chemik\u00e1lie, ktor\u00e9 pred\u00e1vame. Dodr\u017eiavajte \u0161tandardn\u00e9 laborat\u00f3rne bezpe\u010dnostn\u00e9 pravidl\u00e1, ako je nosenie spr\u00e1vnej ochrany poko\u017eky, o\u010d\u00ed a odevu.<\/p>\n<p>Ak to zjete, mali by ste okam\u017eite vyh\u013eada\u0165 lek\u00e1rsku pomoc.<\/p>\n<p>\u013dudia si m\u00f4\u017eu k\u00fapi\u0165 tento produkt v mno\u017estv\u00e1ch 500 mg a 1 gram. M\u00f4\u017eu si ho k\u00fapi\u0165 aj v mno\u017estve 500 mg a 2 gramy.<\/p>\n<p>Mus\u00ed ma\u0165 viac ako 18 rokov a nesm\u00fa ho jes\u0165 \u013eudia.<\/p>\n","protected":false},"excerpt":{"rendered":"<div class=\"woocommerce-product-details__short-description\">\n<p>M\u00f4\u017eete si k\u00fapi\u0165 Synthacaine Powder v na\u0161om online obchode Best Global Meds vo Ve\u013ekej Brit\u00e1nii, Eur\u00f3pe, \u00c1zii, \u010c\u00edne a r\u00fdchlo v\u00e1m ho doru\u010d\u00edme do cel\u00e9ho sveta! Tu n\u00e1jdete najlep\u0161\u00ed syntetick\u00fd pr\u00e1\u0161ok na n\u00e1kup.<\/p>\n<p>Synthacaine Powder: K\u00fapte si syntetick\u00fd pr\u00e1\u0161ok, ve\u013ekoobchodn\u00fd predajca chemik\u00e1li\u00ed pre v\u00fdskum syntetick\u00fdch pr\u00e1\u0161kov. Pri platbe si m\u00f4\u017eete vybra\u0165 platbu bankov\u00fdm prevodom alebo bitcoinmi.<\/p>\n<p>Synthacaine na n\u00e1kup online Synthacaine je mo\u017en\u00e9 k\u00fapi\u0165 v online obchodoch s chemik\u00e1liami. M\u00f4\u017eete ich n\u00e1js\u0165. Internetov\u00e9 obchody s chemik\u00e1liami s\u00fa najlep\u0161\u00edm miestom na n\u00e1kup v\u00fdskumn\u00fdch chemik\u00e1li\u00ed, preto\u017ee ich tam m\u00f4\u017eete z\u00edska\u0165.<\/p>\n<p>\u010co je synthaka\u00edn? Kde si to m\u00f4\u017eem k\u00fapi\u0165? Best Global Meds je jedn\u00fdm z najlep\u0161\u00edch miest na n\u00e1kup Synthacaine online. Na predaj: Pon\u00fakame na predaj vysokokvalitn\u00fd synthaka\u00edn.<\/p>\n<p>K\u00fapte si syntetick\u00fd pr\u00e1\u0161ok za n\u00edzku cenu online.<\/p>\n<p>Synthaka\u00edn m\u00e1 \u010distotu 99,8 %. Synthaka\u00edn sa pou\u017e\u00edva vo v\u00fdskume. Pri 100 mg je ve\u013emi siln\u00fd.<\/p>\n<\/p><\/div>\n","protected":false},"featured_media":5646,"comment_status":"open","ping_status":"closed","template":"","meta":[],"product_brand":[],"product_cat":[2014],"product_tag":[3359,3379,3369,3361,3362,3360,3363,3374,3365,3370,3375,3376,3377,3368,3372,3373,3371,3378,3366,3367,3364],"class_list":{"0":"post-5636","1":"product","2":"type-product","3":"status-publish","4":"has-post-thumbnail","6":"product_cat-k-c3-bapi-c5-a5-v-c3-bdskumn-c3-a9-chemik-c3-a1lie","7":"product_tag-buy-research-chemical-synthacaine-powder","8":"product_tag-kde-kpi-synthakan-prok","9":"product_tag-synthakan-prok-kpi","10":"product_tag-kpi-synthakan-prok","11":"product_tag-buy-synthacaine-powder-uk","12":"product_tag-kpi-vskum-chemick-synthakan-prok-online","13":"product_tag-objednvka-synthakan-prok-europe","14":"product_tag-synthakan-prok-objednvka","15":"product_tag-research-chemical-new-release-synthacaine-powder","16":"product_tag-synthakan-prok-na","17":"product_tag-synthacaine-powder-reddit","18":"product_tag-synthacaine-powder-research-chemical","19":"product_tag-synthacaine-powder-sale","20":"product_tag-synthakan-prok","21":"product_tag-synthakan-prok-na-predaj","22":"product_tag-synthakan-prok-online","23":"product_tag-pr-c3-a1-c5-a1kov-c3-bd-synthaka-c3-adnov-c3-bd-efekt","24":"product_tag-synthakan-prok-vekoobchod","25":"product_tag-vskum-chemick-synthakan-prok","26":"product_tag-v-c3-bdskum-chemik-c3-a1lie-online","27":"product_tag-vskum-chem-synthakan-prok","29":"first","30":"instock","31":"shipping-taxable","32":"purchasable","33":"product-type-variable","34":"has-default-attributes"},"yoast_head":"<!-- This site is optimized with the Yoast SEO plugin v27.3 - https:\/\/yoast.com\/product\/yoast-seo-wordpress\/ -->\n<title>K\u00fapi\u0165 Synthacaine Powder \u2013 Synthacaine Powder \u2013 Najlep\u0161ie glob\u00e1lne lieky<\/title>\n<meta name=\"description\" content=\"K\u00fapte si Synthacaine Powder Spojen\u00e9 kr\u00e1\u013eovstvo, Eur\u00f3pa, \u00c1zia, \u010c\u00edna v na\u0161om internetovom obchode Best Global Meds s r\u00fdchlym celosvetov\u00fdm doru\u010den\u00edm! Najlep\u0161\u00ed synthaka\u00edn na objedn\u00e1vku n\u00e1jdete tu!\" \/>\n<meta name=\"robots\" content=\"index, follow, max-snippet:-1, max-image-preview:large, max-video-preview:-1\" \/>\n<link rel=\"canonical\" href=\"https:\/\/medicinasinc.com\/sk\/product\/kupit-synthakain-prasok\/\" \/>\n<meta property=\"og:locale\" content=\"en_US\" \/>\n<meta property=\"og:type\" content=\"article\" \/>\n<meta property=\"og:title\" content=\"K\u00fapi\u0165 Synthacaine Powder \u2013 Synthacaine Powder \u2013 Najlep\u0161ie glob\u00e1lne lieky\" \/>\n<meta property=\"og:description\" content=\"K\u00fapte si Synthacaine Powder Spojen\u00e9 kr\u00e1\u013eovstvo, Eur\u00f3pa, \u00c1zia, \u010c\u00edna v na\u0161om internetovom obchode Best Global Meds s r\u00fdchlym celosvetov\u00fdm doru\u010den\u00edm! Najlep\u0161\u00ed synthaka\u00edn na objedn\u00e1vku n\u00e1jdete tu!\" \/>\n<meta property=\"og:url\" content=\"https:\/\/medicinasinc.com\/sk\/product\/kupit-synthakain-prasok\/\" \/>\n<meta property=\"og:site_name\" content=\"Medicinas Inc\" \/>\n<meta property=\"article:modified_time\" content=\"2022-03-22T00:53:42+00:00\" \/>\n<meta property=\"og:image\" content=\"https:\/\/medicinasinc.com\/sk\/wp-content\/uploads\/sites\/10\/2022\/02\/Buy-Synthacaine-Powder.jpg\" \/>\n\t<meta property=\"og:image:width\" content=\"600\" \/>\n\t<meta property=\"og:image:height\" content=\"600\" \/>\n\t<meta property=\"og:image:type\" content=\"image\/jpeg\" \/>\n<meta name=\"twitter:card\" content=\"summary_large_image\" \/>\n<meta name=\"twitter:label1\" content=\"Est. reading time\" \/>\n\t<meta name=\"twitter:data1\" content=\"2 minutes\" \/>\n<script type=\"application\/ld+json\" class=\"yoast-schema-graph\">{\"@context\":\"https:\\\/\\\/schema.org\",\"@graph\":[{\"@type\":\"WebPage\",\"@id\":\"https:\\\/\\\/medicinasinc.com\\\/sk\\\/product\\\/kupit-synthakain-prasok\\\/\",\"url\":\"https:\\\/\\\/medicinasinc.com\\\/sk\\\/product\\\/kupit-synthakain-prasok\\\/\",\"name\":\"K\u00fapi\u0165 Synthacaine Powder \u2013 Synthacaine Powder \u2013 Najlep\u0161ie glob\u00e1lne lieky\",\"isPartOf\":{\"@id\":\"https:\\\/\\\/medicinasinc.com\\\/sk\\\/#website\"},\"primaryImageOfPage\":{\"@id\":\"https:\\\/\\\/medicinasinc.com\\\/sk\\\/product\\\/kupit-synthakain-prasok\\\/#primaryimage\"},\"image\":{\"@id\":\"https:\\\/\\\/medicinasinc.com\\\/sk\\\/product\\\/kupit-synthakain-prasok\\\/#primaryimage\"},\"thumbnailUrl\":\"https:\\\/\\\/medicinasinc.com\\\/sk\\\/wp-content\\\/uploads\\\/sites\\\/10\\\/2022\\\/02\\\/Buy-Synthacaine-Powder.jpg\",\"datePublished\":\"2022-02-22T03:08:33+00:00\",\"dateModified\":\"2022-03-22T00:53:42+00:00\",\"description\":\"K\u00fapte si Synthacaine Powder Spojen\u00e9 kr\u00e1\u013eovstvo, Eur\u00f3pa, \u00c1zia, \u010c\u00edna v na\u0161om internetovom obchode Best Global Meds s r\u00fdchlym celosvetov\u00fdm doru\u010den\u00edm! Najlep\u0161\u00ed synthaka\u00edn na objedn\u00e1vku n\u00e1jdete tu!\",\"breadcrumb\":{\"@id\":\"https:\\\/\\\/medicinasinc.com\\\/sk\\\/product\\\/kupit-synthakain-prasok\\\/#breadcrumb\"},\"inLanguage\":\"en-US\",\"potentialAction\":[{\"@type\":\"ReadAction\",\"target\":[\"https:\\\/\\\/medicinasinc.com\\\/sk\\\/product\\\/kupit-synthakain-prasok\\\/\"]}]},{\"@type\":\"ImageObject\",\"inLanguage\":\"en-US\",\"@id\":\"https:\\\/\\\/medicinasinc.com\\\/sk\\\/product\\\/kupit-synthakain-prasok\\\/#primaryimage\",\"url\":\"https:\\\/\\\/medicinasinc.com\\\/sk\\\/wp-content\\\/uploads\\\/sites\\\/10\\\/2022\\\/02\\\/Buy-Synthacaine-Powder.jpg\",\"contentUrl\":\"https:\\\/\\\/medicinasinc.com\\\/sk\\\/wp-content\\\/uploads\\\/sites\\\/10\\\/2022\\\/02\\\/Buy-Synthacaine-Powder.jpg\",\"width\":600,\"height\":600},{\"@type\":\"BreadcrumbList\",\"@id\":\"https:\\\/\\\/medicinasinc.com\\\/sk\\\/product\\\/kupit-synthakain-prasok\\\/#breadcrumb\",\"itemListElement\":[{\"@type\":\"ListItem\",\"position\":1,\"name\":\"Obchod\",\"item\":\"https:\\\/\\\/medicinasinc.com\\\/sk\\\/obchod\\\/\"},{\"@type\":\"ListItem\",\"position\":2,\"name\":\"K\u00fapi\u0165 Synthacaine Powder\"}]},{\"@type\":\"WebSite\",\"@id\":\"https:\\\/\\\/medicinasinc.com\\\/sk\\\/#website\",\"url\":\"https:\\\/\\\/medicinasinc.com\\\/sk\\\/\",\"name\":\"Medicinas Inc\",\"description\":\"Health Medical Clinic\",\"potentialAction\":[{\"@type\":\"SearchAction\",\"target\":{\"@type\":\"EntryPoint\",\"urlTemplate\":\"https:\\\/\\\/medicinasinc.com\\\/sk\\\/?s={search_term_string}\"},\"query-input\":{\"@type\":\"PropertyValueSpecification\",\"valueRequired\":true,\"valueName\":\"search_term_string\"}}],\"inLanguage\":\"en-US\"}]}<\/script>\n<!-- \/ Yoast SEO plugin. -->","yoast_head_json":{"title":"K\u00fapi\u0165 Synthacaine Powder \u2013 Synthacaine Powder \u2013 Najlep\u0161ie glob\u00e1lne lieky","description":"K\u00fapte si Synthacaine Powder Spojen\u00e9 kr\u00e1\u013eovstvo, Eur\u00f3pa, \u00c1zia, \u010c\u00edna v na\u0161om internetovom obchode Best Global Meds s r\u00fdchlym celosvetov\u00fdm doru\u010den\u00edm! Najlep\u0161\u00ed synthaka\u00edn na objedn\u00e1vku n\u00e1jdete tu!","robots":{"index":"index","follow":"follow","max-snippet":"max-snippet:-1","max-image-preview":"max-image-preview:large","max-video-preview":"max-video-preview:-1"},"canonical":"https:\/\/medicinasinc.com\/sk\/product\/kupit-synthakain-prasok\/","og_locale":"en_US","og_type":"article","og_title":"K\u00fapi\u0165 Synthacaine Powder \u2013 Synthacaine Powder \u2013 Najlep\u0161ie glob\u00e1lne lieky","og_description":"K\u00fapte si Synthacaine Powder Spojen\u00e9 kr\u00e1\u013eovstvo, Eur\u00f3pa, \u00c1zia, \u010c\u00edna v na\u0161om internetovom obchode Best Global Meds s r\u00fdchlym celosvetov\u00fdm doru\u010den\u00edm! Najlep\u0161\u00ed synthaka\u00edn na objedn\u00e1vku n\u00e1jdete tu!","og_url":"https:\/\/medicinasinc.com\/sk\/product\/kupit-synthakain-prasok\/","og_site_name":"Medicinas Inc","article_modified_time":"2022-03-22T00:53:42+00:00","og_image":[{"width":600,"height":600,"url":"https:\/\/medicinasinc.com\/sk\/wp-content\/uploads\/sites\/10\/2022\/02\/Buy-Synthacaine-Powder.jpg","type":"image\/jpeg"}],"twitter_card":"summary_large_image","twitter_misc":{"Est. reading time":"2 minutes"},"schema":{"@context":"https:\/\/schema.org","@graph":[{"@type":"WebPage","@id":"https:\/\/medicinasinc.com\/sk\/product\/kupit-synthakain-prasok\/","url":"https:\/\/medicinasinc.com\/sk\/product\/kupit-synthakain-prasok\/","name":"K\u00fapi\u0165 Synthacaine Powder \u2013 Synthacaine Powder \u2013 Najlep\u0161ie glob\u00e1lne lieky","isPartOf":{"@id":"https:\/\/medicinasinc.com\/sk\/#website"},"primaryImageOfPage":{"@id":"https:\/\/medicinasinc.com\/sk\/product\/kupit-synthakain-prasok\/#primaryimage"},"image":{"@id":"https:\/\/medicinasinc.com\/sk\/product\/kupit-synthakain-prasok\/#primaryimage"},"thumbnailUrl":"https:\/\/medicinasinc.com\/sk\/wp-content\/uploads\/sites\/10\/2022\/02\/Buy-Synthacaine-Powder.jpg","datePublished":"2022-02-22T03:08:33+00:00","dateModified":"2022-03-22T00:53:42+00:00","description":"K\u00fapte si Synthacaine Powder Spojen\u00e9 kr\u00e1\u013eovstvo, Eur\u00f3pa, \u00c1zia, \u010c\u00edna v na\u0161om internetovom obchode Best Global Meds s r\u00fdchlym celosvetov\u00fdm doru\u010den\u00edm! Najlep\u0161\u00ed synthaka\u00edn na objedn\u00e1vku n\u00e1jdete tu!","breadcrumb":{"@id":"https:\/\/medicinasinc.com\/sk\/product\/kupit-synthakain-prasok\/#breadcrumb"},"inLanguage":"en-US","potentialAction":[{"@type":"ReadAction","target":["https:\/\/medicinasinc.com\/sk\/product\/kupit-synthakain-prasok\/"]}]},{"@type":"ImageObject","inLanguage":"en-US","@id":"https:\/\/medicinasinc.com\/sk\/product\/kupit-synthakain-prasok\/#primaryimage","url":"https:\/\/medicinasinc.com\/sk\/wp-content\/uploads\/sites\/10\/2022\/02\/Buy-Synthacaine-Powder.jpg","contentUrl":"https:\/\/medicinasinc.com\/sk\/wp-content\/uploads\/sites\/10\/2022\/02\/Buy-Synthacaine-Powder.jpg","width":600,"height":600},{"@type":"BreadcrumbList","@id":"https:\/\/medicinasinc.com\/sk\/product\/kupit-synthakain-prasok\/#breadcrumb","itemListElement":[{"@type":"ListItem","position":1,"name":"Obchod","item":"https:\/\/medicinasinc.com\/sk\/obchod\/"},{"@type":"ListItem","position":2,"name":"K\u00fapi\u0165 Synthacaine Powder"}]},{"@type":"WebSite","@id":"https:\/\/medicinasinc.com\/sk\/#website","url":"https:\/\/medicinasinc.com\/sk\/","name":"Medicinas Inc","description":"Health Medical Clinic","potentialAction":[{"@type":"SearchAction","target":{"@type":"EntryPoint","urlTemplate":"https:\/\/medicinasinc.com\/sk\/?s={search_term_string}"},"query-input":{"@type":"PropertyValueSpecification","valueRequired":true,"valueName":"search_term_string"}}],"inLanguage":"en-US"}]}},"_links":{"self":[{"href":"https:\/\/medicinasinc.com\/sk\/wp-json\/wp\/v2\/product\/5636","targetHints":{"allow":["GET"]}}],"collection":[{"href":"https:\/\/medicinasinc.com\/sk\/wp-json\/wp\/v2\/product"}],"about":[{"href":"https:\/\/medicinasinc.com\/sk\/wp-json\/wp\/v2\/types\/product"}],"replies":[{"embeddable":true,"href":"https:\/\/medicinasinc.com\/sk\/wp-json\/wp\/v2\/comments?post=5636"}],"wp:featuredmedia":[{"embeddable":true,"href":"https:\/\/medicinasinc.com\/sk\/wp-json\/wp\/v2\/media\/5646"}],"wp:attachment":[{"href":"https:\/\/medicinasinc.com\/sk\/wp-json\/wp\/v2\/media?parent=5636"}],"wp:term":[{"taxonomy":"product_brand","embeddable":true,"href":"https:\/\/medicinasinc.com\/sk\/wp-json\/wp\/v2\/product_brand?post=5636"},{"taxonomy":"product_cat","embeddable":true,"href":"https:\/\/medicinasinc.com\/sk\/wp-json\/wp\/v2\/product_cat?post=5636"},{"taxonomy":"product_tag","embeddable":true,"href":"https:\/\/medicinasinc.com\/sk\/wp-json\/wp\/v2\/product_tag?post=5636"}],"curies":[{"name":"wp","href":"https:\/\/api.w.org\/{rel}","templated":true}]}}