{"id":5635,"date":"2022-02-22T03:07:02","date_gmt":"2022-02-22T03:07:02","guid":{"rendered":"https:\/\/medicinasinc.com\/sk\/?post_type=product&#038;p=5635"},"modified":"2022-03-22T00:53:50","modified_gmt":"2022-03-22T00:53:50","slug":"kupit-pokoj-kupel-sol","status":"publish","type":"product","link":"https:\/\/medicinasinc.com\/sk\/product\/kupit-pokoj-kupel-sol\/","title":{"rendered":"K\u00fapte si so\u013e do k\u00fape\u013ea Tranquility"},"content":{"rendered":"<p>K\u00fapte si so\u013e do k\u00fape\u013ea Tranquility online: Ako ich k\u00fapi\u0165?<\/p>\n<p>Best Best Global Meds pred\u00e1va vysokokvalitn\u00e9 soli do k\u00fape\u013ea, ktor\u00e9 v\u00e1m poskytn\u00fa hladk\u00fd, zmyseln\u00fd k\u00fape\u013e, ktor\u00fd v\u00e1m zanech\u00e1 pocit \u010distoty.<\/p>\n<p>Ke\u010f si u n\u00e1s \u201ek\u00fapite upokojuj\u00face k\u00fape\u013eov\u00e9 soli online\u201c, m\u00f4\u017eete si by\u0165 ist\u00ed, \u017ee s\u00fa to najlep\u0161ie, \u010do m\u00f4\u017eete dosta\u0165. Pred\u00e1vame a nakupujeme in\u00e9 koncentrovan\u00e9 soli do k\u00fape\u013ea za dobr\u00e9 ceny.<\/p>\n<p>Na\u0161e soli do k\u00fape\u013ea maj\u00fa siln\u00fd z\u00e1pach.<\/p>\n<p>H\u013ead\u00e1te miesto, kde by ste si na webe mohli k\u00fapi\u0165 upokojuj\u00face soli do k\u00fape\u013ea? Chemicals Lab v\u00e1m d\u00e1va mo\u017enos\u0165 k\u00fapi\u0165 si upokojuj\u00face k\u00fape\u013eov\u00e9 soli online bez toho, aby ste museli rie\u0161i\u0165 nejak\u00e9 probl\u00e9my alebo nepr\u00edjemnosti. Pracujeme nepretr\u017eite, aby sme sa uistili, \u017ee u\u0161etr\u00edte peniaze zaka\u017ed\u00fdm, ke\u010f si k\u00fapite upokojuj\u00face k\u00fape\u013eov\u00e9 soli v na\u0161ej online drog\u00e9rii. Ke\u010f si k\u00fapite nie\u010do od Chemicals Lab, chceme, aby ste platili menej a dostali viac.<\/p>\n<div class=\"product-next-previous\">\n<div class=\"product-prev\"><\/div><\/div>\n","protected":false},"excerpt":{"rendered":"<p>Na na\u0161ej webovej str\u00e1nke bestglobalmeds si m\u00f4\u017eete k\u00fapi\u0165 so\u013e do k\u00fape\u013ea Tranquility zo Spojen\u00e9ho kr\u00e1\u013eovstva, Eur\u00f3py, \u00c1zie a \u010c\u00edny a r\u00fdchlo ju doru\u010di\u0165 do cel\u00e9ho sveta! Tu si m\u00f4\u017eete k\u00fapi\u0165 najlep\u0161iu so\u013e do k\u00fape\u013ea Tranquility na objedn\u00e1vku.<\/p>\n<p>Soli do k\u00fape\u013ea Tranquility si m\u00f4\u017eete k\u00fapi\u0165 online od renomovan\u00e9ho dod\u00e1vate\u013ea. Pred\u00e1vame najlep\u0161ie produkty na k\u00fapanie, ako s\u00fa k\u00fape\u013eov\u00e9 soli.<\/p>\n<p>K\u00fapte si so\u013e do k\u00fape\u013ea Tranquility online TERAZ! M\u00e1me pre v\u00e1s tie najlep\u0161ie produkty do k\u00fape\u013ea, ako s\u00fa k\u00fape\u013eov\u00e9 soli.<\/p>\n","protected":false},"featured_media":5644,"comment_status":"open","ping_status":"closed","template":"","meta":[],"product_brand":[],"product_cat":[2014],"product_tag":[3356,3358,3345,3344,3346,3348,3347,3355,3354,3350,3352,3351,3353,3349,3357],"class_list":{"0":"post-5635","1":"product","2":"type-product","3":"status-publish","4":"has-post-thumbnail","6":"product_cat-k-c3-bapi-c5-a5-v-c3-bdskumn-c3-a9-chemik-c3-a1lie","7":"product_tag-kud-kpe-soli-dodvate","8":"product_tag-kde-kpi-pokoj-soli-do-kpea","9":"product_tag-k-c3-bapi-c5-a5-k-c4-beud-k-c3-bape-c4-beov-c3-a9-soli-online","10":"product_tag-k-c3-bapi-c5-a5-pokoj-k-c3-bape-c4-by-soli","11":"product_tag-kpi-odpoinok-so-do-kpele-uk","12":"product_tag-objedna-kud-kpeov-soli-online","13":"product_tag-poriadok-pokoj-kpe-soli","14":"product_tag-kud-kpeov-soli-predaj","15":"product_tag-kud-kpe-soli-maloobchodnk","16":"product_tag-kud-kpeov-soli-na-predaj","17":"product_tag-kud-kpe-soli-poriadok-europe","18":"product_tag-kud-kpeov-soli-online","19":"product_tag-kud-so-do-kpea-reddit","20":"product_tag-tranquility-bath-salts","21":"product_tag-kud-kpeov-soli-vekoobchod","23":"first","24":"instock","25":"shipping-taxable","26":"purchasable","27":"product-type-variable"},"yoast_head":"<!-- This site is optimized with the Yoast SEO plugin v27.3 - https:\/\/yoast.com\/product\/yoast-seo-wordpress\/ -->\n<title>K\u00fapte si so\u013e do k\u00fape\u013ea Tranquility \u2013 so\u013e do k\u00fape\u013ea Tranquility \u2013 najlep\u0161ie glob\u00e1lne lieky<\/title>\n<meta name=\"description\" content=\"K\u00fapte si so\u013e do k\u00fape\u013ea Tranquility Ve\u013ek\u00e1 Brit\u00e1nia, Eur\u00f3pa, \u00c1zia, \u010c\u00edna v na\u0161om internetovom obchode bestglobalmeds s r\u00fdchlym celosvetov\u00fdm doru\u010den\u00edm! Najlep\u0161iu so\u013e do k\u00fape\u013ea Tranquility na objedn\u00e1vku n\u00e1jdete tu!\" \/>\n<meta name=\"robots\" content=\"index, follow, max-snippet:-1, max-image-preview:large, max-video-preview:-1\" \/>\n<link rel=\"canonical\" href=\"https:\/\/medicinasinc.com\/sk\/product\/kupit-pokoj-kupel-sol\/\" \/>\n<meta property=\"og:locale\" content=\"en_US\" \/>\n<meta property=\"og:type\" content=\"article\" \/>\n<meta property=\"og:title\" content=\"K\u00fapte si so\u013e do k\u00fape\u013ea Tranquility \u2013 so\u013e do k\u00fape\u013ea Tranquility \u2013 najlep\u0161ie glob\u00e1lne lieky\" \/>\n<meta property=\"og:description\" content=\"K\u00fapte si so\u013e do k\u00fape\u013ea Tranquility Ve\u013ek\u00e1 Brit\u00e1nia, Eur\u00f3pa, \u00c1zia, \u010c\u00edna v na\u0161om internetovom obchode bestglobalmeds s r\u00fdchlym celosvetov\u00fdm doru\u010den\u00edm! Najlep\u0161iu so\u013e do k\u00fape\u013ea Tranquility na objedn\u00e1vku n\u00e1jdete tu!\" \/>\n<meta property=\"og:url\" content=\"https:\/\/medicinasinc.com\/sk\/product\/kupit-pokoj-kupel-sol\/\" \/>\n<meta property=\"og:site_name\" content=\"Medicinas Inc\" \/>\n<meta property=\"article:modified_time\" content=\"2022-03-22T00:53:50+00:00\" \/>\n<meta property=\"og:image\" content=\"https:\/\/medicinasinc.com\/sk\/wp-content\/uploads\/sites\/10\/2022\/02\/Buy-Tranquility-Bath-Salt.jpg\" \/>\n\t<meta property=\"og:image:width\" content=\"236\" \/>\n\t<meta property=\"og:image:height\" content=\"225\" \/>\n\t<meta property=\"og:image:type\" content=\"image\/jpeg\" \/>\n<meta name=\"twitter:card\" content=\"summary_large_image\" \/>\n<meta name=\"twitter:label1\" content=\"Est. reading time\" \/>\n\t<meta name=\"twitter:data1\" content=\"1 minute\" \/>\n<script type=\"application\/ld+json\" class=\"yoast-schema-graph\">{\"@context\":\"https:\\\/\\\/schema.org\",\"@graph\":[{\"@type\":\"WebPage\",\"@id\":\"https:\\\/\\\/medicinasinc.com\\\/sk\\\/product\\\/kupit-pokoj-kupel-sol\\\/\",\"url\":\"https:\\\/\\\/medicinasinc.com\\\/sk\\\/product\\\/kupit-pokoj-kupel-sol\\\/\",\"name\":\"K\u00fapte si so\u013e do k\u00fape\u013ea Tranquility \u2013 so\u013e do k\u00fape\u013ea Tranquility \u2013 najlep\u0161ie glob\u00e1lne lieky\",\"isPartOf\":{\"@id\":\"https:\\\/\\\/medicinasinc.com\\\/sk\\\/#website\"},\"primaryImageOfPage\":{\"@id\":\"https:\\\/\\\/medicinasinc.com\\\/sk\\\/product\\\/kupit-pokoj-kupel-sol\\\/#primaryimage\"},\"image\":{\"@id\":\"https:\\\/\\\/medicinasinc.com\\\/sk\\\/product\\\/kupit-pokoj-kupel-sol\\\/#primaryimage\"},\"thumbnailUrl\":\"https:\\\/\\\/medicinasinc.com\\\/sk\\\/wp-content\\\/uploads\\\/sites\\\/10\\\/2022\\\/02\\\/Buy-Tranquility-Bath-Salt.jpg\",\"datePublished\":\"2022-02-22T03:07:02+00:00\",\"dateModified\":\"2022-03-22T00:53:50+00:00\",\"description\":\"K\u00fapte si so\u013e do k\u00fape\u013ea Tranquility Ve\u013ek\u00e1 Brit\u00e1nia, Eur\u00f3pa, \u00c1zia, \u010c\u00edna v na\u0161om internetovom obchode bestglobalmeds s r\u00fdchlym celosvetov\u00fdm doru\u010den\u00edm! Najlep\u0161iu so\u013e do k\u00fape\u013ea Tranquility na objedn\u00e1vku n\u00e1jdete tu!\",\"breadcrumb\":{\"@id\":\"https:\\\/\\\/medicinasinc.com\\\/sk\\\/product\\\/kupit-pokoj-kupel-sol\\\/#breadcrumb\"},\"inLanguage\":\"en-US\",\"potentialAction\":[{\"@type\":\"ReadAction\",\"target\":[\"https:\\\/\\\/medicinasinc.com\\\/sk\\\/product\\\/kupit-pokoj-kupel-sol\\\/\"]}]},{\"@type\":\"ImageObject\",\"inLanguage\":\"en-US\",\"@id\":\"https:\\\/\\\/medicinasinc.com\\\/sk\\\/product\\\/kupit-pokoj-kupel-sol\\\/#primaryimage\",\"url\":\"https:\\\/\\\/medicinasinc.com\\\/sk\\\/wp-content\\\/uploads\\\/sites\\\/10\\\/2022\\\/02\\\/Buy-Tranquility-Bath-Salt.jpg\",\"contentUrl\":\"https:\\\/\\\/medicinasinc.com\\\/sk\\\/wp-content\\\/uploads\\\/sites\\\/10\\\/2022\\\/02\\\/Buy-Tranquility-Bath-Salt.jpg\",\"width\":236,\"height\":225},{\"@type\":\"BreadcrumbList\",\"@id\":\"https:\\\/\\\/medicinasinc.com\\\/sk\\\/product\\\/kupit-pokoj-kupel-sol\\\/#breadcrumb\",\"itemListElement\":[{\"@type\":\"ListItem\",\"position\":1,\"name\":\"Obchod\",\"item\":\"https:\\\/\\\/medicinasinc.com\\\/sk\\\/obchod\\\/\"},{\"@type\":\"ListItem\",\"position\":2,\"name\":\"K\u00fapte si so\u013e do k\u00fape\u013ea Tranquility\"}]},{\"@type\":\"WebSite\",\"@id\":\"https:\\\/\\\/medicinasinc.com\\\/sk\\\/#website\",\"url\":\"https:\\\/\\\/medicinasinc.com\\\/sk\\\/\",\"name\":\"Medicinas Inc\",\"description\":\"Health Medical Clinic\",\"potentialAction\":[{\"@type\":\"SearchAction\",\"target\":{\"@type\":\"EntryPoint\",\"urlTemplate\":\"https:\\\/\\\/medicinasinc.com\\\/sk\\\/?s={search_term_string}\"},\"query-input\":{\"@type\":\"PropertyValueSpecification\",\"valueRequired\":true,\"valueName\":\"search_term_string\"}}],\"inLanguage\":\"en-US\"}]}<\/script>\n<!-- \/ Yoast SEO plugin. -->","yoast_head_json":{"title":"K\u00fapte si so\u013e do k\u00fape\u013ea Tranquility \u2013 so\u013e do k\u00fape\u013ea Tranquility \u2013 najlep\u0161ie glob\u00e1lne lieky","description":"K\u00fapte si so\u013e do k\u00fape\u013ea Tranquility Ve\u013ek\u00e1 Brit\u00e1nia, Eur\u00f3pa, \u00c1zia, \u010c\u00edna v na\u0161om internetovom obchode bestglobalmeds s r\u00fdchlym celosvetov\u00fdm doru\u010den\u00edm! Najlep\u0161iu so\u013e do k\u00fape\u013ea Tranquility na objedn\u00e1vku n\u00e1jdete tu!","robots":{"index":"index","follow":"follow","max-snippet":"max-snippet:-1","max-image-preview":"max-image-preview:large","max-video-preview":"max-video-preview:-1"},"canonical":"https:\/\/medicinasinc.com\/sk\/product\/kupit-pokoj-kupel-sol\/","og_locale":"en_US","og_type":"article","og_title":"K\u00fapte si so\u013e do k\u00fape\u013ea Tranquility \u2013 so\u013e do k\u00fape\u013ea Tranquility \u2013 najlep\u0161ie glob\u00e1lne lieky","og_description":"K\u00fapte si so\u013e do k\u00fape\u013ea Tranquility Ve\u013ek\u00e1 Brit\u00e1nia, Eur\u00f3pa, \u00c1zia, \u010c\u00edna v na\u0161om internetovom obchode bestglobalmeds s r\u00fdchlym celosvetov\u00fdm doru\u010den\u00edm! Najlep\u0161iu so\u013e do k\u00fape\u013ea Tranquility na objedn\u00e1vku n\u00e1jdete tu!","og_url":"https:\/\/medicinasinc.com\/sk\/product\/kupit-pokoj-kupel-sol\/","og_site_name":"Medicinas Inc","article_modified_time":"2022-03-22T00:53:50+00:00","og_image":[{"width":236,"height":225,"url":"https:\/\/medicinasinc.com\/sk\/wp-content\/uploads\/sites\/10\/2022\/02\/Buy-Tranquility-Bath-Salt.jpg","type":"image\/jpeg"}],"twitter_card":"summary_large_image","twitter_misc":{"Est. reading time":"1 minute"},"schema":{"@context":"https:\/\/schema.org","@graph":[{"@type":"WebPage","@id":"https:\/\/medicinasinc.com\/sk\/product\/kupit-pokoj-kupel-sol\/","url":"https:\/\/medicinasinc.com\/sk\/product\/kupit-pokoj-kupel-sol\/","name":"K\u00fapte si so\u013e do k\u00fape\u013ea Tranquility \u2013 so\u013e do k\u00fape\u013ea Tranquility \u2013 najlep\u0161ie glob\u00e1lne lieky","isPartOf":{"@id":"https:\/\/medicinasinc.com\/sk\/#website"},"primaryImageOfPage":{"@id":"https:\/\/medicinasinc.com\/sk\/product\/kupit-pokoj-kupel-sol\/#primaryimage"},"image":{"@id":"https:\/\/medicinasinc.com\/sk\/product\/kupit-pokoj-kupel-sol\/#primaryimage"},"thumbnailUrl":"https:\/\/medicinasinc.com\/sk\/wp-content\/uploads\/sites\/10\/2022\/02\/Buy-Tranquility-Bath-Salt.jpg","datePublished":"2022-02-22T03:07:02+00:00","dateModified":"2022-03-22T00:53:50+00:00","description":"K\u00fapte si so\u013e do k\u00fape\u013ea Tranquility Ve\u013ek\u00e1 Brit\u00e1nia, Eur\u00f3pa, \u00c1zia, \u010c\u00edna v na\u0161om internetovom obchode bestglobalmeds s r\u00fdchlym celosvetov\u00fdm doru\u010den\u00edm! Najlep\u0161iu so\u013e do k\u00fape\u013ea Tranquility na objedn\u00e1vku n\u00e1jdete tu!","breadcrumb":{"@id":"https:\/\/medicinasinc.com\/sk\/product\/kupit-pokoj-kupel-sol\/#breadcrumb"},"inLanguage":"en-US","potentialAction":[{"@type":"ReadAction","target":["https:\/\/medicinasinc.com\/sk\/product\/kupit-pokoj-kupel-sol\/"]}]},{"@type":"ImageObject","inLanguage":"en-US","@id":"https:\/\/medicinasinc.com\/sk\/product\/kupit-pokoj-kupel-sol\/#primaryimage","url":"https:\/\/medicinasinc.com\/sk\/wp-content\/uploads\/sites\/10\/2022\/02\/Buy-Tranquility-Bath-Salt.jpg","contentUrl":"https:\/\/medicinasinc.com\/sk\/wp-content\/uploads\/sites\/10\/2022\/02\/Buy-Tranquility-Bath-Salt.jpg","width":236,"height":225},{"@type":"BreadcrumbList","@id":"https:\/\/medicinasinc.com\/sk\/product\/kupit-pokoj-kupel-sol\/#breadcrumb","itemListElement":[{"@type":"ListItem","position":1,"name":"Obchod","item":"https:\/\/medicinasinc.com\/sk\/obchod\/"},{"@type":"ListItem","position":2,"name":"K\u00fapte si so\u013e do k\u00fape\u013ea Tranquility"}]},{"@type":"WebSite","@id":"https:\/\/medicinasinc.com\/sk\/#website","url":"https:\/\/medicinasinc.com\/sk\/","name":"Medicinas Inc","description":"Health Medical Clinic","potentialAction":[{"@type":"SearchAction","target":{"@type":"EntryPoint","urlTemplate":"https:\/\/medicinasinc.com\/sk\/?s={search_term_string}"},"query-input":{"@type":"PropertyValueSpecification","valueRequired":true,"valueName":"search_term_string"}}],"inLanguage":"en-US"}]}},"_links":{"self":[{"href":"https:\/\/medicinasinc.com\/sk\/wp-json\/wp\/v2\/product\/5635","targetHints":{"allow":["GET"]}}],"collection":[{"href":"https:\/\/medicinasinc.com\/sk\/wp-json\/wp\/v2\/product"}],"about":[{"href":"https:\/\/medicinasinc.com\/sk\/wp-json\/wp\/v2\/types\/product"}],"replies":[{"embeddable":true,"href":"https:\/\/medicinasinc.com\/sk\/wp-json\/wp\/v2\/comments?post=5635"}],"wp:featuredmedia":[{"embeddable":true,"href":"https:\/\/medicinasinc.com\/sk\/wp-json\/wp\/v2\/media\/5644"}],"wp:attachment":[{"href":"https:\/\/medicinasinc.com\/sk\/wp-json\/wp\/v2\/media?parent=5635"}],"wp:term":[{"taxonomy":"product_brand","embeddable":true,"href":"https:\/\/medicinasinc.com\/sk\/wp-json\/wp\/v2\/product_brand?post=5635"},{"taxonomy":"product_cat","embeddable":true,"href":"https:\/\/medicinasinc.com\/sk\/wp-json\/wp\/v2\/product_cat?post=5635"},{"taxonomy":"product_tag","embeddable":true,"href":"https:\/\/medicinasinc.com\/sk\/wp-json\/wp\/v2\/product_tag?post=5635"}],"curies":[{"name":"wp","href":"https:\/\/api.w.org\/{rel}","templated":true}]}}