{"id":5617,"date":"2022-02-22T02:48:56","date_gmt":"2022-02-22T02:48:56","guid":{"rendered":"https:\/\/medicinasinc.com\/sk\/?post_type=product&#038;p=5617"},"modified":"2022-03-22T00:53:58","modified_gmt":"2022-03-22T00:53:58","slug":"buy-u-47700-prasok","status":"publish","type":"product","link":"https:\/\/medicinasinc.com\/sk\/product\/buy-u-47700-prasok\/","title":{"rendered":"K\u00fapte si pr\u00e1\u0161ok U-47700"},"content":{"rendered":"<p>Online si m\u00f4\u017eete k\u00fapi\u0165 pr\u00e1\u0161ok U-47700 za ve\u013emi n\u00edzku cenu.<\/p>\n<p>K\u00fapte si U-47700 na str\u00e1nke bestglobalmeds.com.<br \/> Liek proti bolesti naz\u00fdvan\u00fd U-47700 je s\u00fa\u010das\u0165ou opioidu rodina. Prv\u00fdkr\u00e1t ho vyrobila spolo\u010dnos\u0165 Upjohn asi pred 40 rokmi. Bol vyroben\u00fd z AH-7921, \u010do je podobn\u00fd opioid. U-47700 bol d\u00f4le\u017eit\u00fd pri v\u00fdvoji tejto triedy opioidov, ale nebol testovan\u00fd na \u013eu\u010foch ani na zvierat\u00e1ch.<\/p>\n<p>Farmakol\u00f3gia: U-47700 je ve\u013emi dobr\u00fd pri zacielen\u00ed na -opioidn\u00fd receptor. Predpoklad\u00e1 sa, \u017ee je 7 a\u017e 8-kr\u00e1t silnej\u0161\u00ed ako d\u00e1vka morf\u00ednu na d\u00e1vku. Predpoklad\u00e1 sa, \u017ee je to siln\u00fd kappa agonista, \u010do znamen\u00e1, \u017ee by nemal sp\u00f4sobova\u0165 ve\u013ea dysf\u00f3rie alebo in\u00fdch probl\u00e9mov.<\/p>\n<p>\u013dudia, ktor\u00ed vyr\u00e1baj\u00fa rovnak\u00e9 druhy chemik\u00e1li\u00ed<\/p>\n<p>U-50488<br \/> AH-7921<br \/> U-69,593<br \/> \u0160v\u00e9dsko zak\u00e1zalo U-47700 od janu\u00e1ra 2016, no \u017eiadne in\u00e9 ve\u013ek\u00e9 krajiny neurobili to ist\u00e9.<\/p>\n<p>U-47700, ako v\u00e4\u010d\u0161ina opi\u00e1ty a ich deriv\u00e1ty, nie je pre \u013eud\u00ed bezpe\u010dn\u00e9. Pred\u00e1va sa iba v\u00fdskumn\u00fdm chemikom a \u013eu\u010fom, ktor\u00ed pracuj\u00fa v laborat\u00f3ri\u00e1ch.<\/p>\n","protected":false},"excerpt":{"rendered":"<div class=\"woocommerce-product-details__short-description\">\n<p>Je \u013eahk\u00e9 k\u00fapi\u0165 U-47700 Powder online v na\u0161om obchode bestglobalmeds.com a r\u00fdchlo ho doru\u010di\u0165 do ktorejko\u013evek krajiny na svete! Najlep\u0161\u00ed pr\u00e1\u0161ok U-47700, ktor\u00fd si m\u00f4\u017eete k\u00fapi\u0165, je tu!<\/p>\n<p>K\u00fapte si pr\u00e1\u0161ok u-47700 online. Tento hned\u00fd pr\u00e1\u0161ok je ve\u013emi \u010dist\u00fd. V 99,8 % pr\u00edpadov je to prirodzen\u00e9.<\/p>\n<p>Online si m\u00f4\u017eete lacno k\u00fapi\u0165 1 uncu pr\u00e1\u0161ku U-47700. Typick\u00e1 d\u00e1vka je nieko\u013eko miligramov. Zistite, do \u010doho idete.<\/p>\n<div class=\"char\">\u0160PECIFIK\u00c1CIA<\/div>\n<div class=\"specification\">\n<div class=\"sprow\"><span class=\"spname \">N\u00e1zov produktu:<\/span><span class=\"sptext\">U-47700<\/span><\/div>\n<div class=\"sprow\"><span class=\"spname\">N\u00e1zov IUPAC:<\/span><span class=\"sptext\">trans-3,4-dichl\u00f3r-N-(2-(dimetylamino)cyklohexyl)-N-metylbenzamid<\/span><\/div>\n<div class=\"sprow\"><span class=\"spname\">In\u00e9 men\u00e1:<\/span><span class=\"sptext\">Pink, Pinky, U-47700<\/span><\/div>\n<div class=\"sprow\"><span class=\"spname\">\u010c\u00edslo Cas:<\/span><span class=\"sptext\">121348-98-9<\/span><\/div>\n<div class=\"sprow\"><span class=\"spname\">Molekul\u00e1rny vzorec:<\/span><span class=\"sptext\">C16H22Cl2N2O<\/span><\/div>\n<div class=\"sprow\"><span class=\"spname\">Mol\u00e1rov\u00e1 hmotnos\u0165:<\/span><span class=\"sptext\"> 329,265 g\/mol<\/span><\/div>\n<div class=\"sprow\"><span class=\"spname\">\u00da\u010dinok:<\/span><span class=\"sptext\">sedat\u00edvum<\/span><\/div>\n<div class=\"sprow\"><span class=\"spname\">\u010cistota l\u00e1tky:<\/span><span class=\"sptext\"> 99,9 %<\/span><\/div>\n<div class=\"sprow\"><span class=\"spname\">Fyzik\u00e1lne vlastnosti:<\/span><span class=\"sptext\">Kry\u0161talick\u00fd pr\u00e1\u0161ok<\/span><\/div>\n<\/p><\/div>\n<\/p><\/div>\n","protected":false},"featured_media":5629,"comment_status":"open","ping_status":"closed","template":"","meta":[],"product_brand":[],"product_cat":[2014],"product_tag":[3322,3323,3324,3325,3342,3327,3326,3332,3339,3337,3329,3330,3331,3335,3336,3341,3328,3333,3334,3338,3340,3343],"class_list":{"0":"post-5617","1":"product","2":"type-product","3":"status-publish","4":"has-post-thumbnail","6":"product_cat-k-c3-bapi-c5-a5-v-c3-bdskumn-c3-a9-chemik-c3-a1lie","7":"product_tag-best-place-to-buy-u-47700-powder","8":"product_tag-buy-u-47700-powder","9":"product_tag-buy-u-47700-powder-europe","10":"product_tag-buy-u-47700-powder-uk","11":"product_tag-kde-kpi-u-47700-prok","12":"product_tag-maloobchod-u-47700-prok","13":"product_tag-objednvka-u-47700-prok","14":"product_tag-u-47700-prok-na-predaj","15":"product_tag-u-47700-prok-objednvka","16":"product_tag-u-47700-prok-blzko-mne","17":"product_tag-u-47700-powder-buy-uk","18":"product_tag-u-47700-powder-effect","19":"product_tag-u-47700-powder-europe","20":"product_tag-u-47700-powder-google","21":"product_tag-u-47700-powder-lithuania","22":"product_tag-u-47700-powder-sale","23":"product_tag-u-47700-prok-kpi","24":"product_tag-u-47700-prok-na-predaj-online","25":"product_tag-u-47700-prok-nemecko","26":"product_tag-u-47700-prok-online","27":"product_tag-u-47700-powder-reddit","28":"product_tag-vekoobchod-u-47700-prok","30":"first","31":"instock","32":"shipping-taxable","33":"purchasable","34":"product-type-variable","35":"has-default-attributes"},"yoast_head":"<!-- This site is optimized with the Yoast SEO plugin v27.3 - https:\/\/yoast.com\/product\/yoast-seo-wordpress\/ -->\n<title>K\u00fapte si pr\u00e1\u0161ok U-47700 \u2013 pr\u00e1\u0161ok U-47700 online \u2013 najlep\u0161ie glob\u00e1lne lieky<\/title>\n<meta name=\"description\" content=\"K\u00fapte si U-47700 Powder Spojen\u00e9 kr\u00e1\u013eovstvo, Eur\u00f3pa, \u00c1zia, \u010c\u00edna v na\u0161om internetovom obchode bestglobalmeds.com s r\u00fdchlym celosvetov\u00fdm doru\u010den\u00edm! Najlep\u0161\u00ed pr\u00e1\u0161ok U-47700 na objednanie n\u00e1jdete tu!\" \/>\n<meta name=\"robots\" content=\"index, follow, max-snippet:-1, max-image-preview:large, max-video-preview:-1\" \/>\n<link rel=\"canonical\" href=\"https:\/\/medicinasinc.com\/sk\/product\/buy-u-47700-prasok\/\" \/>\n<meta property=\"og:locale\" content=\"en_US\" \/>\n<meta property=\"og:type\" content=\"article\" \/>\n<meta property=\"og:title\" content=\"K\u00fapte si pr\u00e1\u0161ok U-47700 \u2013 pr\u00e1\u0161ok U-47700 online \u2013 najlep\u0161ie glob\u00e1lne lieky\" \/>\n<meta property=\"og:description\" content=\"K\u00fapte si U-47700 Powder Spojen\u00e9 kr\u00e1\u013eovstvo, Eur\u00f3pa, \u00c1zia, \u010c\u00edna v na\u0161om internetovom obchode bestglobalmeds.com s r\u00fdchlym celosvetov\u00fdm doru\u010den\u00edm! Najlep\u0161\u00ed pr\u00e1\u0161ok U-47700 na objednanie n\u00e1jdete tu!\" \/>\n<meta property=\"og:url\" content=\"https:\/\/medicinasinc.com\/sk\/product\/buy-u-47700-prasok\/\" \/>\n<meta property=\"og:site_name\" content=\"Medicinas Inc\" \/>\n<meta property=\"article:modified_time\" content=\"2022-03-22T00:53:58+00:00\" \/>\n<meta property=\"og:image\" content=\"https:\/\/medicinasinc.com\/sk\/wp-content\/uploads\/sites\/10\/2022\/02\/Buy-U-47700-POWDER.jpg\" \/>\n\t<meta property=\"og:image:width\" content=\"600\" \/>\n\t<meta property=\"og:image:height\" content=\"600\" \/>\n\t<meta property=\"og:image:type\" content=\"image\/jpeg\" \/>\n<meta name=\"twitter:card\" content=\"summary_large_image\" \/>\n<meta name=\"twitter:label1\" content=\"Est. reading time\" \/>\n\t<meta name=\"twitter:data1\" content=\"1 minute\" \/>\n<script type=\"application\/ld+json\" class=\"yoast-schema-graph\">{\"@context\":\"https:\\\/\\\/schema.org\",\"@graph\":[{\"@type\":\"WebPage\",\"@id\":\"https:\\\/\\\/medicinasinc.com\\\/sk\\\/product\\\/buy-u-47700-prasok\\\/\",\"url\":\"https:\\\/\\\/medicinasinc.com\\\/sk\\\/product\\\/buy-u-47700-prasok\\\/\",\"name\":\"K\u00fapte si pr\u00e1\u0161ok U-47700 \u2013 pr\u00e1\u0161ok U-47700 online \u2013 najlep\u0161ie glob\u00e1lne lieky\",\"isPartOf\":{\"@id\":\"https:\\\/\\\/medicinasinc.com\\\/sk\\\/#website\"},\"primaryImageOfPage\":{\"@id\":\"https:\\\/\\\/medicinasinc.com\\\/sk\\\/product\\\/buy-u-47700-prasok\\\/#primaryimage\"},\"image\":{\"@id\":\"https:\\\/\\\/medicinasinc.com\\\/sk\\\/product\\\/buy-u-47700-prasok\\\/#primaryimage\"},\"thumbnailUrl\":\"https:\\\/\\\/medicinasinc.com\\\/sk\\\/wp-content\\\/uploads\\\/sites\\\/10\\\/2022\\\/02\\\/Buy-U-47700-POWDER.jpg\",\"datePublished\":\"2022-02-22T02:48:56+00:00\",\"dateModified\":\"2022-03-22T00:53:58+00:00\",\"description\":\"K\u00fapte si U-47700 Powder Spojen\u00e9 kr\u00e1\u013eovstvo, Eur\u00f3pa, \u00c1zia, \u010c\u00edna v na\u0161om internetovom obchode bestglobalmeds.com s r\u00fdchlym celosvetov\u00fdm doru\u010den\u00edm! Najlep\u0161\u00ed pr\u00e1\u0161ok U-47700 na objednanie n\u00e1jdete tu!\",\"breadcrumb\":{\"@id\":\"https:\\\/\\\/medicinasinc.com\\\/sk\\\/product\\\/buy-u-47700-prasok\\\/#breadcrumb\"},\"inLanguage\":\"en-US\",\"potentialAction\":[{\"@type\":\"ReadAction\",\"target\":[\"https:\\\/\\\/medicinasinc.com\\\/sk\\\/product\\\/buy-u-47700-prasok\\\/\"]}]},{\"@type\":\"ImageObject\",\"inLanguage\":\"en-US\",\"@id\":\"https:\\\/\\\/medicinasinc.com\\\/sk\\\/product\\\/buy-u-47700-prasok\\\/#primaryimage\",\"url\":\"https:\\\/\\\/medicinasinc.com\\\/sk\\\/wp-content\\\/uploads\\\/sites\\\/10\\\/2022\\\/02\\\/Buy-U-47700-POWDER.jpg\",\"contentUrl\":\"https:\\\/\\\/medicinasinc.com\\\/sk\\\/wp-content\\\/uploads\\\/sites\\\/10\\\/2022\\\/02\\\/Buy-U-47700-POWDER.jpg\",\"width\":600,\"height\":600},{\"@type\":\"BreadcrumbList\",\"@id\":\"https:\\\/\\\/medicinasinc.com\\\/sk\\\/product\\\/buy-u-47700-prasok\\\/#breadcrumb\",\"itemListElement\":[{\"@type\":\"ListItem\",\"position\":1,\"name\":\"Obchod\",\"item\":\"https:\\\/\\\/medicinasinc.com\\\/sk\\\/obchod\\\/\"},{\"@type\":\"ListItem\",\"position\":2,\"name\":\"K\u00fapte si pr\u00e1\u0161ok U-47700\"}]},{\"@type\":\"WebSite\",\"@id\":\"https:\\\/\\\/medicinasinc.com\\\/sk\\\/#website\",\"url\":\"https:\\\/\\\/medicinasinc.com\\\/sk\\\/\",\"name\":\"Medicinas Inc\",\"description\":\"Health Medical Clinic\",\"potentialAction\":[{\"@type\":\"SearchAction\",\"target\":{\"@type\":\"EntryPoint\",\"urlTemplate\":\"https:\\\/\\\/medicinasinc.com\\\/sk\\\/?s={search_term_string}\"},\"query-input\":{\"@type\":\"PropertyValueSpecification\",\"valueRequired\":true,\"valueName\":\"search_term_string\"}}],\"inLanguage\":\"en-US\"}]}<\/script>\n<!-- \/ Yoast SEO plugin. -->","yoast_head_json":{"title":"K\u00fapte si pr\u00e1\u0161ok U-47700 \u2013 pr\u00e1\u0161ok U-47700 online \u2013 najlep\u0161ie glob\u00e1lne lieky","description":"K\u00fapte si U-47700 Powder Spojen\u00e9 kr\u00e1\u013eovstvo, Eur\u00f3pa, \u00c1zia, \u010c\u00edna v na\u0161om internetovom obchode bestglobalmeds.com s r\u00fdchlym celosvetov\u00fdm doru\u010den\u00edm! Najlep\u0161\u00ed pr\u00e1\u0161ok U-47700 na objednanie n\u00e1jdete tu!","robots":{"index":"index","follow":"follow","max-snippet":"max-snippet:-1","max-image-preview":"max-image-preview:large","max-video-preview":"max-video-preview:-1"},"canonical":"https:\/\/medicinasinc.com\/sk\/product\/buy-u-47700-prasok\/","og_locale":"en_US","og_type":"article","og_title":"K\u00fapte si pr\u00e1\u0161ok U-47700 \u2013 pr\u00e1\u0161ok U-47700 online \u2013 najlep\u0161ie glob\u00e1lne lieky","og_description":"K\u00fapte si U-47700 Powder Spojen\u00e9 kr\u00e1\u013eovstvo, Eur\u00f3pa, \u00c1zia, \u010c\u00edna v na\u0161om internetovom obchode bestglobalmeds.com s r\u00fdchlym celosvetov\u00fdm doru\u010den\u00edm! Najlep\u0161\u00ed pr\u00e1\u0161ok U-47700 na objednanie n\u00e1jdete tu!","og_url":"https:\/\/medicinasinc.com\/sk\/product\/buy-u-47700-prasok\/","og_site_name":"Medicinas Inc","article_modified_time":"2022-03-22T00:53:58+00:00","og_image":[{"width":600,"height":600,"url":"https:\/\/medicinasinc.com\/sk\/wp-content\/uploads\/sites\/10\/2022\/02\/Buy-U-47700-POWDER.jpg","type":"image\/jpeg"}],"twitter_card":"summary_large_image","twitter_misc":{"Est. reading time":"1 minute"},"schema":{"@context":"https:\/\/schema.org","@graph":[{"@type":"WebPage","@id":"https:\/\/medicinasinc.com\/sk\/product\/buy-u-47700-prasok\/","url":"https:\/\/medicinasinc.com\/sk\/product\/buy-u-47700-prasok\/","name":"K\u00fapte si pr\u00e1\u0161ok U-47700 \u2013 pr\u00e1\u0161ok U-47700 online \u2013 najlep\u0161ie glob\u00e1lne lieky","isPartOf":{"@id":"https:\/\/medicinasinc.com\/sk\/#website"},"primaryImageOfPage":{"@id":"https:\/\/medicinasinc.com\/sk\/product\/buy-u-47700-prasok\/#primaryimage"},"image":{"@id":"https:\/\/medicinasinc.com\/sk\/product\/buy-u-47700-prasok\/#primaryimage"},"thumbnailUrl":"https:\/\/medicinasinc.com\/sk\/wp-content\/uploads\/sites\/10\/2022\/02\/Buy-U-47700-POWDER.jpg","datePublished":"2022-02-22T02:48:56+00:00","dateModified":"2022-03-22T00:53:58+00:00","description":"K\u00fapte si U-47700 Powder Spojen\u00e9 kr\u00e1\u013eovstvo, Eur\u00f3pa, \u00c1zia, \u010c\u00edna v na\u0161om internetovom obchode bestglobalmeds.com s r\u00fdchlym celosvetov\u00fdm doru\u010den\u00edm! Najlep\u0161\u00ed pr\u00e1\u0161ok U-47700 na objednanie n\u00e1jdete tu!","breadcrumb":{"@id":"https:\/\/medicinasinc.com\/sk\/product\/buy-u-47700-prasok\/#breadcrumb"},"inLanguage":"en-US","potentialAction":[{"@type":"ReadAction","target":["https:\/\/medicinasinc.com\/sk\/product\/buy-u-47700-prasok\/"]}]},{"@type":"ImageObject","inLanguage":"en-US","@id":"https:\/\/medicinasinc.com\/sk\/product\/buy-u-47700-prasok\/#primaryimage","url":"https:\/\/medicinasinc.com\/sk\/wp-content\/uploads\/sites\/10\/2022\/02\/Buy-U-47700-POWDER.jpg","contentUrl":"https:\/\/medicinasinc.com\/sk\/wp-content\/uploads\/sites\/10\/2022\/02\/Buy-U-47700-POWDER.jpg","width":600,"height":600},{"@type":"BreadcrumbList","@id":"https:\/\/medicinasinc.com\/sk\/product\/buy-u-47700-prasok\/#breadcrumb","itemListElement":[{"@type":"ListItem","position":1,"name":"Obchod","item":"https:\/\/medicinasinc.com\/sk\/obchod\/"},{"@type":"ListItem","position":2,"name":"K\u00fapte si pr\u00e1\u0161ok U-47700"}]},{"@type":"WebSite","@id":"https:\/\/medicinasinc.com\/sk\/#website","url":"https:\/\/medicinasinc.com\/sk\/","name":"Medicinas Inc","description":"Health Medical Clinic","potentialAction":[{"@type":"SearchAction","target":{"@type":"EntryPoint","urlTemplate":"https:\/\/medicinasinc.com\/sk\/?s={search_term_string}"},"query-input":{"@type":"PropertyValueSpecification","valueRequired":true,"valueName":"search_term_string"}}],"inLanguage":"en-US"}]}},"_links":{"self":[{"href":"https:\/\/medicinasinc.com\/sk\/wp-json\/wp\/v2\/product\/5617","targetHints":{"allow":["GET"]}}],"collection":[{"href":"https:\/\/medicinasinc.com\/sk\/wp-json\/wp\/v2\/product"}],"about":[{"href":"https:\/\/medicinasinc.com\/sk\/wp-json\/wp\/v2\/types\/product"}],"replies":[{"embeddable":true,"href":"https:\/\/medicinasinc.com\/sk\/wp-json\/wp\/v2\/comments?post=5617"}],"wp:featuredmedia":[{"embeddable":true,"href":"https:\/\/medicinasinc.com\/sk\/wp-json\/wp\/v2\/media\/5629"}],"wp:attachment":[{"href":"https:\/\/medicinasinc.com\/sk\/wp-json\/wp\/v2\/media?parent=5617"}],"wp:term":[{"taxonomy":"product_brand","embeddable":true,"href":"https:\/\/medicinasinc.com\/sk\/wp-json\/wp\/v2\/product_brand?post=5617"},{"taxonomy":"product_cat","embeddable":true,"href":"https:\/\/medicinasinc.com\/sk\/wp-json\/wp\/v2\/product_cat?post=5617"},{"taxonomy":"product_tag","embeddable":true,"href":"https:\/\/medicinasinc.com\/sk\/wp-json\/wp\/v2\/product_tag?post=5617"}],"curies":[{"name":"wp","href":"https:\/\/api.w.org\/{rel}","templated":true}]}}