{"id":5616,"date":"2022-02-22T02:47:20","date_gmt":"2022-02-22T02:47:20","guid":{"rendered":"https:\/\/medicinasinc.com\/sk\/?post_type=product&#038;p=5616"},"modified":"2022-03-22T00:54:09","modified_gmt":"2022-03-22T00:54:09","slug":"kupit-w-18-pilulky","status":"publish","type":"product","link":"https:\/\/medicinasinc.com\/sk\/product\/kupit-w-18-pilulky\/","title":{"rendered":"K\u00fapte si pilulky W-18"},"content":{"rendered":"<p>Tabletky W-18 sa daj\u00fa k\u00fapi\u0165.<\/p>\n<p>Tabletky W-18 k\u00fapite tu. Toto je chemik\u00e1lia, ktor\u00e1 nie je ur\u010den\u00e1 pre \u013eud\u00ed.<\/p>\n<p>Vlastnosti<br \/> T\u00e1to polo\u017eka bola vyroben\u00e1 a testovan\u00e1 tak, aby sp\u013a\u0148ala normy ISO17025:2005 a Guide 34:2009.<br \/> T\u00e1to polo\u017eka je ur\u010den\u00e1 na by\u0165 pou\u017eit\u00fd ako analytick\u00fd referen\u010dn\u00fd \u0161tandard.<br \/> V niektor\u00fdch in\u0161tit\u00faci\u00e1ch je k dispoz\u00edcii mno\u017estvo materi\u00e1lov pre akademick\u00fd v\u00fdskum. Pre ceny kontaktujte na\u0161e obchodn\u00e9 oddelenie.<br \/> W-18 (polo\u017eka \u010d. 15480) je materi\u00e1l, ktor\u00fd je mo\u017en\u00e9 pou\u017ei\u0165 na testovanie. Z tohto d\u00f4vodu m\u00f4\u017ee by\u0165 ve\u013emi \u00fa\u010dinn\u00fd pri zmier\u0148ovan\u00ed bolesti. V teste fenylchin\u00f3nu na my\u0161iach sa zistilo, \u017ee je ve\u013emi \u00fa\u010dinn\u00fd pri zmier\u0148ovan\u00ed bolesti. 1 Pokia\u013e ide o \u013eud\u00ed, nevieme, ako t\u00e1to l\u00e1tka ovplyv\u0148uje ich telo alebo ako im m\u00f4\u017ee ubl\u00ed\u017ei\u0165. Toto je produkt, ktor\u00fd mo\u017eno pou\u017ei\u0165 na forenzn\u00e9 a v\u00fdskumn\u00e9 \u00fa\u010dely.<\/p>\n","protected":false},"excerpt":{"rendered":"<div class=\"woocommerce-product-details__short-description\">\n<p>K\u00fapte si W-18 Pills na predaj Ve\u013ek\u00e1 Brit\u00e1nia, Eur\u00f3pa online Na\u0161e po\u0161tovn\u00e9 a doru\u010dovacie n\u00e1klady s\u00fa 100% bezpe\u010dn\u00e9 a pohodln\u00e9. objednajte si pilulky W-18 a z\u00edskajte od n\u00e1s \u00fa\u017easn\u00fa kvalitu<\/p>\n<p>W-18 na predaj | K\u00fapte si W-18 online | Kde k\u00fapi\u0165 W-18 online- Kde k\u00fapi\u0165 W-18 pilulky online. Tento produkt bol vyroben\u00fd a testovan\u00fd v s\u00falade s normami ISO17025:2005 a pokynmi Guide 34:2009<\/p>\n<\/p><\/div>\n","protected":false},"featured_media":5627,"comment_status":"open","ping_status":"closed","template":"","meta":[],"product_brand":[],"product_cat":[1117],"product_tag":[3308,3309,3311,3313,3310,3307,3317,3319,3316,3312,3314,3320,3315,3318,3321],"class_list":{"0":"post-5616","1":"product","2":"type-product","3":"status-publish","4":"has-post-thumbnail","6":"product_cat-kupte-si-tabletky-proti-bolesti-spanku-sexu","7":"product_tag-buy-w-18-drugs","8":"product_tag-buy-w-18-pills","9":"product_tag-w-18-drogy","10":"product_tag-w-18-efekt","11":"product_tag-w-18-kpi","12":"product_tag-buy-w-18","13":"product_tag-w-18-piluliek-kpi","14":"product_tag-w-18-pilulky-objednvka","15":"product_tag-w-18-objednvka","16":"product_tag-w-18-drogy-na-predaj","17":"product_tag-w-18-na-predaj","18":"product_tag-w-18-pilulky-vekoobchod","19":"product_tag-w-18-online","20":"product_tag-w-18-pilulkov-efekt","21":"product_tag-w-18-reddit","23":"first","24":"instock","25":"shipping-taxable","26":"purchasable","27":"product-type-variable"},"yoast_head":"<!-- This site is optimized with the Yoast SEO plugin v27.3 - https:\/\/yoast.com\/product\/yoast-seo-wordpress\/ -->\n<title>K\u00fapi\u0165 W-18 Pills - W-18 Pills na predaj - Najlep\u0161ie glob\u00e1lne lieky<\/title>\n<meta name=\"description\" content=\"K\u00fapte si pilulky W-18 na predaj Ve\u013ek\u00e1 Brit\u00e1nia, Eur\u00f3pa online Na\u0161e prepravn\u00e9 a doru\u010dovacie n\u00e1klady s\u00fa 100% bezpe\u010dn\u00e9 a pohodln\u00e9. objednajte si W-18 Pills a z\u00edskajte od n\u00e1s \u00fa\u017easn\u00fa kvalitu\" \/>\n<meta name=\"robots\" content=\"index, follow, max-snippet:-1, max-image-preview:large, max-video-preview:-1\" \/>\n<link rel=\"canonical\" href=\"https:\/\/medicinasinc.com\/sk\/product\/kupit-w-18-pilulky\/\" \/>\n<meta property=\"og:locale\" content=\"en_US\" \/>\n<meta property=\"og:type\" content=\"article\" \/>\n<meta property=\"og:title\" content=\"K\u00fapi\u0165 W-18 Pills - W-18 Pills na predaj - Najlep\u0161ie glob\u00e1lne lieky\" \/>\n<meta property=\"og:description\" content=\"K\u00fapte si pilulky W-18 na predaj Ve\u013ek\u00e1 Brit\u00e1nia, Eur\u00f3pa online Na\u0161e prepravn\u00e9 a doru\u010dovacie n\u00e1klady s\u00fa 100% bezpe\u010dn\u00e9 a pohodln\u00e9. objednajte si W-18 Pills a z\u00edskajte od n\u00e1s \u00fa\u017easn\u00fa kvalitu\" \/>\n<meta property=\"og:url\" content=\"https:\/\/medicinasinc.com\/sk\/product\/kupit-w-18-pilulky\/\" \/>\n<meta property=\"og:site_name\" content=\"Medicinas Inc\" \/>\n<meta property=\"article:modified_time\" content=\"2022-03-22T00:54:09+00:00\" \/>\n<meta property=\"og:image\" content=\"https:\/\/medicinasinc.com\/sk\/wp-content\/uploads\/sites\/10\/2022\/02\/Buy-W-18-Pills.jpg\" \/>\n\t<meta property=\"og:image:width\" content=\"840\" \/>\n\t<meta property=\"og:image:height\" content=\"781\" \/>\n\t<meta property=\"og:image:type\" content=\"image\/jpeg\" \/>\n<meta name=\"twitter:card\" content=\"summary_large_image\" \/>\n<meta name=\"twitter:label1\" content=\"Est. reading time\" \/>\n\t<meta name=\"twitter:data1\" content=\"1 minute\" \/>\n<script type=\"application\/ld+json\" class=\"yoast-schema-graph\">{\"@context\":\"https:\\\/\\\/schema.org\",\"@graph\":[{\"@type\":\"WebPage\",\"@id\":\"https:\\\/\\\/medicinasinc.com\\\/sk\\\/product\\\/kupit-w-18-pilulky\\\/\",\"url\":\"https:\\\/\\\/medicinasinc.com\\\/sk\\\/product\\\/kupit-w-18-pilulky\\\/\",\"name\":\"K\u00fapi\u0165 W-18 Pills - W-18 Pills na predaj - Najlep\u0161ie glob\u00e1lne lieky\",\"isPartOf\":{\"@id\":\"https:\\\/\\\/medicinasinc.com\\\/sk\\\/#website\"},\"primaryImageOfPage\":{\"@id\":\"https:\\\/\\\/medicinasinc.com\\\/sk\\\/product\\\/kupit-w-18-pilulky\\\/#primaryimage\"},\"image\":{\"@id\":\"https:\\\/\\\/medicinasinc.com\\\/sk\\\/product\\\/kupit-w-18-pilulky\\\/#primaryimage\"},\"thumbnailUrl\":\"https:\\\/\\\/medicinasinc.com\\\/sk\\\/wp-content\\\/uploads\\\/sites\\\/10\\\/2022\\\/02\\\/Buy-W-18-Pills.jpg\",\"datePublished\":\"2022-02-22T02:47:20+00:00\",\"dateModified\":\"2022-03-22T00:54:09+00:00\",\"description\":\"K\u00fapte si pilulky W-18 na predaj Ve\u013ek\u00e1 Brit\u00e1nia, Eur\u00f3pa online Na\u0161e prepravn\u00e9 a doru\u010dovacie n\u00e1klady s\u00fa 100% bezpe\u010dn\u00e9 a pohodln\u00e9. objednajte si W-18 Pills a z\u00edskajte od n\u00e1s \u00fa\u017easn\u00fa kvalitu\",\"breadcrumb\":{\"@id\":\"https:\\\/\\\/medicinasinc.com\\\/sk\\\/product\\\/kupit-w-18-pilulky\\\/#breadcrumb\"},\"inLanguage\":\"en-US\",\"potentialAction\":[{\"@type\":\"ReadAction\",\"target\":[\"https:\\\/\\\/medicinasinc.com\\\/sk\\\/product\\\/kupit-w-18-pilulky\\\/\"]}]},{\"@type\":\"ImageObject\",\"inLanguage\":\"en-US\",\"@id\":\"https:\\\/\\\/medicinasinc.com\\\/sk\\\/product\\\/kupit-w-18-pilulky\\\/#primaryimage\",\"url\":\"https:\\\/\\\/medicinasinc.com\\\/sk\\\/wp-content\\\/uploads\\\/sites\\\/10\\\/2022\\\/02\\\/Buy-W-18-Pills.jpg\",\"contentUrl\":\"https:\\\/\\\/medicinasinc.com\\\/sk\\\/wp-content\\\/uploads\\\/sites\\\/10\\\/2022\\\/02\\\/Buy-W-18-Pills.jpg\",\"width\":840,\"height\":781},{\"@type\":\"BreadcrumbList\",\"@id\":\"https:\\\/\\\/medicinasinc.com\\\/sk\\\/product\\\/kupit-w-18-pilulky\\\/#breadcrumb\",\"itemListElement\":[{\"@type\":\"ListItem\",\"position\":1,\"name\":\"Obchod\",\"item\":\"https:\\\/\\\/medicinasinc.com\\\/sk\\\/obchod\\\/\"},{\"@type\":\"ListItem\",\"position\":2,\"name\":\"K\u00fapte si pilulky W-18\"}]},{\"@type\":\"WebSite\",\"@id\":\"https:\\\/\\\/medicinasinc.com\\\/sk\\\/#website\",\"url\":\"https:\\\/\\\/medicinasinc.com\\\/sk\\\/\",\"name\":\"Medicinas Inc\",\"description\":\"Health Medical Clinic\",\"potentialAction\":[{\"@type\":\"SearchAction\",\"target\":{\"@type\":\"EntryPoint\",\"urlTemplate\":\"https:\\\/\\\/medicinasinc.com\\\/sk\\\/?s={search_term_string}\"},\"query-input\":{\"@type\":\"PropertyValueSpecification\",\"valueRequired\":true,\"valueName\":\"search_term_string\"}}],\"inLanguage\":\"en-US\"}]}<\/script>\n<!-- \/ Yoast SEO plugin. -->","yoast_head_json":{"title":"K\u00fapi\u0165 W-18 Pills - W-18 Pills na predaj - Najlep\u0161ie glob\u00e1lne lieky","description":"K\u00fapte si pilulky W-18 na predaj Ve\u013ek\u00e1 Brit\u00e1nia, Eur\u00f3pa online Na\u0161e prepravn\u00e9 a doru\u010dovacie n\u00e1klady s\u00fa 100% bezpe\u010dn\u00e9 a pohodln\u00e9. objednajte si W-18 Pills a z\u00edskajte od n\u00e1s \u00fa\u017easn\u00fa kvalitu","robots":{"index":"index","follow":"follow","max-snippet":"max-snippet:-1","max-image-preview":"max-image-preview:large","max-video-preview":"max-video-preview:-1"},"canonical":"https:\/\/medicinasinc.com\/sk\/product\/kupit-w-18-pilulky\/","og_locale":"en_US","og_type":"article","og_title":"K\u00fapi\u0165 W-18 Pills - W-18 Pills na predaj - Najlep\u0161ie glob\u00e1lne lieky","og_description":"K\u00fapte si pilulky W-18 na predaj Ve\u013ek\u00e1 Brit\u00e1nia, Eur\u00f3pa online Na\u0161e prepravn\u00e9 a doru\u010dovacie n\u00e1klady s\u00fa 100% bezpe\u010dn\u00e9 a pohodln\u00e9. objednajte si W-18 Pills a z\u00edskajte od n\u00e1s \u00fa\u017easn\u00fa kvalitu","og_url":"https:\/\/medicinasinc.com\/sk\/product\/kupit-w-18-pilulky\/","og_site_name":"Medicinas Inc","article_modified_time":"2022-03-22T00:54:09+00:00","og_image":[{"width":840,"height":781,"url":"https:\/\/medicinasinc.com\/sk\/wp-content\/uploads\/sites\/10\/2022\/02\/Buy-W-18-Pills.jpg","type":"image\/jpeg"}],"twitter_card":"summary_large_image","twitter_misc":{"Est. reading time":"1 minute"},"schema":{"@context":"https:\/\/schema.org","@graph":[{"@type":"WebPage","@id":"https:\/\/medicinasinc.com\/sk\/product\/kupit-w-18-pilulky\/","url":"https:\/\/medicinasinc.com\/sk\/product\/kupit-w-18-pilulky\/","name":"K\u00fapi\u0165 W-18 Pills - W-18 Pills na predaj - Najlep\u0161ie glob\u00e1lne lieky","isPartOf":{"@id":"https:\/\/medicinasinc.com\/sk\/#website"},"primaryImageOfPage":{"@id":"https:\/\/medicinasinc.com\/sk\/product\/kupit-w-18-pilulky\/#primaryimage"},"image":{"@id":"https:\/\/medicinasinc.com\/sk\/product\/kupit-w-18-pilulky\/#primaryimage"},"thumbnailUrl":"https:\/\/medicinasinc.com\/sk\/wp-content\/uploads\/sites\/10\/2022\/02\/Buy-W-18-Pills.jpg","datePublished":"2022-02-22T02:47:20+00:00","dateModified":"2022-03-22T00:54:09+00:00","description":"K\u00fapte si pilulky W-18 na predaj Ve\u013ek\u00e1 Brit\u00e1nia, Eur\u00f3pa online Na\u0161e prepravn\u00e9 a doru\u010dovacie n\u00e1klady s\u00fa 100% bezpe\u010dn\u00e9 a pohodln\u00e9. objednajte si W-18 Pills a z\u00edskajte od n\u00e1s \u00fa\u017easn\u00fa kvalitu","breadcrumb":{"@id":"https:\/\/medicinasinc.com\/sk\/product\/kupit-w-18-pilulky\/#breadcrumb"},"inLanguage":"en-US","potentialAction":[{"@type":"ReadAction","target":["https:\/\/medicinasinc.com\/sk\/product\/kupit-w-18-pilulky\/"]}]},{"@type":"ImageObject","inLanguage":"en-US","@id":"https:\/\/medicinasinc.com\/sk\/product\/kupit-w-18-pilulky\/#primaryimage","url":"https:\/\/medicinasinc.com\/sk\/wp-content\/uploads\/sites\/10\/2022\/02\/Buy-W-18-Pills.jpg","contentUrl":"https:\/\/medicinasinc.com\/sk\/wp-content\/uploads\/sites\/10\/2022\/02\/Buy-W-18-Pills.jpg","width":840,"height":781},{"@type":"BreadcrumbList","@id":"https:\/\/medicinasinc.com\/sk\/product\/kupit-w-18-pilulky\/#breadcrumb","itemListElement":[{"@type":"ListItem","position":1,"name":"Obchod","item":"https:\/\/medicinasinc.com\/sk\/obchod\/"},{"@type":"ListItem","position":2,"name":"K\u00fapte si pilulky W-18"}]},{"@type":"WebSite","@id":"https:\/\/medicinasinc.com\/sk\/#website","url":"https:\/\/medicinasinc.com\/sk\/","name":"Medicinas Inc","description":"Health Medical Clinic","potentialAction":[{"@type":"SearchAction","target":{"@type":"EntryPoint","urlTemplate":"https:\/\/medicinasinc.com\/sk\/?s={search_term_string}"},"query-input":{"@type":"PropertyValueSpecification","valueRequired":true,"valueName":"search_term_string"}}],"inLanguage":"en-US"}]}},"_links":{"self":[{"href":"https:\/\/medicinasinc.com\/sk\/wp-json\/wp\/v2\/product\/5616","targetHints":{"allow":["GET"]}}],"collection":[{"href":"https:\/\/medicinasinc.com\/sk\/wp-json\/wp\/v2\/product"}],"about":[{"href":"https:\/\/medicinasinc.com\/sk\/wp-json\/wp\/v2\/types\/product"}],"replies":[{"embeddable":true,"href":"https:\/\/medicinasinc.com\/sk\/wp-json\/wp\/v2\/comments?post=5616"}],"wp:featuredmedia":[{"embeddable":true,"href":"https:\/\/medicinasinc.com\/sk\/wp-json\/wp\/v2\/media\/5627"}],"wp:attachment":[{"href":"https:\/\/medicinasinc.com\/sk\/wp-json\/wp\/v2\/media?parent=5616"}],"wp:term":[{"taxonomy":"product_brand","embeddable":true,"href":"https:\/\/medicinasinc.com\/sk\/wp-json\/wp\/v2\/product_brand?post=5616"},{"taxonomy":"product_cat","embeddable":true,"href":"https:\/\/medicinasinc.com\/sk\/wp-json\/wp\/v2\/product_cat?post=5616"},{"taxonomy":"product_tag","embeddable":true,"href":"https:\/\/medicinasinc.com\/sk\/wp-json\/wp\/v2\/product_tag?post=5616"}],"curies":[{"name":"wp","href":"https:\/\/api.w.org\/{rel}","templated":true}]}}