{"id":5615,"date":"2022-02-22T02:46:09","date_gmt":"2022-02-22T02:46:09","guid":{"rendered":"https:\/\/medicinasinc.com\/sk\/?post_type=product&#038;p=5615"},"modified":"2022-03-22T00:54:17","modified_gmt":"2022-03-22T00:54:17","slug":"kupit-biela-dievca-kupel-sol","status":"publish","type":"product","link":"https:\/\/medicinasinc.com\/sk\/product\/kupit-biela-dievca-kupel-sol\/","title":{"rendered":"K\u00fapte si so\u013e do k\u00fape\u013ea White Girl"},"content":{"rendered":"<p>K\u00fape\u013eov\u00fa so\u013e pre biele diev\u010da si m\u00f4\u017eete k\u00fapi\u0165 na webe.<br \/> K\u00fape\u013eov\u00fa so\u013e pre biele diev\u010da si m\u00f4\u017eete k\u00fapi\u0165 online. Ako ich k\u00fapim?<\/p>\n<p>Kde chcete k\u00fapi\u0165 biele diev\u010densk\u00e9 k\u00fape\u013eov\u00e9 soli? Ke\u010f si k\u00fapite biele diev\u010densk\u00e9 k\u00fape\u013eov\u00e9 soli od Best Global Meds, nehrozia \u017eiadne probl\u00e9my ani ne\u0161ikovnos\u0165. Aby ste u\u0161etrili peniaze, ke\u010f si k\u00fapite biele diev\u010densk\u00e9 k\u00fape\u013eov\u00e9 soli z na\u0161ej online drog\u00e9rie, tvrdo pracujeme. Ke\u010f si k\u00fapite nie\u010do od Chemicals Lab, chceme, aby ste platili menej a dostali viac.<\/p>\n<p>K\u00fapte si k\u00fape\u013eov\u00e9 soli White Girl.<\/p>\n<p>Z legit\u00edmneho zdroja si m\u00f4\u017eete k\u00fapi\u0165 k\u00fape\u013e White Girl Bath Soli online. Pred\u00e1vame tie najlep\u0161ie produkty do k\u00fape\u013ea, ako s\u00fa k\u00fape\u013eov\u00e9 soli. So\u013e do k\u00fape\u013ea v\u00e1m poskytne hladk\u00fd, zmyseln\u00fd k\u00fape\u013e, ktor\u00fd v\u00e1m po pou\u017eit\u00ed zanech\u00e1 pocit \u010distoty. Na\u0161i z\u00e1kazn\u00edci si v\u0161ak m\u00f4\u017eu by\u0165 ist\u00ed, \u017ee dostan\u00fa tie najlep\u0161ie produkty na trhu. Pred\u00e1vame a nakupujeme v\u0161ak aj in\u00e9 koncentrovan\u00e9 soli do k\u00fape\u013ea za dobr\u00e9 ceny.<\/p>\n<p>Na\u0161e soli do k\u00fape\u013ea maj\u00fa siln\u00fd z\u00e1pach.<\/p>\n<p>Existuje ve\u013ea r\u00f4znych druhov k\u00fape\u013eov\u00fdch sol\u00ed pre biele diev\u010dat\u00e1, a s\u00fa ur\u010den\u00e9 na to, aby v\u00e1\u0161 z\u00e1\u017eitok z k\u00fapania bol e\u0161te lep\u0161\u00ed. Na dosiahnutie ve\u013ek\u00e9ho rozdielu sta\u010d\u00ed mal\u00e9 mno\u017estvo. M\u00f4\u017eete v\u0161ak prida\u0165 len mal\u00e9 mno\u017estvo do hor\u00faceho k\u00fape\u013ea, aby sa voda prirodzene zm\u00e4k\u010dila, v\u010faka \u010domu sa budete c\u00edti\u0165 ve\u013emi energicky a \u0161\u0165astne. Zvykne v\u0161ak vyzera\u0165 ako pr\u00edrodn\u00e9 hor\u00face pramene gr\u00e9ckeho mora. Na za\u010diatku pou\u017e\u00edvajte so\u013e do k\u00fape\u013ea White Girl ve\u013emi m\u00e1lo, preto\u017ee pr\u00edli\u0161 ve\u013ea v\u00e1m za\u0161pin\u00ed vodu vo vani a budete ne\u0161\u0165astn\u00ed. Biele diev\u010densk\u00e9 k\u00fape\u013eov\u00e9 soli v\u00e1m na druhej strane m\u00f4\u017eu pom\u00f4c\u0165 dosta\u0165 sa na miesta, o ktor\u00fdch ste si mysleli, \u017ee s\u00fa nemo\u017en\u00e9.<\/p>\n","protected":false},"excerpt":{"rendered":"<p>N\u00e1\u0161 obchod Bestglobalmeds.com pred\u00e1va so\u013e do k\u00fape\u013ea White Girl na predaj vo Ve\u013ekej Brit\u00e1nii, Eur\u00f3pe a po celom svete! Tu si m\u00f4\u017eete k\u00fapi\u0165 najlep\u0161iu so\u013e do k\u00fape\u013ea pre biele diev\u010dat\u00e1!<\/p>\n<p>Cena k\u00fape\u013eovej soli pre biele diev\u010dat\u00e1 na internete m\u00f4\u017ee by\u0165 pr\u00edli\u0161 vysok\u00e1.<\/p>\n<p>V spolo\u010dnosti Best global medis si m\u00f4\u017eete k\u00fapi\u0165 biele diev\u010da k\u00fape\u013eov\u00e9 soli z pohodlia V\u00e1\u0161ho domova. Biele diev\u010densk\u00e9 k\u00fape\u013eov\u00e9 soli s\u00fa na predaj.<\/p>\n<p>V tomto pr\u00edpade si m\u00f4\u017eete k\u00fapi\u0165 k\u00fape\u013eov\u00e9 soli na internete White Girl 500 mg k\u00fape\u013eov\u00e1 so\u013e<\/p>\n<p>Best Global Meds pred\u00e1va vysokokvalitn\u00e9 k\u00fape\u013eov\u00e9 soli, ktor\u00e9 Doprajte v\u00e1m hladk\u00fd, zmyseln\u00fd k\u00fape\u013e, ktor\u00fd v\u00e1m zanech\u00e1 pocit \u010distoty.<\/p>\n<p>Ke\u010f si u n\u00e1s k\u00fapite biele diev\u010densk\u00e9 k\u00fape\u013eov\u00e9 soli online, m\u00f4\u017eete si by\u0165 ist\u00ed, \u017ee bud\u00fa to najlep\u0161ie, \u010do m\u00f4\u017eete dosta\u0165. Pred\u00e1vame a nakupujeme in\u00e9 koncentrovan\u00e9 soli do k\u00fape\u013ea za dobr\u00e9 ceny.<\/p>\n<p>Na\u0161e soli do k\u00fape\u013ea maj\u00fa siln\u00fd z\u00e1pach.<\/p>\n<div class=\"product-next-previous\">\n<div class=\"product- prev\"><\/div>\n<\/p><\/div>\n","protected":false},"featured_media":5625,"comment_status":"open","ping_status":"closed","template":"","meta":[],"product_brand":[],"product_cat":[2014],"product_tag":[3305,3299,3300,3301,3303,3302,3306,3304],"class_list":{"0":"post-5615","1":"product","2":"type-product","3":"status-publish","4":"has-post-thumbnail","6":"product_cat-k-c3-bapi-c5-a5-v-c3-bdskumn-c3-a9-chemik-c3-a1lie","7":"product_tag-biele-dievensk-kpeov-soli","8":"product_tag-buy-concentrated-white-girl-500mg-bath-salt-online","9":"product_tag-buy-white-girl-bath-salts-online","10":"product_tag-concentrated-white-girl-500mg-bath-salts","11":"product_tag-kde-kpi-biele-dievensk-kpeov-soli","12":"product_tag-objedna-biele-dieva-kpeov-soli-online","13":"product_tag-biele-dievensk-kpeov-soli-na-predaj","14":"product_tag-biela-dievca-500mg-sol-do-kupela-online","16":"first","17":"instock","18":"shipping-taxable","19":"purchasable","20":"product-type-variable","21":"has-default-attributes"},"yoast_head":"<!-- This site is optimized with the Yoast SEO plugin v27.3 - https:\/\/yoast.com\/product\/yoast-seo-wordpress\/ -->\n<title>K\u00fapte si so\u013e do k\u00fape\u013ea White Girl - K\u00fape\u013eov\u00e1 so\u013e na predaj - Najlep\u0161ie glob\u00e1lne lieky<\/title>\n<meta name=\"description\" content=\"h\u013ead\u00e1te k\u00fapi\u0165 so\u013e do k\u00fape\u013ea White Girl na predaj v Spojenom kr\u00e1\u013eovstve, Eur\u00f3pe v na\u0161om obchode Bestglobalmeds.com s r\u00fdchlou dopravou do cel\u00e9ho sveta! Najlep\u0161iu so\u013e do k\u00fape\u013ea White Girl na objedn\u00e1vku n\u00e1jdete tu!\" \/>\n<meta name=\"robots\" content=\"index, follow, max-snippet:-1, max-image-preview:large, max-video-preview:-1\" \/>\n<link rel=\"canonical\" href=\"https:\/\/medicinasinc.com\/sk\/product\/kupit-biela-dievca-kupel-sol\/\" \/>\n<meta property=\"og:locale\" content=\"en_US\" \/>\n<meta property=\"og:type\" content=\"article\" \/>\n<meta property=\"og:title\" content=\"K\u00fapte si so\u013e do k\u00fape\u013ea White Girl - K\u00fape\u013eov\u00e1 so\u013e na predaj - Najlep\u0161ie glob\u00e1lne lieky\" \/>\n<meta property=\"og:description\" content=\"h\u013ead\u00e1te k\u00fapi\u0165 so\u013e do k\u00fape\u013ea White Girl na predaj v Spojenom kr\u00e1\u013eovstve, Eur\u00f3pe v na\u0161om obchode Bestglobalmeds.com s r\u00fdchlou dopravou do cel\u00e9ho sveta! Najlep\u0161iu so\u013e do k\u00fape\u013ea White Girl na objedn\u00e1vku n\u00e1jdete tu!\" \/>\n<meta property=\"og:url\" content=\"https:\/\/medicinasinc.com\/sk\/product\/kupit-biela-dievca-kupel-sol\/\" \/>\n<meta property=\"og:site_name\" content=\"Medicinas Inc\" \/>\n<meta property=\"article:modified_time\" content=\"2022-03-22T00:54:17+00:00\" \/>\n<meta property=\"og:image\" content=\"https:\/\/medicinasinc.com\/sk\/wp-content\/uploads\/sites\/10\/2022\/02\/Buy-White-Girl-Bath-Salt.jpg\" \/>\n\t<meta property=\"og:image:width\" content=\"600\" \/>\n\t<meta property=\"og:image:height\" content=\"600\" \/>\n\t<meta property=\"og:image:type\" content=\"image\/jpeg\" \/>\n<meta name=\"twitter:card\" content=\"summary_large_image\" \/>\n<meta name=\"twitter:label1\" content=\"Est. reading time\" \/>\n\t<meta name=\"twitter:data1\" content=\"2 minutes\" \/>\n<script type=\"application\/ld+json\" class=\"yoast-schema-graph\">{\"@context\":\"https:\\\/\\\/schema.org\",\"@graph\":[{\"@type\":\"WebPage\",\"@id\":\"https:\\\/\\\/medicinasinc.com\\\/sk\\\/product\\\/kupit-biela-dievca-kupel-sol\\\/\",\"url\":\"https:\\\/\\\/medicinasinc.com\\\/sk\\\/product\\\/kupit-biela-dievca-kupel-sol\\\/\",\"name\":\"K\u00fapte si so\u013e do k\u00fape\u013ea White Girl - K\u00fape\u013eov\u00e1 so\u013e na predaj - Najlep\u0161ie glob\u00e1lne lieky\",\"isPartOf\":{\"@id\":\"https:\\\/\\\/medicinasinc.com\\\/sk\\\/#website\"},\"primaryImageOfPage\":{\"@id\":\"https:\\\/\\\/medicinasinc.com\\\/sk\\\/product\\\/kupit-biela-dievca-kupel-sol\\\/#primaryimage\"},\"image\":{\"@id\":\"https:\\\/\\\/medicinasinc.com\\\/sk\\\/product\\\/kupit-biela-dievca-kupel-sol\\\/#primaryimage\"},\"thumbnailUrl\":\"https:\\\/\\\/medicinasinc.com\\\/sk\\\/wp-content\\\/uploads\\\/sites\\\/10\\\/2022\\\/02\\\/Buy-White-Girl-Bath-Salt.jpg\",\"datePublished\":\"2022-02-22T02:46:09+00:00\",\"dateModified\":\"2022-03-22T00:54:17+00:00\",\"description\":\"h\u013ead\u00e1te k\u00fapi\u0165 so\u013e do k\u00fape\u013ea White Girl na predaj v Spojenom kr\u00e1\u013eovstve, Eur\u00f3pe v na\u0161om obchode Bestglobalmeds.com s r\u00fdchlou dopravou do cel\u00e9ho sveta! Najlep\u0161iu so\u013e do k\u00fape\u013ea White Girl na objedn\u00e1vku n\u00e1jdete tu!\",\"breadcrumb\":{\"@id\":\"https:\\\/\\\/medicinasinc.com\\\/sk\\\/product\\\/kupit-biela-dievca-kupel-sol\\\/#breadcrumb\"},\"inLanguage\":\"en-US\",\"potentialAction\":[{\"@type\":\"ReadAction\",\"target\":[\"https:\\\/\\\/medicinasinc.com\\\/sk\\\/product\\\/kupit-biela-dievca-kupel-sol\\\/\"]}]},{\"@type\":\"ImageObject\",\"inLanguage\":\"en-US\",\"@id\":\"https:\\\/\\\/medicinasinc.com\\\/sk\\\/product\\\/kupit-biela-dievca-kupel-sol\\\/#primaryimage\",\"url\":\"https:\\\/\\\/medicinasinc.com\\\/sk\\\/wp-content\\\/uploads\\\/sites\\\/10\\\/2022\\\/02\\\/Buy-White-Girl-Bath-Salt.jpg\",\"contentUrl\":\"https:\\\/\\\/medicinasinc.com\\\/sk\\\/wp-content\\\/uploads\\\/sites\\\/10\\\/2022\\\/02\\\/Buy-White-Girl-Bath-Salt.jpg\",\"width\":600,\"height\":600},{\"@type\":\"BreadcrumbList\",\"@id\":\"https:\\\/\\\/medicinasinc.com\\\/sk\\\/product\\\/kupit-biela-dievca-kupel-sol\\\/#breadcrumb\",\"itemListElement\":[{\"@type\":\"ListItem\",\"position\":1,\"name\":\"Obchod\",\"item\":\"https:\\\/\\\/medicinasinc.com\\\/sk\\\/obchod\\\/\"},{\"@type\":\"ListItem\",\"position\":2,\"name\":\"K\u00fapte si so\u013e do k\u00fape\u013ea White Girl\"}]},{\"@type\":\"WebSite\",\"@id\":\"https:\\\/\\\/medicinasinc.com\\\/sk\\\/#website\",\"url\":\"https:\\\/\\\/medicinasinc.com\\\/sk\\\/\",\"name\":\"Medicinas Inc\",\"description\":\"Health Medical Clinic\",\"potentialAction\":[{\"@type\":\"SearchAction\",\"target\":{\"@type\":\"EntryPoint\",\"urlTemplate\":\"https:\\\/\\\/medicinasinc.com\\\/sk\\\/?s={search_term_string}\"},\"query-input\":{\"@type\":\"PropertyValueSpecification\",\"valueRequired\":true,\"valueName\":\"search_term_string\"}}],\"inLanguage\":\"en-US\"}]}<\/script>\n<!-- \/ Yoast SEO plugin. -->","yoast_head_json":{"title":"K\u00fapte si so\u013e do k\u00fape\u013ea White Girl - K\u00fape\u013eov\u00e1 so\u013e na predaj - Najlep\u0161ie glob\u00e1lne lieky","description":"h\u013ead\u00e1te k\u00fapi\u0165 so\u013e do k\u00fape\u013ea White Girl na predaj v Spojenom kr\u00e1\u013eovstve, Eur\u00f3pe v na\u0161om obchode Bestglobalmeds.com s r\u00fdchlou dopravou do cel\u00e9ho sveta! Najlep\u0161iu so\u013e do k\u00fape\u013ea White Girl na objedn\u00e1vku n\u00e1jdete tu!","robots":{"index":"index","follow":"follow","max-snippet":"max-snippet:-1","max-image-preview":"max-image-preview:large","max-video-preview":"max-video-preview:-1"},"canonical":"https:\/\/medicinasinc.com\/sk\/product\/kupit-biela-dievca-kupel-sol\/","og_locale":"en_US","og_type":"article","og_title":"K\u00fapte si so\u013e do k\u00fape\u013ea White Girl - K\u00fape\u013eov\u00e1 so\u013e na predaj - Najlep\u0161ie glob\u00e1lne lieky","og_description":"h\u013ead\u00e1te k\u00fapi\u0165 so\u013e do k\u00fape\u013ea White Girl na predaj v Spojenom kr\u00e1\u013eovstve, Eur\u00f3pe v na\u0161om obchode Bestglobalmeds.com s r\u00fdchlou dopravou do cel\u00e9ho sveta! Najlep\u0161iu so\u013e do k\u00fape\u013ea White Girl na objedn\u00e1vku n\u00e1jdete tu!","og_url":"https:\/\/medicinasinc.com\/sk\/product\/kupit-biela-dievca-kupel-sol\/","og_site_name":"Medicinas Inc","article_modified_time":"2022-03-22T00:54:17+00:00","og_image":[{"width":600,"height":600,"url":"https:\/\/medicinasinc.com\/sk\/wp-content\/uploads\/sites\/10\/2022\/02\/Buy-White-Girl-Bath-Salt.jpg","type":"image\/jpeg"}],"twitter_card":"summary_large_image","twitter_misc":{"Est. reading time":"2 minutes"},"schema":{"@context":"https:\/\/schema.org","@graph":[{"@type":"WebPage","@id":"https:\/\/medicinasinc.com\/sk\/product\/kupit-biela-dievca-kupel-sol\/","url":"https:\/\/medicinasinc.com\/sk\/product\/kupit-biela-dievca-kupel-sol\/","name":"K\u00fapte si so\u013e do k\u00fape\u013ea White Girl - K\u00fape\u013eov\u00e1 so\u013e na predaj - Najlep\u0161ie glob\u00e1lne lieky","isPartOf":{"@id":"https:\/\/medicinasinc.com\/sk\/#website"},"primaryImageOfPage":{"@id":"https:\/\/medicinasinc.com\/sk\/product\/kupit-biela-dievca-kupel-sol\/#primaryimage"},"image":{"@id":"https:\/\/medicinasinc.com\/sk\/product\/kupit-biela-dievca-kupel-sol\/#primaryimage"},"thumbnailUrl":"https:\/\/medicinasinc.com\/sk\/wp-content\/uploads\/sites\/10\/2022\/02\/Buy-White-Girl-Bath-Salt.jpg","datePublished":"2022-02-22T02:46:09+00:00","dateModified":"2022-03-22T00:54:17+00:00","description":"h\u013ead\u00e1te k\u00fapi\u0165 so\u013e do k\u00fape\u013ea White Girl na predaj v Spojenom kr\u00e1\u013eovstve, Eur\u00f3pe v na\u0161om obchode Bestglobalmeds.com s r\u00fdchlou dopravou do cel\u00e9ho sveta! Najlep\u0161iu so\u013e do k\u00fape\u013ea White Girl na objedn\u00e1vku n\u00e1jdete tu!","breadcrumb":{"@id":"https:\/\/medicinasinc.com\/sk\/product\/kupit-biela-dievca-kupel-sol\/#breadcrumb"},"inLanguage":"en-US","potentialAction":[{"@type":"ReadAction","target":["https:\/\/medicinasinc.com\/sk\/product\/kupit-biela-dievca-kupel-sol\/"]}]},{"@type":"ImageObject","inLanguage":"en-US","@id":"https:\/\/medicinasinc.com\/sk\/product\/kupit-biela-dievca-kupel-sol\/#primaryimage","url":"https:\/\/medicinasinc.com\/sk\/wp-content\/uploads\/sites\/10\/2022\/02\/Buy-White-Girl-Bath-Salt.jpg","contentUrl":"https:\/\/medicinasinc.com\/sk\/wp-content\/uploads\/sites\/10\/2022\/02\/Buy-White-Girl-Bath-Salt.jpg","width":600,"height":600},{"@type":"BreadcrumbList","@id":"https:\/\/medicinasinc.com\/sk\/product\/kupit-biela-dievca-kupel-sol\/#breadcrumb","itemListElement":[{"@type":"ListItem","position":1,"name":"Obchod","item":"https:\/\/medicinasinc.com\/sk\/obchod\/"},{"@type":"ListItem","position":2,"name":"K\u00fapte si so\u013e do k\u00fape\u013ea White Girl"}]},{"@type":"WebSite","@id":"https:\/\/medicinasinc.com\/sk\/#website","url":"https:\/\/medicinasinc.com\/sk\/","name":"Medicinas Inc","description":"Health Medical Clinic","potentialAction":[{"@type":"SearchAction","target":{"@type":"EntryPoint","urlTemplate":"https:\/\/medicinasinc.com\/sk\/?s={search_term_string}"},"query-input":{"@type":"PropertyValueSpecification","valueRequired":true,"valueName":"search_term_string"}}],"inLanguage":"en-US"}]}},"_links":{"self":[{"href":"https:\/\/medicinasinc.com\/sk\/wp-json\/wp\/v2\/product\/5615","targetHints":{"allow":["GET"]}}],"collection":[{"href":"https:\/\/medicinasinc.com\/sk\/wp-json\/wp\/v2\/product"}],"about":[{"href":"https:\/\/medicinasinc.com\/sk\/wp-json\/wp\/v2\/types\/product"}],"replies":[{"embeddable":true,"href":"https:\/\/medicinasinc.com\/sk\/wp-json\/wp\/v2\/comments?post=5615"}],"wp:featuredmedia":[{"embeddable":true,"href":"https:\/\/medicinasinc.com\/sk\/wp-json\/wp\/v2\/media\/5625"}],"wp:attachment":[{"href":"https:\/\/medicinasinc.com\/sk\/wp-json\/wp\/v2\/media?parent=5615"}],"wp:term":[{"taxonomy":"product_brand","embeddable":true,"href":"https:\/\/medicinasinc.com\/sk\/wp-json\/wp\/v2\/product_brand?post=5615"},{"taxonomy":"product_cat","embeddable":true,"href":"https:\/\/medicinasinc.com\/sk\/wp-json\/wp\/v2\/product_cat?post=5615"},{"taxonomy":"product_tag","embeddable":true,"href":"https:\/\/medicinasinc.com\/sk\/wp-json\/wp\/v2\/product_tag?post=5615"}],"curies":[{"name":"wp","href":"https:\/\/api.w.org\/{rel}","templated":true}]}}