{"id":5614,"date":"2022-02-22T02:44:39","date_gmt":"2022-02-22T02:44:39","guid":{"rendered":"https:\/\/medicinasinc.com\/sk\/?post_type=product&#038;p=5614"},"modified":"2022-03-22T00:54:26","modified_gmt":"2022-03-22T00:54:26","slug":"kupit-bk-etyl-k-krystaly","status":"publish","type":"product","link":"https:\/\/medicinasinc.com\/sk\/product\/kupit-bk-etyl-k-krystaly\/","title":{"rendered":"K\u00fapte si kry\u0161t\u00e1ly bk-Ethyl-K"},"content":{"rendered":"<p>Nakupujte bk-Ethyl-K Chemical online od ve\u013ekoobchodn\u00edka.<\/p>\n<p>Chemick\u00e9 l\u00e1tky bk-Ethyl-K je mo\u017en\u00e9 k\u00fapi\u0165 vo ve\u013ekom.<\/p>\n<p>BKK-ethyl-k<\/p>\n<p>Je tie\u017e zn\u00e1my ako etyl\u00f3n, \u010do je entaktog\u00e9nny energiz\u00e9r. \u010casto sa naz\u00fdva 3,4-metyl\u00e9ndioxy-N-etylkatin\u00f3n, ale toto nie je v\u017edy spr\u00e1vny n\u00e1zov. Etylon sa naz\u00fdva 1-(1,3-benzodioxol-5-yl)-2-(metylamino)-1-propan\u00f3n, preto\u017ee m\u00e1 u\u017eito\u010dn\u00fd n\u00e1zov. Vzorec: C12H15NO3 m\u00e1 norm\u00e1lnu hmotnos\u0165 221,251999 Da a monoizotopick\u00fa hmotnos\u0165 221,104996 Da. Toto je subjadrov\u00fd vzorec. Najlep\u0161\u00edm miestom na n\u00e1kup etyl\u00e9nu je \u010c\u00edna. Etylon je cenn\u00fd kame\u0148, ktor\u00fd sa d\u00e1 k\u00fapi\u0165. K\u00fapte si etylov\u00e9 kamene, ktor\u00e9 s\u00fa cenn\u00e9. Dod\u00e1vate\u013e etyl\u00f3nu. K\u00fapte si etyl\u00e9n so z\u013eavou. z\u013eava Ethylone<\/p>\n<p>Nov\u00fd stimulant bk-Ethyl-K je liek vyroben\u00fd dizajn\u00e9rom. Je to anal\u00f3g amfetam\u00ednu. Na colnici nie s\u00fa s nov\u00fdm vzorcom \u017eiadne probl\u00e9my.<\/p>\n<table class=\"t1\" cellspacing=\"0\" cellpadding=\"0\">\n<tbody>\n<tr>\n<td class=\"td1\" valign=\"top \">\n<p class=\"p3\"><span class=\"s1\"><b>Synonym\u00e1<\/b><\/span><\/p>\n<\/td>\n<td class=\"td2\" valign=\"top\">\n<p class=\"p3\"><a href=\"https:\/\/www.bestglobalmeds.com\/product\/research-chemicals\/buy-bk-ethyl-k-crystals\/\"><span class=\"s1\"> bk-Ethyl-K<\/span><\/a><\/p>\n<\/td>\n<\/tr>\n<tr>\n<td class=\"td3\" valign=\"top\">\n<p class=\"p3\"><span class=\"s1\"><b>IUPAC<\/b><\/span><\/p>\n<\/td>\n<td class=\"td4\" valign=\"top\">\n<p class=\"p3\"><span class=\"s1\">1-(benzo[d][1,3]dioxol-5-yl)-2-(etylamino)pent\u00e1n-1-\u00f3n<\/span><\/p>\n<\/td>\n<\/tr>\n<tr>\n<td class=\"td1\" valign=\"top\">\n<p class=\"p3\"><span class=\"s1\"><b>Vzorec<\/b><\/span><\/p>\n<\/td>\n<td class=\"td2\" valign=\"top\">\n<p class=\"p3\"><span class=\"s1\">Nie<\/span><\/p>\n<\/td>\n<\/tr>\n<tr>\n<td class=\"td3\" valign=\"top\">\n<p class=\"p3\"><span class=\"s1\"><b>Molekulov\u00e1 hmotnos\u0165<\/b><\/span><\/p>\n<\/td>\n<td class=\"td4\" valign=\"top\">\n<p class=\"p3\"><span class=\"s1\">Nie <\/span><\/p>\n<\/td>\n<\/tr>\n<tr>\n<td class=\"td1\" valign=\"top\">\n<p class=\"p3\"><span class=\"s1\"><b>CAS<\/b><\/span><\/p>\n<\/td>\n<td class=\"td2\" valign=\"top\">\n<p class=\"p3\"><span class=\"s1\">Nie<\/span><\/p>\n<\/td>\n<\/tr>\n<tr>\n<td class=\"td3\" valign=\"top\">\n<p class=\"p3\"><span class=\"s1\"><b>Vzh\u013ead <\/b><\/span><\/p>\n<\/td>\n<td class=\"td4\" valign=\"top\">\n<p class=\"p3\"><span class=\"s1\">Nie<\/span> <\/p>\n<\/td>\n<\/tr>\n<tr>\n<td class=\"td1\" valign=\"top\">\n<p class=\"p3\"><span class=\"s1\"><b>\u010cistota<\/b><\/span><\/p>\n<\/td>\n<td class=\"td2\" valign=\"top\">\n<p class=\"p3\"><span class=\"s1\">\u2265 99 %<\/span> <\/p>\n<\/td>\n<\/tr>\n<\/tbody>\n<\/table>\n<p><img loading=\"lazy\" decoding=\"async\" class=\"alignnone wp-image-923 size-full lazyloaded\" style=\"border: 0px;vertical-align: stred\" src=\"https:\/\/i2.wp.com\/chemspro.com\/wp-content\/uploads\/sites\/10\/2017\/04\/bk-ethyl-k- e1570866136196.jpg?resize=260%2C185&amp;ssl=1\" alt=\"bk-Ethyl-K\" width=\"260\" height=\"185\" data-attachment-id=\"923\" data-permalink=\"https:\/\/ \/chemspro.com\/stimulants\/bk-ethyl-k-crystals.htm l\/attachment\/bk-ethyl-k\" data-orig-file=\"https:\/\/i2.wp.com\/chemspro.com\/wp-content\/uploads\/sites\/10\/2017\/04\/bk-ethyl-k -e1570866136196.jpg?fit=260%2C185&amp;ssl=1\" data-orig-size=\"260,185\" data-comments-opened=\"1\" \/><\/p>\n<p>\u013dudia, ktor\u00ed kupuj\u00fa Bk-Ethyl-K z tohto str\u00e1nka by ho mala pou\u017e\u00edva\u0165 na v\u00fdskum a forenzn\u00fa anal\u00fdzu. Bk-Ethyl-K je s\u00fa\u010das\u0165ou chemick\u00fdch skup\u00edn katin\u00f3nov a amfetam\u00ednov. Toto je hmotnos\u0165 vzorca: 285,8 g-mol<\/p>\n<p>Nikto nevie, \u010do sa s vami stane po u\u017eit\u00ed bk-Ethyl-K, ale nejak\u00e9 m\u00f4\u017eu by\u0165.<\/p>\n<p>\u00dapln\u00e9 chemick\u00fd n\u00e1zov je bk-etyl-K: 1-(benzo[d][1,3]dioxol-5-yl)-2-(etylamino)pent\u00e1n-1-\u00f3n je prv\u00fd.<\/p>\n<p> Skladovanie: na chladnom a suchom mieste. V\u00fdrazy bk-Ethyl-K m\u00f4\u017eu vydr\u017ea\u0165 a\u017e dva roky, ak s\u00fa skladovan\u00e9 spr\u00e1vnym sp\u00f4sobom.<\/p>\n","protected":false},"excerpt":{"rendered":"<div class=\"woocommerce-product-details__short-description\">\n<p>V na\u0161om obchode Bestglobalmeds.com si m\u00f4\u017eete k\u00fapi\u0165 lacn\u00e9 kry\u0161t\u00e1ly bk-Ethyl-K na predaj vo Ve\u013ekej Brit\u00e1nii, Eur\u00f3pe a po celom svete! Tu si m\u00f4\u017eete k\u00fapi\u0165 najlep\u0161ie kry\u0161t\u00e1ly bk-Ethyl-K na objedn\u00e1vku.<\/p>\n<p>K\u00fapte si bk-Ethyl-K Chemical online od ve\u013ekoobchodn\u00edka. lacn\u00e9 v\u00fdskumn\u00e9 chemik\u00e1lie, ktor\u00e9 maj\u00fa najlep\u0161iu \u010distotu pre v\u00fdskum<\/p>\n<p>.<\/p>\n<\/p><\/div>\n","protected":false},"featured_media":5623,"comment_status":"open","ping_status":"closed","template":"","meta":[],"product_brand":[],"product_cat":[2014],"product_tag":[3282,3287,3288,3289,3285,3286,3291,3284,3290,3294,3293,3292,3297,3283,3281,3296,3295,3298],"class_list":{"0":"post-5614","1":"product","2":"type-product","3":"status-publish","4":"has-post-thumbnail","6":"product_cat-k-c3-bapi-c5-a5-v-c3-bdskumn-c3-a9-chemik-c3-a1lie","7":"product_tag-best-place-to-buy-bk-ethyl-k-crystals","8":"product_tag-bk-ethyl-k-crystals-effect","9":"product_tag-bk-ethyl-k-crystals-for-sale","10":"product_tag-bk-ethyl-k-crystals-kufen","11":"product_tag-bk-etyl-k-krytly-kpi","12":"product_tag-bk-ethyl-k-crystals-buy-europe","13":"product_tag-bk-etyl-k-crystals-reddit","14":"product_tag-bk-etyl-k-krytly","15":"product_tag-bk-etyl-k-krytly-poradie","16":"product_tag-buy-bk-ethyl-k-crystals-uk","17":"product_tag-buy-bk-ethyl-k-crystals-europe","18":"product_tag-kpi-bk-etyl-k-krytly","19":"product_tag-maloobchodn-bk-etyl-k-krytly","20":"product_tag-best-place-to-buy-mxe","21":"product_tag-best-bk-ethyl-k-crystals-vekoobchod","22":"product_tag-order-bk-ethyl-k-crystals-uk","23":"product_tag-dmt-objednvka","24":"product_tag-vekoobchod-bk-etyl-k-krytly","26":"first","27":"instock","28":"shipping-taxable","29":"purchasable","30":"product-type-variable","31":"has-default-attributes"},"yoast_head":"<!-- This site is optimized with the Yoast SEO plugin v27.3 - https:\/\/yoast.com\/product\/yoast-seo-wordpress\/ -->\n<title>K\u00fapte si kry\u0161t\u00e1ly bk-Ethyl-K \u2013 bk-Ethyl-K online \u2013 najlep\u0161ie glob\u00e1lne lieky<\/title>\n<meta name=\"description\" content=\"h\u013ead\u00e1me lacn\u00e9 kry\u0161t\u00e1ly bk-Ethyl-K na predaj vo Ve\u013ekej Brit\u00e1nii, Eur\u00f3pe v na\u0161om obchode Bestglobalmeds s r\u00fdchlou dopravou do cel\u00e9ho sveta! Najlep\u0161ie bk-Ethyl-K kry\u0161t\u00e1ly na objedn\u00e1vku n\u00e1jdete tu!\" \/>\n<meta name=\"robots\" content=\"index, follow, max-snippet:-1, max-image-preview:large, max-video-preview:-1\" \/>\n<link rel=\"canonical\" href=\"https:\/\/medicinasinc.com\/sk\/product\/kupit-bk-etyl-k-krystaly\/\" \/>\n<meta property=\"og:locale\" content=\"en_US\" \/>\n<meta property=\"og:type\" content=\"article\" \/>\n<meta property=\"og:title\" content=\"K\u00fapte si kry\u0161t\u00e1ly bk-Ethyl-K \u2013 bk-Ethyl-K online \u2013 najlep\u0161ie glob\u00e1lne lieky\" \/>\n<meta property=\"og:description\" content=\"h\u013ead\u00e1me lacn\u00e9 kry\u0161t\u00e1ly bk-Ethyl-K na predaj vo Ve\u013ekej Brit\u00e1nii, Eur\u00f3pe v na\u0161om obchode Bestglobalmeds s r\u00fdchlou dopravou do cel\u00e9ho sveta! Najlep\u0161ie bk-Ethyl-K kry\u0161t\u00e1ly na objedn\u00e1vku n\u00e1jdete tu!\" \/>\n<meta property=\"og:url\" content=\"https:\/\/medicinasinc.com\/sk\/product\/kupit-bk-etyl-k-krystaly\/\" \/>\n<meta property=\"og:site_name\" content=\"Medicinas Inc\" \/>\n<meta property=\"article:modified_time\" content=\"2022-03-22T00:54:26+00:00\" \/>\n<meta property=\"og:image\" content=\"https:\/\/medicinasinc.com\/sk\/wp-content\/uploads\/sites\/10\/2022\/02\/Buy-bk-Ethyl-K-Crystals.jpg\" \/>\n\t<meta property=\"og:image:width\" content=\"600\" \/>\n\t<meta property=\"og:image:height\" content=\"600\" \/>\n\t<meta property=\"og:image:type\" content=\"image\/jpeg\" \/>\n<meta name=\"twitter:card\" content=\"summary_large_image\" \/>\n<meta name=\"twitter:label1\" content=\"Est. reading time\" \/>\n\t<meta name=\"twitter:data1\" content=\"2 minutes\" \/>\n<script type=\"application\/ld+json\" class=\"yoast-schema-graph\">{\"@context\":\"https:\\\/\\\/schema.org\",\"@graph\":[{\"@type\":\"WebPage\",\"@id\":\"https:\\\/\\\/medicinasinc.com\\\/sk\\\/product\\\/kupit-bk-etyl-k-krystaly\\\/\",\"url\":\"https:\\\/\\\/medicinasinc.com\\\/sk\\\/product\\\/kupit-bk-etyl-k-krystaly\\\/\",\"name\":\"K\u00fapte si kry\u0161t\u00e1ly bk-Ethyl-K \u2013 bk-Ethyl-K online \u2013 najlep\u0161ie glob\u00e1lne lieky\",\"isPartOf\":{\"@id\":\"https:\\\/\\\/medicinasinc.com\\\/sk\\\/#website\"},\"primaryImageOfPage\":{\"@id\":\"https:\\\/\\\/medicinasinc.com\\\/sk\\\/product\\\/kupit-bk-etyl-k-krystaly\\\/#primaryimage\"},\"image\":{\"@id\":\"https:\\\/\\\/medicinasinc.com\\\/sk\\\/product\\\/kupit-bk-etyl-k-krystaly\\\/#primaryimage\"},\"thumbnailUrl\":\"https:\\\/\\\/medicinasinc.com\\\/sk\\\/wp-content\\\/uploads\\\/sites\\\/10\\\/2022\\\/02\\\/Buy-bk-Ethyl-K-Crystals.jpg\",\"datePublished\":\"2022-02-22T02:44:39+00:00\",\"dateModified\":\"2022-03-22T00:54:26+00:00\",\"description\":\"h\u013ead\u00e1me lacn\u00e9 kry\u0161t\u00e1ly bk-Ethyl-K na predaj vo Ve\u013ekej Brit\u00e1nii, Eur\u00f3pe v na\u0161om obchode Bestglobalmeds s r\u00fdchlou dopravou do cel\u00e9ho sveta! Najlep\u0161ie bk-Ethyl-K kry\u0161t\u00e1ly na objedn\u00e1vku n\u00e1jdete tu!\",\"breadcrumb\":{\"@id\":\"https:\\\/\\\/medicinasinc.com\\\/sk\\\/product\\\/kupit-bk-etyl-k-krystaly\\\/#breadcrumb\"},\"inLanguage\":\"en-US\",\"potentialAction\":[{\"@type\":\"ReadAction\",\"target\":[\"https:\\\/\\\/medicinasinc.com\\\/sk\\\/product\\\/kupit-bk-etyl-k-krystaly\\\/\"]}]},{\"@type\":\"ImageObject\",\"inLanguage\":\"en-US\",\"@id\":\"https:\\\/\\\/medicinasinc.com\\\/sk\\\/product\\\/kupit-bk-etyl-k-krystaly\\\/#primaryimage\",\"url\":\"https:\\\/\\\/medicinasinc.com\\\/sk\\\/wp-content\\\/uploads\\\/sites\\\/10\\\/2022\\\/02\\\/Buy-bk-Ethyl-K-Crystals.jpg\",\"contentUrl\":\"https:\\\/\\\/medicinasinc.com\\\/sk\\\/wp-content\\\/uploads\\\/sites\\\/10\\\/2022\\\/02\\\/Buy-bk-Ethyl-K-Crystals.jpg\",\"width\":600,\"height\":600},{\"@type\":\"BreadcrumbList\",\"@id\":\"https:\\\/\\\/medicinasinc.com\\\/sk\\\/product\\\/kupit-bk-etyl-k-krystaly\\\/#breadcrumb\",\"itemListElement\":[{\"@type\":\"ListItem\",\"position\":1,\"name\":\"Obchod\",\"item\":\"https:\\\/\\\/medicinasinc.com\\\/sk\\\/obchod\\\/\"},{\"@type\":\"ListItem\",\"position\":2,\"name\":\"K\u00fapte si kry\u0161t\u00e1ly bk-Ethyl-K\"}]},{\"@type\":\"WebSite\",\"@id\":\"https:\\\/\\\/medicinasinc.com\\\/sk\\\/#website\",\"url\":\"https:\\\/\\\/medicinasinc.com\\\/sk\\\/\",\"name\":\"Medicinas Inc\",\"description\":\"Health Medical Clinic\",\"potentialAction\":[{\"@type\":\"SearchAction\",\"target\":{\"@type\":\"EntryPoint\",\"urlTemplate\":\"https:\\\/\\\/medicinasinc.com\\\/sk\\\/?s={search_term_string}\"},\"query-input\":{\"@type\":\"PropertyValueSpecification\",\"valueRequired\":true,\"valueName\":\"search_term_string\"}}],\"inLanguage\":\"en-US\"}]}<\/script>\n<!-- \/ Yoast SEO plugin. -->","yoast_head_json":{"title":"K\u00fapte si kry\u0161t\u00e1ly bk-Ethyl-K \u2013 bk-Ethyl-K online \u2013 najlep\u0161ie glob\u00e1lne lieky","description":"h\u013ead\u00e1me lacn\u00e9 kry\u0161t\u00e1ly bk-Ethyl-K na predaj vo Ve\u013ekej Brit\u00e1nii, Eur\u00f3pe v na\u0161om obchode Bestglobalmeds s r\u00fdchlou dopravou do cel\u00e9ho sveta! Najlep\u0161ie bk-Ethyl-K kry\u0161t\u00e1ly na objedn\u00e1vku n\u00e1jdete tu!","robots":{"index":"index","follow":"follow","max-snippet":"max-snippet:-1","max-image-preview":"max-image-preview:large","max-video-preview":"max-video-preview:-1"},"canonical":"https:\/\/medicinasinc.com\/sk\/product\/kupit-bk-etyl-k-krystaly\/","og_locale":"en_US","og_type":"article","og_title":"K\u00fapte si kry\u0161t\u00e1ly bk-Ethyl-K \u2013 bk-Ethyl-K online \u2013 najlep\u0161ie glob\u00e1lne lieky","og_description":"h\u013ead\u00e1me lacn\u00e9 kry\u0161t\u00e1ly bk-Ethyl-K na predaj vo Ve\u013ekej Brit\u00e1nii, Eur\u00f3pe v na\u0161om obchode Bestglobalmeds s r\u00fdchlou dopravou do cel\u00e9ho sveta! Najlep\u0161ie bk-Ethyl-K kry\u0161t\u00e1ly na objedn\u00e1vku n\u00e1jdete tu!","og_url":"https:\/\/medicinasinc.com\/sk\/product\/kupit-bk-etyl-k-krystaly\/","og_site_name":"Medicinas Inc","article_modified_time":"2022-03-22T00:54:26+00:00","og_image":[{"width":600,"height":600,"url":"https:\/\/medicinasinc.com\/sk\/wp-content\/uploads\/sites\/10\/2022\/02\/Buy-bk-Ethyl-K-Crystals.jpg","type":"image\/jpeg"}],"twitter_card":"summary_large_image","twitter_misc":{"Est. reading time":"2 minutes"},"schema":{"@context":"https:\/\/schema.org","@graph":[{"@type":"WebPage","@id":"https:\/\/medicinasinc.com\/sk\/product\/kupit-bk-etyl-k-krystaly\/","url":"https:\/\/medicinasinc.com\/sk\/product\/kupit-bk-etyl-k-krystaly\/","name":"K\u00fapte si kry\u0161t\u00e1ly bk-Ethyl-K \u2013 bk-Ethyl-K online \u2013 najlep\u0161ie glob\u00e1lne lieky","isPartOf":{"@id":"https:\/\/medicinasinc.com\/sk\/#website"},"primaryImageOfPage":{"@id":"https:\/\/medicinasinc.com\/sk\/product\/kupit-bk-etyl-k-krystaly\/#primaryimage"},"image":{"@id":"https:\/\/medicinasinc.com\/sk\/product\/kupit-bk-etyl-k-krystaly\/#primaryimage"},"thumbnailUrl":"https:\/\/medicinasinc.com\/sk\/wp-content\/uploads\/sites\/10\/2022\/02\/Buy-bk-Ethyl-K-Crystals.jpg","datePublished":"2022-02-22T02:44:39+00:00","dateModified":"2022-03-22T00:54:26+00:00","description":"h\u013ead\u00e1me lacn\u00e9 kry\u0161t\u00e1ly bk-Ethyl-K na predaj vo Ve\u013ekej Brit\u00e1nii, Eur\u00f3pe v na\u0161om obchode Bestglobalmeds s r\u00fdchlou dopravou do cel\u00e9ho sveta! Najlep\u0161ie bk-Ethyl-K kry\u0161t\u00e1ly na objedn\u00e1vku n\u00e1jdete tu!","breadcrumb":{"@id":"https:\/\/medicinasinc.com\/sk\/product\/kupit-bk-etyl-k-krystaly\/#breadcrumb"},"inLanguage":"en-US","potentialAction":[{"@type":"ReadAction","target":["https:\/\/medicinasinc.com\/sk\/product\/kupit-bk-etyl-k-krystaly\/"]}]},{"@type":"ImageObject","inLanguage":"en-US","@id":"https:\/\/medicinasinc.com\/sk\/product\/kupit-bk-etyl-k-krystaly\/#primaryimage","url":"https:\/\/medicinasinc.com\/sk\/wp-content\/uploads\/sites\/10\/2022\/02\/Buy-bk-Ethyl-K-Crystals.jpg","contentUrl":"https:\/\/medicinasinc.com\/sk\/wp-content\/uploads\/sites\/10\/2022\/02\/Buy-bk-Ethyl-K-Crystals.jpg","width":600,"height":600},{"@type":"BreadcrumbList","@id":"https:\/\/medicinasinc.com\/sk\/product\/kupit-bk-etyl-k-krystaly\/#breadcrumb","itemListElement":[{"@type":"ListItem","position":1,"name":"Obchod","item":"https:\/\/medicinasinc.com\/sk\/obchod\/"},{"@type":"ListItem","position":2,"name":"K\u00fapte si kry\u0161t\u00e1ly bk-Ethyl-K"}]},{"@type":"WebSite","@id":"https:\/\/medicinasinc.com\/sk\/#website","url":"https:\/\/medicinasinc.com\/sk\/","name":"Medicinas Inc","description":"Health Medical Clinic","potentialAction":[{"@type":"SearchAction","target":{"@type":"EntryPoint","urlTemplate":"https:\/\/medicinasinc.com\/sk\/?s={search_term_string}"},"query-input":{"@type":"PropertyValueSpecification","valueRequired":true,"valueName":"search_term_string"}}],"inLanguage":"en-US"}]}},"_links":{"self":[{"href":"https:\/\/medicinasinc.com\/sk\/wp-json\/wp\/v2\/product\/5614","targetHints":{"allow":["GET"]}}],"collection":[{"href":"https:\/\/medicinasinc.com\/sk\/wp-json\/wp\/v2\/product"}],"about":[{"href":"https:\/\/medicinasinc.com\/sk\/wp-json\/wp\/v2\/types\/product"}],"replies":[{"embeddable":true,"href":"https:\/\/medicinasinc.com\/sk\/wp-json\/wp\/v2\/comments?post=5614"}],"wp:featuredmedia":[{"embeddable":true,"href":"https:\/\/medicinasinc.com\/sk\/wp-json\/wp\/v2\/media\/5623"}],"wp:attachment":[{"href":"https:\/\/medicinasinc.com\/sk\/wp-json\/wp\/v2\/media?parent=5614"}],"wp:term":[{"taxonomy":"product_brand","embeddable":true,"href":"https:\/\/medicinasinc.com\/sk\/wp-json\/wp\/v2\/product_brand?post=5614"},{"taxonomy":"product_cat","embeddable":true,"href":"https:\/\/medicinasinc.com\/sk\/wp-json\/wp\/v2\/product_cat?post=5614"},{"taxonomy":"product_tag","embeddable":true,"href":"https:\/\/medicinasinc.com\/sk\/wp-json\/wp\/v2\/product_tag?post=5614"}],"curies":[{"name":"wp","href":"https:\/\/api.w.org\/{rel}","templated":true}]}}